{"id":82484,"date":"2025-12-10T14:17:44","date_gmt":"2025-12-10T12:17:44","guid":{"rendered":"https:\/\/www.blacksmokeracing.com\/?post_type=product&#038;p=82484"},"modified":"2026-02-09T11:56:30","modified_gmt":"2026-02-09T09:56:30","slug":"om628-upgrade-hybrid-turbo-billet","status":"publish","type":"product","link":"https:\/\/www.blacksmokeracing.com\/sv\/product\/om628-upgrade-hybrid-turbo-billet\/","title":{"rendered":"OM628 V8 400 CDI Hybrid Turbo Billet Upgrade"},"content":{"rendered":"<p><\/p>\r\n<p>Observera att du m\u00e5ste skicka dina egna turbos till oss.<\/p>\r\n<p>N\u00e4r du skickar turbos till oss f\u00f6r uppgradering, v\u00e4nligen skicka dem till f\u00f6ljande adress:<br \/><strong>Black Smoke Oy Ltd<br \/><\/strong><strong>Linnusperantie 9<br \/><\/strong><strong>67600 KOKKOLA<br \/><\/strong><strong>FINLAND<br \/><\/strong>info@blacksmokeracing.com<br \/>+358 45 7833 5725 (telefonnummer, om det beh\u00f6vs)<\/p>\r\n<p><strong>Observera att fr\u00e5n l\u00e4nder utanf\u00f6r EU - Vi tar inte emot vanliga postpaket, ENDAST KURIRLEVERANSER, DHL, FEDEX, DPD etc.<\/strong><\/p>\r\n<p><\/p>\r\n<p><\/p>","protected":false},"excerpt":{"rendered":"<p><strong>ENKEL L\u00d6SNING!<\/strong><\/p>\n<p>Vi uppgraderar dina originalturboladdare f\u00f6r OM628 till en hybridversion. Dina egna turbos renoveras och byggs om med uppgraderade kompressor- och turbinhjul. Effekten kan uppg\u00e5 till cirka 450 hk (beroende p\u00e5 motorupps\u00e4ttning och mappning). Uppgraderingen baseras p\u00e5 \u00e4kta Garrett OEM-turboladdare.<\/p>\n<p>Delivery time is around 3 weeks.<\/p>\n<ul>\n<li>Enkel l\u00f6sning f\u00f6r mer kraft<\/li>\n<li>For OM628 V8 400 CDI<\/li>\n<li>Up to 450 hp<\/li>\n<li>Plug &amp; Play<\/li>\n<\/ul>","protected":false},"featured_media":82489,"comment_status":"open","ping_status":"closed","template":"","meta":{"inline_featured_image":false,"_kad_blocks_custom_css":"","_kad_blocks_head_custom_js":"","_kad_blocks_body_custom_js":"","_kad_blocks_footer_custom_js":"","_kad_post_transparent":"default","_kad_post_title":"","_kad_post_layout":"default","_kad_post_sidebar_id":"","_kad_post_content_style":"default","_kad_post_vertical_padding":"default","_kad_post_feature":"","_kad_post_feature_position":"","_kad_post_header":false,"_kad_post_footer":false,"_kad_post_classname":"","cybocfi_hide_featured_image":""},"product_cat":[8750,537,8744,531],"product_tag":[],"product_brands":[8872],"class_list":{"0":"post-82484","1":"product","2":"type-product","3":"status-publish","4":"has-post-thumbnail","6":"product_cat-mercedes-turbo-upgrade","7":"product_cat-all-turbochargers","8":"product_cat-turbochargers","9":"product_cat-mercedes-turbodiesel-race-parts","10":"pa_engine-om648","11":"product_brands-garrett","13":"first","14":"onbackorder","15":"taxable","16":"shipping-taxable","17":"purchasable","18":"product-type-simple","19":"entry","20":"content-bg","21":"loop-entry"},"yoast_head":"<!-- This site is optimized with the Yoast SEO Premium plugin v27.5 (Yoast SEO v27.5) - https:\/\/yoast.com\/product\/yoast-seo-premium-wordpress\/ -->\n<title>OM628 V8 400 CDI Hybrid Turbo Billet Upgrade - Black Smoke Ltd<\/title>\n<meta name=\"robots\" content=\"index, follow, max-snippet:-1, max-image-preview:large, max-video-preview:-1\" \/>\n<link rel=\"canonical\" href=\"https:\/\/www.blacksmokeracing.com\/sv\/product\/om628-upgrade-hybrid-turbo-billet\/\" \/>\n<meta property=\"og:locale\" content=\"sv_SE\" \/>\n<meta property=\"og:type\" content=\"article\" \/>\n<meta property=\"og:title\" content=\"OM628 V8 400 CDI Hybrid Turbo Billet Upgrade\" \/>\n<meta property=\"og:description\" content=\"EASY SOLUTION! We upgrade your original OM628 turbochargers to a hybrid specification. Your own turbos will be rebuilt with upgraded compressor and turbine wheels. Power potential is approximately 450 hp (depending on engine setup and tuning). The upgrade is based on genuine Garrett OEM turbochargers. Delivery time is around 3 weeks.  Easy solution for more power For OM628 V8 400 CDI Up to 450 hp Plug &amp; Play\" \/>\n<meta property=\"og:url\" content=\"https:\/\/www.blacksmokeracing.com\/sv\/product\/om628-upgrade-hybrid-turbo-billet\/\" \/>\n<meta property=\"og:site_name\" content=\"Black Smoke Ltd\" \/>\n<meta property=\"article:publisher\" content=\"https:\/\/www.facebook.com\/blacksmokeracing\" \/>\n<meta property=\"article:modified_time\" content=\"2026-02-09T09:56:30+00:00\" \/>\n<meta property=\"og:image\" content=\"https:\/\/www.blacksmokeracing.com\/wp-content\/uploads\/DSC03417-scaled.jpg\" \/>\n\t<meta property=\"og:image:width\" content=\"1710\" \/>\n\t<meta property=\"og:image:height\" content=\"2560\" \/>\n\t<meta property=\"og:image:type\" content=\"image\/jpeg\" \/>\n<meta name=\"twitter:card\" content=\"summary_large_image\" \/>\n<meta name=\"twitter:site\" content=\"@BlackSmokeMedia\" \/>\n<meta name=\"twitter:label1\" content=\"Ber\u00e4knad l\u00e4stid\" \/>\n\t<meta name=\"twitter:data1\" content=\"1 minut\" \/>\n<script type=\"application\/ld+json\" class=\"yoast-schema-graph\">{\"@context\":\"https:\\\/\\\/schema.org\",\"@graph\":[{\"@type\":[\"WebPage\",\"ItemPage\"],\"@id\":\"https:\\\/\\\/www.blacksmokeracing.com\\\/product\\\/om628-upgrade-hybrid-turbo-billet\\\/\",\"url\":\"https:\\\/\\\/www.blacksmokeracing.com\\\/product\\\/om628-upgrade-hybrid-turbo-billet\\\/\",\"name\":\"OM628 V8 400 CDI Hybrid Turbo Billet Upgrade - Black Smoke Ltd\",\"isPartOf\":{\"@id\":\"https:\\\/\\\/www.blacksmokeracing.com\\\/#website\"},\"primaryImageOfPage\":{\"@id\":\"https:\\\/\\\/www.blacksmokeracing.com\\\/product\\\/om628-upgrade-hybrid-turbo-billet\\\/#primaryimage\"},\"image\":{\"@id\":\"https:\\\/\\\/www.blacksmokeracing.com\\\/product\\\/om628-upgrade-hybrid-turbo-billet\\\/#primaryimage\"},\"thumbnailUrl\":\"https:\\\/\\\/www.blacksmokeracing.com\\\/wp-content\\\/uploads\\\/DSC03417-scaled.jpg\",\"datePublished\":\"2025-12-10T12:17:44+00:00\",\"dateModified\":\"2026-02-09T09:56:30+00:00\",\"breadcrumb\":{\"@id\":\"https:\\\/\\\/www.blacksmokeracing.com\\\/product\\\/om628-upgrade-hybrid-turbo-billet\\\/#breadcrumb\"},\"inLanguage\":\"sv-SE\",\"potentialAction\":[{\"@type\":\"ReadAction\",\"target\":[\"https:\\\/\\\/www.blacksmokeracing.com\\\/product\\\/om628-upgrade-hybrid-turbo-billet\\\/\"]}]},{\"@type\":\"ImageObject\",\"inLanguage\":\"sv-SE\",\"@id\":\"https:\\\/\\\/www.blacksmokeracing.com\\\/product\\\/om628-upgrade-hybrid-turbo-billet\\\/#primaryimage\",\"url\":\"https:\\\/\\\/www.blacksmokeracing.com\\\/wp-content\\\/uploads\\\/DSC03417-scaled.jpg\",\"contentUrl\":\"https:\\\/\\\/www.blacksmokeracing.com\\\/wp-content\\\/uploads\\\/DSC03417-scaled.jpg\",\"width\":1710,\"height\":2560},{\"@type\":\"BreadcrumbList\",\"@id\":\"https:\\\/\\\/www.blacksmokeracing.com\\\/product\\\/om628-upgrade-hybrid-turbo-billet\\\/#breadcrumb\",\"itemListElement\":[{\"@type\":\"ListItem\",\"position\":1,\"name\":\"Home\",\"item\":\"https:\\\/\\\/www.blacksmokeracing.com\\\/\"},{\"@type\":\"ListItem\",\"position\":2,\"name\":\"Shop\",\"item\":\"https:\\\/\\\/www.blacksmokeracing.com\\\/shop\\\/\"},{\"@type\":\"ListItem\",\"position\":3,\"name\":\"OM628 V8 400 CDI Hybrid Turbo Billet Upgrade\"}]},{\"@type\":\"WebSite\",\"@id\":\"https:\\\/\\\/www.blacksmokeracing.com\\\/#website\",\"url\":\"https:\\\/\\\/www.blacksmokeracing.com\\\/\",\"name\":\"Black Smoke Ltd\",\"description\":\"Not the most successful drifting team\",\"publisher\":{\"@id\":\"https:\\\/\\\/www.blacksmokeracing.com\\\/#organization\"},\"potentialAction\":[{\"@type\":\"SearchAction\",\"target\":{\"@type\":\"EntryPoint\",\"urlTemplate\":\"https:\\\/\\\/www.blacksmokeracing.com\\\/?s={search_term_string}\"},\"query-input\":{\"@type\":\"PropertyValueSpecification\",\"valueRequired\":true,\"valueName\":\"search_term_string\"}}],\"inLanguage\":\"sv-SE\"},{\"@type\":\"Organization\",\"@id\":\"https:\\\/\\\/www.blacksmokeracing.com\\\/#organization\",\"name\":\"Black Smoke Oy Ltd\",\"url\":\"https:\\\/\\\/www.blacksmokeracing.com\\\/\",\"logo\":{\"@type\":\"ImageObject\",\"inLanguage\":\"sv-SE\",\"@id\":\"https:\\\/\\\/www.blacksmokeracing.com\\\/#\\\/schema\\\/logo\\\/image\\\/\",\"url\":\"https:\\\/\\\/www.blacksmokeracing.com\\\/wp-content\\\/uploads\\\/2017\\\/11\\\/Black-Smoke-Logo.png\",\"contentUrl\":\"https:\\\/\\\/www.blacksmokeracing.com\\\/wp-content\\\/uploads\\\/2017\\\/11\\\/Black-Smoke-Logo.png\",\"width\":319,\"height\":97,\"caption\":\"Black Smoke Oy Ltd\"},\"image\":{\"@id\":\"https:\\\/\\\/www.blacksmokeracing.com\\\/#\\\/schema\\\/logo\\\/image\\\/\"},\"sameAs\":[\"https:\\\/\\\/www.facebook.com\\\/blacksmokeracing\",\"https:\\\/\\\/x.com\\\/BlackSmokeMedia\"]}]}<\/script>\n<!-- \/ Yoast SEO Premium plugin. -->","yoast_head_json":{"title":"OM628 V8 400 CDI Hybrid Turbo Billet Upgrade - Black Smoke Ltd","robots":{"index":"index","follow":"follow","max-snippet":"max-snippet:-1","max-image-preview":"max-image-preview:large","max-video-preview":"max-video-preview:-1"},"canonical":"https:\/\/www.blacksmokeracing.com\/sv\/product\/om628-upgrade-hybrid-turbo-billet\/","og_locale":"sv_SE","og_type":"article","og_title":"OM628 V8 400 CDI Hybrid Turbo Billet Upgrade","og_description":"EASY SOLUTION! We upgrade your original OM628 turbochargers to a hybrid specification. Your own turbos will be rebuilt with upgraded compressor and turbine wheels. Power potential is approximately 450 hp (depending on engine setup and tuning). The upgrade is based on genuine Garrett OEM turbochargers. Delivery time is around 3 weeks.  Easy solution for more power For OM628 V8 400 CDI Up to 450 hp Plug &amp; Play","og_url":"https:\/\/www.blacksmokeracing.com\/sv\/product\/om628-upgrade-hybrid-turbo-billet\/","og_site_name":"Black Smoke Ltd","article_publisher":"https:\/\/www.facebook.com\/blacksmokeracing","article_modified_time":"2026-02-09T09:56:30+00:00","og_image":[{"width":1710,"height":2560,"url":"https:\/\/www.blacksmokeracing.com\/wp-content\/uploads\/DSC03417-scaled.jpg","type":"image\/jpeg"}],"twitter_card":"summary_large_image","twitter_site":"@BlackSmokeMedia","twitter_misc":{"Ber\u00e4knad l\u00e4stid":"1 minut"},"schema":{"@context":"https:\/\/schema.org","@graph":[{"@type":["WebPage","ItemPage"],"@id":"https:\/\/www.blacksmokeracing.com\/product\/om628-upgrade-hybrid-turbo-billet\/","url":"https:\/\/www.blacksmokeracing.com\/product\/om628-upgrade-hybrid-turbo-billet\/","name":"OM628 V8 400 CDI Hybrid Turbo Billet Upgrade - Black Smoke Ltd","isPartOf":{"@id":"https:\/\/www.blacksmokeracing.com\/#website"},"primaryImageOfPage":{"@id":"https:\/\/www.blacksmokeracing.com\/product\/om628-upgrade-hybrid-turbo-billet\/#primaryimage"},"image":{"@id":"https:\/\/www.blacksmokeracing.com\/product\/om628-upgrade-hybrid-turbo-billet\/#primaryimage"},"thumbnailUrl":"https:\/\/www.blacksmokeracing.com\/wp-content\/uploads\/DSC03417-scaled.jpg","datePublished":"2025-12-10T12:17:44+00:00","dateModified":"2026-02-09T09:56:30+00:00","breadcrumb":{"@id":"https:\/\/www.blacksmokeracing.com\/product\/om628-upgrade-hybrid-turbo-billet\/#breadcrumb"},"inLanguage":"sv-SE","potentialAction":[{"@type":"ReadAction","target":["https:\/\/www.blacksmokeracing.com\/product\/om628-upgrade-hybrid-turbo-billet\/"]}]},{"@type":"ImageObject","inLanguage":"sv-SE","@id":"https:\/\/www.blacksmokeracing.com\/product\/om628-upgrade-hybrid-turbo-billet\/#primaryimage","url":"https:\/\/www.blacksmokeracing.com\/wp-content\/uploads\/DSC03417-scaled.jpg","contentUrl":"https:\/\/www.blacksmokeracing.com\/wp-content\/uploads\/DSC03417-scaled.jpg","width":1710,"height":2560},{"@type":"BreadcrumbList","@id":"https:\/\/www.blacksmokeracing.com\/product\/om628-upgrade-hybrid-turbo-billet\/#breadcrumb","itemListElement":[{"@type":"ListItem","position":1,"name":"Home","item":"https:\/\/www.blacksmokeracing.com\/"},{"@type":"ListItem","position":2,"name":"Shop","item":"https:\/\/www.blacksmokeracing.com\/shop\/"},{"@type":"ListItem","position":3,"name":"OM628 V8 400 CDI Hybrid Turbo Billet Upgrade"}]},{"@type":"WebSite","@id":"https:\/\/www.blacksmokeracing.com\/#website","url":"https:\/\/www.blacksmokeracing.com\/","name":"Black Smoke Ltd","description":"Inte det mest framg\u00e5ngsrika driftinglaget","publisher":{"@id":"https:\/\/www.blacksmokeracing.com\/#organization"},"potentialAction":[{"@type":"SearchAction","target":{"@type":"EntryPoint","urlTemplate":"https:\/\/www.blacksmokeracing.com\/?s={search_term_string}"},"query-input":{"@type":"PropertyValueSpecification","valueRequired":true,"valueName":"search_term_string"}}],"inLanguage":"sv-SE"},{"@type":"Organization","@id":"https:\/\/www.blacksmokeracing.com\/#organization","name":"Black Smoke Oy Ltd","url":"https:\/\/www.blacksmokeracing.com\/","logo":{"@type":"ImageObject","inLanguage":"sv-SE","@id":"https:\/\/www.blacksmokeracing.com\/#\/schema\/logo\/image\/","url":"https:\/\/www.blacksmokeracing.com\/wp-content\/uploads\/2017\/11\/Black-Smoke-Logo.png","contentUrl":"https:\/\/www.blacksmokeracing.com\/wp-content\/uploads\/2017\/11\/Black-Smoke-Logo.png","width":319,"height":97,"caption":"Black Smoke Oy Ltd"},"image":{"@id":"https:\/\/www.blacksmokeracing.com\/#\/schema\/logo\/image\/"},"sameAs":["https:\/\/www.facebook.com\/blacksmokeracing","https:\/\/x.com\/BlackSmokeMedia"]}]}},"taxonomy_info":{"product_cat":[{"value":8750,"label":"Mercedes Turbo Upgrade"},{"value":537,"label":"Turbochargers"},{"value":8744,"label":"Turbochargers"},{"value":531,"label":"Turbodiesel Race parts"}],"pa_engine":[{"value":8685,"label":"om648"}],"product_brands":[{"value":8872,"label":"Garrett"}]},"featured_image_src_large":["https:\/\/www.blacksmokeracing.com\/wp-content\/uploads\/DSC03417-1170x1752.jpg",1170,1752,true],"author_info":[],"comment_info":0,"_links":{"self":[{"href":"https:\/\/www.blacksmokeracing.com\/sv\/wp-json\/wp\/v2\/product\/82484","targetHints":{"allow":["GET"]}}],"collection":[{"href":"https:\/\/www.blacksmokeracing.com\/sv\/wp-json\/wp\/v2\/product"}],"about":[{"href":"https:\/\/www.blacksmokeracing.com\/sv\/wp-json\/wp\/v2\/types\/product"}],"replies":[{"embeddable":true,"href":"https:\/\/www.blacksmokeracing.com\/sv\/wp-json\/wp\/v2\/comments?post=82484"}],"wp:featuredmedia":[{"embeddable":true,"href":"https:\/\/www.blacksmokeracing.com\/sv\/wp-json\/wp\/v2\/media\/82489"}],"wp:attachment":[{"href":"https:\/\/www.blacksmokeracing.com\/sv\/wp-json\/wp\/v2\/media?parent=82484"}],"wp:term":[{"taxonomy":"product_cat","embeddable":true,"href":"https:\/\/www.blacksmokeracing.com\/sv\/wp-json\/wp\/v2\/product_cat?post=82484"},{"taxonomy":"product_tag","embeddable":true,"href":"https:\/\/www.blacksmokeracing.com\/sv\/wp-json\/wp\/v2\/product_tag?post=82484"},{"taxonomy":"product_brands","embeddable":true,"href":"https:\/\/www.blacksmokeracing.com\/sv\/wp-json\/wp\/v2\/product_brands?post=82484"}],"curies":[{"name":"wp","href":"https:\/\/api.w.org\/{rel}","templated":true}]}}