{"id":81390,"date":"2025-10-29T12:42:29","date_gmt":"2025-10-29T10:42:29","guid":{"rendered":"https:\/\/www.blacksmokeracing.com\/?post_type=product&#038;p=81390"},"modified":"2026-04-27T21:26:21","modified_gmt":"2026-04-27T18:26:21","slug":"black-smoke-drink-cooler","status":"publish","type":"product","link":"https:\/\/www.blacksmokeracing.com\/sv\/product\/black-smoke-drink-cooler\/","title":{"rendered":"Black Smoke Dryckeskylare"},"content":{"rendered":"","protected":false},"excerpt":{"rendered":"<p data-start=\"181\" data-end=\"657\">H\u00e5ll din dryck kall och din stil het med <strong data-start=\"257\" data-end=\"299\">Black Smoke Dryckeskylare<\/strong>. Den h\u00e4r kylaren \u00e4r inte bara till f\u00f6r att h\u00e5lla drickan sval - den \u00e4r en attityd.<br data-start=\"425\" data-end=\"428\" \/>Med den ikoniska Black Smoke-loggan och designen runtom, och en rolig text p\u00e5 botten som f\u00e5r dig att le.<\/p>\n<p data-start=\"181\" data-end=\"657\">Perfekt f\u00f6r garaget, grillfester eller varhelst Black Smoke-andan lever!<\/p>\n<ul>\n<li data-start=\"677\" data-end=\"722\">H\u00f6gkvalitativ neopren f\u00f6r b\u00e4sta grepp och kylning<\/li>\n<li data-start=\"725\" data-end=\"771\">Black Smoke-logga och bakgrundstryck<\/li>\n<li data-start=\"774\" data-end=\"830\">Rolig text p\u00e5 botten \u2013 v\u00e4nd och skratta!<\/li>\n<li data-start=\"833\" data-end=\"865\">Passar standardburkar och flaskor<\/li>\n<\/ul>\n<p data-start=\"867\" data-end=\"929\">F\u00f6r livet \u00e4r f\u00f6r kort f\u00f6r varma drycker och tr\u00e5kiga prylar.<\/p>","protected":false},"featured_media":81425,"comment_status":"open","ping_status":"closed","template":"","meta":{"inline_featured_image":false,"_kad_blocks_custom_css":"","_kad_blocks_head_custom_js":"","_kad_blocks_body_custom_js":"","_kad_blocks_footer_custom_js":"","_kad_post_transparent":"default","_kad_post_title":"","_kad_post_layout":"default","_kad_post_sidebar_id":"","_kad_post_content_style":"default","_kad_post_vertical_padding":"default","_kad_post_feature":"","_kad_post_feature_position":"","_kad_post_header":false,"_kad_post_footer":false,"_kad_post_classname":"","cybocfi_hide_featured_image":""},"product_cat":[541,8893,8895],"product_tag":[],"product_brands":[8871],"class_list":{"0":"post-81390","1":"product","2":"type-product","3":"status-publish","4":"has-post-thumbnail","6":"product_cat-merchandise","7":"product_cat-new-products","8":"product_cat-other-textiles","9":"product_brands-black-smoke","11":"first","12":"instock","13":"taxable","14":"shipping-taxable","15":"purchasable","16":"product-type-simple","17":"entry","18":"content-bg","19":"loop-entry"},"yoast_head":"<!-- This site is optimized with the Yoast SEO Premium plugin v27.5 (Yoast SEO v27.5) - https:\/\/yoast.com\/product\/yoast-seo-premium-wordpress\/ -->\n<title>Black Smoke Drink Cooler - Black Smoke Ltd<\/title>\n<meta name=\"robots\" content=\"index, follow, max-snippet:-1, max-image-preview:large, max-video-preview:-1\" \/>\n<link rel=\"canonical\" href=\"https:\/\/www.blacksmokeracing.com\/sv\/product\/black-smoke-drink-cooler\/\" \/>\n<meta property=\"og:locale\" content=\"sv_SE\" \/>\n<meta property=\"og:type\" content=\"article\" \/>\n<meta property=\"og:title\" content=\"Black Smoke Drink Cooler\" \/>\n<meta property=\"og:description\" content=\"Keep your drink as cool as your ride with the Black Smoke Drink Cooler. Wrapped in bold Black Smoke graphics and attitude, this cooler isn\u2019t just for keeping your beverage cold - it\u2019s a statement.Turn it over and you\u2019ll find a cheeky surprise message printed on the bottom, guaranteed to raise a smile. Perfect for garage hangs, BBQs, or anywhere you\u2019re spreading that signature Black Smoke spirit.    Premium neoprene for maximum chill and grip  Black Smoke logo and background print  Funny surprise text on the bottom \u2013 flip it and smile!  Fits standard cans and bottles  Because life\u2019s too short for warm drinks and boring gear.\" \/>\n<meta property=\"og:url\" content=\"https:\/\/www.blacksmokeracing.com\/sv\/product\/black-smoke-drink-cooler\/\" \/>\n<meta property=\"og:site_name\" content=\"Black Smoke Ltd\" \/>\n<meta property=\"article:publisher\" content=\"https:\/\/www.facebook.com\/blacksmokeracing\" \/>\n<meta property=\"article:modified_time\" content=\"2026-04-27T18:26:21+00:00\" \/>\n<meta property=\"og:image\" content=\"https:\/\/www.blacksmokeracing.com\/wp-content\/uploads\/dsc02709-scaled.jpeg\" \/>\n\t<meta property=\"og:image:width\" content=\"1710\" \/>\n\t<meta property=\"og:image:height\" content=\"2560\" \/>\n\t<meta property=\"og:image:type\" content=\"image\/jpeg\" \/>\n<meta name=\"twitter:card\" content=\"summary_large_image\" \/>\n<meta name=\"twitter:site\" content=\"@BlackSmokeMedia\" \/>\n<script type=\"application\/ld+json\" class=\"yoast-schema-graph\">{\"@context\":\"https:\\\/\\\/schema.org\",\"@graph\":[{\"@type\":[\"WebPage\",\"ItemPage\"],\"@id\":\"https:\\\/\\\/www.blacksmokeracing.com\\\/product\\\/black-smoke-drink-cooler\\\/\",\"url\":\"https:\\\/\\\/www.blacksmokeracing.com\\\/product\\\/black-smoke-drink-cooler\\\/\",\"name\":\"Black Smoke Drink Cooler - Black Smoke Ltd\",\"isPartOf\":{\"@id\":\"https:\\\/\\\/www.blacksmokeracing.com\\\/#website\"},\"primaryImageOfPage\":{\"@id\":\"https:\\\/\\\/www.blacksmokeracing.com\\\/product\\\/black-smoke-drink-cooler\\\/#primaryimage\"},\"image\":{\"@id\":\"https:\\\/\\\/www.blacksmokeracing.com\\\/product\\\/black-smoke-drink-cooler\\\/#primaryimage\"},\"thumbnailUrl\":\"https:\\\/\\\/www.blacksmokeracing.com\\\/wp-content\\\/uploads\\\/dsc02709-scaled.jpeg\",\"datePublished\":\"2025-10-29T10:42:29+00:00\",\"dateModified\":\"2026-04-27T18:26:21+00:00\",\"breadcrumb\":{\"@id\":\"https:\\\/\\\/www.blacksmokeracing.com\\\/product\\\/black-smoke-drink-cooler\\\/#breadcrumb\"},\"inLanguage\":\"sv-SE\",\"potentialAction\":[{\"@type\":\"ReadAction\",\"target\":[\"https:\\\/\\\/www.blacksmokeracing.com\\\/product\\\/black-smoke-drink-cooler\\\/\"]}]},{\"@type\":\"ImageObject\",\"inLanguage\":\"sv-SE\",\"@id\":\"https:\\\/\\\/www.blacksmokeracing.com\\\/product\\\/black-smoke-drink-cooler\\\/#primaryimage\",\"url\":\"https:\\\/\\\/www.blacksmokeracing.com\\\/wp-content\\\/uploads\\\/dsc02709-scaled.jpeg\",\"contentUrl\":\"https:\\\/\\\/www.blacksmokeracing.com\\\/wp-content\\\/uploads\\\/dsc02709-scaled.jpeg\",\"width\":1710,\"height\":2560},{\"@type\":\"BreadcrumbList\",\"@id\":\"https:\\\/\\\/www.blacksmokeracing.com\\\/product\\\/black-smoke-drink-cooler\\\/#breadcrumb\",\"itemListElement\":[{\"@type\":\"ListItem\",\"position\":1,\"name\":\"Home\",\"item\":\"https:\\\/\\\/www.blacksmokeracing.com\\\/\"},{\"@type\":\"ListItem\",\"position\":2,\"name\":\"Shop\",\"item\":\"https:\\\/\\\/www.blacksmokeracing.com\\\/shop\\\/\"},{\"@type\":\"ListItem\",\"position\":3,\"name\":\"Black Smoke Drink Cooler\"}]},{\"@type\":\"WebSite\",\"@id\":\"https:\\\/\\\/www.blacksmokeracing.com\\\/#website\",\"url\":\"https:\\\/\\\/www.blacksmokeracing.com\\\/\",\"name\":\"Black Smoke Ltd\",\"description\":\"Not the most successful drifting team\",\"publisher\":{\"@id\":\"https:\\\/\\\/www.blacksmokeracing.com\\\/#organization\"},\"potentialAction\":[{\"@type\":\"SearchAction\",\"target\":{\"@type\":\"EntryPoint\",\"urlTemplate\":\"https:\\\/\\\/www.blacksmokeracing.com\\\/?s={search_term_string}\"},\"query-input\":{\"@type\":\"PropertyValueSpecification\",\"valueRequired\":true,\"valueName\":\"search_term_string\"}}],\"inLanguage\":\"sv-SE\"},{\"@type\":\"Organization\",\"@id\":\"https:\\\/\\\/www.blacksmokeracing.com\\\/#organization\",\"name\":\"Black Smoke Oy Ltd\",\"url\":\"https:\\\/\\\/www.blacksmokeracing.com\\\/\",\"logo\":{\"@type\":\"ImageObject\",\"inLanguage\":\"sv-SE\",\"@id\":\"https:\\\/\\\/www.blacksmokeracing.com\\\/#\\\/schema\\\/logo\\\/image\\\/\",\"url\":\"https:\\\/\\\/www.blacksmokeracing.com\\\/wp-content\\\/uploads\\\/2017\\\/11\\\/Black-Smoke-Logo.png\",\"contentUrl\":\"https:\\\/\\\/www.blacksmokeracing.com\\\/wp-content\\\/uploads\\\/2017\\\/11\\\/Black-Smoke-Logo.png\",\"width\":319,\"height\":97,\"caption\":\"Black Smoke Oy Ltd\"},\"image\":{\"@id\":\"https:\\\/\\\/www.blacksmokeracing.com\\\/#\\\/schema\\\/logo\\\/image\\\/\"},\"sameAs\":[\"https:\\\/\\\/www.facebook.com\\\/blacksmokeracing\",\"https:\\\/\\\/x.com\\\/BlackSmokeMedia\"]}]}<\/script>\n<!-- \/ Yoast SEO Premium plugin. -->","yoast_head_json":{"title":"Black Smoke Dryckeskylare - Black Smoke Ltd","robots":{"index":"index","follow":"follow","max-snippet":"max-snippet:-1","max-image-preview":"max-image-preview:large","max-video-preview":"max-video-preview:-1"},"canonical":"https:\/\/www.blacksmokeracing.com\/sv\/product\/black-smoke-drink-cooler\/","og_locale":"sv_SE","og_type":"article","og_title":"Black Smoke Drink Cooler","og_description":"Keep your drink as cool as your ride with the Black Smoke Drink Cooler. Wrapped in bold Black Smoke graphics and attitude, this cooler isn\u2019t just for keeping your beverage cold - it\u2019s a statement.Turn it over and you\u2019ll find a cheeky surprise message printed on the bottom, guaranteed to raise a smile. Perfect for garage hangs, BBQs, or anywhere you\u2019re spreading that signature Black Smoke spirit.    Premium neoprene for maximum chill and grip  Black Smoke logo and background print  Funny surprise text on the bottom \u2013 flip it and smile!  Fits standard cans and bottles  Because life\u2019s too short for warm drinks and boring gear.","og_url":"https:\/\/www.blacksmokeracing.com\/sv\/product\/black-smoke-drink-cooler\/","og_site_name":"Black Smoke Ltd","article_publisher":"https:\/\/www.facebook.com\/blacksmokeracing","article_modified_time":"2026-04-27T18:26:21+00:00","og_image":[{"width":1710,"height":2560,"url":"https:\/\/www.blacksmokeracing.com\/wp-content\/uploads\/dsc02709-scaled.jpeg","type":"image\/jpeg"}],"twitter_card":"summary_large_image","twitter_site":"@BlackSmokeMedia","schema":{"@context":"https:\/\/schema.org","@graph":[{"@type":["WebPage","ItemPage"],"@id":"https:\/\/www.blacksmokeracing.com\/product\/black-smoke-drink-cooler\/","url":"https:\/\/www.blacksmokeracing.com\/product\/black-smoke-drink-cooler\/","name":"Black Smoke Dryckeskylare - Black Smoke Ltd","isPartOf":{"@id":"https:\/\/www.blacksmokeracing.com\/#website"},"primaryImageOfPage":{"@id":"https:\/\/www.blacksmokeracing.com\/product\/black-smoke-drink-cooler\/#primaryimage"},"image":{"@id":"https:\/\/www.blacksmokeracing.com\/product\/black-smoke-drink-cooler\/#primaryimage"},"thumbnailUrl":"https:\/\/www.blacksmokeracing.com\/wp-content\/uploads\/dsc02709-scaled.jpeg","datePublished":"2025-10-29T10:42:29+00:00","dateModified":"2026-04-27T18:26:21+00:00","breadcrumb":{"@id":"https:\/\/www.blacksmokeracing.com\/product\/black-smoke-drink-cooler\/#breadcrumb"},"inLanguage":"sv-SE","potentialAction":[{"@type":"ReadAction","target":["https:\/\/www.blacksmokeracing.com\/product\/black-smoke-drink-cooler\/"]}]},{"@type":"ImageObject","inLanguage":"sv-SE","@id":"https:\/\/www.blacksmokeracing.com\/product\/black-smoke-drink-cooler\/#primaryimage","url":"https:\/\/www.blacksmokeracing.com\/wp-content\/uploads\/dsc02709-scaled.jpeg","contentUrl":"https:\/\/www.blacksmokeracing.com\/wp-content\/uploads\/dsc02709-scaled.jpeg","width":1710,"height":2560},{"@type":"BreadcrumbList","@id":"https:\/\/www.blacksmokeracing.com\/product\/black-smoke-drink-cooler\/#breadcrumb","itemListElement":[{"@type":"ListItem","position":1,"name":"Home","item":"https:\/\/www.blacksmokeracing.com\/"},{"@type":"ListItem","position":2,"name":"Shop","item":"https:\/\/www.blacksmokeracing.com\/shop\/"},{"@type":"ListItem","position":3,"name":"Black Smoke Drink Cooler"}]},{"@type":"WebSite","@id":"https:\/\/www.blacksmokeracing.com\/#website","url":"https:\/\/www.blacksmokeracing.com\/","name":"Black Smoke Ltd","description":"Inte det mest framg\u00e5ngsrika driftinglaget","publisher":{"@id":"https:\/\/www.blacksmokeracing.com\/#organization"},"potentialAction":[{"@type":"SearchAction","target":{"@type":"EntryPoint","urlTemplate":"https:\/\/www.blacksmokeracing.com\/?s={search_term_string}"},"query-input":{"@type":"PropertyValueSpecification","valueRequired":true,"valueName":"search_term_string"}}],"inLanguage":"sv-SE"},{"@type":"Organization","@id":"https:\/\/www.blacksmokeracing.com\/#organization","name":"Black Smoke Oy Ltd","url":"https:\/\/www.blacksmokeracing.com\/","logo":{"@type":"ImageObject","inLanguage":"sv-SE","@id":"https:\/\/www.blacksmokeracing.com\/#\/schema\/logo\/image\/","url":"https:\/\/www.blacksmokeracing.com\/wp-content\/uploads\/2017\/11\/Black-Smoke-Logo.png","contentUrl":"https:\/\/www.blacksmokeracing.com\/wp-content\/uploads\/2017\/11\/Black-Smoke-Logo.png","width":319,"height":97,"caption":"Black Smoke Oy Ltd"},"image":{"@id":"https:\/\/www.blacksmokeracing.com\/#\/schema\/logo\/image\/"},"sameAs":["https:\/\/www.facebook.com\/blacksmokeracing","https:\/\/x.com\/BlackSmokeMedia"]}]}},"taxonomy_info":{"product_cat":[{"value":541,"label":"Merchandise"},{"value":8893,"label":"New Products"},{"value":8895,"label":"Other stuff"}],"product_brands":[{"value":8871,"label":"Black Smoke"}]},"featured_image_src_large":["https:\/\/www.blacksmokeracing.com\/wp-content\/uploads\/dsc02709-1170x1751.jpeg",1170,1751,true],"author_info":[],"comment_info":1,"_links":{"self":[{"href":"https:\/\/www.blacksmokeracing.com\/sv\/wp-json\/wp\/v2\/product\/81390","targetHints":{"allow":["GET"]}}],"collection":[{"href":"https:\/\/www.blacksmokeracing.com\/sv\/wp-json\/wp\/v2\/product"}],"about":[{"href":"https:\/\/www.blacksmokeracing.com\/sv\/wp-json\/wp\/v2\/types\/product"}],"replies":[{"embeddable":true,"href":"https:\/\/www.blacksmokeracing.com\/sv\/wp-json\/wp\/v2\/comments?post=81390"}],"wp:featuredmedia":[{"embeddable":true,"href":"https:\/\/www.blacksmokeracing.com\/sv\/wp-json\/wp\/v2\/media\/81425"}],"wp:attachment":[{"href":"https:\/\/www.blacksmokeracing.com\/sv\/wp-json\/wp\/v2\/media?parent=81390"}],"wp:term":[{"taxonomy":"product_cat","embeddable":true,"href":"https:\/\/www.blacksmokeracing.com\/sv\/wp-json\/wp\/v2\/product_cat?post=81390"},{"taxonomy":"product_tag","embeddable":true,"href":"https:\/\/www.blacksmokeracing.com\/sv\/wp-json\/wp\/v2\/product_tag?post=81390"},{"taxonomy":"product_brands","embeddable":true,"href":"https:\/\/www.blacksmokeracing.com\/sv\/wp-json\/wp\/v2\/product_brands?post=81390"}],"curies":[{"name":"wp","href":"https:\/\/api.w.org\/{rel}","templated":true}]}}