{"id":80533,"date":"2025-08-29T10:54:57","date_gmt":"2025-08-29T07:54:57","guid":{"rendered":"https:\/\/www.blacksmokeracing.com\/?post_type=product&#038;p=80533"},"modified":"2026-04-08T16:16:28","modified_gmt":"2026-04-08T13:16:28","slug":"mercedes-om648-diesel-injector","status":"publish","type":"product","link":"https:\/\/www.blacksmokeracing.com\/sv\/product\/mercedes-om648-diesel-injector\/","title":{"rendered":"Mercedes OM648 diesel injector"},"content":{"rendered":"","protected":false},"excerpt":{"rendered":"<div class=\"\" data-block=\"true\" data-editor=\"4hnh2\" data-offset-key=\"eii0n-0-0\">\n<div data-offset-key=\"eii0n-0-0\">\n<p>Mercedes-Benz 648 new diesel injector. Product is a brand new stock diesel injector that has been tested. We provide a functionality warranty for the injectors. It is recommended to replace all injectors at once.<\/p>\n<p><strong>Kontrollera kompatibilitet med OE \/ OEM-nummer!<\/strong><\/p>\n<p><strong>OE \/ OEM<\/strong>:<\/p>\n<table dir=\"ltr\" border=\"1\" cellspacing=\"0\" cellpadding=\"0\" data-sheets-root=\"1\" data-sheets-baot=\"1\">\n<colgroup>\n<col width=\"100\" \/>\n<col width=\"100\" \/><\/colgroup>\n<tbody>\n<tr>\n<td>Bosch<\/td>\n<td>Mercedes<\/td>\n<\/tr>\n<tr>\n<td>0445110177<\/td>\n<td>A6480700287<\/td>\n<\/tr>\n<tr>\n<td>0445110176<\/td>\n<td>A6480700487<\/td>\n<\/tr>\n<tr>\n<td><\/td>\n<td><\/td>\n<\/tr>\n<tr>\n<td>0445110156<\/td>\n<td>A6480700187<\/td>\n<\/tr>\n<tr>\n<td>0445110155<\/td>\n<td>A6480700087<\/td>\n<\/tr>\n<tr>\n<td>0445110140<\/td>\n<td>A6460700287<\/td>\n<\/tr>\n<tr>\n<td>0445110139<\/td>\n<td>A6460700287<\/td>\n<\/tr>\n<tr>\n<td>0445110138<\/td>\n<td>A6460700187<\/td>\n<\/tr>\n<tr>\n<td>0445110137<\/td>\n<td>A6460700187<\/td>\n<\/tr>\n<tr>\n<td>0445110163<\/td>\n<td>A6470700187<\/td>\n<\/tr>\n<tr>\n<td>0445110055<\/td>\n<td>A6110701187<\/td>\n<\/tr>\n<\/tbody>\n<\/table>\n<p>&nbsp;<\/p>\n<p>Fits: E class, C class, S class cars. Please note that injectors with number (0445110238, A6460700787) cannot be replaced with this product.<\/p>\n<p><!-- \/wp:paragraph --><\/p>\n<p><!-- wp:paragraph --><\/p>\n<\/div>\n<\/div>\n<ul>\n<li>Stock injector<\/li>\n<li>Every injector is individually tested<\/li>\n<li>Fits Bosch in om648 engine<\/li>\n<li>S, C and E class<\/li>\n<\/ul>\n<p>If the injectors are on <strong>restorder<\/strong>, \u00e4r leveranstiden <strong>2-3 veckor<\/strong>.<\/p>\n<p>Om du ska skicka en f\u00f6rs\u00e4ndelse till oss hittar du fraktinstruktioner h\u00e4r:<br \/>\n<a href=\"https:\/\/www.blacksmokeracing.com\/sv\/shipping\/\" target=\"_blank\" rel=\"noopener\">https:\/\/www.blacksmokeracing.com\/shipping\/<\/a><\/p>\n<p>Vi betalar en deposition p\u00e5 20 \u20ac per returnerad gammal injektor (inklusive skatt). Depositionen \u00e5terbetalas n\u00e4r vi har inspekterat skicket p\u00e5 de returnerade injektorerna. Skicka inte in gamla injektorer som inte g\u00e5r att reparera.<\/p>\n<p><!-- wp:paragraph --><\/p>","protected":false},"featured_media":80625,"comment_status":"open","ping_status":"closed","template":"","meta":{"inline_featured_image":false,"_kad_blocks_custom_css":"","_kad_blocks_head_custom_js":"","_kad_blocks_body_custom_js":"","_kad_blocks_footer_custom_js":"","_kad_post_transparent":"default","_kad_post_title":"","_kad_post_layout":"default","_kad_post_sidebar_id":"","_kad_post_content_style":"default","_kad_post_vertical_padding":"default","_kad_post_feature":"","_kad_post_feature_position":"","_kad_post_header":false,"_kad_post_footer":false,"_kad_post_classname":"","cybocfi_hide_featured_image":""},"product_cat":[586,8883],"product_tag":[],"product_brands":[8870],"class_list":{"0":"post-80533","1":"product","2":"type-product","3":"status-publish","4":"has-post-thumbnail","6":"product_cat-fuel-system","7":"product_cat-injectors","8":"pa_engine-om648","9":"product_brands-black-smoke-performance","11":"first","12":"instock","13":"taxable","14":"shipping-taxable","15":"purchasable","16":"product-type-woosb","17":"entry","18":"content-bg","19":"loop-entry"},"yoast_head":"<!-- This site is optimized with the Yoast SEO Premium plugin v27.4 (Yoast SEO v27.4) - https:\/\/yoast.com\/product\/yoast-seo-premium-wordpress\/ -->\n<title>Mercedes OM648 diesel injector - Black Smoke Ltd<\/title>\n<meta name=\"robots\" content=\"index, follow, max-snippet:-1, max-image-preview:large, max-video-preview:-1\" \/>\n<link rel=\"canonical\" href=\"https:\/\/www.blacksmokeracing.com\/sv\/product\/mercedes-om648-diesel-injector\/\" \/>\n<meta property=\"og:locale\" content=\"sv_SE\" \/>\n<meta property=\"og:type\" content=\"article\" \/>\n<meta property=\"og:title\" content=\"Mercedes OM648 diesel injector\" \/>\n<meta property=\"og:description\" content=\"Mercedes-Benz 648 new diesel injector. Product is a brand new stock diesel injector that has been tested. We provide a functionality warranty for the injectors. It is recommended to replace all injectors at once.  Check compatibility with OE \/ OEM number!  OE \/ OEM:     Bosch Mercedes   0445110177 A6480700287   0445110176 A6480700487       0445110156 A6480700187   0445110155 A6480700087   0445110140 A6460700287   0445110139 A6460700287   0445110138 A6460700187   0445110137 A6460700187   0445110163 A6470700187   0445110055 A6110701187    &nbsp;  Fits: E class, C class, S class cars. Please note that injectors with number (0445110238, A6460700787) cannot be replaced with this product.          Stock injector  Every injector is individually tested  Fits Bosch in om648 engine  S, C and E class  If the injectors are on backorder, the delivery time is approximately 2\u20133 weeks.  If you are sending us a shipment, shipping instructions can be found here: https:\/\/www.blacksmokeracing.com\/shipping\/  We refund a deposit of 20\u20ac per returned old injector (including tax). The deposit will be refunded once we have inspected the condition of the returned injectors. Do not send us old injectors that are beyond repair.\" \/>\n<meta property=\"og:url\" content=\"https:\/\/www.blacksmokeracing.com\/sv\/product\/mercedes-om648-diesel-injector\/\" \/>\n<meta property=\"og:site_name\" content=\"Black Smoke Ltd\" \/>\n<meta property=\"article:publisher\" content=\"https:\/\/www.facebook.com\/blacksmokeracing\" \/>\n<meta property=\"article:modified_time\" content=\"2026-04-08T13:16:28+00:00\" \/>\n<meta property=\"og:image\" content=\"https:\/\/www.blacksmokeracing.com\/wp-content\/uploads\/DSC01627-scaled.jpg\" \/>\n\t<meta property=\"og:image:width\" content=\"1710\" \/>\n\t<meta property=\"og:image:height\" content=\"2560\" \/>\n\t<meta property=\"og:image:type\" content=\"image\/jpeg\" \/>\n<meta name=\"twitter:card\" content=\"summary_large_image\" \/>\n<meta name=\"twitter:site\" content=\"@BlackSmokeMedia\" \/>\n<meta name=\"twitter:label1\" content=\"Ber\u00e4knad l\u00e4stid\" \/>\n\t<meta name=\"twitter:data1\" content=\"1 minut\" \/>\n<script type=\"application\/ld+json\" class=\"yoast-schema-graph\">{\"@context\":\"https:\\\/\\\/schema.org\",\"@graph\":[{\"@type\":[\"WebPage\",\"ItemPage\"],\"@id\":\"https:\\\/\\\/www.blacksmokeracing.com\\\/product\\\/mercedes-om648-diesel-injector\\\/\",\"url\":\"https:\\\/\\\/www.blacksmokeracing.com\\\/product\\\/mercedes-om648-diesel-injector\\\/\",\"name\":\"Mercedes OM648 diesel injector - Black Smoke Ltd\",\"isPartOf\":{\"@id\":\"https:\\\/\\\/www.blacksmokeracing.com\\\/#website\"},\"primaryImageOfPage\":{\"@id\":\"https:\\\/\\\/www.blacksmokeracing.com\\\/product\\\/mercedes-om648-diesel-injector\\\/#primaryimage\"},\"image\":{\"@id\":\"https:\\\/\\\/www.blacksmokeracing.com\\\/product\\\/mercedes-om648-diesel-injector\\\/#primaryimage\"},\"thumbnailUrl\":\"https:\\\/\\\/www.blacksmokeracing.com\\\/wp-content\\\/uploads\\\/DSC01627-scaled.jpg\",\"datePublished\":\"2025-08-29T07:54:57+00:00\",\"dateModified\":\"2026-04-08T13:16:28+00:00\",\"breadcrumb\":{\"@id\":\"https:\\\/\\\/www.blacksmokeracing.com\\\/product\\\/mercedes-om648-diesel-injector\\\/#breadcrumb\"},\"inLanguage\":\"sv-SE\",\"potentialAction\":[{\"@type\":\"ReadAction\",\"target\":[\"https:\\\/\\\/www.blacksmokeracing.com\\\/product\\\/mercedes-om648-diesel-injector\\\/\"]}]},{\"@type\":\"ImageObject\",\"inLanguage\":\"sv-SE\",\"@id\":\"https:\\\/\\\/www.blacksmokeracing.com\\\/product\\\/mercedes-om648-diesel-injector\\\/#primaryimage\",\"url\":\"https:\\\/\\\/www.blacksmokeracing.com\\\/wp-content\\\/uploads\\\/DSC01627-scaled.jpg\",\"contentUrl\":\"https:\\\/\\\/www.blacksmokeracing.com\\\/wp-content\\\/uploads\\\/DSC01627-scaled.jpg\",\"width\":1710,\"height\":2560},{\"@type\":\"BreadcrumbList\",\"@id\":\"https:\\\/\\\/www.blacksmokeracing.com\\\/product\\\/mercedes-om648-diesel-injector\\\/#breadcrumb\",\"itemListElement\":[{\"@type\":\"ListItem\",\"position\":1,\"name\":\"Home\",\"item\":\"https:\\\/\\\/www.blacksmokeracing.com\\\/\"},{\"@type\":\"ListItem\",\"position\":2,\"name\":\"Shop\",\"item\":\"https:\\\/\\\/www.blacksmokeracing.com\\\/shop\\\/\"},{\"@type\":\"ListItem\",\"position\":3,\"name\":\"Mercedes OM648 diesel injector\"}]},{\"@type\":\"WebSite\",\"@id\":\"https:\\\/\\\/www.blacksmokeracing.com\\\/#website\",\"url\":\"https:\\\/\\\/www.blacksmokeracing.com\\\/\",\"name\":\"Black Smoke Ltd\",\"description\":\"Not the most successful drifting team\",\"publisher\":{\"@id\":\"https:\\\/\\\/www.blacksmokeracing.com\\\/#organization\"},\"potentialAction\":[{\"@type\":\"SearchAction\",\"target\":{\"@type\":\"EntryPoint\",\"urlTemplate\":\"https:\\\/\\\/www.blacksmokeracing.com\\\/?s={search_term_string}\"},\"query-input\":{\"@type\":\"PropertyValueSpecification\",\"valueRequired\":true,\"valueName\":\"search_term_string\"}}],\"inLanguage\":\"sv-SE\"},{\"@type\":\"Organization\",\"@id\":\"https:\\\/\\\/www.blacksmokeracing.com\\\/#organization\",\"name\":\"Black Smoke Oy Ltd\",\"url\":\"https:\\\/\\\/www.blacksmokeracing.com\\\/\",\"logo\":{\"@type\":\"ImageObject\",\"inLanguage\":\"sv-SE\",\"@id\":\"https:\\\/\\\/www.blacksmokeracing.com\\\/#\\\/schema\\\/logo\\\/image\\\/\",\"url\":\"https:\\\/\\\/www.blacksmokeracing.com\\\/wp-content\\\/uploads\\\/2017\\\/11\\\/Black-Smoke-Logo.png\",\"contentUrl\":\"https:\\\/\\\/www.blacksmokeracing.com\\\/wp-content\\\/uploads\\\/2017\\\/11\\\/Black-Smoke-Logo.png\",\"width\":319,\"height\":97,\"caption\":\"Black Smoke Oy Ltd\"},\"image\":{\"@id\":\"https:\\\/\\\/www.blacksmokeracing.com\\\/#\\\/schema\\\/logo\\\/image\\\/\"},\"sameAs\":[\"https:\\\/\\\/www.facebook.com\\\/blacksmokeracing\",\"https:\\\/\\\/x.com\\\/BlackSmokeMedia\"]}]}<\/script>\n<!-- \/ Yoast SEO Premium plugin. -->","yoast_head_json":{"title":"Mercedes OM648 diesel injector - Black Smoke Ltd","robots":{"index":"index","follow":"follow","max-snippet":"max-snippet:-1","max-image-preview":"max-image-preview:large","max-video-preview":"max-video-preview:-1"},"canonical":"https:\/\/www.blacksmokeracing.com\/sv\/product\/mercedes-om648-diesel-injector\/","og_locale":"sv_SE","og_type":"article","og_title":"Mercedes OM648 diesel injector","og_description":"Mercedes-Benz 648 new diesel injector. Product is a brand new stock diesel injector that has been tested. We provide a functionality warranty for the injectors. It is recommended to replace all injectors at once.  Check compatibility with OE \/ OEM number!  OE \/ OEM:     Bosch Mercedes   0445110177 A6480700287   0445110176 A6480700487       0445110156 A6480700187   0445110155 A6480700087   0445110140 A6460700287   0445110139 A6460700287   0445110138 A6460700187   0445110137 A6460700187   0445110163 A6470700187   0445110055 A6110701187    &nbsp;  Fits: E class, C class, S class cars. Please note that injectors with number (0445110238, A6460700787) cannot be replaced with this product.          Stock injector  Every injector is individually tested  Fits Bosch in om648 engine  S, C and E class  If the injectors are on backorder, the delivery time is approximately 2\u20133 weeks.  If you are sending us a shipment, shipping instructions can be found here: https:\/\/www.blacksmokeracing.com\/shipping\/  We refund a deposit of 20\u20ac per returned old injector (including tax). The deposit will be refunded once we have inspected the condition of the returned injectors. Do not send us old injectors that are beyond repair.","og_url":"https:\/\/www.blacksmokeracing.com\/sv\/product\/mercedes-om648-diesel-injector\/","og_site_name":"Black Smoke Ltd","article_publisher":"https:\/\/www.facebook.com\/blacksmokeracing","article_modified_time":"2026-04-08T13:16:28+00:00","og_image":[{"width":1710,"height":2560,"url":"https:\/\/www.blacksmokeracing.com\/wp-content\/uploads\/DSC01627-scaled.jpg","type":"image\/jpeg"}],"twitter_card":"summary_large_image","twitter_site":"@BlackSmokeMedia","twitter_misc":{"Ber\u00e4knad l\u00e4stid":"1 minut"},"schema":{"@context":"https:\/\/schema.org","@graph":[{"@type":["WebPage","ItemPage"],"@id":"https:\/\/www.blacksmokeracing.com\/product\/mercedes-om648-diesel-injector\/","url":"https:\/\/www.blacksmokeracing.com\/product\/mercedes-om648-diesel-injector\/","name":"Mercedes OM648 diesel injector - Black Smoke Ltd","isPartOf":{"@id":"https:\/\/www.blacksmokeracing.com\/#website"},"primaryImageOfPage":{"@id":"https:\/\/www.blacksmokeracing.com\/product\/mercedes-om648-diesel-injector\/#primaryimage"},"image":{"@id":"https:\/\/www.blacksmokeracing.com\/product\/mercedes-om648-diesel-injector\/#primaryimage"},"thumbnailUrl":"https:\/\/www.blacksmokeracing.com\/wp-content\/uploads\/DSC01627-scaled.jpg","datePublished":"2025-08-29T07:54:57+00:00","dateModified":"2026-04-08T13:16:28+00:00","breadcrumb":{"@id":"https:\/\/www.blacksmokeracing.com\/product\/mercedes-om648-diesel-injector\/#breadcrumb"},"inLanguage":"sv-SE","potentialAction":[{"@type":"ReadAction","target":["https:\/\/www.blacksmokeracing.com\/product\/mercedes-om648-diesel-injector\/"]}]},{"@type":"ImageObject","inLanguage":"sv-SE","@id":"https:\/\/www.blacksmokeracing.com\/product\/mercedes-om648-diesel-injector\/#primaryimage","url":"https:\/\/www.blacksmokeracing.com\/wp-content\/uploads\/DSC01627-scaled.jpg","contentUrl":"https:\/\/www.blacksmokeracing.com\/wp-content\/uploads\/DSC01627-scaled.jpg","width":1710,"height":2560},{"@type":"BreadcrumbList","@id":"https:\/\/www.blacksmokeracing.com\/product\/mercedes-om648-diesel-injector\/#breadcrumb","itemListElement":[{"@type":"ListItem","position":1,"name":"Home","item":"https:\/\/www.blacksmokeracing.com\/"},{"@type":"ListItem","position":2,"name":"Shop","item":"https:\/\/www.blacksmokeracing.com\/shop\/"},{"@type":"ListItem","position":3,"name":"Mercedes OM648 diesel injector"}]},{"@type":"WebSite","@id":"https:\/\/www.blacksmokeracing.com\/#website","url":"https:\/\/www.blacksmokeracing.com\/","name":"Black Smoke Ltd","description":"Inte det mest framg\u00e5ngsrika driftinglaget","publisher":{"@id":"https:\/\/www.blacksmokeracing.com\/#organization"},"potentialAction":[{"@type":"SearchAction","target":{"@type":"EntryPoint","urlTemplate":"https:\/\/www.blacksmokeracing.com\/?s={search_term_string}"},"query-input":{"@type":"PropertyValueSpecification","valueRequired":true,"valueName":"search_term_string"}}],"inLanguage":"sv-SE"},{"@type":"Organization","@id":"https:\/\/www.blacksmokeracing.com\/#organization","name":"Black Smoke Oy Ltd","url":"https:\/\/www.blacksmokeracing.com\/","logo":{"@type":"ImageObject","inLanguage":"sv-SE","@id":"https:\/\/www.blacksmokeracing.com\/#\/schema\/logo\/image\/","url":"https:\/\/www.blacksmokeracing.com\/wp-content\/uploads\/2017\/11\/Black-Smoke-Logo.png","contentUrl":"https:\/\/www.blacksmokeracing.com\/wp-content\/uploads\/2017\/11\/Black-Smoke-Logo.png","width":319,"height":97,"caption":"Black Smoke Oy Ltd"},"image":{"@id":"https:\/\/www.blacksmokeracing.com\/#\/schema\/logo\/image\/"},"sameAs":["https:\/\/www.facebook.com\/blacksmokeracing","https:\/\/x.com\/BlackSmokeMedia"]}]}},"taxonomy_info":{"product_cat":[{"value":586,"label":"Fuel system"},{"value":8883,"label":"Injectors"}],"pa_engine":[{"value":8685,"label":"om648"}],"product_brands":[{"value":8870,"label":"Black Smoke Performance"}]},"featured_image_src_large":["https:\/\/www.blacksmokeracing.com\/wp-content\/uploads\/DSC01627-1170x1752.jpg",1170,1752,true],"author_info":[],"comment_info":0,"_links":{"self":[{"href":"https:\/\/www.blacksmokeracing.com\/sv\/wp-json\/wp\/v2\/product\/80533","targetHints":{"allow":["GET"]}}],"collection":[{"href":"https:\/\/www.blacksmokeracing.com\/sv\/wp-json\/wp\/v2\/product"}],"about":[{"href":"https:\/\/www.blacksmokeracing.com\/sv\/wp-json\/wp\/v2\/types\/product"}],"replies":[{"embeddable":true,"href":"https:\/\/www.blacksmokeracing.com\/sv\/wp-json\/wp\/v2\/comments?post=80533"}],"wp:featuredmedia":[{"embeddable":true,"href":"https:\/\/www.blacksmokeracing.com\/sv\/wp-json\/wp\/v2\/media\/80625"}],"wp:attachment":[{"href":"https:\/\/www.blacksmokeracing.com\/sv\/wp-json\/wp\/v2\/media?parent=80533"}],"wp:term":[{"taxonomy":"product_cat","embeddable":true,"href":"https:\/\/www.blacksmokeracing.com\/sv\/wp-json\/wp\/v2\/product_cat?post=80533"},{"taxonomy":"product_tag","embeddable":true,"href":"https:\/\/www.blacksmokeracing.com\/sv\/wp-json\/wp\/v2\/product_tag?post=80533"},{"taxonomy":"product_brands","embeddable":true,"href":"https:\/\/www.blacksmokeracing.com\/sv\/wp-json\/wp\/v2\/product_brands?post=80533"}],"curies":[{"name":"wp","href":"https:\/\/api.w.org\/{rel}","templated":true}]}}