{"id":77223,"date":"2025-03-03T13:12:40","date_gmt":"2025-03-03T11:12:40","guid":{"rendered":"https:\/\/www.blacksmokeracing.com\/?post_type=product&#038;p=77223"},"modified":"2026-05-05T11:02:25","modified_gmt":"2026-05-05T08:02:25","slug":"m57-updated-hybrid-turbo-billet","status":"publish","type":"product","link":"https:\/\/www.blacksmokeracing.com\/sv\/product\/m57-updated-hybrid-turbo-billet\/","title":{"rendered":"M57 Uppdaterad Hybrid Turbo Billet"},"content":{"rendered":"<p>Observera att du beh\u00f6ver en laddluftkylare med \u00e4ndtankar i aluminium om du vill k\u00f6ra l\u00e4ngre \u00e4n n\u00e5gra minuter, eftersom standardladdluftkylarens \u00e4ndtankar inte r\u00e4cker till f\u00f6r vad den h\u00e4r turbon levererar. Axeln har uppgraderats f\u00f6r l\u00e4gre mottryck.<\/p>\r\n\r\n\r\n\r\n\r\n\r\n\r\n\r\n<ul>\r\n<li>Billet kompressorhjul - 50\/71 mm<\/li>\r\n<li>Turbinhjul - 51\/48 mm<\/li>\r\n<li>Maximalt s\u00e4kert laddtryck 2,7 bar eller 39 psi<\/li>\r\n<li>Maximal effekt 370 h\u00e4stkrafter<\/li>\r\n<li>Passar 100% p\u00e5 orginalplats<\/li>\r\n<li>Servon \u00e4r helt renoverad<\/li>\r\n<\/ul>\r\n<h2>Denna turbo \u00e4r kompatibel med de specifikationer som anges nedan<\/h2>\r\n<p><strong>Passar dessa bilar<\/strong>: BMW 525 d 170kW, BMW 525 145kW, BMW 525 xd 170 kW, BMW 530 170kW, BMW 530 173kW, BMW 730d 170kW, BMW 730d 173kW, BMW 730 ld 170kW, BMW 730 ld 173kW, BMW 530 xd 173kW<\/p>\r\n<p><strong>Motorkoder<\/strong>: M57N2, M57D30UL<\/p>\r\n<p><strong>Turbinens koder<\/strong>: 758351-0024, 758351-5024S, 758351-5024W, 758351-9024W, 758351-0015, 758351-0017, 758351-0020, 758351-5020S, 758351-5022S, 758351-9024S, 758351-5024S<\/p>\r\n<p><strong>Koder f\u00f6r tillverkare (OEM)<\/strong>: 11657794260, 7794260, 7794259H, 7794260014, A7794259H, A7794260014<\/p>\r\n<h2>Best\u00e4llning och montering<\/h2>\r\n<p>Produkten passar helt och h\u00e5llet p\u00e5 orginaldelens plats, inga modifieringar beh\u00f6ver g\u00f6ras.<\/p>\r\n<ul>\r\n<li>S\u00e4kerst\u00e4ll att oljetillf\u00f6rseln \u00e4r i gott skick och r\u00e4tt kopplad, annars kan du skada turbon.<\/li>\r\n<li>Det vanligaste felet \u00e4r att tryckr\u00f6ren inte \u00e4r ordentligt kopplade.<\/li>\r\n<li>Utan mappning har du inte stor nytt av att uppdatera turbon.<\/li>\r\n<\/ul>\r\n<p>Om produkten \u00e4r restnoterad kommer det att ta 3-4 veckor innan leverans. Vi erbjuder 50\u20ac f\u00f6r din lagerk\u00e4rna, \u00e4ven om turbon inte fungerar.<\/p>\r\n<p>Om du skickar produkter till oss f\u00f6r programmering eller underh\u00e5ll.<br \/>V\u00e4nligen skicka produkten\/produkterna till f\u00f6ljande adress:<br \/><strong>Black Smoke Oy Ltd<br \/><\/strong><strong>Linnusperantie 9<br \/><\/strong><strong>67600 KOKKOLA<br \/><\/strong><strong>FINLAND<br \/><\/strong>info@blacksmokeracing.com<br \/>+358 45 7833 5725 (telefonnummer, om det beh\u00f6vs)<\/p>\r\n<p><strong>Observera att fr\u00e5n l\u00e4nder utanf\u00f6r EU - Vi tar inte emot vanliga postpaket, ENDAST KURIRLEVERANSER, DHL, FEDEX, DPD etc.<\/strong><\/p>","protected":false},"excerpt":{"rendered":"<p><strong>ENKEL L\u00d6SNING!<\/strong><\/p>\n<p>Renoverad och uppdaterad hybridturbo fr\u00e5n M57-motor. Turbon har uppdaterade kompressor- och turbinhjul. Kan producera ca 370 hk. Dessa turbos \u00e4r tillverkade fr\u00e5n Garrett original turboladdare (GT2260V).<\/p>\n<p><strong>L\u00e4s mer specifika detaljer och kompatibilitet fr\u00e5n beskrivningen nedan!<\/strong><\/p>\n<ul>\n<li>Enkel l\u00f6sning f\u00f6r mer kraft<\/li>\n<li>Upp till 370 hk<\/li>\n<li>Plug &amp; Play<\/li>\n<\/ul>","protected":false},"featured_media":77227,"comment_status":"open","ping_status":"closed","template":"","meta":{"inline_featured_image":false,"_kad_blocks_custom_css":"","_kad_blocks_head_custom_js":"","_kad_blocks_body_custom_js":"","_kad_blocks_footer_custom_js":"","_kad_post_transparent":"default","_kad_post_title":"","_kad_post_layout":"default","_kad_post_sidebar_id":"","_kad_post_content_style":"default","_kad_post_vertical_padding":"default","_kad_post_feature":"","_kad_post_feature_position":"","_kad_post_header":false,"_kad_post_footer":false,"_kad_post_classname":"","cybocfi_hide_featured_image":""},"product_cat":[8905,8910,537,8744],"product_tag":[],"product_brands":[8872],"class_list":{"0":"post-77223","1":"product","2":"type-product","3":"status-publish","4":"has-post-thumbnail","6":"product_cat-bmw-turbo-upgrade","7":"product_cat-bmw-turbo-upgrade-mercedes-turbodiesel-race-parts","8":"product_cat-all-turbochargers","9":"product_cat-turbochargers","10":"pa_engine-om642","11":"product_brands-garrett","13":"first","14":"instock","15":"taxable","16":"shipping-taxable","17":"purchasable","18":"product-type-simple","19":"entry","20":"content-bg","21":"loop-entry"},"yoast_head":"<!-- This site is optimized with the Yoast SEO Premium plugin v27.5 (Yoast SEO v27.5) - https:\/\/yoast.com\/product\/yoast-seo-premium-wordpress\/ -->\n<title>M57 Updated Hybrid Turbo Billet - Black Smoke Ltd<\/title>\n<meta name=\"robots\" content=\"index, follow, max-snippet:-1, max-image-preview:large, max-video-preview:-1\" \/>\n<link rel=\"canonical\" href=\"https:\/\/www.blacksmokeracing.com\/sv\/product\/m57-updated-hybrid-turbo-billet\/\" \/>\n<meta property=\"og:locale\" content=\"sv_SE\" \/>\n<meta property=\"og:type\" content=\"article\" \/>\n<meta property=\"og:title\" content=\"M57 Updated Hybrid Turbo Billet\" \/>\n<meta property=\"og:description\" content=\"EASY SOLUTION! Refurbished and updated hybrid turbo from M57 engine. The turbo has an updated compressor and turbine wheels. Can produce about 370 hp. These turbos are manufactured from Garrett original turbocharger (GT2260V). Read more specific details and compatibility from description below!  Easy solution for more power Up to 370 hp Plug &amp; Play\" \/>\n<meta property=\"og:url\" content=\"https:\/\/www.blacksmokeracing.com\/sv\/product\/m57-updated-hybrid-turbo-billet\/\" \/>\n<meta property=\"og:site_name\" content=\"Black Smoke Ltd\" \/>\n<meta property=\"article:publisher\" content=\"https:\/\/www.facebook.com\/blacksmokeracing\" \/>\n<meta property=\"article:modified_time\" content=\"2026-05-05T08:02:25+00:00\" \/>\n<meta property=\"og:image\" content=\"https:\/\/www.blacksmokeracing.com\/wp-content\/uploads\/DSC09977-scaled.jpg\" \/>\n\t<meta property=\"og:image:width\" content=\"1710\" \/>\n\t<meta property=\"og:image:height\" content=\"2560\" \/>\n\t<meta property=\"og:image:type\" content=\"image\/jpeg\" \/>\n<meta name=\"twitter:card\" content=\"summary_large_image\" \/>\n<meta name=\"twitter:site\" content=\"@BlackSmokeMedia\" \/>\n<meta name=\"twitter:label1\" content=\"Ber\u00e4knad l\u00e4stid\" \/>\n\t<meta name=\"twitter:data1\" content=\"2 minuter\" \/>\n<script type=\"application\/ld+json\" class=\"yoast-schema-graph\">{\"@context\":\"https:\\\/\\\/schema.org\",\"@graph\":[{\"@type\":[\"WebPage\",\"ItemPage\"],\"@id\":\"https:\\\/\\\/www.blacksmokeracing.com\\\/product\\\/m57-updated-hybrid-turbo-billet\\\/\",\"url\":\"https:\\\/\\\/www.blacksmokeracing.com\\\/product\\\/m57-updated-hybrid-turbo-billet\\\/\",\"name\":\"M57 Updated Hybrid Turbo Billet - Black Smoke Ltd\",\"isPartOf\":{\"@id\":\"https:\\\/\\\/www.blacksmokeracing.com\\\/#website\"},\"primaryImageOfPage\":{\"@id\":\"https:\\\/\\\/www.blacksmokeracing.com\\\/product\\\/m57-updated-hybrid-turbo-billet\\\/#primaryimage\"},\"image\":{\"@id\":\"https:\\\/\\\/www.blacksmokeracing.com\\\/product\\\/m57-updated-hybrid-turbo-billet\\\/#primaryimage\"},\"thumbnailUrl\":\"https:\\\/\\\/www.blacksmokeracing.com\\\/wp-content\\\/uploads\\\/DSC09977-scaled.jpg\",\"datePublished\":\"2025-03-03T11:12:40+00:00\",\"dateModified\":\"2026-05-05T08:02:25+00:00\",\"breadcrumb\":{\"@id\":\"https:\\\/\\\/www.blacksmokeracing.com\\\/product\\\/m57-updated-hybrid-turbo-billet\\\/#breadcrumb\"},\"inLanguage\":\"sv-SE\",\"potentialAction\":[{\"@type\":\"ReadAction\",\"target\":[\"https:\\\/\\\/www.blacksmokeracing.com\\\/product\\\/m57-updated-hybrid-turbo-billet\\\/\"]}]},{\"@type\":\"ImageObject\",\"inLanguage\":\"sv-SE\",\"@id\":\"https:\\\/\\\/www.blacksmokeracing.com\\\/product\\\/m57-updated-hybrid-turbo-billet\\\/#primaryimage\",\"url\":\"https:\\\/\\\/www.blacksmokeracing.com\\\/wp-content\\\/uploads\\\/DSC09977-scaled.jpg\",\"contentUrl\":\"https:\\\/\\\/www.blacksmokeracing.com\\\/wp-content\\\/uploads\\\/DSC09977-scaled.jpg\",\"width\":1710,\"height\":2560},{\"@type\":\"BreadcrumbList\",\"@id\":\"https:\\\/\\\/www.blacksmokeracing.com\\\/product\\\/m57-updated-hybrid-turbo-billet\\\/#breadcrumb\",\"itemListElement\":[{\"@type\":\"ListItem\",\"position\":1,\"name\":\"Home\",\"item\":\"https:\\\/\\\/www.blacksmokeracing.com\\\/\"},{\"@type\":\"ListItem\",\"position\":2,\"name\":\"Shop\",\"item\":\"https:\\\/\\\/www.blacksmokeracing.com\\\/shop\\\/\"},{\"@type\":\"ListItem\",\"position\":3,\"name\":\"M57 Updated Hybrid Turbo Billet\"}]},{\"@type\":\"WebSite\",\"@id\":\"https:\\\/\\\/www.blacksmokeracing.com\\\/#website\",\"url\":\"https:\\\/\\\/www.blacksmokeracing.com\\\/\",\"name\":\"Black Smoke Ltd\",\"description\":\"Not the most successful drifting team\",\"publisher\":{\"@id\":\"https:\\\/\\\/www.blacksmokeracing.com\\\/#organization\"},\"potentialAction\":[{\"@type\":\"SearchAction\",\"target\":{\"@type\":\"EntryPoint\",\"urlTemplate\":\"https:\\\/\\\/www.blacksmokeracing.com\\\/?s={search_term_string}\"},\"query-input\":{\"@type\":\"PropertyValueSpecification\",\"valueRequired\":true,\"valueName\":\"search_term_string\"}}],\"inLanguage\":\"sv-SE\"},{\"@type\":\"Organization\",\"@id\":\"https:\\\/\\\/www.blacksmokeracing.com\\\/#organization\",\"name\":\"Black Smoke Oy Ltd\",\"url\":\"https:\\\/\\\/www.blacksmokeracing.com\\\/\",\"logo\":{\"@type\":\"ImageObject\",\"inLanguage\":\"sv-SE\",\"@id\":\"https:\\\/\\\/www.blacksmokeracing.com\\\/#\\\/schema\\\/logo\\\/image\\\/\",\"url\":\"https:\\\/\\\/www.blacksmokeracing.com\\\/wp-content\\\/uploads\\\/2017\\\/11\\\/Black-Smoke-Logo.png\",\"contentUrl\":\"https:\\\/\\\/www.blacksmokeracing.com\\\/wp-content\\\/uploads\\\/2017\\\/11\\\/Black-Smoke-Logo.png\",\"width\":319,\"height\":97,\"caption\":\"Black Smoke Oy Ltd\"},\"image\":{\"@id\":\"https:\\\/\\\/www.blacksmokeracing.com\\\/#\\\/schema\\\/logo\\\/image\\\/\"},\"sameAs\":[\"https:\\\/\\\/www.facebook.com\\\/blacksmokeracing\",\"https:\\\/\\\/x.com\\\/BlackSmokeMedia\"]}]}<\/script>\n<!-- \/ Yoast SEO Premium plugin. -->","yoast_head_json":{"title":"M57 Uppdaterad Hybrid Turbo Billet - Black Smoke Ltd","robots":{"index":"index","follow":"follow","max-snippet":"max-snippet:-1","max-image-preview":"max-image-preview:large","max-video-preview":"max-video-preview:-1"},"canonical":"https:\/\/www.blacksmokeracing.com\/sv\/product\/m57-updated-hybrid-turbo-billet\/","og_locale":"sv_SE","og_type":"article","og_title":"M57 Updated Hybrid Turbo Billet","og_description":"EASY SOLUTION! Refurbished and updated hybrid turbo from M57 engine. The turbo has an updated compressor and turbine wheels. Can produce about 370 hp. These turbos are manufactured from Garrett original turbocharger (GT2260V). Read more specific details and compatibility from description below!  Easy solution for more power Up to 370 hp Plug &amp; Play","og_url":"https:\/\/www.blacksmokeracing.com\/sv\/product\/m57-updated-hybrid-turbo-billet\/","og_site_name":"Black Smoke Ltd","article_publisher":"https:\/\/www.facebook.com\/blacksmokeracing","article_modified_time":"2026-05-05T08:02:25+00:00","og_image":[{"width":1710,"height":2560,"url":"https:\/\/www.blacksmokeracing.com\/wp-content\/uploads\/DSC09977-scaled.jpg","type":"image\/jpeg"}],"twitter_card":"summary_large_image","twitter_site":"@BlackSmokeMedia","twitter_misc":{"Ber\u00e4knad l\u00e4stid":"2 minuter"},"schema":{"@context":"https:\/\/schema.org","@graph":[{"@type":["WebPage","ItemPage"],"@id":"https:\/\/www.blacksmokeracing.com\/product\/m57-updated-hybrid-turbo-billet\/","url":"https:\/\/www.blacksmokeracing.com\/product\/m57-updated-hybrid-turbo-billet\/","name":"M57 Uppdaterad Hybrid Turbo Billet - Black Smoke Ltd","isPartOf":{"@id":"https:\/\/www.blacksmokeracing.com\/#website"},"primaryImageOfPage":{"@id":"https:\/\/www.blacksmokeracing.com\/product\/m57-updated-hybrid-turbo-billet\/#primaryimage"},"image":{"@id":"https:\/\/www.blacksmokeracing.com\/product\/m57-updated-hybrid-turbo-billet\/#primaryimage"},"thumbnailUrl":"https:\/\/www.blacksmokeracing.com\/wp-content\/uploads\/DSC09977-scaled.jpg","datePublished":"2025-03-03T11:12:40+00:00","dateModified":"2026-05-05T08:02:25+00:00","breadcrumb":{"@id":"https:\/\/www.blacksmokeracing.com\/product\/m57-updated-hybrid-turbo-billet\/#breadcrumb"},"inLanguage":"sv-SE","potentialAction":[{"@type":"ReadAction","target":["https:\/\/www.blacksmokeracing.com\/product\/m57-updated-hybrid-turbo-billet\/"]}]},{"@type":"ImageObject","inLanguage":"sv-SE","@id":"https:\/\/www.blacksmokeracing.com\/product\/m57-updated-hybrid-turbo-billet\/#primaryimage","url":"https:\/\/www.blacksmokeracing.com\/wp-content\/uploads\/DSC09977-scaled.jpg","contentUrl":"https:\/\/www.blacksmokeracing.com\/wp-content\/uploads\/DSC09977-scaled.jpg","width":1710,"height":2560},{"@type":"BreadcrumbList","@id":"https:\/\/www.blacksmokeracing.com\/product\/m57-updated-hybrid-turbo-billet\/#breadcrumb","itemListElement":[{"@type":"ListItem","position":1,"name":"Home","item":"https:\/\/www.blacksmokeracing.com\/"},{"@type":"ListItem","position":2,"name":"Shop","item":"https:\/\/www.blacksmokeracing.com\/shop\/"},{"@type":"ListItem","position":3,"name":"M57 Updated Hybrid Turbo Billet"}]},{"@type":"WebSite","@id":"https:\/\/www.blacksmokeracing.com\/#website","url":"https:\/\/www.blacksmokeracing.com\/","name":"Black Smoke Ltd","description":"Inte det mest framg\u00e5ngsrika driftinglaget","publisher":{"@id":"https:\/\/www.blacksmokeracing.com\/#organization"},"potentialAction":[{"@type":"SearchAction","target":{"@type":"EntryPoint","urlTemplate":"https:\/\/www.blacksmokeracing.com\/?s={search_term_string}"},"query-input":{"@type":"PropertyValueSpecification","valueRequired":true,"valueName":"search_term_string"}}],"inLanguage":"sv-SE"},{"@type":"Organization","@id":"https:\/\/www.blacksmokeracing.com\/#organization","name":"Black Smoke Oy Ltd","url":"https:\/\/www.blacksmokeracing.com\/","logo":{"@type":"ImageObject","inLanguage":"sv-SE","@id":"https:\/\/www.blacksmokeracing.com\/#\/schema\/logo\/image\/","url":"https:\/\/www.blacksmokeracing.com\/wp-content\/uploads\/2017\/11\/Black-Smoke-Logo.png","contentUrl":"https:\/\/www.blacksmokeracing.com\/wp-content\/uploads\/2017\/11\/Black-Smoke-Logo.png","width":319,"height":97,"caption":"Black Smoke Oy Ltd"},"image":{"@id":"https:\/\/www.blacksmokeracing.com\/#\/schema\/logo\/image\/"},"sameAs":["https:\/\/www.facebook.com\/blacksmokeracing","https:\/\/x.com\/BlackSmokeMedia"]}]}},"taxonomy_info":{"product_cat":[{"value":8905,"label":"BMW Turbo Upgrade"},{"value":8910,"label":"BMW Turbo Upgrade"},{"value":537,"label":"Turbochargers"},{"value":8744,"label":"Turbochargers"}],"pa_engine":[{"value":8899,"label":"om642"}],"product_brands":[{"value":8872,"label":"Garrett"}]},"featured_image_src_large":["https:\/\/www.blacksmokeracing.com\/wp-content\/uploads\/DSC09977-1170x1752.jpg",1170,1752,true],"author_info":[],"comment_info":0,"_links":{"self":[{"href":"https:\/\/www.blacksmokeracing.com\/sv\/wp-json\/wp\/v2\/product\/77223","targetHints":{"allow":["GET"]}}],"collection":[{"href":"https:\/\/www.blacksmokeracing.com\/sv\/wp-json\/wp\/v2\/product"}],"about":[{"href":"https:\/\/www.blacksmokeracing.com\/sv\/wp-json\/wp\/v2\/types\/product"}],"replies":[{"embeddable":true,"href":"https:\/\/www.blacksmokeracing.com\/sv\/wp-json\/wp\/v2\/comments?post=77223"}],"wp:featuredmedia":[{"embeddable":true,"href":"https:\/\/www.blacksmokeracing.com\/sv\/wp-json\/wp\/v2\/media\/77227"}],"wp:attachment":[{"href":"https:\/\/www.blacksmokeracing.com\/sv\/wp-json\/wp\/v2\/media?parent=77223"}],"wp:term":[{"taxonomy":"product_cat","embeddable":true,"href":"https:\/\/www.blacksmokeracing.com\/sv\/wp-json\/wp\/v2\/product_cat?post=77223"},{"taxonomy":"product_tag","embeddable":true,"href":"https:\/\/www.blacksmokeracing.com\/sv\/wp-json\/wp\/v2\/product_tag?post=77223"},{"taxonomy":"product_brands","embeddable":true,"href":"https:\/\/www.blacksmokeracing.com\/sv\/wp-json\/wp\/v2\/product_brands?post=77223"}],"curies":[{"name":"wp","href":"https:\/\/api.w.org\/{rel}","templated":true}]}}