{"id":77187,"date":"2025-02-28T13:08:24","date_gmt":"2025-02-28T11:08:24","guid":{"rendered":"https:\/\/www.blacksmokeracing.com\/?post_type=product&#038;p=77187"},"modified":"2026-04-07T08:34:02","modified_gmt":"2026-04-07T05:34:02","slug":"black-smoke-x-valco-vmk25-anc-headphones","status":"publish","type":"product","link":"https:\/\/www.blacksmokeracing.com\/sv\/product\/black-smoke-x-valco-vmk25-anc-headphones\/","title":{"rendered":"Black Smoke X Valco VMK25 ANC h\u00f6rlurar"},"content":{"rendered":"<p><span class=\"heading text-base-xl font-medium leading-none flex items-center gap-2d5 md:gap-3\">Tekniska specifikationer<\/span><\/p>\n<div class=\"details__content text-base rte\">\n<div class=\"specification grid grid-cols-12 gap-6 md:gap-10\">\n<div class=\"col-span-full\">\n<div class=\"metafield-rich_text_field\">\n<ul>\n<li>Bluetooth: 5.1 APTX HD, SBC &amp; AAC<\/li>\n<li>BT-chipset: Qualcomm QCC3034, nya justeringar gjorda av Jasse och en ny BT-antenn.<\/li>\n<li>Trots att h\u00f6rlurarna \u00e4r tr\u00e5dl\u00f6sa kan de ocks\u00e5 anv\u00e4ndas med den medf\u00f6ljande kabeln.<\/li>\n<li>Ny typ av 45 mm h\u00f6rlurselement<\/li>\n<li>32 ohm<\/li>\n<li>Vikt: ca 300 gram<\/li>\n<li>Batteri: 1050 mAh<\/li>\n<li>Laddningstid: 2-3 timmar, USB-C-laddningsport<\/li>\n<li>Anv\u00e4ndningstid: Upp till 50 timmar med brusreducering<\/li>\n<li>Samtalstid handsfree: Upp till 45 timmar p\u00e5 en enda laddning<\/li>\n<li>Brusreducering: Aktiv hybrid brusreducering (ANC)<\/li>\n<li>F\u00f6rst\u00e4rkare: Klass AB<\/li>\n<li>Mikrofoner: CVC8<\/li>\n<li>USB-C-laddningsport<\/li>\n<li>Extremt j\u00e4mnt frekvenssvar mellan 20-20000Hz<\/li>\n<li>Extremt l\u00e5ga distorsionsv\u00e4rden<\/li>\n<li>I paketet ing\u00e5r alla n\u00f6dv\u00e4ndiga kablar och tillbeh\u00f6r<\/li>\n<\/ul>\n<\/div>\n<\/div>\n<\/div>\n<\/div>","protected":false},"excerpt":{"rendered":"<p><span style=\"color: #ff0000;\">Ny <strong>VMK25.2<\/strong> modell med bland annat st\u00f6d f\u00f6r tr\u00e5dbunden mikrofon.<\/span><\/p>\n<p>Valco VMK25-h\u00f6rlurarna levererar f\u00f6rstklassig ljudkvalitet med avancerad brusreducering, vilket g\u00f6r dem perfekta f\u00f6r b\u00e5de musik\u00e4lskare och professionella anv\u00e4ndare. Denna specialutg\u00e5va har den exklusiva Black Smoke-designen, som ger en unik och elegant touch j\u00e4mf\u00f6rt med standardmodellen. Med l\u00e5ng batteritid, h\u00f6gkvalitativa material och en bekv\u00e4m passform garanterar VMK25 en exceptionell lyssningsupplevelse var som helst, n\u00e4r som helst.<\/p>\n<p>Inneh\u00e5ller tv\u00e5 Black Smoke-klisterm\u00e4rkesupps\u00e4ttningar som du ocks\u00e5 kan anv\u00e4nda f\u00f6r att anpassa huvudbandet p\u00e5 dina h\u00f6rlurar.<\/p>\n<ul>\n<li>Valco VMK25.2<\/li>\n<li>Svart eller vit f\u00e4rg<\/li>\n<li>Unik Extra Design<\/li>\n<li>Brusreducering<\/li>\n<li>H\u00f6g kvalitet<\/li>\n<\/ul>","protected":false},"featured_media":83748,"comment_status":"open","ping_status":"closed","template":"","meta":{"inline_featured_image":false,"_kad_blocks_custom_css":"","_kad_blocks_head_custom_js":"","_kad_blocks_body_custom_js":"","_kad_blocks_footer_custom_js":"","_kad_post_transparent":"default","_kad_post_title":"","_kad_post_layout":"default","_kad_post_sidebar_id":"","_kad_post_content_style":"default","_kad_post_vertical_padding":"default","_kad_post_feature":"","_kad_post_feature_position":"","_kad_post_header":false,"_kad_post_footer":false,"_kad_post_classname":"","cybocfi_hide_featured_image":""},"product_cat":[8904,541,8893],"product_tag":[],"product_brands":[8871],"class_list":{"0":"post-77187","1":"product","2":"type-product","3":"status-publish","4":"has-post-thumbnail","6":"product_cat-electronics","7":"product_cat-merchandise","8":"product_cat-new-products","9":"product_brands-black-smoke","11":"first","12":"instock","13":"featured","14":"taxable","15":"shipping-taxable","16":"purchasable","17":"product-type-variable","18":"entry","19":"content-bg","20":"loop-entry"},"yoast_head":"<!-- This site is optimized with the Yoast SEO Premium plugin v27.4 (Yoast SEO v27.4) - https:\/\/yoast.com\/product\/yoast-seo-premium-wordpress\/ -->\n<title>Black Smoke X Valco VMK25 ANC Headphones - Black Smoke Ltd<\/title>\n<meta name=\"robots\" content=\"index, follow, max-snippet:-1, max-image-preview:large, max-video-preview:-1\" \/>\n<link rel=\"canonical\" href=\"https:\/\/www.blacksmokeracing.com\/sv\/product\/black-smoke-x-valco-vmk25-anc-headphones\/\" \/>\n<meta property=\"og:locale\" content=\"sv_SE\" \/>\n<meta property=\"og:type\" content=\"article\" \/>\n<meta property=\"og:title\" content=\"Black Smoke X Valco VMK25 ANC Headphones\" \/>\n<meta property=\"og:description\" content=\"New VMK25.2 model, including support for a wired microphone.  The Valco VMK25 headphones deliver premium sound quality with advanced noise cancellation, making them perfect for music lovers and professionals alike. This special edition features the exclusive Black Smoke design, adding a unique and stylish touch compared to the standard model. With long battery life, high-quality materials, and a comfortable fit, the VMK25 ensures an exceptional listening experience anywhere, anytime.  Includes two Black Smoke sticker sets that you can also use to customize the headband of your headphones.   Valco VMK25.2  Black or White color  Unique Extra Design  Noise Cancellation  High Quality\" \/>\n<meta property=\"og:url\" content=\"https:\/\/www.blacksmokeracing.com\/sv\/product\/black-smoke-x-valco-vmk25-anc-headphones\/\" \/>\n<meta property=\"og:site_name\" content=\"Black Smoke Ltd\" \/>\n<meta property=\"article:publisher\" content=\"https:\/\/www.facebook.com\/blacksmokeracing\" \/>\n<meta property=\"article:modified_time\" content=\"2026-04-07T05:34:02+00:00\" \/>\n<meta property=\"og:image\" content=\"https:\/\/www.blacksmokeracing.com\/wp-content\/uploads\/DSC03674-scaled.jpg\" \/>\n\t<meta property=\"og:image:width\" content=\"1710\" \/>\n\t<meta property=\"og:image:height\" content=\"2560\" \/>\n\t<meta property=\"og:image:type\" content=\"image\/jpeg\" \/>\n<meta name=\"twitter:card\" content=\"summary_large_image\" \/>\n<meta name=\"twitter:site\" content=\"@BlackSmokeMedia\" \/>\n<meta name=\"twitter:label1\" content=\"Ber\u00e4knad l\u00e4stid\" \/>\n\t<meta name=\"twitter:data1\" content=\"1 minut\" \/>\n<script type=\"application\/ld+json\" class=\"yoast-schema-graph\">{\"@context\":\"https:\\\/\\\/schema.org\",\"@graph\":[{\"@type\":[\"WebPage\",\"ItemPage\"],\"@id\":\"https:\\\/\\\/www.blacksmokeracing.com\\\/product\\\/black-smoke-x-valco-vmk25-anc-headphones\\\/\",\"url\":\"https:\\\/\\\/www.blacksmokeracing.com\\\/product\\\/black-smoke-x-valco-vmk25-anc-headphones\\\/\",\"name\":\"Black Smoke X Valco VMK25 ANC Headphones - Black Smoke Ltd\",\"isPartOf\":{\"@id\":\"https:\\\/\\\/www.blacksmokeracing.com\\\/#website\"},\"primaryImageOfPage\":{\"@id\":\"https:\\\/\\\/www.blacksmokeracing.com\\\/product\\\/black-smoke-x-valco-vmk25-anc-headphones\\\/#primaryimage\"},\"image\":{\"@id\":\"https:\\\/\\\/www.blacksmokeracing.com\\\/product\\\/black-smoke-x-valco-vmk25-anc-headphones\\\/#primaryimage\"},\"thumbnailUrl\":\"https:\\\/\\\/www.blacksmokeracing.com\\\/wp-content\\\/uploads\\\/DSC03674-scaled.jpg\",\"datePublished\":\"2025-02-28T11:08:24+00:00\",\"dateModified\":\"2026-04-07T05:34:02+00:00\",\"breadcrumb\":{\"@id\":\"https:\\\/\\\/www.blacksmokeracing.com\\\/product\\\/black-smoke-x-valco-vmk25-anc-headphones\\\/#breadcrumb\"},\"inLanguage\":\"sv-SE\",\"potentialAction\":[{\"@type\":\"ReadAction\",\"target\":[\"https:\\\/\\\/www.blacksmokeracing.com\\\/product\\\/black-smoke-x-valco-vmk25-anc-headphones\\\/\"]}]},{\"@type\":\"ImageObject\",\"inLanguage\":\"sv-SE\",\"@id\":\"https:\\\/\\\/www.blacksmokeracing.com\\\/product\\\/black-smoke-x-valco-vmk25-anc-headphones\\\/#primaryimage\",\"url\":\"https:\\\/\\\/www.blacksmokeracing.com\\\/wp-content\\\/uploads\\\/DSC03674-scaled.jpg\",\"contentUrl\":\"https:\\\/\\\/www.blacksmokeracing.com\\\/wp-content\\\/uploads\\\/DSC03674-scaled.jpg\",\"width\":1710,\"height\":2560},{\"@type\":\"BreadcrumbList\",\"@id\":\"https:\\\/\\\/www.blacksmokeracing.com\\\/product\\\/black-smoke-x-valco-vmk25-anc-headphones\\\/#breadcrumb\",\"itemListElement\":[{\"@type\":\"ListItem\",\"position\":1,\"name\":\"Home\",\"item\":\"https:\\\/\\\/www.blacksmokeracing.com\\\/\"},{\"@type\":\"ListItem\",\"position\":2,\"name\":\"Shop\",\"item\":\"https:\\\/\\\/www.blacksmokeracing.com\\\/shop\\\/\"},{\"@type\":\"ListItem\",\"position\":3,\"name\":\"Black Smoke X Valco VMK25 ANC Headphones\"}]},{\"@type\":\"WebSite\",\"@id\":\"https:\\\/\\\/www.blacksmokeracing.com\\\/#website\",\"url\":\"https:\\\/\\\/www.blacksmokeracing.com\\\/\",\"name\":\"Black Smoke Ltd\",\"description\":\"Not the most successful drifting team\",\"publisher\":{\"@id\":\"https:\\\/\\\/www.blacksmokeracing.com\\\/#organization\"},\"potentialAction\":[{\"@type\":\"SearchAction\",\"target\":{\"@type\":\"EntryPoint\",\"urlTemplate\":\"https:\\\/\\\/www.blacksmokeracing.com\\\/?s={search_term_string}\"},\"query-input\":{\"@type\":\"PropertyValueSpecification\",\"valueRequired\":true,\"valueName\":\"search_term_string\"}}],\"inLanguage\":\"sv-SE\"},{\"@type\":\"Organization\",\"@id\":\"https:\\\/\\\/www.blacksmokeracing.com\\\/#organization\",\"name\":\"Black Smoke Oy Ltd\",\"url\":\"https:\\\/\\\/www.blacksmokeracing.com\\\/\",\"logo\":{\"@type\":\"ImageObject\",\"inLanguage\":\"sv-SE\",\"@id\":\"https:\\\/\\\/www.blacksmokeracing.com\\\/#\\\/schema\\\/logo\\\/image\\\/\",\"url\":\"https:\\\/\\\/www.blacksmokeracing.com\\\/wp-content\\\/uploads\\\/2017\\\/11\\\/Black-Smoke-Logo.png\",\"contentUrl\":\"https:\\\/\\\/www.blacksmokeracing.com\\\/wp-content\\\/uploads\\\/2017\\\/11\\\/Black-Smoke-Logo.png\",\"width\":319,\"height\":97,\"caption\":\"Black Smoke Oy Ltd\"},\"image\":{\"@id\":\"https:\\\/\\\/www.blacksmokeracing.com\\\/#\\\/schema\\\/logo\\\/image\\\/\"},\"sameAs\":[\"https:\\\/\\\/www.facebook.com\\\/blacksmokeracing\",\"https:\\\/\\\/x.com\\\/BlackSmokeMedia\"]}]}<\/script>\n<!-- \/ Yoast SEO Premium plugin. -->","yoast_head_json":{"title":"Black Smoke X Valco VMK25 ANC h\u00f6rlurar - Black Smoke Ltd","robots":{"index":"index","follow":"follow","max-snippet":"max-snippet:-1","max-image-preview":"max-image-preview:large","max-video-preview":"max-video-preview:-1"},"canonical":"https:\/\/www.blacksmokeracing.com\/sv\/product\/black-smoke-x-valco-vmk25-anc-headphones\/","og_locale":"sv_SE","og_type":"article","og_title":"Black Smoke X Valco VMK25 ANC Headphones","og_description":"New VMK25.2 model, including support for a wired microphone.  The Valco VMK25 headphones deliver premium sound quality with advanced noise cancellation, making them perfect for music lovers and professionals alike. This special edition features the exclusive Black Smoke design, adding a unique and stylish touch compared to the standard model. With long battery life, high-quality materials, and a comfortable fit, the VMK25 ensures an exceptional listening experience anywhere, anytime.  Includes two Black Smoke sticker sets that you can also use to customize the headband of your headphones.   Valco VMK25.2  Black or White color  Unique Extra Design  Noise Cancellation  High Quality","og_url":"https:\/\/www.blacksmokeracing.com\/sv\/product\/black-smoke-x-valco-vmk25-anc-headphones\/","og_site_name":"Black Smoke Ltd","article_publisher":"https:\/\/www.facebook.com\/blacksmokeracing","article_modified_time":"2026-04-07T05:34:02+00:00","og_image":[{"width":1710,"height":2560,"url":"https:\/\/www.blacksmokeracing.com\/wp-content\/uploads\/DSC03674-scaled.jpg","type":"image\/jpeg"}],"twitter_card":"summary_large_image","twitter_site":"@BlackSmokeMedia","twitter_misc":{"Ber\u00e4knad l\u00e4stid":"1 minut"},"schema":{"@context":"https:\/\/schema.org","@graph":[{"@type":["WebPage","ItemPage"],"@id":"https:\/\/www.blacksmokeracing.com\/product\/black-smoke-x-valco-vmk25-anc-headphones\/","url":"https:\/\/www.blacksmokeracing.com\/product\/black-smoke-x-valco-vmk25-anc-headphones\/","name":"Black Smoke X Valco VMK25 ANC h\u00f6rlurar - Black Smoke Ltd","isPartOf":{"@id":"https:\/\/www.blacksmokeracing.com\/#website"},"primaryImageOfPage":{"@id":"https:\/\/www.blacksmokeracing.com\/product\/black-smoke-x-valco-vmk25-anc-headphones\/#primaryimage"},"image":{"@id":"https:\/\/www.blacksmokeracing.com\/product\/black-smoke-x-valco-vmk25-anc-headphones\/#primaryimage"},"thumbnailUrl":"https:\/\/www.blacksmokeracing.com\/wp-content\/uploads\/DSC03674-scaled.jpg","datePublished":"2025-02-28T11:08:24+00:00","dateModified":"2026-04-07T05:34:02+00:00","breadcrumb":{"@id":"https:\/\/www.blacksmokeracing.com\/product\/black-smoke-x-valco-vmk25-anc-headphones\/#breadcrumb"},"inLanguage":"sv-SE","potentialAction":[{"@type":"ReadAction","target":["https:\/\/www.blacksmokeracing.com\/product\/black-smoke-x-valco-vmk25-anc-headphones\/"]}]},{"@type":"ImageObject","inLanguage":"sv-SE","@id":"https:\/\/www.blacksmokeracing.com\/product\/black-smoke-x-valco-vmk25-anc-headphones\/#primaryimage","url":"https:\/\/www.blacksmokeracing.com\/wp-content\/uploads\/DSC03674-scaled.jpg","contentUrl":"https:\/\/www.blacksmokeracing.com\/wp-content\/uploads\/DSC03674-scaled.jpg","width":1710,"height":2560},{"@type":"BreadcrumbList","@id":"https:\/\/www.blacksmokeracing.com\/product\/black-smoke-x-valco-vmk25-anc-headphones\/#breadcrumb","itemListElement":[{"@type":"ListItem","position":1,"name":"Home","item":"https:\/\/www.blacksmokeracing.com\/"},{"@type":"ListItem","position":2,"name":"Shop","item":"https:\/\/www.blacksmokeracing.com\/shop\/"},{"@type":"ListItem","position":3,"name":"Black Smoke X Valco VMK25 ANC Headphones"}]},{"@type":"WebSite","@id":"https:\/\/www.blacksmokeracing.com\/#website","url":"https:\/\/www.blacksmokeracing.com\/","name":"Black Smoke Ltd","description":"Inte det mest framg\u00e5ngsrika driftinglaget","publisher":{"@id":"https:\/\/www.blacksmokeracing.com\/#organization"},"potentialAction":[{"@type":"SearchAction","target":{"@type":"EntryPoint","urlTemplate":"https:\/\/www.blacksmokeracing.com\/?s={search_term_string}"},"query-input":{"@type":"PropertyValueSpecification","valueRequired":true,"valueName":"search_term_string"}}],"inLanguage":"sv-SE"},{"@type":"Organization","@id":"https:\/\/www.blacksmokeracing.com\/#organization","name":"Black Smoke Oy Ltd","url":"https:\/\/www.blacksmokeracing.com\/","logo":{"@type":"ImageObject","inLanguage":"sv-SE","@id":"https:\/\/www.blacksmokeracing.com\/#\/schema\/logo\/image\/","url":"https:\/\/www.blacksmokeracing.com\/wp-content\/uploads\/2017\/11\/Black-Smoke-Logo.png","contentUrl":"https:\/\/www.blacksmokeracing.com\/wp-content\/uploads\/2017\/11\/Black-Smoke-Logo.png","width":319,"height":97,"caption":"Black Smoke Oy Ltd"},"image":{"@id":"https:\/\/www.blacksmokeracing.com\/#\/schema\/logo\/image\/"},"sameAs":["https:\/\/www.facebook.com\/blacksmokeracing","https:\/\/x.com\/BlackSmokeMedia"]}]}},"taxonomy_info":{"product_cat":[{"value":8904,"label":"Electronics"},{"value":541,"label":"Merchandise"},{"value":8893,"label":"New Products"}],"product_brands":[{"value":8871,"label":"Black Smoke"}]},"featured_image_src_large":["https:\/\/www.blacksmokeracing.com\/wp-content\/uploads\/DSC03674-1170x1752.jpg",1170,1752,true],"author_info":[],"comment_info":1,"_links":{"self":[{"href":"https:\/\/www.blacksmokeracing.com\/sv\/wp-json\/wp\/v2\/product\/77187","targetHints":{"allow":["GET"]}}],"collection":[{"href":"https:\/\/www.blacksmokeracing.com\/sv\/wp-json\/wp\/v2\/product"}],"about":[{"href":"https:\/\/www.blacksmokeracing.com\/sv\/wp-json\/wp\/v2\/types\/product"}],"replies":[{"embeddable":true,"href":"https:\/\/www.blacksmokeracing.com\/sv\/wp-json\/wp\/v2\/comments?post=77187"}],"wp:featuredmedia":[{"embeddable":true,"href":"https:\/\/www.blacksmokeracing.com\/sv\/wp-json\/wp\/v2\/media\/83748"}],"wp:attachment":[{"href":"https:\/\/www.blacksmokeracing.com\/sv\/wp-json\/wp\/v2\/media?parent=77187"}],"wp:term":[{"taxonomy":"product_cat","embeddable":true,"href":"https:\/\/www.blacksmokeracing.com\/sv\/wp-json\/wp\/v2\/product_cat?post=77187"},{"taxonomy":"product_tag","embeddable":true,"href":"https:\/\/www.blacksmokeracing.com\/sv\/wp-json\/wp\/v2\/product_tag?post=77187"},{"taxonomy":"product_brands","embeddable":true,"href":"https:\/\/www.blacksmokeracing.com\/sv\/wp-json\/wp\/v2\/product_brands?post=77187"}],"curies":[{"name":"wp","href":"https:\/\/api.w.org\/{rel}","templated":true}]}}