{"id":76514,"date":"2025-01-15T10:31:40","date_gmt":"2025-01-15T08:31:40","guid":{"rendered":"https:\/\/www.blacksmokeracing.com\/?post_type=product&#038;p=76514"},"modified":"2026-03-03T17:10:08","modified_gmt":"2026-03-03T15:10:08","slug":"girdle-plate-set-for-om605-om612-om647","status":"publish","type":"product","link":"https:\/\/www.blacksmokeracing.com\/sv\/product\/girdle-plate-set-for-om605-om612-om647\/","title":{"rendered":"Gaffelpl\u00e5tsats f\u00f6r OM605\/OM612\/OM647"},"content":{"rendered":"<p>Bultarnas vridmoment 90Nm.<\/p>\n<h2>Best\u00e4llning och montering<\/h2>\n<ul>\n<li>Anv\u00e4nd fett vid \u00e5tdragning av bultar<\/li>\n<li>Anv\u00e4nd original huvudlocksbultar p\u00e5 cylinder 1<\/li>\n<li>Anv\u00e4nd tv\u00e5 st oljetr\u00e5gpackningar<\/li>\n<li>Observera att denna upps\u00e4ttning g\u00f6r att oljepumpen blir 10 mm l\u00e4gre, vilket inneb\u00e4r att du m\u00e5ste f\u00f6rl\u00e4nga kedjan till oljepumpen.<\/li>\n<\/ul>","protected":false},"excerpt":{"rendered":"<p>Alla delar som beh\u00f6vs f\u00f6rutom en l\u00e4ngre kedja till oljepumpen. Observera n\u00e4r du monterar att oljetr\u00e5get blir placerat l\u00e4gre ner. Samma set har k\u00f6rts med mycket i v\u00e5r t\u00e4vlingsbil. F\u00f6r tillf\u00e4llet anv\u00e4nder vi billet -delar i t\u00e4vlingsbilen men detta \u00e4r ett bra (och mycket billigare) alternativ.<\/p>\n<p><strong>HELT SET<\/strong><\/p>\n<ul>\n<li>Pinnbultar och muttrar<\/li>\n<li>Spacers<\/li>\n<li>G\u00f6rdelplatta<\/li>\n<\/ul>","protected":false},"featured_media":55724,"comment_status":"open","ping_status":"closed","template":"","meta":{"inline_featured_image":false,"_kad_blocks_custom_css":"","_kad_blocks_head_custom_js":"","_kad_blocks_body_custom_js":"","_kad_blocks_footer_custom_js":"","_kad_post_transparent":"default","_kad_post_title":"","_kad_post_layout":"default","_kad_post_sidebar_id":"","_kad_post_content_style":"default","_kad_post_vertical_padding":"default","_kad_post_feature":"","_kad_post_feature_position":"","_kad_post_header":false,"_kad_post_footer":false,"_kad_post_classname":"","cybocfi_hide_featured_image":""},"product_cat":[588,531],"product_tag":[],"product_brands":[8870],"class_list":{"0":"post-76514","1":"product","2":"type-product","3":"status-publish","4":"has-post-thumbnail","6":"product_cat-engine","7":"product_cat-mercedes-turbodiesel-race-parts","8":"pa_engine-om605","9":"pa_engine-om612","10":"pa_engine-om647","11":"product_brands-black-smoke-performance","13":"first","14":"instock","15":"taxable","16":"shipping-taxable","17":"purchasable","18":"product-type-woosb","19":"entry","20":"content-bg","21":"loop-entry"},"yoast_head":"<!-- This site is optimized with the Yoast SEO Premium plugin v27.3 (Yoast SEO v27.3) - https:\/\/yoast.com\/product\/yoast-seo-premium-wordpress\/ -->\n<title>Girdle plate set for OM605\/OM612\/OM647 - Black Smoke Ltd<\/title>\n<meta name=\"robots\" content=\"index, follow, max-snippet:-1, max-image-preview:large, max-video-preview:-1\" \/>\n<link rel=\"canonical\" href=\"https:\/\/www.blacksmokeracing.com\/sv\/product\/girdle-plate-set-for-om605-om612-om647\/\" \/>\n<meta property=\"og:locale\" content=\"sv_SE\" \/>\n<meta property=\"og:type\" content=\"article\" \/>\n<meta property=\"og:title\" content=\"Girdle plate set for OM605\/OM612\/OM647\" \/>\n<meta property=\"og:description\" content=\"All parts needed except a longer chain for the oilpump. Please note that this brings the oilpan lower. This same set has been driven with a lot in our racecar, currently we use billet main caps and billet girdle plate but this is a good (and much cheaper) alternative.  COMPLETE SET   Studs &amp; Nuts  Spacers  Girdle plate\" \/>\n<meta property=\"og:url\" content=\"https:\/\/www.blacksmokeracing.com\/sv\/product\/girdle-plate-set-for-om605-om612-om647\/\" \/>\n<meta property=\"og:site_name\" content=\"Black Smoke Ltd\" \/>\n<meta property=\"article:publisher\" content=\"https:\/\/www.facebook.com\/blacksmokeracing\" \/>\n<meta property=\"article:modified_time\" content=\"2026-03-03T15:10:08+00:00\" \/>\n<meta property=\"og:image\" content=\"https:\/\/www.blacksmokeracing.com\/wp-content\/uploads\/caps_2022_black_smoke-8761.jpg\" \/>\n\t<meta property=\"og:image:width\" content=\"1280\" \/>\n\t<meta property=\"og:image:height\" content=\"1920\" \/>\n\t<meta property=\"og:image:type\" content=\"image\/jpeg\" \/>\n<meta name=\"twitter:card\" content=\"summary_large_image\" \/>\n<meta name=\"twitter:site\" content=\"@BlackSmokeMedia\" \/>\n<meta name=\"twitter:label1\" content=\"Ber\u00e4knad l\u00e4stid\" \/>\n\t<meta name=\"twitter:data1\" content=\"1 minut\" \/>\n<script type=\"application\/ld+json\" class=\"yoast-schema-graph\">{\"@context\":\"https:\\\/\\\/schema.org\",\"@graph\":[{\"@type\":[\"WebPage\",\"ItemPage\"],\"@id\":\"https:\\\/\\\/www.blacksmokeracing.com\\\/product\\\/girdle-plate-set-for-om605-om612-om647\\\/\",\"url\":\"https:\\\/\\\/www.blacksmokeracing.com\\\/product\\\/girdle-plate-set-for-om605-om612-om647\\\/\",\"name\":\"Girdle plate set for OM605\\\/OM612\\\/OM647 - Black Smoke Ltd\",\"isPartOf\":{\"@id\":\"https:\\\/\\\/www.blacksmokeracing.com\\\/#website\"},\"primaryImageOfPage\":{\"@id\":\"https:\\\/\\\/www.blacksmokeracing.com\\\/product\\\/girdle-plate-set-for-om605-om612-om647\\\/#primaryimage\"},\"image\":{\"@id\":\"https:\\\/\\\/www.blacksmokeracing.com\\\/product\\\/girdle-plate-set-for-om605-om612-om647\\\/#primaryimage\"},\"thumbnailUrl\":\"https:\\\/\\\/www.blacksmokeracing.com\\\/wp-content\\\/uploads\\\/caps_2022_black_smoke-8761.jpg\",\"datePublished\":\"2025-01-15T08:31:40+00:00\",\"dateModified\":\"2026-03-03T15:10:08+00:00\",\"breadcrumb\":{\"@id\":\"https:\\\/\\\/www.blacksmokeracing.com\\\/product\\\/girdle-plate-set-for-om605-om612-om647\\\/#breadcrumb\"},\"inLanguage\":\"sv-SE\",\"potentialAction\":[{\"@type\":\"ReadAction\",\"target\":[\"https:\\\/\\\/www.blacksmokeracing.com\\\/product\\\/girdle-plate-set-for-om605-om612-om647\\\/\"]}]},{\"@type\":\"ImageObject\",\"inLanguage\":\"sv-SE\",\"@id\":\"https:\\\/\\\/www.blacksmokeracing.com\\\/product\\\/girdle-plate-set-for-om605-om612-om647\\\/#primaryimage\",\"url\":\"https:\\\/\\\/www.blacksmokeracing.com\\\/wp-content\\\/uploads\\\/caps_2022_black_smoke-8761.jpg\",\"contentUrl\":\"https:\\\/\\\/www.blacksmokeracing.com\\\/wp-content\\\/uploads\\\/caps_2022_black_smoke-8761.jpg\",\"width\":1280,\"height\":1920},{\"@type\":\"BreadcrumbList\",\"@id\":\"https:\\\/\\\/www.blacksmokeracing.com\\\/product\\\/girdle-plate-set-for-om605-om612-om647\\\/#breadcrumb\",\"itemListElement\":[{\"@type\":\"ListItem\",\"position\":1,\"name\":\"Home\",\"item\":\"https:\\\/\\\/www.blacksmokeracing.com\\\/\"},{\"@type\":\"ListItem\",\"position\":2,\"name\":\"Shop\",\"item\":\"https:\\\/\\\/www.blacksmokeracing.com\\\/shop\\\/\"},{\"@type\":\"ListItem\",\"position\":3,\"name\":\"Girdle plate set for OM605\\\/OM612\\\/OM647\"}]},{\"@type\":\"WebSite\",\"@id\":\"https:\\\/\\\/www.blacksmokeracing.com\\\/#website\",\"url\":\"https:\\\/\\\/www.blacksmokeracing.com\\\/\",\"name\":\"Black Smoke Ltd\",\"description\":\"Not the most successful drifting team\",\"publisher\":{\"@id\":\"https:\\\/\\\/www.blacksmokeracing.com\\\/#organization\"},\"potentialAction\":[{\"@type\":\"SearchAction\",\"target\":{\"@type\":\"EntryPoint\",\"urlTemplate\":\"https:\\\/\\\/www.blacksmokeracing.com\\\/?s={search_term_string}\"},\"query-input\":{\"@type\":\"PropertyValueSpecification\",\"valueRequired\":true,\"valueName\":\"search_term_string\"}}],\"inLanguage\":\"sv-SE\"},{\"@type\":\"Organization\",\"@id\":\"https:\\\/\\\/www.blacksmokeracing.com\\\/#organization\",\"name\":\"Black Smoke Oy Ltd\",\"url\":\"https:\\\/\\\/www.blacksmokeracing.com\\\/\",\"logo\":{\"@type\":\"ImageObject\",\"inLanguage\":\"sv-SE\",\"@id\":\"https:\\\/\\\/www.blacksmokeracing.com\\\/#\\\/schema\\\/logo\\\/image\\\/\",\"url\":\"https:\\\/\\\/www.blacksmokeracing.com\\\/wp-content\\\/uploads\\\/2017\\\/11\\\/Black-Smoke-Logo.png\",\"contentUrl\":\"https:\\\/\\\/www.blacksmokeracing.com\\\/wp-content\\\/uploads\\\/2017\\\/11\\\/Black-Smoke-Logo.png\",\"width\":319,\"height\":97,\"caption\":\"Black Smoke Oy Ltd\"},\"image\":{\"@id\":\"https:\\\/\\\/www.blacksmokeracing.com\\\/#\\\/schema\\\/logo\\\/image\\\/\"},\"sameAs\":[\"https:\\\/\\\/www.facebook.com\\\/blacksmokeracing\",\"https:\\\/\\\/x.com\\\/BlackSmokeMedia\"]}]}<\/script>\n<!-- \/ Yoast SEO Premium plugin. -->","yoast_head_json":{"title":"Girdle plate-sats f\u00f6r OM605\/OM612\/OM647 - Black Smoke Ltd","robots":{"index":"index","follow":"follow","max-snippet":"max-snippet:-1","max-image-preview":"max-image-preview:large","max-video-preview":"max-video-preview:-1"},"canonical":"https:\/\/www.blacksmokeracing.com\/sv\/product\/girdle-plate-set-for-om605-om612-om647\/","og_locale":"sv_SE","og_type":"article","og_title":"Girdle plate set for OM605\/OM612\/OM647","og_description":"All parts needed except a longer chain for the oilpump. Please note that this brings the oilpan lower. This same set has been driven with a lot in our racecar, currently we use billet main caps and billet girdle plate but this is a good (and much cheaper) alternative.  COMPLETE SET   Studs &amp; Nuts  Spacers  Girdle plate","og_url":"https:\/\/www.blacksmokeracing.com\/sv\/product\/girdle-plate-set-for-om605-om612-om647\/","og_site_name":"Black Smoke Ltd","article_publisher":"https:\/\/www.facebook.com\/blacksmokeracing","article_modified_time":"2026-03-03T15:10:08+00:00","og_image":[{"width":1280,"height":1920,"url":"https:\/\/www.blacksmokeracing.com\/wp-content\/uploads\/caps_2022_black_smoke-8761.jpg","type":"image\/jpeg"}],"twitter_card":"summary_large_image","twitter_site":"@BlackSmokeMedia","twitter_misc":{"Ber\u00e4knad l\u00e4stid":"1 minut"},"schema":{"@context":"https:\/\/schema.org","@graph":[{"@type":["WebPage","ItemPage"],"@id":"https:\/\/www.blacksmokeracing.com\/product\/girdle-plate-set-for-om605-om612-om647\/","url":"https:\/\/www.blacksmokeracing.com\/product\/girdle-plate-set-for-om605-om612-om647\/","name":"Girdle plate-sats f\u00f6r OM605\/OM612\/OM647 - Black Smoke Ltd","isPartOf":{"@id":"https:\/\/www.blacksmokeracing.com\/#website"},"primaryImageOfPage":{"@id":"https:\/\/www.blacksmokeracing.com\/product\/girdle-plate-set-for-om605-om612-om647\/#primaryimage"},"image":{"@id":"https:\/\/www.blacksmokeracing.com\/product\/girdle-plate-set-for-om605-om612-om647\/#primaryimage"},"thumbnailUrl":"https:\/\/www.blacksmokeracing.com\/wp-content\/uploads\/caps_2022_black_smoke-8761.jpg","datePublished":"2025-01-15T08:31:40+00:00","dateModified":"2026-03-03T15:10:08+00:00","breadcrumb":{"@id":"https:\/\/www.blacksmokeracing.com\/product\/girdle-plate-set-for-om605-om612-om647\/#breadcrumb"},"inLanguage":"sv-SE","potentialAction":[{"@type":"ReadAction","target":["https:\/\/www.blacksmokeracing.com\/product\/girdle-plate-set-for-om605-om612-om647\/"]}]},{"@type":"ImageObject","inLanguage":"sv-SE","@id":"https:\/\/www.blacksmokeracing.com\/product\/girdle-plate-set-for-om605-om612-om647\/#primaryimage","url":"https:\/\/www.blacksmokeracing.com\/wp-content\/uploads\/caps_2022_black_smoke-8761.jpg","contentUrl":"https:\/\/www.blacksmokeracing.com\/wp-content\/uploads\/caps_2022_black_smoke-8761.jpg","width":1280,"height":1920},{"@type":"BreadcrumbList","@id":"https:\/\/www.blacksmokeracing.com\/product\/girdle-plate-set-for-om605-om612-om647\/#breadcrumb","itemListElement":[{"@type":"ListItem","position":1,"name":"Home","item":"https:\/\/www.blacksmokeracing.com\/"},{"@type":"ListItem","position":2,"name":"Shop","item":"https:\/\/www.blacksmokeracing.com\/shop\/"},{"@type":"ListItem","position":3,"name":"Girdle plate set for OM605\/OM612\/OM647"}]},{"@type":"WebSite","@id":"https:\/\/www.blacksmokeracing.com\/#website","url":"https:\/\/www.blacksmokeracing.com\/","name":"Black Smoke Ltd","description":"Inte det mest framg\u00e5ngsrika driftinglaget","publisher":{"@id":"https:\/\/www.blacksmokeracing.com\/#organization"},"potentialAction":[{"@type":"SearchAction","target":{"@type":"EntryPoint","urlTemplate":"https:\/\/www.blacksmokeracing.com\/?s={search_term_string}"},"query-input":{"@type":"PropertyValueSpecification","valueRequired":true,"valueName":"search_term_string"}}],"inLanguage":"sv-SE"},{"@type":"Organization","@id":"https:\/\/www.blacksmokeracing.com\/#organization","name":"Black Smoke Oy Ltd","url":"https:\/\/www.blacksmokeracing.com\/","logo":{"@type":"ImageObject","inLanguage":"sv-SE","@id":"https:\/\/www.blacksmokeracing.com\/#\/schema\/logo\/image\/","url":"https:\/\/www.blacksmokeracing.com\/wp-content\/uploads\/2017\/11\/Black-Smoke-Logo.png","contentUrl":"https:\/\/www.blacksmokeracing.com\/wp-content\/uploads\/2017\/11\/Black-Smoke-Logo.png","width":319,"height":97,"caption":"Black Smoke Oy Ltd"},"image":{"@id":"https:\/\/www.blacksmokeracing.com\/#\/schema\/logo\/image\/"},"sameAs":["https:\/\/www.facebook.com\/blacksmokeracing","https:\/\/x.com\/BlackSmokeMedia"]}]}},"taxonomy_info":{"product_cat":[{"value":588,"label":"Engine"},{"value":531,"label":"Turbodiesel Race parts"}],"pa_engine":[{"value":8896,"label":"om605"},{"value":8868,"label":"om612"},{"value":8683,"label":"om647"}],"product_brands":[{"value":8870,"label":"Black Smoke Performance"}]},"featured_image_src_large":["https:\/\/www.blacksmokeracing.com\/wp-content\/uploads\/caps_2022_black_smoke-8761-1170x1755.jpg",1170,1755,true],"author_info":[],"comment_info":0,"_links":{"self":[{"href":"https:\/\/www.blacksmokeracing.com\/sv\/wp-json\/wp\/v2\/product\/76514","targetHints":{"allow":["GET"]}}],"collection":[{"href":"https:\/\/www.blacksmokeracing.com\/sv\/wp-json\/wp\/v2\/product"}],"about":[{"href":"https:\/\/www.blacksmokeracing.com\/sv\/wp-json\/wp\/v2\/types\/product"}],"replies":[{"embeddable":true,"href":"https:\/\/www.blacksmokeracing.com\/sv\/wp-json\/wp\/v2\/comments?post=76514"}],"wp:featuredmedia":[{"embeddable":true,"href":"https:\/\/www.blacksmokeracing.com\/sv\/wp-json\/wp\/v2\/media\/55724"}],"wp:attachment":[{"href":"https:\/\/www.blacksmokeracing.com\/sv\/wp-json\/wp\/v2\/media?parent=76514"}],"wp:term":[{"taxonomy":"product_cat","embeddable":true,"href":"https:\/\/www.blacksmokeracing.com\/sv\/wp-json\/wp\/v2\/product_cat?post=76514"},{"taxonomy":"product_tag","embeddable":true,"href":"https:\/\/www.blacksmokeracing.com\/sv\/wp-json\/wp\/v2\/product_tag?post=76514"},{"taxonomy":"product_brands","embeddable":true,"href":"https:\/\/www.blacksmokeracing.com\/sv\/wp-json\/wp\/v2\/product_brands?post=76514"}],"curies":[{"name":"wp","href":"https:\/\/api.w.org\/{rel}","templated":true}]}}