{"id":75032,"date":"2024-11-22T11:36:43","date_gmt":"2024-11-22T09:36:43","guid":{"rendered":"https:\/\/www.blacksmokeracing.com\/?post_type=product&#038;p=75032"},"modified":"2026-03-03T10:59:14","modified_gmt":"2026-03-03T08:59:14","slug":"bmw-mercedes-diesel-performance-injector-upgrade","status":"publish","type":"product","link":"https:\/\/www.blacksmokeracing.com\/sv\/product\/bmw-mercedes-diesel-performance-injector-upgrade\/","title":{"rendered":"BMW \/ Mercedes spridare uppgradering"},"content":{"rendered":"<p>Dessa injektorer \u00e4r uppgraderade f\u00f6r att fungera med m\u00e5nga olika steguppbyggnader.<\/p>\r\n\r\n\r\n\r\n\r\n\r\n<h2>Best\u00e4llning och montering<\/h2>\r\n<p>Produkten inkluderar endast uppgradering till dina egna injektorer.<\/p>\r\n<ul>\r\n<li>Se till att monteringsytan f\u00f6r injektorn \u00e4r ren, anv\u00e4nd st\u00e5lborste med borr om det beh\u00f6vs<\/li>\r\n<li>Se till att injektort\u00e4tningen har r\u00e4tt specifikation. Vi har b\u00e4st erfarenhet av lagert\u00e4tningar (1,3 mm\/Mercedes)<\/li>\r\n<li>Dra inte \u00e5t injektorerna f\u00f6r h\u00e5rt, standardspecifikationen \u00e4r 7Nm +90deg +90deg (f\u00f6r Mercedes!)<\/li>\r\n<li>Anv\u00e4nd alltid nya skruvar och nya t\u00e4tningar\/brickor<\/li>\r\n<li>F\u00f6r att utnyttja dessa injektorer fullt ut m\u00e5ste bilen remappas, detta kan ske p\u00e5 tv\u00e5 s\u00e4tt, vi skickar remap-filen till dig via e-post eller s\u00e5 skickar du din ecu till oss f\u00f6r remappning<\/li>\r\n<\/ul>\r\n<p>Om du har fr\u00e5gor, tveka inte att kontakta oss, vi svarar snabbt p\u00e5 e-post.<\/p>","protected":false},"excerpt":{"rendered":"<div class=\"\" data-block=\"true\" data-editor=\"4hnh2\" data-offset-key=\"eii0n-0-0\">\n<div class=\"_1mf _1mj\" data-offset-key=\"eii0n-0-0\"><span style=\"font-family: var(--global-body-font-family);\">Uppgradera dina BMW eller Mercedes orginalspridare. Vi g\u00f6r uppgraderingar f\u00f6r b\u00e5de 1350bar och 1600bar Bosch spridare. <strong>solenoid<\/strong> modeller.<br \/><strong>Du m\u00e5ste skicka dina egna injektorer f\u00f6r uppgraderingen.<\/strong><\/span><\/div>\n<\/div>\n<div data-offset-key=\"eii0n-0-0\">\u00a0<\/div>\n<div data-offset-key=\"eii0n-0-0\"><strong>Priset g\u00e4ller f\u00f6r en injektor. V\u00e4nligen v\u00e4lj r\u00e4tt antal innan du l\u00e4gger till det i din varukorg.<\/strong><\/div>\n<div data-offset-key=\"eii0n-0-0\">\u00a0<\/div>\n<div data-offset-key=\"eii0n-0-0\">Priset inkluderar alltid finsk moms (25,5%), eftersom arbetet utf\u00f6rs i Finland.<\/div>\n<div class=\"\" data-block=\"true\" data-editor=\"4hnh2\" data-offset-key=\"eii0n-0-0\">\n<div data-offset-key=\"eii0n-0-0\">\u00a0<\/div>\n<\/div>\n<ul>\n<li>Varje spridare \u00e4r individuellt testade och balanserade<\/li>\n<li>Spridarkarta medf\u00f6ljer<\/li>\n<\/ul>\n<p><!-- wp:paragraph --><\/p>\n<p>Om du ska skicka en f\u00f6rs\u00e4ndelse till oss hittar du fraktinstruktioner h\u00e4r:<br \/><a href=\"https:\/\/www.blacksmokeracing.com\/sv\/shipping\/\" target=\"_blank\" rel=\"noopener\">https:\/\/www.blacksmokeracing.com\/shipping\/<\/a><\/p>\n<p>&nbsp;<\/p>","protected":false},"featured_media":50983,"comment_status":"open","ping_status":"closed","template":"","meta":{"inline_featured_image":false,"_kad_blocks_custom_css":"","_kad_blocks_head_custom_js":"","_kad_blocks_body_custom_js":"","_kad_blocks_footer_custom_js":"","_kad_post_transparent":"default","_kad_post_title":"","_kad_post_layout":"default","_kad_post_sidebar_id":"","_kad_post_content_style":"default","_kad_post_vertical_padding":"default","_kad_post_feature":"","_kad_post_feature_position":"","_kad_post_header":false,"_kad_post_footer":false,"_kad_post_classname":"","cybocfi_hide_featured_image":""},"product_cat":[586,8883,531],"product_tag":[],"product_brands":[8870],"class_list":{"0":"post-75032","1":"product","2":"type-product","3":"status-publish","4":"has-post-thumbnail","6":"product_cat-fuel-system","7":"product_cat-injectors","8":"product_cat-mercedes-turbodiesel-race-parts","9":"product_brands-black-smoke-performance","10":"wcpa_has_options","12":"first","13":"instock","14":"taxable","15":"shipping-taxable","16":"purchasable","17":"product-type-simple","18":"entry","19":"content-bg","20":"loop-entry"},"yoast_head":"<!-- This site is optimized with the Yoast SEO Premium plugin v27.5 (Yoast SEO v27.5) - https:\/\/yoast.com\/product\/yoast-seo-premium-wordpress\/ -->\n<title>BMW \/ Mercedes diesel performance injector upgrade - Black Smoke Ltd<\/title>\n<meta name=\"robots\" content=\"noindex, nofollow\" \/>\n<meta property=\"og:locale\" content=\"sv_SE\" \/>\n<meta property=\"og:type\" content=\"article\" \/>\n<meta property=\"og:title\" content=\"BMW \/ Mercedes diesel performance injector upgrade\" \/>\n<meta property=\"og:description\" content=\"Injector(s) performance upgrade for your BMW or Mercedes stock injector(s). We can provide upgrades for 1350bar and 1600bar Bosch solenoid models.You need to send your own injector(s) for the upgrade.  \u00a0 Price is for one injector. Please select the correct quantity before adding it to your cart. \u00a0 The price always includes Finnish VAT (25.5%), because the work is done in Finland.  \u00a0   Every injector is individually tested and balanced Injector map provided if needed   If you are sending us a shipment, shipping instructions can be found here:https:\/\/www.blacksmokeracing.com\/shipping\/ &nbsp;\" \/>\n<meta property=\"og:url\" content=\"https:\/\/www.blacksmokeracing.com\/sv\/product\/bmw-mercedes-diesel-performance-injector-upgrade\/\" \/>\n<meta property=\"og:site_name\" content=\"Black Smoke Ltd\" \/>\n<meta property=\"article:publisher\" content=\"https:\/\/www.facebook.com\/blacksmokeracing\" \/>\n<meta property=\"article:modified_time\" content=\"2026-03-03T08:59:14+00:00\" \/>\n<meta property=\"og:image\" content=\"https:\/\/www.blacksmokeracing.com\/wp-content\/uploads\/blacksmoke_parts-04283.jpg\" \/>\n\t<meta property=\"og:image:width\" content=\"1920\" \/>\n\t<meta property=\"og:image:height\" content=\"1280\" \/>\n\t<meta property=\"og:image:type\" content=\"image\/jpeg\" \/>\n<meta name=\"twitter:card\" content=\"summary_large_image\" \/>\n<meta name=\"twitter:site\" content=\"@BlackSmokeMedia\" \/>\n<meta name=\"twitter:label1\" content=\"Ber\u00e4knad l\u00e4stid\" \/>\n\t<meta name=\"twitter:data1\" content=\"1 minut\" \/>\n<script type=\"application\/ld+json\" class=\"yoast-schema-graph\">{\"@context\":\"https:\\\/\\\/schema.org\",\"@graph\":[{\"@type\":[\"WebPage\",\"ItemPage\"],\"@id\":\"https:\\\/\\\/www.blacksmokeracing.com\\\/product\\\/bmw-mercedes-diesel-performance-injector-upgrade\\\/\",\"url\":\"https:\\\/\\\/www.blacksmokeracing.com\\\/product\\\/bmw-mercedes-diesel-performance-injector-upgrade\\\/\",\"name\":\"BMW \\\/ Mercedes diesel performance injector upgrade - Black Smoke Ltd\",\"isPartOf\":{\"@id\":\"https:\\\/\\\/www.blacksmokeracing.com\\\/#website\"},\"primaryImageOfPage\":{\"@id\":\"https:\\\/\\\/www.blacksmokeracing.com\\\/product\\\/bmw-mercedes-diesel-performance-injector-upgrade\\\/#primaryimage\"},\"image\":{\"@id\":\"https:\\\/\\\/www.blacksmokeracing.com\\\/product\\\/bmw-mercedes-diesel-performance-injector-upgrade\\\/#primaryimage\"},\"thumbnailUrl\":\"https:\\\/\\\/www.blacksmokeracing.com\\\/wp-content\\\/uploads\\\/blacksmoke_parts-04283.jpg\",\"datePublished\":\"2024-11-22T09:36:43+00:00\",\"dateModified\":\"2026-03-03T08:59:14+00:00\",\"breadcrumb\":{\"@id\":\"https:\\\/\\\/www.blacksmokeracing.com\\\/product\\\/bmw-mercedes-diesel-performance-injector-upgrade\\\/#breadcrumb\"},\"inLanguage\":\"sv-SE\",\"potentialAction\":[{\"@type\":\"ReadAction\",\"target\":[\"https:\\\/\\\/www.blacksmokeracing.com\\\/product\\\/bmw-mercedes-diesel-performance-injector-upgrade\\\/\"]}]},{\"@type\":\"ImageObject\",\"inLanguage\":\"sv-SE\",\"@id\":\"https:\\\/\\\/www.blacksmokeracing.com\\\/product\\\/bmw-mercedes-diesel-performance-injector-upgrade\\\/#primaryimage\",\"url\":\"https:\\\/\\\/www.blacksmokeracing.com\\\/wp-content\\\/uploads\\\/blacksmoke_parts-04283.jpg\",\"contentUrl\":\"https:\\\/\\\/www.blacksmokeracing.com\\\/wp-content\\\/uploads\\\/blacksmoke_parts-04283.jpg\",\"width\":1920,\"height\":1280},{\"@type\":\"BreadcrumbList\",\"@id\":\"https:\\\/\\\/www.blacksmokeracing.com\\\/product\\\/bmw-mercedes-diesel-performance-injector-upgrade\\\/#breadcrumb\",\"itemListElement\":[{\"@type\":\"ListItem\",\"position\":1,\"name\":\"Home\",\"item\":\"https:\\\/\\\/www.blacksmokeracing.com\\\/\"},{\"@type\":\"ListItem\",\"position\":2,\"name\":\"Shop\",\"item\":\"https:\\\/\\\/www.blacksmokeracing.com\\\/shop\\\/\"},{\"@type\":\"ListItem\",\"position\":3,\"name\":\"BMW \\\/ Mercedes diesel performance injector upgrade\"}]},{\"@type\":\"WebSite\",\"@id\":\"https:\\\/\\\/www.blacksmokeracing.com\\\/#website\",\"url\":\"https:\\\/\\\/www.blacksmokeracing.com\\\/\",\"name\":\"Black Smoke Ltd\",\"description\":\"Not the most successful drifting team\",\"publisher\":{\"@id\":\"https:\\\/\\\/www.blacksmokeracing.com\\\/#organization\"},\"potentialAction\":[{\"@type\":\"SearchAction\",\"target\":{\"@type\":\"EntryPoint\",\"urlTemplate\":\"https:\\\/\\\/www.blacksmokeracing.com\\\/?s={search_term_string}\"},\"query-input\":{\"@type\":\"PropertyValueSpecification\",\"valueRequired\":true,\"valueName\":\"search_term_string\"}}],\"inLanguage\":\"sv-SE\"},{\"@type\":\"Organization\",\"@id\":\"https:\\\/\\\/www.blacksmokeracing.com\\\/#organization\",\"name\":\"Black Smoke Oy Ltd\",\"url\":\"https:\\\/\\\/www.blacksmokeracing.com\\\/\",\"logo\":{\"@type\":\"ImageObject\",\"inLanguage\":\"sv-SE\",\"@id\":\"https:\\\/\\\/www.blacksmokeracing.com\\\/#\\\/schema\\\/logo\\\/image\\\/\",\"url\":\"https:\\\/\\\/www.blacksmokeracing.com\\\/wp-content\\\/uploads\\\/2017\\\/11\\\/Black-Smoke-Logo.png\",\"contentUrl\":\"https:\\\/\\\/www.blacksmokeracing.com\\\/wp-content\\\/uploads\\\/2017\\\/11\\\/Black-Smoke-Logo.png\",\"width\":319,\"height\":97,\"caption\":\"Black Smoke Oy Ltd\"},\"image\":{\"@id\":\"https:\\\/\\\/www.blacksmokeracing.com\\\/#\\\/schema\\\/logo\\\/image\\\/\"},\"sameAs\":[\"https:\\\/\\\/www.facebook.com\\\/blacksmokeracing\",\"https:\\\/\\\/x.com\\\/BlackSmokeMedia\"]}]}<\/script>\n<!-- \/ Yoast SEO Premium plugin. -->","yoast_head_json":{"title":"BMW \/ Mercedes dieselprestandainjektoruppgradering - Black Smoke Ltd","robots":{"index":"noindex","follow":"nofollow"},"og_locale":"sv_SE","og_type":"article","og_title":"BMW \/ Mercedes diesel performance injector upgrade","og_description":"Injector(s) performance upgrade for your BMW or Mercedes stock injector(s). We can provide upgrades for 1350bar and 1600bar Bosch solenoid models.You need to send your own injector(s) for the upgrade.  \u00a0 Price is for one injector. Please select the correct quantity before adding it to your cart. \u00a0 The price always includes Finnish VAT (25.5%), because the work is done in Finland.  \u00a0   Every injector is individually tested and balanced Injector map provided if needed   If you are sending us a shipment, shipping instructions can be found here:https:\/\/www.blacksmokeracing.com\/shipping\/ &nbsp;","og_url":"https:\/\/www.blacksmokeracing.com\/sv\/product\/bmw-mercedes-diesel-performance-injector-upgrade\/","og_site_name":"Black Smoke Ltd","article_publisher":"https:\/\/www.facebook.com\/blacksmokeracing","article_modified_time":"2026-03-03T08:59:14+00:00","og_image":[{"width":1920,"height":1280,"url":"https:\/\/www.blacksmokeracing.com\/wp-content\/uploads\/blacksmoke_parts-04283.jpg","type":"image\/jpeg"}],"twitter_card":"summary_large_image","twitter_site":"@BlackSmokeMedia","twitter_misc":{"Ber\u00e4knad l\u00e4stid":"1 minut"},"schema":{"@context":"https:\/\/schema.org","@graph":[{"@type":["WebPage","ItemPage"],"@id":"https:\/\/www.blacksmokeracing.com\/product\/bmw-mercedes-diesel-performance-injector-upgrade\/","url":"https:\/\/www.blacksmokeracing.com\/product\/bmw-mercedes-diesel-performance-injector-upgrade\/","name":"BMW \/ Mercedes dieselprestandainjektoruppgradering - Black Smoke Ltd","isPartOf":{"@id":"https:\/\/www.blacksmokeracing.com\/#website"},"primaryImageOfPage":{"@id":"https:\/\/www.blacksmokeracing.com\/product\/bmw-mercedes-diesel-performance-injector-upgrade\/#primaryimage"},"image":{"@id":"https:\/\/www.blacksmokeracing.com\/product\/bmw-mercedes-diesel-performance-injector-upgrade\/#primaryimage"},"thumbnailUrl":"https:\/\/www.blacksmokeracing.com\/wp-content\/uploads\/blacksmoke_parts-04283.jpg","datePublished":"2024-11-22T09:36:43+00:00","dateModified":"2026-03-03T08:59:14+00:00","breadcrumb":{"@id":"https:\/\/www.blacksmokeracing.com\/product\/bmw-mercedes-diesel-performance-injector-upgrade\/#breadcrumb"},"inLanguage":"sv-SE","potentialAction":[{"@type":"ReadAction","target":["https:\/\/www.blacksmokeracing.com\/product\/bmw-mercedes-diesel-performance-injector-upgrade\/"]}]},{"@type":"ImageObject","inLanguage":"sv-SE","@id":"https:\/\/www.blacksmokeracing.com\/product\/bmw-mercedes-diesel-performance-injector-upgrade\/#primaryimage","url":"https:\/\/www.blacksmokeracing.com\/wp-content\/uploads\/blacksmoke_parts-04283.jpg","contentUrl":"https:\/\/www.blacksmokeracing.com\/wp-content\/uploads\/blacksmoke_parts-04283.jpg","width":1920,"height":1280},{"@type":"BreadcrumbList","@id":"https:\/\/www.blacksmokeracing.com\/product\/bmw-mercedes-diesel-performance-injector-upgrade\/#breadcrumb","itemListElement":[{"@type":"ListItem","position":1,"name":"Home","item":"https:\/\/www.blacksmokeracing.com\/"},{"@type":"ListItem","position":2,"name":"Shop","item":"https:\/\/www.blacksmokeracing.com\/shop\/"},{"@type":"ListItem","position":3,"name":"BMW \/ Mercedes diesel performance injector upgrade"}]},{"@type":"WebSite","@id":"https:\/\/www.blacksmokeracing.com\/#website","url":"https:\/\/www.blacksmokeracing.com\/","name":"Black Smoke Ltd","description":"Inte det mest framg\u00e5ngsrika driftinglaget","publisher":{"@id":"https:\/\/www.blacksmokeracing.com\/#organization"},"potentialAction":[{"@type":"SearchAction","target":{"@type":"EntryPoint","urlTemplate":"https:\/\/www.blacksmokeracing.com\/?s={search_term_string}"},"query-input":{"@type":"PropertyValueSpecification","valueRequired":true,"valueName":"search_term_string"}}],"inLanguage":"sv-SE"},{"@type":"Organization","@id":"https:\/\/www.blacksmokeracing.com\/#organization","name":"Black Smoke Oy Ltd","url":"https:\/\/www.blacksmokeracing.com\/","logo":{"@type":"ImageObject","inLanguage":"sv-SE","@id":"https:\/\/www.blacksmokeracing.com\/#\/schema\/logo\/image\/","url":"https:\/\/www.blacksmokeracing.com\/wp-content\/uploads\/2017\/11\/Black-Smoke-Logo.png","contentUrl":"https:\/\/www.blacksmokeracing.com\/wp-content\/uploads\/2017\/11\/Black-Smoke-Logo.png","width":319,"height":97,"caption":"Black Smoke Oy Ltd"},"image":{"@id":"https:\/\/www.blacksmokeracing.com\/#\/schema\/logo\/image\/"},"sameAs":["https:\/\/www.facebook.com\/blacksmokeracing","https:\/\/x.com\/BlackSmokeMedia"]}]}},"taxonomy_info":{"product_cat":[{"value":586,"label":"Fuel system"},{"value":8883,"label":"Injectors"},{"value":531,"label":"Turbodiesel Race parts"}],"product_brands":[{"value":8870,"label":"Black Smoke Performance"}]},"featured_image_src_large":["https:\/\/www.blacksmokeracing.com\/wp-content\/uploads\/blacksmoke_parts-04283-1170x780.jpg",1170,780,true],"author_info":[],"comment_info":0,"_links":{"self":[{"href":"https:\/\/www.blacksmokeracing.com\/sv\/wp-json\/wp\/v2\/product\/75032","targetHints":{"allow":["GET"]}}],"collection":[{"href":"https:\/\/www.blacksmokeracing.com\/sv\/wp-json\/wp\/v2\/product"}],"about":[{"href":"https:\/\/www.blacksmokeracing.com\/sv\/wp-json\/wp\/v2\/types\/product"}],"replies":[{"embeddable":true,"href":"https:\/\/www.blacksmokeracing.com\/sv\/wp-json\/wp\/v2\/comments?post=75032"}],"wp:featuredmedia":[{"embeddable":true,"href":"https:\/\/www.blacksmokeracing.com\/sv\/wp-json\/wp\/v2\/media\/50983"}],"wp:attachment":[{"href":"https:\/\/www.blacksmokeracing.com\/sv\/wp-json\/wp\/v2\/media?parent=75032"}],"wp:term":[{"taxonomy":"product_cat","embeddable":true,"href":"https:\/\/www.blacksmokeracing.com\/sv\/wp-json\/wp\/v2\/product_cat?post=75032"},{"taxonomy":"product_tag","embeddable":true,"href":"https:\/\/www.blacksmokeracing.com\/sv\/wp-json\/wp\/v2\/product_tag?post=75032"},{"taxonomy":"product_brands","embeddable":true,"href":"https:\/\/www.blacksmokeracing.com\/sv\/wp-json\/wp\/v2\/product_brands?post=75032"}],"curies":[{"name":"wp","href":"https:\/\/api.w.org\/{rel}","templated":true}]}}