{"id":72591,"date":"2024-08-20T16:55:47","date_gmt":"2024-08-20T13:55:47","guid":{"rendered":"https:\/\/www.blacksmokeracing.com\/?post_type=product&#038;p=72591"},"modified":"2026-04-23T20:23:55","modified_gmt":"2026-04-23T17:23:55","slug":"intake-silicone-hose","status":"publish","type":"product","link":"https:\/\/www.blacksmokeracing.com\/sv\/product\/intake-silicone-hose\/","title":{"rendered":"Silikonslang f\u00f6r insug"},"content":{"rendered":"<p>Med den h\u00e4r slangen kan du se till att din turbo inte suger varm luft fr\u00e5n motorrummet. Mycket b\u00e4ttre l\u00f6sning \u00e4n de vanliga race -filtren av den anledningen. H\u00e5ller turboljuden minimala s\u00e5 att de kan anv\u00e4ndas f\u00f6r daglig k\u00f6rning. Slangkl\u00e4mmor ing\u00e5r i paketet. Plats f\u00f6r vevhusventilation, du beh\u00f6ver bara g\u00f6ra sm\u00e5 modifieringar av filterboxens f\u00e4stplatta. Kom alltid ih\u00e5g att byta luftfilter i tid f\u00f6r att f\u00f6rl\u00e4nga turbons livsl\u00e4ngd och framf\u00f6r allt, f\u00f6r att f\u00e5 mer effekt.<\/p>","protected":false},"excerpt":{"rendered":"<ul>\n<li>Perfekt att anv\u00e4nda med den vanliga w211 luftfilterboxen!<\/li>\n<li>Specialtillverkad f\u00f6r Holset HX35 och v\u00e5rt grenr\u00f6r i rostfritt st\u00e5l!<\/li>\n<li>Sleeper -look!<\/li>\n<li>Optimalt luftfl\u00f6de!<\/li>\n<\/ul>\n<p>Med denna anpassade silikonslang kan du g\u00f6ra en snygg sleeper om648 byggd med v\u00e5r <a href=\"https:\/\/www.blacksmokeracing.com\/sv\/product\/stainless-steel-performance-exhaust-manifold-om613-om648\/\">grenr\u00f6r i rostfritt st\u00e5l<\/a> och <a href=\"https:\/\/www.blacksmokeracing.com\/sv\/product\/holset-hx35-billet\/\">Holset HX35MFS.<\/a><\/p>\n<p>Kolla ocks\u00e5 in paketprodukten f\u00f6r <a href=\"https:\/\/www.blacksmokeracing.com\/sv\/product\/om648-om613-450hp-turbo-bundle\/\">turbo och grenr\u00f6r<\/a><\/p>\n<p>&nbsp;<\/p>","protected":false},"featured_media":72587,"comment_status":"open","ping_status":"closed","template":"","meta":{"inline_featured_image":false,"_kad_blocks_custom_css":"","_kad_blocks_head_custom_js":"","_kad_blocks_body_custom_js":"","_kad_blocks_footer_custom_js":"","_kad_post_transparent":"default","_kad_post_title":"","_kad_post_layout":"default","_kad_post_sidebar_id":"","_kad_post_content_style":"default","_kad_post_vertical_padding":"default","_kad_post_feature":"","_kad_post_feature_position":"","_kad_post_header":false,"_kad_post_footer":false,"_kad_post_classname":"","cybocfi_hide_featured_image":""},"product_cat":[8752,531],"product_tag":[],"product_brands":[8870],"class_list":{"0":"post-72591","1":"product","2":"type-product","3":"status-publish","4":"has-post-thumbnail","6":"product_cat-mercedes-turbo-upgrade-mercedes-turbodiesel-race-parts","7":"product_cat-mercedes-turbodiesel-race-parts","8":"pa_engine-om648","9":"product_brands-black-smoke-performance","11":"first","12":"instock","13":"taxable","14":"shipping-taxable","15":"purchasable","16":"product-type-simple","17":"entry","18":"content-bg","19":"loop-entry"},"yoast_head":"<!-- This site is optimized with the Yoast SEO Premium plugin v27.5 (Yoast SEO v27.5) - https:\/\/yoast.com\/product\/yoast-seo-premium-wordpress\/ -->\n<title>Intake Silicone Hose - Black Smoke Ltd<\/title>\n<meta name=\"robots\" content=\"index, follow, max-snippet:-1, max-image-preview:large, max-video-preview:-1\" \/>\n<link rel=\"canonical\" href=\"https:\/\/www.blacksmokeracing.com\/sv\/product\/intake-silicone-hose\/\" \/>\n<meta property=\"og:locale\" content=\"sv_SE\" \/>\n<meta property=\"og:type\" content=\"article\" \/>\n<meta property=\"og:title\" content=\"Intake Silicone Hose\" \/>\n<meta property=\"og:description\" content=\"Perfect to use with stock w211 air filter box!  Custom made for the Holset HX35 and our stainless steel manifold!  Sleeper look!  Optimal airflow!  With this custom silicone hose you can make nice sleeper om648 build with our stainless steel manifold and Holset HX35MFS.  Also check out the bundle product for the turbo and manifold  &nbsp;\" \/>\n<meta property=\"og:url\" content=\"https:\/\/www.blacksmokeracing.com\/sv\/product\/intake-silicone-hose\/\" \/>\n<meta property=\"og:site_name\" content=\"Black Smoke Ltd\" \/>\n<meta property=\"article:publisher\" content=\"https:\/\/www.facebook.com\/blacksmokeracing\" \/>\n<meta property=\"article:modified_time\" content=\"2026-04-23T17:23:55+00:00\" \/>\n<meta property=\"og:image\" content=\"https:\/\/www.blacksmokeracing.com\/wp-content\/uploads\/DSC04854-scaled.jpg\" \/>\n\t<meta property=\"og:image:width\" content=\"1710\" \/>\n\t<meta property=\"og:image:height\" content=\"2560\" \/>\n\t<meta property=\"og:image:type\" content=\"image\/jpeg\" \/>\n<meta name=\"twitter:card\" content=\"summary_large_image\" \/>\n<meta name=\"twitter:site\" content=\"@BlackSmokeMedia\" \/>\n<meta name=\"twitter:label1\" content=\"Ber\u00e4knad l\u00e4stid\" \/>\n\t<meta name=\"twitter:data1\" content=\"1 minut\" \/>\n<script type=\"application\/ld+json\" class=\"yoast-schema-graph\">{\"@context\":\"https:\\\/\\\/schema.org\",\"@graph\":[{\"@type\":[\"WebPage\",\"ItemPage\"],\"@id\":\"https:\\\/\\\/www.blacksmokeracing.com\\\/product\\\/intake-silicone-hose\\\/\",\"url\":\"https:\\\/\\\/www.blacksmokeracing.com\\\/product\\\/intake-silicone-hose\\\/\",\"name\":\"Intake Silicone Hose - Black Smoke Ltd\",\"isPartOf\":{\"@id\":\"https:\\\/\\\/www.blacksmokeracing.com\\\/#website\"},\"primaryImageOfPage\":{\"@id\":\"https:\\\/\\\/www.blacksmokeracing.com\\\/product\\\/intake-silicone-hose\\\/#primaryimage\"},\"image\":{\"@id\":\"https:\\\/\\\/www.blacksmokeracing.com\\\/product\\\/intake-silicone-hose\\\/#primaryimage\"},\"thumbnailUrl\":\"https:\\\/\\\/www.blacksmokeracing.com\\\/wp-content\\\/uploads\\\/DSC04854-scaled.jpg\",\"datePublished\":\"2024-08-20T13:55:47+00:00\",\"dateModified\":\"2026-04-23T17:23:55+00:00\",\"breadcrumb\":{\"@id\":\"https:\\\/\\\/www.blacksmokeracing.com\\\/product\\\/intake-silicone-hose\\\/#breadcrumb\"},\"inLanguage\":\"sv-SE\",\"potentialAction\":[{\"@type\":\"ReadAction\",\"target\":[\"https:\\\/\\\/www.blacksmokeracing.com\\\/product\\\/intake-silicone-hose\\\/\"]}]},{\"@type\":\"ImageObject\",\"inLanguage\":\"sv-SE\",\"@id\":\"https:\\\/\\\/www.blacksmokeracing.com\\\/product\\\/intake-silicone-hose\\\/#primaryimage\",\"url\":\"https:\\\/\\\/www.blacksmokeracing.com\\\/wp-content\\\/uploads\\\/DSC04854-scaled.jpg\",\"contentUrl\":\"https:\\\/\\\/www.blacksmokeracing.com\\\/wp-content\\\/uploads\\\/DSC04854-scaled.jpg\",\"width\":1710,\"height\":2560},{\"@type\":\"BreadcrumbList\",\"@id\":\"https:\\\/\\\/www.blacksmokeracing.com\\\/product\\\/intake-silicone-hose\\\/#breadcrumb\",\"itemListElement\":[{\"@type\":\"ListItem\",\"position\":1,\"name\":\"Home\",\"item\":\"https:\\\/\\\/www.blacksmokeracing.com\\\/\"},{\"@type\":\"ListItem\",\"position\":2,\"name\":\"Shop\",\"item\":\"https:\\\/\\\/www.blacksmokeracing.com\\\/shop\\\/\"},{\"@type\":\"ListItem\",\"position\":3,\"name\":\"Intake Silicone Hose\"}]},{\"@type\":\"WebSite\",\"@id\":\"https:\\\/\\\/www.blacksmokeracing.com\\\/#website\",\"url\":\"https:\\\/\\\/www.blacksmokeracing.com\\\/\",\"name\":\"Black Smoke Ltd\",\"description\":\"Not the most successful drifting team\",\"publisher\":{\"@id\":\"https:\\\/\\\/www.blacksmokeracing.com\\\/#organization\"},\"potentialAction\":[{\"@type\":\"SearchAction\",\"target\":{\"@type\":\"EntryPoint\",\"urlTemplate\":\"https:\\\/\\\/www.blacksmokeracing.com\\\/?s={search_term_string}\"},\"query-input\":{\"@type\":\"PropertyValueSpecification\",\"valueRequired\":true,\"valueName\":\"search_term_string\"}}],\"inLanguage\":\"sv-SE\"},{\"@type\":\"Organization\",\"@id\":\"https:\\\/\\\/www.blacksmokeracing.com\\\/#organization\",\"name\":\"Black Smoke Oy Ltd\",\"url\":\"https:\\\/\\\/www.blacksmokeracing.com\\\/\",\"logo\":{\"@type\":\"ImageObject\",\"inLanguage\":\"sv-SE\",\"@id\":\"https:\\\/\\\/www.blacksmokeracing.com\\\/#\\\/schema\\\/logo\\\/image\\\/\",\"url\":\"https:\\\/\\\/www.blacksmokeracing.com\\\/wp-content\\\/uploads\\\/2017\\\/11\\\/Black-Smoke-Logo.png\",\"contentUrl\":\"https:\\\/\\\/www.blacksmokeracing.com\\\/wp-content\\\/uploads\\\/2017\\\/11\\\/Black-Smoke-Logo.png\",\"width\":319,\"height\":97,\"caption\":\"Black Smoke Oy Ltd\"},\"image\":{\"@id\":\"https:\\\/\\\/www.blacksmokeracing.com\\\/#\\\/schema\\\/logo\\\/image\\\/\"},\"sameAs\":[\"https:\\\/\\\/www.facebook.com\\\/blacksmokeracing\",\"https:\\\/\\\/x.com\\\/BlackSmokeMedia\"]}]}<\/script>\n<!-- \/ Yoast SEO Premium plugin. -->","yoast_head_json":{"title":"Intagssilikonslang - Black Smoke Ltd","robots":{"index":"index","follow":"follow","max-snippet":"max-snippet:-1","max-image-preview":"max-image-preview:large","max-video-preview":"max-video-preview:-1"},"canonical":"https:\/\/www.blacksmokeracing.com\/sv\/product\/intake-silicone-hose\/","og_locale":"sv_SE","og_type":"article","og_title":"Intake Silicone Hose","og_description":"Perfect to use with stock w211 air filter box!  Custom made for the Holset HX35 and our stainless steel manifold!  Sleeper look!  Optimal airflow!  With this custom silicone hose you can make nice sleeper om648 build with our stainless steel manifold and Holset HX35MFS.  Also check out the bundle product for the turbo and manifold  &nbsp;","og_url":"https:\/\/www.blacksmokeracing.com\/sv\/product\/intake-silicone-hose\/","og_site_name":"Black Smoke Ltd","article_publisher":"https:\/\/www.facebook.com\/blacksmokeracing","article_modified_time":"2026-04-23T17:23:55+00:00","og_image":[{"width":1710,"height":2560,"url":"https:\/\/www.blacksmokeracing.com\/wp-content\/uploads\/DSC04854-scaled.jpg","type":"image\/jpeg"}],"twitter_card":"summary_large_image","twitter_site":"@BlackSmokeMedia","twitter_misc":{"Ber\u00e4knad l\u00e4stid":"1 minut"},"schema":{"@context":"https:\/\/schema.org","@graph":[{"@type":["WebPage","ItemPage"],"@id":"https:\/\/www.blacksmokeracing.com\/product\/intake-silicone-hose\/","url":"https:\/\/www.blacksmokeracing.com\/product\/intake-silicone-hose\/","name":"Intagssilikonslang - Black Smoke Ltd","isPartOf":{"@id":"https:\/\/www.blacksmokeracing.com\/#website"},"primaryImageOfPage":{"@id":"https:\/\/www.blacksmokeracing.com\/product\/intake-silicone-hose\/#primaryimage"},"image":{"@id":"https:\/\/www.blacksmokeracing.com\/product\/intake-silicone-hose\/#primaryimage"},"thumbnailUrl":"https:\/\/www.blacksmokeracing.com\/wp-content\/uploads\/DSC04854-scaled.jpg","datePublished":"2024-08-20T13:55:47+00:00","dateModified":"2026-04-23T17:23:55+00:00","breadcrumb":{"@id":"https:\/\/www.blacksmokeracing.com\/product\/intake-silicone-hose\/#breadcrumb"},"inLanguage":"sv-SE","potentialAction":[{"@type":"ReadAction","target":["https:\/\/www.blacksmokeracing.com\/product\/intake-silicone-hose\/"]}]},{"@type":"ImageObject","inLanguage":"sv-SE","@id":"https:\/\/www.blacksmokeracing.com\/product\/intake-silicone-hose\/#primaryimage","url":"https:\/\/www.blacksmokeracing.com\/wp-content\/uploads\/DSC04854-scaled.jpg","contentUrl":"https:\/\/www.blacksmokeracing.com\/wp-content\/uploads\/DSC04854-scaled.jpg","width":1710,"height":2560},{"@type":"BreadcrumbList","@id":"https:\/\/www.blacksmokeracing.com\/product\/intake-silicone-hose\/#breadcrumb","itemListElement":[{"@type":"ListItem","position":1,"name":"Home","item":"https:\/\/www.blacksmokeracing.com\/"},{"@type":"ListItem","position":2,"name":"Shop","item":"https:\/\/www.blacksmokeracing.com\/shop\/"},{"@type":"ListItem","position":3,"name":"Intake Silicone Hose"}]},{"@type":"WebSite","@id":"https:\/\/www.blacksmokeracing.com\/#website","url":"https:\/\/www.blacksmokeracing.com\/","name":"Black Smoke Ltd","description":"Inte det mest framg\u00e5ngsrika driftinglaget","publisher":{"@id":"https:\/\/www.blacksmokeracing.com\/#organization"},"potentialAction":[{"@type":"SearchAction","target":{"@type":"EntryPoint","urlTemplate":"https:\/\/www.blacksmokeracing.com\/?s={search_term_string}"},"query-input":{"@type":"PropertyValueSpecification","valueRequired":true,"valueName":"search_term_string"}}],"inLanguage":"sv-SE"},{"@type":"Organization","@id":"https:\/\/www.blacksmokeracing.com\/#organization","name":"Black Smoke Oy Ltd","url":"https:\/\/www.blacksmokeracing.com\/","logo":{"@type":"ImageObject","inLanguage":"sv-SE","@id":"https:\/\/www.blacksmokeracing.com\/#\/schema\/logo\/image\/","url":"https:\/\/www.blacksmokeracing.com\/wp-content\/uploads\/2017\/11\/Black-Smoke-Logo.png","contentUrl":"https:\/\/www.blacksmokeracing.com\/wp-content\/uploads\/2017\/11\/Black-Smoke-Logo.png","width":319,"height":97,"caption":"Black Smoke Oy Ltd"},"image":{"@id":"https:\/\/www.blacksmokeracing.com\/#\/schema\/logo\/image\/"},"sameAs":["https:\/\/www.facebook.com\/blacksmokeracing","https:\/\/x.com\/BlackSmokeMedia"]}]}},"taxonomy_info":{"product_cat":[{"value":8752,"label":"Mercedes Turbo Upgrade"},{"value":531,"label":"Turbodiesel Race parts"}],"pa_engine":[{"value":8685,"label":"om648"}],"product_brands":[{"value":8870,"label":"Black Smoke Performance"}]},"featured_image_src_large":["https:\/\/www.blacksmokeracing.com\/wp-content\/uploads\/DSC04854-1170x1752.jpg",1170,1752,true],"author_info":[],"comment_info":0,"_links":{"self":[{"href":"https:\/\/www.blacksmokeracing.com\/sv\/wp-json\/wp\/v2\/product\/72591","targetHints":{"allow":["GET"]}}],"collection":[{"href":"https:\/\/www.blacksmokeracing.com\/sv\/wp-json\/wp\/v2\/product"}],"about":[{"href":"https:\/\/www.blacksmokeracing.com\/sv\/wp-json\/wp\/v2\/types\/product"}],"replies":[{"embeddable":true,"href":"https:\/\/www.blacksmokeracing.com\/sv\/wp-json\/wp\/v2\/comments?post=72591"}],"wp:featuredmedia":[{"embeddable":true,"href":"https:\/\/www.blacksmokeracing.com\/sv\/wp-json\/wp\/v2\/media\/72587"}],"wp:attachment":[{"href":"https:\/\/www.blacksmokeracing.com\/sv\/wp-json\/wp\/v2\/media?parent=72591"}],"wp:term":[{"taxonomy":"product_cat","embeddable":true,"href":"https:\/\/www.blacksmokeracing.com\/sv\/wp-json\/wp\/v2\/product_cat?post=72591"},{"taxonomy":"product_tag","embeddable":true,"href":"https:\/\/www.blacksmokeracing.com\/sv\/wp-json\/wp\/v2\/product_tag?post=72591"},{"taxonomy":"product_brands","embeddable":true,"href":"https:\/\/www.blacksmokeracing.com\/sv\/wp-json\/wp\/v2\/product_brands?post=72591"}],"curies":[{"name":"wp","href":"https:\/\/api.w.org\/{rel}","templated":true}]}}