{"id":70916,"date":"2024-05-16T14:56:52","date_gmt":"2024-05-16T11:56:52","guid":{"rendered":"https:\/\/www.blacksmokeracing.com\/?post_type=product&#038;p=70916"},"modified":"2026-03-29T20:05:40","modified_gmt":"2026-03-29T17:05:40","slug":"universal-oil-pressure-line","status":"publish","type":"product","link":"https:\/\/www.blacksmokeracing.com\/sv\/product\/universal-oil-pressure-line\/","title":{"rendered":"Universal oljetrycksslang"},"content":{"rendered":"<p>Det \u00e4r viktigt att ha en oljetrycksledning f\u00f6r turboladdare med r\u00e4tt dimensioner som \u00e4r korrekt installerad med r\u00e4tt t\u00e4tningar och kopplingar. Den h\u00e4r \u00e4r gjord f\u00f6r att enkelt montera v\u00e5r <a href=\"https:\/\/www.blacksmokeracing.com\/sv\/product\/om648-om613-450hp-turbo-bundle\/\">grenr\u00f6r i rostfritt st\u00e5l med Holset HX35<\/a> applikation. Oljetrycksledningen och -slangen kan \u00e4ven passa andra applikationer.<\/p>\n<h2>Best\u00e4llning och montering<\/h2>\n<p>Best\u00e4ll denna produkt med <a href=\"https:\/\/www.blacksmokeracing.com\/sv\/product\/holset-hx35-billet\/\">Holset HX35 MFS<\/a>banjo\u00e4nden g\u00e5r till turboaggregatet och den andra \u00e4nden passar turboaggregatets oljeledning.<\/p>\n<ol>\n<li>B\u00f6rja med att montera turbosidan<\/li>\n<li>Kontrollera r\u00e4tt l\u00e4ngd och kapa den befintliga oljeledningen s\u00e5 att den nya oljeledningen \u00e4r tillr\u00e4ckligt l\u00e5ng f\u00f6r att n\u00e5 fram.<\/li>\n<li>S\u00e4tt muttern och t\u00e4tningen p\u00e5 lageroljeledningen<\/li>\n<li>Skruva fast muttern p\u00e5 den nya oljeledningen och olja in kopplingen n\u00e5got<\/li>\n<li>Dra \u00e5t tills den \u00e4r helt t\u00e4t<\/li>\n<\/ol>","protected":false},"excerpt":{"rendered":"<p>Oljetrycksslang med banjobult och kopparbrickor, m12x1,5. P\u00e5 Mercedes kan du sk\u00e4ra av orginal-r\u00f6ret och passa den i andra \u00e4nden. Perfekt f\u00f6r v\u00e5rt grenr\u00f6r med Holset HX35-applikation, passar \u00e4ven andra applikationer.<\/p>\n<ul>\n<li>Mycket enkel montering<\/li>\n<li>H\u00e5rdvara ing\u00e5r<\/li>\n<\/ul>","protected":false},"featured_media":74816,"comment_status":"open","ping_status":"closed","template":"","meta":{"inline_featured_image":false,"_kad_blocks_custom_css":"","_kad_blocks_head_custom_js":"","_kad_blocks_body_custom_js":"","_kad_blocks_footer_custom_js":"","_kad_post_transparent":"default","_kad_post_title":"","_kad_post_layout":"default","_kad_post_sidebar_id":"","_kad_post_content_style":"default","_kad_post_vertical_padding":"default","_kad_post_feature":"","_kad_post_feature_position":"","_kad_post_header":false,"_kad_post_footer":false,"_kad_post_classname":"","cybocfi_hide_featured_image":""},"product_cat":[531],"product_tag":[],"product_brands":[8870],"class_list":{"0":"post-70916","1":"product","2":"type-product","3":"status-publish","4":"has-post-thumbnail","6":"product_cat-mercedes-turbodiesel-race-parts","7":"pa_engine-om611","8":"pa_engine-om612","9":"pa_engine-om613","10":"pa_engine-om646","11":"pa_engine-om647","12":"pa_engine-om648","13":"product_brands-black-smoke-performance","15":"first","16":"instock","17":"taxable","18":"shipping-taxable","19":"purchasable","20":"product-type-simple","21":"entry","22":"content-bg","23":"loop-entry"},"yoast_head":"<!-- This site is optimized with the Yoast SEO Premium plugin v27.3 (Yoast SEO v27.3) - https:\/\/yoast.com\/product\/yoast-seo-premium-wordpress\/ -->\n<title>Universal oil pressure line - Black Smoke Ltd<\/title>\n<meta name=\"robots\" content=\"index, follow, max-snippet:-1, max-image-preview:large, max-video-preview:-1\" \/>\n<link rel=\"canonical\" href=\"https:\/\/www.blacksmokeracing.com\/sv\/product\/universal-oil-pressure-line\/\" \/>\n<meta property=\"og:locale\" content=\"sv_SE\" \/>\n<meta property=\"og:type\" content=\"article\" \/>\n<meta property=\"og:title\" content=\"Universal oil pressure line\" \/>\n<meta property=\"og:description\" content=\"Oil pressure line with banjo bolt and copper washers, m12x1,5. On Mercedes you can cut the stock metal line and fit it to the other end. Perfect for our manifold with Holset HX35 application, fits other applications too.   Very easy mounting  Hardware included\" \/>\n<meta property=\"og:url\" content=\"https:\/\/www.blacksmokeracing.com\/sv\/product\/universal-oil-pressure-line\/\" \/>\n<meta property=\"og:site_name\" content=\"Black Smoke Ltd\" \/>\n<meta property=\"article:publisher\" content=\"https:\/\/www.facebook.com\/blacksmokeracing\" \/>\n<meta property=\"article:modified_time\" content=\"2026-03-29T17:05:40+00:00\" \/>\n<meta property=\"og:image\" content=\"https:\/\/www.blacksmokeracing.com\/wp-content\/uploads\/black_smoke_performance-72-scaled.jpg\" \/>\n\t<meta property=\"og:image:width\" content=\"2560\" \/>\n\t<meta property=\"og:image:height\" content=\"1707\" \/>\n\t<meta property=\"og:image:type\" content=\"image\/jpeg\" \/>\n<meta name=\"twitter:card\" content=\"summary_large_image\" \/>\n<meta name=\"twitter:site\" content=\"@BlackSmokeMedia\" \/>\n<meta name=\"twitter:label1\" content=\"Ber\u00e4knad l\u00e4stid\" \/>\n\t<meta name=\"twitter:data1\" content=\"1 minut\" \/>\n<script type=\"application\/ld+json\" class=\"yoast-schema-graph\">{\"@context\":\"https:\\\/\\\/schema.org\",\"@graph\":[{\"@type\":[\"WebPage\",\"ItemPage\"],\"@id\":\"https:\\\/\\\/www.blacksmokeracing.com\\\/product\\\/universal-oil-pressure-line\\\/\",\"url\":\"https:\\\/\\\/www.blacksmokeracing.com\\\/product\\\/universal-oil-pressure-line\\\/\",\"name\":\"Universal oil pressure line - Black Smoke Ltd\",\"isPartOf\":{\"@id\":\"https:\\\/\\\/www.blacksmokeracing.com\\\/#website\"},\"primaryImageOfPage\":{\"@id\":\"https:\\\/\\\/www.blacksmokeracing.com\\\/product\\\/universal-oil-pressure-line\\\/#primaryimage\"},\"image\":{\"@id\":\"https:\\\/\\\/www.blacksmokeracing.com\\\/product\\\/universal-oil-pressure-line\\\/#primaryimage\"},\"thumbnailUrl\":\"https:\\\/\\\/www.blacksmokeracing.com\\\/wp-content\\\/uploads\\\/black_smoke_performance-72-scaled.jpg\",\"datePublished\":\"2024-05-16T11:56:52+00:00\",\"dateModified\":\"2026-03-29T17:05:40+00:00\",\"breadcrumb\":{\"@id\":\"https:\\\/\\\/www.blacksmokeracing.com\\\/product\\\/universal-oil-pressure-line\\\/#breadcrumb\"},\"inLanguage\":\"sv-SE\",\"potentialAction\":[{\"@type\":\"ReadAction\",\"target\":[\"https:\\\/\\\/www.blacksmokeracing.com\\\/product\\\/universal-oil-pressure-line\\\/\"]}]},{\"@type\":\"ImageObject\",\"inLanguage\":\"sv-SE\",\"@id\":\"https:\\\/\\\/www.blacksmokeracing.com\\\/product\\\/universal-oil-pressure-line\\\/#primaryimage\",\"url\":\"https:\\\/\\\/www.blacksmokeracing.com\\\/wp-content\\\/uploads\\\/black_smoke_performance-72-scaled.jpg\",\"contentUrl\":\"https:\\\/\\\/www.blacksmokeracing.com\\\/wp-content\\\/uploads\\\/black_smoke_performance-72-scaled.jpg\",\"width\":2560,\"height\":1707},{\"@type\":\"BreadcrumbList\",\"@id\":\"https:\\\/\\\/www.blacksmokeracing.com\\\/product\\\/universal-oil-pressure-line\\\/#breadcrumb\",\"itemListElement\":[{\"@type\":\"ListItem\",\"position\":1,\"name\":\"Home\",\"item\":\"https:\\\/\\\/www.blacksmokeracing.com\\\/\"},{\"@type\":\"ListItem\",\"position\":2,\"name\":\"Shop\",\"item\":\"https:\\\/\\\/www.blacksmokeracing.com\\\/shop\\\/\"},{\"@type\":\"ListItem\",\"position\":3,\"name\":\"Universal oil pressure line\"}]},{\"@type\":\"WebSite\",\"@id\":\"https:\\\/\\\/www.blacksmokeracing.com\\\/#website\",\"url\":\"https:\\\/\\\/www.blacksmokeracing.com\\\/\",\"name\":\"Black Smoke Ltd\",\"description\":\"Not the most successful drifting team\",\"publisher\":{\"@id\":\"https:\\\/\\\/www.blacksmokeracing.com\\\/#organization\"},\"potentialAction\":[{\"@type\":\"SearchAction\",\"target\":{\"@type\":\"EntryPoint\",\"urlTemplate\":\"https:\\\/\\\/www.blacksmokeracing.com\\\/?s={search_term_string}\"},\"query-input\":{\"@type\":\"PropertyValueSpecification\",\"valueRequired\":true,\"valueName\":\"search_term_string\"}}],\"inLanguage\":\"sv-SE\"},{\"@type\":\"Organization\",\"@id\":\"https:\\\/\\\/www.blacksmokeracing.com\\\/#organization\",\"name\":\"Black Smoke Oy Ltd\",\"url\":\"https:\\\/\\\/www.blacksmokeracing.com\\\/\",\"logo\":{\"@type\":\"ImageObject\",\"inLanguage\":\"sv-SE\",\"@id\":\"https:\\\/\\\/www.blacksmokeracing.com\\\/#\\\/schema\\\/logo\\\/image\\\/\",\"url\":\"https:\\\/\\\/www.blacksmokeracing.com\\\/wp-content\\\/uploads\\\/2017\\\/11\\\/Black-Smoke-Logo.png\",\"contentUrl\":\"https:\\\/\\\/www.blacksmokeracing.com\\\/wp-content\\\/uploads\\\/2017\\\/11\\\/Black-Smoke-Logo.png\",\"width\":319,\"height\":97,\"caption\":\"Black Smoke Oy Ltd\"},\"image\":{\"@id\":\"https:\\\/\\\/www.blacksmokeracing.com\\\/#\\\/schema\\\/logo\\\/image\\\/\"},\"sameAs\":[\"https:\\\/\\\/www.facebook.com\\\/blacksmokeracing\",\"https:\\\/\\\/x.com\\\/BlackSmokeMedia\"]}]}<\/script>\n<!-- \/ Yoast SEO Premium plugin. -->","yoast_head_json":{"title":"Universal oljetrycksledning - Black Smoke Ltd","robots":{"index":"index","follow":"follow","max-snippet":"max-snippet:-1","max-image-preview":"max-image-preview:large","max-video-preview":"max-video-preview:-1"},"canonical":"https:\/\/www.blacksmokeracing.com\/sv\/product\/universal-oil-pressure-line\/","og_locale":"sv_SE","og_type":"article","og_title":"Universal oil pressure line","og_description":"Oil pressure line with banjo bolt and copper washers, m12x1,5. On Mercedes you can cut the stock metal line and fit it to the other end. Perfect for our manifold with Holset HX35 application, fits other applications too.   Very easy mounting  Hardware included","og_url":"https:\/\/www.blacksmokeracing.com\/sv\/product\/universal-oil-pressure-line\/","og_site_name":"Black Smoke Ltd","article_publisher":"https:\/\/www.facebook.com\/blacksmokeracing","article_modified_time":"2026-03-29T17:05:40+00:00","og_image":[{"width":2560,"height":1707,"url":"https:\/\/www.blacksmokeracing.com\/wp-content\/uploads\/black_smoke_performance-72-scaled.jpg","type":"image\/jpeg"}],"twitter_card":"summary_large_image","twitter_site":"@BlackSmokeMedia","twitter_misc":{"Ber\u00e4knad l\u00e4stid":"1 minut"},"schema":{"@context":"https:\/\/schema.org","@graph":[{"@type":["WebPage","ItemPage"],"@id":"https:\/\/www.blacksmokeracing.com\/product\/universal-oil-pressure-line\/","url":"https:\/\/www.blacksmokeracing.com\/product\/universal-oil-pressure-line\/","name":"Universal oljetrycksledning - Black Smoke Ltd","isPartOf":{"@id":"https:\/\/www.blacksmokeracing.com\/#website"},"primaryImageOfPage":{"@id":"https:\/\/www.blacksmokeracing.com\/product\/universal-oil-pressure-line\/#primaryimage"},"image":{"@id":"https:\/\/www.blacksmokeracing.com\/product\/universal-oil-pressure-line\/#primaryimage"},"thumbnailUrl":"https:\/\/www.blacksmokeracing.com\/wp-content\/uploads\/black_smoke_performance-72-scaled.jpg","datePublished":"2024-05-16T11:56:52+00:00","dateModified":"2026-03-29T17:05:40+00:00","breadcrumb":{"@id":"https:\/\/www.blacksmokeracing.com\/product\/universal-oil-pressure-line\/#breadcrumb"},"inLanguage":"sv-SE","potentialAction":[{"@type":"ReadAction","target":["https:\/\/www.blacksmokeracing.com\/product\/universal-oil-pressure-line\/"]}]},{"@type":"ImageObject","inLanguage":"sv-SE","@id":"https:\/\/www.blacksmokeracing.com\/product\/universal-oil-pressure-line\/#primaryimage","url":"https:\/\/www.blacksmokeracing.com\/wp-content\/uploads\/black_smoke_performance-72-scaled.jpg","contentUrl":"https:\/\/www.blacksmokeracing.com\/wp-content\/uploads\/black_smoke_performance-72-scaled.jpg","width":2560,"height":1707},{"@type":"BreadcrumbList","@id":"https:\/\/www.blacksmokeracing.com\/product\/universal-oil-pressure-line\/#breadcrumb","itemListElement":[{"@type":"ListItem","position":1,"name":"Home","item":"https:\/\/www.blacksmokeracing.com\/"},{"@type":"ListItem","position":2,"name":"Shop","item":"https:\/\/www.blacksmokeracing.com\/shop\/"},{"@type":"ListItem","position":3,"name":"Universal oil pressure line"}]},{"@type":"WebSite","@id":"https:\/\/www.blacksmokeracing.com\/#website","url":"https:\/\/www.blacksmokeracing.com\/","name":"Black Smoke Ltd","description":"Inte det mest framg\u00e5ngsrika driftinglaget","publisher":{"@id":"https:\/\/www.blacksmokeracing.com\/#organization"},"potentialAction":[{"@type":"SearchAction","target":{"@type":"EntryPoint","urlTemplate":"https:\/\/www.blacksmokeracing.com\/?s={search_term_string}"},"query-input":{"@type":"PropertyValueSpecification","valueRequired":true,"valueName":"search_term_string"}}],"inLanguage":"sv-SE"},{"@type":"Organization","@id":"https:\/\/www.blacksmokeracing.com\/#organization","name":"Black Smoke Oy Ltd","url":"https:\/\/www.blacksmokeracing.com\/","logo":{"@type":"ImageObject","inLanguage":"sv-SE","@id":"https:\/\/www.blacksmokeracing.com\/#\/schema\/logo\/image\/","url":"https:\/\/www.blacksmokeracing.com\/wp-content\/uploads\/2017\/11\/Black-Smoke-Logo.png","contentUrl":"https:\/\/www.blacksmokeracing.com\/wp-content\/uploads\/2017\/11\/Black-Smoke-Logo.png","width":319,"height":97,"caption":"Black Smoke Oy Ltd"},"image":{"@id":"https:\/\/www.blacksmokeracing.com\/#\/schema\/logo\/image\/"},"sameAs":["https:\/\/www.facebook.com\/blacksmokeracing","https:\/\/x.com\/BlackSmokeMedia"]}]}},"taxonomy_info":{"product_cat":[{"value":531,"label":"Turbodiesel Race parts"}],"pa_engine":[{"value":8867,"label":"om611"},{"value":8868,"label":"om612"},{"value":8869,"label":"om613"},{"value":8681,"label":"om646"},{"value":8683,"label":"om647"},{"value":8685,"label":"om648"}],"product_brands":[{"value":8870,"label":"Black Smoke Performance"}]},"featured_image_src_large":["https:\/\/www.blacksmokeracing.com\/wp-content\/uploads\/black_smoke_performance-72-1170x780.jpg",1170,780,true],"author_info":[],"comment_info":0,"_links":{"self":[{"href":"https:\/\/www.blacksmokeracing.com\/sv\/wp-json\/wp\/v2\/product\/70916","targetHints":{"allow":["GET"]}}],"collection":[{"href":"https:\/\/www.blacksmokeracing.com\/sv\/wp-json\/wp\/v2\/product"}],"about":[{"href":"https:\/\/www.blacksmokeracing.com\/sv\/wp-json\/wp\/v2\/types\/product"}],"replies":[{"embeddable":true,"href":"https:\/\/www.blacksmokeracing.com\/sv\/wp-json\/wp\/v2\/comments?post=70916"}],"wp:featuredmedia":[{"embeddable":true,"href":"https:\/\/www.blacksmokeracing.com\/sv\/wp-json\/wp\/v2\/media\/74816"}],"wp:attachment":[{"href":"https:\/\/www.blacksmokeracing.com\/sv\/wp-json\/wp\/v2\/media?parent=70916"}],"wp:term":[{"taxonomy":"product_cat","embeddable":true,"href":"https:\/\/www.blacksmokeracing.com\/sv\/wp-json\/wp\/v2\/product_cat?post=70916"},{"taxonomy":"product_tag","embeddable":true,"href":"https:\/\/www.blacksmokeracing.com\/sv\/wp-json\/wp\/v2\/product_tag?post=70916"},{"taxonomy":"product_brands","embeddable":true,"href":"https:\/\/www.blacksmokeracing.com\/sv\/wp-json\/wp\/v2\/product_brands?post=70916"}],"curies":[{"name":"wp","href":"https:\/\/api.w.org\/{rel}","templated":true}]}}