{"id":68898,"date":"2024-03-05T10:51:47","date_gmt":"2024-03-05T08:51:47","guid":{"rendered":"https:\/\/www.blacksmokeracing.com\/?post_type=product&#038;p=68898"},"modified":"2026-03-09T08:52:04","modified_gmt":"2026-03-09T06:52:04","slug":"om648-performance-bundle","status":"publish","type":"product","link":"https:\/\/www.blacksmokeracing.com\/sv\/product\/om648-performance-bundle\/","title":{"rendered":"OM648 450HP prestandapaket"},"content":{"rendered":"<p>Vi har skapat bra inneh\u00e5ll f\u00f6r att visa hur produkterna fungerar, sn\u00e4lla <a href=\"https:\/\/youtube.com\/@turbodieselbuilds\" target=\"_blank\" rel=\"noopener\">kolla upp det<\/a>!<\/p>\r\n\r\n\r\n\r\n<p class=\"translation-block\"><strong>Vi \u00e5terbetalar 40\u20ac\/injektor, om du vill skicka dina egna injektorer, skicka dem till Linnusperantie 9, 67600 Karleby, Finland. <span style=\"text-decoration: underline\">Observera att fr\u00e5n l\u00e4nder utanf\u00f6r EU \u2013 Vi accepterar inte normala postpaket, ENDAST KURRIER, <strong>DHL, FEDEX, DPD etc.<\/strong><\/span><\/strong><\/p>","protected":false},"excerpt":{"rendered":"<p>Paket som inneh\u00e5ller n\u00f6dv\u00e4ndiga delar f\u00f6r att n\u00e5 450 hk eller \u00e4nnu mer p\u00e5 en om648. Ut\u00f6ver dessa delar beh\u00f6ver du \u00e4ven uppgradera din intercooler till en med \u00e4ndtankar i aluminium. Paketet inkluderar programvara, men inte installation. N\u00e4r du k\u00f6per, se till att du vet var du kan f\u00e5 din ECU flashad.<strong><br \/><\/strong><\/p>\n<p>Please note &#8211; this set does not include the om628 high pressure pump that is needed for this horsepower.<\/p>\n<ul>\n<li>Avgasgrenr\u00f6r i rostfritt st\u00e5l<\/li>\n<li>Billet pumpkoppling<\/li>\n<li>HX35MFS Turbo<\/li>\n<li>Universal oljetrycksslang<\/li>\n<li>STREET spridare<\/li>\n<li>Paketet testad i dyno<\/li>\n<\/ul>","protected":false},"featured_media":66489,"comment_status":"open","ping_status":"closed","template":"","meta":{"inline_featured_image":false,"_kad_blocks_custom_css":"","_kad_blocks_head_custom_js":"","_kad_blocks_body_custom_js":"","_kad_blocks_footer_custom_js":"","_kad_post_transparent":"default","_kad_post_title":"","_kad_post_layout":"default","_kad_post_sidebar_id":"","_kad_post_content_style":"default","_kad_post_vertical_padding":"default","_kad_post_feature":"","_kad_post_feature_position":"","_kad_post_header":false,"_kad_post_footer":false,"_kad_post_classname":"","cybocfi_hide_featured_image":""},"product_cat":[8840,588,8752,531],"product_tag":[],"product_brands":[8870],"class_list":{"0":"post-68898","1":"product","2":"type-product","3":"status-publish","4":"has-post-thumbnail","6":"product_cat-diesel-power-bundles","7":"product_cat-engine","8":"product_cat-mercedes-turbo-upgrade-mercedes-turbodiesel-race-parts","9":"product_cat-mercedes-turbodiesel-race-parts","10":"product_brands-black-smoke-performance","12":"first","13":"outofstock","14":"taxable","15":"shipping-taxable","16":"purchasable","17":"product-type-woosb","18":"entry","19":"content-bg","20":"loop-entry"},"yoast_head":"<!-- This site is optimized with the Yoast SEO Premium plugin v27.4 (Yoast SEO v27.4) - https:\/\/yoast.com\/product\/yoast-seo-premium-wordpress\/ -->\n<title>OM648 450HP Performance Bundle - Black Smoke Ltd<\/title>\n<meta name=\"robots\" content=\"index, follow, max-snippet:-1, max-image-preview:large, max-video-preview:-1\" \/>\n<link rel=\"canonical\" href=\"https:\/\/www.blacksmokeracing.com\/sv\/product\/om648-performance-bundle\/\" \/>\n<meta property=\"og:locale\" content=\"sv_SE\" \/>\n<meta property=\"og:type\" content=\"article\" \/>\n<meta property=\"og:title\" content=\"OM648 450HP Performance Bundle\" \/>\n<meta property=\"og:description\" content=\"Bundle which includes necessary parts for reaching 450hp or even more on a om648. Other than these parts you also need to upgrade your intercooler to one with aluminium end tanks. Bundle includes software, but not installation. When buying, please make sure you know where you can get your ECU flashed. Please note - this set does not include the om628 high pressure pump that is needed for this horsepower.  Stainless steel exhaust manifold Rail pump coupling HX35MFS Turbo Universal oil pressure line STREET injectors Dyno tested setup\" \/>\n<meta property=\"og:url\" content=\"https:\/\/www.blacksmokeracing.com\/sv\/product\/om648-performance-bundle\/\" \/>\n<meta property=\"og:site_name\" content=\"Black Smoke Ltd\" \/>\n<meta property=\"article:publisher\" content=\"https:\/\/www.facebook.com\/blacksmokeracing\" \/>\n<meta property=\"article:modified_time\" content=\"2026-03-09T06:52:04+00:00\" \/>\n<meta property=\"og:image\" content=\"https:\/\/www.blacksmokeracing.com\/wp-content\/uploads\/dummykuva.jpg\" \/>\n\t<meta property=\"og:image:width\" content=\"600\" \/>\n\t<meta property=\"og:image:height\" content=\"600\" \/>\n\t<meta property=\"og:image:type\" content=\"image\/jpeg\" \/>\n<meta name=\"twitter:card\" content=\"summary_large_image\" \/>\n<meta name=\"twitter:site\" content=\"@BlackSmokeMedia\" \/>\n<meta name=\"twitter:label1\" content=\"Ber\u00e4knad l\u00e4stid\" \/>\n\t<meta name=\"twitter:data1\" content=\"1 minut\" \/>\n<script type=\"application\/ld+json\" class=\"yoast-schema-graph\">{\"@context\":\"https:\\\/\\\/schema.org\",\"@graph\":[{\"@type\":[\"WebPage\",\"ItemPage\"],\"@id\":\"https:\\\/\\\/www.blacksmokeracing.com\\\/product\\\/om648-performance-bundle\\\/\",\"url\":\"https:\\\/\\\/www.blacksmokeracing.com\\\/product\\\/om648-performance-bundle\\\/\",\"name\":\"OM648 450HP Performance Bundle - Black Smoke Ltd\",\"isPartOf\":{\"@id\":\"https:\\\/\\\/www.blacksmokeracing.com\\\/#website\"},\"primaryImageOfPage\":{\"@id\":\"https:\\\/\\\/www.blacksmokeracing.com\\\/product\\\/om648-performance-bundle\\\/#primaryimage\"},\"image\":{\"@id\":\"https:\\\/\\\/www.blacksmokeracing.com\\\/product\\\/om648-performance-bundle\\\/#primaryimage\"},\"thumbnailUrl\":\"https:\\\/\\\/www.blacksmokeracing.com\\\/wp-content\\\/uploads\\\/dummykuva.jpg\",\"datePublished\":\"2024-03-05T08:51:47+00:00\",\"dateModified\":\"2026-03-09T06:52:04+00:00\",\"breadcrumb\":{\"@id\":\"https:\\\/\\\/www.blacksmokeracing.com\\\/product\\\/om648-performance-bundle\\\/#breadcrumb\"},\"inLanguage\":\"sv-SE\",\"potentialAction\":[{\"@type\":\"ReadAction\",\"target\":[\"https:\\\/\\\/www.blacksmokeracing.com\\\/product\\\/om648-performance-bundle\\\/\"]}]},{\"@type\":\"ImageObject\",\"inLanguage\":\"sv-SE\",\"@id\":\"https:\\\/\\\/www.blacksmokeracing.com\\\/product\\\/om648-performance-bundle\\\/#primaryimage\",\"url\":\"https:\\\/\\\/www.blacksmokeracing.com\\\/wp-content\\\/uploads\\\/dummykuva.jpg\",\"contentUrl\":\"https:\\\/\\\/www.blacksmokeracing.com\\\/wp-content\\\/uploads\\\/dummykuva.jpg\",\"width\":600,\"height\":600},{\"@type\":\"BreadcrumbList\",\"@id\":\"https:\\\/\\\/www.blacksmokeracing.com\\\/product\\\/om648-performance-bundle\\\/#breadcrumb\",\"itemListElement\":[{\"@type\":\"ListItem\",\"position\":1,\"name\":\"Home\",\"item\":\"https:\\\/\\\/www.blacksmokeracing.com\\\/\"},{\"@type\":\"ListItem\",\"position\":2,\"name\":\"Shop\",\"item\":\"https:\\\/\\\/www.blacksmokeracing.com\\\/shop\\\/\"},{\"@type\":\"ListItem\",\"position\":3,\"name\":\"OM648 450HP Performance Bundle\"}]},{\"@type\":\"WebSite\",\"@id\":\"https:\\\/\\\/www.blacksmokeracing.com\\\/#website\",\"url\":\"https:\\\/\\\/www.blacksmokeracing.com\\\/\",\"name\":\"Black Smoke Ltd\",\"description\":\"Not the most successful drifting team\",\"publisher\":{\"@id\":\"https:\\\/\\\/www.blacksmokeracing.com\\\/#organization\"},\"potentialAction\":[{\"@type\":\"SearchAction\",\"target\":{\"@type\":\"EntryPoint\",\"urlTemplate\":\"https:\\\/\\\/www.blacksmokeracing.com\\\/?s={search_term_string}\"},\"query-input\":{\"@type\":\"PropertyValueSpecification\",\"valueRequired\":true,\"valueName\":\"search_term_string\"}}],\"inLanguage\":\"sv-SE\"},{\"@type\":\"Organization\",\"@id\":\"https:\\\/\\\/www.blacksmokeracing.com\\\/#organization\",\"name\":\"Black Smoke Oy Ltd\",\"url\":\"https:\\\/\\\/www.blacksmokeracing.com\\\/\",\"logo\":{\"@type\":\"ImageObject\",\"inLanguage\":\"sv-SE\",\"@id\":\"https:\\\/\\\/www.blacksmokeracing.com\\\/#\\\/schema\\\/logo\\\/image\\\/\",\"url\":\"https:\\\/\\\/www.blacksmokeracing.com\\\/wp-content\\\/uploads\\\/2017\\\/11\\\/Black-Smoke-Logo.png\",\"contentUrl\":\"https:\\\/\\\/www.blacksmokeracing.com\\\/wp-content\\\/uploads\\\/2017\\\/11\\\/Black-Smoke-Logo.png\",\"width\":319,\"height\":97,\"caption\":\"Black Smoke Oy Ltd\"},\"image\":{\"@id\":\"https:\\\/\\\/www.blacksmokeracing.com\\\/#\\\/schema\\\/logo\\\/image\\\/\"},\"sameAs\":[\"https:\\\/\\\/www.facebook.com\\\/blacksmokeracing\",\"https:\\\/\\\/x.com\\\/BlackSmokeMedia\"]}]}<\/script>\n<!-- \/ Yoast SEO Premium plugin. -->","yoast_head_json":{"title":"OM648 450HP prestandapaket - Black Smoke Ltd","robots":{"index":"index","follow":"follow","max-snippet":"max-snippet:-1","max-image-preview":"max-image-preview:large","max-video-preview":"max-video-preview:-1"},"canonical":"https:\/\/www.blacksmokeracing.com\/sv\/product\/om648-performance-bundle\/","og_locale":"sv_SE","og_type":"article","og_title":"OM648 450HP Performance Bundle","og_description":"Bundle which includes necessary parts for reaching 450hp or even more on a om648. Other than these parts you also need to upgrade your intercooler to one with aluminium end tanks. Bundle includes software, but not installation. When buying, please make sure you know where you can get your ECU flashed. Please note - this set does not include the om628 high pressure pump that is needed for this horsepower.  Stainless steel exhaust manifold Rail pump coupling HX35MFS Turbo Universal oil pressure line STREET injectors Dyno tested setup","og_url":"https:\/\/www.blacksmokeracing.com\/sv\/product\/om648-performance-bundle\/","og_site_name":"Black Smoke Ltd","article_publisher":"https:\/\/www.facebook.com\/blacksmokeracing","article_modified_time":"2026-03-09T06:52:04+00:00","og_image":[{"width":600,"height":600,"url":"https:\/\/www.blacksmokeracing.com\/wp-content\/uploads\/dummykuva.jpg","type":"image\/jpeg"}],"twitter_card":"summary_large_image","twitter_site":"@BlackSmokeMedia","twitter_misc":{"Ber\u00e4knad l\u00e4stid":"1 minut"},"schema":{"@context":"https:\/\/schema.org","@graph":[{"@type":["WebPage","ItemPage"],"@id":"https:\/\/www.blacksmokeracing.com\/product\/om648-performance-bundle\/","url":"https:\/\/www.blacksmokeracing.com\/product\/om648-performance-bundle\/","name":"OM648 450HP prestandapaket - Black Smoke Ltd","isPartOf":{"@id":"https:\/\/www.blacksmokeracing.com\/#website"},"primaryImageOfPage":{"@id":"https:\/\/www.blacksmokeracing.com\/product\/om648-performance-bundle\/#primaryimage"},"image":{"@id":"https:\/\/www.blacksmokeracing.com\/product\/om648-performance-bundle\/#primaryimage"},"thumbnailUrl":"https:\/\/www.blacksmokeracing.com\/wp-content\/uploads\/dummykuva.jpg","datePublished":"2024-03-05T08:51:47+00:00","dateModified":"2026-03-09T06:52:04+00:00","breadcrumb":{"@id":"https:\/\/www.blacksmokeracing.com\/product\/om648-performance-bundle\/#breadcrumb"},"inLanguage":"sv-SE","potentialAction":[{"@type":"ReadAction","target":["https:\/\/www.blacksmokeracing.com\/product\/om648-performance-bundle\/"]}]},{"@type":"ImageObject","inLanguage":"sv-SE","@id":"https:\/\/www.blacksmokeracing.com\/product\/om648-performance-bundle\/#primaryimage","url":"https:\/\/www.blacksmokeracing.com\/wp-content\/uploads\/dummykuva.jpg","contentUrl":"https:\/\/www.blacksmokeracing.com\/wp-content\/uploads\/dummykuva.jpg","width":600,"height":600},{"@type":"BreadcrumbList","@id":"https:\/\/www.blacksmokeracing.com\/product\/om648-performance-bundle\/#breadcrumb","itemListElement":[{"@type":"ListItem","position":1,"name":"Home","item":"https:\/\/www.blacksmokeracing.com\/"},{"@type":"ListItem","position":2,"name":"Shop","item":"https:\/\/www.blacksmokeracing.com\/shop\/"},{"@type":"ListItem","position":3,"name":"OM648 450HP Performance Bundle"}]},{"@type":"WebSite","@id":"https:\/\/www.blacksmokeracing.com\/#website","url":"https:\/\/www.blacksmokeracing.com\/","name":"Black Smoke Ltd","description":"Inte det mest framg\u00e5ngsrika driftinglaget","publisher":{"@id":"https:\/\/www.blacksmokeracing.com\/#organization"},"potentialAction":[{"@type":"SearchAction","target":{"@type":"EntryPoint","urlTemplate":"https:\/\/www.blacksmokeracing.com\/?s={search_term_string}"},"query-input":{"@type":"PropertyValueSpecification","valueRequired":true,"valueName":"search_term_string"}}],"inLanguage":"sv-SE"},{"@type":"Organization","@id":"https:\/\/www.blacksmokeracing.com\/#organization","name":"Black Smoke Oy Ltd","url":"https:\/\/www.blacksmokeracing.com\/","logo":{"@type":"ImageObject","inLanguage":"sv-SE","@id":"https:\/\/www.blacksmokeracing.com\/#\/schema\/logo\/image\/","url":"https:\/\/www.blacksmokeracing.com\/wp-content\/uploads\/2017\/11\/Black-Smoke-Logo.png","contentUrl":"https:\/\/www.blacksmokeracing.com\/wp-content\/uploads\/2017\/11\/Black-Smoke-Logo.png","width":319,"height":97,"caption":"Black Smoke Oy Ltd"},"image":{"@id":"https:\/\/www.blacksmokeracing.com\/#\/schema\/logo\/image\/"},"sameAs":["https:\/\/www.facebook.com\/blacksmokeracing","https:\/\/x.com\/BlackSmokeMedia"]}]}},"taxonomy_info":{"product_cat":[{"value":8840,"label":"Diesel Power Bundles"},{"value":588,"label":"Engine"},{"value":8752,"label":"Mercedes Turbo Upgrade"},{"value":531,"label":"Turbodiesel Race parts"}],"product_brands":[{"value":8870,"label":"Black Smoke Performance"}]},"featured_image_src_large":["https:\/\/www.blacksmokeracing.com\/wp-content\/uploads\/dummykuva.jpg",600,600,false],"author_info":[],"comment_info":0,"_links":{"self":[{"href":"https:\/\/www.blacksmokeracing.com\/sv\/wp-json\/wp\/v2\/product\/68898","targetHints":{"allow":["GET"]}}],"collection":[{"href":"https:\/\/www.blacksmokeracing.com\/sv\/wp-json\/wp\/v2\/product"}],"about":[{"href":"https:\/\/www.blacksmokeracing.com\/sv\/wp-json\/wp\/v2\/types\/product"}],"replies":[{"embeddable":true,"href":"https:\/\/www.blacksmokeracing.com\/sv\/wp-json\/wp\/v2\/comments?post=68898"}],"wp:featuredmedia":[{"embeddable":true,"href":"https:\/\/www.blacksmokeracing.com\/sv\/wp-json\/wp\/v2\/media\/66489"}],"wp:attachment":[{"href":"https:\/\/www.blacksmokeracing.com\/sv\/wp-json\/wp\/v2\/media?parent=68898"}],"wp:term":[{"taxonomy":"product_cat","embeddable":true,"href":"https:\/\/www.blacksmokeracing.com\/sv\/wp-json\/wp\/v2\/product_cat?post=68898"},{"taxonomy":"product_tag","embeddable":true,"href":"https:\/\/www.blacksmokeracing.com\/sv\/wp-json\/wp\/v2\/product_tag?post=68898"},{"taxonomy":"product_brands","embeddable":true,"href":"https:\/\/www.blacksmokeracing.com\/sv\/wp-json\/wp\/v2\/product_brands?post=68898"}],"curies":[{"name":"wp","href":"https:\/\/api.w.org\/{rel}","templated":true}]}}