{"id":66568,"date":"2023-11-23T15:20:43","date_gmt":"2023-11-23T13:20:43","guid":{"rendered":"https:\/\/www.blacksmokeracing.com\/?post_type=product&#038;p=66568"},"modified":"2026-02-10T14:50:46","modified_gmt":"2026-02-10T12:50:46","slug":"mercedes-custom-diesel-edc16-swap-ecu","status":"publish","type":"product","link":"https:\/\/www.blacksmokeracing.com\/sv\/product\/mercedes-custom-diesel-edc16-swap-ecu\/","title":{"rendered":"Mercedes anpassad Diesel EDC16 ECU"},"content":{"rendered":"<p><span style=\"font-weight: 400;\">Modified Bosch EDC16 plug and play engine management system. The ECU comes with pre installed software that works well with your car, just enter your engine modifications and preferred characteristics. We have been using the EDC15, but now also have done immobilizer deactivation to EDC16 ecu. The result is this product, software together with an ECU that works for the mercedes CDI engine to get more than enough power out of it and swappable to almost any setup.<\/span><\/p>\r\n<p>Please note, if your engine is an om611,om612 or om613, it has the Bosch EDC15 ECU which does not have the same connectors as EDC16. This ECU uses connectors found on om646,om647 and om648.<\/p>\r\n<h2><b>Parts that you need to use<\/b><\/h2>\r\n<ul>\r\n<li>Electric gas pedal OR the gas pedal potentiometer<\/li>\r\n<li>Wiring harness from om646,om647 or om648 depending on your model.<\/li>\r\n<\/ul>\r\n<h2>Ordering and installation<\/h2>\r\n<ul>\r\n<li>After you make the order you&#8217;ll get the wiring diagram by email<\/li>\r\n<li>We are not responsible for the install, however if you need advice, you can contact us anytime. Please write thoroughly about your issue, include pictures.<\/li>\r\n<\/ul>\r\n<p><span style=\"text-decoration: underline;\"><span style=\"font-weight: 400;\">Delivery time: 2 weeks.<\/span><\/span><\/p>\r\n<p><b>The small print:<br \/><\/b><span style=\"font-weight: 400;\">By placing an order on this part you acknowledge the following:<br \/><\/span><span style=\"font-weight: 400;\">This is an aftermarket part. We do not take any responsibility for your engine build or even the ordered\u00a0 part as there is no way to check whether faults are in the user or in the part itself. HOWEVER, we do provide service and or new parts with the same mentality as we always have so stay calm, you are in good hands.<\/span><\/p>\r\n<p>&nbsp;<\/p>\r\n<div data-block-name=\"woocommerce\/handpicked-products\" data-products=\"[49486]\" class=\"wc-block-grid wp-block-handpicked-products wp-block-woocommerce-handpicked-products wc-block-handpicked-products has-3-columns has-multiple-rows\"><ul class=\"wc-block-grid__products\"><li class=\"wc-block-grid__product entry loop-entry content-bg woo-archive-action-visible woo-archive-btn-button product-loop-boxed woo-archive-image-hover-fade\"><a href=\"https:\/\/www.blacksmokeracing.com\/sv\/product\/4bar-map-sensor\/\" class=\"wc-block-grid__product-link woocommerce-loop-image-link woocommerce-LoopProduct-link woocommerce-loop-product__link\"><span class=\"gtm4wp_productdata\" style=\"display:none; visibility:hidden;\" data-gtm4wp_product_data=\"{&quot;internal_id&quot;:49486,&quot;item_id&quot;:&quot;4BARMAP&quot;,&quot;item_name&quot;:&quot;4bar Map sensor&quot;,&quot;sku&quot;:&quot;4BARMAP&quot;,&quot;price&quot;:47.81,&quot;stocklevel&quot;:48,&quot;stockstatus&quot;:&quot;instock&quot;,&quot;google_business_vertical&quot;:&quot;retail&quot;,&quot;item_category&quot;:&quot;Turbodiesel Race parts&quot;,&quot;id&quot;:&quot;4BARMAP&quot;,&quot;item_brand&quot;:&quot;Generic - Performance&quot;,&quot;productlink&quot;:&quot;https:\\\/\\\/www.blacksmokeracing.com\\\/sv\\\/product\\\/4bar-map-sensor\\\/&quot;,&quot;item_list_name&quot;:&quot;General Product List&quot;,&quot;index&quot;:0,&quot;product_type&quot;:&quot;simple&quot;}\"><\/span>\n\t\t\t\t\t<img loading=\"lazy\" decoding=\"async\" width=\"350\" height=\"350\" src=\"https:\/\/www.blacksmokeracing.com\/wp-content\/uploads\/h-preview-350x350.jpg\" class=\"attachment-woocommerce_thumbnail size-woocommerce_thumbnail\" alt=\"4bar Map sensor\" srcset=\"https:\/\/www.blacksmokeracing.com\/wp-content\/uploads\/h-preview-350x350.jpg 350w, https:\/\/www.blacksmokeracing.com\/wp-content\/uploads\/h-preview-100x100.jpg 100w, https:\/\/www.blacksmokeracing.com\/wp-content\/uploads\/h-preview-465x465.jpg 465w, https:\/\/www.blacksmokeracing.com\/wp-content\/uploads\/h-preview-64x64.jpg 64w, https:\/\/www.blacksmokeracing.com\/wp-content\/uploads\/h-preview-585x585.jpg 585w, https:\/\/www.blacksmokeracing.com\/wp-content\/uploads\/h-preview-1170x1170.jpg 1170w, https:\/\/www.blacksmokeracing.com\/wp-content\/uploads\/h-preview-768x768.jpg 768w, https:\/\/www.blacksmokeracing.com\/wp-content\/uploads\/h-preview-1536x1536.jpg 1536w, https:\/\/www.blacksmokeracing.com\/wp-content\/uploads\/h-preview-930x930.jpg 930w, https:\/\/www.blacksmokeracing.com\/wp-content\/uploads\/h-preview-154x154.jpg 154w, https:\/\/www.blacksmokeracing.com\/wp-content\/uploads\/h-preview-77x77.jpg 77w, https:\/\/www.blacksmokeracing.com\/wp-content\/uploads\/h-preview.jpg 2000w\" sizes=\"auto, (max-width: 350px) 100vw, 350px\" \/>\n\t\t\t\t\t\n\t\t\t\t<\/a>\n\t\t\t\t<div class=\"product-details content-bg entry-content-wrap\">\n\t\t\t\t\t<a href=\"https:\/\/www.blacksmokeracing.com\/sv\/product\/4bar-map-sensor\/\" class=\"wc-block-grid__product-title-link\">\n\t\t\t\t\t\t<div class=\"wc-block-grid__product-title\">4bar Map sensor<\/div>\n\t\t\t\t\t<\/a>\n\t\t\t\t\t\n\t\t\t\t\t<div class=\"wc-block-grid__product-price price\"><span data-product-vat=\"0\" class=\"woocommerce-Price-amount amount\">47,81&nbsp;<span class=\"woocommerce-Price-currencySymbol\">\u20ac<\/span><\/span><\/div>\n\t\t\t\t\t<div class=\"wp-block-button wc-block-grid__product-add-to-cart\"><a href=\"\/sv\/wp-json\/wp\/v2\/product\/66568?add-to-cart=49486\" aria-label=\"L\u00e4gg till i varukorgen: \u201d4bar Map sensor\u201d\" data-quantity=\"1\" data-product_id=\"49486\" data-product_sku=\"4BARMAP\" rel=\"nofollow\" class=\"wp-block-button__link add_to_cart_button ajax_add_to_cart\">L\u00e4gg till i varukorg<span class=\"kadence-svg-iconset svg-baseline\"><svg class=\"kadence-svg-icon kadence-spinner-svg\" fill=\"currentColor\" version=\"1.1\" xmlns=\"http:\/\/www.w3.org\/2000\/svg\" width=\"16\" height=\"16\" viewBox=\"0 0 16 16\"><title>Loading<\/title><path d=\"M16 6h-6l2.243-2.243c-1.133-1.133-2.64-1.757-4.243-1.757s-3.109 0.624-4.243 1.757c-1.133 1.133-1.757 2.64-1.757 4.243s0.624 3.109 1.757 4.243c1.133 1.133 2.64 1.757 4.243 1.757s3.109-0.624 4.243-1.757c0.095-0.095 0.185-0.192 0.273-0.292l1.505 1.317c-1.466 1.674-3.62 2.732-6.020 2.732-4.418 0-8-3.582-8-8s3.582-8 8-8c2.209 0 4.209 0.896 5.656 2.344l2.343-2.344v6z\"><\/path>\n\t\t\t\t<\/svg><\/span><span class=\"kadence-svg-iconset svg-baseline\"><svg class=\"kadence-svg-icon kadence-check-svg\" fill=\"currentColor\" version=\"1.1\" xmlns=\"http:\/\/www.w3.org\/2000\/svg\" width=\"16\" height=\"16\" viewBox=\"0 0 16 16\"><title>Done<\/title><path d=\"M14 2.5l-8.5 8.5-3.5-3.5-1.5 1.5 5 5 10-10z\"><\/path>\n\t\t\t\t<\/svg><\/span><\/a><\/div>\n\t\t\t\t<\/div>\n\t\t\t<\/li><\/ul><\/div>\r\n\r\n\r\n<figure class=\"wp-block-embed is-type-video is-provider-youtube wp-block-embed-youtube wp-embed-aspect-16-9 wp-has-aspect-ratio\">\r\n<div class=\"wp-block-embed__wrapper\">https:\/\/youtu.be\/ynhcgCpHaXI<\/div>\r\n<\/figure>\r\n","protected":false},"excerpt":{"rendered":"<p><span style=\"color: #ff0000;\">Denna ECU \u00e4r endast avsedd f\u00f6r anv\u00e4ndning vid motorbyte. Den kan inte ers\u00e4tta original-ECU:n i ett fordon som anv\u00e4nds i v\u00e4gtrafik.<\/span><\/p>\n<p>Modified Bosch EDC16 plug and play engine management system. The ECU comes with pre installed software that works with your car, just enter your engine modifications and preferred characteristics. This ECU can also control the OM648 turbocharger. <strong>Mer information nedan i beskrivningsavsnittet.<\/strong><\/p>\n<p><span style=\"color: #ff0000;\"><strong>Du m\u00e5ste v\u00e4lja om du vill skicka din EGEN ECU till oss eller s\u00e5 kan du k\u00f6pa begagnad ECU av oss.<\/strong><\/span><\/p>\n<p>-Innefattar inga kablar, du hittar kopplingsschema i e-postmeddelandet med orderbekr\u00e4ftelsen. <br \/>-Du kan ocks\u00e5 k\u00f6pa 4 bars MAP-sensor<a href=\"https:\/\/www.blacksmokeracing.com\/sv\/product\/mercedes-turbodiesel-race-parts\/engine-management\/4bar-map-sensor\/\"> h\u00e4r.<\/a><br \/>-Rekommenderas om din basmotor \u00e4r OM629, OM642, OM646, OM647 eller OM648 OCH du har orginal kablage till dem<\/p>\n<ul>\n<li>Plug &amp; Play<\/li>\n<li>M\u00f6jligt att programmera p\u00e5 distans<\/li>\n<li>Perfekt l\u00f6sning f\u00f6r motorbyten och swaps<\/li>\n<li>OM629, OM642, OM646, OM647, OM648<\/li>\n<\/ul>\n<p>Om du ska skicka en f\u00f6rs\u00e4ndelse till oss hittar du fraktinstruktioner h\u00e4r:<br \/><a href=\"https:\/\/www.blacksmokeracing.com\/sv\/shipping\/\" target=\"_blank\" rel=\"noopener\">https:\/\/www.blacksmokeracing.com\/shipping\/<\/a><\/p>\n<p>Wiring diagrams:<br \/><a href=\"https:\/\/www.blacksmokeracing.com\/sv\/mercedes-ecu-wiring-diagrams\/\">https:\/\/www.blacksmokeracing.com\/mercedes-ecu-wiring-diagrams\/<\/a><\/p>","protected":false},"featured_media":66574,"comment_status":"open","ping_status":"closed","template":"","meta":{"inline_featured_image":false,"_kad_blocks_custom_css":"","_kad_blocks_head_custom_js":"","_kad_blocks_body_custom_js":"","_kad_blocks_footer_custom_js":"","_kad_post_transparent":"default","_kad_post_title":"","_kad_post_layout":"default","_kad_post_sidebar_id":"","_kad_post_content_style":"default","_kad_post_vertical_padding":"default","_kad_post_feature":"","_kad_post_feature_position":"","_kad_post_header":false,"_kad_post_footer":false,"_kad_post_classname":"","cybocfi_hide_featured_image":""},"product_cat":[8801,532,531],"product_tag":[8799],"product_brands":[8874],"class_list":{"0":"post-66568","1":"product","2":"type-product","3":"status-publish","4":"has-post-thumbnail","6":"product_cat-custom-ecu","7":"product_cat-engine-management","8":"product_cat-mercedes-turbodiesel-race-parts","9":"product_tag-custom-ecu-for-mercedes-diesel-engines","10":"product_brands-bosch","11":"wcpa_has_options","13":"first","14":"instock","15":"taxable","16":"shipping-taxable","17":"purchasable","18":"product-type-variable","19":"has-default-attributes","20":"entry","21":"content-bg","22":"loop-entry"},"yoast_head":"<!-- This site is optimized with the Yoast SEO Premium plugin v27.3 (Yoast SEO v27.3) - https:\/\/yoast.com\/product\/yoast-seo-premium-wordpress\/ -->\n<title>Mercedes Custom Diesel EDC16 ECU - Black Smoke Ltd<\/title>\n<meta name=\"robots\" content=\"index, follow, max-snippet:-1, max-image-preview:large, max-video-preview:-1\" \/>\n<link rel=\"canonical\" href=\"https:\/\/www.blacksmokeracing.com\/sv\/product\/mercedes-custom-diesel-edc16-swap-ecu\/\" \/>\n<meta property=\"og:locale\" content=\"sv_SE\" \/>\n<meta property=\"og:type\" content=\"article\" \/>\n<meta property=\"og:title\" content=\"Mercedes Custom Diesel EDC16 ECU\" \/>\n<meta property=\"og:description\" content=\"This ECU is intended for engine swap use only. It cannot replace the original ECU of a vehicle used in road traffic. Modified Bosch EDC16 plug and play engine management system. The ECU comes with pre installed software that works with your car, just enter your engine modifications and preferred characteristics. This ECU can also control the OM648 turbocharger. More information below in description section. You must choose if you want send your OWN ECU to us or you can buy used ECU from us. -Does not include any wiring, you will find wiring diagram on order confirmation email. -You can also purchase 4 bar MAP sensor here.-Recommended if your base engine is OM629, OM642, OM646, OM647 or OM648 AND you have stock wiring harness to them  Plug &amp; Play Possible to tune remotely Perfect solution for engine swaps OM629, OM642, OM646, OM647, OM648  If you are sending us a shipment, shipping instructions can be found here:https:\/\/www.blacksmokeracing.com\/shipping\/ Wiring diagrams:https:\/\/www.blacksmokeracing.com\/mercedes-ecu-wiring-diagrams\/\" \/>\n<meta property=\"og:url\" content=\"https:\/\/www.blacksmokeracing.com\/sv\/product\/mercedes-custom-diesel-edc16-swap-ecu\/\" \/>\n<meta property=\"og:site_name\" content=\"Black Smoke Ltd\" \/>\n<meta property=\"article:publisher\" content=\"https:\/\/www.facebook.com\/blacksmokeracing\" \/>\n<meta property=\"article:modified_time\" content=\"2026-02-10T12:50:46+00:00\" \/>\n<meta property=\"og:image\" content=\"https:\/\/www.blacksmokeracing.com\/wp-content\/uploads\/bsr-edc16.jpg\" \/>\n\t<meta property=\"og:image:width\" content=\"2412\" \/>\n\t<meta property=\"og:image:height\" content=\"2412\" \/>\n\t<meta property=\"og:image:type\" content=\"image\/jpeg\" \/>\n<meta name=\"twitter:card\" content=\"summary_large_image\" \/>\n<meta name=\"twitter:site\" content=\"@BlackSmokeMedia\" \/>\n<meta name=\"twitter:label1\" content=\"Ber\u00e4knad l\u00e4stid\" \/>\n\t<meta name=\"twitter:data1\" content=\"2 minuter\" \/>\n<script type=\"application\/ld+json\" class=\"yoast-schema-graph\">{\"@context\":\"https:\\\/\\\/schema.org\",\"@graph\":[{\"@type\":[\"WebPage\",\"ItemPage\"],\"@id\":\"https:\\\/\\\/www.blacksmokeracing.com\\\/product\\\/mercedes-custom-diesel-edc16-swap-ecu\\\/\",\"url\":\"https:\\\/\\\/www.blacksmokeracing.com\\\/product\\\/mercedes-custom-diesel-edc16-swap-ecu\\\/\",\"name\":\"Mercedes Custom Diesel EDC16 ECU - Black Smoke Ltd\",\"isPartOf\":{\"@id\":\"https:\\\/\\\/www.blacksmokeracing.com\\\/#website\"},\"primaryImageOfPage\":{\"@id\":\"https:\\\/\\\/www.blacksmokeracing.com\\\/product\\\/mercedes-custom-diesel-edc16-swap-ecu\\\/#primaryimage\"},\"image\":{\"@id\":\"https:\\\/\\\/www.blacksmokeracing.com\\\/product\\\/mercedes-custom-diesel-edc16-swap-ecu\\\/#primaryimage\"},\"thumbnailUrl\":\"https:\\\/\\\/www.blacksmokeracing.com\\\/wp-content\\\/uploads\\\/bsr-edc16.jpg\",\"datePublished\":\"2023-11-23T13:20:43+00:00\",\"dateModified\":\"2026-02-10T12:50:46+00:00\",\"breadcrumb\":{\"@id\":\"https:\\\/\\\/www.blacksmokeracing.com\\\/product\\\/mercedes-custom-diesel-edc16-swap-ecu\\\/#breadcrumb\"},\"inLanguage\":\"sv-SE\",\"potentialAction\":[{\"@type\":\"ReadAction\",\"target\":[\"https:\\\/\\\/www.blacksmokeracing.com\\\/product\\\/mercedes-custom-diesel-edc16-swap-ecu\\\/\"]}]},{\"@type\":\"ImageObject\",\"inLanguage\":\"sv-SE\",\"@id\":\"https:\\\/\\\/www.blacksmokeracing.com\\\/product\\\/mercedes-custom-diesel-edc16-swap-ecu\\\/#primaryimage\",\"url\":\"https:\\\/\\\/www.blacksmokeracing.com\\\/wp-content\\\/uploads\\\/bsr-edc16.jpg\",\"contentUrl\":\"https:\\\/\\\/www.blacksmokeracing.com\\\/wp-content\\\/uploads\\\/bsr-edc16.jpg\",\"width\":2412,\"height\":2412},{\"@type\":\"BreadcrumbList\",\"@id\":\"https:\\\/\\\/www.blacksmokeracing.com\\\/product\\\/mercedes-custom-diesel-edc16-swap-ecu\\\/#breadcrumb\",\"itemListElement\":[{\"@type\":\"ListItem\",\"position\":1,\"name\":\"Home\",\"item\":\"https:\\\/\\\/www.blacksmokeracing.com\\\/\"},{\"@type\":\"ListItem\",\"position\":2,\"name\":\"Shop\",\"item\":\"https:\\\/\\\/www.blacksmokeracing.com\\\/shop\\\/\"},{\"@type\":\"ListItem\",\"position\":3,\"name\":\"Mercedes Custom Diesel EDC16 ECU\"}]},{\"@type\":\"WebSite\",\"@id\":\"https:\\\/\\\/www.blacksmokeracing.com\\\/#website\",\"url\":\"https:\\\/\\\/www.blacksmokeracing.com\\\/\",\"name\":\"Black Smoke Ltd\",\"description\":\"Not the most successful drifting team\",\"publisher\":{\"@id\":\"https:\\\/\\\/www.blacksmokeracing.com\\\/#organization\"},\"potentialAction\":[{\"@type\":\"SearchAction\",\"target\":{\"@type\":\"EntryPoint\",\"urlTemplate\":\"https:\\\/\\\/www.blacksmokeracing.com\\\/?s={search_term_string}\"},\"query-input\":{\"@type\":\"PropertyValueSpecification\",\"valueRequired\":true,\"valueName\":\"search_term_string\"}}],\"inLanguage\":\"sv-SE\"},{\"@type\":\"Organization\",\"@id\":\"https:\\\/\\\/www.blacksmokeracing.com\\\/#organization\",\"name\":\"Black Smoke Oy Ltd\",\"url\":\"https:\\\/\\\/www.blacksmokeracing.com\\\/\",\"logo\":{\"@type\":\"ImageObject\",\"inLanguage\":\"sv-SE\",\"@id\":\"https:\\\/\\\/www.blacksmokeracing.com\\\/#\\\/schema\\\/logo\\\/image\\\/\",\"url\":\"https:\\\/\\\/www.blacksmokeracing.com\\\/wp-content\\\/uploads\\\/2017\\\/11\\\/Black-Smoke-Logo.png\",\"contentUrl\":\"https:\\\/\\\/www.blacksmokeracing.com\\\/wp-content\\\/uploads\\\/2017\\\/11\\\/Black-Smoke-Logo.png\",\"width\":319,\"height\":97,\"caption\":\"Black Smoke Oy Ltd\"},\"image\":{\"@id\":\"https:\\\/\\\/www.blacksmokeracing.com\\\/#\\\/schema\\\/logo\\\/image\\\/\"},\"sameAs\":[\"https:\\\/\\\/www.facebook.com\\\/blacksmokeracing\",\"https:\\\/\\\/x.com\\\/BlackSmokeMedia\"]}]}<\/script>\n<!-- \/ Yoast SEO Premium plugin. -->","yoast_head_json":{"title":"Mercedes Custom Diesel EDC16 ECU - Black Smoke Ltd","robots":{"index":"index","follow":"follow","max-snippet":"max-snippet:-1","max-image-preview":"max-image-preview:large","max-video-preview":"max-video-preview:-1"},"canonical":"https:\/\/www.blacksmokeracing.com\/sv\/product\/mercedes-custom-diesel-edc16-swap-ecu\/","og_locale":"sv_SE","og_type":"article","og_title":"Mercedes Custom Diesel EDC16 ECU","og_description":"This ECU is intended for engine swap use only. It cannot replace the original ECU of a vehicle used in road traffic. Modified Bosch EDC16 plug and play engine management system. The ECU comes with pre installed software that works with your car, just enter your engine modifications and preferred characteristics. This ECU can also control the OM648 turbocharger. More information below in description section. You must choose if you want send your OWN ECU to us or you can buy used ECU from us. -Does not include any wiring, you will find wiring diagram on order confirmation email. -You can also purchase 4 bar MAP sensor here.-Recommended if your base engine is OM629, OM642, OM646, OM647 or OM648 AND you have stock wiring harness to them  Plug &amp; Play Possible to tune remotely Perfect solution for engine swaps OM629, OM642, OM646, OM647, OM648  If you are sending us a shipment, shipping instructions can be found here:https:\/\/www.blacksmokeracing.com\/shipping\/ Wiring diagrams:https:\/\/www.blacksmokeracing.com\/mercedes-ecu-wiring-diagrams\/","og_url":"https:\/\/www.blacksmokeracing.com\/sv\/product\/mercedes-custom-diesel-edc16-swap-ecu\/","og_site_name":"Black Smoke Ltd","article_publisher":"https:\/\/www.facebook.com\/blacksmokeracing","article_modified_time":"2026-02-10T12:50:46+00:00","og_image":[{"width":2412,"height":2412,"url":"https:\/\/www.blacksmokeracing.com\/wp-content\/uploads\/bsr-edc16.jpg","type":"image\/jpeg"}],"twitter_card":"summary_large_image","twitter_site":"@BlackSmokeMedia","twitter_misc":{"Ber\u00e4knad l\u00e4stid":"2 minuter"},"schema":{"@context":"https:\/\/schema.org","@graph":[{"@type":["WebPage","ItemPage"],"@id":"https:\/\/www.blacksmokeracing.com\/product\/mercedes-custom-diesel-edc16-swap-ecu\/","url":"https:\/\/www.blacksmokeracing.com\/product\/mercedes-custom-diesel-edc16-swap-ecu\/","name":"Mercedes Custom Diesel EDC16 ECU - Black Smoke Ltd","isPartOf":{"@id":"https:\/\/www.blacksmokeracing.com\/#website"},"primaryImageOfPage":{"@id":"https:\/\/www.blacksmokeracing.com\/product\/mercedes-custom-diesel-edc16-swap-ecu\/#primaryimage"},"image":{"@id":"https:\/\/www.blacksmokeracing.com\/product\/mercedes-custom-diesel-edc16-swap-ecu\/#primaryimage"},"thumbnailUrl":"https:\/\/www.blacksmokeracing.com\/wp-content\/uploads\/bsr-edc16.jpg","datePublished":"2023-11-23T13:20:43+00:00","dateModified":"2026-02-10T12:50:46+00:00","breadcrumb":{"@id":"https:\/\/www.blacksmokeracing.com\/product\/mercedes-custom-diesel-edc16-swap-ecu\/#breadcrumb"},"inLanguage":"sv-SE","potentialAction":[{"@type":"ReadAction","target":["https:\/\/www.blacksmokeracing.com\/product\/mercedes-custom-diesel-edc16-swap-ecu\/"]}]},{"@type":"ImageObject","inLanguage":"sv-SE","@id":"https:\/\/www.blacksmokeracing.com\/product\/mercedes-custom-diesel-edc16-swap-ecu\/#primaryimage","url":"https:\/\/www.blacksmokeracing.com\/wp-content\/uploads\/bsr-edc16.jpg","contentUrl":"https:\/\/www.blacksmokeracing.com\/wp-content\/uploads\/bsr-edc16.jpg","width":2412,"height":2412},{"@type":"BreadcrumbList","@id":"https:\/\/www.blacksmokeracing.com\/product\/mercedes-custom-diesel-edc16-swap-ecu\/#breadcrumb","itemListElement":[{"@type":"ListItem","position":1,"name":"Home","item":"https:\/\/www.blacksmokeracing.com\/"},{"@type":"ListItem","position":2,"name":"Shop","item":"https:\/\/www.blacksmokeracing.com\/shop\/"},{"@type":"ListItem","position":3,"name":"Mercedes Custom Diesel EDC16 ECU"}]},{"@type":"WebSite","@id":"https:\/\/www.blacksmokeracing.com\/#website","url":"https:\/\/www.blacksmokeracing.com\/","name":"Black Smoke Ltd","description":"Inte det mest framg\u00e5ngsrika driftinglaget","publisher":{"@id":"https:\/\/www.blacksmokeracing.com\/#organization"},"potentialAction":[{"@type":"SearchAction","target":{"@type":"EntryPoint","urlTemplate":"https:\/\/www.blacksmokeracing.com\/?s={search_term_string}"},"query-input":{"@type":"PropertyValueSpecification","valueRequired":true,"valueName":"search_term_string"}}],"inLanguage":"sv-SE"},{"@type":"Organization","@id":"https:\/\/www.blacksmokeracing.com\/#organization","name":"Black Smoke Oy Ltd","url":"https:\/\/www.blacksmokeracing.com\/","logo":{"@type":"ImageObject","inLanguage":"sv-SE","@id":"https:\/\/www.blacksmokeracing.com\/#\/schema\/logo\/image\/","url":"https:\/\/www.blacksmokeracing.com\/wp-content\/uploads\/2017\/11\/Black-Smoke-Logo.png","contentUrl":"https:\/\/www.blacksmokeracing.com\/wp-content\/uploads\/2017\/11\/Black-Smoke-Logo.png","width":319,"height":97,"caption":"Black Smoke Oy Ltd"},"image":{"@id":"https:\/\/www.blacksmokeracing.com\/#\/schema\/logo\/image\/"},"sameAs":["https:\/\/www.facebook.com\/blacksmokeracing","https:\/\/x.com\/BlackSmokeMedia"]}]}},"taxonomy_info":{"product_cat":[{"value":8801,"label":"Custom ECU"},{"value":532,"label":"Engine management"},{"value":531,"label":"Turbodiesel Race parts"}],"product_tag":[{"value":8799,"label":"Custom ECU for Mercedes diesel engines"}],"product_brands":[{"value":8874,"label":"Bosch"}]},"featured_image_src_large":["https:\/\/www.blacksmokeracing.com\/wp-content\/uploads\/bsr-edc16-1170x1170.jpg",1170,1170,true],"author_info":[],"comment_info":1,"_links":{"self":[{"href":"https:\/\/www.blacksmokeracing.com\/sv\/wp-json\/wp\/v2\/product\/66568","targetHints":{"allow":["GET"]}}],"collection":[{"href":"https:\/\/www.blacksmokeracing.com\/sv\/wp-json\/wp\/v2\/product"}],"about":[{"href":"https:\/\/www.blacksmokeracing.com\/sv\/wp-json\/wp\/v2\/types\/product"}],"replies":[{"embeddable":true,"href":"https:\/\/www.blacksmokeracing.com\/sv\/wp-json\/wp\/v2\/comments?post=66568"}],"wp:featuredmedia":[{"embeddable":true,"href":"https:\/\/www.blacksmokeracing.com\/sv\/wp-json\/wp\/v2\/media\/66574"}],"wp:attachment":[{"href":"https:\/\/www.blacksmokeracing.com\/sv\/wp-json\/wp\/v2\/media?parent=66568"}],"wp:term":[{"taxonomy":"product_cat","embeddable":true,"href":"https:\/\/www.blacksmokeracing.com\/sv\/wp-json\/wp\/v2\/product_cat?post=66568"},{"taxonomy":"product_tag","embeddable":true,"href":"https:\/\/www.blacksmokeracing.com\/sv\/wp-json\/wp\/v2\/product_tag?post=66568"},{"taxonomy":"product_brands","embeddable":true,"href":"https:\/\/www.blacksmokeracing.com\/sv\/wp-json\/wp\/v2\/product_brands?post=66568"}],"curies":[{"name":"wp","href":"https:\/\/api.w.org\/{rel}","templated":true}]}}