{"id":60494,"date":"2022-12-29T17:21:40","date_gmt":"2022-12-29T15:21:40","guid":{"rendered":"https:\/\/www.blacksmokeracing.com\/?post_type=product&#038;p=60494"},"modified":"2026-03-03T10:58:23","modified_gmt":"2026-03-03T08:58:23","slug":"performance-street-camshafts","status":"publish","type":"product","link":"https:\/\/www.blacksmokeracing.com\/sv\/product\/performance-street-camshafts\/","title":{"rendered":"Performance Street-kamaxlar"},"content":{"rendered":"","protected":false},"excerpt":{"rendered":"<p>Nya och reviderade gatakamaxlar f\u00f6r 2023, dessa kammar har en bra m\u00e4ngd lyftkraft och varaktighet fr\u00e5n lagerkamaxlar genom slipning. Om du vill ha en enkel l\u00f6sning som fungerar med din lagermotor och du vill ha b\u00e4ttre resultat s\u00e5 \u00e4r det dessa. Dessa kammar \u00e4r gjorda f\u00f6r dagliga f\u00f6rare, de kan \u00e4ven anv\u00e4ndas i racerbilar<\/p>\n<ul>\n<li>OM613 \/ OM648<\/li>\n<li>Plug &amp; Play<\/li>\n<li>Bra m\u00e4ngd lyft och varaktighet<\/li>\n<li>Perfekt f\u00f6r gatubruk<\/li>\n<\/ul>\n<p>Insugskam med 9,25 mm lyft och 202\u00b0 varaktighet 1 mm&gt;1 mm<br \/>\nAvgaskam med 9,40mm lyft och 208\u00b0 varaktighet 1mm&gt;1mm<\/p>","protected":false},"featured_media":49679,"comment_status":"open","ping_status":"closed","template":"","meta":{"inline_featured_image":false,"_kad_blocks_custom_css":"","_kad_blocks_head_custom_js":"","_kad_blocks_body_custom_js":"","_kad_blocks_footer_custom_js":"","_kad_post_transparent":"default","_kad_post_title":"","_kad_post_layout":"default","_kad_post_sidebar_id":"","_kad_post_content_style":"default","_kad_post_vertical_padding":"default","_kad_post_feature":"","_kad_post_feature_position":"","_kad_post_header":false,"_kad_post_footer":false,"_kad_post_classname":"","cybocfi_hide_featured_image":""},"product_cat":[588,531],"product_tag":[],"product_brands":[8870],"class_list":{"0":"post-60494","1":"product","2":"type-product","3":"status-publish","4":"has-post-thumbnail","6":"product_cat-engine","7":"product_cat-mercedes-turbodiesel-race-parts","8":"product_brands-black-smoke-performance","10":"first","11":"instock","12":"taxable","13":"shipping-taxable","14":"purchasable","15":"product-type-simple","16":"entry","17":"content-bg","18":"loop-entry"},"yoast_head":"<!-- This site is optimized with the Yoast SEO Premium plugin v27.3 (Yoast SEO v27.3) - https:\/\/yoast.com\/product\/yoast-seo-premium-wordpress\/ -->\n<title>Performance Street camshafts - Black Smoke Ltd<\/title>\n<meta name=\"robots\" content=\"index, follow, max-snippet:-1, max-image-preview:large, max-video-preview:-1\" \/>\n<link rel=\"canonical\" href=\"https:\/\/www.blacksmokeracing.com\/sv\/product\/performance-street-camshafts\/\" \/>\n<meta property=\"og:locale\" content=\"sv_SE\" \/>\n<meta property=\"og:type\" content=\"article\" \/>\n<meta property=\"og:title\" content=\"Performance Street camshafts\" \/>\n<meta property=\"og:description\" content=\"New and revised street camshafts for 2023, these cams have good amount of lift and duration from stock camshafts by grinding. If you want an easy solution, that works with your stock engine and you want better results, these are the ones. These cams are made for daily drivers, they can also be used in racecars   OM613 \/ OM648  Plug &amp; Play  Good amount of lift and duration  Perfect for street use  Intake cam with 9,25mm\u2028 lift and 202\u00b0 duration 1mm&gt;1mm Exhaust cam with \u20289,40mm lift and \u2028208\u00b0 duration 1mm&gt;1mm\" \/>\n<meta property=\"og:url\" content=\"https:\/\/www.blacksmokeracing.com\/sv\/product\/performance-street-camshafts\/\" \/>\n<meta property=\"og:site_name\" content=\"Black Smoke Ltd\" \/>\n<meta property=\"article:publisher\" content=\"https:\/\/www.facebook.com\/blacksmokeracing\" \/>\n<meta property=\"article:modified_time\" content=\"2026-03-03T08:58:23+00:00\" \/>\n<meta property=\"og:image\" content=\"https:\/\/www.blacksmokeracing.com\/wp-content\/uploads\/JAK1994-scaled.jpg\" \/>\n\t<meta property=\"og:image:width\" content=\"2560\" \/>\n\t<meta property=\"og:image:height\" content=\"1707\" \/>\n\t<meta property=\"og:image:type\" content=\"image\/jpeg\" \/>\n<meta name=\"twitter:card\" content=\"summary_large_image\" \/>\n<meta name=\"twitter:site\" content=\"@BlackSmokeMedia\" \/>\n<meta name=\"twitter:label1\" content=\"Ber\u00e4knad l\u00e4stid\" \/>\n\t<meta name=\"twitter:data1\" content=\"1 minut\" \/>\n<script type=\"application\/ld+json\" class=\"yoast-schema-graph\">{\"@context\":\"https:\\\/\\\/schema.org\",\"@graph\":[{\"@type\":[\"WebPage\",\"ItemPage\"],\"@id\":\"https:\\\/\\\/www.blacksmokeracing.com\\\/product\\\/performance-street-camshafts\\\/\",\"url\":\"https:\\\/\\\/www.blacksmokeracing.com\\\/product\\\/performance-street-camshafts\\\/\",\"name\":\"Performance Street camshafts - Black Smoke Ltd\",\"isPartOf\":{\"@id\":\"https:\\\/\\\/www.blacksmokeracing.com\\\/#website\"},\"primaryImageOfPage\":{\"@id\":\"https:\\\/\\\/www.blacksmokeracing.com\\\/product\\\/performance-street-camshafts\\\/#primaryimage\"},\"image\":{\"@id\":\"https:\\\/\\\/www.blacksmokeracing.com\\\/product\\\/performance-street-camshafts\\\/#primaryimage\"},\"thumbnailUrl\":\"https:\\\/\\\/www.blacksmokeracing.com\\\/wp-content\\\/uploads\\\/JAK1994-scaled.jpg\",\"datePublished\":\"2022-12-29T15:21:40+00:00\",\"dateModified\":\"2026-03-03T08:58:23+00:00\",\"breadcrumb\":{\"@id\":\"https:\\\/\\\/www.blacksmokeracing.com\\\/product\\\/performance-street-camshafts\\\/#breadcrumb\"},\"inLanguage\":\"sv-SE\",\"potentialAction\":[{\"@type\":\"ReadAction\",\"target\":[\"https:\\\/\\\/www.blacksmokeracing.com\\\/product\\\/performance-street-camshafts\\\/\"]}]},{\"@type\":\"ImageObject\",\"inLanguage\":\"sv-SE\",\"@id\":\"https:\\\/\\\/www.blacksmokeracing.com\\\/product\\\/performance-street-camshafts\\\/#primaryimage\",\"url\":\"https:\\\/\\\/www.blacksmokeracing.com\\\/wp-content\\\/uploads\\\/JAK1994-scaled.jpg\",\"contentUrl\":\"https:\\\/\\\/www.blacksmokeracing.com\\\/wp-content\\\/uploads\\\/JAK1994-scaled.jpg\",\"width\":2560,\"height\":1707},{\"@type\":\"BreadcrumbList\",\"@id\":\"https:\\\/\\\/www.blacksmokeracing.com\\\/product\\\/performance-street-camshafts\\\/#breadcrumb\",\"itemListElement\":[{\"@type\":\"ListItem\",\"position\":1,\"name\":\"Home\",\"item\":\"https:\\\/\\\/www.blacksmokeracing.com\\\/\"},{\"@type\":\"ListItem\",\"position\":2,\"name\":\"Shop\",\"item\":\"https:\\\/\\\/www.blacksmokeracing.com\\\/shop\\\/\"},{\"@type\":\"ListItem\",\"position\":3,\"name\":\"Performance Street camshafts\"}]},{\"@type\":\"WebSite\",\"@id\":\"https:\\\/\\\/www.blacksmokeracing.com\\\/#website\",\"url\":\"https:\\\/\\\/www.blacksmokeracing.com\\\/\",\"name\":\"Black Smoke Ltd\",\"description\":\"Not the most successful drifting team\",\"publisher\":{\"@id\":\"https:\\\/\\\/www.blacksmokeracing.com\\\/#organization\"},\"potentialAction\":[{\"@type\":\"SearchAction\",\"target\":{\"@type\":\"EntryPoint\",\"urlTemplate\":\"https:\\\/\\\/www.blacksmokeracing.com\\\/?s={search_term_string}\"},\"query-input\":{\"@type\":\"PropertyValueSpecification\",\"valueRequired\":true,\"valueName\":\"search_term_string\"}}],\"inLanguage\":\"sv-SE\"},{\"@type\":\"Organization\",\"@id\":\"https:\\\/\\\/www.blacksmokeracing.com\\\/#organization\",\"name\":\"Black Smoke Oy Ltd\",\"url\":\"https:\\\/\\\/www.blacksmokeracing.com\\\/\",\"logo\":{\"@type\":\"ImageObject\",\"inLanguage\":\"sv-SE\",\"@id\":\"https:\\\/\\\/www.blacksmokeracing.com\\\/#\\\/schema\\\/logo\\\/image\\\/\",\"url\":\"https:\\\/\\\/www.blacksmokeracing.com\\\/wp-content\\\/uploads\\\/2017\\\/11\\\/Black-Smoke-Logo.png\",\"contentUrl\":\"https:\\\/\\\/www.blacksmokeracing.com\\\/wp-content\\\/uploads\\\/2017\\\/11\\\/Black-Smoke-Logo.png\",\"width\":319,\"height\":97,\"caption\":\"Black Smoke Oy Ltd\"},\"image\":{\"@id\":\"https:\\\/\\\/www.blacksmokeracing.com\\\/#\\\/schema\\\/logo\\\/image\\\/\"},\"sameAs\":[\"https:\\\/\\\/www.facebook.com\\\/blacksmokeracing\",\"https:\\\/\\\/x.com\\\/BlackSmokeMedia\"]}]}<\/script>\n<!-- \/ Yoast SEO Premium plugin. -->","yoast_head_json":{"title":"Performance Street-kamaxlar - Black Smoke Ltd","robots":{"index":"index","follow":"follow","max-snippet":"max-snippet:-1","max-image-preview":"max-image-preview:large","max-video-preview":"max-video-preview:-1"},"canonical":"https:\/\/www.blacksmokeracing.com\/sv\/product\/performance-street-camshafts\/","og_locale":"sv_SE","og_type":"article","og_title":"Performance Street camshafts","og_description":"New and revised street camshafts for 2023, these cams have good amount of lift and duration from stock camshafts by grinding. If you want an easy solution, that works with your stock engine and you want better results, these are the ones. These cams are made for daily drivers, they can also be used in racecars   OM613 \/ OM648  Plug &amp; Play  Good amount of lift and duration  Perfect for street use  Intake cam with 9,25mm\u2028 lift and 202\u00b0 duration 1mm&gt;1mm Exhaust cam with \u20289,40mm lift and \u2028208\u00b0 duration 1mm&gt;1mm","og_url":"https:\/\/www.blacksmokeracing.com\/sv\/product\/performance-street-camshafts\/","og_site_name":"Black Smoke Ltd","article_publisher":"https:\/\/www.facebook.com\/blacksmokeracing","article_modified_time":"2026-03-03T08:58:23+00:00","og_image":[{"width":2560,"height":1707,"url":"https:\/\/www.blacksmokeracing.com\/wp-content\/uploads\/JAK1994-scaled.jpg","type":"image\/jpeg"}],"twitter_card":"summary_large_image","twitter_site":"@BlackSmokeMedia","twitter_misc":{"Ber\u00e4knad l\u00e4stid":"1 minut"},"schema":{"@context":"https:\/\/schema.org","@graph":[{"@type":["WebPage","ItemPage"],"@id":"https:\/\/www.blacksmokeracing.com\/product\/performance-street-camshafts\/","url":"https:\/\/www.blacksmokeracing.com\/product\/performance-street-camshafts\/","name":"Performance Street-kamaxlar - Black Smoke Ltd","isPartOf":{"@id":"https:\/\/www.blacksmokeracing.com\/#website"},"primaryImageOfPage":{"@id":"https:\/\/www.blacksmokeracing.com\/product\/performance-street-camshafts\/#primaryimage"},"image":{"@id":"https:\/\/www.blacksmokeracing.com\/product\/performance-street-camshafts\/#primaryimage"},"thumbnailUrl":"https:\/\/www.blacksmokeracing.com\/wp-content\/uploads\/JAK1994-scaled.jpg","datePublished":"2022-12-29T15:21:40+00:00","dateModified":"2026-03-03T08:58:23+00:00","breadcrumb":{"@id":"https:\/\/www.blacksmokeracing.com\/product\/performance-street-camshafts\/#breadcrumb"},"inLanguage":"sv-SE","potentialAction":[{"@type":"ReadAction","target":["https:\/\/www.blacksmokeracing.com\/product\/performance-street-camshafts\/"]}]},{"@type":"ImageObject","inLanguage":"sv-SE","@id":"https:\/\/www.blacksmokeracing.com\/product\/performance-street-camshafts\/#primaryimage","url":"https:\/\/www.blacksmokeracing.com\/wp-content\/uploads\/JAK1994-scaled.jpg","contentUrl":"https:\/\/www.blacksmokeracing.com\/wp-content\/uploads\/JAK1994-scaled.jpg","width":2560,"height":1707},{"@type":"BreadcrumbList","@id":"https:\/\/www.blacksmokeracing.com\/product\/performance-street-camshafts\/#breadcrumb","itemListElement":[{"@type":"ListItem","position":1,"name":"Home","item":"https:\/\/www.blacksmokeracing.com\/"},{"@type":"ListItem","position":2,"name":"Shop","item":"https:\/\/www.blacksmokeracing.com\/shop\/"},{"@type":"ListItem","position":3,"name":"Performance Street camshafts"}]},{"@type":"WebSite","@id":"https:\/\/www.blacksmokeracing.com\/#website","url":"https:\/\/www.blacksmokeracing.com\/","name":"Black Smoke Ltd","description":"Inte det mest framg\u00e5ngsrika driftinglaget","publisher":{"@id":"https:\/\/www.blacksmokeracing.com\/#organization"},"potentialAction":[{"@type":"SearchAction","target":{"@type":"EntryPoint","urlTemplate":"https:\/\/www.blacksmokeracing.com\/?s={search_term_string}"},"query-input":{"@type":"PropertyValueSpecification","valueRequired":true,"valueName":"search_term_string"}}],"inLanguage":"sv-SE"},{"@type":"Organization","@id":"https:\/\/www.blacksmokeracing.com\/#organization","name":"Black Smoke Oy Ltd","url":"https:\/\/www.blacksmokeracing.com\/","logo":{"@type":"ImageObject","inLanguage":"sv-SE","@id":"https:\/\/www.blacksmokeracing.com\/#\/schema\/logo\/image\/","url":"https:\/\/www.blacksmokeracing.com\/wp-content\/uploads\/2017\/11\/Black-Smoke-Logo.png","contentUrl":"https:\/\/www.blacksmokeracing.com\/wp-content\/uploads\/2017\/11\/Black-Smoke-Logo.png","width":319,"height":97,"caption":"Black Smoke Oy Ltd"},"image":{"@id":"https:\/\/www.blacksmokeracing.com\/#\/schema\/logo\/image\/"},"sameAs":["https:\/\/www.facebook.com\/blacksmokeracing","https:\/\/x.com\/BlackSmokeMedia"]}]}},"taxonomy_info":{"product_cat":[{"value":588,"label":"Engine"},{"value":531,"label":"Turbodiesel Race parts"}],"product_brands":[{"value":8870,"label":"Black Smoke Performance"}]},"featured_image_src_large":["https:\/\/www.blacksmokeracing.com\/wp-content\/uploads\/JAK1994-1170x780.jpg",1170,780,true],"author_info":[],"comment_info":0,"_links":{"self":[{"href":"https:\/\/www.blacksmokeracing.com\/sv\/wp-json\/wp\/v2\/product\/60494","targetHints":{"allow":["GET"]}}],"collection":[{"href":"https:\/\/www.blacksmokeracing.com\/sv\/wp-json\/wp\/v2\/product"}],"about":[{"href":"https:\/\/www.blacksmokeracing.com\/sv\/wp-json\/wp\/v2\/types\/product"}],"replies":[{"embeddable":true,"href":"https:\/\/www.blacksmokeracing.com\/sv\/wp-json\/wp\/v2\/comments?post=60494"}],"wp:featuredmedia":[{"embeddable":true,"href":"https:\/\/www.blacksmokeracing.com\/sv\/wp-json\/wp\/v2\/media\/49679"}],"wp:attachment":[{"href":"https:\/\/www.blacksmokeracing.com\/sv\/wp-json\/wp\/v2\/media?parent=60494"}],"wp:term":[{"taxonomy":"product_cat","embeddable":true,"href":"https:\/\/www.blacksmokeracing.com\/sv\/wp-json\/wp\/v2\/product_cat?post=60494"},{"taxonomy":"product_tag","embeddable":true,"href":"https:\/\/www.blacksmokeracing.com\/sv\/wp-json\/wp\/v2\/product_tag?post=60494"},{"taxonomy":"product_brands","embeddable":true,"href":"https:\/\/www.blacksmokeracing.com\/sv\/wp-json\/wp\/v2\/product_brands?post=60494"}],"curies":[{"name":"wp","href":"https:\/\/api.w.org\/{rel}","templated":true}]}}