{"id":56479,"date":"2022-08-30T10:51:06","date_gmt":"2022-08-30T07:51:06","guid":{"rendered":"https:\/\/www.blacksmokeracing.com\/?post_type=product&#038;p=56479"},"modified":"2026-05-09T22:57:28","modified_gmt":"2026-05-09T19:57:28","slug":"obd-ii-connector-housing","status":"publish","type":"product","link":"https:\/\/www.blacksmokeracing.com\/sv\/product\/obd-ii-connector-housing\/","title":{"rendered":"OBD II -kontakthus (honport)"},"content":{"rendered":"<p>Produkten levereras med 10 st stiftkontakter, anslut s\u00e5 h\u00e4r: <br \/><br \/><strong>4,5<\/strong> jord, <br \/><strong>7<\/strong> ecu k-line<br \/><strong>8<\/strong> iqnition<br \/><strong>16<\/strong> 12V<\/p>\r\n\r\n\r\n\r\n<p><strong>Elektrisk<\/strong><\/p>\r\n\r\n\r\n\r\n<ul class=\"wp-block-list\">\r\n<li>Max sp\u00e4nning: 30V<\/li>\r\n<li>Max str\u00f6m: 4,0A<\/li>\r\n<li>Kontaktmotst\u00e5nd: 100 milliohm max.<\/li>\r\n<li>Dielektrisk motst\u00e5ndssp\u00e4nning: 1000V<\/li>\r\n<li>Isolationsresistans: 100 Megahms min.<\/li>\r\n<\/ul>\r\n\r\n\r\n\r\n<p><strong>Mekanisk<\/strong><\/p>\r\n\r\n\r\n\r\n<ul class=\"wp-block-list\">\r\n<li>Kontaktretention till bost\u00e4der: 9,0 kg min. (med 51118)<\/li>\r\n<li>Tr\u00e5dens utdragningskraft: 9,0 kg min. (AVS 0,5)<\/li>\r\n<li>Parningskraft: 11,23 kg max.\/14,49 kg max. (med v\u00e5ren)<\/li>\r\n<li>Avkopplingskraft: 8,97 kg max.<\/li>\r\n<li>H\u00e5llbarhet: 200 cykler<\/li>\r\n<\/ul>\r\n\r\n\r\n\r\n<p><strong>Fysisk<\/strong><\/p>\r\n\r\n\r\n\r\n<ul class=\"wp-block-list\">\r\n<li>Hus: Svart PBTP, UL 94V-0<\/li>\r\n<li>Driftstemperatur: -40 till +85\u02daC<\/li>\r\n<\/ul>","protected":false},"excerpt":{"rendered":"<p>N\u00e4r du beh\u00f6ver komma \u00e5t ECU:n \u00e4r det bra att ha enkel \u00e5tkomst. L\u00e4tt att montera OBD-hus, levereras med stift f\u00f6r anslutning. (inga kablar). L\u00e4s hur du ansluter till ECU nedan.\u00a0<\/p>\n<ul>\n<li>L\u00e4tt att montera<\/li>\n<li>Liten storlek<\/li>\n<li>Levereras med stift<\/li>\n<li>Inkluderar inte kablar<\/li>\n<\/ul>","protected":false},"featured_media":56480,"comment_status":"open","ping_status":"closed","template":"","meta":{"inline_featured_image":false,"_kad_blocks_custom_css":"","_kad_blocks_head_custom_js":"","_kad_blocks_body_custom_js":"","_kad_blocks_footer_custom_js":"","_kad_post_transparent":"default","_kad_post_title":"","_kad_post_layout":"default","_kad_post_sidebar_id":"","_kad_post_content_style":"default","_kad_post_vertical_padding":"default","_kad_post_feature":"","_kad_post_feature_position":"","_kad_post_header":false,"_kad_post_footer":false,"_kad_post_classname":"","cybocfi_hide_featured_image":""},"product_cat":[532,8926,531],"product_tag":[],"product_brands":[8880],"class_list":{"0":"post-56479","1":"product","2":"type-product","3":"status-publish","4":"has-post-thumbnail","6":"product_cat-engine-management","7":"product_cat-generic-parts","8":"product_cat-mercedes-turbodiesel-race-parts","9":"product_brands-generic-part","11":"first","12":"instock","13":"taxable","14":"shipping-taxable","15":"purchasable","16":"product-type-simple","17":"entry","18":"content-bg","19":"loop-entry"},"yoast_head":"<!-- This site is optimized with the Yoast SEO Premium plugin v27.6 (Yoast SEO v27.6) - https:\/\/yoast.com\/product\/yoast-seo-premium-wordpress\/ -->\n<title>OBD II -connector housing (female port) - Black Smoke Ltd<\/title>\n<meta name=\"robots\" content=\"index, follow, max-snippet:-1, max-image-preview:large, max-video-preview:-1\" \/>\n<link rel=\"canonical\" href=\"https:\/\/www.blacksmokeracing.com\/sv\/product\/obd-ii-connector-housing\/\" \/>\n<meta property=\"og:locale\" content=\"sv_SE\" \/>\n<meta property=\"og:type\" content=\"article\" \/>\n<meta property=\"og:title\" content=\"OBD II -connector housing (female port)\" \/>\n<meta property=\"og:description\" content=\"When you need to access the ECU it is good to have easy access. Easy to mount OBD housing, comes with pins for connecting. (no cables). Read how to connect to ECU below.\u00a0  Easy to mount Small size Comes with pins Does not include wires\" \/>\n<meta property=\"og:url\" content=\"https:\/\/www.blacksmokeracing.com\/sv\/product\/obd-ii-connector-housing\/\" \/>\n<meta property=\"og:site_name\" content=\"Black Smoke Ltd\" \/>\n<meta property=\"article:publisher\" content=\"https:\/\/www.facebook.com\/blacksmokeracing\" \/>\n<meta property=\"article:modified_time\" content=\"2026-05-09T19:57:28+00:00\" \/>\n<meta property=\"og:image\" content=\"https:\/\/www.blacksmokeracing.com\/wp-content\/uploads\/blacksmoke_obd_liitin.jpeg\" \/>\n\t<meta property=\"og:image:width\" content=\"2000\" \/>\n\t<meta property=\"og:image:height\" content=\"1441\" \/>\n\t<meta property=\"og:image:type\" content=\"image\/jpeg\" \/>\n<meta name=\"twitter:card\" content=\"summary_large_image\" \/>\n<meta name=\"twitter:site\" content=\"@BlackSmokeMedia\" \/>\n<meta name=\"twitter:label1\" content=\"Ber\u00e4knad l\u00e4stid\" \/>\n\t<meta name=\"twitter:data1\" content=\"1 minut\" \/>\n<script type=\"application\/ld+json\" class=\"yoast-schema-graph\">{\"@context\":\"https:\\\/\\\/schema.org\",\"@graph\":[{\"@type\":[\"WebPage\",\"ItemPage\"],\"@id\":\"https:\\\/\\\/www.blacksmokeracing.com\\\/product\\\/obd-ii-connector-housing\\\/\",\"url\":\"https:\\\/\\\/www.blacksmokeracing.com\\\/product\\\/obd-ii-connector-housing\\\/\",\"name\":\"OBD II -connector housing (female port) - Black Smoke Ltd\",\"isPartOf\":{\"@id\":\"https:\\\/\\\/www.blacksmokeracing.com\\\/#website\"},\"primaryImageOfPage\":{\"@id\":\"https:\\\/\\\/www.blacksmokeracing.com\\\/product\\\/obd-ii-connector-housing\\\/#primaryimage\"},\"image\":{\"@id\":\"https:\\\/\\\/www.blacksmokeracing.com\\\/product\\\/obd-ii-connector-housing\\\/#primaryimage\"},\"thumbnailUrl\":\"https:\\\/\\\/www.blacksmokeracing.com\\\/wp-content\\\/uploads\\\/blacksmoke_obd_liitin.jpeg\",\"datePublished\":\"2022-08-30T07:51:06+00:00\",\"dateModified\":\"2026-05-09T19:57:28+00:00\",\"breadcrumb\":{\"@id\":\"https:\\\/\\\/www.blacksmokeracing.com\\\/product\\\/obd-ii-connector-housing\\\/#breadcrumb\"},\"inLanguage\":\"sv-SE\",\"potentialAction\":[{\"@type\":\"ReadAction\",\"target\":[\"https:\\\/\\\/www.blacksmokeracing.com\\\/product\\\/obd-ii-connector-housing\\\/\"]}]},{\"@type\":\"ImageObject\",\"inLanguage\":\"sv-SE\",\"@id\":\"https:\\\/\\\/www.blacksmokeracing.com\\\/product\\\/obd-ii-connector-housing\\\/#primaryimage\",\"url\":\"https:\\\/\\\/www.blacksmokeracing.com\\\/wp-content\\\/uploads\\\/blacksmoke_obd_liitin.jpeg\",\"contentUrl\":\"https:\\\/\\\/www.blacksmokeracing.com\\\/wp-content\\\/uploads\\\/blacksmoke_obd_liitin.jpeg\",\"width\":2000,\"height\":1441},{\"@type\":\"BreadcrumbList\",\"@id\":\"https:\\\/\\\/www.blacksmokeracing.com\\\/product\\\/obd-ii-connector-housing\\\/#breadcrumb\",\"itemListElement\":[{\"@type\":\"ListItem\",\"position\":1,\"name\":\"Home\",\"item\":\"https:\\\/\\\/www.blacksmokeracing.com\\\/\"},{\"@type\":\"ListItem\",\"position\":2,\"name\":\"Shop\",\"item\":\"https:\\\/\\\/www.blacksmokeracing.com\\\/shop\\\/\"},{\"@type\":\"ListItem\",\"position\":3,\"name\":\"OBD II -connector housing (female port)\"}]},{\"@type\":\"WebSite\",\"@id\":\"https:\\\/\\\/www.blacksmokeracing.com\\\/#website\",\"url\":\"https:\\\/\\\/www.blacksmokeracing.com\\\/\",\"name\":\"Black Smoke Ltd\",\"description\":\"Not the most successful drifting team\",\"publisher\":{\"@id\":\"https:\\\/\\\/www.blacksmokeracing.com\\\/#organization\"},\"potentialAction\":[{\"@type\":\"SearchAction\",\"target\":{\"@type\":\"EntryPoint\",\"urlTemplate\":\"https:\\\/\\\/www.blacksmokeracing.com\\\/?s={search_term_string}\"},\"query-input\":{\"@type\":\"PropertyValueSpecification\",\"valueRequired\":true,\"valueName\":\"search_term_string\"}}],\"inLanguage\":\"sv-SE\"},{\"@type\":\"Organization\",\"@id\":\"https:\\\/\\\/www.blacksmokeracing.com\\\/#organization\",\"name\":\"Black Smoke Oy Ltd\",\"url\":\"https:\\\/\\\/www.blacksmokeracing.com\\\/\",\"logo\":{\"@type\":\"ImageObject\",\"inLanguage\":\"sv-SE\",\"@id\":\"https:\\\/\\\/www.blacksmokeracing.com\\\/#\\\/schema\\\/logo\\\/image\\\/\",\"url\":\"https:\\\/\\\/www.blacksmokeracing.com\\\/wp-content\\\/uploads\\\/2017\\\/11\\\/Black-Smoke-Logo.png\",\"contentUrl\":\"https:\\\/\\\/www.blacksmokeracing.com\\\/wp-content\\\/uploads\\\/2017\\\/11\\\/Black-Smoke-Logo.png\",\"width\":319,\"height\":97,\"caption\":\"Black Smoke Oy Ltd\"},\"image\":{\"@id\":\"https:\\\/\\\/www.blacksmokeracing.com\\\/#\\\/schema\\\/logo\\\/image\\\/\"},\"sameAs\":[\"https:\\\/\\\/www.facebook.com\\\/blacksmokeracing\",\"https:\\\/\\\/x.com\\\/BlackSmokeMedia\"]}]}<\/script>\n<!-- \/ Yoast SEO Premium plugin. -->","yoast_head_json":{"title":"OBD II -kontakthus (honport) - Black Smoke Ltd","robots":{"index":"index","follow":"follow","max-snippet":"max-snippet:-1","max-image-preview":"max-image-preview:large","max-video-preview":"max-video-preview:-1"},"canonical":"https:\/\/www.blacksmokeracing.com\/sv\/product\/obd-ii-connector-housing\/","og_locale":"sv_SE","og_type":"article","og_title":"OBD II -connector housing (female port)","og_description":"When you need to access the ECU it is good to have easy access. Easy to mount OBD housing, comes with pins for connecting. (no cables). Read how to connect to ECU below.\u00a0  Easy to mount Small size Comes with pins Does not include wires","og_url":"https:\/\/www.blacksmokeracing.com\/sv\/product\/obd-ii-connector-housing\/","og_site_name":"Black Smoke Ltd","article_publisher":"https:\/\/www.facebook.com\/blacksmokeracing","article_modified_time":"2026-05-09T19:57:28+00:00","og_image":[{"width":2000,"height":1441,"url":"https:\/\/www.blacksmokeracing.com\/wp-content\/uploads\/blacksmoke_obd_liitin.jpeg","type":"image\/jpeg"}],"twitter_card":"summary_large_image","twitter_site":"@BlackSmokeMedia","twitter_misc":{"Ber\u00e4knad l\u00e4stid":"1 minut"},"schema":{"@context":"https:\/\/schema.org","@graph":[{"@type":["WebPage","ItemPage"],"@id":"https:\/\/www.blacksmokeracing.com\/product\/obd-ii-connector-housing\/","url":"https:\/\/www.blacksmokeracing.com\/product\/obd-ii-connector-housing\/","name":"OBD II -kontakthus (honport) - Black Smoke Ltd","isPartOf":{"@id":"https:\/\/www.blacksmokeracing.com\/#website"},"primaryImageOfPage":{"@id":"https:\/\/www.blacksmokeracing.com\/product\/obd-ii-connector-housing\/#primaryimage"},"image":{"@id":"https:\/\/www.blacksmokeracing.com\/product\/obd-ii-connector-housing\/#primaryimage"},"thumbnailUrl":"https:\/\/www.blacksmokeracing.com\/wp-content\/uploads\/blacksmoke_obd_liitin.jpeg","datePublished":"2022-08-30T07:51:06+00:00","dateModified":"2026-05-09T19:57:28+00:00","breadcrumb":{"@id":"https:\/\/www.blacksmokeracing.com\/product\/obd-ii-connector-housing\/#breadcrumb"},"inLanguage":"sv-SE","potentialAction":[{"@type":"ReadAction","target":["https:\/\/www.blacksmokeracing.com\/product\/obd-ii-connector-housing\/"]}]},{"@type":"ImageObject","inLanguage":"sv-SE","@id":"https:\/\/www.blacksmokeracing.com\/product\/obd-ii-connector-housing\/#primaryimage","url":"https:\/\/www.blacksmokeracing.com\/wp-content\/uploads\/blacksmoke_obd_liitin.jpeg","contentUrl":"https:\/\/www.blacksmokeracing.com\/wp-content\/uploads\/blacksmoke_obd_liitin.jpeg","width":2000,"height":1441},{"@type":"BreadcrumbList","@id":"https:\/\/www.blacksmokeracing.com\/product\/obd-ii-connector-housing\/#breadcrumb","itemListElement":[{"@type":"ListItem","position":1,"name":"Home","item":"https:\/\/www.blacksmokeracing.com\/"},{"@type":"ListItem","position":2,"name":"Shop","item":"https:\/\/www.blacksmokeracing.com\/shop\/"},{"@type":"ListItem","position":3,"name":"OBD II -connector housing (female port)"}]},{"@type":"WebSite","@id":"https:\/\/www.blacksmokeracing.com\/#website","url":"https:\/\/www.blacksmokeracing.com\/","name":"Black Smoke Ltd","description":"Inte det mest framg\u00e5ngsrika driftinglaget","publisher":{"@id":"https:\/\/www.blacksmokeracing.com\/#organization"},"potentialAction":[{"@type":"SearchAction","target":{"@type":"EntryPoint","urlTemplate":"https:\/\/www.blacksmokeracing.com\/?s={search_term_string}"},"query-input":{"@type":"PropertyValueSpecification","valueRequired":true,"valueName":"search_term_string"}}],"inLanguage":"sv-SE"},{"@type":"Organization","@id":"https:\/\/www.blacksmokeracing.com\/#organization","name":"Black Smoke Oy Ltd","url":"https:\/\/www.blacksmokeracing.com\/","logo":{"@type":"ImageObject","inLanguage":"sv-SE","@id":"https:\/\/www.blacksmokeracing.com\/#\/schema\/logo\/image\/","url":"https:\/\/www.blacksmokeracing.com\/wp-content\/uploads\/2017\/11\/Black-Smoke-Logo.png","contentUrl":"https:\/\/www.blacksmokeracing.com\/wp-content\/uploads\/2017\/11\/Black-Smoke-Logo.png","width":319,"height":97,"caption":"Black Smoke Oy Ltd"},"image":{"@id":"https:\/\/www.blacksmokeracing.com\/#\/schema\/logo\/image\/"},"sameAs":["https:\/\/www.facebook.com\/blacksmokeracing","https:\/\/x.com\/BlackSmokeMedia"]}]}},"taxonomy_info":{"product_cat":[{"value":532,"label":"Engine management"},{"value":8926,"label":"Generic parts"},{"value":531,"label":"Turbodiesel Race parts"}],"product_brands":[{"value":8880,"label":"Generic - Products"}]},"featured_image_src_large":["https:\/\/www.blacksmokeracing.com\/wp-content\/uploads\/blacksmoke_obd_liitin-1170x843.jpeg",1170,843,true],"author_info":[],"comment_info":0,"_links":{"self":[{"href":"https:\/\/www.blacksmokeracing.com\/sv\/wp-json\/wp\/v2\/product\/56479","targetHints":{"allow":["GET"]}}],"collection":[{"href":"https:\/\/www.blacksmokeracing.com\/sv\/wp-json\/wp\/v2\/product"}],"about":[{"href":"https:\/\/www.blacksmokeracing.com\/sv\/wp-json\/wp\/v2\/types\/product"}],"replies":[{"embeddable":true,"href":"https:\/\/www.blacksmokeracing.com\/sv\/wp-json\/wp\/v2\/comments?post=56479"}],"wp:featuredmedia":[{"embeddable":true,"href":"https:\/\/www.blacksmokeracing.com\/sv\/wp-json\/wp\/v2\/media\/56480"}],"wp:attachment":[{"href":"https:\/\/www.blacksmokeracing.com\/sv\/wp-json\/wp\/v2\/media?parent=56479"}],"wp:term":[{"taxonomy":"product_cat","embeddable":true,"href":"https:\/\/www.blacksmokeracing.com\/sv\/wp-json\/wp\/v2\/product_cat?post=56479"},{"taxonomy":"product_tag","embeddable":true,"href":"https:\/\/www.blacksmokeracing.com\/sv\/wp-json\/wp\/v2\/product_tag?post=56479"},{"taxonomy":"product_brands","embeddable":true,"href":"https:\/\/www.blacksmokeracing.com\/sv\/wp-json\/wp\/v2\/product_brands?post=56479"}],"curies":[{"name":"wp","href":"https:\/\/api.w.org\/{rel}","templated":true}]}}