{"id":53073,"date":"2022-03-07T19:30:48","date_gmt":"2022-03-07T17:30:48","guid":{"rendered":"https:\/\/www.blacksmokeracing.com\/?post_type=product&#038;p=53073"},"modified":"2026-05-05T11:00:29","modified_gmt":"2026-05-05T08:00:29","slug":"mercedes-diesel-performance-street-injectors","status":"publish","type":"product","link":"https:\/\/www.blacksmokeracing.com\/sv\/product\/mercedes-diesel-performance-street-injectors\/","title":{"rendered":"Mercedes diesel STREET -spridare"},"content":{"rendered":"<p>P\u00e5 din Mercedes Turbodiesel om646-647-648 \u00e4r injektorerna en av de viktigaste uppgraderingarna f\u00f6r att f\u00e5 mer effekt. Dessa injektorer \u00e4r gjorda f\u00f6r att fungera med stockkolven och \u00e4r d\u00e4rmed l\u00e4tta att anv\u00e4nda med m\u00e5nga olika stegbyggen. Om du letar efter mer h\u00e4stkrafter, ta en titt p\u00e5 v\u00e5r <a href=\"https:\/\/www.blacksmokeracing.com\/sv\/product\/mercedes-diesel-performance-race-injectors\/\">Race spec injektorer.<\/a> N\u00e4r du k\u00f6per dessa spridare ger vi dig m\u00f6jligheten att k\u00f6pa programvara som ocks\u00e5 fungerar till ett mycket reducerat pris (endast 200\u20ac!). <strong>Denna mjukvara \u00e4r skr\u00e4ddarsydd f\u00f6r dina specifika insprutare och du kan vara s\u00e4ker p\u00e5 att den kommer att leverera r\u00e4tt m\u00e4ngd br\u00e4nsle, vid r\u00e4tt tidpunkt, varje g\u00e5ng.<\/strong><\/p>\r\n\r\n\r\n\r\n\r\n\r\n<h2>Best\u00e4llning och montering<\/h2>\r\n<p>Produkten omfattar endast injektorer, t\u00e4tningar och returledningar etc. m\u00e5ste k\u00f6pas separat.<\/p>\r\n<ul>\r\n<li>Se till att monteringsytan p\u00e5 injektorn \u00e4r ren, anv\u00e4nd st\u00e5lborste med borr om det beh\u00f6vs.<\/li>\r\n<li>Se till att injektort\u00e4tningen har r\u00e4tt specifikation. Vi har b\u00e4st erfarenhet av lagert\u00e4tningar (1,3 mm)<\/li>\r\n<li>Dra inte \u00e5t injektorerna f\u00f6r h\u00e5rt, standardspecifikationen \u00e4r 7 Nm +90 grader +90 grader<\/li>\r\n<li>Anv\u00e4nd alltid nya skruvar och nya t\u00e4tningar\/brickor<\/li>\r\n<li>F\u00f6r att utnyttja dessa injektorer fullt ut m\u00e5ste bilen remappas, detta kan ske p\u00e5 tv\u00e5 s\u00e4tt, vi skickar remappningsfilen till dig via e-post eller s\u00e5 skickar du din ecu till oss f\u00f6r remappning.<\/li>\r\n<\/ul>\r\n<p>Om du har fr\u00e5gor, tveka inte att kontakta oss, vi svarar snabbt p\u00e5 e-post.\u00a0<\/p>\r\n\r\n\r\n\r\n<figure class=\"wp-block-embed is-type-video is-provider-youtube wp-block-embed-youtube wp-embed-aspect-16-9 wp-has-aspect-ratio\">\r\n<div class=\"wp-block-embed__wrapper\">\r\n<p><iframe loading=\"lazy\" title=\"VI HANDGJARDA injektorer f\u00f6r v\u00e5r 320CDI Turbo Diesel\" width=\"720\" height=\"405\" src=\"https:\/\/www.youtube.com\/embed\/0yJrYjxfwJc?feature=oembed\" frameborder=\"0\" allow=\"accelerometer; autoplay; clipboard-write; encrypted-media; gyroscope; picture-in-picture; web-share\" referrerpolicy=\"strict-origin-when-cross-origin\" allowfullscreen><\/iframe><\/p>\r\n<\/div>\r\n<\/figure>","protected":false},"excerpt":{"rendered":"<div class=\"\" data-block=\"true\" data-editor=\"4hnh2\" data-offset-key=\"eii0n-0-0\">\n<div class=\"_1mf _1mj\" data-offset-key=\"eii0n-0-0\"><span data-offset-key=\"eii0n-0-0\">Denna spridare \u00e4r optimerad f\u00f6r bra f\u00f6rbruking samt h\u00f6g prestanda. Leverar 85 hk\/spridare. Den<\/span><span style=\"font-family: var(--global-body-font-family);\">fungerar v\u00e4ldigt bra p\u00e5 tomg\u00e5ng och l\u00e4gre insprutningsm\u00e4ngder med andra ord normal motoranv\u00e4ndning \ud83d\ude04<br \/><\/span><\/div>\n<div data-offset-key=\"eii0n-0-0\">\u00a0<\/div>\n<\/div>\n<ul>\n<li><span data-offset-key=\"563uj-0-0\">Design f\u00f6r att fungera optimalt med originalkolvar.<\/span><\/li>\n<li>Upp till 85 hk per cylinder<\/li>\n<li>Varje set \u00e4r individuellt testad och balanserad<\/li>\n<li>Spridarkarta medf\u00f6ljer<\/li>\n<li class=\"ac-designer-copy\"><span class=\"ac-designer-marked-selection ac-designer-copy\">OM64X &amp; OM61X<\/span><\/li>\n<\/ul>\n<p><!-- wp:paragraph --><\/p>\n<p>N\u00e4r du k\u00f6per dessa spridare ger vi dig m\u00f6jligheten att k\u00f6pa programvara som ocks\u00e5 fungerar till ett mycket reducerat pris (endast 200\u20ac!). <strong>Denna mjukvara \u00e4r skr\u00e4ddarsydd f\u00f6r dina specifika insprutare och du kan vara s\u00e4ker p\u00e5 att den kommer att leverera r\u00e4tt m\u00e4ngd br\u00e4nsle, vid r\u00e4tt tidpunkt, varje g\u00e5ng.<\/strong><\/p>\n<p><!-- \/wp:paragraph --><\/p>\n<p><!-- wp:paragraph --><\/p>\n<p>Vi \u00e4r ocks\u00e5 intresserade av dina lager OM64x-spridare, vi ers\u00e4tter 20 \u20ac \/ spridare.<!-- \/wp:paragraph --><\/p>\n<p>Om du ska skicka en f\u00f6rs\u00e4ndelse till oss hittar du fraktinstruktioner h\u00e4r:<br \/><a href=\"https:\/\/www.blacksmokeracing.com\/sv\/shipping\/\" target=\"_blank\" rel=\"noopener\">https:\/\/www.blacksmokeracing.com\/shipping\/<\/a><\/p>\n<p>&nbsp;<\/p>","protected":false},"featured_media":50992,"comment_status":"open","ping_status":"closed","template":"","meta":{"inline_featured_image":false,"_kad_blocks_custom_css":"","_kad_blocks_head_custom_js":"","_kad_blocks_body_custom_js":"","_kad_blocks_footer_custom_js":"","_kad_post_transparent":"default","_kad_post_title":"","_kad_post_layout":"default","_kad_post_sidebar_id":"","_kad_post_content_style":"default","_kad_post_vertical_padding":"default","_kad_post_feature":"","_kad_post_feature_position":"","_kad_post_header":false,"_kad_post_footer":false,"_kad_post_classname":"","cybocfi_hide_featured_image":""},"product_cat":[586,8883,531],"product_tag":[],"product_brands":[8870],"class_list":{"0":"post-53073","1":"product","2":"type-product","3":"status-publish","4":"has-post-thumbnail","6":"product_cat-fuel-system","7":"product_cat-injectors","8":"product_cat-mercedes-turbodiesel-race-parts","9":"product_brands-black-smoke-performance","11":"first","12":"instock","13":"taxable","14":"shipping-taxable","15":"purchasable","16":"product-type-variable","17":"has-default-attributes","18":"entry","19":"content-bg","20":"loop-entry"},"yoast_head":"<!-- This site is optimized with the Yoast SEO Premium plugin v27.6 (Yoast SEO v27.6) - https:\/\/yoast.com\/product\/yoast-seo-premium-wordpress\/ -->\n<title>Mercedes diesel performance STREET injectors - Black Smoke Ltd<\/title>\n<meta name=\"robots\" content=\"index, follow, max-snippet:-1, max-image-preview:large, max-video-preview:-1\" \/>\n<link rel=\"canonical\" href=\"https:\/\/www.blacksmokeracing.com\/sv\/product\/mercedes-diesel-performance-street-injectors\/\" \/>\n<meta property=\"og:locale\" content=\"sv_SE\" \/>\n<meta property=\"og:type\" content=\"article\" \/>\n<meta property=\"og:title\" content=\"Mercedes diesel performance STREET injectors\" \/>\n<meta property=\"og:description\" content=\"This injector is specifically designed to work in daily drivers and they can deliver up to 85 hp\/injector. It works very well on idle and lower injection amounts in other words normal engine usage \ud83d\ude04 \u00a0   Design to work optimally with original pistons. Up to 85hp per cylinder Every set is individually tested and balanced Injector map provided if needed OM64X &amp; OM61X   When buying these injectors, we give you the option of getting software that works too at a very much reduced price (only 200\u20ac!). This software is custom made for your specific injectors and you can be sure that it will delivered the right amount of fuel, at the right time, every time.    We are also interested in your stock OM64x injectors, we refund 20\u20ac\/injector. If you are sending us a shipment, shipping instructions can be found here:https:\/\/www.blacksmokeracing.com\/shipping\/ &nbsp;\" \/>\n<meta property=\"og:url\" content=\"https:\/\/www.blacksmokeracing.com\/sv\/product\/mercedes-diesel-performance-street-injectors\/\" \/>\n<meta property=\"og:site_name\" content=\"Black Smoke Ltd\" \/>\n<meta property=\"article:publisher\" content=\"https:\/\/www.facebook.com\/blacksmokeracing\" \/>\n<meta property=\"article:modified_time\" content=\"2026-05-05T08:00:29+00:00\" \/>\n<meta property=\"og:image\" content=\"https:\/\/www.blacksmokeracing.com\/wp-content\/uploads\/blacksmoke_parts-04290.jpg\" \/>\n\t<meta property=\"og:image:width\" content=\"1920\" \/>\n\t<meta property=\"og:image:height\" content=\"1271\" \/>\n\t<meta property=\"og:image:type\" content=\"image\/jpeg\" \/>\n<meta name=\"twitter:card\" content=\"summary_large_image\" \/>\n<meta name=\"twitter:site\" content=\"@BlackSmokeMedia\" \/>\n<meta name=\"twitter:label1\" content=\"Ber\u00e4knad l\u00e4stid\" \/>\n\t<meta name=\"twitter:data1\" content=\"2 minuter\" \/>\n<script type=\"application\/ld+json\" class=\"yoast-schema-graph\">{\"@context\":\"https:\\\/\\\/schema.org\",\"@graph\":[{\"@type\":[\"WebPage\",\"ItemPage\"],\"@id\":\"https:\\\/\\\/www.blacksmokeracing.com\\\/product\\\/mercedes-diesel-performance-street-injectors\\\/\",\"url\":\"https:\\\/\\\/www.blacksmokeracing.com\\\/product\\\/mercedes-diesel-performance-street-injectors\\\/\",\"name\":\"Mercedes diesel performance STREET injectors - Black Smoke Ltd\",\"isPartOf\":{\"@id\":\"https:\\\/\\\/www.blacksmokeracing.com\\\/#website\"},\"primaryImageOfPage\":{\"@id\":\"https:\\\/\\\/www.blacksmokeracing.com\\\/product\\\/mercedes-diesel-performance-street-injectors\\\/#primaryimage\"},\"image\":{\"@id\":\"https:\\\/\\\/www.blacksmokeracing.com\\\/product\\\/mercedes-diesel-performance-street-injectors\\\/#primaryimage\"},\"thumbnailUrl\":\"https:\\\/\\\/www.blacksmokeracing.com\\\/wp-content\\\/uploads\\\/blacksmoke_parts-04290.jpg\",\"datePublished\":\"2022-03-07T17:30:48+00:00\",\"dateModified\":\"2026-05-05T08:00:29+00:00\",\"breadcrumb\":{\"@id\":\"https:\\\/\\\/www.blacksmokeracing.com\\\/product\\\/mercedes-diesel-performance-street-injectors\\\/#breadcrumb\"},\"inLanguage\":\"sv-SE\",\"potentialAction\":[{\"@type\":\"ReadAction\",\"target\":[\"https:\\\/\\\/www.blacksmokeracing.com\\\/product\\\/mercedes-diesel-performance-street-injectors\\\/\"]}]},{\"@type\":\"ImageObject\",\"inLanguage\":\"sv-SE\",\"@id\":\"https:\\\/\\\/www.blacksmokeracing.com\\\/product\\\/mercedes-diesel-performance-street-injectors\\\/#primaryimage\",\"url\":\"https:\\\/\\\/www.blacksmokeracing.com\\\/wp-content\\\/uploads\\\/blacksmoke_parts-04290.jpg\",\"contentUrl\":\"https:\\\/\\\/www.blacksmokeracing.com\\\/wp-content\\\/uploads\\\/blacksmoke_parts-04290.jpg\",\"width\":1920,\"height\":1271},{\"@type\":\"BreadcrumbList\",\"@id\":\"https:\\\/\\\/www.blacksmokeracing.com\\\/product\\\/mercedes-diesel-performance-street-injectors\\\/#breadcrumb\",\"itemListElement\":[{\"@type\":\"ListItem\",\"position\":1,\"name\":\"Home\",\"item\":\"https:\\\/\\\/www.blacksmokeracing.com\\\/\"},{\"@type\":\"ListItem\",\"position\":2,\"name\":\"Shop\",\"item\":\"https:\\\/\\\/www.blacksmokeracing.com\\\/shop\\\/\"},{\"@type\":\"ListItem\",\"position\":3,\"name\":\"Mercedes diesel performance STREET injectors\"}]},{\"@type\":\"WebSite\",\"@id\":\"https:\\\/\\\/www.blacksmokeracing.com\\\/#website\",\"url\":\"https:\\\/\\\/www.blacksmokeracing.com\\\/\",\"name\":\"Black Smoke Ltd\",\"description\":\"Not the most successful drifting team\",\"publisher\":{\"@id\":\"https:\\\/\\\/www.blacksmokeracing.com\\\/#organization\"},\"potentialAction\":[{\"@type\":\"SearchAction\",\"target\":{\"@type\":\"EntryPoint\",\"urlTemplate\":\"https:\\\/\\\/www.blacksmokeracing.com\\\/?s={search_term_string}\"},\"query-input\":{\"@type\":\"PropertyValueSpecification\",\"valueRequired\":true,\"valueName\":\"search_term_string\"}}],\"inLanguage\":\"sv-SE\"},{\"@type\":\"Organization\",\"@id\":\"https:\\\/\\\/www.blacksmokeracing.com\\\/#organization\",\"name\":\"Black Smoke Oy Ltd\",\"url\":\"https:\\\/\\\/www.blacksmokeracing.com\\\/\",\"logo\":{\"@type\":\"ImageObject\",\"inLanguage\":\"sv-SE\",\"@id\":\"https:\\\/\\\/www.blacksmokeracing.com\\\/#\\\/schema\\\/logo\\\/image\\\/\",\"url\":\"https:\\\/\\\/www.blacksmokeracing.com\\\/wp-content\\\/uploads\\\/2017\\\/11\\\/Black-Smoke-Logo.png\",\"contentUrl\":\"https:\\\/\\\/www.blacksmokeracing.com\\\/wp-content\\\/uploads\\\/2017\\\/11\\\/Black-Smoke-Logo.png\",\"width\":319,\"height\":97,\"caption\":\"Black Smoke Oy Ltd\"},\"image\":{\"@id\":\"https:\\\/\\\/www.blacksmokeracing.com\\\/#\\\/schema\\\/logo\\\/image\\\/\"},\"sameAs\":[\"https:\\\/\\\/www.facebook.com\\\/blacksmokeracing\",\"https:\\\/\\\/x.com\\\/BlackSmokeMedia\"]}]}<\/script>\n<!-- \/ Yoast SEO Premium plugin. -->","yoast_head_json":{"title":"Mercedes dieselprestanda STREET-injektorer - Black Smoke Ltd","robots":{"index":"index","follow":"follow","max-snippet":"max-snippet:-1","max-image-preview":"max-image-preview:large","max-video-preview":"max-video-preview:-1"},"canonical":"https:\/\/www.blacksmokeracing.com\/sv\/product\/mercedes-diesel-performance-street-injectors\/","og_locale":"sv_SE","og_type":"article","og_title":"Mercedes diesel performance STREET injectors","og_description":"This injector is specifically designed to work in daily drivers and they can deliver up to 85 hp\/injector. It works very well on idle and lower injection amounts in other words normal engine usage \ud83d\ude04 \u00a0   Design to work optimally with original pistons. Up to 85hp per cylinder Every set is individually tested and balanced Injector map provided if needed OM64X &amp; OM61X   When buying these injectors, we give you the option of getting software that works too at a very much reduced price (only 200\u20ac!). This software is custom made for your specific injectors and you can be sure that it will delivered the right amount of fuel, at the right time, every time.    We are also interested in your stock OM64x injectors, we refund 20\u20ac\/injector. If you are sending us a shipment, shipping instructions can be found here:https:\/\/www.blacksmokeracing.com\/shipping\/ &nbsp;","og_url":"https:\/\/www.blacksmokeracing.com\/sv\/product\/mercedes-diesel-performance-street-injectors\/","og_site_name":"Black Smoke Ltd","article_publisher":"https:\/\/www.facebook.com\/blacksmokeracing","article_modified_time":"2026-05-05T08:00:29+00:00","og_image":[{"width":1920,"height":1271,"url":"https:\/\/www.blacksmokeracing.com\/wp-content\/uploads\/blacksmoke_parts-04290.jpg","type":"image\/jpeg"}],"twitter_card":"summary_large_image","twitter_site":"@BlackSmokeMedia","twitter_misc":{"Ber\u00e4knad l\u00e4stid":"2 minuter"},"schema":{"@context":"https:\/\/schema.org","@graph":[{"@type":["WebPage","ItemPage"],"@id":"https:\/\/www.blacksmokeracing.com\/product\/mercedes-diesel-performance-street-injectors\/","url":"https:\/\/www.blacksmokeracing.com\/product\/mercedes-diesel-performance-street-injectors\/","name":"Mercedes dieselprestanda STREET-injektorer - Black Smoke Ltd","isPartOf":{"@id":"https:\/\/www.blacksmokeracing.com\/#website"},"primaryImageOfPage":{"@id":"https:\/\/www.blacksmokeracing.com\/product\/mercedes-diesel-performance-street-injectors\/#primaryimage"},"image":{"@id":"https:\/\/www.blacksmokeracing.com\/product\/mercedes-diesel-performance-street-injectors\/#primaryimage"},"thumbnailUrl":"https:\/\/www.blacksmokeracing.com\/wp-content\/uploads\/blacksmoke_parts-04290.jpg","datePublished":"2022-03-07T17:30:48+00:00","dateModified":"2026-05-05T08:00:29+00:00","breadcrumb":{"@id":"https:\/\/www.blacksmokeracing.com\/product\/mercedes-diesel-performance-street-injectors\/#breadcrumb"},"inLanguage":"sv-SE","potentialAction":[{"@type":"ReadAction","target":["https:\/\/www.blacksmokeracing.com\/product\/mercedes-diesel-performance-street-injectors\/"]}]},{"@type":"ImageObject","inLanguage":"sv-SE","@id":"https:\/\/www.blacksmokeracing.com\/product\/mercedes-diesel-performance-street-injectors\/#primaryimage","url":"https:\/\/www.blacksmokeracing.com\/wp-content\/uploads\/blacksmoke_parts-04290.jpg","contentUrl":"https:\/\/www.blacksmokeracing.com\/wp-content\/uploads\/blacksmoke_parts-04290.jpg","width":1920,"height":1271},{"@type":"BreadcrumbList","@id":"https:\/\/www.blacksmokeracing.com\/product\/mercedes-diesel-performance-street-injectors\/#breadcrumb","itemListElement":[{"@type":"ListItem","position":1,"name":"Home","item":"https:\/\/www.blacksmokeracing.com\/"},{"@type":"ListItem","position":2,"name":"Shop","item":"https:\/\/www.blacksmokeracing.com\/shop\/"},{"@type":"ListItem","position":3,"name":"Mercedes diesel performance STREET injectors"}]},{"@type":"WebSite","@id":"https:\/\/www.blacksmokeracing.com\/#website","url":"https:\/\/www.blacksmokeracing.com\/","name":"Black Smoke Ltd","description":"Inte det mest framg\u00e5ngsrika driftinglaget","publisher":{"@id":"https:\/\/www.blacksmokeracing.com\/#organization"},"potentialAction":[{"@type":"SearchAction","target":{"@type":"EntryPoint","urlTemplate":"https:\/\/www.blacksmokeracing.com\/?s={search_term_string}"},"query-input":{"@type":"PropertyValueSpecification","valueRequired":true,"valueName":"search_term_string"}}],"inLanguage":"sv-SE"},{"@type":"Organization","@id":"https:\/\/www.blacksmokeracing.com\/#organization","name":"Black Smoke Oy Ltd","url":"https:\/\/www.blacksmokeracing.com\/","logo":{"@type":"ImageObject","inLanguage":"sv-SE","@id":"https:\/\/www.blacksmokeracing.com\/#\/schema\/logo\/image\/","url":"https:\/\/www.blacksmokeracing.com\/wp-content\/uploads\/2017\/11\/Black-Smoke-Logo.png","contentUrl":"https:\/\/www.blacksmokeracing.com\/wp-content\/uploads\/2017\/11\/Black-Smoke-Logo.png","width":319,"height":97,"caption":"Black Smoke Oy Ltd"},"image":{"@id":"https:\/\/www.blacksmokeracing.com\/#\/schema\/logo\/image\/"},"sameAs":["https:\/\/www.facebook.com\/blacksmokeracing","https:\/\/x.com\/BlackSmokeMedia"]}]}},"taxonomy_info":{"product_cat":[{"value":586,"label":"Fuel system"},{"value":8883,"label":"Injectors"},{"value":531,"label":"Turbodiesel Race parts"}],"product_brands":[{"value":8870,"label":"Black Smoke Performance"}]},"featured_image_src_large":["https:\/\/www.blacksmokeracing.com\/wp-content\/uploads\/blacksmoke_parts-04290-1170x775.jpg",1170,775,true],"author_info":[],"comment_info":2,"_links":{"self":[{"href":"https:\/\/www.blacksmokeracing.com\/sv\/wp-json\/wp\/v2\/product\/53073","targetHints":{"allow":["GET"]}}],"collection":[{"href":"https:\/\/www.blacksmokeracing.com\/sv\/wp-json\/wp\/v2\/product"}],"about":[{"href":"https:\/\/www.blacksmokeracing.com\/sv\/wp-json\/wp\/v2\/types\/product"}],"replies":[{"embeddable":true,"href":"https:\/\/www.blacksmokeracing.com\/sv\/wp-json\/wp\/v2\/comments?post=53073"}],"wp:featuredmedia":[{"embeddable":true,"href":"https:\/\/www.blacksmokeracing.com\/sv\/wp-json\/wp\/v2\/media\/50992"}],"wp:attachment":[{"href":"https:\/\/www.blacksmokeracing.com\/sv\/wp-json\/wp\/v2\/media?parent=53073"}],"wp:term":[{"taxonomy":"product_cat","embeddable":true,"href":"https:\/\/www.blacksmokeracing.com\/sv\/wp-json\/wp\/v2\/product_cat?post=53073"},{"taxonomy":"product_tag","embeddable":true,"href":"https:\/\/www.blacksmokeracing.com\/sv\/wp-json\/wp\/v2\/product_tag?post=53073"},{"taxonomy":"product_brands","embeddable":true,"href":"https:\/\/www.blacksmokeracing.com\/sv\/wp-json\/wp\/v2\/product_brands?post=53073"}],"curies":[{"name":"wp","href":"https:\/\/api.w.org\/{rel}","templated":true}]}}