{"id":52363,"date":"2022-02-05T11:24:33","date_gmt":"2022-02-05T09:24:33","guid":{"rendered":"https:\/\/www.blacksmokeracing.com\/?post_type=product&#038;p=52363"},"modified":"2026-03-21T15:54:23","modified_gmt":"2026-03-21T13:54:23","slug":"hoodie-with-full-zip","status":"publish","type":"product","link":"https:\/\/www.blacksmokeracing.com\/sv\/product\/hoodie-with-full-zip\/","title":{"rendered":"Bl\u00e5kl\u00e4der Hoodie with full zip"},"content":{"rendered":"<p>HUVUDMATERIAL<br \/>100% Polyester, pik\u00e9fleece, borstad insida 260 g\/m\u00b2.<\/p>\r\n\r\n\r\n\r\n<p>FUNKTIONALITET<br \/>Slimmad passform<\/p>\r\n\r\n\r\n\r\n<p>DETALJER<br \/>Fast huva<\/p>\r\n\r\n\r\n\r\n<p>FRAMST\u00c4NGNING<br \/>Enkelriktad plastdragkedja, inre vindflik<\/p>\r\n\r\n\r\n\r\n<p>FICKOR<br \/>Br\u00f6stficka med dragkedja<\/p>\r\n\r\n\r\n\r\n<p>Framfickor med dragkedja<\/p>\r\n\r\n\r\n\r\n<p>AVSLUTA<br \/>Nederkant justerbar med elastiskt band<\/p>","protected":false},"excerpt":{"rendered":"<p><strong>BL\u00c5KL\u00c4DER KVALITET!<br \/><\/strong>Snygg huvtr\u00f6ja som \u00e4r perfekt att b\u00e4ra b\u00e5de p\u00e5 och utanf\u00f6r jobbet. Denna huvtr\u00f6ja i polyester har en hell\u00e5ng dragkedja och en n\u00e5got l\u00e4ngre hals. Dragsko i nederkant och sn\u00f6ren i fickorna f\u00f6r att justera midjan. Svarta, diskreta reflexer p\u00e5 framsidan och luvan samt en br\u00f6stficka med plats f\u00f6r logodekoration. M\u00e4rkt med Black Smoke.<\/p>\n<p><span style=\"color: #ff0000;\">Black Smoke-m\u00e4rket \u00e4ndras efter f\u00f6rs\u00e4ljningen av det gamla partiet. M\u00e4rket skiljer sig fr\u00e5n bilderna.<\/span><\/p>\n<p><strong>Vid restnotering \u00e4r leveranstiden 2-3 veckor.<\/strong><\/p>\n<ul>\n<li>Etikett med logotyp<\/li>\n<li>Utm\u00e4rkt mellanlager<\/li>\n<li>Bl\u00e5kl\u00e4der kvalitet<\/li>\n<\/ul>\n<p>&nbsp;<\/p>","protected":false},"featured_media":52383,"comment_status":"open","ping_status":"closed","template":"","meta":{"inline_featured_image":false,"_kad_blocks_custom_css":"","_kad_blocks_head_custom_js":"","_kad_blocks_body_custom_js":"","_kad_blocks_footer_custom_js":"","_kad_post_transparent":"default","_kad_post_title":"","_kad_post_layout":"default","_kad_post_sidebar_id":"","_kad_post_content_style":"default","_kad_post_vertical_padding":"default","_kad_post_feature":"","_kad_post_feature_position":"","_kad_post_header":false,"_kad_post_footer":false,"_kad_post_classname":"","cybocfi_hide_featured_image":""},"product_cat":[8839,279,429,541,316],"product_tag":[],"product_brands":[8875],"class_list":{"0":"post-52363","1":"product","2":"type-product","3":"status-publish","4":"has-post-thumbnail","6":"product_cat-blaklader-jackets","7":"product_cat-hoodies","8":"product_cat-jackets","9":"product_cat-merchandise","10":"product_cat-workwear","11":"product_brands-blaklader","13":"first","14":"instock","15":"sale","16":"taxable","17":"shipping-taxable","18":"purchasable","19":"product-type-variable","20":"entry","21":"content-bg","22":"loop-entry"},"yoast_head":"<!-- This site is optimized with the Yoast SEO Premium plugin v27.3 (Yoast SEO v27.3) - https:\/\/yoast.com\/product\/yoast-seo-premium-wordpress\/ -->\n<title>Bl\u00e5kl\u00e4der Hoodie with full zip - Black Smoke Ltd<\/title>\n<meta name=\"robots\" content=\"index, follow, max-snippet:-1, max-image-preview:large, max-video-preview:-1\" \/>\n<link rel=\"canonical\" href=\"https:\/\/www.blacksmokeracing.com\/sv\/product\/hoodie-with-full-zip\/\" \/>\n<meta property=\"og:locale\" content=\"sv_SE\" \/>\n<meta property=\"og:type\" content=\"article\" \/>\n<meta property=\"og:title\" content=\"Bl\u00e5kl\u00e4der Hoodie with full zip\" \/>\n<meta property=\"og:description\" content=\"BL\u00c5KL\u00c4DER QUALITY!Nice looking hoodie that is great for wearing both on and off the job. This polyester hoodie features a full-length zip and a slightly longer neck. Drawstring at the hem and cords inside the pockets to adjust the waist. Black, discreet reflective trim on the front and hood, plus a chest pocket with space for logo decoration. Black Smoke label. The Black Smoke badge is changed after the sale of the old lot. The badge is different from the pictures. When available on backorder, delivery time is 2-3 weeks.  Logo label Excellent midlayer Bl\u00e5kl\u00e4der quality  &nbsp;\" \/>\n<meta property=\"og:url\" content=\"https:\/\/www.blacksmokeracing.com\/sv\/product\/hoodie-with-full-zip\/\" \/>\n<meta property=\"og:site_name\" content=\"Black Smoke Ltd\" \/>\n<meta property=\"article:publisher\" content=\"https:\/\/www.facebook.com\/blacksmokeracing\" \/>\n<meta property=\"article:modified_time\" content=\"2026-03-21T13:54:23+00:00\" \/>\n<meta property=\"og:image\" content=\"https:\/\/www.blacksmokeracing.com\/wp-content\/uploads\/blacksmoke-2022-web-04766-1.jpg\" \/>\n\t<meta property=\"og:image:width\" content=\"1280\" \/>\n\t<meta property=\"og:image:height\" content=\"1920\" \/>\n\t<meta property=\"og:image:type\" content=\"image\/jpeg\" \/>\n<meta name=\"twitter:card\" content=\"summary_large_image\" \/>\n<meta name=\"twitter:site\" content=\"@BlackSmokeMedia\" \/>\n<meta name=\"twitter:label1\" content=\"Ber\u00e4knad l\u00e4stid\" \/>\n\t<meta name=\"twitter:data1\" content=\"1 minut\" \/>\n<script type=\"application\/ld+json\" class=\"yoast-schema-graph\">{\"@context\":\"https:\\\/\\\/schema.org\",\"@graph\":[{\"@type\":[\"WebPage\",\"ItemPage\"],\"@id\":\"https:\\\/\\\/www.blacksmokeracing.com\\\/product\\\/hoodie-with-full-zip\\\/\",\"url\":\"https:\\\/\\\/www.blacksmokeracing.com\\\/product\\\/hoodie-with-full-zip\\\/\",\"name\":\"Bl\u00e5kl\u00e4der Hoodie with full zip - Black Smoke Ltd\",\"isPartOf\":{\"@id\":\"https:\\\/\\\/www.blacksmokeracing.com\\\/#website\"},\"primaryImageOfPage\":{\"@id\":\"https:\\\/\\\/www.blacksmokeracing.com\\\/product\\\/hoodie-with-full-zip\\\/#primaryimage\"},\"image\":{\"@id\":\"https:\\\/\\\/www.blacksmokeracing.com\\\/product\\\/hoodie-with-full-zip\\\/#primaryimage\"},\"thumbnailUrl\":\"https:\\\/\\\/www.blacksmokeracing.com\\\/wp-content\\\/uploads\\\/blacksmoke-2022-web-04766-1.jpg\",\"datePublished\":\"2022-02-05T09:24:33+00:00\",\"dateModified\":\"2026-03-21T13:54:23+00:00\",\"breadcrumb\":{\"@id\":\"https:\\\/\\\/www.blacksmokeracing.com\\\/product\\\/hoodie-with-full-zip\\\/#breadcrumb\"},\"inLanguage\":\"sv-SE\",\"potentialAction\":[{\"@type\":\"ReadAction\",\"target\":[\"https:\\\/\\\/www.blacksmokeracing.com\\\/product\\\/hoodie-with-full-zip\\\/\"]}]},{\"@type\":\"ImageObject\",\"inLanguage\":\"sv-SE\",\"@id\":\"https:\\\/\\\/www.blacksmokeracing.com\\\/product\\\/hoodie-with-full-zip\\\/#primaryimage\",\"url\":\"https:\\\/\\\/www.blacksmokeracing.com\\\/wp-content\\\/uploads\\\/blacksmoke-2022-web-04766-1.jpg\",\"contentUrl\":\"https:\\\/\\\/www.blacksmokeracing.com\\\/wp-content\\\/uploads\\\/blacksmoke-2022-web-04766-1.jpg\",\"width\":1280,\"height\":1920},{\"@type\":\"BreadcrumbList\",\"@id\":\"https:\\\/\\\/www.blacksmokeracing.com\\\/product\\\/hoodie-with-full-zip\\\/#breadcrumb\",\"itemListElement\":[{\"@type\":\"ListItem\",\"position\":1,\"name\":\"Home\",\"item\":\"https:\\\/\\\/www.blacksmokeracing.com\\\/\"},{\"@type\":\"ListItem\",\"position\":2,\"name\":\"Shop\",\"item\":\"https:\\\/\\\/www.blacksmokeracing.com\\\/shop\\\/\"},{\"@type\":\"ListItem\",\"position\":3,\"name\":\"Bl\u00e5kl\u00e4der Hoodie with full zip\"}]},{\"@type\":\"WebSite\",\"@id\":\"https:\\\/\\\/www.blacksmokeracing.com\\\/#website\",\"url\":\"https:\\\/\\\/www.blacksmokeracing.com\\\/\",\"name\":\"Black Smoke Ltd\",\"description\":\"Not the most successful drifting team\",\"publisher\":{\"@id\":\"https:\\\/\\\/www.blacksmokeracing.com\\\/#organization\"},\"potentialAction\":[{\"@type\":\"SearchAction\",\"target\":{\"@type\":\"EntryPoint\",\"urlTemplate\":\"https:\\\/\\\/www.blacksmokeracing.com\\\/?s={search_term_string}\"},\"query-input\":{\"@type\":\"PropertyValueSpecification\",\"valueRequired\":true,\"valueName\":\"search_term_string\"}}],\"inLanguage\":\"sv-SE\"},{\"@type\":\"Organization\",\"@id\":\"https:\\\/\\\/www.blacksmokeracing.com\\\/#organization\",\"name\":\"Black Smoke Oy Ltd\",\"url\":\"https:\\\/\\\/www.blacksmokeracing.com\\\/\",\"logo\":{\"@type\":\"ImageObject\",\"inLanguage\":\"sv-SE\",\"@id\":\"https:\\\/\\\/www.blacksmokeracing.com\\\/#\\\/schema\\\/logo\\\/image\\\/\",\"url\":\"https:\\\/\\\/www.blacksmokeracing.com\\\/wp-content\\\/uploads\\\/2017\\\/11\\\/Black-Smoke-Logo.png\",\"contentUrl\":\"https:\\\/\\\/www.blacksmokeracing.com\\\/wp-content\\\/uploads\\\/2017\\\/11\\\/Black-Smoke-Logo.png\",\"width\":319,\"height\":97,\"caption\":\"Black Smoke Oy Ltd\"},\"image\":{\"@id\":\"https:\\\/\\\/www.blacksmokeracing.com\\\/#\\\/schema\\\/logo\\\/image\\\/\"},\"sameAs\":[\"https:\\\/\\\/www.facebook.com\\\/blacksmokeracing\",\"https:\\\/\\\/x.com\\\/BlackSmokeMedia\"]}]}<\/script>\n<!-- \/ Yoast SEO Premium plugin. -->","yoast_head_json":{"title":"Bl\u00e5kl\u00e4der Hoodie with full zip - Black Smoke Ltd","robots":{"index":"index","follow":"follow","max-snippet":"max-snippet:-1","max-image-preview":"max-image-preview:large","max-video-preview":"max-video-preview:-1"},"canonical":"https:\/\/www.blacksmokeracing.com\/sv\/product\/hoodie-with-full-zip\/","og_locale":"sv_SE","og_type":"article","og_title":"Bl\u00e5kl\u00e4der Hoodie with full zip","og_description":"BL\u00c5KL\u00c4DER QUALITY!Nice looking hoodie that is great for wearing both on and off the job. This polyester hoodie features a full-length zip and a slightly longer neck. Drawstring at the hem and cords inside the pockets to adjust the waist. Black, discreet reflective trim on the front and hood, plus a chest pocket with space for logo decoration. Black Smoke label. The Black Smoke badge is changed after the sale of the old lot. The badge is different from the pictures. When available on backorder, delivery time is 2-3 weeks.  Logo label Excellent midlayer Bl\u00e5kl\u00e4der quality  &nbsp;","og_url":"https:\/\/www.blacksmokeracing.com\/sv\/product\/hoodie-with-full-zip\/","og_site_name":"Black Smoke Ltd","article_publisher":"https:\/\/www.facebook.com\/blacksmokeracing","article_modified_time":"2026-03-21T13:54:23+00:00","og_image":[{"width":1280,"height":1920,"url":"https:\/\/www.blacksmokeracing.com\/wp-content\/uploads\/blacksmoke-2022-web-04766-1.jpg","type":"image\/jpeg"}],"twitter_card":"summary_large_image","twitter_site":"@BlackSmokeMedia","twitter_misc":{"Ber\u00e4knad l\u00e4stid":"1 minut"},"schema":{"@context":"https:\/\/schema.org","@graph":[{"@type":["WebPage","ItemPage"],"@id":"https:\/\/www.blacksmokeracing.com\/product\/hoodie-with-full-zip\/","url":"https:\/\/www.blacksmokeracing.com\/product\/hoodie-with-full-zip\/","name":"Bl\u00e5kl\u00e4der Hoodie with full zip - Black Smoke Ltd","isPartOf":{"@id":"https:\/\/www.blacksmokeracing.com\/#website"},"primaryImageOfPage":{"@id":"https:\/\/www.blacksmokeracing.com\/product\/hoodie-with-full-zip\/#primaryimage"},"image":{"@id":"https:\/\/www.blacksmokeracing.com\/product\/hoodie-with-full-zip\/#primaryimage"},"thumbnailUrl":"https:\/\/www.blacksmokeracing.com\/wp-content\/uploads\/blacksmoke-2022-web-04766-1.jpg","datePublished":"2022-02-05T09:24:33+00:00","dateModified":"2026-03-21T13:54:23+00:00","breadcrumb":{"@id":"https:\/\/www.blacksmokeracing.com\/product\/hoodie-with-full-zip\/#breadcrumb"},"inLanguage":"sv-SE","potentialAction":[{"@type":"ReadAction","target":["https:\/\/www.blacksmokeracing.com\/product\/hoodie-with-full-zip\/"]}]},{"@type":"ImageObject","inLanguage":"sv-SE","@id":"https:\/\/www.blacksmokeracing.com\/product\/hoodie-with-full-zip\/#primaryimage","url":"https:\/\/www.blacksmokeracing.com\/wp-content\/uploads\/blacksmoke-2022-web-04766-1.jpg","contentUrl":"https:\/\/www.blacksmokeracing.com\/wp-content\/uploads\/blacksmoke-2022-web-04766-1.jpg","width":1280,"height":1920},{"@type":"BreadcrumbList","@id":"https:\/\/www.blacksmokeracing.com\/product\/hoodie-with-full-zip\/#breadcrumb","itemListElement":[{"@type":"ListItem","position":1,"name":"Home","item":"https:\/\/www.blacksmokeracing.com\/"},{"@type":"ListItem","position":2,"name":"Shop","item":"https:\/\/www.blacksmokeracing.com\/shop\/"},{"@type":"ListItem","position":3,"name":"Bl\u00e5kl\u00e4der Hoodie with full zip"}]},{"@type":"WebSite","@id":"https:\/\/www.blacksmokeracing.com\/#website","url":"https:\/\/www.blacksmokeracing.com\/","name":"Black Smoke Ltd","description":"Inte det mest framg\u00e5ngsrika driftinglaget","publisher":{"@id":"https:\/\/www.blacksmokeracing.com\/#organization"},"potentialAction":[{"@type":"SearchAction","target":{"@type":"EntryPoint","urlTemplate":"https:\/\/www.blacksmokeracing.com\/?s={search_term_string}"},"query-input":{"@type":"PropertyValueSpecification","valueRequired":true,"valueName":"search_term_string"}}],"inLanguage":"sv-SE"},{"@type":"Organization","@id":"https:\/\/www.blacksmokeracing.com\/#organization","name":"Black Smoke Oy Ltd","url":"https:\/\/www.blacksmokeracing.com\/","logo":{"@type":"ImageObject","inLanguage":"sv-SE","@id":"https:\/\/www.blacksmokeracing.com\/#\/schema\/logo\/image\/","url":"https:\/\/www.blacksmokeracing.com\/wp-content\/uploads\/2017\/11\/Black-Smoke-Logo.png","contentUrl":"https:\/\/www.blacksmokeracing.com\/wp-content\/uploads\/2017\/11\/Black-Smoke-Logo.png","width":319,"height":97,"caption":"Black Smoke Oy Ltd"},"image":{"@id":"https:\/\/www.blacksmokeracing.com\/#\/schema\/logo\/image\/"},"sameAs":["https:\/\/www.facebook.com\/blacksmokeracing","https:\/\/x.com\/BlackSmokeMedia"]}]}},"taxonomy_info":{"product_cat":[{"value":8839,"label":"Bl\u00e5kl\u00e4der Jackets &amp; Shirts"},{"value":279,"label":"Hoodies"},{"value":429,"label":"Jackets"},{"value":541,"label":"Merchandise"},{"value":316,"label":"Workwear from Blaklader &amp; Black Smoke Collaboration"}],"product_brands":[{"value":8875,"label":"Bl\u00e5kl\u00e4der Workwear"}]},"featured_image_src_large":["https:\/\/www.blacksmokeracing.com\/wp-content\/uploads\/blacksmoke-2022-web-04766-1-1170x1755.jpg",1170,1755,true],"author_info":[],"comment_info":0,"_links":{"self":[{"href":"https:\/\/www.blacksmokeracing.com\/sv\/wp-json\/wp\/v2\/product\/52363","targetHints":{"allow":["GET"]}}],"collection":[{"href":"https:\/\/www.blacksmokeracing.com\/sv\/wp-json\/wp\/v2\/product"}],"about":[{"href":"https:\/\/www.blacksmokeracing.com\/sv\/wp-json\/wp\/v2\/types\/product"}],"replies":[{"embeddable":true,"href":"https:\/\/www.blacksmokeracing.com\/sv\/wp-json\/wp\/v2\/comments?post=52363"}],"wp:featuredmedia":[{"embeddable":true,"href":"https:\/\/www.blacksmokeracing.com\/sv\/wp-json\/wp\/v2\/media\/52383"}],"wp:attachment":[{"href":"https:\/\/www.blacksmokeracing.com\/sv\/wp-json\/wp\/v2\/media?parent=52363"}],"wp:term":[{"taxonomy":"product_cat","embeddable":true,"href":"https:\/\/www.blacksmokeracing.com\/sv\/wp-json\/wp\/v2\/product_cat?post=52363"},{"taxonomy":"product_tag","embeddable":true,"href":"https:\/\/www.blacksmokeracing.com\/sv\/wp-json\/wp\/v2\/product_tag?post=52363"},{"taxonomy":"product_brands","embeddable":true,"href":"https:\/\/www.blacksmokeracing.com\/sv\/wp-json\/wp\/v2\/product_brands?post=52363"}],"curies":[{"name":"wp","href":"https:\/\/api.w.org\/{rel}","templated":true}]}}