{"id":48373,"date":"2021-07-07T11:48:12","date_gmt":"2021-07-07T08:48:12","guid":{"rendered":"https:\/\/www.blacksmokeracing.com\/?post_type=product&#038;p=48373"},"modified":"2026-04-14T05:57:24","modified_gmt":"2026-04-14T02:57:24","slug":"om628-400cdi-v8-high-pressure-pump-used","status":"publish","type":"product","link":"https:\/\/www.blacksmokeracing.com\/sv\/product\/om628-400cdi-v8-high-pressure-pump-used\/","title":{"rendered":"OM628 400CDI V8 h\u00f6gtryckspump \u2013 ANV\u00c4ND"},"content":{"rendered":"","protected":false},"excerpt":{"rendered":"<p>-ANV\u00c4ND 400cdi v8, om628 H\u00f6gtryckspump.<\/p>\n<p>-Anv\u00e4nds vanligtvis f\u00f6r att leverera mer br\u00e4nsle p\u00e5 OM61x- och OM64x-motorer<\/p>\n<p>- Kolla in v\u00e5r Turbo Diesel Builds-kanal f\u00f6r installationsinstruktioner<\/p>\n<ul>\n<li>L110, st\u00f6rsta Mercedes cdi pump!<\/li>\n<li>Passar OM61x och OM64x<\/li>\n<li>Upp till 450hk<\/li>\n<\/ul>","protected":false},"featured_media":74819,"comment_status":"open","ping_status":"closed","template":"","meta":{"inline_featured_image":false,"_kad_blocks_custom_css":"","_kad_blocks_head_custom_js":"","_kad_blocks_body_custom_js":"","_kad_blocks_footer_custom_js":"","_kad_post_transparent":"default","_kad_post_title":"","_kad_post_layout":"default","_kad_post_sidebar_id":"","_kad_post_content_style":"default","_kad_post_vertical_padding":"default","_kad_post_feature":"","_kad_post_feature_position":"","_kad_post_header":false,"_kad_post_footer":false,"_kad_post_classname":"","cybocfi_hide_featured_image":""},"product_cat":[586,531],"product_tag":[],"product_brands":[8880],"class_list":{"0":"post-48373","1":"product","2":"type-product","3":"status-publish","4":"has-post-thumbnail","6":"product_cat-fuel-system","7":"product_cat-mercedes-turbodiesel-race-parts","8":"product_brands-generic-part","10":"first","11":"outofstock","12":"taxable","13":"shipping-taxable","14":"purchasable","15":"product-type-simple","16":"entry","17":"content-bg","18":"loop-entry"},"yoast_head":"<!-- This site is optimized with the Yoast SEO Premium plugin v27.4 (Yoast SEO v27.4) - https:\/\/yoast.com\/product\/yoast-seo-premium-wordpress\/ -->\n<title>OM628 400CDI V8 High Pressure pump - USED - Black Smoke Ltd<\/title>\n<meta name=\"robots\" content=\"index, follow, max-snippet:-1, max-image-preview:large, max-video-preview:-1\" \/>\n<link rel=\"canonical\" href=\"https:\/\/www.blacksmokeracing.com\/sv\/product\/om628-400cdi-v8-high-pressure-pump-used\/\" \/>\n<meta property=\"og:locale\" content=\"sv_SE\" \/>\n<meta property=\"og:type\" content=\"article\" \/>\n<meta property=\"og:title\" content=\"OM628 400CDI V8 High Pressure pump - USED\" \/>\n<meta property=\"og:description\" content=\"-USED 400cdi v8, om628 High pressure pump.  -Commonly used to deliver more fuel on OM61x and OM64x engines  -Check out our Turbo Diesel Builds channel for installation instructions   L110, biggest Mercedes cdi pump!  Fits OM61x and OM64x  Up to 450hp\" \/>\n<meta property=\"og:url\" content=\"https:\/\/www.blacksmokeracing.com\/sv\/product\/om628-400cdi-v8-high-pressure-pump-used\/\" \/>\n<meta property=\"og:site_name\" content=\"Black Smoke Ltd\" \/>\n<meta property=\"article:publisher\" content=\"https:\/\/www.facebook.com\/blacksmokeracing\" \/>\n<meta property=\"article:modified_time\" content=\"2026-04-14T02:57:24+00:00\" \/>\n<meta property=\"og:image\" content=\"https:\/\/www.blacksmokeracing.com\/wp-content\/uploads\/black_smoke_performance-122-scaled.jpg\" \/>\n\t<meta property=\"og:image:width\" content=\"2560\" \/>\n\t<meta property=\"og:image:height\" content=\"1707\" \/>\n\t<meta property=\"og:image:type\" content=\"image\/jpeg\" \/>\n<meta name=\"twitter:card\" content=\"summary_large_image\" \/>\n<meta name=\"twitter:site\" content=\"@BlackSmokeMedia\" \/>\n<meta name=\"twitter:label1\" content=\"Ber\u00e4knad l\u00e4stid\" \/>\n\t<meta name=\"twitter:data1\" content=\"1 minut\" \/>\n<script type=\"application\/ld+json\" class=\"yoast-schema-graph\">{\"@context\":\"https:\\\/\\\/schema.org\",\"@graph\":[{\"@type\":[\"WebPage\",\"ItemPage\"],\"@id\":\"https:\\\/\\\/www.blacksmokeracing.com\\\/product\\\/om628-400cdi-v8-high-pressure-pump-used\\\/\",\"url\":\"https:\\\/\\\/www.blacksmokeracing.com\\\/product\\\/om628-400cdi-v8-high-pressure-pump-used\\\/\",\"name\":\"OM628 400CDI V8 High Pressure pump - USED - Black Smoke Ltd\",\"isPartOf\":{\"@id\":\"https:\\\/\\\/www.blacksmokeracing.com\\\/#website\"},\"primaryImageOfPage\":{\"@id\":\"https:\\\/\\\/www.blacksmokeracing.com\\\/product\\\/om628-400cdi-v8-high-pressure-pump-used\\\/#primaryimage\"},\"image\":{\"@id\":\"https:\\\/\\\/www.blacksmokeracing.com\\\/product\\\/om628-400cdi-v8-high-pressure-pump-used\\\/#primaryimage\"},\"thumbnailUrl\":\"https:\\\/\\\/www.blacksmokeracing.com\\\/wp-content\\\/uploads\\\/black_smoke_performance-122-scaled.jpg\",\"datePublished\":\"2021-07-07T08:48:12+00:00\",\"dateModified\":\"2026-04-14T02:57:24+00:00\",\"breadcrumb\":{\"@id\":\"https:\\\/\\\/www.blacksmokeracing.com\\\/product\\\/om628-400cdi-v8-high-pressure-pump-used\\\/#breadcrumb\"},\"inLanguage\":\"sv-SE\",\"potentialAction\":[{\"@type\":\"ReadAction\",\"target\":[\"https:\\\/\\\/www.blacksmokeracing.com\\\/product\\\/om628-400cdi-v8-high-pressure-pump-used\\\/\"]}]},{\"@type\":\"ImageObject\",\"inLanguage\":\"sv-SE\",\"@id\":\"https:\\\/\\\/www.blacksmokeracing.com\\\/product\\\/om628-400cdi-v8-high-pressure-pump-used\\\/#primaryimage\",\"url\":\"https:\\\/\\\/www.blacksmokeracing.com\\\/wp-content\\\/uploads\\\/black_smoke_performance-122-scaled.jpg\",\"contentUrl\":\"https:\\\/\\\/www.blacksmokeracing.com\\\/wp-content\\\/uploads\\\/black_smoke_performance-122-scaled.jpg\",\"width\":2560,\"height\":1707},{\"@type\":\"BreadcrumbList\",\"@id\":\"https:\\\/\\\/www.blacksmokeracing.com\\\/product\\\/om628-400cdi-v8-high-pressure-pump-used\\\/#breadcrumb\",\"itemListElement\":[{\"@type\":\"ListItem\",\"position\":1,\"name\":\"Home\",\"item\":\"https:\\\/\\\/www.blacksmokeracing.com\\\/\"},{\"@type\":\"ListItem\",\"position\":2,\"name\":\"Shop\",\"item\":\"https:\\\/\\\/www.blacksmokeracing.com\\\/shop\\\/\"},{\"@type\":\"ListItem\",\"position\":3,\"name\":\"OM628 400CDI V8 High Pressure pump &#8211; USED\"}]},{\"@type\":\"WebSite\",\"@id\":\"https:\\\/\\\/www.blacksmokeracing.com\\\/#website\",\"url\":\"https:\\\/\\\/www.blacksmokeracing.com\\\/\",\"name\":\"Black Smoke Ltd\",\"description\":\"Not the most successful drifting team\",\"publisher\":{\"@id\":\"https:\\\/\\\/www.blacksmokeracing.com\\\/#organization\"},\"potentialAction\":[{\"@type\":\"SearchAction\",\"target\":{\"@type\":\"EntryPoint\",\"urlTemplate\":\"https:\\\/\\\/www.blacksmokeracing.com\\\/?s={search_term_string}\"},\"query-input\":{\"@type\":\"PropertyValueSpecification\",\"valueRequired\":true,\"valueName\":\"search_term_string\"}}],\"inLanguage\":\"sv-SE\"},{\"@type\":\"Organization\",\"@id\":\"https:\\\/\\\/www.blacksmokeracing.com\\\/#organization\",\"name\":\"Black Smoke Oy Ltd\",\"url\":\"https:\\\/\\\/www.blacksmokeracing.com\\\/\",\"logo\":{\"@type\":\"ImageObject\",\"inLanguage\":\"sv-SE\",\"@id\":\"https:\\\/\\\/www.blacksmokeracing.com\\\/#\\\/schema\\\/logo\\\/image\\\/\",\"url\":\"https:\\\/\\\/www.blacksmokeracing.com\\\/wp-content\\\/uploads\\\/2017\\\/11\\\/Black-Smoke-Logo.png\",\"contentUrl\":\"https:\\\/\\\/www.blacksmokeracing.com\\\/wp-content\\\/uploads\\\/2017\\\/11\\\/Black-Smoke-Logo.png\",\"width\":319,\"height\":97,\"caption\":\"Black Smoke Oy Ltd\"},\"image\":{\"@id\":\"https:\\\/\\\/www.blacksmokeracing.com\\\/#\\\/schema\\\/logo\\\/image\\\/\"},\"sameAs\":[\"https:\\\/\\\/www.facebook.com\\\/blacksmokeracing\",\"https:\\\/\\\/x.com\\\/BlackSmokeMedia\"]}]}<\/script>\n<!-- \/ Yoast SEO Premium plugin. -->","yoast_head_json":{"title":"OM628 400CDI V8 h\u00f6gtryckspump - ANV\u00c4ND - Black Smoke Ltd","robots":{"index":"index","follow":"follow","max-snippet":"max-snippet:-1","max-image-preview":"max-image-preview:large","max-video-preview":"max-video-preview:-1"},"canonical":"https:\/\/www.blacksmokeracing.com\/sv\/product\/om628-400cdi-v8-high-pressure-pump-used\/","og_locale":"sv_SE","og_type":"article","og_title":"OM628 400CDI V8 High Pressure pump - USED","og_description":"-USED 400cdi v8, om628 High pressure pump.  -Commonly used to deliver more fuel on OM61x and OM64x engines  -Check out our Turbo Diesel Builds channel for installation instructions   L110, biggest Mercedes cdi pump!  Fits OM61x and OM64x  Up to 450hp","og_url":"https:\/\/www.blacksmokeracing.com\/sv\/product\/om628-400cdi-v8-high-pressure-pump-used\/","og_site_name":"Black Smoke Ltd","article_publisher":"https:\/\/www.facebook.com\/blacksmokeracing","article_modified_time":"2026-04-14T02:57:24+00:00","og_image":[{"width":2560,"height":1707,"url":"https:\/\/www.blacksmokeracing.com\/wp-content\/uploads\/black_smoke_performance-122-scaled.jpg","type":"image\/jpeg"}],"twitter_card":"summary_large_image","twitter_site":"@BlackSmokeMedia","twitter_misc":{"Ber\u00e4knad l\u00e4stid":"1 minut"},"schema":{"@context":"https:\/\/schema.org","@graph":[{"@type":["WebPage","ItemPage"],"@id":"https:\/\/www.blacksmokeracing.com\/product\/om628-400cdi-v8-high-pressure-pump-used\/","url":"https:\/\/www.blacksmokeracing.com\/product\/om628-400cdi-v8-high-pressure-pump-used\/","name":"OM628 400CDI V8 h\u00f6gtryckspump - ANV\u00c4ND - Black Smoke Ltd","isPartOf":{"@id":"https:\/\/www.blacksmokeracing.com\/#website"},"primaryImageOfPage":{"@id":"https:\/\/www.blacksmokeracing.com\/product\/om628-400cdi-v8-high-pressure-pump-used\/#primaryimage"},"image":{"@id":"https:\/\/www.blacksmokeracing.com\/product\/om628-400cdi-v8-high-pressure-pump-used\/#primaryimage"},"thumbnailUrl":"https:\/\/www.blacksmokeracing.com\/wp-content\/uploads\/black_smoke_performance-122-scaled.jpg","datePublished":"2021-07-07T08:48:12+00:00","dateModified":"2026-04-14T02:57:24+00:00","breadcrumb":{"@id":"https:\/\/www.blacksmokeracing.com\/product\/om628-400cdi-v8-high-pressure-pump-used\/#breadcrumb"},"inLanguage":"sv-SE","potentialAction":[{"@type":"ReadAction","target":["https:\/\/www.blacksmokeracing.com\/product\/om628-400cdi-v8-high-pressure-pump-used\/"]}]},{"@type":"ImageObject","inLanguage":"sv-SE","@id":"https:\/\/www.blacksmokeracing.com\/product\/om628-400cdi-v8-high-pressure-pump-used\/#primaryimage","url":"https:\/\/www.blacksmokeracing.com\/wp-content\/uploads\/black_smoke_performance-122-scaled.jpg","contentUrl":"https:\/\/www.blacksmokeracing.com\/wp-content\/uploads\/black_smoke_performance-122-scaled.jpg","width":2560,"height":1707},{"@type":"BreadcrumbList","@id":"https:\/\/www.blacksmokeracing.com\/product\/om628-400cdi-v8-high-pressure-pump-used\/#breadcrumb","itemListElement":[{"@type":"ListItem","position":1,"name":"Home","item":"https:\/\/www.blacksmokeracing.com\/"},{"@type":"ListItem","position":2,"name":"Shop","item":"https:\/\/www.blacksmokeracing.com\/shop\/"},{"@type":"ListItem","position":3,"name":"OM628 400CDI V8 High Pressure pump &#8211; USED"}]},{"@type":"WebSite","@id":"https:\/\/www.blacksmokeracing.com\/#website","url":"https:\/\/www.blacksmokeracing.com\/","name":"Black Smoke Ltd","description":"Inte det mest framg\u00e5ngsrika driftinglaget","publisher":{"@id":"https:\/\/www.blacksmokeracing.com\/#organization"},"potentialAction":[{"@type":"SearchAction","target":{"@type":"EntryPoint","urlTemplate":"https:\/\/www.blacksmokeracing.com\/?s={search_term_string}"},"query-input":{"@type":"PropertyValueSpecification","valueRequired":true,"valueName":"search_term_string"}}],"inLanguage":"sv-SE"},{"@type":"Organization","@id":"https:\/\/www.blacksmokeracing.com\/#organization","name":"Black Smoke Oy Ltd","url":"https:\/\/www.blacksmokeracing.com\/","logo":{"@type":"ImageObject","inLanguage":"sv-SE","@id":"https:\/\/www.blacksmokeracing.com\/#\/schema\/logo\/image\/","url":"https:\/\/www.blacksmokeracing.com\/wp-content\/uploads\/2017\/11\/Black-Smoke-Logo.png","contentUrl":"https:\/\/www.blacksmokeracing.com\/wp-content\/uploads\/2017\/11\/Black-Smoke-Logo.png","width":319,"height":97,"caption":"Black Smoke Oy Ltd"},"image":{"@id":"https:\/\/www.blacksmokeracing.com\/#\/schema\/logo\/image\/"},"sameAs":["https:\/\/www.facebook.com\/blacksmokeracing","https:\/\/x.com\/BlackSmokeMedia"]}]}},"taxonomy_info":{"product_cat":[{"value":586,"label":"Fuel system"},{"value":531,"label":"Turbodiesel Race parts"}],"product_brands":[{"value":8880,"label":"Generic - Products"}]},"featured_image_src_large":["https:\/\/www.blacksmokeracing.com\/wp-content\/uploads\/black_smoke_performance-122-1170x780.jpg",1170,780,true],"author_info":[],"comment_info":0,"_links":{"self":[{"href":"https:\/\/www.blacksmokeracing.com\/sv\/wp-json\/wp\/v2\/product\/48373","targetHints":{"allow":["GET"]}}],"collection":[{"href":"https:\/\/www.blacksmokeracing.com\/sv\/wp-json\/wp\/v2\/product"}],"about":[{"href":"https:\/\/www.blacksmokeracing.com\/sv\/wp-json\/wp\/v2\/types\/product"}],"replies":[{"embeddable":true,"href":"https:\/\/www.blacksmokeracing.com\/sv\/wp-json\/wp\/v2\/comments?post=48373"}],"wp:featuredmedia":[{"embeddable":true,"href":"https:\/\/www.blacksmokeracing.com\/sv\/wp-json\/wp\/v2\/media\/74819"}],"wp:attachment":[{"href":"https:\/\/www.blacksmokeracing.com\/sv\/wp-json\/wp\/v2\/media?parent=48373"}],"wp:term":[{"taxonomy":"product_cat","embeddable":true,"href":"https:\/\/www.blacksmokeracing.com\/sv\/wp-json\/wp\/v2\/product_cat?post=48373"},{"taxonomy":"product_tag","embeddable":true,"href":"https:\/\/www.blacksmokeracing.com\/sv\/wp-json\/wp\/v2\/product_tag?post=48373"},{"taxonomy":"product_brands","embeddable":true,"href":"https:\/\/www.blacksmokeracing.com\/sv\/wp-json\/wp\/v2\/product_brands?post=48373"}],"curies":[{"name":"wp","href":"https:\/\/api.w.org\/{rel}","templated":true}]}}