{"id":47061,"date":"2021-02-27T20:02:31","date_gmt":"2021-02-27T18:02:31","guid":{"rendered":"https:\/\/www.blacksmokeracing.com\/?post_type=product&#038;p=47061"},"modified":"2026-04-18T04:20:47","modified_gmt":"2026-04-18T01:20:47","slug":"om606-h-profile-connection-rod","status":"publish","type":"product","link":"https:\/\/www.blacksmokeracing.com\/sv\/product\/om606-h-profile-connection-rod\/","title":{"rendered":"OM606 H-Profile connecting rod"},"content":{"rendered":"<p>Price does not include bolts.<br \/>Works only with turbo engine pistons (28mm wristpin).<\/p>\r\n<ul>\r\n<li>H-profile connection rod.<\/li>\r\n<li>4340, HRC 35-40<\/li>\r\n<li>Balanced within 5g.<\/li>\r\n<li>For 28mm piston pin<\/li>\r\n<li>Bolts: 3\/8\u2032- 1.600\u2032 \u2013 Buy them<a href=\"https:\/\/www.blacksmokeracing.com\/product\/mercedes-turbodiesel-race-parts\/arp-bolts-for-om648-om606-h-profile-connection-rods\/\"> here<\/a><\/li>\r\n<\/ul>\r\n<p>Use OM606 STD bearings for rods purchased in 2025 and later.<\/p>\r\n<div data-block-name=\"woocommerce\/handpicked-products\" data-products=\"[42205]\" class=\"wc-block-grid wp-block-handpicked-products wp-block-woocommerce-handpicked-products wc-block-handpicked-products has-3-columns has-multiple-rows\"><ul class=\"wc-block-grid__products\"><li class=\"wc-block-grid__product entry loop-entry content-bg woo-archive-action-visible woo-archive-btn-button product-loop-boxed woo-archive-image-hover-fade\"><a href=\"https:\/\/www.blacksmokeracing.com\/sv\/product\/arp-bolts-for-om648-om606-h-profile-connection-rods\/\" class=\"wc-block-grid__product-link woocommerce-loop-image-link woocommerce-LoopProduct-link woocommerce-loop-product__link\"><span class=\"gtm4wp_productdata\" style=\"display:none; visibility:hidden;\" data-gtm4wp_product_data=\"{&quot;internal_id&quot;:42205,&quot;item_id&quot;:&quot;ARP-ROD-BOLTS-PAIR&quot;,&quot;item_name&quot;:&quot;ARP Bolts for connecting rods - Pair&quot;,&quot;sku&quot;:&quot;ARP-ROD-BOLTS-PAIR&quot;,&quot;price&quot;:27.89,&quot;stocklevel&quot;:35,&quot;stockstatus&quot;:&quot;instock&quot;,&quot;google_business_vertical&quot;:&quot;retail&quot;,&quot;item_category&quot;:&quot;Turbodiesel Race parts&quot;,&quot;id&quot;:&quot;ARP-ROD-BOLTS-PAIR&quot;,&quot;item_brand&quot;:&quot;ARP&quot;,&quot;productlink&quot;:&quot;https:\\\/\\\/www.blacksmokeracing.com\\\/sv\\\/product\\\/arp-bolts-for-om648-om606-h-profile-connection-rods\\\/&quot;,&quot;item_list_name&quot;:&quot;General Product List&quot;,&quot;index&quot;:0,&quot;product_type&quot;:&quot;simple&quot;}\"><\/span>\n\t\t\t\t\t<img loading=\"lazy\" decoding=\"async\" width=\"350\" height=\"350\" src=\"https:\/\/www.blacksmokeracing.com\/wp-content\/uploads\/JAK1970-scaled-e1634277726836-350x350.jpg\" class=\"attachment-woocommerce_thumbnail size-woocommerce_thumbnail\" alt=\"ARP Bolts for connecting rods - Pair\" srcset=\"https:\/\/www.blacksmokeracing.com\/wp-content\/uploads\/JAK1970-scaled-e1634277726836-350x350.jpg 350w, https:\/\/www.blacksmokeracing.com\/wp-content\/uploads\/JAK1970-scaled-e1634277726836-100x100.jpg 100w, https:\/\/www.blacksmokeracing.com\/wp-content\/uploads\/JAK1970-scaled-e1634277726836-465x465.jpg 465w, https:\/\/www.blacksmokeracing.com\/wp-content\/uploads\/JAK1970-scaled-e1634277726836-585x585.jpg 585w, https:\/\/www.blacksmokeracing.com\/wp-content\/uploads\/JAK1970-scaled-e1634277726836-930x930.jpg 930w, https:\/\/www.blacksmokeracing.com\/wp-content\/uploads\/JAK1970-scaled-e1634277726836-154x154.jpg 154w, https:\/\/www.blacksmokeracing.com\/wp-content\/uploads\/JAK1970-scaled-e1634277726836-77x77.jpg 77w\" sizes=\"auto, (max-width: 350px) 100vw, 350px\" \/>\n\t\t\t\t\t\n\t\t\t\t<\/a>\n\t\t\t\t<div class=\"product-details content-bg entry-content-wrap\">\n\t\t\t\t\t<a href=\"https:\/\/www.blacksmokeracing.com\/sv\/product\/arp-bolts-for-om648-om606-h-profile-connection-rods\/\" class=\"wc-block-grid__product-title-link\">\n\t\t\t\t\t\t<div class=\"wc-block-grid__product-title\">ARP Bolts for connecting rods &#8211; Pair<\/div>\n\t\t\t\t\t<\/a>\n\t\t\t\t\t<div class=\"wc-block-grid__product-rating\"><div class=\"star-rating\" role=\"img\" aria-label=\"Betygsatt 5.00 av 5\"><span style=\"width:100%\">Betygsatt <strong class=\"rating\">5.00<\/strong> av 5 baserat p\u00e5 <span class=\"rating\">1<\/span> kundrecension<\/span><\/div><\/div>\n\t\t\t\t\t<div class=\"wc-block-grid__product-price price\"><span class=\"woocommerce-Price-amount amount\">27,89&nbsp;<span class=\"woocommerce-Price-currencySymbol\">\u20ac<\/span><\/span><\/div>\n\t\t\t\t\t<div class=\"wp-block-button wc-block-grid__product-add-to-cart\"><a href=\"\/sv\/wp-json\/wp\/v2\/product\/47061?add-to-cart=42205\" aria-label=\"L\u00e4gg till i varukorgen: \u201dARP Bolts for connecting rods - Pair\u201d\" data-quantity=\"1\" data-product_id=\"42205\" data-product_sku=\"ARP-ROD-BOLTS-PAIR\" rel=\"nofollow\" class=\"wp-block-button__link add_to_cart_button ajax_add_to_cart\">L\u00e4gg till i varukorg<span class=\"kadence-svg-iconset svg-baseline\"><svg class=\"kadence-svg-icon kadence-spinner-svg\" fill=\"currentColor\" version=\"1.1\" xmlns=\"http:\/\/www.w3.org\/2000\/svg\" width=\"16\" height=\"16\" viewBox=\"0 0 16 16\"><title>Loading<\/title><path d=\"M16 6h-6l2.243-2.243c-1.133-1.133-2.64-1.757-4.243-1.757s-3.109 0.624-4.243 1.757c-1.133 1.133-1.757 2.64-1.757 4.243s0.624 3.109 1.757 4.243c1.133 1.133 2.64 1.757 4.243 1.757s3.109-0.624 4.243-1.757c0.095-0.095 0.185-0.192 0.273-0.292l1.505 1.317c-1.466 1.674-3.62 2.732-6.020 2.732-4.418 0-8-3.582-8-8s3.582-8 8-8c2.209 0 4.209 0.896 5.656 2.344l2.343-2.344v6z\"><\/path>\n\t\t\t\t<\/svg><\/span><span class=\"kadence-svg-iconset svg-baseline\"><svg class=\"kadence-svg-icon kadence-check-svg\" fill=\"currentColor\" version=\"1.1\" xmlns=\"http:\/\/www.w3.org\/2000\/svg\" width=\"16\" height=\"16\" viewBox=\"0 0 16 16\"><title>Done<\/title><path d=\"M14 2.5l-8.5 8.5-3.5-3.5-1.5 1.5 5 5 10-10z\"><\/path>\n\t\t\t\t<\/svg><\/span><\/a><\/div>\n\t\t\t\t<\/div>\n\t\t\t<\/li><\/ul><\/div>\r\n<p>&nbsp;<\/p>","protected":false},"excerpt":{"rendered":"<p><strong>B\u00c4STS\u00c4LJARE \u2013 N\u00c4STAN 1000ST S\u00c5LD<br \/><\/strong>Fungerar endast med kolvar f\u00f6r turbomotorer (28mm kolvtapp)<strong><br \/><\/strong><\/p>\n<ul>\n<li>Passar OM604-OM606<\/li>\n<li>Bultar finns ocks\u00e5<\/li>\n<li>Upp till 720whp<\/li>\n<li>Anv\u00e4nd OM606 STD-lager<\/li>\n<\/ul>\n<p>Priset inkluderar inte bultar, ARP-bultar, k\u00f6p dem<a href=\"https:\/\/www.blacksmokeracing.com\/sv\/product\/om606-h-profile-connection-rod-with-arp-bolts\/\"> H\u00c4R.<\/a><\/p>\n<p>Anv\u00e4nd OM606 STD-lager f\u00f6r stavar ink\u00f6pta 2025 och senare.<\/p>","protected":false},"featured_media":66791,"comment_status":"open","ping_status":"closed","template":"","meta":{"inline_featured_image":false,"_kad_blocks_custom_css":"","_kad_blocks_head_custom_js":"","_kad_blocks_body_custom_js":"","_kad_blocks_footer_custom_js":"","_kad_post_transparent":"default","_kad_post_title":"","_kad_post_layout":"default","_kad_post_sidebar_id":"","_kad_post_content_style":"default","_kad_post_vertical_padding":"default","_kad_post_feature":"","_kad_post_feature_position":"","_kad_post_header":false,"_kad_post_footer":false,"_kad_post_classname":"","cybocfi_hide_featured_image":""},"product_cat":[588,531],"product_tag":[],"product_brands":[8870],"class_list":{"0":"post-47061","1":"product","2":"type-product","3":"status-publish","4":"has-post-thumbnail","6":"product_cat-engine","7":"product_cat-mercedes-turbodiesel-race-parts","8":"product_brands-black-smoke-performance","10":"first","11":"instock","12":"taxable","13":"shipping-taxable","14":"purchasable","15":"product-type-simple","16":"entry","17":"content-bg","18":"loop-entry"},"yoast_head":"<!-- This site is optimized with the Yoast SEO Premium plugin v27.4 (Yoast SEO v27.4) - https:\/\/yoast.com\/product\/yoast-seo-premium-wordpress\/ -->\n<title>OM606 H-Profile connecting rod - Black Smoke Ltd<\/title>\n<meta name=\"robots\" content=\"index, follow, max-snippet:-1, max-image-preview:large, max-video-preview:-1\" \/>\n<link rel=\"canonical\" href=\"https:\/\/www.blacksmokeracing.com\/sv\/product\/om606-h-profile-connection-rod\/\" \/>\n<meta property=\"og:locale\" content=\"sv_SE\" \/>\n<meta property=\"og:type\" content=\"article\" \/>\n<meta property=\"og:title\" content=\"OM606 H-Profile connecting rod\" \/>\n<meta property=\"og:description\" content=\"BESTSELLER - ALMOST 1000PCS ALREADY SOLDWorks only with turbo engine pistons (28mm wristpin)  Fits OM604-OM606 Bolts also available Up to 720whp Use OM606 STD bearings  Price does not include bolts, ARP bolts, buy them HERE. Use OM606 STD bearings for rods purchased in 2025 and later.\" \/>\n<meta property=\"og:url\" content=\"https:\/\/www.blacksmokeracing.com\/sv\/product\/om606-h-profile-connection-rod\/\" \/>\n<meta property=\"og:site_name\" content=\"Black Smoke Ltd\" \/>\n<meta property=\"article:publisher\" content=\"https:\/\/www.facebook.com\/blacksmokeracing\" \/>\n<meta property=\"article:modified_time\" content=\"2026-04-18T01:20:47+00:00\" \/>\n<meta property=\"og:image\" content=\"https:\/\/www.blacksmokeracing.com\/wp-content\/uploads\/test-2.jpg\" \/>\n\t<meta property=\"og:image:width\" content=\"1920\" \/>\n\t<meta property=\"og:image:height\" content=\"1280\" \/>\n\t<meta property=\"og:image:type\" content=\"image\/jpeg\" \/>\n<meta name=\"twitter:card\" content=\"summary_large_image\" \/>\n<meta name=\"twitter:site\" content=\"@BlackSmokeMedia\" \/>\n<meta name=\"twitter:label1\" content=\"Ber\u00e4knad l\u00e4stid\" \/>\n\t<meta name=\"twitter:data1\" content=\"1 minut\" \/>\n<script type=\"application\/ld+json\" class=\"yoast-schema-graph\">{\"@context\":\"https:\\\/\\\/schema.org\",\"@graph\":[{\"@type\":[\"WebPage\",\"ItemPage\"],\"@id\":\"https:\\\/\\\/www.blacksmokeracing.com\\\/product\\\/om606-h-profile-connection-rod\\\/\",\"url\":\"https:\\\/\\\/www.blacksmokeracing.com\\\/product\\\/om606-h-profile-connection-rod\\\/\",\"name\":\"OM606 H-Profile connecting rod - Black Smoke Ltd\",\"isPartOf\":{\"@id\":\"https:\\\/\\\/www.blacksmokeracing.com\\\/#website\"},\"primaryImageOfPage\":{\"@id\":\"https:\\\/\\\/www.blacksmokeracing.com\\\/product\\\/om606-h-profile-connection-rod\\\/#primaryimage\"},\"image\":{\"@id\":\"https:\\\/\\\/www.blacksmokeracing.com\\\/product\\\/om606-h-profile-connection-rod\\\/#primaryimage\"},\"thumbnailUrl\":\"https:\\\/\\\/www.blacksmokeracing.com\\\/wp-content\\\/uploads\\\/test-2.jpg\",\"datePublished\":\"2021-02-27T18:02:31+00:00\",\"dateModified\":\"2026-04-18T01:20:47+00:00\",\"breadcrumb\":{\"@id\":\"https:\\\/\\\/www.blacksmokeracing.com\\\/product\\\/om606-h-profile-connection-rod\\\/#breadcrumb\"},\"inLanguage\":\"sv-SE\",\"potentialAction\":[{\"@type\":\"ReadAction\",\"target\":[\"https:\\\/\\\/www.blacksmokeracing.com\\\/product\\\/om606-h-profile-connection-rod\\\/\"]}]},{\"@type\":\"ImageObject\",\"inLanguage\":\"sv-SE\",\"@id\":\"https:\\\/\\\/www.blacksmokeracing.com\\\/product\\\/om606-h-profile-connection-rod\\\/#primaryimage\",\"url\":\"https:\\\/\\\/www.blacksmokeracing.com\\\/wp-content\\\/uploads\\\/test-2.jpg\",\"contentUrl\":\"https:\\\/\\\/www.blacksmokeracing.com\\\/wp-content\\\/uploads\\\/test-2.jpg\",\"width\":1920,\"height\":1280},{\"@type\":\"BreadcrumbList\",\"@id\":\"https:\\\/\\\/www.blacksmokeracing.com\\\/product\\\/om606-h-profile-connection-rod\\\/#breadcrumb\",\"itemListElement\":[{\"@type\":\"ListItem\",\"position\":1,\"name\":\"Home\",\"item\":\"https:\\\/\\\/www.blacksmokeracing.com\\\/\"},{\"@type\":\"ListItem\",\"position\":2,\"name\":\"Shop\",\"item\":\"https:\\\/\\\/www.blacksmokeracing.com\\\/shop\\\/\"},{\"@type\":\"ListItem\",\"position\":3,\"name\":\"OM606 H-Profile connecting rod\"}]},{\"@type\":\"WebSite\",\"@id\":\"https:\\\/\\\/www.blacksmokeracing.com\\\/#website\",\"url\":\"https:\\\/\\\/www.blacksmokeracing.com\\\/\",\"name\":\"Black Smoke Ltd\",\"description\":\"Not the most successful drifting team\",\"publisher\":{\"@id\":\"https:\\\/\\\/www.blacksmokeracing.com\\\/#organization\"},\"potentialAction\":[{\"@type\":\"SearchAction\",\"target\":{\"@type\":\"EntryPoint\",\"urlTemplate\":\"https:\\\/\\\/www.blacksmokeracing.com\\\/?s={search_term_string}\"},\"query-input\":{\"@type\":\"PropertyValueSpecification\",\"valueRequired\":true,\"valueName\":\"search_term_string\"}}],\"inLanguage\":\"sv-SE\"},{\"@type\":\"Organization\",\"@id\":\"https:\\\/\\\/www.blacksmokeracing.com\\\/#organization\",\"name\":\"Black Smoke Oy Ltd\",\"url\":\"https:\\\/\\\/www.blacksmokeracing.com\\\/\",\"logo\":{\"@type\":\"ImageObject\",\"inLanguage\":\"sv-SE\",\"@id\":\"https:\\\/\\\/www.blacksmokeracing.com\\\/#\\\/schema\\\/logo\\\/image\\\/\",\"url\":\"https:\\\/\\\/www.blacksmokeracing.com\\\/wp-content\\\/uploads\\\/2017\\\/11\\\/Black-Smoke-Logo.png\",\"contentUrl\":\"https:\\\/\\\/www.blacksmokeracing.com\\\/wp-content\\\/uploads\\\/2017\\\/11\\\/Black-Smoke-Logo.png\",\"width\":319,\"height\":97,\"caption\":\"Black Smoke Oy Ltd\"},\"image\":{\"@id\":\"https:\\\/\\\/www.blacksmokeracing.com\\\/#\\\/schema\\\/logo\\\/image\\\/\"},\"sameAs\":[\"https:\\\/\\\/www.facebook.com\\\/blacksmokeracing\",\"https:\\\/\\\/x.com\\\/BlackSmokeMedia\"]}]}<\/script>\n<!-- \/ Yoast SEO Premium plugin. -->","yoast_head_json":{"title":"OM606 H-Profile connecting rod - Black Smoke Ltd","robots":{"index":"index","follow":"follow","max-snippet":"max-snippet:-1","max-image-preview":"max-image-preview:large","max-video-preview":"max-video-preview:-1"},"canonical":"https:\/\/www.blacksmokeracing.com\/sv\/product\/om606-h-profile-connection-rod\/","og_locale":"sv_SE","og_type":"article","og_title":"OM606 H-Profile connecting rod","og_description":"BESTSELLER - ALMOST 1000PCS ALREADY SOLDWorks only with turbo engine pistons (28mm wristpin)  Fits OM604-OM606 Bolts also available Up to 720whp Use OM606 STD bearings  Price does not include bolts, ARP bolts, buy them HERE. Use OM606 STD bearings for rods purchased in 2025 and later.","og_url":"https:\/\/www.blacksmokeracing.com\/sv\/product\/om606-h-profile-connection-rod\/","og_site_name":"Black Smoke Ltd","article_publisher":"https:\/\/www.facebook.com\/blacksmokeracing","article_modified_time":"2026-04-18T01:20:47+00:00","og_image":[{"width":1920,"height":1280,"url":"https:\/\/www.blacksmokeracing.com\/wp-content\/uploads\/test-2.jpg","type":"image\/jpeg"}],"twitter_card":"summary_large_image","twitter_site":"@BlackSmokeMedia","twitter_misc":{"Ber\u00e4knad l\u00e4stid":"1 minut"},"schema":{"@context":"https:\/\/schema.org","@graph":[{"@type":["WebPage","ItemPage"],"@id":"https:\/\/www.blacksmokeracing.com\/product\/om606-h-profile-connection-rod\/","url":"https:\/\/www.blacksmokeracing.com\/product\/om606-h-profile-connection-rod\/","name":"OM606 H-Profile connecting rod - Black Smoke Ltd","isPartOf":{"@id":"https:\/\/www.blacksmokeracing.com\/#website"},"primaryImageOfPage":{"@id":"https:\/\/www.blacksmokeracing.com\/product\/om606-h-profile-connection-rod\/#primaryimage"},"image":{"@id":"https:\/\/www.blacksmokeracing.com\/product\/om606-h-profile-connection-rod\/#primaryimage"},"thumbnailUrl":"https:\/\/www.blacksmokeracing.com\/wp-content\/uploads\/test-2.jpg","datePublished":"2021-02-27T18:02:31+00:00","dateModified":"2026-04-18T01:20:47+00:00","breadcrumb":{"@id":"https:\/\/www.blacksmokeracing.com\/product\/om606-h-profile-connection-rod\/#breadcrumb"},"inLanguage":"sv-SE","potentialAction":[{"@type":"ReadAction","target":["https:\/\/www.blacksmokeracing.com\/product\/om606-h-profile-connection-rod\/"]}]},{"@type":"ImageObject","inLanguage":"sv-SE","@id":"https:\/\/www.blacksmokeracing.com\/product\/om606-h-profile-connection-rod\/#primaryimage","url":"https:\/\/www.blacksmokeracing.com\/wp-content\/uploads\/test-2.jpg","contentUrl":"https:\/\/www.blacksmokeracing.com\/wp-content\/uploads\/test-2.jpg","width":1920,"height":1280},{"@type":"BreadcrumbList","@id":"https:\/\/www.blacksmokeracing.com\/product\/om606-h-profile-connection-rod\/#breadcrumb","itemListElement":[{"@type":"ListItem","position":1,"name":"Home","item":"https:\/\/www.blacksmokeracing.com\/"},{"@type":"ListItem","position":2,"name":"Shop","item":"https:\/\/www.blacksmokeracing.com\/shop\/"},{"@type":"ListItem","position":3,"name":"OM606 H-Profile connecting rod"}]},{"@type":"WebSite","@id":"https:\/\/www.blacksmokeracing.com\/#website","url":"https:\/\/www.blacksmokeracing.com\/","name":"Black Smoke Ltd","description":"Inte det mest framg\u00e5ngsrika driftinglaget","publisher":{"@id":"https:\/\/www.blacksmokeracing.com\/#organization"},"potentialAction":[{"@type":"SearchAction","target":{"@type":"EntryPoint","urlTemplate":"https:\/\/www.blacksmokeracing.com\/?s={search_term_string}"},"query-input":{"@type":"PropertyValueSpecification","valueRequired":true,"valueName":"search_term_string"}}],"inLanguage":"sv-SE"},{"@type":"Organization","@id":"https:\/\/www.blacksmokeracing.com\/#organization","name":"Black Smoke Oy Ltd","url":"https:\/\/www.blacksmokeracing.com\/","logo":{"@type":"ImageObject","inLanguage":"sv-SE","@id":"https:\/\/www.blacksmokeracing.com\/#\/schema\/logo\/image\/","url":"https:\/\/www.blacksmokeracing.com\/wp-content\/uploads\/2017\/11\/Black-Smoke-Logo.png","contentUrl":"https:\/\/www.blacksmokeracing.com\/wp-content\/uploads\/2017\/11\/Black-Smoke-Logo.png","width":319,"height":97,"caption":"Black Smoke Oy Ltd"},"image":{"@id":"https:\/\/www.blacksmokeracing.com\/#\/schema\/logo\/image\/"},"sameAs":["https:\/\/www.facebook.com\/blacksmokeracing","https:\/\/x.com\/BlackSmokeMedia"]}]}},"taxonomy_info":{"product_cat":[{"value":588,"label":"Engine"},{"value":531,"label":"Turbodiesel Race parts"}],"product_brands":[{"value":8870,"label":"Black Smoke Performance"}]},"featured_image_src_large":["https:\/\/www.blacksmokeracing.com\/wp-content\/uploads\/test-2-1170x780.jpg",1170,780,true],"author_info":[],"comment_info":0,"_links":{"self":[{"href":"https:\/\/www.blacksmokeracing.com\/sv\/wp-json\/wp\/v2\/product\/47061","targetHints":{"allow":["GET"]}}],"collection":[{"href":"https:\/\/www.blacksmokeracing.com\/sv\/wp-json\/wp\/v2\/product"}],"about":[{"href":"https:\/\/www.blacksmokeracing.com\/sv\/wp-json\/wp\/v2\/types\/product"}],"replies":[{"embeddable":true,"href":"https:\/\/www.blacksmokeracing.com\/sv\/wp-json\/wp\/v2\/comments?post=47061"}],"wp:featuredmedia":[{"embeddable":true,"href":"https:\/\/www.blacksmokeracing.com\/sv\/wp-json\/wp\/v2\/media\/66791"}],"wp:attachment":[{"href":"https:\/\/www.blacksmokeracing.com\/sv\/wp-json\/wp\/v2\/media?parent=47061"}],"wp:term":[{"taxonomy":"product_cat","embeddable":true,"href":"https:\/\/www.blacksmokeracing.com\/sv\/wp-json\/wp\/v2\/product_cat?post=47061"},{"taxonomy":"product_tag","embeddable":true,"href":"https:\/\/www.blacksmokeracing.com\/sv\/wp-json\/wp\/v2\/product_tag?post=47061"},{"taxonomy":"product_brands","embeddable":true,"href":"https:\/\/www.blacksmokeracing.com\/sv\/wp-json\/wp\/v2\/product_brands?post=47061"}],"curies":[{"name":"wp","href":"https:\/\/api.w.org\/{rel}","templated":true}]}}