{"id":13949,"date":"2018-01-24T09:23:42","date_gmt":"2018-01-24T07:23:42","guid":{"rendered":"https:\/\/www.blacksmokeracing.com\/?post_type=product&#038;p=13949"},"modified":"2026-04-27T14:30:33","modified_gmt":"2026-04-27T11:30:33","slug":"service-trousers-stretch-denim","status":"publish","type":"product","link":"https:\/\/www.blacksmokeracing.com\/sv\/product\/service-trousers-stretch-denim\/","title":{"rendered":"Bl\u00e5kl\u00e4der Service byxor stretch \u2013 Denim"},"content":{"rendered":"<p>Modern servicebyxa i ett l\u00e4tt men slitstarkt material med snabbtorkande egenskaper \u2013 vilket g\u00f6r byxan idealisk f\u00f6r arbete inomhus, eller utomhus i varmt v\u00e4der. Modellen har smalare passform och f\u00f6rb\u00f6jda kn\u00e4n f\u00f6r \u00f6kad komfort. F\u00f6r optimal r\u00f6relsef\u00f6rm\u00e5ga har byxorna stretchpaneler p\u00e5 noggrant utvalda st\u00e4llen, som nederdel, kn\u00e4n och i grenen. Byxorna har penn- och knivficka anpassad f\u00f6r h\u00f6ger- och v\u00e4nsterh\u00e4nta, benficka med innerficka i mesh f\u00f6r mobiltelefonen samt f\u00f6rl\u00e4ngningsm\u00f6jlighet vid benkanten.<\/p>\n<h3>TYG<\/h3>\n<p>65% polyester, 35% bomull, vanlig, 166g\/m\u00b2<\/p>\n<h3>FUNKTIONALITET<\/h3>\n<p>Stretchpanel i grenen, p\u00e5 kn\u00e4 och h\u00f6ft<br \/>\nF\u00f6rb\u00f6jda kn\u00e4n<\/p>\n<h3>DETALJER<\/h3>\n<p>Blixtl\u00e5sgylf av plast<br \/>\nD-ring i midjan<\/p>\n<h3>FICKOR<\/h3>\n<p>Fickor i ryggen<br \/>\nBenfickor med b\u00e4lg, dragkedja, pennficka och knivficka<br \/>\nInf\u00e4llda fickor<br \/>\nInre telefonficka<\/p>\n<h3>AVSLUTA<\/h3>\n<p>F\u00f6rl\u00e4ngningsfunktion i botten<\/p>\n<h3>KVALITET &amp; TV\u00c4TT<\/h3>\n<p>65% polyester, 35% bomull, vanlig, 166g\/m\u00b2<\/p>\n<p>L\u00e4tt tyg f\u00f6r komfort i varmt klimat. \u00d6ko-Tex 100-certifierad.<\/p>\n<div class=\"product-page-tabs-content-washing-instruction\"><img decoding=\"async\" src=\"https:\/\/services.enferno.se\/image\/c3f9a7c9-0d07-4699-bc0d-c43dfa3968e1.jpg?preset=54\" alt=\"40\u00b0C\" \/> <img decoding=\"async\" src=\"https:\/\/services.enferno.se\/image\/e4a0afac-95ca-4786-81ab-97ad43affd48.jpg?preset=54\" alt=\"Ingen blekning\" \/> <img decoding=\"async\" src=\"https:\/\/services.enferno.se\/image\/6e950a77-90ae-482e-a079-c15933c48d01.jpg?preset=54\" alt=\"Ingen torktumling\" \/> <img decoding=\"async\" src=\"https:\/\/services.enferno.se\/image\/1221de50-1fe0-4d9a-99fd-d9d3da46a020.jpg?preset=54\" alt=\"Strykning - l\u00e5g\" \/> <img decoding=\"async\" src=\"https:\/\/services.enferno.se\/image\/7abd337b-a2ca-400c-a32a-684cb0eec2e4.jpg?preset=54\" alt=\"Ingen kemtv\u00e4tt\" \/><\/div>\n<div class=\"product-page-tabs-content-washing-instruction\"><img loading=\"lazy\" decoding=\"async\" class=\"aligncenter wp-image-10576 size-full\" src=\"https:\/\/www.blacksmokeracing.com\/wp-content\/uploads\/2016\/11\/sizing-EN_Page_2.jpg\" alt=\"storlek-sv_sida_2\" width=\"1772\" height=\"2237\" srcset=\"https:\/\/www.blacksmokeracing.com\/wp-content\/uploads\/2016\/11\/sizing-EN_Page_2.jpg 1772w, https:\/\/www.blacksmokeracing.com\/wp-content\/uploads\/2016\/11\/sizing-EN_Page_2-64x81.jpg 64w, https:\/\/www.blacksmokeracing.com\/wp-content\/uploads\/2016\/11\/sizing-EN_Page_2-585x739.jpg 585w, https:\/\/www.blacksmokeracing.com\/wp-content\/uploads\/2016\/11\/sizing-EN_Page_2-768x970.jpg 768w, https:\/\/www.blacksmokeracing.com\/wp-content\/uploads\/2016\/11\/sizing-EN_Page_2-1170x1477.jpg 1170w, https:\/\/www.blacksmokeracing.com\/wp-content\/uploads\/2016\/11\/sizing-EN_Page_2-116x145.jpg 116w\" sizes=\"auto, (max-width: 1772px) 100vw, 1772px\" \/><\/div>","protected":false},"excerpt":{"rendered":"<p><strong>BL\u00c5KL\u00c4DER KVALITET!<\/strong><br \/>\nVi presenterar stolt, fr\u00e5n Black Smoke x Bl\u00e5kl\u00e4der Collab clothing, de perfekta arbetsbyxorna f\u00f6r sommar eller inomhus, l\u00e4tta och stretchiga. De \u00e4r av extremt god kvalitet, utomordentligt snygga och otroligt bekv\u00e4ma (det \u00e4r ju Bl\u00e5kl\u00e4der trots allt...).<\/p>\n<p><span style=\"color: #ff0000;\">Black Smoke-m\u00e4rket \u00e4ndras efter f\u00f6rs\u00e4ljningen av det gamla partiet. M\u00e4rket skiljer sig fr\u00e5n bilderna.<\/span><\/p>\n<p><strong>Vid restnotering \u00e4r leveranstiden 2-3 veckor.<\/strong><\/p>\n<ul>\n<li>Stolt \u00f6ver att s\u00e4lja dessa<\/li>\n<li>Bl\u00e5kl\u00e4der kvalitet<\/li>\n<li>Stretchig och sk\u00f6n<\/li>\n<li>B\u00e4sta pris online!<\/li>\n<\/ul>","protected":false},"featured_media":71070,"comment_status":"open","ping_status":"closed","template":"","meta":{"inline_featured_image":false,"_kad_blocks_custom_css":"","_kad_blocks_head_custom_js":"","_kad_blocks_body_custom_js":"","_kad_blocks_footer_custom_js":"","_kad_post_transparent":"default","_kad_post_title":"","_kad_post_layout":"default","_kad_post_sidebar_id":"","_kad_post_content_style":"default","_kad_post_vertical_padding":"default","_kad_post_feature":"","_kad_post_feature_position":"","_kad_post_header":false,"_kad_post_footer":false,"_kad_post_classname":"","cybocfi_hide_featured_image":""},"product_cat":[335,316],"product_tag":[],"product_brands":[8875],"class_list":{"0":"post-13949","1":"product","2":"type-product","3":"status-publish","4":"has-post-thumbnail","6":"product_cat-blaklader-trousers","7":"product_cat-workwear","8":"product_brands-blaklader","10":"first","11":"instock","12":"sale","13":"taxable","14":"shipping-taxable","15":"purchasable","16":"product-type-variable","17":"entry","18":"content-bg","19":"loop-entry"},"yoast_head":"<!-- This site is optimized with the Yoast SEO Premium plugin v27.5 (Yoast SEO v27.5) - https:\/\/yoast.com\/product\/yoast-seo-premium-wordpress\/ -->\n<title>Bl\u00e5kl\u00e4der Service trousers stretch - Denim - Black Smoke Ltd<\/title>\n<meta name=\"robots\" content=\"index, follow, max-snippet:-1, max-image-preview:large, max-video-preview:-1\" \/>\n<link rel=\"canonical\" href=\"https:\/\/www.blacksmokeracing.com\/sv\/product\/service-trousers-stretch-denim\/\" \/>\n<meta property=\"og:locale\" content=\"sv_SE\" \/>\n<meta property=\"og:type\" content=\"article\" \/>\n<meta property=\"og:title\" content=\"Bl\u00e5kl\u00e4der Service trousers stretch - Denim\" \/>\n<meta property=\"og:description\" content=\"BL\u00c5KL\u00c4DER QUALITY! We proudly present, from Black Smoke x Bl\u00e5kl\u00e4der Collab clothing, the perfect work pants for summer or indoors, lightweight and stretch. They are extremely good quality, extraordinary good looking and unbelievably comfortable (of course, it\u2019s bl\u00e5kl\u00e4der after all\u2026).  The Black Smoke badge is changed after the sale of the old lot. The badge is different from the pictures.  When available on backorder, delivery time is 2-3 weeks.   Proud to sell these  Bl\u00e5kl\u00e4der quality  Stretchy and comfy  Best price online!\" \/>\n<meta property=\"og:url\" content=\"https:\/\/www.blacksmokeracing.com\/sv\/product\/service-trousers-stretch-denim\/\" \/>\n<meta property=\"og:site_name\" content=\"Black Smoke Ltd\" \/>\n<meta property=\"article:publisher\" content=\"https:\/\/www.facebook.com\/blacksmokeracing\" \/>\n<meta property=\"article:modified_time\" content=\"2026-04-27T11:30:33+00:00\" \/>\n<meta property=\"og:image\" content=\"https:\/\/www.blacksmokeracing.com\/wp-content\/uploads\/blaklader_service_stretch_denim_-145911428999-4-1.jpg\" \/>\n\t<meta property=\"og:image:width\" content=\"1000\" \/>\n\t<meta property=\"og:image:height\" content=\"1250\" \/>\n\t<meta property=\"og:image:type\" content=\"image\/jpeg\" \/>\n<meta name=\"twitter:card\" content=\"summary_large_image\" \/>\n<meta name=\"twitter:site\" content=\"@BlackSmokeMedia\" \/>\n<meta name=\"twitter:label1\" content=\"Ber\u00e4knad l\u00e4stid\" \/>\n\t<meta name=\"twitter:data1\" content=\"3 minuter\" \/>\n<script type=\"application\/ld+json\" class=\"yoast-schema-graph\">{\"@context\":\"https:\\\/\\\/schema.org\",\"@graph\":[{\"@type\":[\"WebPage\",\"ItemPage\"],\"@id\":\"https:\\\/\\\/www.blacksmokeracing.com\\\/product\\\/service-trousers-stretch-denim\\\/\",\"url\":\"https:\\\/\\\/www.blacksmokeracing.com\\\/product\\\/service-trousers-stretch-denim\\\/\",\"name\":\"Bl\u00e5kl\u00e4der Service trousers stretch - Denim - Black Smoke Ltd\",\"isPartOf\":{\"@id\":\"https:\\\/\\\/www.blacksmokeracing.com\\\/#website\"},\"primaryImageOfPage\":{\"@id\":\"https:\\\/\\\/www.blacksmokeracing.com\\\/product\\\/service-trousers-stretch-denim\\\/#primaryimage\"},\"image\":{\"@id\":\"https:\\\/\\\/www.blacksmokeracing.com\\\/product\\\/service-trousers-stretch-denim\\\/#primaryimage\"},\"thumbnailUrl\":\"https:\\\/\\\/www.blacksmokeracing.com\\\/wp-content\\\/uploads\\\/blaklader_service_stretch_denim_-145911428999-4-1.jpg\",\"datePublished\":\"2018-01-24T07:23:42+00:00\",\"dateModified\":\"2026-04-27T11:30:33+00:00\",\"breadcrumb\":{\"@id\":\"https:\\\/\\\/www.blacksmokeracing.com\\\/product\\\/service-trousers-stretch-denim\\\/#breadcrumb\"},\"inLanguage\":\"sv-SE\",\"potentialAction\":[{\"@type\":\"ReadAction\",\"target\":[\"https:\\\/\\\/www.blacksmokeracing.com\\\/product\\\/service-trousers-stretch-denim\\\/\"]}]},{\"@type\":\"ImageObject\",\"inLanguage\":\"sv-SE\",\"@id\":\"https:\\\/\\\/www.blacksmokeracing.com\\\/product\\\/service-trousers-stretch-denim\\\/#primaryimage\",\"url\":\"https:\\\/\\\/www.blacksmokeracing.com\\\/wp-content\\\/uploads\\\/blaklader_service_stretch_denim_-145911428999-4-1.jpg\",\"contentUrl\":\"https:\\\/\\\/www.blacksmokeracing.com\\\/wp-content\\\/uploads\\\/blaklader_service_stretch_denim_-145911428999-4-1.jpg\",\"width\":1000,\"height\":1250},{\"@type\":\"BreadcrumbList\",\"@id\":\"https:\\\/\\\/www.blacksmokeracing.com\\\/product\\\/service-trousers-stretch-denim\\\/#breadcrumb\",\"itemListElement\":[{\"@type\":\"ListItem\",\"position\":1,\"name\":\"Home\",\"item\":\"https:\\\/\\\/www.blacksmokeracing.com\\\/\"},{\"@type\":\"ListItem\",\"position\":2,\"name\":\"Shop\",\"item\":\"https:\\\/\\\/www.blacksmokeracing.com\\\/shop\\\/\"},{\"@type\":\"ListItem\",\"position\":3,\"name\":\"Bl\u00e5kl\u00e4der Service trousers stretch &#8211; Denim\"}]},{\"@type\":\"WebSite\",\"@id\":\"https:\\\/\\\/www.blacksmokeracing.com\\\/#website\",\"url\":\"https:\\\/\\\/www.blacksmokeracing.com\\\/\",\"name\":\"Black Smoke Ltd\",\"description\":\"Not the most successful drifting team\",\"publisher\":{\"@id\":\"https:\\\/\\\/www.blacksmokeracing.com\\\/#organization\"},\"potentialAction\":[{\"@type\":\"SearchAction\",\"target\":{\"@type\":\"EntryPoint\",\"urlTemplate\":\"https:\\\/\\\/www.blacksmokeracing.com\\\/?s={search_term_string}\"},\"query-input\":{\"@type\":\"PropertyValueSpecification\",\"valueRequired\":true,\"valueName\":\"search_term_string\"}}],\"inLanguage\":\"sv-SE\"},{\"@type\":\"Organization\",\"@id\":\"https:\\\/\\\/www.blacksmokeracing.com\\\/#organization\",\"name\":\"Black Smoke Oy Ltd\",\"url\":\"https:\\\/\\\/www.blacksmokeracing.com\\\/\",\"logo\":{\"@type\":\"ImageObject\",\"inLanguage\":\"sv-SE\",\"@id\":\"https:\\\/\\\/www.blacksmokeracing.com\\\/#\\\/schema\\\/logo\\\/image\\\/\",\"url\":\"https:\\\/\\\/www.blacksmokeracing.com\\\/wp-content\\\/uploads\\\/2017\\\/11\\\/Black-Smoke-Logo.png\",\"contentUrl\":\"https:\\\/\\\/www.blacksmokeracing.com\\\/wp-content\\\/uploads\\\/2017\\\/11\\\/Black-Smoke-Logo.png\",\"width\":319,\"height\":97,\"caption\":\"Black Smoke Oy Ltd\"},\"image\":{\"@id\":\"https:\\\/\\\/www.blacksmokeracing.com\\\/#\\\/schema\\\/logo\\\/image\\\/\"},\"sameAs\":[\"https:\\\/\\\/www.facebook.com\\\/blacksmokeracing\",\"https:\\\/\\\/x.com\\\/BlackSmokeMedia\"]}]}<\/script>\n<!-- \/ Yoast SEO Premium plugin. -->","yoast_head_json":{"title":"Bl\u00e5kl\u00e4der Service byxor stretch - Denim - Black Smoke Ltd","robots":{"index":"index","follow":"follow","max-snippet":"max-snippet:-1","max-image-preview":"max-image-preview:large","max-video-preview":"max-video-preview:-1"},"canonical":"https:\/\/www.blacksmokeracing.com\/sv\/product\/service-trousers-stretch-denim\/","og_locale":"sv_SE","og_type":"article","og_title":"Bl\u00e5kl\u00e4der Service trousers stretch - Denim","og_description":"BL\u00c5KL\u00c4DER QUALITY! We proudly present, from Black Smoke x Bl\u00e5kl\u00e4der Collab clothing, the perfect work pants for summer or indoors, lightweight and stretch. They are extremely good quality, extraordinary good looking and unbelievably comfortable (of course, it\u2019s bl\u00e5kl\u00e4der after all\u2026).  The Black Smoke badge is changed after the sale of the old lot. The badge is different from the pictures.  When available on backorder, delivery time is 2-3 weeks.   Proud to sell these  Bl\u00e5kl\u00e4der quality  Stretchy and comfy  Best price online!","og_url":"https:\/\/www.blacksmokeracing.com\/sv\/product\/service-trousers-stretch-denim\/","og_site_name":"Black Smoke Ltd","article_publisher":"https:\/\/www.facebook.com\/blacksmokeracing","article_modified_time":"2026-04-27T11:30:33+00:00","og_image":[{"width":1000,"height":1250,"url":"https:\/\/www.blacksmokeracing.com\/wp-content\/uploads\/blaklader_service_stretch_denim_-145911428999-4-1.jpg","type":"image\/jpeg"}],"twitter_card":"summary_large_image","twitter_site":"@BlackSmokeMedia","twitter_misc":{"Ber\u00e4knad l\u00e4stid":"3 minuter"},"schema":{"@context":"https:\/\/schema.org","@graph":[{"@type":["WebPage","ItemPage"],"@id":"https:\/\/www.blacksmokeracing.com\/product\/service-trousers-stretch-denim\/","url":"https:\/\/www.blacksmokeracing.com\/product\/service-trousers-stretch-denim\/","name":"Bl\u00e5kl\u00e4der Service byxor stretch - Denim - Black Smoke Ltd","isPartOf":{"@id":"https:\/\/www.blacksmokeracing.com\/#website"},"primaryImageOfPage":{"@id":"https:\/\/www.blacksmokeracing.com\/product\/service-trousers-stretch-denim\/#primaryimage"},"image":{"@id":"https:\/\/www.blacksmokeracing.com\/product\/service-trousers-stretch-denim\/#primaryimage"},"thumbnailUrl":"https:\/\/www.blacksmokeracing.com\/wp-content\/uploads\/blaklader_service_stretch_denim_-145911428999-4-1.jpg","datePublished":"2018-01-24T07:23:42+00:00","dateModified":"2026-04-27T11:30:33+00:00","breadcrumb":{"@id":"https:\/\/www.blacksmokeracing.com\/product\/service-trousers-stretch-denim\/#breadcrumb"},"inLanguage":"sv-SE","potentialAction":[{"@type":"ReadAction","target":["https:\/\/www.blacksmokeracing.com\/product\/service-trousers-stretch-denim\/"]}]},{"@type":"ImageObject","inLanguage":"sv-SE","@id":"https:\/\/www.blacksmokeracing.com\/product\/service-trousers-stretch-denim\/#primaryimage","url":"https:\/\/www.blacksmokeracing.com\/wp-content\/uploads\/blaklader_service_stretch_denim_-145911428999-4-1.jpg","contentUrl":"https:\/\/www.blacksmokeracing.com\/wp-content\/uploads\/blaklader_service_stretch_denim_-145911428999-4-1.jpg","width":1000,"height":1250},{"@type":"BreadcrumbList","@id":"https:\/\/www.blacksmokeracing.com\/product\/service-trousers-stretch-denim\/#breadcrumb","itemListElement":[{"@type":"ListItem","position":1,"name":"Home","item":"https:\/\/www.blacksmokeracing.com\/"},{"@type":"ListItem","position":2,"name":"Shop","item":"https:\/\/www.blacksmokeracing.com\/shop\/"},{"@type":"ListItem","position":3,"name":"Bl\u00e5kl\u00e4der Service trousers stretch &#8211; Denim"}]},{"@type":"WebSite","@id":"https:\/\/www.blacksmokeracing.com\/#website","url":"https:\/\/www.blacksmokeracing.com\/","name":"Black Smoke Ltd","description":"Inte det mest framg\u00e5ngsrika driftinglaget","publisher":{"@id":"https:\/\/www.blacksmokeracing.com\/#organization"},"potentialAction":[{"@type":"SearchAction","target":{"@type":"EntryPoint","urlTemplate":"https:\/\/www.blacksmokeracing.com\/?s={search_term_string}"},"query-input":{"@type":"PropertyValueSpecification","valueRequired":true,"valueName":"search_term_string"}}],"inLanguage":"sv-SE"},{"@type":"Organization","@id":"https:\/\/www.blacksmokeracing.com\/#organization","name":"Black Smoke Oy Ltd","url":"https:\/\/www.blacksmokeracing.com\/","logo":{"@type":"ImageObject","inLanguage":"sv-SE","@id":"https:\/\/www.blacksmokeracing.com\/#\/schema\/logo\/image\/","url":"https:\/\/www.blacksmokeracing.com\/wp-content\/uploads\/2017\/11\/Black-Smoke-Logo.png","contentUrl":"https:\/\/www.blacksmokeracing.com\/wp-content\/uploads\/2017\/11\/Black-Smoke-Logo.png","width":319,"height":97,"caption":"Black Smoke Oy Ltd"},"image":{"@id":"https:\/\/www.blacksmokeracing.com\/#\/schema\/logo\/image\/"},"sameAs":["https:\/\/www.facebook.com\/blacksmokeracing","https:\/\/x.com\/BlackSmokeMedia"]}]}},"taxonomy_info":{"product_cat":[{"value":335,"label":"Bl\u00e5kl\u00e4der Trousers"},{"value":316,"label":"Workwear from Blaklader &amp; Black Smoke Collaboration"}],"product_brands":[{"value":8875,"label":"Bl\u00e5kl\u00e4der Workwear"}]},"featured_image_src_large":["https:\/\/www.blacksmokeracing.com\/wp-content\/uploads\/blaklader_service_stretch_denim_-145911428999-4-1.jpg",1000,1250,false],"author_info":[],"comment_info":26,"_links":{"self":[{"href":"https:\/\/www.blacksmokeracing.com\/sv\/wp-json\/wp\/v2\/product\/13949","targetHints":{"allow":["GET"]}}],"collection":[{"href":"https:\/\/www.blacksmokeracing.com\/sv\/wp-json\/wp\/v2\/product"}],"about":[{"href":"https:\/\/www.blacksmokeracing.com\/sv\/wp-json\/wp\/v2\/types\/product"}],"replies":[{"embeddable":true,"href":"https:\/\/www.blacksmokeracing.com\/sv\/wp-json\/wp\/v2\/comments?post=13949"}],"wp:featuredmedia":[{"embeddable":true,"href":"https:\/\/www.blacksmokeracing.com\/sv\/wp-json\/wp\/v2\/media\/71070"}],"wp:attachment":[{"href":"https:\/\/www.blacksmokeracing.com\/sv\/wp-json\/wp\/v2\/media?parent=13949"}],"wp:term":[{"taxonomy":"product_cat","embeddable":true,"href":"https:\/\/www.blacksmokeracing.com\/sv\/wp-json\/wp\/v2\/product_cat?post=13949"},{"taxonomy":"product_tag","embeddable":true,"href":"https:\/\/www.blacksmokeracing.com\/sv\/wp-json\/wp\/v2\/product_tag?post=13949"},{"taxonomy":"product_brands","embeddable":true,"href":"https:\/\/www.blacksmokeracing.com\/sv\/wp-json\/wp\/v2\/product_brands?post=13949"}],"curies":[{"name":"wp","href":"https:\/\/api.w.org\/{rel}","templated":true}]}}