{"id":10574,"date":"2016-11-22T21:34:27","date_gmt":"2016-11-22T19:34:27","guid":{"rendered":"https:\/\/www.blacksmokeracing.com\/?post_type=product&#038;p=10574"},"modified":"2026-05-05T11:03:11","modified_gmt":"2026-05-05T08:03:11","slug":"craftsman-trousers-stretch","status":"publish","type":"product","link":"https:\/\/www.blacksmokeracing.com\/sv\/product\/craftsman-trousers-stretch\/","title":{"rendered":"Bl\u00e5kl\u00e4der Hantverksbyxa Stretch"},"content":{"rendered":"<p>Var f\u00f6rst med det senaste! Slitstarka hantverksbyxor med l\u00e5g gren och avsmalnande ben. Modellen har normal passform och kallas l\u00e5g gren eller droppgren, med avsmalnande ben i denimindustrin. Byxorna \u00e4r gjorda av Cordura\u00ae Denim med stretchfunktion och designade f\u00f6r att h\u00e4nga bekv\u00e4mt p\u00e5 h\u00f6ften. F\u00f6r optimal r\u00f6relsef\u00f6rm\u00e5ga och stor komfort har byxorna stretchpaneler i grenen och p\u00e5 vaderna. Kn\u00e4na och funktionsfickorna \u00e4r Cordura\u00ae 1000-f\u00f6rst\u00e4rkta och spikfickorna har dragkedjor, vilket m\u00f6jligg\u00f6r l\u00f6sa eller fasta spikfickor.<\/p>\n<h3>TYG<\/h3>\n<p>55% bomull, 15% polyamid, 30% polyester, denim, belagd, CORDURA\u00ae Denim, 340 g\/m\u00b2<\/p>\n<h3>FUNKTIONALITET<\/h3>\n<p>Stretchpaneler, Stretchpaneler i grenen och p\u00e5 vaden, Tappad gren, Designad f\u00f6r att b\u00e4ras l\u00e5gt i midjan<\/p>\n<h3>F\u00d6RST\u00c4RKNING<\/h3>\n<p>CORDURA\u00ae 1000 f\u00f6rst\u00e4rkta spikfickor, bakfickor, tumstocksficka, benfickor och kn\u00e4n<\/p>\n<h3>DETALJER<\/h3>\n<p>Knappgylf<br \/>\nBreda \u00f6glor bak och sidor, Tv\u00e5 \u00f6glor med kardborre p\u00e5 sidorna f\u00f6r hammarh\u00e5llare<br \/>\nMetallknappar<br \/>\nKnivh\u00e5llare med knapp<br \/>\nD-ring i midjan<\/p>\n<h3>FICKOR<\/h3>\n<p>Bakficka med b\u00e4lg<br \/>\nBenficka med dragkedja<br \/>\nFramfickor med dragkedja<br \/>\nKn\u00e4skyddsfickor med tv\u00e5 placeringsniv\u00e5er, Kn\u00e4fickor anpassade f\u00f6r artikel 4027<br \/>\nSpikfickor \u2013 extra breda, f\u00f6rsedda med verktygsh\u00e5llare och extra verktygsfack<br \/>\nF\u00f6rst\u00e4rkt tumstocksficka med knivh\u00e5llare och pennficka<\/p>\n<h3>KVALITET &amp; TV\u00c4TT<\/h3>\n<p>55% bomull, 15% polyamid, 30% polyester, denim, belagd, CORDURA\u00ae Denim, 340 g\/m\u00b2<\/p>\n<p>Extremt slitstarkt denimtyg med stretch. Blandningen av CORDURA\u00ae och bomull ger h\u00f6g n\u00f6tningsbest\u00e4ndighet och stretchen ger bra komfort. \u00d6ko-Tex 100-certifierad.<\/p>\n<div class=\"product-page-tabs-content-washing-instruction\"><img decoding=\"async\" src=\"https:\/\/services.enferno.se\/image\/c3f9a7c9-0d07-4699-bc0d-c43dfa3968e1.jpg?preset=54\" alt=\"40\u00b0C\" \/> <img decoding=\"async\" src=\"https:\/\/services.enferno.se\/image\/e4a0afac-95ca-4786-81ab-97ad43affd48.jpg?preset=54\" alt=\"Ingen blekning\" \/> <img decoding=\"async\" src=\"https:\/\/services.enferno.se\/image\/82f2d61f-34bb-4088-aab3-a2db435fd22c.jpg?preset=54\" alt=\"Torktumla - l\u00e5g\" \/> <img decoding=\"async\" src=\"https:\/\/services.enferno.se\/image\/1221de50-1fe0-4d9a-99fd-d9d3da46a020.jpg?preset=54\" alt=\"Strykning - l\u00e5g\" \/> <img decoding=\"async\" src=\"https:\/\/services.enferno.se\/image\/7abd337b-a2ca-400c-a32a-684cb0eec2e4.jpg?preset=54\" alt=\"Ingen kemtv\u00e4tt\" \/><\/div>\n<h3 class=\"product-page-tabs-content-washing-instruction\">STORLEKSDIAGRAM<\/h3>\n<div class=\"product-page-tabs-content-washing-instruction\"><img loading=\"lazy\" decoding=\"async\" class=\"aligncenter wp-image-10576 size-full\" src=\"https:\/\/www.blacksmokeracing.com\/wp-content\/uploads\/2016\/11\/sizing-EN_Page_2.jpg\" alt=\"storlek-sv_sida_2\" width=\"1772\" height=\"2237\" srcset=\"https:\/\/www.blacksmokeracing.com\/wp-content\/uploads\/2016\/11\/sizing-EN_Page_2.jpg 1772w, https:\/\/www.blacksmokeracing.com\/wp-content\/uploads\/2016\/11\/sizing-EN_Page_2-64x81.jpg 64w, https:\/\/www.blacksmokeracing.com\/wp-content\/uploads\/2016\/11\/sizing-EN_Page_2-585x739.jpg 585w, https:\/\/www.blacksmokeracing.com\/wp-content\/uploads\/2016\/11\/sizing-EN_Page_2-768x970.jpg 768w, https:\/\/www.blacksmokeracing.com\/wp-content\/uploads\/2016\/11\/sizing-EN_Page_2-1170x1477.jpg 1170w, https:\/\/www.blacksmokeracing.com\/wp-content\/uploads\/2016\/11\/sizing-EN_Page_2-116x145.jpg 116w\" sizes=\"auto, (max-width: 1772px) 100vw, 1772px\" \/><\/div>","protected":false},"excerpt":{"rendered":"<p><strong>BL\u00c5KL\u00c4DER KVALITET!<\/strong><br \/>\nVi presenterar stolt, fr\u00e5n Black Smoke x Bl\u00e5kl\u00e4der Collab clothing, de ultimata hantverkarbyxorna. De \u00e4r av extremt bra kvalitet, utomordentligt snygga och otroligt bekv\u00e4ma (det \u00e4r ju trots allt Bl\u00e5kl\u00e4der...).<\/p>\n<p><span style=\"color: #ff0000;\">Black Smoke-m\u00e4rket \u00e4ndras efter f\u00f6rs\u00e4ljningen av det gamla partiet. M\u00e4rket skiljer sig fr\u00e5n bilderna.<\/span><\/p>\n<p><strong>Vid restnotering \u00e4r leveranstiden 2-3 veckor.<\/strong><\/p>\n<ul>\n<li>Mycket fin avsmalnande passform<\/li>\n<li>Stretchig p\u00e5 r\u00e4tt st\u00e4llen<\/li>\n<li>De snyggaste hantverksbyxorna n\u00e5gonsin<\/li>\n<li>B\u00e4sta pris online!<\/li>\n<\/ul>","protected":false},"featured_media":71122,"comment_status":"open","ping_status":"closed","template":"","meta":{"inline_featured_image":false,"_kad_blocks_custom_css":"","_kad_blocks_head_custom_js":"","_kad_blocks_body_custom_js":"","_kad_blocks_footer_custom_js":"","_kad_post_transparent":"default","_kad_post_title":"","_kad_post_layout":"default","_kad_post_sidebar_id":"","_kad_post_content_style":"default","_kad_post_vertical_padding":"default","_kad_post_feature":"","_kad_post_feature_position":"","_kad_post_header":false,"_kad_post_footer":false,"_kad_post_classname":"","cybocfi_hide_featured_image":""},"product_cat":[335,541,316],"product_tag":[],"product_brands":[8875],"class_list":{"0":"post-10574","1":"product","2":"type-product","3":"status-publish","4":"has-post-thumbnail","6":"product_cat-blaklader-trousers","7":"product_cat-merchandise","8":"product_cat-workwear","9":"product_brands-blaklader","11":"first","12":"instock","13":"sale","14":"taxable","15":"shipping-taxable","16":"purchasable","17":"product-type-variable","18":"entry","19":"content-bg","20":"loop-entry"},"yoast_head":"<!-- This site is optimized with the Yoast SEO Premium plugin v27.5 (Yoast SEO v27.5) - https:\/\/yoast.com\/product\/yoast-seo-premium-wordpress\/ -->\n<title>Bl\u00e5kl\u00e4der Craftsman Trousers Stretch - Black Smoke Ltd<\/title>\n<meta name=\"robots\" content=\"index, follow, max-snippet:-1, max-image-preview:large, max-video-preview:-1\" \/>\n<link rel=\"canonical\" href=\"https:\/\/www.blacksmokeracing.com\/sv\/product\/craftsman-trousers-stretch\/\" \/>\n<meta property=\"og:locale\" content=\"sv_SE\" \/>\n<meta property=\"og:type\" content=\"article\" \/>\n<meta property=\"og:title\" content=\"Bl\u00e5kl\u00e4der Craftsman Trousers Stretch\" \/>\n<meta property=\"og:description\" content=\"BL\u00c5KL\u00c4DER QUALITY! We proudly present, from Black Smoke x Bl\u00e5kl\u00e4der Collab clothing, the ultimate craftsman trousers. They are extremely good quality, extraordinary good looking and unbelievably comfortable (of course, it&#039;s bl\u00e5kl\u00e4der after all...).  The Black Smoke badge is changed after the sale of the old lot. The badge is different from the pictures.  When available on backorder, delivery time is 2-3 weeks.   Very nice tapered fit  Stretchy in the right places  Best looking craftsman pants ever  Best price online!\" \/>\n<meta property=\"og:url\" content=\"https:\/\/www.blacksmokeracing.com\/sv\/product\/craftsman-trousers-stretch\/\" \/>\n<meta property=\"og:site_name\" content=\"Black Smoke Ltd\" \/>\n<meta property=\"article:publisher\" content=\"https:\/\/www.facebook.com\/blacksmokeracing\" \/>\n<meta property=\"article:modified_time\" content=\"2026-05-05T08:03:11+00:00\" \/>\n<meta property=\"og:image\" content=\"https:\/\/www.blacksmokeracing.com\/wp-content\/uploads\/blaklader_199911418999_black_smoke_denim_craftsman-5.jpg\" \/>\n\t<meta property=\"og:image:width\" content=\"1000\" \/>\n\t<meta property=\"og:image:height\" content=\"1250\" \/>\n\t<meta property=\"og:image:type\" content=\"image\/jpeg\" \/>\n<meta name=\"twitter:card\" content=\"summary_large_image\" \/>\n<meta name=\"twitter:site\" content=\"@BlackSmokeMedia\" \/>\n<meta name=\"twitter:label1\" content=\"Ber\u00e4knad l\u00e4stid\" \/>\n\t<meta name=\"twitter:data1\" content=\"3 minuter\" \/>\n<script type=\"application\/ld+json\" class=\"yoast-schema-graph\">{\"@context\":\"https:\\\/\\\/schema.org\",\"@graph\":[{\"@type\":[\"WebPage\",\"ItemPage\"],\"@id\":\"https:\\\/\\\/www.blacksmokeracing.com\\\/product\\\/craftsman-trousers-stretch\\\/\",\"url\":\"https:\\\/\\\/www.blacksmokeracing.com\\\/product\\\/craftsman-trousers-stretch\\\/\",\"name\":\"Bl\u00e5kl\u00e4der Craftsman Trousers Stretch - Black Smoke Ltd\",\"isPartOf\":{\"@id\":\"https:\\\/\\\/www.blacksmokeracing.com\\\/#website\"},\"primaryImageOfPage\":{\"@id\":\"https:\\\/\\\/www.blacksmokeracing.com\\\/product\\\/craftsman-trousers-stretch\\\/#primaryimage\"},\"image\":{\"@id\":\"https:\\\/\\\/www.blacksmokeracing.com\\\/product\\\/craftsman-trousers-stretch\\\/#primaryimage\"},\"thumbnailUrl\":\"https:\\\/\\\/www.blacksmokeracing.com\\\/wp-content\\\/uploads\\\/blaklader_199911418999_black_smoke_denim_craftsman-5.jpg\",\"datePublished\":\"2016-11-22T19:34:27+00:00\",\"dateModified\":\"2026-05-05T08:03:11+00:00\",\"breadcrumb\":{\"@id\":\"https:\\\/\\\/www.blacksmokeracing.com\\\/product\\\/craftsman-trousers-stretch\\\/#breadcrumb\"},\"inLanguage\":\"sv-SE\",\"potentialAction\":[{\"@type\":\"ReadAction\",\"target\":[\"https:\\\/\\\/www.blacksmokeracing.com\\\/product\\\/craftsman-trousers-stretch\\\/\"]}]},{\"@type\":\"ImageObject\",\"inLanguage\":\"sv-SE\",\"@id\":\"https:\\\/\\\/www.blacksmokeracing.com\\\/product\\\/craftsman-trousers-stretch\\\/#primaryimage\",\"url\":\"https:\\\/\\\/www.blacksmokeracing.com\\\/wp-content\\\/uploads\\\/blaklader_199911418999_black_smoke_denim_craftsman-5.jpg\",\"contentUrl\":\"https:\\\/\\\/www.blacksmokeracing.com\\\/wp-content\\\/uploads\\\/blaklader_199911418999_black_smoke_denim_craftsman-5.jpg\",\"width\":1000,\"height\":1250},{\"@type\":\"BreadcrumbList\",\"@id\":\"https:\\\/\\\/www.blacksmokeracing.com\\\/product\\\/craftsman-trousers-stretch\\\/#breadcrumb\",\"itemListElement\":[{\"@type\":\"ListItem\",\"position\":1,\"name\":\"Home\",\"item\":\"https:\\\/\\\/www.blacksmokeracing.com\\\/\"},{\"@type\":\"ListItem\",\"position\":2,\"name\":\"Shop\",\"item\":\"https:\\\/\\\/www.blacksmokeracing.com\\\/shop\\\/\"},{\"@type\":\"ListItem\",\"position\":3,\"name\":\"Bl\u00e5kl\u00e4der Craftsman Trousers Stretch\"}]},{\"@type\":\"WebSite\",\"@id\":\"https:\\\/\\\/www.blacksmokeracing.com\\\/#website\",\"url\":\"https:\\\/\\\/www.blacksmokeracing.com\\\/\",\"name\":\"Black Smoke Ltd\",\"description\":\"Not the most successful drifting team\",\"publisher\":{\"@id\":\"https:\\\/\\\/www.blacksmokeracing.com\\\/#organization\"},\"potentialAction\":[{\"@type\":\"SearchAction\",\"target\":{\"@type\":\"EntryPoint\",\"urlTemplate\":\"https:\\\/\\\/www.blacksmokeracing.com\\\/?s={search_term_string}\"},\"query-input\":{\"@type\":\"PropertyValueSpecification\",\"valueRequired\":true,\"valueName\":\"search_term_string\"}}],\"inLanguage\":\"sv-SE\"},{\"@type\":\"Organization\",\"@id\":\"https:\\\/\\\/www.blacksmokeracing.com\\\/#organization\",\"name\":\"Black Smoke Oy Ltd\",\"url\":\"https:\\\/\\\/www.blacksmokeracing.com\\\/\",\"logo\":{\"@type\":\"ImageObject\",\"inLanguage\":\"sv-SE\",\"@id\":\"https:\\\/\\\/www.blacksmokeracing.com\\\/#\\\/schema\\\/logo\\\/image\\\/\",\"url\":\"https:\\\/\\\/www.blacksmokeracing.com\\\/wp-content\\\/uploads\\\/2017\\\/11\\\/Black-Smoke-Logo.png\",\"contentUrl\":\"https:\\\/\\\/www.blacksmokeracing.com\\\/wp-content\\\/uploads\\\/2017\\\/11\\\/Black-Smoke-Logo.png\",\"width\":319,\"height\":97,\"caption\":\"Black Smoke Oy Ltd\"},\"image\":{\"@id\":\"https:\\\/\\\/www.blacksmokeracing.com\\\/#\\\/schema\\\/logo\\\/image\\\/\"},\"sameAs\":[\"https:\\\/\\\/www.facebook.com\\\/blacksmokeracing\",\"https:\\\/\\\/x.com\\\/BlackSmokeMedia\"]}]}<\/script>\n<!-- \/ Yoast SEO Premium plugin. -->","yoast_head_json":{"title":"Bl\u00e5kl\u00e4der Craftsman Trousers Stretch - Black Smoke Ltd","robots":{"index":"index","follow":"follow","max-snippet":"max-snippet:-1","max-image-preview":"max-image-preview:large","max-video-preview":"max-video-preview:-1"},"canonical":"https:\/\/www.blacksmokeracing.com\/sv\/product\/craftsman-trousers-stretch\/","og_locale":"sv_SE","og_type":"article","og_title":"Bl\u00e5kl\u00e4der Craftsman Trousers Stretch","og_description":"BL\u00c5KL\u00c4DER QUALITY! We proudly present, from Black Smoke x Bl\u00e5kl\u00e4der Collab clothing, the ultimate craftsman trousers. They are extremely good quality, extraordinary good looking and unbelievably comfortable (of course, it's bl\u00e5kl\u00e4der after all...).  The Black Smoke badge is changed after the sale of the old lot. The badge is different from the pictures.  When available on backorder, delivery time is 2-3 weeks.   Very nice tapered fit  Stretchy in the right places  Best looking craftsman pants ever  Best price online!","og_url":"https:\/\/www.blacksmokeracing.com\/sv\/product\/craftsman-trousers-stretch\/","og_site_name":"Black Smoke Ltd","article_publisher":"https:\/\/www.facebook.com\/blacksmokeracing","article_modified_time":"2026-05-05T08:03:11+00:00","og_image":[{"width":1000,"height":1250,"url":"https:\/\/www.blacksmokeracing.com\/wp-content\/uploads\/blaklader_199911418999_black_smoke_denim_craftsman-5.jpg","type":"image\/jpeg"}],"twitter_card":"summary_large_image","twitter_site":"@BlackSmokeMedia","twitter_misc":{"Ber\u00e4knad l\u00e4stid":"3 minuter"},"schema":{"@context":"https:\/\/schema.org","@graph":[{"@type":["WebPage","ItemPage"],"@id":"https:\/\/www.blacksmokeracing.com\/product\/craftsman-trousers-stretch\/","url":"https:\/\/www.blacksmokeracing.com\/product\/craftsman-trousers-stretch\/","name":"Bl\u00e5kl\u00e4der Craftsman Trousers Stretch - Black Smoke Ltd","isPartOf":{"@id":"https:\/\/www.blacksmokeracing.com\/#website"},"primaryImageOfPage":{"@id":"https:\/\/www.blacksmokeracing.com\/product\/craftsman-trousers-stretch\/#primaryimage"},"image":{"@id":"https:\/\/www.blacksmokeracing.com\/product\/craftsman-trousers-stretch\/#primaryimage"},"thumbnailUrl":"https:\/\/www.blacksmokeracing.com\/wp-content\/uploads\/blaklader_199911418999_black_smoke_denim_craftsman-5.jpg","datePublished":"2016-11-22T19:34:27+00:00","dateModified":"2026-05-05T08:03:11+00:00","breadcrumb":{"@id":"https:\/\/www.blacksmokeracing.com\/product\/craftsman-trousers-stretch\/#breadcrumb"},"inLanguage":"sv-SE","potentialAction":[{"@type":"ReadAction","target":["https:\/\/www.blacksmokeracing.com\/product\/craftsman-trousers-stretch\/"]}]},{"@type":"ImageObject","inLanguage":"sv-SE","@id":"https:\/\/www.blacksmokeracing.com\/product\/craftsman-trousers-stretch\/#primaryimage","url":"https:\/\/www.blacksmokeracing.com\/wp-content\/uploads\/blaklader_199911418999_black_smoke_denim_craftsman-5.jpg","contentUrl":"https:\/\/www.blacksmokeracing.com\/wp-content\/uploads\/blaklader_199911418999_black_smoke_denim_craftsman-5.jpg","width":1000,"height":1250},{"@type":"BreadcrumbList","@id":"https:\/\/www.blacksmokeracing.com\/product\/craftsman-trousers-stretch\/#breadcrumb","itemListElement":[{"@type":"ListItem","position":1,"name":"Home","item":"https:\/\/www.blacksmokeracing.com\/"},{"@type":"ListItem","position":2,"name":"Shop","item":"https:\/\/www.blacksmokeracing.com\/shop\/"},{"@type":"ListItem","position":3,"name":"Bl\u00e5kl\u00e4der Craftsman Trousers Stretch"}]},{"@type":"WebSite","@id":"https:\/\/www.blacksmokeracing.com\/#website","url":"https:\/\/www.blacksmokeracing.com\/","name":"Black Smoke Ltd","description":"Inte det mest framg\u00e5ngsrika driftinglaget","publisher":{"@id":"https:\/\/www.blacksmokeracing.com\/#organization"},"potentialAction":[{"@type":"SearchAction","target":{"@type":"EntryPoint","urlTemplate":"https:\/\/www.blacksmokeracing.com\/?s={search_term_string}"},"query-input":{"@type":"PropertyValueSpecification","valueRequired":true,"valueName":"search_term_string"}}],"inLanguage":"sv-SE"},{"@type":"Organization","@id":"https:\/\/www.blacksmokeracing.com\/#organization","name":"Black Smoke Oy Ltd","url":"https:\/\/www.blacksmokeracing.com\/","logo":{"@type":"ImageObject","inLanguage":"sv-SE","@id":"https:\/\/www.blacksmokeracing.com\/#\/schema\/logo\/image\/","url":"https:\/\/www.blacksmokeracing.com\/wp-content\/uploads\/2017\/11\/Black-Smoke-Logo.png","contentUrl":"https:\/\/www.blacksmokeracing.com\/wp-content\/uploads\/2017\/11\/Black-Smoke-Logo.png","width":319,"height":97,"caption":"Black Smoke Oy Ltd"},"image":{"@id":"https:\/\/www.blacksmokeracing.com\/#\/schema\/logo\/image\/"},"sameAs":["https:\/\/www.facebook.com\/blacksmokeracing","https:\/\/x.com\/BlackSmokeMedia"]}]}},"taxonomy_info":{"product_cat":[{"value":335,"label":"Bl\u00e5kl\u00e4der Trousers"},{"value":541,"label":"Merchandise"},{"value":316,"label":"Workwear from Blaklader &amp; Black Smoke Collaboration"}],"product_brands":[{"value":8875,"label":"Bl\u00e5kl\u00e4der Workwear"}]},"featured_image_src_large":["https:\/\/www.blacksmokeracing.com\/wp-content\/uploads\/blaklader_199911418999_black_smoke_denim_craftsman-5.jpg",1000,1250,false],"author_info":[],"comment_info":0,"_links":{"self":[{"href":"https:\/\/www.blacksmokeracing.com\/sv\/wp-json\/wp\/v2\/product\/10574","targetHints":{"allow":["GET"]}}],"collection":[{"href":"https:\/\/www.blacksmokeracing.com\/sv\/wp-json\/wp\/v2\/product"}],"about":[{"href":"https:\/\/www.blacksmokeracing.com\/sv\/wp-json\/wp\/v2\/types\/product"}],"replies":[{"embeddable":true,"href":"https:\/\/www.blacksmokeracing.com\/sv\/wp-json\/wp\/v2\/comments?post=10574"}],"wp:featuredmedia":[{"embeddable":true,"href":"https:\/\/www.blacksmokeracing.com\/sv\/wp-json\/wp\/v2\/media\/71122"}],"wp:attachment":[{"href":"https:\/\/www.blacksmokeracing.com\/sv\/wp-json\/wp\/v2\/media?parent=10574"}],"wp:term":[{"taxonomy":"product_cat","embeddable":true,"href":"https:\/\/www.blacksmokeracing.com\/sv\/wp-json\/wp\/v2\/product_cat?post=10574"},{"taxonomy":"product_tag","embeddable":true,"href":"https:\/\/www.blacksmokeracing.com\/sv\/wp-json\/wp\/v2\/product_tag?post=10574"},{"taxonomy":"product_brands","embeddable":true,"href":"https:\/\/www.blacksmokeracing.com\/sv\/wp-json\/wp\/v2\/product_brands?post=10574"}],"curies":[{"name":"wp","href":"https:\/\/api.w.org\/{rel}","templated":true}]}}