{"id":2,"date":"2010-09-26T11:05:48","date_gmt":"2010-09-26T11:05:48","guid":{"rendered":"https:\/\/www.blacksmokeracing.com\/?page_id=2"},"modified":"2018-02-01T14:44:46","modified_gmt":"2018-02-01T12:44:46","slug":"about","status":"publish","type":"page","link":"https:\/\/www.blacksmokeracing.com\/sv\/about\/","title":{"rendered":"Handla om"},"content":{"rendered":"<p>Black Smoke Racing grundades 2009 n\u00e4r Teemu Peltola f\u00f6r f\u00f6rsta g\u00e5ngen provade drifting, den f\u00f6rsta s\u00e4songen k\u00f6rdes endast i Finland och i X-treme drift challenge. Till en b\u00f6rjan handlade det om att bevisa de andra konkurrenterna att man verkligen kan lyckas med att k\u00f6ra en dieselbil. Id\u00e9n blev en omedelbar succ\u00e9. Teemu visade sig vara en enast\u00e5ende f\u00f6rare och vann det f\u00f6rsta m\u00e4sterskapet n\u00e5gonsin. Hans tuffa k\u00f6rstil f\u00e5ngade de andra konkurrenternas blick. Tyv\u00e4rr kraschade Teemu MB 190D (w201) i finalen.<\/p>\n\n\n<figure id=\"attachment_1110\" aria-describedby=\"caption-attachment-1110\" style=\"width: 852px\" class=\"wp-caption aligncenter\"><a href=\"https:\/\/www.blacksmokeracing.com\/sv\/about\/6128_100394008546_624653546_2212710_5572021_n\/\" rel=\"attachment wp-att-1110\"><img loading=\"lazy\" decoding=\"async\" class=\"size-full wp-image-1110\" title=\"190D\" src=\"https:\/\/www.blacksmokeracing.com\/wp-content\/uploads\/2010\/09\/6128_100394008546_624653546_2212710_5572021_n.jpg\" alt=\"\" width=\"852\" height=\"550\" \/><\/a><figcaption id=\"caption-attachment-1110\" class=\"wp-caption-text\">Den f\u00f6rsta bilen<\/figcaption><\/figure>\n\n\n<p>S\u00e4songen 2010 blev en \u00e4nnu st\u00f6rre framg\u00e5ng med en ny bil. Flera stora evenemang deltog utomlands (till exempel Estland, Sverige, Norge, Lettland och s\u00e5 vidare). 2010 var ocks\u00e5 \u00e5ret d\u00e5 vi b\u00f6rjade filma dessa h\u00e4ndelser och publicera filmerna p\u00e5 Youtube. Videorna fick mycket uppm\u00e4rksamhet och publicerades p\u00e5 flera mycket stora webbplatser v\u00e4rlden \u00f6ver (topgear.com, Autoblog.com, driftworks.com, och s\u00e5 vidare). Tittarna v\u00e4xte snabbt i \u00e5r och i slutet av 2010 hade vi 200 000 visningar bara p\u00e5 v\u00e5ra egna videor. I \u00e5r tog Teemu en tredje plats i x\u2010treme pro series championship 2010. En Facebook-\u2010grupp och en hemsida lanserades ocks\u00e5 i \u00e5r, som nu har m\u00e5nga fans.<img decoding=\"async\" class=\"aligncenter\" src=\"https:\/\/www.blacksmokeracing.com\/wp-content\/uploads\/2010\/09\/40788_146624882031661_118071674886982_366266_3916526_n.jpg\" alt=\"\" \/><\/p>\n\n\n<p>Den andra bilen<\/p>\n\n\n\n<p>Bilen p\u00e5 bilden ovan (w123) tillverkades f\u00f6rsta g\u00e5ngen 2010 och \u00e5teranv\u00e4ndes b\u00e5de 2011 och 2012.<\/p>\n\n\n<div class=\"wp-block-image\">\n<figure class=\"aligncenter\"><img decoding=\"async\" src=\"https:\/\/www.blacksmokeracing.com\/wp-content\/uploads\/2010\/09\/40788_146624882031661_118071674886982_366266_3916526_n.jpg\" alt=\"\" \/><\/figure>\n<\/div>\n\n\n<p>2012 var legendariskt, vi tr\u00e4ffade m\u00e5nga intressanta m\u00e4nniskor och detta var ocks\u00e5 det f\u00f6rsta \u00e5ret med Monsterenergi. Det finns videor fr\u00e5n n\u00e4stan alla evenemang, kolla in dem p\u00e5 blacksmoketube.<\/p>\n\n\n\n<p>Deltog i evenemang och n\u00e5gra resultat fr\u00e5n 2012;<\/p>\n\n\n\n<ul class=\"wp-block-list\">\n    <li>DHB \u2013 Danmark 1-3 juni \u2013 Andra plats<\/li>\n    <li>NEZ Omg\u00e5ng 1 \u2013 Gardermoen, Norge 8-10 juni<\/li>\n    <li>Gatebil \u2013 Mantorp 15 \u2013 17 juni \u2013 7:e plats<\/li>\n    <li>G\u00f6teborg \u2013 V\u00e4gen till gatebil, Cityringen \u2013 juli<\/li>\n    <li>Gatebil \u2013 Rudskogen \u2013 juli<\/li>\n    <li>Bilsport Action Meet \u2013 aug<\/li>\n    <li>Epua Drift \u2013 Sein\u00e4joki, Finland 25.8 \u2013 SEGER<\/li>\n    <li>NEZ omg\u00e5ng 2 \u2013 Riga, Lettland, topp 16<\/li>\n<\/ul>\n\n\n\n<h4 class=\"wp-block-heading\"><a href=\"https:\/\/www.blacksmokeracing.com\/wp-content\/uploads\/dynoday-1.jpg\"><\/a> <a href=\"https:\/\/www.blacksmokeracing.com\/wp-content\/uploads\/dynoday-1-2.jpg\"><\/a> <a href=\"https:\/\/www.blacksmokeracing.com\/wp-content\/uploads\/dynoday-1-3.jpg\"><\/a>2013 \u2013 Ny bil \u2013 Ny transportbil \u2013 Nya m\u00f6jligheter!<\/h4>\n\n\n\n<p>Kort sammanfattning av 2013.<\/p>\n\n\n\n<p>2013 b\u00f6rjade vi p\u00e5 Kemora, testade den nya bilen, transmissionsproblem och en trasig drivaxel Teemu t\u00e4vlade i Time attack :D. Efter Kemora gjorde vi en episk resa hela v\u00e4gen till Wales och tillbaka. F\u00f6rst Danmark och DHB, som Teemu lyckades vinna! Efter detta begav vi oss till Wales f\u00f6r BDC rd. 1, \u00e5terigen \u00f6verf\u00f6ringsproblem. Teemu ramlade ut i topp 8 n\u00e4r bilen inte ville v\u00e4xla upp. N\u00e4st ut var Gatebil, Mantorp i Sverige. Vi fick inte mycket sp\u00e5rtid, motorn betedde sig inte bra...<\/p>\n\n\n\n<p>F\u00f6lj oss p\u00e5 Facebook, Twitter, Instagram och v\u00e5r hemsida f\u00f6r uppdateringar!<\/p>\n\n\n\n<h2 class=\"wp-block-heading\">2015 \u2013 OM648 och CDI!<\/h2>\n\n\n\n<p>\u00a0 L\u00e4s mer p\u00e5 bloggen!<\/p>","protected":false},"excerpt":{"rendered":"<p>Black Smoke Racing was founded in 2009 when Teemu Peltola for the first time tried out drifting, the first season was driven only in Finland and in X-treme drift challenge. At first it was all about proving the other competitors that you really can succeed driving a diesel car. The idea was an immediate success&#8230;.<\/p>","protected":false},"author":2,"featured_media":0,"parent":0,"menu_order":23,"comment_status":"closed","ping_status":"closed","template":"","meta":{"inline_featured_image":false,"_kad_blocks_custom_css":"","_kad_blocks_head_custom_js":"","_kad_blocks_body_custom_js":"","_kad_blocks_footer_custom_js":"","_kad_post_transparent":"","_kad_post_title":"","_kad_post_layout":"","_kad_post_sidebar_id":"","_kad_post_content_style":"","_kad_post_vertical_padding":"","_kad_post_feature":"","_kad_post_feature_position":"","_kad_post_header":false,"_kad_post_footer":false,"_kad_post_classname":"","cybocfi_hide_featured_image":"","footnotes":""},"class_list":["post-2","page","type-page","status-publish","hentry"],"yoast_head":"<!-- This site is optimized with the Yoast SEO Premium plugin v27.5 (Yoast SEO v27.5) - https:\/\/yoast.com\/product\/yoast-seo-premium-wordpress\/ -->\n<title>About - Black Smoke Ltd<\/title>\n<meta name=\"robots\" content=\"index, follow, max-snippet:-1, max-image-preview:large, max-video-preview:-1\" \/>\n<link rel=\"canonical\" href=\"https:\/\/www.blacksmokeracing.com\/sv\/about\/\" \/>\n<meta property=\"og:locale\" content=\"sv_SE\" \/>\n<meta property=\"og:type\" content=\"article\" \/>\n<meta property=\"og:title\" content=\"About\" \/>\n<meta property=\"og:description\" content=\"Black Smoke Racing was founded in 2009 when Teemu Peltola for the first time tried out drifting, the first season was driven only in Finland and in X-treme drift challenge. At first it was all about proving the other competitors that you really can succeed driving a diesel car. The idea was an immediate success....\" \/>\n<meta property=\"og:url\" content=\"https:\/\/www.blacksmokeracing.com\/sv\/about\/\" \/>\n<meta property=\"og:site_name\" content=\"Black Smoke Ltd\" \/>\n<meta property=\"article:publisher\" content=\"https:\/\/www.facebook.com\/blacksmokeracing\" \/>\n<meta property=\"article:modified_time\" content=\"2018-02-01T12:44:46+00:00\" \/>\n<meta property=\"og:image\" content=\"https:\/\/www.blacksmokeracing.com\/wp-content\/uploads\/2010\/09\/6128_100394008546_624653546_2212710_5572021_n.jpg\" \/>\n<meta name=\"twitter:card\" content=\"summary_large_image\" \/>\n<meta name=\"twitter:site\" content=\"@BlackSmokeMedia\" \/>\n<meta name=\"twitter:label1\" content=\"Ber\u00e4knad l\u00e4stid\" \/>\n\t<meta name=\"twitter:data1\" content=\"2 minuter\" \/>\n<script type=\"application\/ld+json\" class=\"yoast-schema-graph\">{\"@context\":\"https:\\\/\\\/schema.org\",\"@graph\":[{\"@type\":\"WebPage\",\"@id\":\"https:\\\/\\\/www.blacksmokeracing.com\\\/about\\\/\",\"url\":\"https:\\\/\\\/www.blacksmokeracing.com\\\/about\\\/\",\"name\":\"About - Black Smoke Ltd\",\"isPartOf\":{\"@id\":\"https:\\\/\\\/www.blacksmokeracing.com\\\/#website\"},\"primaryImageOfPage\":{\"@id\":\"https:\\\/\\\/www.blacksmokeracing.com\\\/about\\\/#primaryimage\"},\"image\":{\"@id\":\"https:\\\/\\\/www.blacksmokeracing.com\\\/about\\\/#primaryimage\"},\"thumbnailUrl\":\"https:\\\/\\\/www.blacksmokeracing.com\\\/wp-content\\\/uploads\\\/2010\\\/09\\\/6128_100394008546_624653546_2212710_5572021_n.jpg\",\"datePublished\":\"2010-09-26T11:05:48+00:00\",\"dateModified\":\"2018-02-01T12:44:46+00:00\",\"breadcrumb\":{\"@id\":\"https:\\\/\\\/www.blacksmokeracing.com\\\/about\\\/#breadcrumb\"},\"inLanguage\":\"sv-SE\",\"potentialAction\":[{\"@type\":\"ReadAction\",\"target\":[\"https:\\\/\\\/www.blacksmokeracing.com\\\/about\\\/\"]}]},{\"@type\":\"ImageObject\",\"inLanguage\":\"sv-SE\",\"@id\":\"https:\\\/\\\/www.blacksmokeracing.com\\\/about\\\/#primaryimage\",\"url\":\"https:\\\/\\\/www.blacksmokeracing.com\\\/wp-content\\\/uploads\\\/2010\\\/09\\\/6128_100394008546_624653546_2212710_5572021_n.jpg\",\"contentUrl\":\"https:\\\/\\\/www.blacksmokeracing.com\\\/wp-content\\\/uploads\\\/2010\\\/09\\\/6128_100394008546_624653546_2212710_5572021_n.jpg\"},{\"@type\":\"BreadcrumbList\",\"@id\":\"https:\\\/\\\/www.blacksmokeracing.com\\\/about\\\/#breadcrumb\",\"itemListElement\":[{\"@type\":\"ListItem\",\"position\":1,\"name\":\"Home\",\"item\":\"https:\\\/\\\/www.blacksmokeracing.com\\\/\"},{\"@type\":\"ListItem\",\"position\":2,\"name\":\"About\"}]},{\"@type\":\"WebSite\",\"@id\":\"https:\\\/\\\/www.blacksmokeracing.com\\\/#website\",\"url\":\"https:\\\/\\\/www.blacksmokeracing.com\\\/\",\"name\":\"Black Smoke Ltd\",\"description\":\"Not the most successful drifting team\",\"publisher\":{\"@id\":\"https:\\\/\\\/www.blacksmokeracing.com\\\/#organization\"},\"potentialAction\":[{\"@type\":\"SearchAction\",\"target\":{\"@type\":\"EntryPoint\",\"urlTemplate\":\"https:\\\/\\\/www.blacksmokeracing.com\\\/?s={search_term_string}\"},\"query-input\":{\"@type\":\"PropertyValueSpecification\",\"valueRequired\":true,\"valueName\":\"search_term_string\"}}],\"inLanguage\":\"sv-SE\"},{\"@type\":\"Organization\",\"@id\":\"https:\\\/\\\/www.blacksmokeracing.com\\\/#organization\",\"name\":\"Black Smoke Oy Ltd\",\"url\":\"https:\\\/\\\/www.blacksmokeracing.com\\\/\",\"logo\":{\"@type\":\"ImageObject\",\"inLanguage\":\"sv-SE\",\"@id\":\"https:\\\/\\\/www.blacksmokeracing.com\\\/#\\\/schema\\\/logo\\\/image\\\/\",\"url\":\"https:\\\/\\\/www.blacksmokeracing.com\\\/wp-content\\\/uploads\\\/2017\\\/11\\\/Black-Smoke-Logo.png\",\"contentUrl\":\"https:\\\/\\\/www.blacksmokeracing.com\\\/wp-content\\\/uploads\\\/2017\\\/11\\\/Black-Smoke-Logo.png\",\"width\":319,\"height\":97,\"caption\":\"Black Smoke Oy Ltd\"},\"image\":{\"@id\":\"https:\\\/\\\/www.blacksmokeracing.com\\\/#\\\/schema\\\/logo\\\/image\\\/\"},\"sameAs\":[\"https:\\\/\\\/www.facebook.com\\\/blacksmokeracing\",\"https:\\\/\\\/x.com\\\/BlackSmokeMedia\"]}]}<\/script>\n<!-- \/ Yoast SEO Premium plugin. -->","yoast_head_json":{"title":"Om - Black Smoke Ltd","robots":{"index":"index","follow":"follow","max-snippet":"max-snippet:-1","max-image-preview":"max-image-preview:large","max-video-preview":"max-video-preview:-1"},"canonical":"https:\/\/www.blacksmokeracing.com\/sv\/about\/","og_locale":"sv_SE","og_type":"article","og_title":"About","og_description":"Black Smoke Racing was founded in 2009 when Teemu Peltola for the first time tried out drifting, the first season was driven only in Finland and in X-treme drift challenge. At first it was all about proving the other competitors that you really can succeed driving a diesel car. The idea was an immediate success....","og_url":"https:\/\/www.blacksmokeracing.com\/sv\/about\/","og_site_name":"Black Smoke Ltd","article_publisher":"https:\/\/www.facebook.com\/blacksmokeracing","article_modified_time":"2018-02-01T12:44:46+00:00","og_image":[{"url":"https:\/\/www.blacksmokeracing.com\/wp-content\/uploads\/2010\/09\/6128_100394008546_624653546_2212710_5572021_n.jpg","type":"","width":"","height":""}],"twitter_card":"summary_large_image","twitter_site":"@BlackSmokeMedia","twitter_misc":{"Ber\u00e4knad l\u00e4stid":"2 minuter"},"schema":{"@context":"https:\/\/schema.org","@graph":[{"@type":"WebPage","@id":"https:\/\/www.blacksmokeracing.com\/about\/","url":"https:\/\/www.blacksmokeracing.com\/about\/","name":"Om - Black Smoke Ltd","isPartOf":{"@id":"https:\/\/www.blacksmokeracing.com\/#website"},"primaryImageOfPage":{"@id":"https:\/\/www.blacksmokeracing.com\/about\/#primaryimage"},"image":{"@id":"https:\/\/www.blacksmokeracing.com\/about\/#primaryimage"},"thumbnailUrl":"https:\/\/www.blacksmokeracing.com\/wp-content\/uploads\/2010\/09\/6128_100394008546_624653546_2212710_5572021_n.jpg","datePublished":"2010-09-26T11:05:48+00:00","dateModified":"2018-02-01T12:44:46+00:00","breadcrumb":{"@id":"https:\/\/www.blacksmokeracing.com\/about\/#breadcrumb"},"inLanguage":"sv-SE","potentialAction":[{"@type":"ReadAction","target":["https:\/\/www.blacksmokeracing.com\/about\/"]}]},{"@type":"ImageObject","inLanguage":"sv-SE","@id":"https:\/\/www.blacksmokeracing.com\/about\/#primaryimage","url":"https:\/\/www.blacksmokeracing.com\/wp-content\/uploads\/2010\/09\/6128_100394008546_624653546_2212710_5572021_n.jpg","contentUrl":"https:\/\/www.blacksmokeracing.com\/wp-content\/uploads\/2010\/09\/6128_100394008546_624653546_2212710_5572021_n.jpg"},{"@type":"BreadcrumbList","@id":"https:\/\/www.blacksmokeracing.com\/about\/#breadcrumb","itemListElement":[{"@type":"ListItem","position":1,"name":"Home","item":"https:\/\/www.blacksmokeracing.com\/"},{"@type":"ListItem","position":2,"name":"About"}]},{"@type":"WebSite","@id":"https:\/\/www.blacksmokeracing.com\/#website","url":"https:\/\/www.blacksmokeracing.com\/","name":"Black Smoke Ltd","description":"Inte det mest framg\u00e5ngsrika driftinglaget","publisher":{"@id":"https:\/\/www.blacksmokeracing.com\/#organization"},"potentialAction":[{"@type":"SearchAction","target":{"@type":"EntryPoint","urlTemplate":"https:\/\/www.blacksmokeracing.com\/?s={search_term_string}"},"query-input":{"@type":"PropertyValueSpecification","valueRequired":true,"valueName":"search_term_string"}}],"inLanguage":"sv-SE"},{"@type":"Organization","@id":"https:\/\/www.blacksmokeracing.com\/#organization","name":"Black Smoke Oy Ltd","url":"https:\/\/www.blacksmokeracing.com\/","logo":{"@type":"ImageObject","inLanguage":"sv-SE","@id":"https:\/\/www.blacksmokeracing.com\/#\/schema\/logo\/image\/","url":"https:\/\/www.blacksmokeracing.com\/wp-content\/uploads\/2017\/11\/Black-Smoke-Logo.png","contentUrl":"https:\/\/www.blacksmokeracing.com\/wp-content\/uploads\/2017\/11\/Black-Smoke-Logo.png","width":319,"height":97,"caption":"Black Smoke Oy Ltd"},"image":{"@id":"https:\/\/www.blacksmokeracing.com\/#\/schema\/logo\/image\/"},"sameAs":["https:\/\/www.facebook.com\/blacksmokeracing","https:\/\/x.com\/BlackSmokeMedia"]}]}},"taxonomy_info":[],"featured_image_src_large":false,"author_info":{"display_name":"Joni Uunila","author_link":"https:\/\/www.blacksmokeracing.com\/sv\/posts\/author\/joni\/"},"comment_info":"","_links":{"self":[{"href":"https:\/\/www.blacksmokeracing.com\/sv\/wp-json\/wp\/v2\/pages\/2","targetHints":{"allow":["GET"]}}],"collection":[{"href":"https:\/\/www.blacksmokeracing.com\/sv\/wp-json\/wp\/v2\/pages"}],"about":[{"href":"https:\/\/www.blacksmokeracing.com\/sv\/wp-json\/wp\/v2\/types\/page"}],"author":[{"embeddable":true,"href":"https:\/\/www.blacksmokeracing.com\/sv\/wp-json\/wp\/v2\/users\/2"}],"replies":[{"embeddable":true,"href":"https:\/\/www.blacksmokeracing.com\/sv\/wp-json\/wp\/v2\/comments?post=2"}],"version-history":[{"count":0,"href":"https:\/\/www.blacksmokeracing.com\/sv\/wp-json\/wp\/v2\/pages\/2\/revisions"}],"wp:attachment":[{"href":"https:\/\/www.blacksmokeracing.com\/sv\/wp-json\/wp\/v2\/media?parent=2"}],"curies":[{"name":"wp","href":"https:\/\/api.w.org\/{rel}","templated":true}]}}