{"id":85923,"date":"2026-05-12T11:15:11","date_gmt":"2026-05-12T08:15:11","guid":{"rendered":"https:\/\/www.blacksmokeracing.com\/?post_type=product&#038;p=85923"},"modified":"2026-05-12T12:47:20","modified_gmt":"2026-05-12T09:47:20","slug":"wiring-harness-for-edc16-320cdi","status":"publish","type":"product","link":"https:\/\/www.blacksmokeracing.com\/fi\/product\/wiring-harness-for-edc16-320cdi\/","title":{"rendered":"Johtosarja EDC16 320cdi"},"content":{"rendered":"<p>Johtosarjan kuori\/suojaus on avattavissa, joten voit helposti lis\u00e4t\u00e4 johtoja tarpeen mukaan.<\/p>\r\n<h2>Tilaaminen ja asennus<\/h2>\r\n<ul>\r\n<li>Johtosarja on tarkoitettu vain moottorin ohjaukseen.<\/li>\r\n<li>MAP-liitin on tarkoitettu 6 barin MAP-anturia varten, voit ostaa MAP-anturin t\u00e4\u00e4lt\u00e4: <a href=\"https:\/\/www.blacksmokeracing.com\/fi\/product\/6bar-map-sensor-coupling\/\">6bar Map-anturi + liitin.<\/a><\/li>\r\n<li>\u00c4l\u00e4 kytke + ja \u2013 v\u00e4\u00e4rin, se voi rikkoa ECU:n.<\/li>\r\n<li>Maksimij\u00e4nnite on 18V, sit\u00e4 korkeampi j\u00e4nnite voi rikkoa ECU:n.<\/li>\r\n<li>Jos haluat k\u00e4ytt\u00e4\u00e4 s\u00e4hk\u00f6ist\u00e4 turbon ohjainta, voit lis\u00e4t\u00e4 n\u00e4m\u00e4 johdot samaan kuoreen. Kytkent\u00e4kaavio l\u00e4hetet\u00e4\u00e4n sinulle my\u00f6hemmin. <a href=\"https:\/\/www.blacksmokeracing.com\/fi\/product\/mercedes-diesel-street-ecu\/\">ecu<\/a> osto.<\/li>\r\n<\/ul>\r\n<p><strong>Black Smoke Oy<\/strong><br \/><strong>Linnusper\u00e4ntie 9<\/strong><br \/><strong>67600 KOKKOLA<br \/>SUOMI<\/strong><br \/>+358 45 7833 5725 (puhelinnumero, tarvittaessa)<\/p>\r\n<p><strong>Jos aiot l\u00e4hett\u00e4\u00e4 ecun meille, ota huomioon, ett\u00e4 EU:n ulkopuolelta - Emme hyv\u00e4ksy tavallisia postipaketteja, AINOASTAAN KULJETUSPAKETIT, DHL, FEDEX, DPD jne.<\/strong><\/p>","protected":false},"excerpt":{"rendered":"<p>Mukautettu johtosarja kaikilla johdoilla ja liittimill\u00e4, joita tarvitaan OM648-moottorin k\u00e4ytt\u00e4miseen. Turbon alipaineaktuattoria ei ole kytketty, vaan se tulee kytke\u00e4 samalla tavalla kuin alkuper\u00e4isess\u00e4 moottorin johtosarjassa. Tarkista alkuper\u00e4inen kytkent\u00e4 ennen liitt\u00e4mist\u00e4. T\u00e4m\u00e4 on t\u00e4ydellinen ratkaisu, jos suunnittelet k\u00e4ytt\u00e4v\u00e4si meid\u00e4n ECU:a mink\u00e4 tahansa tyyppisess\u00e4 ajoneuvossa. MAP-liitin on tarkoitettu 6 barin MAP-anturille. Voit ostaa MAP-anturin t\u00e4\u00e4lt\u00e4: <a href=\"https:\/\/www.blacksmokeracing.com\/fi\/product\/6bar-map-sensor-coupling\/\">6bar Map-anturi + liitin.<\/a><\/p>\n<ul>\n<li>OM648<\/li>\n<li>Sopii suoraan alkuper\u00e4iselle paikalle<\/li>\n<li>Autot, veneet &amp; muut mottori swapit.<\/li>\n<\/ul>\n<p>Kytkent\u00e4kaavio:<br \/><a href=\"https:\/\/www.blacksmokeracing.com\/fi\/mercedes-ecu-wiring-diagrams\/\">https:\/\/www.blacksmokeracing.com\/mercedes-ecu-wiring-diagrams\/<\/a><\/p>","protected":false},"featured_media":85926,"comment_status":"open","ping_status":"closed","template":"","meta":{"inline_featured_image":false,"_kad_blocks_custom_css":"","_kad_blocks_head_custom_js":"","_kad_blocks_body_custom_js":"","_kad_blocks_footer_custom_js":"","_kad_post_transparent":"default","_kad_post_title":"","_kad_post_layout":"default","_kad_post_sidebar_id":"","_kad_post_content_style":"default","_kad_post_vertical_padding":"default","_kad_post_feature":"","_kad_post_feature_position":"","_kad_post_header":false,"_kad_post_footer":false,"_kad_post_classname":"","cybocfi_hide_featured_image":""},"product_cat":[588,532,531],"product_tag":[8799],"product_brands":[],"class_list":{"0":"post-85923","1":"product","2":"type-product","3":"status-publish","4":"has-post-thumbnail","6":"product_cat-engine","7":"product_cat-engine-management","8":"product_cat-mercedes-turbodiesel-race-parts","9":"product_tag-custom-ecu-for-mercedes-diesel-engines","11":"first","12":"instock","13":"taxable","14":"shipping-taxable","15":"purchasable","16":"product-type-simple","17":"entry","18":"content-bg","19":"loop-entry"},"yoast_head":"<!-- This site is optimized with the Yoast SEO Premium plugin v27.6 (Yoast SEO v27.6) - https:\/\/yoast.com\/product\/yoast-seo-premium-wordpress\/ -->\n<title>Wiring harness for EDC16 320cdi - Black Smoke Ltd<\/title>\n<meta name=\"robots\" content=\"index, follow, max-snippet:-1, max-image-preview:large, max-video-preview:-1\" \/>\n<link rel=\"canonical\" href=\"https:\/\/www.blacksmokeracing.com\/fi\/product\/wiring-harness-for-edc16-320cdi\/\" \/>\n<meta property=\"og:locale\" content=\"fi_FI\" \/>\n<meta property=\"og:type\" content=\"article\" \/>\n<meta property=\"og:title\" content=\"Wiring harness for EDC16 320cdi\" \/>\n<meta property=\"og:description\" content=\"Custom harness with all wiring and all connectors that are needed for running an om648.\u00a0Turbo vacuum actuator is not connected and must be connected the same way as in your original engine wiring harness. Please verify the original wiring before connecting it. This is a perfect solution if you are planning to run our ecu in any type of vehicle. MAP connector is for 6bar map, you can buy the map sensor here: 6bar Map sensor + coupling.  OM648 Plug &amp; Play Cars, boats, engine swaps  Wiring diagrams:https:\/\/www.blacksmokeracing.com\/mercedes-ecu-wiring-diagrams\/\" \/>\n<meta property=\"og:url\" content=\"https:\/\/www.blacksmokeracing.com\/fi\/product\/wiring-harness-for-edc16-320cdi\/\" \/>\n<meta property=\"og:site_name\" content=\"Black Smoke Ltd\" \/>\n<meta property=\"article:publisher\" content=\"https:\/\/www.facebook.com\/blacksmokeracing\" \/>\n<meta property=\"article:modified_time\" content=\"2026-05-12T09:47:20+00:00\" \/>\n<meta property=\"og:image\" content=\"https:\/\/www.blacksmokeracing.com\/wp-content\/uploads\/DSC05528-scaled.jpg\" \/>\n\t<meta property=\"og:image:width\" content=\"1710\" \/>\n\t<meta property=\"og:image:height\" content=\"2560\" \/>\n\t<meta property=\"og:image:type\" content=\"image\/jpeg\" \/>\n<meta name=\"twitter:card\" content=\"summary_large_image\" \/>\n<meta name=\"twitter:site\" content=\"@BlackSmokeMedia\" \/>\n<meta name=\"twitter:label1\" content=\"Arvioitu lukuaika\" \/>\n\t<meta name=\"twitter:data1\" content=\"1 minuutti\" \/>\n<script type=\"application\/ld+json\" class=\"yoast-schema-graph\">{\"@context\":\"https:\\\/\\\/schema.org\",\"@graph\":[{\"@type\":[\"WebPage\",\"ItemPage\"],\"@id\":\"https:\\\/\\\/www.blacksmokeracing.com\\\/product\\\/wiring-harness-for-edc16-320cdi\\\/\",\"url\":\"https:\\\/\\\/www.blacksmokeracing.com\\\/product\\\/wiring-harness-for-edc16-320cdi\\\/\",\"name\":\"Wiring harness for EDC16 320cdi - Black Smoke Ltd\",\"isPartOf\":{\"@id\":\"https:\\\/\\\/www.blacksmokeracing.com\\\/#website\"},\"primaryImageOfPage\":{\"@id\":\"https:\\\/\\\/www.blacksmokeracing.com\\\/product\\\/wiring-harness-for-edc16-320cdi\\\/#primaryimage\"},\"image\":{\"@id\":\"https:\\\/\\\/www.blacksmokeracing.com\\\/product\\\/wiring-harness-for-edc16-320cdi\\\/#primaryimage\"},\"thumbnailUrl\":\"https:\\\/\\\/www.blacksmokeracing.com\\\/wp-content\\\/uploads\\\/DSC05528-scaled.jpg\",\"datePublished\":\"2026-05-12T08:15:11+00:00\",\"dateModified\":\"2026-05-12T09:47:20+00:00\",\"breadcrumb\":{\"@id\":\"https:\\\/\\\/www.blacksmokeracing.com\\\/product\\\/wiring-harness-for-edc16-320cdi\\\/#breadcrumb\"},\"inLanguage\":\"fi\",\"potentialAction\":[{\"@type\":\"ReadAction\",\"target\":[\"https:\\\/\\\/www.blacksmokeracing.com\\\/product\\\/wiring-harness-for-edc16-320cdi\\\/\"]}]},{\"@type\":\"ImageObject\",\"inLanguage\":\"fi\",\"@id\":\"https:\\\/\\\/www.blacksmokeracing.com\\\/product\\\/wiring-harness-for-edc16-320cdi\\\/#primaryimage\",\"url\":\"https:\\\/\\\/www.blacksmokeracing.com\\\/wp-content\\\/uploads\\\/DSC05528-scaled.jpg\",\"contentUrl\":\"https:\\\/\\\/www.blacksmokeracing.com\\\/wp-content\\\/uploads\\\/DSC05528-scaled.jpg\",\"width\":1710,\"height\":2560},{\"@type\":\"BreadcrumbList\",\"@id\":\"https:\\\/\\\/www.blacksmokeracing.com\\\/product\\\/wiring-harness-for-edc16-320cdi\\\/#breadcrumb\",\"itemListElement\":[{\"@type\":\"ListItem\",\"position\":1,\"name\":\"Home\",\"item\":\"https:\\\/\\\/www.blacksmokeracing.com\\\/\"},{\"@type\":\"ListItem\",\"position\":2,\"name\":\"Shop\",\"item\":\"https:\\\/\\\/www.blacksmokeracing.com\\\/shop\\\/\"},{\"@type\":\"ListItem\",\"position\":3,\"name\":\"Wiring harness for EDC16 320cdi\"}]},{\"@type\":\"WebSite\",\"@id\":\"https:\\\/\\\/www.blacksmokeracing.com\\\/#website\",\"url\":\"https:\\\/\\\/www.blacksmokeracing.com\\\/\",\"name\":\"Black Smoke Ltd\",\"description\":\"Not the most successful drifting team\",\"publisher\":{\"@id\":\"https:\\\/\\\/www.blacksmokeracing.com\\\/#organization\"},\"potentialAction\":[{\"@type\":\"SearchAction\",\"target\":{\"@type\":\"EntryPoint\",\"urlTemplate\":\"https:\\\/\\\/www.blacksmokeracing.com\\\/?s={search_term_string}\"},\"query-input\":{\"@type\":\"PropertyValueSpecification\",\"valueRequired\":true,\"valueName\":\"search_term_string\"}}],\"inLanguage\":\"fi\"},{\"@type\":\"Organization\",\"@id\":\"https:\\\/\\\/www.blacksmokeracing.com\\\/#organization\",\"name\":\"Black Smoke Oy Ltd\",\"url\":\"https:\\\/\\\/www.blacksmokeracing.com\\\/\",\"logo\":{\"@type\":\"ImageObject\",\"inLanguage\":\"fi\",\"@id\":\"https:\\\/\\\/www.blacksmokeracing.com\\\/#\\\/schema\\\/logo\\\/image\\\/\",\"url\":\"https:\\\/\\\/www.blacksmokeracing.com\\\/wp-content\\\/uploads\\\/2017\\\/11\\\/Black-Smoke-Logo.png\",\"contentUrl\":\"https:\\\/\\\/www.blacksmokeracing.com\\\/wp-content\\\/uploads\\\/2017\\\/11\\\/Black-Smoke-Logo.png\",\"width\":319,\"height\":97,\"caption\":\"Black Smoke Oy Ltd\"},\"image\":{\"@id\":\"https:\\\/\\\/www.blacksmokeracing.com\\\/#\\\/schema\\\/logo\\\/image\\\/\"},\"sameAs\":[\"https:\\\/\\\/www.facebook.com\\\/blacksmokeracing\",\"https:\\\/\\\/x.com\\\/BlackSmokeMedia\"]}]}<\/script>\n<!-- \/ Yoast SEO Premium plugin. -->","yoast_head_json":{"title":"Johtosarja EDC16 320cdi - Black Smoke Ltd","robots":{"index":"index","follow":"follow","max-snippet":"max-snippet:-1","max-image-preview":"max-image-preview:large","max-video-preview":"max-video-preview:-1"},"canonical":"https:\/\/www.blacksmokeracing.com\/fi\/product\/wiring-harness-for-edc16-320cdi\/","og_locale":"fi_FI","og_type":"article","og_title":"Wiring harness for EDC16 320cdi","og_description":"Custom harness with all wiring and all connectors that are needed for running an om648.\u00a0Turbo vacuum actuator is not connected and must be connected the same way as in your original engine wiring harness. Please verify the original wiring before connecting it. This is a perfect solution if you are planning to run our ecu in any type of vehicle. MAP connector is for 6bar map, you can buy the map sensor here: 6bar Map sensor + coupling.  OM648 Plug &amp; Play Cars, boats, engine swaps  Wiring diagrams:https:\/\/www.blacksmokeracing.com\/mercedes-ecu-wiring-diagrams\/","og_url":"https:\/\/www.blacksmokeracing.com\/fi\/product\/wiring-harness-for-edc16-320cdi\/","og_site_name":"Black Smoke Ltd","article_publisher":"https:\/\/www.facebook.com\/blacksmokeracing","article_modified_time":"2026-05-12T09:47:20+00:00","og_image":[{"width":1710,"height":2560,"url":"https:\/\/www.blacksmokeracing.com\/wp-content\/uploads\/DSC05528-scaled.jpg","type":"image\/jpeg"}],"twitter_card":"summary_large_image","twitter_site":"@BlackSmokeMedia","twitter_misc":{"Arvioitu lukuaika":"1 minuutti"},"schema":{"@context":"https:\/\/schema.org","@graph":[{"@type":["WebPage","ItemPage"],"@id":"https:\/\/www.blacksmokeracing.com\/product\/wiring-harness-for-edc16-320cdi\/","url":"https:\/\/www.blacksmokeracing.com\/product\/wiring-harness-for-edc16-320cdi\/","name":"Johtosarja EDC16 320cdi - Black Smoke Ltd","isPartOf":{"@id":"https:\/\/www.blacksmokeracing.com\/#website"},"primaryImageOfPage":{"@id":"https:\/\/www.blacksmokeracing.com\/product\/wiring-harness-for-edc16-320cdi\/#primaryimage"},"image":{"@id":"https:\/\/www.blacksmokeracing.com\/product\/wiring-harness-for-edc16-320cdi\/#primaryimage"},"thumbnailUrl":"https:\/\/www.blacksmokeracing.com\/wp-content\/uploads\/DSC05528-scaled.jpg","datePublished":"2026-05-12T08:15:11+00:00","dateModified":"2026-05-12T09:47:20+00:00","breadcrumb":{"@id":"https:\/\/www.blacksmokeracing.com\/product\/wiring-harness-for-edc16-320cdi\/#breadcrumb"},"inLanguage":"fi","potentialAction":[{"@type":"ReadAction","target":["https:\/\/www.blacksmokeracing.com\/product\/wiring-harness-for-edc16-320cdi\/"]}]},{"@type":"ImageObject","inLanguage":"fi","@id":"https:\/\/www.blacksmokeracing.com\/product\/wiring-harness-for-edc16-320cdi\/#primaryimage","url":"https:\/\/www.blacksmokeracing.com\/wp-content\/uploads\/DSC05528-scaled.jpg","contentUrl":"https:\/\/www.blacksmokeracing.com\/wp-content\/uploads\/DSC05528-scaled.jpg","width":1710,"height":2560},{"@type":"BreadcrumbList","@id":"https:\/\/www.blacksmokeracing.com\/product\/wiring-harness-for-edc16-320cdi\/#breadcrumb","itemListElement":[{"@type":"ListItem","position":1,"name":"Home","item":"https:\/\/www.blacksmokeracing.com\/"},{"@type":"ListItem","position":2,"name":"Shop","item":"https:\/\/www.blacksmokeracing.com\/shop\/"},{"@type":"ListItem","position":3,"name":"Wiring harness for EDC16 320cdi"}]},{"@type":"WebSite","@id":"https:\/\/www.blacksmokeracing.com\/#website","url":"https:\/\/www.blacksmokeracing.com\/","name":"Black Smoke Oy","description":"Not the most successful drifting team","publisher":{"@id":"https:\/\/www.blacksmokeracing.com\/#organization"},"potentialAction":[{"@type":"SearchAction","target":{"@type":"EntryPoint","urlTemplate":"https:\/\/www.blacksmokeracing.com\/?s={search_term_string}"},"query-input":{"@type":"PropertyValueSpecification","valueRequired":true,"valueName":"search_term_string"}}],"inLanguage":"fi"},{"@type":"Organization","@id":"https:\/\/www.blacksmokeracing.com\/#organization","name":"Black Smoke Oy","url":"https:\/\/www.blacksmokeracing.com\/","logo":{"@type":"ImageObject","inLanguage":"fi","@id":"https:\/\/www.blacksmokeracing.com\/#\/schema\/logo\/image\/","url":"https:\/\/www.blacksmokeracing.com\/wp-content\/uploads\/2017\/11\/Black-Smoke-Logo.png","contentUrl":"https:\/\/www.blacksmokeracing.com\/wp-content\/uploads\/2017\/11\/Black-Smoke-Logo.png","width":319,"height":97,"caption":"Black Smoke Oy Ltd"},"image":{"@id":"https:\/\/www.blacksmokeracing.com\/#\/schema\/logo\/image\/"},"sameAs":["https:\/\/www.facebook.com\/blacksmokeracing","https:\/\/x.com\/BlackSmokeMedia"]}]}},"taxonomy_info":{"product_cat":[{"value":588,"label":"Engine"},{"value":532,"label":"Engine management"},{"value":531,"label":"Turbodiesel Race parts"}],"product_tag":[{"value":8799,"label":"Custom ECU for Mercedes diesel engines"}]},"featured_image_src_large":["https:\/\/www.blacksmokeracing.com\/wp-content\/uploads\/DSC05528-1170x1752.jpg",1170,1752,true],"author_info":[],"comment_info":0,"_links":{"self":[{"href":"https:\/\/www.blacksmokeracing.com\/fi\/wp-json\/wp\/v2\/product\/85923","targetHints":{"allow":["GET"]}}],"collection":[{"href":"https:\/\/www.blacksmokeracing.com\/fi\/wp-json\/wp\/v2\/product"}],"about":[{"href":"https:\/\/www.blacksmokeracing.com\/fi\/wp-json\/wp\/v2\/types\/product"}],"replies":[{"embeddable":true,"href":"https:\/\/www.blacksmokeracing.com\/fi\/wp-json\/wp\/v2\/comments?post=85923"}],"wp:featuredmedia":[{"embeddable":true,"href":"https:\/\/www.blacksmokeracing.com\/fi\/wp-json\/wp\/v2\/media\/85926"}],"wp:attachment":[{"href":"https:\/\/www.blacksmokeracing.com\/fi\/wp-json\/wp\/v2\/media?parent=85923"}],"wp:term":[{"taxonomy":"product_cat","embeddable":true,"href":"https:\/\/www.blacksmokeracing.com\/fi\/wp-json\/wp\/v2\/product_cat?post=85923"},{"taxonomy":"product_tag","embeddable":true,"href":"https:\/\/www.blacksmokeracing.com\/fi\/wp-json\/wp\/v2\/product_tag?post=85923"},{"taxonomy":"product_brands","embeddable":true,"href":"https:\/\/www.blacksmokeracing.com\/fi\/wp-json\/wp\/v2\/product_brands?post=85923"}],"curies":[{"name":"wp","href":"https:\/\/api.w.org\/{rel}","templated":true}]}}