{"id":85142,"date":"2026-03-19T14:42:56","date_gmt":"2026-03-19T12:42:56","guid":{"rendered":"https:\/\/www.blacksmokeracing.com\/?post_type=product&#038;p=85142"},"modified":"2026-05-05T10:53:45","modified_gmt":"2026-05-05T07:53:45","slug":"tri-ace-formula-r1-tyre","status":"publish","type":"product","link":"https:\/\/www.blacksmokeracing.com\/fi\/product\/tri-ace-formula-r1-tyre\/","title":{"rendered":"Tri-Ace Formula R1"},"content":{"rendered":"","protected":false},"excerpt":{"rendered":"<p>Tri-Ace Formula R1 on kilpatason semi-slick -rengas, joka on suunniteltu erityisesti driftingiin. Eri seosvaihtoehdot tarjoavat oikean tasapainon pidon ja kest\u00e4vyyden v\u00e4lill\u00e4 eri tarpeisiin.<\/p>\n<ul>\n<li>Erinomainen pito ja hallittavuus<\/li>\n<li>Tasainen kuluminen<\/li>\n<li>Luotettava suorituskyky<\/li>\n<\/ul>\n<div class=\"row\">\n<p><strong>Pehme\u00e4 seos (TW100):<br \/>\n<\/strong>Maksimaalinen pito ja nopea l\u00e4mpeneminen. Sopii, kun haetaan \u00e4\u00e4rimm\u00e4ist\u00e4 suorituskyky\u00e4.<\/p>\n<p><strong>Keskiseos (TW160):<\/strong><br \/>\nMyydyin seos, jossa yhdistyv\u00e4t hyv\u00e4 pito ja kest\u00e4vyys. Suosituin rengas pro-luokassa.<\/p>\n<p data-start=\"1455\" data-end=\"1542\">Black Smoke on Tri-Ace -renkaiden virallinen j\u00e4lleenmyyj\u00e4 Suomessa.<br \/>\n<strong>Vain nouto Kokkolasta.<\/strong>.<br \/>\nSuuremmissa tilauksissa ota yhteytt\u00e4: <a class=\"decorated-link cursor-pointer\" href=\"mailto:info@blacksmokeracing.fi\" rel=\"noopener\" data-start=\"1579\" data-end=\"1603\">info@blacksmokeracing.fi<\/a><\/p>\n<\/div>","protected":false},"featured_media":85151,"comment_status":"open","ping_status":"closed","template":"","meta":{"inline_featured_image":false,"_kad_blocks_custom_css":"","_kad_blocks_head_custom_js":"","_kad_blocks_body_custom_js":"","_kad_blocks_footer_custom_js":"","_kad_post_transparent":"default","_kad_post_title":"","_kad_post_layout":"default","_kad_post_sidebar_id":"","_kad_post_content_style":"default","_kad_post_vertical_padding":"default","_kad_post_feature":"","_kad_post_feature_position":"","_kad_post_header":false,"_kad_post_footer":false,"_kad_post_classname":"","cybocfi_hide_featured_image":""},"product_cat":[8893,8909,8929],"product_tag":[],"product_brands":[8930],"class_list":{"0":"post-85142","1":"product","2":"type-product","3":"status-publish","4":"has-post-thumbnail","6":"product_cat-new-products","7":"product_cat-performance","8":"product_cat-tyres","9":"product_shipping_class-pickup-only","10":"product_brands-tri-ace-tyre","12":"first","13":"instock","14":"taxable","15":"shipping-taxable","16":"purchasable","17":"product-type-variable","18":"entry","19":"content-bg","20":"loop-entry"},"yoast_head":"<!-- This site is optimized with the Yoast SEO Premium plugin v27.5 (Yoast SEO v27.5) - https:\/\/yoast.com\/product\/yoast-seo-premium-wordpress\/ -->\n<title>Tri-Ace Formula R1 - Black Smoke Ltd<\/title>\n<meta name=\"robots\" content=\"index, follow, max-snippet:-1, max-image-preview:large, max-video-preview:-1\" \/>\n<link rel=\"canonical\" href=\"https:\/\/www.blacksmokeracing.com\/fi\/product\/tri-ace-formula-r1-tyre\/\" \/>\n<meta property=\"og:locale\" content=\"fi_FI\" \/>\n<meta property=\"og:type\" content=\"article\" \/>\n<meta property=\"og:title\" content=\"Tri-Ace Formula R1\" \/>\n<meta property=\"og:description\" content=\"Tri-Ace Formula R1 is a professional-grade semi-slick tyre designed specifically for drifting. Different compound options provide the right balance of grip and durability for various needs.   Excellent grip and control in drift  Even wear characteristics  Reliable performance    Soft compound (TW100): Maximum grip with fast warm-up. Ideal when ultimate performance is required.  Middle compound (TW160): Best seller with both good grip and durability, for pro drifting. Black Smoke is the official Tri-Ace tyre dealer in Finland. Pickup only from Kokkola. For larger orders, please contact: info@blacksmokeracing.fi\" \/>\n<meta property=\"og:url\" content=\"https:\/\/www.blacksmokeracing.com\/fi\/product\/tri-ace-formula-r1-tyre\/\" \/>\n<meta property=\"og:site_name\" content=\"Black Smoke Ltd\" \/>\n<meta property=\"article:publisher\" content=\"https:\/\/www.facebook.com\/blacksmokeracing\" \/>\n<meta property=\"article:modified_time\" content=\"2026-05-05T07:53:45+00:00\" \/>\n<meta property=\"og:image\" content=\"https:\/\/www.blacksmokeracing.com\/wp-content\/uploads\/productXqRK2-item3-img1.png\" \/>\n\t<meta property=\"og:image:width\" content=\"1000\" \/>\n\t<meta property=\"og:image:height\" content=\"750\" \/>\n\t<meta property=\"og:image:type\" content=\"image\/png\" \/>\n<meta name=\"twitter:card\" content=\"summary_large_image\" \/>\n<meta name=\"twitter:site\" content=\"@BlackSmokeMedia\" \/>\n<meta name=\"twitter:label1\" content=\"Arvioitu lukuaika\" \/>\n\t<meta name=\"twitter:data1\" content=\"1 minuutti\" \/>\n<script type=\"application\/ld+json\" class=\"yoast-schema-graph\">{\"@context\":\"https:\\\/\\\/schema.org\",\"@graph\":[{\"@type\":[\"WebPage\",\"ItemPage\"],\"@id\":\"https:\\\/\\\/www.blacksmokeracing.com\\\/product\\\/tri-ace-formula-r1-tyre\\\/\",\"url\":\"https:\\\/\\\/www.blacksmokeracing.com\\\/product\\\/tri-ace-formula-r1-tyre\\\/\",\"name\":\"Tri-Ace Formula R1 - Black Smoke Ltd\",\"isPartOf\":{\"@id\":\"https:\\\/\\\/www.blacksmokeracing.com\\\/#website\"},\"primaryImageOfPage\":{\"@id\":\"https:\\\/\\\/www.blacksmokeracing.com\\\/product\\\/tri-ace-formula-r1-tyre\\\/#primaryimage\"},\"image\":{\"@id\":\"https:\\\/\\\/www.blacksmokeracing.com\\\/product\\\/tri-ace-formula-r1-tyre\\\/#primaryimage\"},\"thumbnailUrl\":\"https:\\\/\\\/www.blacksmokeracing.com\\\/wp-content\\\/uploads\\\/productXqRK2-item3-img1.png\",\"datePublished\":\"2026-03-19T12:42:56+00:00\",\"dateModified\":\"2026-05-05T07:53:45+00:00\",\"breadcrumb\":{\"@id\":\"https:\\\/\\\/www.blacksmokeracing.com\\\/product\\\/tri-ace-formula-r1-tyre\\\/#breadcrumb\"},\"inLanguage\":\"fi\",\"potentialAction\":[{\"@type\":\"ReadAction\",\"target\":[\"https:\\\/\\\/www.blacksmokeracing.com\\\/product\\\/tri-ace-formula-r1-tyre\\\/\"]}]},{\"@type\":\"ImageObject\",\"inLanguage\":\"fi\",\"@id\":\"https:\\\/\\\/www.blacksmokeracing.com\\\/product\\\/tri-ace-formula-r1-tyre\\\/#primaryimage\",\"url\":\"https:\\\/\\\/www.blacksmokeracing.com\\\/wp-content\\\/uploads\\\/productXqRK2-item3-img1.png\",\"contentUrl\":\"https:\\\/\\\/www.blacksmokeracing.com\\\/wp-content\\\/uploads\\\/productXqRK2-item3-img1.png\",\"width\":1000,\"height\":750},{\"@type\":\"BreadcrumbList\",\"@id\":\"https:\\\/\\\/www.blacksmokeracing.com\\\/product\\\/tri-ace-formula-r1-tyre\\\/#breadcrumb\",\"itemListElement\":[{\"@type\":\"ListItem\",\"position\":1,\"name\":\"Home\",\"item\":\"https:\\\/\\\/www.blacksmokeracing.com\\\/\"},{\"@type\":\"ListItem\",\"position\":2,\"name\":\"Shop\",\"item\":\"https:\\\/\\\/www.blacksmokeracing.com\\\/shop\\\/\"},{\"@type\":\"ListItem\",\"position\":3,\"name\":\"Tri-Ace Formula R1\"}]},{\"@type\":\"WebSite\",\"@id\":\"https:\\\/\\\/www.blacksmokeracing.com\\\/#website\",\"url\":\"https:\\\/\\\/www.blacksmokeracing.com\\\/\",\"name\":\"Black Smoke Ltd\",\"description\":\"Not the most successful drifting team\",\"publisher\":{\"@id\":\"https:\\\/\\\/www.blacksmokeracing.com\\\/#organization\"},\"potentialAction\":[{\"@type\":\"SearchAction\",\"target\":{\"@type\":\"EntryPoint\",\"urlTemplate\":\"https:\\\/\\\/www.blacksmokeracing.com\\\/?s={search_term_string}\"},\"query-input\":{\"@type\":\"PropertyValueSpecification\",\"valueRequired\":true,\"valueName\":\"search_term_string\"}}],\"inLanguage\":\"fi\"},{\"@type\":\"Organization\",\"@id\":\"https:\\\/\\\/www.blacksmokeracing.com\\\/#organization\",\"name\":\"Black Smoke Oy Ltd\",\"url\":\"https:\\\/\\\/www.blacksmokeracing.com\\\/\",\"logo\":{\"@type\":\"ImageObject\",\"inLanguage\":\"fi\",\"@id\":\"https:\\\/\\\/www.blacksmokeracing.com\\\/#\\\/schema\\\/logo\\\/image\\\/\",\"url\":\"https:\\\/\\\/www.blacksmokeracing.com\\\/wp-content\\\/uploads\\\/2017\\\/11\\\/Black-Smoke-Logo.png\",\"contentUrl\":\"https:\\\/\\\/www.blacksmokeracing.com\\\/wp-content\\\/uploads\\\/2017\\\/11\\\/Black-Smoke-Logo.png\",\"width\":319,\"height\":97,\"caption\":\"Black Smoke Oy Ltd\"},\"image\":{\"@id\":\"https:\\\/\\\/www.blacksmokeracing.com\\\/#\\\/schema\\\/logo\\\/image\\\/\"},\"sameAs\":[\"https:\\\/\\\/www.facebook.com\\\/blacksmokeracing\",\"https:\\\/\\\/x.com\\\/BlackSmokeMedia\"]}]}<\/script>\n<!-- \/ Yoast SEO Premium plugin. -->","yoast_head_json":{"title":"Tri-Ace Formula R1 - Black Smoke Ltd","robots":{"index":"index","follow":"follow","max-snippet":"max-snippet:-1","max-image-preview":"max-image-preview:large","max-video-preview":"max-video-preview:-1"},"canonical":"https:\/\/www.blacksmokeracing.com\/fi\/product\/tri-ace-formula-r1-tyre\/","og_locale":"fi_FI","og_type":"article","og_title":"Tri-Ace Formula R1","og_description":"Tri-Ace Formula R1 is a professional-grade semi-slick tyre designed specifically for drifting. Different compound options provide the right balance of grip and durability for various needs.   Excellent grip and control in drift  Even wear characteristics  Reliable performance    Soft compound (TW100): Maximum grip with fast warm-up. Ideal when ultimate performance is required.  Middle compound (TW160): Best seller with both good grip and durability, for pro drifting. Black Smoke is the official Tri-Ace tyre dealer in Finland. Pickup only from Kokkola. For larger orders, please contact: info@blacksmokeracing.fi","og_url":"https:\/\/www.blacksmokeracing.com\/fi\/product\/tri-ace-formula-r1-tyre\/","og_site_name":"Black Smoke Ltd","article_publisher":"https:\/\/www.facebook.com\/blacksmokeracing","article_modified_time":"2026-05-05T07:53:45+00:00","og_image":[{"width":1000,"height":750,"url":"https:\/\/www.blacksmokeracing.com\/wp-content\/uploads\/productXqRK2-item3-img1.png","type":"image\/png"}],"twitter_card":"summary_large_image","twitter_site":"@BlackSmokeMedia","twitter_misc":{"Arvioitu lukuaika":"1 minuutti"},"schema":{"@context":"https:\/\/schema.org","@graph":[{"@type":["WebPage","ItemPage"],"@id":"https:\/\/www.blacksmokeracing.com\/product\/tri-ace-formula-r1-tyre\/","url":"https:\/\/www.blacksmokeracing.com\/product\/tri-ace-formula-r1-tyre\/","name":"Tri-Ace Formula R1 - Black Smoke Ltd","isPartOf":{"@id":"https:\/\/www.blacksmokeracing.com\/#website"},"primaryImageOfPage":{"@id":"https:\/\/www.blacksmokeracing.com\/product\/tri-ace-formula-r1-tyre\/#primaryimage"},"image":{"@id":"https:\/\/www.blacksmokeracing.com\/product\/tri-ace-formula-r1-tyre\/#primaryimage"},"thumbnailUrl":"https:\/\/www.blacksmokeracing.com\/wp-content\/uploads\/productXqRK2-item3-img1.png","datePublished":"2026-03-19T12:42:56+00:00","dateModified":"2026-05-05T07:53:45+00:00","breadcrumb":{"@id":"https:\/\/www.blacksmokeracing.com\/product\/tri-ace-formula-r1-tyre\/#breadcrumb"},"inLanguage":"fi","potentialAction":[{"@type":"ReadAction","target":["https:\/\/www.blacksmokeracing.com\/product\/tri-ace-formula-r1-tyre\/"]}]},{"@type":"ImageObject","inLanguage":"fi","@id":"https:\/\/www.blacksmokeracing.com\/product\/tri-ace-formula-r1-tyre\/#primaryimage","url":"https:\/\/www.blacksmokeracing.com\/wp-content\/uploads\/productXqRK2-item3-img1.png","contentUrl":"https:\/\/www.blacksmokeracing.com\/wp-content\/uploads\/productXqRK2-item3-img1.png","width":1000,"height":750},{"@type":"BreadcrumbList","@id":"https:\/\/www.blacksmokeracing.com\/product\/tri-ace-formula-r1-tyre\/#breadcrumb","itemListElement":[{"@type":"ListItem","position":1,"name":"Home","item":"https:\/\/www.blacksmokeracing.com\/"},{"@type":"ListItem","position":2,"name":"Shop","item":"https:\/\/www.blacksmokeracing.com\/shop\/"},{"@type":"ListItem","position":3,"name":"Tri-Ace Formula R1"}]},{"@type":"WebSite","@id":"https:\/\/www.blacksmokeracing.com\/#website","url":"https:\/\/www.blacksmokeracing.com\/","name":"Black Smoke Oy","description":"Not the most successful drifting team","publisher":{"@id":"https:\/\/www.blacksmokeracing.com\/#organization"},"potentialAction":[{"@type":"SearchAction","target":{"@type":"EntryPoint","urlTemplate":"https:\/\/www.blacksmokeracing.com\/?s={search_term_string}"},"query-input":{"@type":"PropertyValueSpecification","valueRequired":true,"valueName":"search_term_string"}}],"inLanguage":"fi"},{"@type":"Organization","@id":"https:\/\/www.blacksmokeracing.com\/#organization","name":"Black Smoke Oy","url":"https:\/\/www.blacksmokeracing.com\/","logo":{"@type":"ImageObject","inLanguage":"fi","@id":"https:\/\/www.blacksmokeracing.com\/#\/schema\/logo\/image\/","url":"https:\/\/www.blacksmokeracing.com\/wp-content\/uploads\/2017\/11\/Black-Smoke-Logo.png","contentUrl":"https:\/\/www.blacksmokeracing.com\/wp-content\/uploads\/2017\/11\/Black-Smoke-Logo.png","width":319,"height":97,"caption":"Black Smoke Oy Ltd"},"image":{"@id":"https:\/\/www.blacksmokeracing.com\/#\/schema\/logo\/image\/"},"sameAs":["https:\/\/www.facebook.com\/blacksmokeracing","https:\/\/x.com\/BlackSmokeMedia"]}]}},"taxonomy_info":{"product_cat":[{"value":8893,"label":"New Products"},{"value":8909,"label":"Performance"},{"value":8929,"label":"Tyres"}],"product_brands":[{"value":8930,"label":"Tri-Ace Tyre"}]},"featured_image_src_large":["https:\/\/www.blacksmokeracing.com\/wp-content\/uploads\/productXqRK2-item3-img1.png",1000,750,false],"author_info":[],"comment_info":0,"_links":{"self":[{"href":"https:\/\/www.blacksmokeracing.com\/fi\/wp-json\/wp\/v2\/product\/85142","targetHints":{"allow":["GET"]}}],"collection":[{"href":"https:\/\/www.blacksmokeracing.com\/fi\/wp-json\/wp\/v2\/product"}],"about":[{"href":"https:\/\/www.blacksmokeracing.com\/fi\/wp-json\/wp\/v2\/types\/product"}],"replies":[{"embeddable":true,"href":"https:\/\/www.blacksmokeracing.com\/fi\/wp-json\/wp\/v2\/comments?post=85142"}],"wp:featuredmedia":[{"embeddable":true,"href":"https:\/\/www.blacksmokeracing.com\/fi\/wp-json\/wp\/v2\/media\/85151"}],"wp:attachment":[{"href":"https:\/\/www.blacksmokeracing.com\/fi\/wp-json\/wp\/v2\/media?parent=85142"}],"wp:term":[{"taxonomy":"product_cat","embeddable":true,"href":"https:\/\/www.blacksmokeracing.com\/fi\/wp-json\/wp\/v2\/product_cat?post=85142"},{"taxonomy":"product_tag","embeddable":true,"href":"https:\/\/www.blacksmokeracing.com\/fi\/wp-json\/wp\/v2\/product_tag?post=85142"},{"taxonomy":"product_brands","embeddable":true,"href":"https:\/\/www.blacksmokeracing.com\/fi\/wp-json\/wp\/v2\/product_brands?post=85142"}],"curies":[{"name":"wp","href":"https:\/\/api.w.org\/{rel}","templated":true}]}}