{"id":80131,"date":"2025-08-07T10:04:58","date_gmt":"2025-08-07T07:04:58","guid":{"rendered":"https:\/\/www.blacksmokeracing.com\/?post_type=product&#038;p=80131"},"modified":"2026-05-05T10:57:39","modified_gmt":"2026-05-05T07:57:39","slug":"om647-updated-hybrid-turbo-billet","status":"publish","type":"product","link":"https:\/\/www.blacksmokeracing.com\/fi\/product\/om647-updated-hybrid-turbo-billet\/","title":{"rendered":"OM647 P\u00e4ivitetty Hybridiahdin"},"content":{"rendered":"<p><\/p>\n<p>Suosittelemme p\u00e4ivitt\u00e4m\u00e4\u00e4n vakion v\u00e4lij\u00e4\u00e4hdyttimen t\u00e4ysalumiiniseen versioon\ud83d\ude42 Akselia on p\u00e4ivitetty pienemm\u00e4n vastapaineen saavuttamiseksi.<\/p>\n<p><\/p>\n<p><\/p>\n<p><\/p>\n<ul>\n<li>Kompressorisiipi - 50\/72 mm<\/li>\n<li>Turbiinisiipi - 51\/48 mm<\/li>\n<li>MAX turvallinen ahtopaine 2,7 bar tai 39 PSI<\/li>\n<li>Maksimipaine 2300rpm eteenp\u00e4in<\/li>\n<\/ul>\n<p>Jos tuote on j\u00e4lkitoimituksessa, toimitus kest\u00e4\u00e4 n.3-4 viikkoa. Tarjoamme 50\u20ac panttiahtimesta, vaikka turbo ei toimisikaan.<\/p>\n<p>Jos l\u00e4het\u00e4t meille tuotteen (tuotteet) ohjelmointia tai huoltoa varten.<br \/>L\u00e4het\u00e4 tuote(t) seuraavaan osoitteeseen:<br \/><strong>Black Smoke Oy<br \/><\/strong><strong>Linnusper\u00e4ntie 9<br \/><\/strong><strong>67600 KOKKOLA<br \/><\/strong><strong>SUOMI<br \/><\/strong>info@blacksmokeracing.com<br \/>+358 45 7833 5725 (puhelinnumero, tarvittaessa)<\/p>\n<p><strong>Huomioi ett\u00e4 EU:n ulkopuolelta - Emme hyv\u00e4ksy tavallisia postipaketteja, AINOASTAAN KULJETUSPAKETIT, DHL, FEDEX, DPD jne.<\/strong><\/p>\n<p><\/p>\n<p><\/p>","protected":false},"excerpt":{"rendered":"<p><strong>Helppo ratkaisu<\/strong><\/p>\n<p>Kunnostettu ja p\u00e4ivitetty hybridiahdin om647 moottoriin. Ahdin on p\u00e4ivitetty isommille imu- ja pakosiiville. Maksimituotto 300hv asti. Ahtimet on valmistettu alkuper\u00e4isist\u00e4 Garrettin turboista.<\/p>\n<ul>\n<li>Helppo ratkaisu<\/li>\n<li>Tuotto 300hv asti<\/li>\n<li>Sopii suoraan alkuper\u00e4iselle paikalle<\/li>\n<\/ul>","protected":false},"featured_media":80145,"comment_status":"open","ping_status":"closed","template":"","meta":{"inline_featured_image":false,"_kad_blocks_custom_css":"","_kad_blocks_head_custom_js":"","_kad_blocks_body_custom_js":"","_kad_blocks_footer_custom_js":"","_kad_post_transparent":"default","_kad_post_title":"","_kad_post_layout":"default","_kad_post_sidebar_id":"","_kad_post_content_style":"default","_kad_post_vertical_padding":"default","_kad_post_feature":"","_kad_post_feature_position":"","_kad_post_header":false,"_kad_post_footer":false,"_kad_post_classname":"","cybocfi_hide_featured_image":""},"product_cat":[8750,537,8744,531],"product_tag":[],"product_brands":[8872],"class_list":{"0":"post-80131","1":"product","2":"type-product","3":"status-publish","4":"has-post-thumbnail","6":"product_cat-mercedes-turbo-upgrade","7":"product_cat-all-turbochargers","8":"product_cat-turbochargers","9":"product_cat-mercedes-turbodiesel-race-parts","10":"pa_engine-om648","11":"product_brands-garrett","13":"first","14":"onbackorder","15":"taxable","16":"shipping-taxable","17":"purchasable","18":"product-type-simple","19":"entry","20":"content-bg","21":"loop-entry"},"yoast_head":"<!-- This site is optimized with the Yoast SEO Premium plugin v27.5 (Yoast SEO v27.5) - https:\/\/yoast.com\/product\/yoast-seo-premium-wordpress\/ -->\n<title>OM647 Updated Hybrid Turbo Billet - Black Smoke Ltd<\/title>\n<meta name=\"robots\" content=\"index, follow, max-snippet:-1, max-image-preview:large, max-video-preview:-1\" \/>\n<link rel=\"canonical\" href=\"https:\/\/www.blacksmokeracing.com\/fi\/product\/om647-updated-hybrid-turbo-billet\/\" \/>\n<meta property=\"og:locale\" content=\"fi_FI\" \/>\n<meta property=\"og:type\" content=\"article\" \/>\n<meta property=\"og:title\" content=\"OM647 Updated Hybrid Turbo Billet\" \/>\n<meta property=\"og:description\" content=\"EASY SOLUTION! Refurbished and updated hybrid turbo from OM647 engine. The turbo has an updated compressor and turbine wheels. Can produce about 300 hp. These turbos are manufactured from Garrett original turbocharger. Easy solution for more power Up to 300 hp Plug &amp; Play\" \/>\n<meta property=\"og:url\" content=\"https:\/\/www.blacksmokeracing.com\/fi\/product\/om647-updated-hybrid-turbo-billet\/\" \/>\n<meta property=\"og:site_name\" content=\"Black Smoke Ltd\" \/>\n<meta property=\"article:publisher\" content=\"https:\/\/www.facebook.com\/blacksmokeracing\" \/>\n<meta property=\"article:modified_time\" content=\"2026-05-05T07:57:39+00:00\" \/>\n<meta property=\"og:image\" content=\"https:\/\/www.blacksmokeracing.com\/wp-content\/uploads\/DSC00814-scaled.jpg\" \/>\n\t<meta property=\"og:image:width\" content=\"2041\" \/>\n\t<meta property=\"og:image:height\" content=\"2560\" \/>\n\t<meta property=\"og:image:type\" content=\"image\/jpeg\" \/>\n<meta name=\"twitter:card\" content=\"summary_large_image\" \/>\n<meta name=\"twitter:site\" content=\"@BlackSmokeMedia\" \/>\n<meta name=\"twitter:label1\" content=\"Arvioitu lukuaika\" \/>\n\t<meta name=\"twitter:data1\" content=\"1 minuutti\" \/>\n<script type=\"application\/ld+json\" class=\"yoast-schema-graph\">{\"@context\":\"https:\\\/\\\/schema.org\",\"@graph\":[{\"@type\":[\"WebPage\",\"ItemPage\"],\"@id\":\"https:\\\/\\\/www.blacksmokeracing.com\\\/product\\\/om647-updated-hybrid-turbo-billet\\\/\",\"url\":\"https:\\\/\\\/www.blacksmokeracing.com\\\/product\\\/om647-updated-hybrid-turbo-billet\\\/\",\"name\":\"OM647 Updated Hybrid Turbo Billet - Black Smoke Ltd\",\"isPartOf\":{\"@id\":\"https:\\\/\\\/www.blacksmokeracing.com\\\/#website\"},\"primaryImageOfPage\":{\"@id\":\"https:\\\/\\\/www.blacksmokeracing.com\\\/product\\\/om647-updated-hybrid-turbo-billet\\\/#primaryimage\"},\"image\":{\"@id\":\"https:\\\/\\\/www.blacksmokeracing.com\\\/product\\\/om647-updated-hybrid-turbo-billet\\\/#primaryimage\"},\"thumbnailUrl\":\"https:\\\/\\\/www.blacksmokeracing.com\\\/wp-content\\\/uploads\\\/DSC00814-scaled.jpg\",\"datePublished\":\"2025-08-07T07:04:58+00:00\",\"dateModified\":\"2026-05-05T07:57:39+00:00\",\"breadcrumb\":{\"@id\":\"https:\\\/\\\/www.blacksmokeracing.com\\\/product\\\/om647-updated-hybrid-turbo-billet\\\/#breadcrumb\"},\"inLanguage\":\"fi\",\"potentialAction\":[{\"@type\":\"ReadAction\",\"target\":[\"https:\\\/\\\/www.blacksmokeracing.com\\\/product\\\/om647-updated-hybrid-turbo-billet\\\/\"]}]},{\"@type\":\"ImageObject\",\"inLanguage\":\"fi\",\"@id\":\"https:\\\/\\\/www.blacksmokeracing.com\\\/product\\\/om647-updated-hybrid-turbo-billet\\\/#primaryimage\",\"url\":\"https:\\\/\\\/www.blacksmokeracing.com\\\/wp-content\\\/uploads\\\/DSC00814-scaled.jpg\",\"contentUrl\":\"https:\\\/\\\/www.blacksmokeracing.com\\\/wp-content\\\/uploads\\\/DSC00814-scaled.jpg\",\"width\":2041,\"height\":2560},{\"@type\":\"BreadcrumbList\",\"@id\":\"https:\\\/\\\/www.blacksmokeracing.com\\\/product\\\/om647-updated-hybrid-turbo-billet\\\/#breadcrumb\",\"itemListElement\":[{\"@type\":\"ListItem\",\"position\":1,\"name\":\"Home\",\"item\":\"https:\\\/\\\/www.blacksmokeracing.com\\\/\"},{\"@type\":\"ListItem\",\"position\":2,\"name\":\"Shop\",\"item\":\"https:\\\/\\\/www.blacksmokeracing.com\\\/shop\\\/\"},{\"@type\":\"ListItem\",\"position\":3,\"name\":\"OM647 Updated Hybrid Turbo Billet\"}]},{\"@type\":\"WebSite\",\"@id\":\"https:\\\/\\\/www.blacksmokeracing.com\\\/#website\",\"url\":\"https:\\\/\\\/www.blacksmokeracing.com\\\/\",\"name\":\"Black Smoke Ltd\",\"description\":\"Not the most successful drifting team\",\"publisher\":{\"@id\":\"https:\\\/\\\/www.blacksmokeracing.com\\\/#organization\"},\"potentialAction\":[{\"@type\":\"SearchAction\",\"target\":{\"@type\":\"EntryPoint\",\"urlTemplate\":\"https:\\\/\\\/www.blacksmokeracing.com\\\/?s={search_term_string}\"},\"query-input\":{\"@type\":\"PropertyValueSpecification\",\"valueRequired\":true,\"valueName\":\"search_term_string\"}}],\"inLanguage\":\"fi\"},{\"@type\":\"Organization\",\"@id\":\"https:\\\/\\\/www.blacksmokeracing.com\\\/#organization\",\"name\":\"Black Smoke Oy Ltd\",\"url\":\"https:\\\/\\\/www.blacksmokeracing.com\\\/\",\"logo\":{\"@type\":\"ImageObject\",\"inLanguage\":\"fi\",\"@id\":\"https:\\\/\\\/www.blacksmokeracing.com\\\/#\\\/schema\\\/logo\\\/image\\\/\",\"url\":\"https:\\\/\\\/www.blacksmokeracing.com\\\/wp-content\\\/uploads\\\/2017\\\/11\\\/Black-Smoke-Logo.png\",\"contentUrl\":\"https:\\\/\\\/www.blacksmokeracing.com\\\/wp-content\\\/uploads\\\/2017\\\/11\\\/Black-Smoke-Logo.png\",\"width\":319,\"height\":97,\"caption\":\"Black Smoke Oy Ltd\"},\"image\":{\"@id\":\"https:\\\/\\\/www.blacksmokeracing.com\\\/#\\\/schema\\\/logo\\\/image\\\/\"},\"sameAs\":[\"https:\\\/\\\/www.facebook.com\\\/blacksmokeracing\",\"https:\\\/\\\/x.com\\\/BlackSmokeMedia\"]}]}<\/script>\n<!-- \/ Yoast SEO Premium plugin. -->","yoast_head_json":{"title":"OM647 Updated Hybrid Turbo Billet - Black Smoke Ltd","robots":{"index":"index","follow":"follow","max-snippet":"max-snippet:-1","max-image-preview":"max-image-preview:large","max-video-preview":"max-video-preview:-1"},"canonical":"https:\/\/www.blacksmokeracing.com\/fi\/product\/om647-updated-hybrid-turbo-billet\/","og_locale":"fi_FI","og_type":"article","og_title":"OM647 Updated Hybrid Turbo Billet","og_description":"EASY SOLUTION! Refurbished and updated hybrid turbo from OM647 engine. The turbo has an updated compressor and turbine wheels. Can produce about 300 hp. These turbos are manufactured from Garrett original turbocharger. Easy solution for more power Up to 300 hp Plug &amp; Play","og_url":"https:\/\/www.blacksmokeracing.com\/fi\/product\/om647-updated-hybrid-turbo-billet\/","og_site_name":"Black Smoke Ltd","article_publisher":"https:\/\/www.facebook.com\/blacksmokeracing","article_modified_time":"2026-05-05T07:57:39+00:00","og_image":[{"width":2041,"height":2560,"url":"https:\/\/www.blacksmokeracing.com\/wp-content\/uploads\/DSC00814-scaled.jpg","type":"image\/jpeg"}],"twitter_card":"summary_large_image","twitter_site":"@BlackSmokeMedia","twitter_misc":{"Arvioitu lukuaika":"1 minuutti"},"schema":{"@context":"https:\/\/schema.org","@graph":[{"@type":["WebPage","ItemPage"],"@id":"https:\/\/www.blacksmokeracing.com\/product\/om647-updated-hybrid-turbo-billet\/","url":"https:\/\/www.blacksmokeracing.com\/product\/om647-updated-hybrid-turbo-billet\/","name":"OM647 Updated Hybrid Turbo Billet - Black Smoke Ltd","isPartOf":{"@id":"https:\/\/www.blacksmokeracing.com\/#website"},"primaryImageOfPage":{"@id":"https:\/\/www.blacksmokeracing.com\/product\/om647-updated-hybrid-turbo-billet\/#primaryimage"},"image":{"@id":"https:\/\/www.blacksmokeracing.com\/product\/om647-updated-hybrid-turbo-billet\/#primaryimage"},"thumbnailUrl":"https:\/\/www.blacksmokeracing.com\/wp-content\/uploads\/DSC00814-scaled.jpg","datePublished":"2025-08-07T07:04:58+00:00","dateModified":"2026-05-05T07:57:39+00:00","breadcrumb":{"@id":"https:\/\/www.blacksmokeracing.com\/product\/om647-updated-hybrid-turbo-billet\/#breadcrumb"},"inLanguage":"fi","potentialAction":[{"@type":"ReadAction","target":["https:\/\/www.blacksmokeracing.com\/product\/om647-updated-hybrid-turbo-billet\/"]}]},{"@type":"ImageObject","inLanguage":"fi","@id":"https:\/\/www.blacksmokeracing.com\/product\/om647-updated-hybrid-turbo-billet\/#primaryimage","url":"https:\/\/www.blacksmokeracing.com\/wp-content\/uploads\/DSC00814-scaled.jpg","contentUrl":"https:\/\/www.blacksmokeracing.com\/wp-content\/uploads\/DSC00814-scaled.jpg","width":2041,"height":2560},{"@type":"BreadcrumbList","@id":"https:\/\/www.blacksmokeracing.com\/product\/om647-updated-hybrid-turbo-billet\/#breadcrumb","itemListElement":[{"@type":"ListItem","position":1,"name":"Home","item":"https:\/\/www.blacksmokeracing.com\/"},{"@type":"ListItem","position":2,"name":"Shop","item":"https:\/\/www.blacksmokeracing.com\/shop\/"},{"@type":"ListItem","position":3,"name":"OM647 Updated Hybrid Turbo Billet"}]},{"@type":"WebSite","@id":"https:\/\/www.blacksmokeracing.com\/#website","url":"https:\/\/www.blacksmokeracing.com\/","name":"Black Smoke Oy","description":"Not the most successful drifting team","publisher":{"@id":"https:\/\/www.blacksmokeracing.com\/#organization"},"potentialAction":[{"@type":"SearchAction","target":{"@type":"EntryPoint","urlTemplate":"https:\/\/www.blacksmokeracing.com\/?s={search_term_string}"},"query-input":{"@type":"PropertyValueSpecification","valueRequired":true,"valueName":"search_term_string"}}],"inLanguage":"fi"},{"@type":"Organization","@id":"https:\/\/www.blacksmokeracing.com\/#organization","name":"Black Smoke Oy","url":"https:\/\/www.blacksmokeracing.com\/","logo":{"@type":"ImageObject","inLanguage":"fi","@id":"https:\/\/www.blacksmokeracing.com\/#\/schema\/logo\/image\/","url":"https:\/\/www.blacksmokeracing.com\/wp-content\/uploads\/2017\/11\/Black-Smoke-Logo.png","contentUrl":"https:\/\/www.blacksmokeracing.com\/wp-content\/uploads\/2017\/11\/Black-Smoke-Logo.png","width":319,"height":97,"caption":"Black Smoke Oy Ltd"},"image":{"@id":"https:\/\/www.blacksmokeracing.com\/#\/schema\/logo\/image\/"},"sameAs":["https:\/\/www.facebook.com\/blacksmokeracing","https:\/\/x.com\/BlackSmokeMedia"]}]}},"taxonomy_info":{"product_cat":[{"value":8750,"label":"Mercedes Turbo Upgrade"},{"value":537,"label":"Turbochargers"},{"value":8744,"label":"Turbochargers"},{"value":531,"label":"Turbodiesel Race parts"}],"pa_engine":[{"value":8685,"label":"om648"}],"product_brands":[{"value":8872,"label":"Garrett"}]},"featured_image_src_large":["https:\/\/www.blacksmokeracing.com\/wp-content\/uploads\/DSC00814-1170x1467.jpg",1170,1467,true],"author_info":[],"comment_info":0,"_links":{"self":[{"href":"https:\/\/www.blacksmokeracing.com\/fi\/wp-json\/wp\/v2\/product\/80131","targetHints":{"allow":["GET"]}}],"collection":[{"href":"https:\/\/www.blacksmokeracing.com\/fi\/wp-json\/wp\/v2\/product"}],"about":[{"href":"https:\/\/www.blacksmokeracing.com\/fi\/wp-json\/wp\/v2\/types\/product"}],"replies":[{"embeddable":true,"href":"https:\/\/www.blacksmokeracing.com\/fi\/wp-json\/wp\/v2\/comments?post=80131"}],"wp:featuredmedia":[{"embeddable":true,"href":"https:\/\/www.blacksmokeracing.com\/fi\/wp-json\/wp\/v2\/media\/80145"}],"wp:attachment":[{"href":"https:\/\/www.blacksmokeracing.com\/fi\/wp-json\/wp\/v2\/media?parent=80131"}],"wp:term":[{"taxonomy":"product_cat","embeddable":true,"href":"https:\/\/www.blacksmokeracing.com\/fi\/wp-json\/wp\/v2\/product_cat?post=80131"},{"taxonomy":"product_tag","embeddable":true,"href":"https:\/\/www.blacksmokeracing.com\/fi\/wp-json\/wp\/v2\/product_tag?post=80131"},{"taxonomy":"product_brands","embeddable":true,"href":"https:\/\/www.blacksmokeracing.com\/fi\/wp-json\/wp\/v2\/product_brands?post=80131"}],"curies":[{"name":"wp","href":"https:\/\/api.w.org\/{rel}","templated":true}]}}