{"id":80104,"date":"2025-08-06T15:23:56","date_gmt":"2025-08-06T12:23:56","guid":{"rendered":"https:\/\/www.blacksmokeracing.com\/?post_type=product&#038;p=80104"},"modified":"2026-05-05T10:57:39","modified_gmt":"2026-05-05T07:57:39","slug":"bolt-for-om651-delphi-injector","status":"publish","type":"product","link":"https:\/\/www.blacksmokeracing.com\/fi\/product\/bolt-for-om651-delphi-injector\/","title":{"rendered":"Pultti OM651 Delphi suuttimelle"},"content":{"rendered":"<h2>Tilaaminen ja asennus<\/h2>\n<p>T\u00e4m\u00e4 tuote sopii t\u00e4ysin vakiopaikalle, eik\u00e4 muutoksia tarvita.<\/p>\n<ul>\n<li class=\"translation-block\">Varmista, ett\u00e4 kannen pultinrei\u00e4ss\u00e4 ei ole likaa. Yleisin syy kierteiden hajoamiselle, kun pultin nokka ottaa kiinni likapaakkuun ja nostaa kierteet mukanaan kannesta!<\/li>\n<li>Alla on ohjevideo kierteiden putsauksesta. Tsekkaa se niin p\u00e4\u00e4set perille kuinka toimia!\nLyhyesti:\n-K\u00e4yt\u00e4 vanhaa pulttia puhdistukseen sen j\u00e4lkeen kun olet halkaissut pultin nokan r\u00e4ll\u00e4k\u00e4ll\u00e4.\n-K\u00e4yt\u00e4 pulttia rei\u00e4ss\u00e4 niin monesti, ett\u00e4 saat kaiken lian pois.<\/li>\n<li>Kiristysmomentit pultille 15<span data-sheets-root=\"1\">Nm +90deg +90deg<\/span><\/li>\n<li>\u00c4l\u00e4 k\u00e4yt\u00e4 vanhaa pulttia uudelleen!<\/li>\n<\/ul>\n<p><span data-sheets-root=\"1\">\u00a0<\/span><\/p>\n<blockquote class=\"tiktok-embed\" cite=\"https:\/\/www.tiktok.com\/@blacksmokeracing\/video\/7441600621498666273\" data-video-id=\"7441600621498666273\" data-embed-from=\"oembed\" style=\"max-width:605px; min-width:325px;\">\n<section> <a target=\"_blank\" title=\"@blacksmokeracing\" href=\"https:\/\/www.tiktok.com\/@blacksmokeracing?refer=embed\">@blacksmokeracing<\/a> <\/p>\n<p>T\u00e4m\u00e4n yksinkertaisen operaationkin voi tehd\u00e4 monella tavalla v\u00e4\u00e4rin, t\u00e4ss\u00e4 oikea! Trodolta kupongilla black50 &#8211; yli 50\u20ac tilauksiin ilmainen toimitus! <a title=\"varaosat\" target=\"_blank\" href=\"https:\/\/www.tiktok.com\/tag\/varaosat?refer=embed\">#varaosat<\/a> <a title=\"trodo\" target=\"_blank\" href=\"https:\/\/www.tiktok.com\/tag\/trodo?refer=embed\">#trodo<\/a> <a title=\"mekaanikko\" target=\"_blank\" href=\"https:\/\/www.tiktok.com\/tag\/mekaanikko?refer=embed\">#mekaanikko<\/a> <a title=\"mersu\" target=\"_blank\" href=\"https:\/\/www.tiktok.com\/tag\/mersu?refer=embed\">#mersu<\/a> <a title=\"suutin\" target=\"_blank\" href=\"https:\/\/www.tiktok.com\/tag\/suutin?refer=embed\">#suutin<\/a> <\/p>\n<p> <a target=\"_blank\" title=\"\u266c original sound - Black Smoke Ltd\" href=\"https:\/\/www.tiktok.com\/music\/original-sound-7441600817477782304?refer=embed\">\u266c original sound &#8211; Black Smoke Ltd<\/a> <\/section>\n<\/blockquote>\n<p> <script async src=\"https:\/\/www.tiktok.com\/embed.js\"><\/script><\/p>\n<p><span data-sheets-root=\"1\">\u00a0<\/span><\/p>","protected":false},"excerpt":{"rendered":"<p>T\u00e4m\u00e4 pultti sopii yhteen Mercedes OM651 -moottorin Delphi-suuttimeen. Ne takaavat varman ja luotettavan kiinnityksen moottorin optimaalisen toiminnan varmistamiseksi. Valmistettu korkealaatuisista ja kest\u00e4vist\u00e4 materiaaleista pitk\u00e4ik\u00e4iseen k\u00e4ytt\u00f6\u00f6n. Olemme itse k\u00e4ytt\u00e4neet vain alkuper\u00e4isi\u00e4 pultteja kaikissa moottoreissamme.<\/p>\n<p>Tilaa oikea m\u00e4\u00e4r\u00e4 suuttimien lukum\u00e4\u00e4r\u00e4n mukaan.<\/p>\n<ul>\n<li>OM651 Delphi suuttimille<\/li>\n<li>Laadukas<\/li>\n<li>Kest\u00e4v\u00e4 materiaali<\/li>\n<\/ul>","protected":false},"featured_media":80105,"comment_status":"open","ping_status":"closed","template":"","meta":{"inline_featured_image":false,"_kad_blocks_custom_css":"","_kad_blocks_head_custom_js":"","_kad_blocks_body_custom_js":"","_kad_blocks_footer_custom_js":"","_kad_post_transparent":"default","_kad_post_title":"","_kad_post_layout":"default","_kad_post_sidebar_id":"","_kad_post_content_style":"default","_kad_post_vertical_padding":"default","_kad_post_feature":"","_kad_post_feature_position":"","_kad_post_header":false,"_kad_post_footer":false,"_kad_post_classname":"","cybocfi_hide_featured_image":""},"product_cat":[588,586,8926,8883,531],"product_tag":[],"product_brands":[8880],"class_list":{"0":"post-80104","1":"product","2":"type-product","3":"status-publish","4":"has-post-thumbnail","6":"product_cat-engine","7":"product_cat-fuel-system","8":"product_cat-generic-parts","9":"product_cat-injectors","10":"product_cat-mercedes-turbodiesel-race-parts","11":"product_brands-generic-part","13":"first","14":"instock","15":"taxable","16":"shipping-taxable","17":"purchasable","18":"product-type-simple","19":"entry","20":"content-bg","21":"loop-entry"},"yoast_head":"<!-- This site is optimized with the Yoast SEO Premium plugin v27.5 (Yoast SEO v27.5) - https:\/\/yoast.com\/product\/yoast-seo-premium-wordpress\/ -->\n<title>Bolt for OM651 Delphi Injector - Black Smoke Ltd<\/title>\n<meta name=\"robots\" content=\"index, follow, max-snippet:-1, max-image-preview:large, max-video-preview:-1\" \/>\n<link rel=\"canonical\" href=\"https:\/\/www.blacksmokeracing.com\/fi\/product\/bolt-for-om651-delphi-injector\/\" \/>\n<meta property=\"og:locale\" content=\"fi_FI\" \/>\n<meta property=\"og:type\" content=\"article\" \/>\n<meta property=\"og:title\" content=\"Bolt for OM651 Delphi Injector\" \/>\n<meta property=\"og:description\" content=\"This bolt is suitable for a single Delphi injector of Mercedes engine model OM651. They ensure a secure and reliable fit for optimal engine performance. Made from high-quality, durable materials for long-lasting use. We have only ever used stock ones in all our engines.  Please order the correct quantity based on the number of injectors you have.   For OM651 Delphi injectors  High-quality  Durable material\" \/>\n<meta property=\"og:url\" content=\"https:\/\/www.blacksmokeracing.com\/fi\/product\/bolt-for-om651-delphi-injector\/\" \/>\n<meta property=\"og:site_name\" content=\"Black Smoke Ltd\" \/>\n<meta property=\"article:publisher\" content=\"https:\/\/www.facebook.com\/blacksmokeracing\" \/>\n<meta property=\"article:modified_time\" content=\"2026-05-05T07:57:39+00:00\" \/>\n<meta property=\"og:image\" content=\"https:\/\/www.blacksmokeracing.com\/wp-content\/uploads\/DSC00741-scaled.jpg\" \/>\n\t<meta property=\"og:image:width\" content=\"1710\" \/>\n\t<meta property=\"og:image:height\" content=\"2560\" \/>\n\t<meta property=\"og:image:type\" content=\"image\/jpeg\" \/>\n<meta name=\"twitter:card\" content=\"summary_large_image\" \/>\n<meta name=\"twitter:site\" content=\"@BlackSmokeMedia\" \/>\n<meta name=\"twitter:label1\" content=\"Arvioitu lukuaika\" \/>\n\t<meta name=\"twitter:data1\" content=\"1 minuutti\" \/>\n<script type=\"application\/ld+json\" class=\"yoast-schema-graph\">{\"@context\":\"https:\\\/\\\/schema.org\",\"@graph\":[{\"@type\":[\"WebPage\",\"ItemPage\"],\"@id\":\"https:\\\/\\\/www.blacksmokeracing.com\\\/product\\\/bolt-for-om651-delphi-injector\\\/\",\"url\":\"https:\\\/\\\/www.blacksmokeracing.com\\\/product\\\/bolt-for-om651-delphi-injector\\\/\",\"name\":\"Bolt for OM651 Delphi Injector - Black Smoke Ltd\",\"isPartOf\":{\"@id\":\"https:\\\/\\\/www.blacksmokeracing.com\\\/#website\"},\"primaryImageOfPage\":{\"@id\":\"https:\\\/\\\/www.blacksmokeracing.com\\\/product\\\/bolt-for-om651-delphi-injector\\\/#primaryimage\"},\"image\":{\"@id\":\"https:\\\/\\\/www.blacksmokeracing.com\\\/product\\\/bolt-for-om651-delphi-injector\\\/#primaryimage\"},\"thumbnailUrl\":\"https:\\\/\\\/www.blacksmokeracing.com\\\/wp-content\\\/uploads\\\/DSC00741-scaled.jpg\",\"datePublished\":\"2025-08-06T12:23:56+00:00\",\"dateModified\":\"2026-05-05T07:57:39+00:00\",\"breadcrumb\":{\"@id\":\"https:\\\/\\\/www.blacksmokeracing.com\\\/product\\\/bolt-for-om651-delphi-injector\\\/#breadcrumb\"},\"inLanguage\":\"fi\",\"potentialAction\":[{\"@type\":\"ReadAction\",\"target\":[\"https:\\\/\\\/www.blacksmokeracing.com\\\/product\\\/bolt-for-om651-delphi-injector\\\/\"]}]},{\"@type\":\"ImageObject\",\"inLanguage\":\"fi\",\"@id\":\"https:\\\/\\\/www.blacksmokeracing.com\\\/product\\\/bolt-for-om651-delphi-injector\\\/#primaryimage\",\"url\":\"https:\\\/\\\/www.blacksmokeracing.com\\\/wp-content\\\/uploads\\\/DSC00741-scaled.jpg\",\"contentUrl\":\"https:\\\/\\\/www.blacksmokeracing.com\\\/wp-content\\\/uploads\\\/DSC00741-scaled.jpg\",\"width\":1710,\"height\":2560},{\"@type\":\"BreadcrumbList\",\"@id\":\"https:\\\/\\\/www.blacksmokeracing.com\\\/product\\\/bolt-for-om651-delphi-injector\\\/#breadcrumb\",\"itemListElement\":[{\"@type\":\"ListItem\",\"position\":1,\"name\":\"Home\",\"item\":\"https:\\\/\\\/www.blacksmokeracing.com\\\/\"},{\"@type\":\"ListItem\",\"position\":2,\"name\":\"Shop\",\"item\":\"https:\\\/\\\/www.blacksmokeracing.com\\\/shop\\\/\"},{\"@type\":\"ListItem\",\"position\":3,\"name\":\"Bolt for OM651 Delphi Injector\"}]},{\"@type\":\"WebSite\",\"@id\":\"https:\\\/\\\/www.blacksmokeracing.com\\\/#website\",\"url\":\"https:\\\/\\\/www.blacksmokeracing.com\\\/\",\"name\":\"Black Smoke Ltd\",\"description\":\"Not the most successful drifting team\",\"publisher\":{\"@id\":\"https:\\\/\\\/www.blacksmokeracing.com\\\/#organization\"},\"potentialAction\":[{\"@type\":\"SearchAction\",\"target\":{\"@type\":\"EntryPoint\",\"urlTemplate\":\"https:\\\/\\\/www.blacksmokeracing.com\\\/?s={search_term_string}\"},\"query-input\":{\"@type\":\"PropertyValueSpecification\",\"valueRequired\":true,\"valueName\":\"search_term_string\"}}],\"inLanguage\":\"fi\"},{\"@type\":\"Organization\",\"@id\":\"https:\\\/\\\/www.blacksmokeracing.com\\\/#organization\",\"name\":\"Black Smoke Oy Ltd\",\"url\":\"https:\\\/\\\/www.blacksmokeracing.com\\\/\",\"logo\":{\"@type\":\"ImageObject\",\"inLanguage\":\"fi\",\"@id\":\"https:\\\/\\\/www.blacksmokeracing.com\\\/#\\\/schema\\\/logo\\\/image\\\/\",\"url\":\"https:\\\/\\\/www.blacksmokeracing.com\\\/wp-content\\\/uploads\\\/2017\\\/11\\\/Black-Smoke-Logo.png\",\"contentUrl\":\"https:\\\/\\\/www.blacksmokeracing.com\\\/wp-content\\\/uploads\\\/2017\\\/11\\\/Black-Smoke-Logo.png\",\"width\":319,\"height\":97,\"caption\":\"Black Smoke Oy Ltd\"},\"image\":{\"@id\":\"https:\\\/\\\/www.blacksmokeracing.com\\\/#\\\/schema\\\/logo\\\/image\\\/\"},\"sameAs\":[\"https:\\\/\\\/www.facebook.com\\\/blacksmokeracing\",\"https:\\\/\\\/x.com\\\/BlackSmokeMedia\"]}]}<\/script>\n<!-- \/ Yoast SEO Premium plugin. -->","yoast_head_json":{"title":"Bolt for OM651 Delphi Injector - Black Smoke Ltd","robots":{"index":"index","follow":"follow","max-snippet":"max-snippet:-1","max-image-preview":"max-image-preview:large","max-video-preview":"max-video-preview:-1"},"canonical":"https:\/\/www.blacksmokeracing.com\/fi\/product\/bolt-for-om651-delphi-injector\/","og_locale":"fi_FI","og_type":"article","og_title":"Bolt for OM651 Delphi Injector","og_description":"This bolt is suitable for a single Delphi injector of Mercedes engine model OM651. They ensure a secure and reliable fit for optimal engine performance. Made from high-quality, durable materials for long-lasting use. We have only ever used stock ones in all our engines.  Please order the correct quantity based on the number of injectors you have.   For OM651 Delphi injectors  High-quality  Durable material","og_url":"https:\/\/www.blacksmokeracing.com\/fi\/product\/bolt-for-om651-delphi-injector\/","og_site_name":"Black Smoke Ltd","article_publisher":"https:\/\/www.facebook.com\/blacksmokeracing","article_modified_time":"2026-05-05T07:57:39+00:00","og_image":[{"width":1710,"height":2560,"url":"https:\/\/www.blacksmokeracing.com\/wp-content\/uploads\/DSC00741-scaled.jpg","type":"image\/jpeg"}],"twitter_card":"summary_large_image","twitter_site":"@BlackSmokeMedia","twitter_misc":{"Arvioitu lukuaika":"1 minuutti"},"schema":{"@context":"https:\/\/schema.org","@graph":[{"@type":["WebPage","ItemPage"],"@id":"https:\/\/www.blacksmokeracing.com\/product\/bolt-for-om651-delphi-injector\/","url":"https:\/\/www.blacksmokeracing.com\/product\/bolt-for-om651-delphi-injector\/","name":"Bolt for OM651 Delphi Injector - Black Smoke Ltd","isPartOf":{"@id":"https:\/\/www.blacksmokeracing.com\/#website"},"primaryImageOfPage":{"@id":"https:\/\/www.blacksmokeracing.com\/product\/bolt-for-om651-delphi-injector\/#primaryimage"},"image":{"@id":"https:\/\/www.blacksmokeracing.com\/product\/bolt-for-om651-delphi-injector\/#primaryimage"},"thumbnailUrl":"https:\/\/www.blacksmokeracing.com\/wp-content\/uploads\/DSC00741-scaled.jpg","datePublished":"2025-08-06T12:23:56+00:00","dateModified":"2026-05-05T07:57:39+00:00","breadcrumb":{"@id":"https:\/\/www.blacksmokeracing.com\/product\/bolt-for-om651-delphi-injector\/#breadcrumb"},"inLanguage":"fi","potentialAction":[{"@type":"ReadAction","target":["https:\/\/www.blacksmokeracing.com\/product\/bolt-for-om651-delphi-injector\/"]}]},{"@type":"ImageObject","inLanguage":"fi","@id":"https:\/\/www.blacksmokeracing.com\/product\/bolt-for-om651-delphi-injector\/#primaryimage","url":"https:\/\/www.blacksmokeracing.com\/wp-content\/uploads\/DSC00741-scaled.jpg","contentUrl":"https:\/\/www.blacksmokeracing.com\/wp-content\/uploads\/DSC00741-scaled.jpg","width":1710,"height":2560},{"@type":"BreadcrumbList","@id":"https:\/\/www.blacksmokeracing.com\/product\/bolt-for-om651-delphi-injector\/#breadcrumb","itemListElement":[{"@type":"ListItem","position":1,"name":"Home","item":"https:\/\/www.blacksmokeracing.com\/"},{"@type":"ListItem","position":2,"name":"Shop","item":"https:\/\/www.blacksmokeracing.com\/shop\/"},{"@type":"ListItem","position":3,"name":"Bolt for OM651 Delphi Injector"}]},{"@type":"WebSite","@id":"https:\/\/www.blacksmokeracing.com\/#website","url":"https:\/\/www.blacksmokeracing.com\/","name":"Black Smoke Oy","description":"Not the most successful drifting team","publisher":{"@id":"https:\/\/www.blacksmokeracing.com\/#organization"},"potentialAction":[{"@type":"SearchAction","target":{"@type":"EntryPoint","urlTemplate":"https:\/\/www.blacksmokeracing.com\/?s={search_term_string}"},"query-input":{"@type":"PropertyValueSpecification","valueRequired":true,"valueName":"search_term_string"}}],"inLanguage":"fi"},{"@type":"Organization","@id":"https:\/\/www.blacksmokeracing.com\/#organization","name":"Black Smoke Oy","url":"https:\/\/www.blacksmokeracing.com\/","logo":{"@type":"ImageObject","inLanguage":"fi","@id":"https:\/\/www.blacksmokeracing.com\/#\/schema\/logo\/image\/","url":"https:\/\/www.blacksmokeracing.com\/wp-content\/uploads\/2017\/11\/Black-Smoke-Logo.png","contentUrl":"https:\/\/www.blacksmokeracing.com\/wp-content\/uploads\/2017\/11\/Black-Smoke-Logo.png","width":319,"height":97,"caption":"Black Smoke Oy Ltd"},"image":{"@id":"https:\/\/www.blacksmokeracing.com\/#\/schema\/logo\/image\/"},"sameAs":["https:\/\/www.facebook.com\/blacksmokeracing","https:\/\/x.com\/BlackSmokeMedia"]}]}},"taxonomy_info":{"product_cat":[{"value":588,"label":"Engine"},{"value":586,"label":"Fuel system"},{"value":8926,"label":"Generic parts"},{"value":8883,"label":"Injectors"},{"value":531,"label":"Turbodiesel Race parts"}],"product_brands":[{"value":8880,"label":"Generic - Products"}]},"featured_image_src_large":["https:\/\/www.blacksmokeracing.com\/wp-content\/uploads\/DSC00741-1170x1752.jpg",1170,1752,true],"author_info":[],"comment_info":0,"_links":{"self":[{"href":"https:\/\/www.blacksmokeracing.com\/fi\/wp-json\/wp\/v2\/product\/80104","targetHints":{"allow":["GET"]}}],"collection":[{"href":"https:\/\/www.blacksmokeracing.com\/fi\/wp-json\/wp\/v2\/product"}],"about":[{"href":"https:\/\/www.blacksmokeracing.com\/fi\/wp-json\/wp\/v2\/types\/product"}],"replies":[{"embeddable":true,"href":"https:\/\/www.blacksmokeracing.com\/fi\/wp-json\/wp\/v2\/comments?post=80104"}],"wp:featuredmedia":[{"embeddable":true,"href":"https:\/\/www.blacksmokeracing.com\/fi\/wp-json\/wp\/v2\/media\/80105"}],"wp:attachment":[{"href":"https:\/\/www.blacksmokeracing.com\/fi\/wp-json\/wp\/v2\/media?parent=80104"}],"wp:term":[{"taxonomy":"product_cat","embeddable":true,"href":"https:\/\/www.blacksmokeracing.com\/fi\/wp-json\/wp\/v2\/product_cat?post=80104"},{"taxonomy":"product_tag","embeddable":true,"href":"https:\/\/www.blacksmokeracing.com\/fi\/wp-json\/wp\/v2\/product_tag?post=80104"},{"taxonomy":"product_brands","embeddable":true,"href":"https:\/\/www.blacksmokeracing.com\/fi\/wp-json\/wp\/v2\/product_brands?post=80104"}],"curies":[{"name":"wp","href":"https:\/\/api.w.org\/{rel}","templated":true}]}}