{"id":77223,"date":"2025-03-03T13:12:40","date_gmt":"2025-03-03T11:12:40","guid":{"rendered":"https:\/\/www.blacksmokeracing.com\/?post_type=product&#038;p=77223"},"modified":"2026-03-03T10:59:37","modified_gmt":"2026-03-03T08:59:37","slug":"m57-updated-hybrid-turbo-billet","status":"publish","type":"product","link":"https:\/\/www.blacksmokeracing.com\/fi\/product\/m57-updated-hybrid-turbo-billet\/","title":{"rendered":"M57 P\u00e4ivitetty hybridi-turbo Billet"},"content":{"rendered":"<p>Suosittelemme p\u00e4ivitt\u00e4m\u00e4\u00e4n vakion v\u00e4lij\u00e4\u00e4hdyttimen t\u00e4ysalumiiniseen versioon\ud83d\ude42Akselia on p\u00e4ivitetty pienemm\u00e4n vastapaineen saavuttamiseksi.<\/p>\r\n\r\n\r\n\r\n\r\n\r\n\r\n\r\n<ul>\r\n<li>Kompressorisiipi - 50\/71 mm<\/li>\r\n<li>Turbiinisiipi - 51\/48 mm<\/li>\r\n<li>MAX turvallinen ahtopaine 2,7 bar tai 39 psi<\/li>\r\n<li>Maksimiteho 370 hv<\/li>\r\n<li>100% bolt on asennus<\/li>\r\n<li>S\u00e4\u00e4din on t\u00e4ysin kunnostettu<\/li>\r\n<\/ul>\r\n<h2>T\u00e4m\u00e4 turbo on yhteensopiva alla lueteltujen mallien kanssa.<\/h2>\r\n<p><strong>Sopii n\u00e4ihin autoihin<\/strong>: BMW 525 d 170kW, BMW 525 145kW, BMW 525 xd 170 kW, BMW 530 170kW, BMW 530 173kW, BMW 730d 170kW, BMW 730d 173kW, BMW 730 ld 170kW, BMW 730 ld 173kW, BMW 530 xd 173kW, BMW 530 xd 173kW.<\/p>\r\n<p><strong>Moottorin koodit<\/strong>: M57N2, M57D30UL<\/p>\r\n<p><strong>Turbiinikoodit<\/strong>: 758351-0024, 758351-5024S, 758351-5024W, 758351-9024W, 758351-0015, 758351-0017, 758351-0020, 758351-5020S, 758351-5022S, 758351-9024S, 758351-5024S.<\/p>\r\n<p><strong>Valmistajan (OEM) koodit<\/strong>: 11657794260, 7794260, 7794259H, 7794260014, A7794259H, A7794260014.<\/p>\r\n<h2>Tilaaminen ja asennus<\/h2>\r\n<p>T\u00e4m\u00e4 tuote sopii t\u00e4ysin vakiopaikalle, eik\u00e4 muutoksia tarvita.<\/p>\r\n<ul>\r\n<li>Varmista, ett\u00e4 \u00f6ljynsy\u00f6tt\u00f6linja on hyv\u00e4ss\u00e4 kunnossa ja kunnolla kiinnitetty, muuten saatat rikkoa turboahtimen<\/li>\r\n<li>Tarkista ett\u00e4 ahtoletkut on kunnolla paikallaan ja liitokset pit\u00e4vi\u00e4<\/li>\r\n<li>Huomioithan, ett\u00e4 ilman uudelleenohjelmointia autosi ei tuota enemp\u00e4\u00e4 hevosvoimia<\/li>\r\n<\/ul>\r\n<p>Jos tuote on j\u00e4lkitoimituksessa, toimitus kest\u00e4\u00e4 n.3-4 viikkoa. Tarjoamme 50\u20ac panttiahtimesta, vaikka turbo ei toimisikaan.<\/p>\r\n<p>Jos l\u00e4het\u00e4t meille tuotteen (tuotteet) ohjelmointia tai huoltoa varten.<br \/>L\u00e4het\u00e4 tuote(t) seuraavaan osoitteeseen:<br \/><strong>Black Smoke Oy<br \/><\/strong><strong>Linnusper\u00e4ntie 9<br \/><\/strong><strong>67600 KOKKOLA<br \/><\/strong><strong>SUOMI<br \/><\/strong>info@blacksmokeracing.com<br \/>+358 45 7833 5725 (puhelinnumero, tarvittaessa)<\/p>\r\n<p><strong>Huomioi ett\u00e4 EU:n ulkopuolelta - Emme hyv\u00e4ksy tavallisia postipaketteja, AINOASTAAN KULJETUSPAKETIT, DHL, FEDEX, DPD jne.<\/strong><\/p>","protected":false},"excerpt":{"rendered":"<p><strong>Helppo ratkaisu<\/strong><\/p>\n<p>Kunnostettu ja p\u00e4ivitetty hybridiahdin M57 moottoriin. Ahdin on p\u00e4ivitetty isommille imu- ja pakosiiville. Maksimituotto 370hv asti. Ahtimet on valmistettu alkuper\u00e4isist\u00e4 Garrettin turboista.<\/p>\n<p><strong>Lue tarkemmat yksityiskohdat ja yhteensopivuus alla olevasta kuvauksesta!<\/strong><\/p>\n<ul>\n<li>Helppo ratkaisu<\/li>\n<li>Tuotto 370 hv asti<\/li>\n<li>Sopii suoraan alkuper\u00e4iselle paikalle<\/li>\n<\/ul>","protected":false},"featured_media":77227,"comment_status":"open","ping_status":"closed","template":"","meta":{"inline_featured_image":false,"_kad_blocks_custom_css":"","_kad_blocks_head_custom_js":"","_kad_blocks_body_custom_js":"","_kad_blocks_footer_custom_js":"","_kad_post_transparent":"default","_kad_post_title":"","_kad_post_layout":"default","_kad_post_sidebar_id":"","_kad_post_content_style":"default","_kad_post_vertical_padding":"default","_kad_post_feature":"","_kad_post_feature_position":"","_kad_post_header":false,"_kad_post_footer":false,"_kad_post_classname":"","cybocfi_hide_featured_image":""},"product_cat":[8905,8910,537,8744],"product_tag":[],"product_brands":[8872],"class_list":{"0":"post-77223","1":"product","2":"type-product","3":"status-publish","4":"has-post-thumbnail","6":"product_cat-bmw-turbo-upgrade","7":"product_cat-bmw-turbo-upgrade-mercedes-turbodiesel-race-parts","8":"product_cat-all-turbochargers","9":"product_cat-turbochargers","10":"pa_engine-om642","11":"product_brands-garrett","13":"first","14":"instock","15":"taxable","16":"shipping-taxable","17":"purchasable","18":"product-type-simple","19":"entry","20":"content-bg","21":"loop-entry"},"yoast_head":"<!-- This site is optimized with the Yoast SEO Premium plugin v27.3 (Yoast SEO v27.3) - https:\/\/yoast.com\/product\/yoast-seo-premium-wordpress\/ -->\n<title>M57 Updated Hybrid Turbo Billet - Black Smoke Ltd<\/title>\n<meta name=\"robots\" content=\"index, follow, max-snippet:-1, max-image-preview:large, max-video-preview:-1\" \/>\n<link rel=\"canonical\" href=\"https:\/\/www.blacksmokeracing.com\/fi\/product\/m57-updated-hybrid-turbo-billet\/\" \/>\n<meta property=\"og:locale\" content=\"fi_FI\" \/>\n<meta property=\"og:type\" content=\"article\" \/>\n<meta property=\"og:title\" content=\"M57 Updated Hybrid Turbo Billet\" \/>\n<meta property=\"og:description\" content=\"EASY SOLUTION! Refurbished and updated hybrid turbo from M57 engine. The turbo has an updated compressor and turbine wheels. Can produce about 370 hp. These turbos are manufactured from Garrett original turbocharger (GT2260V). Read more specific details and compatibility from description below!  Easy solution for more power Up to 370 hp Plug &amp; Play\" \/>\n<meta property=\"og:url\" content=\"https:\/\/www.blacksmokeracing.com\/fi\/product\/m57-updated-hybrid-turbo-billet\/\" \/>\n<meta property=\"og:site_name\" content=\"Black Smoke Ltd\" \/>\n<meta property=\"article:publisher\" content=\"https:\/\/www.facebook.com\/blacksmokeracing\" \/>\n<meta property=\"article:modified_time\" content=\"2026-03-03T08:59:37+00:00\" \/>\n<meta property=\"og:image\" content=\"https:\/\/www.blacksmokeracing.com\/wp-content\/uploads\/DSC09977-scaled.jpg\" \/>\n\t<meta property=\"og:image:width\" content=\"1710\" \/>\n\t<meta property=\"og:image:height\" content=\"2560\" \/>\n\t<meta property=\"og:image:type\" content=\"image\/jpeg\" \/>\n<meta name=\"twitter:card\" content=\"summary_large_image\" \/>\n<meta name=\"twitter:site\" content=\"@BlackSmokeMedia\" \/>\n<meta name=\"twitter:label1\" content=\"Arvioitu lukuaika\" \/>\n\t<meta name=\"twitter:data1\" content=\"2 minuuttia\" \/>\n<script type=\"application\/ld+json\" class=\"yoast-schema-graph\">{\"@context\":\"https:\\\/\\\/schema.org\",\"@graph\":[{\"@type\":[\"WebPage\",\"ItemPage\"],\"@id\":\"https:\\\/\\\/www.blacksmokeracing.com\\\/product\\\/m57-updated-hybrid-turbo-billet\\\/\",\"url\":\"https:\\\/\\\/www.blacksmokeracing.com\\\/product\\\/m57-updated-hybrid-turbo-billet\\\/\",\"name\":\"M57 Updated Hybrid Turbo Billet - Black Smoke Ltd\",\"isPartOf\":{\"@id\":\"https:\\\/\\\/www.blacksmokeracing.com\\\/#website\"},\"primaryImageOfPage\":{\"@id\":\"https:\\\/\\\/www.blacksmokeracing.com\\\/product\\\/m57-updated-hybrid-turbo-billet\\\/#primaryimage\"},\"image\":{\"@id\":\"https:\\\/\\\/www.blacksmokeracing.com\\\/product\\\/m57-updated-hybrid-turbo-billet\\\/#primaryimage\"},\"thumbnailUrl\":\"https:\\\/\\\/www.blacksmokeracing.com\\\/wp-content\\\/uploads\\\/DSC09977-scaled.jpg\",\"datePublished\":\"2025-03-03T11:12:40+00:00\",\"dateModified\":\"2026-03-03T08:59:37+00:00\",\"breadcrumb\":{\"@id\":\"https:\\\/\\\/www.blacksmokeracing.com\\\/product\\\/m57-updated-hybrid-turbo-billet\\\/#breadcrumb\"},\"inLanguage\":\"fi\",\"potentialAction\":[{\"@type\":\"ReadAction\",\"target\":[\"https:\\\/\\\/www.blacksmokeracing.com\\\/product\\\/m57-updated-hybrid-turbo-billet\\\/\"]}]},{\"@type\":\"ImageObject\",\"inLanguage\":\"fi\",\"@id\":\"https:\\\/\\\/www.blacksmokeracing.com\\\/product\\\/m57-updated-hybrid-turbo-billet\\\/#primaryimage\",\"url\":\"https:\\\/\\\/www.blacksmokeracing.com\\\/wp-content\\\/uploads\\\/DSC09977-scaled.jpg\",\"contentUrl\":\"https:\\\/\\\/www.blacksmokeracing.com\\\/wp-content\\\/uploads\\\/DSC09977-scaled.jpg\",\"width\":1710,\"height\":2560},{\"@type\":\"BreadcrumbList\",\"@id\":\"https:\\\/\\\/www.blacksmokeracing.com\\\/product\\\/m57-updated-hybrid-turbo-billet\\\/#breadcrumb\",\"itemListElement\":[{\"@type\":\"ListItem\",\"position\":1,\"name\":\"Home\",\"item\":\"https:\\\/\\\/www.blacksmokeracing.com\\\/\"},{\"@type\":\"ListItem\",\"position\":2,\"name\":\"Shop\",\"item\":\"https:\\\/\\\/www.blacksmokeracing.com\\\/shop\\\/\"},{\"@type\":\"ListItem\",\"position\":3,\"name\":\"M57 Updated Hybrid Turbo Billet\"}]},{\"@type\":\"WebSite\",\"@id\":\"https:\\\/\\\/www.blacksmokeracing.com\\\/#website\",\"url\":\"https:\\\/\\\/www.blacksmokeracing.com\\\/\",\"name\":\"Black Smoke Ltd\",\"description\":\"Not the most successful drifting team\",\"publisher\":{\"@id\":\"https:\\\/\\\/www.blacksmokeracing.com\\\/#organization\"},\"potentialAction\":[{\"@type\":\"SearchAction\",\"target\":{\"@type\":\"EntryPoint\",\"urlTemplate\":\"https:\\\/\\\/www.blacksmokeracing.com\\\/?s={search_term_string}\"},\"query-input\":{\"@type\":\"PropertyValueSpecification\",\"valueRequired\":true,\"valueName\":\"search_term_string\"}}],\"inLanguage\":\"fi\"},{\"@type\":\"Organization\",\"@id\":\"https:\\\/\\\/www.blacksmokeracing.com\\\/#organization\",\"name\":\"Black Smoke Oy Ltd\",\"url\":\"https:\\\/\\\/www.blacksmokeracing.com\\\/\",\"logo\":{\"@type\":\"ImageObject\",\"inLanguage\":\"fi\",\"@id\":\"https:\\\/\\\/www.blacksmokeracing.com\\\/#\\\/schema\\\/logo\\\/image\\\/\",\"url\":\"https:\\\/\\\/www.blacksmokeracing.com\\\/wp-content\\\/uploads\\\/2017\\\/11\\\/Black-Smoke-Logo.png\",\"contentUrl\":\"https:\\\/\\\/www.blacksmokeracing.com\\\/wp-content\\\/uploads\\\/2017\\\/11\\\/Black-Smoke-Logo.png\",\"width\":319,\"height\":97,\"caption\":\"Black Smoke Oy Ltd\"},\"image\":{\"@id\":\"https:\\\/\\\/www.blacksmokeracing.com\\\/#\\\/schema\\\/logo\\\/image\\\/\"},\"sameAs\":[\"https:\\\/\\\/www.facebook.com\\\/blacksmokeracing\",\"https:\\\/\\\/x.com\\\/BlackSmokeMedia\"]}]}<\/script>\n<!-- \/ Yoast SEO Premium plugin. -->","yoast_head_json":{"title":"M57 P\u00e4ivitetty hybridi-turboturbon aihio - Black Smoke Ltd.","robots":{"index":"index","follow":"follow","max-snippet":"max-snippet:-1","max-image-preview":"max-image-preview:large","max-video-preview":"max-video-preview:-1"},"canonical":"https:\/\/www.blacksmokeracing.com\/fi\/product\/m57-updated-hybrid-turbo-billet\/","og_locale":"fi_FI","og_type":"article","og_title":"M57 Updated Hybrid Turbo Billet","og_description":"EASY SOLUTION! Refurbished and updated hybrid turbo from M57 engine. The turbo has an updated compressor and turbine wheels. Can produce about 370 hp. These turbos are manufactured from Garrett original turbocharger (GT2260V). Read more specific details and compatibility from description below!  Easy solution for more power Up to 370 hp Plug &amp; Play","og_url":"https:\/\/www.blacksmokeracing.com\/fi\/product\/m57-updated-hybrid-turbo-billet\/","og_site_name":"Black Smoke Ltd","article_publisher":"https:\/\/www.facebook.com\/blacksmokeracing","article_modified_time":"2026-03-03T08:59:37+00:00","og_image":[{"width":1710,"height":2560,"url":"https:\/\/www.blacksmokeracing.com\/wp-content\/uploads\/DSC09977-scaled.jpg","type":"image\/jpeg"}],"twitter_card":"summary_large_image","twitter_site":"@BlackSmokeMedia","twitter_misc":{"Arvioitu lukuaika":"2 minuuttia"},"schema":{"@context":"https:\/\/schema.org","@graph":[{"@type":["WebPage","ItemPage"],"@id":"https:\/\/www.blacksmokeracing.com\/product\/m57-updated-hybrid-turbo-billet\/","url":"https:\/\/www.blacksmokeracing.com\/product\/m57-updated-hybrid-turbo-billet\/","name":"M57 P\u00e4ivitetty hybridi-turboturbon aihio - Black Smoke Ltd.","isPartOf":{"@id":"https:\/\/www.blacksmokeracing.com\/#website"},"primaryImageOfPage":{"@id":"https:\/\/www.blacksmokeracing.com\/product\/m57-updated-hybrid-turbo-billet\/#primaryimage"},"image":{"@id":"https:\/\/www.blacksmokeracing.com\/product\/m57-updated-hybrid-turbo-billet\/#primaryimage"},"thumbnailUrl":"https:\/\/www.blacksmokeracing.com\/wp-content\/uploads\/DSC09977-scaled.jpg","datePublished":"2025-03-03T11:12:40+00:00","dateModified":"2026-03-03T08:59:37+00:00","breadcrumb":{"@id":"https:\/\/www.blacksmokeracing.com\/product\/m57-updated-hybrid-turbo-billet\/#breadcrumb"},"inLanguage":"fi","potentialAction":[{"@type":"ReadAction","target":["https:\/\/www.blacksmokeracing.com\/product\/m57-updated-hybrid-turbo-billet\/"]}]},{"@type":"ImageObject","inLanguage":"fi","@id":"https:\/\/www.blacksmokeracing.com\/product\/m57-updated-hybrid-turbo-billet\/#primaryimage","url":"https:\/\/www.blacksmokeracing.com\/wp-content\/uploads\/DSC09977-scaled.jpg","contentUrl":"https:\/\/www.blacksmokeracing.com\/wp-content\/uploads\/DSC09977-scaled.jpg","width":1710,"height":2560},{"@type":"BreadcrumbList","@id":"https:\/\/www.blacksmokeracing.com\/product\/m57-updated-hybrid-turbo-billet\/#breadcrumb","itemListElement":[{"@type":"ListItem","position":1,"name":"Home","item":"https:\/\/www.blacksmokeracing.com\/"},{"@type":"ListItem","position":2,"name":"Shop","item":"https:\/\/www.blacksmokeracing.com\/shop\/"},{"@type":"ListItem","position":3,"name":"M57 Updated Hybrid Turbo Billet"}]},{"@type":"WebSite","@id":"https:\/\/www.blacksmokeracing.com\/#website","url":"https:\/\/www.blacksmokeracing.com\/","name":"Black Smoke Oy","description":"Not the most successful drifting team","publisher":{"@id":"https:\/\/www.blacksmokeracing.com\/#organization"},"potentialAction":[{"@type":"SearchAction","target":{"@type":"EntryPoint","urlTemplate":"https:\/\/www.blacksmokeracing.com\/?s={search_term_string}"},"query-input":{"@type":"PropertyValueSpecification","valueRequired":true,"valueName":"search_term_string"}}],"inLanguage":"fi"},{"@type":"Organization","@id":"https:\/\/www.blacksmokeracing.com\/#organization","name":"Black Smoke Oy","url":"https:\/\/www.blacksmokeracing.com\/","logo":{"@type":"ImageObject","inLanguage":"fi","@id":"https:\/\/www.blacksmokeracing.com\/#\/schema\/logo\/image\/","url":"https:\/\/www.blacksmokeracing.com\/wp-content\/uploads\/2017\/11\/Black-Smoke-Logo.png","contentUrl":"https:\/\/www.blacksmokeracing.com\/wp-content\/uploads\/2017\/11\/Black-Smoke-Logo.png","width":319,"height":97,"caption":"Black Smoke Oy Ltd"},"image":{"@id":"https:\/\/www.blacksmokeracing.com\/#\/schema\/logo\/image\/"},"sameAs":["https:\/\/www.facebook.com\/blacksmokeracing","https:\/\/x.com\/BlackSmokeMedia"]}]}},"taxonomy_info":{"product_cat":[{"value":8905,"label":"BMW Turbo Upgrade"},{"value":8910,"label":"BMW Turbo Upgrade"},{"value":537,"label":"Turbochargers"},{"value":8744,"label":"Turbochargers"}],"pa_engine":[{"value":8899,"label":"om642"}],"product_brands":[{"value":8872,"label":"Garrett"}]},"featured_image_src_large":["https:\/\/www.blacksmokeracing.com\/wp-content\/uploads\/DSC09977-1170x1752.jpg",1170,1752,true],"author_info":[],"comment_info":0,"_links":{"self":[{"href":"https:\/\/www.blacksmokeracing.com\/fi\/wp-json\/wp\/v2\/product\/77223","targetHints":{"allow":["GET"]}}],"collection":[{"href":"https:\/\/www.blacksmokeracing.com\/fi\/wp-json\/wp\/v2\/product"}],"about":[{"href":"https:\/\/www.blacksmokeracing.com\/fi\/wp-json\/wp\/v2\/types\/product"}],"replies":[{"embeddable":true,"href":"https:\/\/www.blacksmokeracing.com\/fi\/wp-json\/wp\/v2\/comments?post=77223"}],"wp:featuredmedia":[{"embeddable":true,"href":"https:\/\/www.blacksmokeracing.com\/fi\/wp-json\/wp\/v2\/media\/77227"}],"wp:attachment":[{"href":"https:\/\/www.blacksmokeracing.com\/fi\/wp-json\/wp\/v2\/media?parent=77223"}],"wp:term":[{"taxonomy":"product_cat","embeddable":true,"href":"https:\/\/www.blacksmokeracing.com\/fi\/wp-json\/wp\/v2\/product_cat?post=77223"},{"taxonomy":"product_tag","embeddable":true,"href":"https:\/\/www.blacksmokeracing.com\/fi\/wp-json\/wp\/v2\/product_tag?post=77223"},{"taxonomy":"product_brands","embeddable":true,"href":"https:\/\/www.blacksmokeracing.com\/fi\/wp-json\/wp\/v2\/product_brands?post=77223"}],"curies":[{"name":"wp","href":"https:\/\/api.w.org\/{rel}","templated":true}]}}