{"id":74467,"date":"2024-11-05T13:59:10","date_gmt":"2024-11-05T11:59:10","guid":{"rendered":"https:\/\/www.blacksmokeracing.com\/?post_type=product&#038;p=74467"},"modified":"2026-04-27T13:54:38","modified_gmt":"2026-04-27T10:54:38","slug":"59-north-wheels-x-black-smoke-hoodie","status":"publish","type":"product","link":"https:\/\/www.blacksmokeracing.com\/fi\/product\/59-north-wheels-x-black-smoke-hoodie\/","title":{"rendered":"59 North Wheels X Black Smoke huppari"},"content":{"rendered":"<p>Pysy tyylikk\u00e4\u00e4n\u00e4 uusimman lis\u00e4yksemme kanssa: 2024 <strong>RAJOITETTU ER\u00c4<\/strong> 59 North Wheels X Black Smoke huppari. Se on varustettu upeilla grafiikoilla sek\u00e4 etu- ett\u00e4 takapuolella, ja se sopii t\u00e4ydellisesti kaikkiin rentoihin retkiin tai radanvarren tukemiseen. Hanki omasi ja edusta laadukkaan suorituskykyisten py\u00f6rien valmistuksen henke\u00e4 ja drifting-tiimi\u00e4mme tyylill\u00e4 ja laadulla.<\/p>\r\n\r\n\r\n\r\n<ul class=\"wp-block-list\">\r\n<li><strong>V\u00e4ri<\/strong>: Musta<\/li>\r\n\r\n\r\n\r\n<li><strong>Suunnittelu<\/strong>: Iso grafiikka takana ja pieni logo edess\u00e4.<\/li>\r\n\r\n\r\n\r\n<li class=\"translation-block\"><strong>Istuvuus<\/strong>:Mukava ja trendik\u00e4s<\/li>\r\n<\/ul>\r\n\r\n\r\n\r\n<p>\u00c4l\u00e4 missaa t\u00e4t\u00e4 must-have pala, se on <strong>RAJOITETTU ER\u00c4<\/strong>. Osta nyt!<\/p>","protected":false},"excerpt":{"rendered":"<p><strong>RAJOITETTU ER\u00c4<\/strong> 59 North Wheels X Black Smoke musta huppari, jossa on upeat grafiikat sek\u00e4 edess\u00e4 ett\u00e4 takana.<\/p>\n<p><span style=\"color: #ff0000;\"><strong>Ota yht\u00e4 kokoa suurempi, jotta se istuu mukavammin.<\/strong><\/span><\/p>\n<ul>\n<li>59 North Wheels X Black Smoke<\/li>\n<li>Upea grafiikka<\/li>\n<li>Tyylik\u00e4s musta<\/li>\n<\/ul>","protected":false},"featured_media":74478,"comment_status":"open","ping_status":"closed","template":"","meta":{"inline_featured_image":false,"_kad_blocks_custom_css":"","_kad_blocks_head_custom_js":"","_kad_blocks_body_custom_js":"","_kad_blocks_footer_custom_js":"","_kad_post_transparent":"default","_kad_post_title":"","_kad_post_layout":"default","_kad_post_sidebar_id":"","_kad_post_content_style":"default","_kad_post_vertical_padding":"default","_kad_post_feature":"","_kad_post_feature_position":"","_kad_post_header":false,"_kad_post_footer":false,"_kad_post_classname":"","cybocfi_hide_featured_image":""},"product_cat":[279,541],"product_tag":[],"product_brands":[8871],"class_list":{"0":"post-74467","1":"product","2":"type-product","3":"status-publish","4":"has-post-thumbnail","6":"product_cat-hoodies","7":"product_cat-merchandise","8":"product_brands-black-smoke","10":"first","11":"instock","12":"sale","13":"taxable","14":"shipping-taxable","15":"purchasable","16":"product-type-variable","17":"entry","18":"content-bg","19":"loop-entry"},"yoast_head":"<!-- This site is optimized with the Yoast SEO Premium plugin v27.5 (Yoast SEO v27.5) - https:\/\/yoast.com\/product\/yoast-seo-premium-wordpress\/ -->\n<title>59 North Wheels X Black Smoke Hoodie - Black Smoke Ltd<\/title>\n<meta name=\"robots\" content=\"index, follow, max-snippet:-1, max-image-preview:large, max-video-preview:-1\" \/>\n<link rel=\"canonical\" href=\"https:\/\/www.blacksmokeracing.com\/fi\/product\/59-north-wheels-x-black-smoke-hoodie\/\" \/>\n<meta property=\"og:locale\" content=\"fi_FI\" \/>\n<meta property=\"og:type\" content=\"article\" \/>\n<meta property=\"og:title\" content=\"59 North Wheels X Black Smoke Hoodie\" \/>\n<meta property=\"og:description\" content=\"LIMITED EDITION 59 North Wheels X Black Smoke black hoodie with stunning graphics on both the back and front. Take one size larger to make sure it fits you perfectly.  59 North Wheels X Black Smoke Stunning graphics Stylish black\" \/>\n<meta property=\"og:url\" content=\"https:\/\/www.blacksmokeracing.com\/fi\/product\/59-north-wheels-x-black-smoke-hoodie\/\" \/>\n<meta property=\"og:site_name\" content=\"Black Smoke Ltd\" \/>\n<meta property=\"article:publisher\" content=\"https:\/\/www.facebook.com\/blacksmokeracing\" \/>\n<meta property=\"article:modified_time\" content=\"2026-04-27T10:54:38+00:00\" \/>\n<meta property=\"og:image\" content=\"https:\/\/www.blacksmokeracing.com\/wp-content\/uploads\/blacksmoke_59_north_hoodie-5020.jpg\" \/>\n\t<meta property=\"og:image:width\" content=\"1667\" \/>\n\t<meta property=\"og:image:height\" content=\"2500\" \/>\n\t<meta property=\"og:image:type\" content=\"image\/jpeg\" \/>\n<meta name=\"twitter:card\" content=\"summary_large_image\" \/>\n<meta name=\"twitter:site\" content=\"@BlackSmokeMedia\" \/>\n<meta name=\"twitter:label1\" content=\"Arvioitu lukuaika\" \/>\n\t<meta name=\"twitter:data1\" content=\"1 minuutti\" \/>\n<script type=\"application\/ld+json\" class=\"yoast-schema-graph\">{\"@context\":\"https:\\\/\\\/schema.org\",\"@graph\":[{\"@type\":[\"WebPage\",\"ItemPage\"],\"@id\":\"https:\\\/\\\/www.blacksmokeracing.com\\\/product\\\/59-north-wheels-x-black-smoke-hoodie\\\/\",\"url\":\"https:\\\/\\\/www.blacksmokeracing.com\\\/product\\\/59-north-wheels-x-black-smoke-hoodie\\\/\",\"name\":\"59 North Wheels X Black Smoke Hoodie - Black Smoke Ltd\",\"isPartOf\":{\"@id\":\"https:\\\/\\\/www.blacksmokeracing.com\\\/#website\"},\"primaryImageOfPage\":{\"@id\":\"https:\\\/\\\/www.blacksmokeracing.com\\\/product\\\/59-north-wheels-x-black-smoke-hoodie\\\/#primaryimage\"},\"image\":{\"@id\":\"https:\\\/\\\/www.blacksmokeracing.com\\\/product\\\/59-north-wheels-x-black-smoke-hoodie\\\/#primaryimage\"},\"thumbnailUrl\":\"https:\\\/\\\/www.blacksmokeracing.com\\\/wp-content\\\/uploads\\\/blacksmoke_59_north_hoodie-5020.jpg\",\"datePublished\":\"2024-11-05T11:59:10+00:00\",\"dateModified\":\"2026-04-27T10:54:38+00:00\",\"breadcrumb\":{\"@id\":\"https:\\\/\\\/www.blacksmokeracing.com\\\/product\\\/59-north-wheels-x-black-smoke-hoodie\\\/#breadcrumb\"},\"inLanguage\":\"fi\",\"potentialAction\":[{\"@type\":\"ReadAction\",\"target\":[\"https:\\\/\\\/www.blacksmokeracing.com\\\/product\\\/59-north-wheels-x-black-smoke-hoodie\\\/\"]}]},{\"@type\":\"ImageObject\",\"inLanguage\":\"fi\",\"@id\":\"https:\\\/\\\/www.blacksmokeracing.com\\\/product\\\/59-north-wheels-x-black-smoke-hoodie\\\/#primaryimage\",\"url\":\"https:\\\/\\\/www.blacksmokeracing.com\\\/wp-content\\\/uploads\\\/blacksmoke_59_north_hoodie-5020.jpg\",\"contentUrl\":\"https:\\\/\\\/www.blacksmokeracing.com\\\/wp-content\\\/uploads\\\/blacksmoke_59_north_hoodie-5020.jpg\",\"width\":1667,\"height\":2500},{\"@type\":\"BreadcrumbList\",\"@id\":\"https:\\\/\\\/www.blacksmokeracing.com\\\/product\\\/59-north-wheels-x-black-smoke-hoodie\\\/#breadcrumb\",\"itemListElement\":[{\"@type\":\"ListItem\",\"position\":1,\"name\":\"Home\",\"item\":\"https:\\\/\\\/www.blacksmokeracing.com\\\/\"},{\"@type\":\"ListItem\",\"position\":2,\"name\":\"Shop\",\"item\":\"https:\\\/\\\/www.blacksmokeracing.com\\\/shop\\\/\"},{\"@type\":\"ListItem\",\"position\":3,\"name\":\"59 North Wheels X Black Smoke Hoodie\"}]},{\"@type\":\"WebSite\",\"@id\":\"https:\\\/\\\/www.blacksmokeracing.com\\\/#website\",\"url\":\"https:\\\/\\\/www.blacksmokeracing.com\\\/\",\"name\":\"Black Smoke Ltd\",\"description\":\"Not the most successful drifting team\",\"publisher\":{\"@id\":\"https:\\\/\\\/www.blacksmokeracing.com\\\/#organization\"},\"potentialAction\":[{\"@type\":\"SearchAction\",\"target\":{\"@type\":\"EntryPoint\",\"urlTemplate\":\"https:\\\/\\\/www.blacksmokeracing.com\\\/?s={search_term_string}\"},\"query-input\":{\"@type\":\"PropertyValueSpecification\",\"valueRequired\":true,\"valueName\":\"search_term_string\"}}],\"inLanguage\":\"fi\"},{\"@type\":\"Organization\",\"@id\":\"https:\\\/\\\/www.blacksmokeracing.com\\\/#organization\",\"name\":\"Black Smoke Oy Ltd\",\"url\":\"https:\\\/\\\/www.blacksmokeracing.com\\\/\",\"logo\":{\"@type\":\"ImageObject\",\"inLanguage\":\"fi\",\"@id\":\"https:\\\/\\\/www.blacksmokeracing.com\\\/#\\\/schema\\\/logo\\\/image\\\/\",\"url\":\"https:\\\/\\\/www.blacksmokeracing.com\\\/wp-content\\\/uploads\\\/2017\\\/11\\\/Black-Smoke-Logo.png\",\"contentUrl\":\"https:\\\/\\\/www.blacksmokeracing.com\\\/wp-content\\\/uploads\\\/2017\\\/11\\\/Black-Smoke-Logo.png\",\"width\":319,\"height\":97,\"caption\":\"Black Smoke Oy Ltd\"},\"image\":{\"@id\":\"https:\\\/\\\/www.blacksmokeracing.com\\\/#\\\/schema\\\/logo\\\/image\\\/\"},\"sameAs\":[\"https:\\\/\\\/www.facebook.com\\\/blacksmokeracing\",\"https:\\\/\\\/x.com\\\/BlackSmokeMedia\"]}]}<\/script>\n<!-- \/ Yoast SEO Premium plugin. -->","yoast_head_json":{"title":"59 North Wheels X Black Smoke huppari - Black Smoke Ltd.","robots":{"index":"index","follow":"follow","max-snippet":"max-snippet:-1","max-image-preview":"max-image-preview:large","max-video-preview":"max-video-preview:-1"},"canonical":"https:\/\/www.blacksmokeracing.com\/fi\/product\/59-north-wheels-x-black-smoke-hoodie\/","og_locale":"fi_FI","og_type":"article","og_title":"59 North Wheels X Black Smoke Hoodie","og_description":"LIMITED EDITION 59 North Wheels X Black Smoke black hoodie with stunning graphics on both the back and front. Take one size larger to make sure it fits you perfectly.  59 North Wheels X Black Smoke Stunning graphics Stylish black","og_url":"https:\/\/www.blacksmokeracing.com\/fi\/product\/59-north-wheels-x-black-smoke-hoodie\/","og_site_name":"Black Smoke Ltd","article_publisher":"https:\/\/www.facebook.com\/blacksmokeracing","article_modified_time":"2026-04-27T10:54:38+00:00","og_image":[{"width":1667,"height":2500,"url":"https:\/\/www.blacksmokeracing.com\/wp-content\/uploads\/blacksmoke_59_north_hoodie-5020.jpg","type":"image\/jpeg"}],"twitter_card":"summary_large_image","twitter_site":"@BlackSmokeMedia","twitter_misc":{"Arvioitu lukuaika":"1 minuutti"},"schema":{"@context":"https:\/\/schema.org","@graph":[{"@type":["WebPage","ItemPage"],"@id":"https:\/\/www.blacksmokeracing.com\/product\/59-north-wheels-x-black-smoke-hoodie\/","url":"https:\/\/www.blacksmokeracing.com\/product\/59-north-wheels-x-black-smoke-hoodie\/","name":"59 North Wheels X Black Smoke huppari - Black Smoke Ltd.","isPartOf":{"@id":"https:\/\/www.blacksmokeracing.com\/#website"},"primaryImageOfPage":{"@id":"https:\/\/www.blacksmokeracing.com\/product\/59-north-wheels-x-black-smoke-hoodie\/#primaryimage"},"image":{"@id":"https:\/\/www.blacksmokeracing.com\/product\/59-north-wheels-x-black-smoke-hoodie\/#primaryimage"},"thumbnailUrl":"https:\/\/www.blacksmokeracing.com\/wp-content\/uploads\/blacksmoke_59_north_hoodie-5020.jpg","datePublished":"2024-11-05T11:59:10+00:00","dateModified":"2026-04-27T10:54:38+00:00","breadcrumb":{"@id":"https:\/\/www.blacksmokeracing.com\/product\/59-north-wheels-x-black-smoke-hoodie\/#breadcrumb"},"inLanguage":"fi","potentialAction":[{"@type":"ReadAction","target":["https:\/\/www.blacksmokeracing.com\/product\/59-north-wheels-x-black-smoke-hoodie\/"]}]},{"@type":"ImageObject","inLanguage":"fi","@id":"https:\/\/www.blacksmokeracing.com\/product\/59-north-wheels-x-black-smoke-hoodie\/#primaryimage","url":"https:\/\/www.blacksmokeracing.com\/wp-content\/uploads\/blacksmoke_59_north_hoodie-5020.jpg","contentUrl":"https:\/\/www.blacksmokeracing.com\/wp-content\/uploads\/blacksmoke_59_north_hoodie-5020.jpg","width":1667,"height":2500},{"@type":"BreadcrumbList","@id":"https:\/\/www.blacksmokeracing.com\/product\/59-north-wheels-x-black-smoke-hoodie\/#breadcrumb","itemListElement":[{"@type":"ListItem","position":1,"name":"Home","item":"https:\/\/www.blacksmokeracing.com\/"},{"@type":"ListItem","position":2,"name":"Shop","item":"https:\/\/www.blacksmokeracing.com\/shop\/"},{"@type":"ListItem","position":3,"name":"59 North Wheels X Black Smoke Hoodie"}]},{"@type":"WebSite","@id":"https:\/\/www.blacksmokeracing.com\/#website","url":"https:\/\/www.blacksmokeracing.com\/","name":"Black Smoke Oy","description":"Not the most successful drifting team","publisher":{"@id":"https:\/\/www.blacksmokeracing.com\/#organization"},"potentialAction":[{"@type":"SearchAction","target":{"@type":"EntryPoint","urlTemplate":"https:\/\/www.blacksmokeracing.com\/?s={search_term_string}"},"query-input":{"@type":"PropertyValueSpecification","valueRequired":true,"valueName":"search_term_string"}}],"inLanguage":"fi"},{"@type":"Organization","@id":"https:\/\/www.blacksmokeracing.com\/#organization","name":"Black Smoke Oy","url":"https:\/\/www.blacksmokeracing.com\/","logo":{"@type":"ImageObject","inLanguage":"fi","@id":"https:\/\/www.blacksmokeracing.com\/#\/schema\/logo\/image\/","url":"https:\/\/www.blacksmokeracing.com\/wp-content\/uploads\/2017\/11\/Black-Smoke-Logo.png","contentUrl":"https:\/\/www.blacksmokeracing.com\/wp-content\/uploads\/2017\/11\/Black-Smoke-Logo.png","width":319,"height":97,"caption":"Black Smoke Oy Ltd"},"image":{"@id":"https:\/\/www.blacksmokeracing.com\/#\/schema\/logo\/image\/"},"sameAs":["https:\/\/www.facebook.com\/blacksmokeracing","https:\/\/x.com\/BlackSmokeMedia"]}]}},"taxonomy_info":{"product_cat":[{"value":279,"label":"Hoodies"},{"value":541,"label":"Merchandise"}],"product_brands":[{"value":8871,"label":"Black Smoke"}]},"featured_image_src_large":["https:\/\/www.blacksmokeracing.com\/wp-content\/uploads\/blacksmoke_59_north_hoodie-5020-1170x1755.jpg",1170,1755,true],"author_info":[],"comment_info":0,"_links":{"self":[{"href":"https:\/\/www.blacksmokeracing.com\/fi\/wp-json\/wp\/v2\/product\/74467","targetHints":{"allow":["GET"]}}],"collection":[{"href":"https:\/\/www.blacksmokeracing.com\/fi\/wp-json\/wp\/v2\/product"}],"about":[{"href":"https:\/\/www.blacksmokeracing.com\/fi\/wp-json\/wp\/v2\/types\/product"}],"replies":[{"embeddable":true,"href":"https:\/\/www.blacksmokeracing.com\/fi\/wp-json\/wp\/v2\/comments?post=74467"}],"wp:featuredmedia":[{"embeddable":true,"href":"https:\/\/www.blacksmokeracing.com\/fi\/wp-json\/wp\/v2\/media\/74478"}],"wp:attachment":[{"href":"https:\/\/www.blacksmokeracing.com\/fi\/wp-json\/wp\/v2\/media?parent=74467"}],"wp:term":[{"taxonomy":"product_cat","embeddable":true,"href":"https:\/\/www.blacksmokeracing.com\/fi\/wp-json\/wp\/v2\/product_cat?post=74467"},{"taxonomy":"product_tag","embeddable":true,"href":"https:\/\/www.blacksmokeracing.com\/fi\/wp-json\/wp\/v2\/product_tag?post=74467"},{"taxonomy":"product_brands","embeddable":true,"href":"https:\/\/www.blacksmokeracing.com\/fi\/wp-json\/wp\/v2\/product_brands?post=74467"}],"curies":[{"name":"wp","href":"https:\/\/api.w.org\/{rel}","templated":true}]}}