{"id":73929,"date":"2024-10-07T10:15:12","date_gmt":"2024-10-07T07:15:12","guid":{"rendered":"https:\/\/www.blacksmokeracing.com\/?post_type=product&#038;p=73929"},"modified":"2026-04-08T09:32:18","modified_gmt":"2026-04-08T06:32:18","slug":"mercedes-651-oem-diesel-injectors-a6510704987-a6510700587","status":"publish","type":"product","link":"https:\/\/www.blacksmokeracing.com\/fi\/product\/mercedes-651-oem-diesel-injectors-a6510704987-a6510700587\/","title":{"rendered":"Mercedes OM651 OEM Delphi diesel suutin - kunnostettu"},"content":{"rendered":"","protected":false},"excerpt":{"rendered":"<div class=\"\" data-block=\"true\" data-editor=\"4hnh2\" data-offset-key=\"eii0n-0-0\">\n<div data-offset-key=\"eii0n-0-0\">\n<p>Mercedes-Benz 651 OEM <strong>Delphi<\/strong> diesel suutin. T\u00e4m\u00e4 suutin on kunnostettu, huollettu ja testattu. Tarjoamme suuttimille toimintatakuun (30 p\u00e4iv\u00e4\u00e4 tilausp\u00e4iv\u00e4st\u00e4). On suositeltavaa vaihtaa kaikki suuttimet samanaikaisesti.<\/p>\n<p><strong>Tarkista yhteensopivuus OE \/ OEM numerolla!<\/strong><\/p>\n<p><strong>OE \/ OEM<\/strong>:<br \/>\nA6510700587 | A6510704987 | A6510702887 | A6510703087 | A6510703287 | A6510703287<\/p>\n<p>Sopii: MB Sprinter, C ja E class autot<\/p>\n<p><!-- \/wp:paragraph --><\/p>\n<p><!-- wp:paragraph --><\/p>\n<\/div>\n<\/div>\n<ul>\n<li>Jokainen suutin on testattu ja s\u00e4\u00e4detty<\/li>\n<li>Suuttimen ohjelmointikoodi mukana<\/li>\n<li>Delphi OM651 moottorille<\/li>\n<li>Sprinter, C ja E class<\/li>\n<\/ul>\n<p>Suuttimet huoltaa ja testaa meid\u00e4n alihankkijamme. Varastossa olevat suuttimet toimitetaan p\u00e4\u00e4s\u00e4\u00e4nt\u00f6isesti joka arkip\u00e4iv\u00e4. Mik\u00e4li suuttimet ovat <strong>j\u00e4lkitoimituksessa<\/strong>, on toimitusaika noin <strong>2-3 viikkoa<\/strong>.<\/p>\n<p>Suuttimet t\u00e4ytyy aina ohjelmoida mukana tulevalla ohjelmointikoodilla, joka l\u00f6ytyy suuttimen kyljess\u00e4 olevasta tarrasta.<\/p>\n<p>Jos l\u00e4het\u00e4t meille l\u00e4hetyksen, l\u00e4hetysohjeet l\u00f6ytyv\u00e4t t\u00e4\u00e4lt\u00e4:<br \/>\n<a href=\"https:\/\/www.blacksmokeracing.com\/fi\/shipping\/\" target=\"_blank\" rel=\"noopener\">https:\/\/www.blacksmokeracing.com\/fi\/shipping\/<\/a><\/p>\n<p>Maksamme vanhoista palautetuista suuttimista 20 \u20ac\/kpl (sis. veron) pantin. Maksamme pantin, kun olemme tarkistaneet vanhojen suuttimien kunnon. \u00c4l\u00e4 l\u00e4het\u00e4 meille vanhoja huoltokelvottomia suuttimia.<\/p>\n<p><!-- wp:paragraph --><\/p>\n<p>&nbsp;<\/p>","protected":false},"featured_media":74803,"comment_status":"open","ping_status":"closed","template":"","meta":{"inline_featured_image":false,"_kad_blocks_custom_css":"","_kad_blocks_head_custom_js":"","_kad_blocks_body_custom_js":"","_kad_blocks_footer_custom_js":"","_kad_post_transparent":"default","_kad_post_title":"","_kad_post_layout":"default","_kad_post_sidebar_id":"","_kad_post_content_style":"default","_kad_post_vertical_padding":"default","_kad_post_feature":"","_kad_post_feature_position":"","_kad_post_header":false,"_kad_post_footer":false,"_kad_post_classname":"","cybocfi_hide_featured_image":""},"product_cat":[586,8883,8902],"product_tag":[],"product_brands":[8877],"class_list":{"0":"post-73929","1":"product","2":"type-product","3":"status-publish","4":"has-post-thumbnail","6":"product_cat-fuel-system","7":"product_cat-injectors","8":"product_cat-reconditioned","9":"pa_engine-om651","10":"product_brands-oem-reconditioned","12":"first","13":"outofstock","14":"taxable","15":"shipping-taxable","16":"purchasable","17":"product-type-woosb","18":"entry","19":"content-bg","20":"loop-entry"},"yoast_head":"<!-- This site is optimized with the Yoast SEO Premium plugin v27.4 (Yoast SEO v27.4) - https:\/\/yoast.com\/product\/yoast-seo-premium-wordpress\/ -->\n<title>Mercedes OM651 OEM Delphi diesel injector - reconditioned - Black Smoke Ltd<\/title>\n<meta name=\"robots\" content=\"index, follow, max-snippet:-1, max-image-preview:large, max-video-preview:-1\" \/>\n<link rel=\"canonical\" href=\"https:\/\/www.blacksmokeracing.com\/fi\/product\/mercedes-651-oem-diesel-injectors-a6510704987-a6510700587\/\" \/>\n<meta property=\"og:locale\" content=\"fi_FI\" \/>\n<meta property=\"og:type\" content=\"article\" \/>\n<meta property=\"og:title\" content=\"Mercedes OM651 OEM Delphi diesel injector - reconditioned\" \/>\n<meta property=\"og:description\" content=\"Mercedes-Benz 651 OEM Delphi diesel injector. This injector is reconditioned that have been serviced and tested. We provide a functional warranty for the injectors (30 days from order day). It is recommended to replace all injectors at once.  Check compatibility with OE \/ OEM number!  OE \/ OEM: A6510700587 | A6510704987 | A6510702887 | A6510703087 | A6510703287  Fits: MB Sprinter, C and E class cars.          Every injector is individually tested and balanced  Injector programming code included  Delphi for OM651 engine  Sprinter, C and E class  The injectors are serviced and tested by our subcontractor. Injectors in stock are generally delivered every business day. If the injectors are on backorder, the delivery time is approximately 2\u20133 weeks.  The injectors must always be programmed using the programming code provided, which can be found on the sticker attached to the injector.  If you are sending us a shipment, shipping instructions can be found here: https:\/\/www.blacksmokeracing.com\/shipping\/  We refund a deposit of 20\u20ac per returned old injector (including tax). The deposit will be refunded once we have inspected the condition of the returned injectors. Do not send us old injectors that are beyond repair.    &nbsp;\" \/>\n<meta property=\"og:url\" content=\"https:\/\/www.blacksmokeracing.com\/fi\/product\/mercedes-651-oem-diesel-injectors-a6510704987-a6510700587\/\" \/>\n<meta property=\"og:site_name\" content=\"Black Smoke Ltd\" \/>\n<meta property=\"article:publisher\" content=\"https:\/\/www.facebook.com\/blacksmokeracing\" \/>\n<meta property=\"article:modified_time\" content=\"2026-04-08T06:32:18+00:00\" \/>\n<meta property=\"og:image\" content=\"https:\/\/www.blacksmokeracing.com\/wp-content\/uploads\/black_smoke_performance-8-scaled.jpg\" \/>\n\t<meta property=\"og:image:width\" content=\"1707\" \/>\n\t<meta property=\"og:image:height\" content=\"2560\" \/>\n\t<meta property=\"og:image:type\" content=\"image\/jpeg\" \/>\n<meta name=\"twitter:card\" content=\"summary_large_image\" \/>\n<meta name=\"twitter:site\" content=\"@BlackSmokeMedia\" \/>\n<meta name=\"twitter:label1\" content=\"Arvioitu lukuaika\" \/>\n\t<meta name=\"twitter:data1\" content=\"1 minuutti\" \/>\n<script type=\"application\/ld+json\" class=\"yoast-schema-graph\">{\"@context\":\"https:\\\/\\\/schema.org\",\"@graph\":[{\"@type\":[\"WebPage\",\"ItemPage\"],\"@id\":\"https:\\\/\\\/www.blacksmokeracing.com\\\/product\\\/mercedes-651-oem-diesel-injectors-a6510704987-a6510700587\\\/\",\"url\":\"https:\\\/\\\/www.blacksmokeracing.com\\\/product\\\/mercedes-651-oem-diesel-injectors-a6510704987-a6510700587\\\/\",\"name\":\"Mercedes OM651 OEM Delphi diesel injector - reconditioned - Black Smoke Ltd\",\"isPartOf\":{\"@id\":\"https:\\\/\\\/www.blacksmokeracing.com\\\/#website\"},\"primaryImageOfPage\":{\"@id\":\"https:\\\/\\\/www.blacksmokeracing.com\\\/product\\\/mercedes-651-oem-diesel-injectors-a6510704987-a6510700587\\\/#primaryimage\"},\"image\":{\"@id\":\"https:\\\/\\\/www.blacksmokeracing.com\\\/product\\\/mercedes-651-oem-diesel-injectors-a6510704987-a6510700587\\\/#primaryimage\"},\"thumbnailUrl\":\"https:\\\/\\\/www.blacksmokeracing.com\\\/wp-content\\\/uploads\\\/black_smoke_performance-8-scaled.jpg\",\"datePublished\":\"2024-10-07T07:15:12+00:00\",\"dateModified\":\"2026-04-08T06:32:18+00:00\",\"breadcrumb\":{\"@id\":\"https:\\\/\\\/www.blacksmokeracing.com\\\/product\\\/mercedes-651-oem-diesel-injectors-a6510704987-a6510700587\\\/#breadcrumb\"},\"inLanguage\":\"fi\",\"potentialAction\":[{\"@type\":\"ReadAction\",\"target\":[\"https:\\\/\\\/www.blacksmokeracing.com\\\/product\\\/mercedes-651-oem-diesel-injectors-a6510704987-a6510700587\\\/\"]}]},{\"@type\":\"ImageObject\",\"inLanguage\":\"fi\",\"@id\":\"https:\\\/\\\/www.blacksmokeracing.com\\\/product\\\/mercedes-651-oem-diesel-injectors-a6510704987-a6510700587\\\/#primaryimage\",\"url\":\"https:\\\/\\\/www.blacksmokeracing.com\\\/wp-content\\\/uploads\\\/black_smoke_performance-8-scaled.jpg\",\"contentUrl\":\"https:\\\/\\\/www.blacksmokeracing.com\\\/wp-content\\\/uploads\\\/black_smoke_performance-8-scaled.jpg\",\"width\":1707,\"height\":2560},{\"@type\":\"BreadcrumbList\",\"@id\":\"https:\\\/\\\/www.blacksmokeracing.com\\\/product\\\/mercedes-651-oem-diesel-injectors-a6510704987-a6510700587\\\/#breadcrumb\",\"itemListElement\":[{\"@type\":\"ListItem\",\"position\":1,\"name\":\"Home\",\"item\":\"https:\\\/\\\/www.blacksmokeracing.com\\\/\"},{\"@type\":\"ListItem\",\"position\":2,\"name\":\"Shop\",\"item\":\"https:\\\/\\\/www.blacksmokeracing.com\\\/shop\\\/\"},{\"@type\":\"ListItem\",\"position\":3,\"name\":\"Mercedes OM651 OEM Delphi diesel injector &#8211; reconditioned\"}]},{\"@type\":\"WebSite\",\"@id\":\"https:\\\/\\\/www.blacksmokeracing.com\\\/#website\",\"url\":\"https:\\\/\\\/www.blacksmokeracing.com\\\/\",\"name\":\"Black Smoke Ltd\",\"description\":\"Not the most successful drifting team\",\"publisher\":{\"@id\":\"https:\\\/\\\/www.blacksmokeracing.com\\\/#organization\"},\"potentialAction\":[{\"@type\":\"SearchAction\",\"target\":{\"@type\":\"EntryPoint\",\"urlTemplate\":\"https:\\\/\\\/www.blacksmokeracing.com\\\/?s={search_term_string}\"},\"query-input\":{\"@type\":\"PropertyValueSpecification\",\"valueRequired\":true,\"valueName\":\"search_term_string\"}}],\"inLanguage\":\"fi\"},{\"@type\":\"Organization\",\"@id\":\"https:\\\/\\\/www.blacksmokeracing.com\\\/#organization\",\"name\":\"Black Smoke Oy Ltd\",\"url\":\"https:\\\/\\\/www.blacksmokeracing.com\\\/\",\"logo\":{\"@type\":\"ImageObject\",\"inLanguage\":\"fi\",\"@id\":\"https:\\\/\\\/www.blacksmokeracing.com\\\/#\\\/schema\\\/logo\\\/image\\\/\",\"url\":\"https:\\\/\\\/www.blacksmokeracing.com\\\/wp-content\\\/uploads\\\/2017\\\/11\\\/Black-Smoke-Logo.png\",\"contentUrl\":\"https:\\\/\\\/www.blacksmokeracing.com\\\/wp-content\\\/uploads\\\/2017\\\/11\\\/Black-Smoke-Logo.png\",\"width\":319,\"height\":97,\"caption\":\"Black Smoke Oy Ltd\"},\"image\":{\"@id\":\"https:\\\/\\\/www.blacksmokeracing.com\\\/#\\\/schema\\\/logo\\\/image\\\/\"},\"sameAs\":[\"https:\\\/\\\/www.facebook.com\\\/blacksmokeracing\",\"https:\\\/\\\/x.com\\\/BlackSmokeMedia\"]}]}<\/script>\n<!-- \/ Yoast SEO Premium plugin. -->","yoast_head_json":{"title":"Mercedes OM651 OEM Delphi diesel suutin - kunnostettu - Black Smoke Ltd","robots":{"index":"index","follow":"follow","max-snippet":"max-snippet:-1","max-image-preview":"max-image-preview:large","max-video-preview":"max-video-preview:-1"},"canonical":"https:\/\/www.blacksmokeracing.com\/fi\/product\/mercedes-651-oem-diesel-injectors-a6510704987-a6510700587\/","og_locale":"fi_FI","og_type":"article","og_title":"Mercedes OM651 OEM Delphi diesel injector - reconditioned","og_description":"Mercedes-Benz 651 OEM Delphi diesel injector. This injector is reconditioned that have been serviced and tested. We provide a functional warranty for the injectors (30 days from order day). It is recommended to replace all injectors at once.  Check compatibility with OE \/ OEM number!  OE \/ OEM: A6510700587 | A6510704987 | A6510702887 | A6510703087 | A6510703287  Fits: MB Sprinter, C and E class cars.          Every injector is individually tested and balanced  Injector programming code included  Delphi for OM651 engine  Sprinter, C and E class  The injectors are serviced and tested by our subcontractor. Injectors in stock are generally delivered every business day. If the injectors are on backorder, the delivery time is approximately 2\u20133 weeks.  The injectors must always be programmed using the programming code provided, which can be found on the sticker attached to the injector.  If you are sending us a shipment, shipping instructions can be found here: https:\/\/www.blacksmokeracing.com\/shipping\/  We refund a deposit of 20\u20ac per returned old injector (including tax). The deposit will be refunded once we have inspected the condition of the returned injectors. Do not send us old injectors that are beyond repair.    &nbsp;","og_url":"https:\/\/www.blacksmokeracing.com\/fi\/product\/mercedes-651-oem-diesel-injectors-a6510704987-a6510700587\/","og_site_name":"Black Smoke Ltd","article_publisher":"https:\/\/www.facebook.com\/blacksmokeracing","article_modified_time":"2026-04-08T06:32:18+00:00","og_image":[{"width":1707,"height":2560,"url":"https:\/\/www.blacksmokeracing.com\/wp-content\/uploads\/black_smoke_performance-8-scaled.jpg","type":"image\/jpeg"}],"twitter_card":"summary_large_image","twitter_site":"@BlackSmokeMedia","twitter_misc":{"Arvioitu lukuaika":"1 minuutti"},"schema":{"@context":"https:\/\/schema.org","@graph":[{"@type":["WebPage","ItemPage"],"@id":"https:\/\/www.blacksmokeracing.com\/product\/mercedes-651-oem-diesel-injectors-a6510704987-a6510700587\/","url":"https:\/\/www.blacksmokeracing.com\/product\/mercedes-651-oem-diesel-injectors-a6510704987-a6510700587\/","name":"Mercedes OM651 OEM Delphi diesel suutin - kunnostettu - Black Smoke Ltd","isPartOf":{"@id":"https:\/\/www.blacksmokeracing.com\/#website"},"primaryImageOfPage":{"@id":"https:\/\/www.blacksmokeracing.com\/product\/mercedes-651-oem-diesel-injectors-a6510704987-a6510700587\/#primaryimage"},"image":{"@id":"https:\/\/www.blacksmokeracing.com\/product\/mercedes-651-oem-diesel-injectors-a6510704987-a6510700587\/#primaryimage"},"thumbnailUrl":"https:\/\/www.blacksmokeracing.com\/wp-content\/uploads\/black_smoke_performance-8-scaled.jpg","datePublished":"2024-10-07T07:15:12+00:00","dateModified":"2026-04-08T06:32:18+00:00","breadcrumb":{"@id":"https:\/\/www.blacksmokeracing.com\/product\/mercedes-651-oem-diesel-injectors-a6510704987-a6510700587\/#breadcrumb"},"inLanguage":"fi","potentialAction":[{"@type":"ReadAction","target":["https:\/\/www.blacksmokeracing.com\/product\/mercedes-651-oem-diesel-injectors-a6510704987-a6510700587\/"]}]},{"@type":"ImageObject","inLanguage":"fi","@id":"https:\/\/www.blacksmokeracing.com\/product\/mercedes-651-oem-diesel-injectors-a6510704987-a6510700587\/#primaryimage","url":"https:\/\/www.blacksmokeracing.com\/wp-content\/uploads\/black_smoke_performance-8-scaled.jpg","contentUrl":"https:\/\/www.blacksmokeracing.com\/wp-content\/uploads\/black_smoke_performance-8-scaled.jpg","width":1707,"height":2560},{"@type":"BreadcrumbList","@id":"https:\/\/www.blacksmokeracing.com\/product\/mercedes-651-oem-diesel-injectors-a6510704987-a6510700587\/#breadcrumb","itemListElement":[{"@type":"ListItem","position":1,"name":"Home","item":"https:\/\/www.blacksmokeracing.com\/"},{"@type":"ListItem","position":2,"name":"Shop","item":"https:\/\/www.blacksmokeracing.com\/shop\/"},{"@type":"ListItem","position":3,"name":"Mercedes OM651 OEM Delphi diesel injector &#8211; reconditioned"}]},{"@type":"WebSite","@id":"https:\/\/www.blacksmokeracing.com\/#website","url":"https:\/\/www.blacksmokeracing.com\/","name":"Black Smoke Oy","description":"Not the most successful drifting team","publisher":{"@id":"https:\/\/www.blacksmokeracing.com\/#organization"},"potentialAction":[{"@type":"SearchAction","target":{"@type":"EntryPoint","urlTemplate":"https:\/\/www.blacksmokeracing.com\/?s={search_term_string}"},"query-input":{"@type":"PropertyValueSpecification","valueRequired":true,"valueName":"search_term_string"}}],"inLanguage":"fi"},{"@type":"Organization","@id":"https:\/\/www.blacksmokeracing.com\/#organization","name":"Black Smoke Oy","url":"https:\/\/www.blacksmokeracing.com\/","logo":{"@type":"ImageObject","inLanguage":"fi","@id":"https:\/\/www.blacksmokeracing.com\/#\/schema\/logo\/image\/","url":"https:\/\/www.blacksmokeracing.com\/wp-content\/uploads\/2017\/11\/Black-Smoke-Logo.png","contentUrl":"https:\/\/www.blacksmokeracing.com\/wp-content\/uploads\/2017\/11\/Black-Smoke-Logo.png","width":319,"height":97,"caption":"Black Smoke Oy Ltd"},"image":{"@id":"https:\/\/www.blacksmokeracing.com\/#\/schema\/logo\/image\/"},"sameAs":["https:\/\/www.facebook.com\/blacksmokeracing","https:\/\/x.com\/BlackSmokeMedia"]}]}},"taxonomy_info":{"product_cat":[{"value":586,"label":"Fuel system"},{"value":8883,"label":"Injectors"},{"value":8902,"label":"Reconditioned"}],"pa_engine":[{"value":8884,"label":"om651"}],"product_brands":[{"value":8877,"label":"OEM Reconditioned"}]},"featured_image_src_large":["https:\/\/www.blacksmokeracing.com\/wp-content\/uploads\/black_smoke_performance-8-1170x1755.jpg",1170,1755,true],"author_info":[],"comment_info":2,"_links":{"self":[{"href":"https:\/\/www.blacksmokeracing.com\/fi\/wp-json\/wp\/v2\/product\/73929","targetHints":{"allow":["GET"]}}],"collection":[{"href":"https:\/\/www.blacksmokeracing.com\/fi\/wp-json\/wp\/v2\/product"}],"about":[{"href":"https:\/\/www.blacksmokeracing.com\/fi\/wp-json\/wp\/v2\/types\/product"}],"replies":[{"embeddable":true,"href":"https:\/\/www.blacksmokeracing.com\/fi\/wp-json\/wp\/v2\/comments?post=73929"}],"wp:featuredmedia":[{"embeddable":true,"href":"https:\/\/www.blacksmokeracing.com\/fi\/wp-json\/wp\/v2\/media\/74803"}],"wp:attachment":[{"href":"https:\/\/www.blacksmokeracing.com\/fi\/wp-json\/wp\/v2\/media?parent=73929"}],"wp:term":[{"taxonomy":"product_cat","embeddable":true,"href":"https:\/\/www.blacksmokeracing.com\/fi\/wp-json\/wp\/v2\/product_cat?post=73929"},{"taxonomy":"product_tag","embeddable":true,"href":"https:\/\/www.blacksmokeracing.com\/fi\/wp-json\/wp\/v2\/product_tag?post=73929"},{"taxonomy":"product_brands","embeddable":true,"href":"https:\/\/www.blacksmokeracing.com\/fi\/wp-json\/wp\/v2\/product_brands?post=73929"}],"curies":[{"name":"wp","href":"https:\/\/api.w.org\/{rel}","templated":true}]}}