{"id":70916,"date":"2024-05-16T14:56:52","date_gmt":"2024-05-16T11:56:52","guid":{"rendered":"https:\/\/www.blacksmokeracing.com\/?post_type=product&#038;p=70916"},"modified":"2026-05-05T11:01:34","modified_gmt":"2026-05-05T08:01:34","slug":"universal-oil-pressure-line","status":"publish","type":"product","link":"https:\/\/www.blacksmokeracing.com\/fi\/product\/universal-oil-pressure-line\/","title":{"rendered":"\u00d6ljynpaineletku yleismalli"},"content":{"rendered":"<p>On eritt\u00e4in t\u00e4rke\u00e4\u00e4, ett\u00e4 turboahdin\u00f6ljynpaineletku on oikean mittainen ja asennettu oikein oikeilla tiivisteill\u00e4 ja liittimill\u00e4. T\u00e4m\u00e4 letku on suunniteltu helppoon asennukseen meid\u00e4n <a href=\"https:\/\/www.blacksmokeracing.com\/fi\/product\/om648-om613-450hp-turbo-bundle\/\">ruostumattomasta ter\u00e4ksest\u00e4 valmistetun pakosarjan ja Holset HX35 turbon<\/a> kanssa. \u00d6ljynpaineletku mahdolisesti sopii my\u00f6s muihin toteutuksiin.<\/p>\n<h2>Tilaaminen ja asennus<\/h2>\n<p>Tilaa t\u00e4m\u00e4 tuote <a href=\"https:\/\/www.blacksmokeracing.com\/fi\/product\/holset-hx35-billet\/\">Holset HX35 MFS<\/a>, banjop\u00e4\u00e4 menee turboahtimeen ja toinen p\u00e4\u00e4 sopii vakio turboahtimen \u00f6ljylinjaan.<\/p>\n<ol>\n<li>Aloita asentamalla turbon puoli<\/li>\n<li>Tarkista oikea pituus ja katkaise vakio \u00f6ljylinja niin, ett\u00e4 uusi \u00f6ljylinja ulottuu riitt\u00e4v\u00e4n pitk\u00e4lle<\/li>\n<li>Laita mutteri ja tiiviste vakio \u00f6ljylinjaan<\/li>\n<li>Kierr\u00e4 mutteri uuteen \u00f6ljylinjaan ja \u00f6ljy\u00e4 liitin kevyesti<\/li>\n<li>Kirist\u00e4, kunnes tiivistys on riitt\u00e4v\u00e4<\/li>\n<\/ol>","protected":false},"excerpt":{"rendered":"<p>\u00d6ljynpaineletku banjopultilla ja kuparitiivisteill\u00e4, M12x1,5. Mercedes-ajoneuvoissa voit katkaista vakiometalliputken ja liitt\u00e4\u00e4 sen toiseen p\u00e4\u00e4h\u00e4n. T\u00e4ydellinen pakosarjamme ja Holset HX35 -turbon kanssa, mutta sopii my\u00f6s ratkaisuille.<\/p>\n<ul>\n<li>Todella helppo asennus<\/li>\n<li>Sis\u00e4lt\u00e4\u00e4 banjopultin ja tiivisteet<\/li>\n<\/ul>","protected":false},"featured_media":74816,"comment_status":"open","ping_status":"closed","template":"","meta":{"inline_featured_image":false,"_kad_blocks_custom_css":"","_kad_blocks_head_custom_js":"","_kad_blocks_body_custom_js":"","_kad_blocks_footer_custom_js":"","_kad_post_transparent":"default","_kad_post_title":"","_kad_post_layout":"default","_kad_post_sidebar_id":"","_kad_post_content_style":"default","_kad_post_vertical_padding":"default","_kad_post_feature":"","_kad_post_feature_position":"","_kad_post_header":false,"_kad_post_footer":false,"_kad_post_classname":"","cybocfi_hide_featured_image":""},"product_cat":[531],"product_tag":[],"product_brands":[8870],"class_list":{"0":"post-70916","1":"product","2":"type-product","3":"status-publish","4":"has-post-thumbnail","6":"product_cat-mercedes-turbodiesel-race-parts","7":"pa_engine-om611","8":"pa_engine-om612","9":"pa_engine-om613","10":"pa_engine-om646","11":"pa_engine-om647","12":"pa_engine-om648","13":"product_brands-black-smoke-performance","15":"first","16":"instock","17":"taxable","18":"shipping-taxable","19":"purchasable","20":"product-type-simple","21":"entry","22":"content-bg","23":"loop-entry"},"yoast_head":"<!-- This site is optimized with the Yoast SEO Premium plugin v27.5 (Yoast SEO v27.5) - https:\/\/yoast.com\/product\/yoast-seo-premium-wordpress\/ -->\n<title>Universal oil pressure line - Black Smoke Ltd<\/title>\n<meta name=\"robots\" content=\"index, follow, max-snippet:-1, max-image-preview:large, max-video-preview:-1\" \/>\n<link rel=\"canonical\" href=\"https:\/\/www.blacksmokeracing.com\/fi\/product\/universal-oil-pressure-line\/\" \/>\n<meta property=\"og:locale\" content=\"fi_FI\" \/>\n<meta property=\"og:type\" content=\"article\" \/>\n<meta property=\"og:title\" content=\"Universal oil pressure line\" \/>\n<meta property=\"og:description\" content=\"Oil pressure line with banjo bolt and copper washers, m12x1,5. On Mercedes you can cut the stock metal line and fit it to the other end. Perfect for our manifold with Holset HX35 application, fits other applications too.   Very easy mounting  Hardware included\" \/>\n<meta property=\"og:url\" content=\"https:\/\/www.blacksmokeracing.com\/fi\/product\/universal-oil-pressure-line\/\" \/>\n<meta property=\"og:site_name\" content=\"Black Smoke Ltd\" \/>\n<meta property=\"article:publisher\" content=\"https:\/\/www.facebook.com\/blacksmokeracing\" \/>\n<meta property=\"article:modified_time\" content=\"2026-05-05T08:01:34+00:00\" \/>\n<meta property=\"og:image\" content=\"https:\/\/www.blacksmokeracing.com\/wp-content\/uploads\/black_smoke_performance-72-scaled.jpg\" \/>\n\t<meta property=\"og:image:width\" content=\"2560\" \/>\n\t<meta property=\"og:image:height\" content=\"1707\" \/>\n\t<meta property=\"og:image:type\" content=\"image\/jpeg\" \/>\n<meta name=\"twitter:card\" content=\"summary_large_image\" \/>\n<meta name=\"twitter:site\" content=\"@BlackSmokeMedia\" \/>\n<meta name=\"twitter:label1\" content=\"Arvioitu lukuaika\" \/>\n\t<meta name=\"twitter:data1\" content=\"1 minuutti\" \/>\n<script type=\"application\/ld+json\" class=\"yoast-schema-graph\">{\"@context\":\"https:\\\/\\\/schema.org\",\"@graph\":[{\"@type\":[\"WebPage\",\"ItemPage\"],\"@id\":\"https:\\\/\\\/www.blacksmokeracing.com\\\/product\\\/universal-oil-pressure-line\\\/\",\"url\":\"https:\\\/\\\/www.blacksmokeracing.com\\\/product\\\/universal-oil-pressure-line\\\/\",\"name\":\"Universal oil pressure line - Black Smoke Ltd\",\"isPartOf\":{\"@id\":\"https:\\\/\\\/www.blacksmokeracing.com\\\/#website\"},\"primaryImageOfPage\":{\"@id\":\"https:\\\/\\\/www.blacksmokeracing.com\\\/product\\\/universal-oil-pressure-line\\\/#primaryimage\"},\"image\":{\"@id\":\"https:\\\/\\\/www.blacksmokeracing.com\\\/product\\\/universal-oil-pressure-line\\\/#primaryimage\"},\"thumbnailUrl\":\"https:\\\/\\\/www.blacksmokeracing.com\\\/wp-content\\\/uploads\\\/black_smoke_performance-72-scaled.jpg\",\"datePublished\":\"2024-05-16T11:56:52+00:00\",\"dateModified\":\"2026-05-05T08:01:34+00:00\",\"breadcrumb\":{\"@id\":\"https:\\\/\\\/www.blacksmokeracing.com\\\/product\\\/universal-oil-pressure-line\\\/#breadcrumb\"},\"inLanguage\":\"fi\",\"potentialAction\":[{\"@type\":\"ReadAction\",\"target\":[\"https:\\\/\\\/www.blacksmokeracing.com\\\/product\\\/universal-oil-pressure-line\\\/\"]}]},{\"@type\":\"ImageObject\",\"inLanguage\":\"fi\",\"@id\":\"https:\\\/\\\/www.blacksmokeracing.com\\\/product\\\/universal-oil-pressure-line\\\/#primaryimage\",\"url\":\"https:\\\/\\\/www.blacksmokeracing.com\\\/wp-content\\\/uploads\\\/black_smoke_performance-72-scaled.jpg\",\"contentUrl\":\"https:\\\/\\\/www.blacksmokeracing.com\\\/wp-content\\\/uploads\\\/black_smoke_performance-72-scaled.jpg\",\"width\":2560,\"height\":1707},{\"@type\":\"BreadcrumbList\",\"@id\":\"https:\\\/\\\/www.blacksmokeracing.com\\\/product\\\/universal-oil-pressure-line\\\/#breadcrumb\",\"itemListElement\":[{\"@type\":\"ListItem\",\"position\":1,\"name\":\"Home\",\"item\":\"https:\\\/\\\/www.blacksmokeracing.com\\\/\"},{\"@type\":\"ListItem\",\"position\":2,\"name\":\"Shop\",\"item\":\"https:\\\/\\\/www.blacksmokeracing.com\\\/shop\\\/\"},{\"@type\":\"ListItem\",\"position\":3,\"name\":\"Universal oil pressure line\"}]},{\"@type\":\"WebSite\",\"@id\":\"https:\\\/\\\/www.blacksmokeracing.com\\\/#website\",\"url\":\"https:\\\/\\\/www.blacksmokeracing.com\\\/\",\"name\":\"Black Smoke Ltd\",\"description\":\"Not the most successful drifting team\",\"publisher\":{\"@id\":\"https:\\\/\\\/www.blacksmokeracing.com\\\/#organization\"},\"potentialAction\":[{\"@type\":\"SearchAction\",\"target\":{\"@type\":\"EntryPoint\",\"urlTemplate\":\"https:\\\/\\\/www.blacksmokeracing.com\\\/?s={search_term_string}\"},\"query-input\":{\"@type\":\"PropertyValueSpecification\",\"valueRequired\":true,\"valueName\":\"search_term_string\"}}],\"inLanguage\":\"fi\"},{\"@type\":\"Organization\",\"@id\":\"https:\\\/\\\/www.blacksmokeracing.com\\\/#organization\",\"name\":\"Black Smoke Oy Ltd\",\"url\":\"https:\\\/\\\/www.blacksmokeracing.com\\\/\",\"logo\":{\"@type\":\"ImageObject\",\"inLanguage\":\"fi\",\"@id\":\"https:\\\/\\\/www.blacksmokeracing.com\\\/#\\\/schema\\\/logo\\\/image\\\/\",\"url\":\"https:\\\/\\\/www.blacksmokeracing.com\\\/wp-content\\\/uploads\\\/2017\\\/11\\\/Black-Smoke-Logo.png\",\"contentUrl\":\"https:\\\/\\\/www.blacksmokeracing.com\\\/wp-content\\\/uploads\\\/2017\\\/11\\\/Black-Smoke-Logo.png\",\"width\":319,\"height\":97,\"caption\":\"Black Smoke Oy Ltd\"},\"image\":{\"@id\":\"https:\\\/\\\/www.blacksmokeracing.com\\\/#\\\/schema\\\/logo\\\/image\\\/\"},\"sameAs\":[\"https:\\\/\\\/www.facebook.com\\\/blacksmokeracing\",\"https:\\\/\\\/x.com\\\/BlackSmokeMedia\"]}]}<\/script>\n<!-- \/ Yoast SEO Premium plugin. -->","yoast_head_json":{"title":"\u00d6ljynpaineletku yleismalli - Black Smoke Ltd","robots":{"index":"index","follow":"follow","max-snippet":"max-snippet:-1","max-image-preview":"max-image-preview:large","max-video-preview":"max-video-preview:-1"},"canonical":"https:\/\/www.blacksmokeracing.com\/fi\/product\/universal-oil-pressure-line\/","og_locale":"fi_FI","og_type":"article","og_title":"Universal oil pressure line","og_description":"Oil pressure line with banjo bolt and copper washers, m12x1,5. On Mercedes you can cut the stock metal line and fit it to the other end. Perfect for our manifold with Holset HX35 application, fits other applications too.   Very easy mounting  Hardware included","og_url":"https:\/\/www.blacksmokeracing.com\/fi\/product\/universal-oil-pressure-line\/","og_site_name":"Black Smoke Ltd","article_publisher":"https:\/\/www.facebook.com\/blacksmokeracing","article_modified_time":"2026-05-05T08:01:34+00:00","og_image":[{"width":2560,"height":1707,"url":"https:\/\/www.blacksmokeracing.com\/wp-content\/uploads\/black_smoke_performance-72-scaled.jpg","type":"image\/jpeg"}],"twitter_card":"summary_large_image","twitter_site":"@BlackSmokeMedia","twitter_misc":{"Arvioitu lukuaika":"1 minuutti"},"schema":{"@context":"https:\/\/schema.org","@graph":[{"@type":["WebPage","ItemPage"],"@id":"https:\/\/www.blacksmokeracing.com\/product\/universal-oil-pressure-line\/","url":"https:\/\/www.blacksmokeracing.com\/product\/universal-oil-pressure-line\/","name":"\u00d6ljynpaineletku yleismalli - Black Smoke Ltd","isPartOf":{"@id":"https:\/\/www.blacksmokeracing.com\/#website"},"primaryImageOfPage":{"@id":"https:\/\/www.blacksmokeracing.com\/product\/universal-oil-pressure-line\/#primaryimage"},"image":{"@id":"https:\/\/www.blacksmokeracing.com\/product\/universal-oil-pressure-line\/#primaryimage"},"thumbnailUrl":"https:\/\/www.blacksmokeracing.com\/wp-content\/uploads\/black_smoke_performance-72-scaled.jpg","datePublished":"2024-05-16T11:56:52+00:00","dateModified":"2026-05-05T08:01:34+00:00","breadcrumb":{"@id":"https:\/\/www.blacksmokeracing.com\/product\/universal-oil-pressure-line\/#breadcrumb"},"inLanguage":"fi","potentialAction":[{"@type":"ReadAction","target":["https:\/\/www.blacksmokeracing.com\/product\/universal-oil-pressure-line\/"]}]},{"@type":"ImageObject","inLanguage":"fi","@id":"https:\/\/www.blacksmokeracing.com\/product\/universal-oil-pressure-line\/#primaryimage","url":"https:\/\/www.blacksmokeracing.com\/wp-content\/uploads\/black_smoke_performance-72-scaled.jpg","contentUrl":"https:\/\/www.blacksmokeracing.com\/wp-content\/uploads\/black_smoke_performance-72-scaled.jpg","width":2560,"height":1707},{"@type":"BreadcrumbList","@id":"https:\/\/www.blacksmokeracing.com\/product\/universal-oil-pressure-line\/#breadcrumb","itemListElement":[{"@type":"ListItem","position":1,"name":"Home","item":"https:\/\/www.blacksmokeracing.com\/"},{"@type":"ListItem","position":2,"name":"Shop","item":"https:\/\/www.blacksmokeracing.com\/shop\/"},{"@type":"ListItem","position":3,"name":"Universal oil pressure line"}]},{"@type":"WebSite","@id":"https:\/\/www.blacksmokeracing.com\/#website","url":"https:\/\/www.blacksmokeracing.com\/","name":"Black Smoke Oy","description":"Not the most successful drifting team","publisher":{"@id":"https:\/\/www.blacksmokeracing.com\/#organization"},"potentialAction":[{"@type":"SearchAction","target":{"@type":"EntryPoint","urlTemplate":"https:\/\/www.blacksmokeracing.com\/?s={search_term_string}"},"query-input":{"@type":"PropertyValueSpecification","valueRequired":true,"valueName":"search_term_string"}}],"inLanguage":"fi"},{"@type":"Organization","@id":"https:\/\/www.blacksmokeracing.com\/#organization","name":"Black Smoke Oy","url":"https:\/\/www.blacksmokeracing.com\/","logo":{"@type":"ImageObject","inLanguage":"fi","@id":"https:\/\/www.blacksmokeracing.com\/#\/schema\/logo\/image\/","url":"https:\/\/www.blacksmokeracing.com\/wp-content\/uploads\/2017\/11\/Black-Smoke-Logo.png","contentUrl":"https:\/\/www.blacksmokeracing.com\/wp-content\/uploads\/2017\/11\/Black-Smoke-Logo.png","width":319,"height":97,"caption":"Black Smoke Oy Ltd"},"image":{"@id":"https:\/\/www.blacksmokeracing.com\/#\/schema\/logo\/image\/"},"sameAs":["https:\/\/www.facebook.com\/blacksmokeracing","https:\/\/x.com\/BlackSmokeMedia"]}]}},"taxonomy_info":{"product_cat":[{"value":531,"label":"Turbodiesel Race parts"}],"pa_engine":[{"value":8867,"label":"om611"},{"value":8868,"label":"om612"},{"value":8869,"label":"om613"},{"value":8681,"label":"om646"},{"value":8683,"label":"om647"},{"value":8685,"label":"om648"}],"product_brands":[{"value":8870,"label":"Black Smoke Performance"}]},"featured_image_src_large":["https:\/\/www.blacksmokeracing.com\/wp-content\/uploads\/black_smoke_performance-72-1170x780.jpg",1170,780,true],"author_info":[],"comment_info":0,"_links":{"self":[{"href":"https:\/\/www.blacksmokeracing.com\/fi\/wp-json\/wp\/v2\/product\/70916","targetHints":{"allow":["GET"]}}],"collection":[{"href":"https:\/\/www.blacksmokeracing.com\/fi\/wp-json\/wp\/v2\/product"}],"about":[{"href":"https:\/\/www.blacksmokeracing.com\/fi\/wp-json\/wp\/v2\/types\/product"}],"replies":[{"embeddable":true,"href":"https:\/\/www.blacksmokeracing.com\/fi\/wp-json\/wp\/v2\/comments?post=70916"}],"wp:featuredmedia":[{"embeddable":true,"href":"https:\/\/www.blacksmokeracing.com\/fi\/wp-json\/wp\/v2\/media\/74816"}],"wp:attachment":[{"href":"https:\/\/www.blacksmokeracing.com\/fi\/wp-json\/wp\/v2\/media?parent=70916"}],"wp:term":[{"taxonomy":"product_cat","embeddable":true,"href":"https:\/\/www.blacksmokeracing.com\/fi\/wp-json\/wp\/v2\/product_cat?post=70916"},{"taxonomy":"product_tag","embeddable":true,"href":"https:\/\/www.blacksmokeracing.com\/fi\/wp-json\/wp\/v2\/product_tag?post=70916"},{"taxonomy":"product_brands","embeddable":true,"href":"https:\/\/www.blacksmokeracing.com\/fi\/wp-json\/wp\/v2\/product_brands?post=70916"}],"curies":[{"name":"wp","href":"https:\/\/api.w.org\/{rel}","templated":true}]}}