{"id":68898,"date":"2024-03-05T10:51:47","date_gmt":"2024-03-05T08:51:47","guid":{"rendered":"https:\/\/www.blacksmokeracing.com\/?post_type=product&#038;p=68898"},"modified":"2026-03-09T08:52:04","modified_gmt":"2026-03-09T06:52:04","slug":"om648-performance-bundle","status":"publish","type":"product","link":"https:\/\/www.blacksmokeracing.com\/fi\/product\/om648-performance-bundle\/","title":{"rendered":"OM648 450HP Suorituskykypaketti"},"content":{"rendered":"<p>Olemme tehneet hyv\u00e4\u00e4 sis\u00e4lt\u00f6\u00e4 esittelem\u00e4\u00e4n, miten tuotteet toimivat. <a href=\"https:\/\/youtube.com\/@turbodieselbuilds\" target=\"_blank\" rel=\"noopener\">katso se<\/a>!<\/p>\r\n\r\n\r\n\r\n<p class=\"translation-block\"><strong>Hyvit\u00e4mme 40\u20ac\/suutin. Jos haluat l\u00e4hett\u00e4\u00e4 omat suuttimesi, l\u00e4het\u00e4 ne osoitteeseen Linnusperantie 9, 67600 Kokkola, Suomi. Huomioithan, ett\u00e4 EU\nulkopuolelta emme hyv\u00e4ksy tavallisia postipaketteja, ainoastaan kuriiril\u00e4hetyksi\u00e4, kuten DHL, FedEx, DPD jne.<\/strong><\/p>","protected":false},"excerpt":{"rendered":"<p>Paketti, joka sis\u00e4lt\u00e4\u00e4 tarvittavat osat 450 hv tai jopa suuremman tehon saavuttamiseen OM648-moottorilla. N\u00e4iden osien lis\u00e4ksi sinun tulee p\u00e4ivitt\u00e4\u00e4 v\u00e4lij\u00e4\u00e4hdytin alumiinip\u00e4isell\u00e4 mallilla. Paketti sis\u00e4lt\u00e4\u00e4 ohjelmiston, mutta ei asennusta. Ostaessasi varmista, ett\u00e4 tied\u00e4t, mist\u00e4 voit saada ECU:n uudelleenohjelmoinnin.<strong><br \/><\/strong><\/p>\n<p>Please note &#8211; this set does not include the om628 high pressure pump that is needed for this horsepower.<\/p>\n<ul>\n<li>Ruostumattomasta ter\u00e4ksest\u00e4 valmistettu pakosarja<\/li>\n<li>Billet Railpumpun sovitin<\/li>\n<li>HX35MFS Turbo<\/li>\n<li>\u00d6ljynpaineletku yleismalli<\/li>\n<li>STREET suuttimet<\/li>\n<li>Dynotestattu!<\/li>\n<\/ul>","protected":false},"featured_media":66489,"comment_status":"open","ping_status":"closed","template":"","meta":{"inline_featured_image":false,"_kad_blocks_custom_css":"","_kad_blocks_head_custom_js":"","_kad_blocks_body_custom_js":"","_kad_blocks_footer_custom_js":"","_kad_post_transparent":"default","_kad_post_title":"","_kad_post_layout":"default","_kad_post_sidebar_id":"","_kad_post_content_style":"default","_kad_post_vertical_padding":"default","_kad_post_feature":"","_kad_post_feature_position":"","_kad_post_header":false,"_kad_post_footer":false,"_kad_post_classname":"","cybocfi_hide_featured_image":""},"product_cat":[8840,588,8752,531],"product_tag":[],"product_brands":[8870],"class_list":{"0":"post-68898","1":"product","2":"type-product","3":"status-publish","4":"has-post-thumbnail","6":"product_cat-diesel-power-bundles","7":"product_cat-engine","8":"product_cat-mercedes-turbo-upgrade-mercedes-turbodiesel-race-parts","9":"product_cat-mercedes-turbodiesel-race-parts","10":"product_brands-black-smoke-performance","12":"first","13":"outofstock","14":"taxable","15":"shipping-taxable","16":"purchasable","17":"product-type-woosb","18":"entry","19":"content-bg","20":"loop-entry"},"yoast_head":"<!-- This site is optimized with the Yoast SEO Premium plugin v27.5 (Yoast SEO v27.5) - https:\/\/yoast.com\/product\/yoast-seo-premium-wordpress\/ -->\n<title>OM648 450HP Performance Bundle - Black Smoke Ltd<\/title>\n<meta name=\"robots\" content=\"index, follow, max-snippet:-1, max-image-preview:large, max-video-preview:-1\" \/>\n<link rel=\"canonical\" href=\"https:\/\/www.blacksmokeracing.com\/fi\/product\/om648-performance-bundle\/\" \/>\n<meta property=\"og:locale\" content=\"fi_FI\" \/>\n<meta property=\"og:type\" content=\"article\" \/>\n<meta property=\"og:title\" content=\"OM648 450HP Performance Bundle\" \/>\n<meta property=\"og:description\" content=\"Bundle which includes necessary parts for reaching 450hp or even more on a om648. Other than these parts you also need to upgrade your intercooler to one with aluminium end tanks. Bundle includes software, but not installation. When buying, please make sure you know where you can get your ECU flashed. Please note - this set does not include the om628 high pressure pump that is needed for this horsepower.  Stainless steel exhaust manifold Rail pump coupling HX35MFS Turbo Universal oil pressure line STREET injectors Dyno tested setup\" \/>\n<meta property=\"og:url\" content=\"https:\/\/www.blacksmokeracing.com\/fi\/product\/om648-performance-bundle\/\" \/>\n<meta property=\"og:site_name\" content=\"Black Smoke Ltd\" \/>\n<meta property=\"article:publisher\" content=\"https:\/\/www.facebook.com\/blacksmokeracing\" \/>\n<meta property=\"article:modified_time\" content=\"2026-03-09T06:52:04+00:00\" \/>\n<meta property=\"og:image\" content=\"https:\/\/www.blacksmokeracing.com\/wp-content\/uploads\/dummykuva.jpg\" \/>\n\t<meta property=\"og:image:width\" content=\"600\" \/>\n\t<meta property=\"og:image:height\" content=\"600\" \/>\n\t<meta property=\"og:image:type\" content=\"image\/jpeg\" \/>\n<meta name=\"twitter:card\" content=\"summary_large_image\" \/>\n<meta name=\"twitter:site\" content=\"@BlackSmokeMedia\" \/>\n<meta name=\"twitter:label1\" content=\"Arvioitu lukuaika\" \/>\n\t<meta name=\"twitter:data1\" content=\"1 minuutti\" \/>\n<script type=\"application\/ld+json\" class=\"yoast-schema-graph\">{\"@context\":\"https:\\\/\\\/schema.org\",\"@graph\":[{\"@type\":[\"WebPage\",\"ItemPage\"],\"@id\":\"https:\\\/\\\/www.blacksmokeracing.com\\\/product\\\/om648-performance-bundle\\\/\",\"url\":\"https:\\\/\\\/www.blacksmokeracing.com\\\/product\\\/om648-performance-bundle\\\/\",\"name\":\"OM648 450HP Performance Bundle - Black Smoke Ltd\",\"isPartOf\":{\"@id\":\"https:\\\/\\\/www.blacksmokeracing.com\\\/#website\"},\"primaryImageOfPage\":{\"@id\":\"https:\\\/\\\/www.blacksmokeracing.com\\\/product\\\/om648-performance-bundle\\\/#primaryimage\"},\"image\":{\"@id\":\"https:\\\/\\\/www.blacksmokeracing.com\\\/product\\\/om648-performance-bundle\\\/#primaryimage\"},\"thumbnailUrl\":\"https:\\\/\\\/www.blacksmokeracing.com\\\/wp-content\\\/uploads\\\/dummykuva.jpg\",\"datePublished\":\"2024-03-05T08:51:47+00:00\",\"dateModified\":\"2026-03-09T06:52:04+00:00\",\"breadcrumb\":{\"@id\":\"https:\\\/\\\/www.blacksmokeracing.com\\\/product\\\/om648-performance-bundle\\\/#breadcrumb\"},\"inLanguage\":\"fi\",\"potentialAction\":[{\"@type\":\"ReadAction\",\"target\":[\"https:\\\/\\\/www.blacksmokeracing.com\\\/product\\\/om648-performance-bundle\\\/\"]}]},{\"@type\":\"ImageObject\",\"inLanguage\":\"fi\",\"@id\":\"https:\\\/\\\/www.blacksmokeracing.com\\\/product\\\/om648-performance-bundle\\\/#primaryimage\",\"url\":\"https:\\\/\\\/www.blacksmokeracing.com\\\/wp-content\\\/uploads\\\/dummykuva.jpg\",\"contentUrl\":\"https:\\\/\\\/www.blacksmokeracing.com\\\/wp-content\\\/uploads\\\/dummykuva.jpg\",\"width\":600,\"height\":600},{\"@type\":\"BreadcrumbList\",\"@id\":\"https:\\\/\\\/www.blacksmokeracing.com\\\/product\\\/om648-performance-bundle\\\/#breadcrumb\",\"itemListElement\":[{\"@type\":\"ListItem\",\"position\":1,\"name\":\"Home\",\"item\":\"https:\\\/\\\/www.blacksmokeracing.com\\\/\"},{\"@type\":\"ListItem\",\"position\":2,\"name\":\"Shop\",\"item\":\"https:\\\/\\\/www.blacksmokeracing.com\\\/shop\\\/\"},{\"@type\":\"ListItem\",\"position\":3,\"name\":\"OM648 450HP Performance Bundle\"}]},{\"@type\":\"WebSite\",\"@id\":\"https:\\\/\\\/www.blacksmokeracing.com\\\/#website\",\"url\":\"https:\\\/\\\/www.blacksmokeracing.com\\\/\",\"name\":\"Black Smoke Ltd\",\"description\":\"Not the most successful drifting team\",\"publisher\":{\"@id\":\"https:\\\/\\\/www.blacksmokeracing.com\\\/#organization\"},\"potentialAction\":[{\"@type\":\"SearchAction\",\"target\":{\"@type\":\"EntryPoint\",\"urlTemplate\":\"https:\\\/\\\/www.blacksmokeracing.com\\\/?s={search_term_string}\"},\"query-input\":{\"@type\":\"PropertyValueSpecification\",\"valueRequired\":true,\"valueName\":\"search_term_string\"}}],\"inLanguage\":\"fi\"},{\"@type\":\"Organization\",\"@id\":\"https:\\\/\\\/www.blacksmokeracing.com\\\/#organization\",\"name\":\"Black Smoke Oy Ltd\",\"url\":\"https:\\\/\\\/www.blacksmokeracing.com\\\/\",\"logo\":{\"@type\":\"ImageObject\",\"inLanguage\":\"fi\",\"@id\":\"https:\\\/\\\/www.blacksmokeracing.com\\\/#\\\/schema\\\/logo\\\/image\\\/\",\"url\":\"https:\\\/\\\/www.blacksmokeracing.com\\\/wp-content\\\/uploads\\\/2017\\\/11\\\/Black-Smoke-Logo.png\",\"contentUrl\":\"https:\\\/\\\/www.blacksmokeracing.com\\\/wp-content\\\/uploads\\\/2017\\\/11\\\/Black-Smoke-Logo.png\",\"width\":319,\"height\":97,\"caption\":\"Black Smoke Oy Ltd\"},\"image\":{\"@id\":\"https:\\\/\\\/www.blacksmokeracing.com\\\/#\\\/schema\\\/logo\\\/image\\\/\"},\"sameAs\":[\"https:\\\/\\\/www.facebook.com\\\/blacksmokeracing\",\"https:\\\/\\\/x.com\\\/BlackSmokeMedia\"]}]}<\/script>\n<!-- \/ Yoast SEO Premium plugin. -->","yoast_head_json":{"title":"OM648 450HP Performance Paketti - Black Smoke Ltd","robots":{"index":"index","follow":"follow","max-snippet":"max-snippet:-1","max-image-preview":"max-image-preview:large","max-video-preview":"max-video-preview:-1"},"canonical":"https:\/\/www.blacksmokeracing.com\/fi\/product\/om648-performance-bundle\/","og_locale":"fi_FI","og_type":"article","og_title":"OM648 450HP Performance Bundle","og_description":"Bundle which includes necessary parts for reaching 450hp or even more on a om648. Other than these parts you also need to upgrade your intercooler to one with aluminium end tanks. Bundle includes software, but not installation. When buying, please make sure you know where you can get your ECU flashed. Please note - this set does not include the om628 high pressure pump that is needed for this horsepower.  Stainless steel exhaust manifold Rail pump coupling HX35MFS Turbo Universal oil pressure line STREET injectors Dyno tested setup","og_url":"https:\/\/www.blacksmokeracing.com\/fi\/product\/om648-performance-bundle\/","og_site_name":"Black Smoke Ltd","article_publisher":"https:\/\/www.facebook.com\/blacksmokeracing","article_modified_time":"2026-03-09T06:52:04+00:00","og_image":[{"width":600,"height":600,"url":"https:\/\/www.blacksmokeracing.com\/wp-content\/uploads\/dummykuva.jpg","type":"image\/jpeg"}],"twitter_card":"summary_large_image","twitter_site":"@BlackSmokeMedia","twitter_misc":{"Arvioitu lukuaika":"1 minuutti"},"schema":{"@context":"https:\/\/schema.org","@graph":[{"@type":["WebPage","ItemPage"],"@id":"https:\/\/www.blacksmokeracing.com\/product\/om648-performance-bundle\/","url":"https:\/\/www.blacksmokeracing.com\/product\/om648-performance-bundle\/","name":"OM648 450HP Performance Paketti - Black Smoke Ltd","isPartOf":{"@id":"https:\/\/www.blacksmokeracing.com\/#website"},"primaryImageOfPage":{"@id":"https:\/\/www.blacksmokeracing.com\/product\/om648-performance-bundle\/#primaryimage"},"image":{"@id":"https:\/\/www.blacksmokeracing.com\/product\/om648-performance-bundle\/#primaryimage"},"thumbnailUrl":"https:\/\/www.blacksmokeracing.com\/wp-content\/uploads\/dummykuva.jpg","datePublished":"2024-03-05T08:51:47+00:00","dateModified":"2026-03-09T06:52:04+00:00","breadcrumb":{"@id":"https:\/\/www.blacksmokeracing.com\/product\/om648-performance-bundle\/#breadcrumb"},"inLanguage":"fi","potentialAction":[{"@type":"ReadAction","target":["https:\/\/www.blacksmokeracing.com\/product\/om648-performance-bundle\/"]}]},{"@type":"ImageObject","inLanguage":"fi","@id":"https:\/\/www.blacksmokeracing.com\/product\/om648-performance-bundle\/#primaryimage","url":"https:\/\/www.blacksmokeracing.com\/wp-content\/uploads\/dummykuva.jpg","contentUrl":"https:\/\/www.blacksmokeracing.com\/wp-content\/uploads\/dummykuva.jpg","width":600,"height":600},{"@type":"BreadcrumbList","@id":"https:\/\/www.blacksmokeracing.com\/product\/om648-performance-bundle\/#breadcrumb","itemListElement":[{"@type":"ListItem","position":1,"name":"Home","item":"https:\/\/www.blacksmokeracing.com\/"},{"@type":"ListItem","position":2,"name":"Shop","item":"https:\/\/www.blacksmokeracing.com\/shop\/"},{"@type":"ListItem","position":3,"name":"OM648 450HP Performance Bundle"}]},{"@type":"WebSite","@id":"https:\/\/www.blacksmokeracing.com\/#website","url":"https:\/\/www.blacksmokeracing.com\/","name":"Black Smoke Oy","description":"Not the most successful drifting team","publisher":{"@id":"https:\/\/www.blacksmokeracing.com\/#organization"},"potentialAction":[{"@type":"SearchAction","target":{"@type":"EntryPoint","urlTemplate":"https:\/\/www.blacksmokeracing.com\/?s={search_term_string}"},"query-input":{"@type":"PropertyValueSpecification","valueRequired":true,"valueName":"search_term_string"}}],"inLanguage":"fi"},{"@type":"Organization","@id":"https:\/\/www.blacksmokeracing.com\/#organization","name":"Black Smoke Oy","url":"https:\/\/www.blacksmokeracing.com\/","logo":{"@type":"ImageObject","inLanguage":"fi","@id":"https:\/\/www.blacksmokeracing.com\/#\/schema\/logo\/image\/","url":"https:\/\/www.blacksmokeracing.com\/wp-content\/uploads\/2017\/11\/Black-Smoke-Logo.png","contentUrl":"https:\/\/www.blacksmokeracing.com\/wp-content\/uploads\/2017\/11\/Black-Smoke-Logo.png","width":319,"height":97,"caption":"Black Smoke Oy Ltd"},"image":{"@id":"https:\/\/www.blacksmokeracing.com\/#\/schema\/logo\/image\/"},"sameAs":["https:\/\/www.facebook.com\/blacksmokeracing","https:\/\/x.com\/BlackSmokeMedia"]}]}},"taxonomy_info":{"product_cat":[{"value":8840,"label":"Diesel Power Bundles"},{"value":588,"label":"Engine"},{"value":8752,"label":"Mercedes Turbo Upgrade"},{"value":531,"label":"Turbodiesel Race parts"}],"product_brands":[{"value":8870,"label":"Black Smoke Performance"}]},"featured_image_src_large":["https:\/\/www.blacksmokeracing.com\/wp-content\/uploads\/dummykuva.jpg",600,600,false],"author_info":[],"comment_info":0,"_links":{"self":[{"href":"https:\/\/www.blacksmokeracing.com\/fi\/wp-json\/wp\/v2\/product\/68898","targetHints":{"allow":["GET"]}}],"collection":[{"href":"https:\/\/www.blacksmokeracing.com\/fi\/wp-json\/wp\/v2\/product"}],"about":[{"href":"https:\/\/www.blacksmokeracing.com\/fi\/wp-json\/wp\/v2\/types\/product"}],"replies":[{"embeddable":true,"href":"https:\/\/www.blacksmokeracing.com\/fi\/wp-json\/wp\/v2\/comments?post=68898"}],"wp:featuredmedia":[{"embeddable":true,"href":"https:\/\/www.blacksmokeracing.com\/fi\/wp-json\/wp\/v2\/media\/66489"}],"wp:attachment":[{"href":"https:\/\/www.blacksmokeracing.com\/fi\/wp-json\/wp\/v2\/media?parent=68898"}],"wp:term":[{"taxonomy":"product_cat","embeddable":true,"href":"https:\/\/www.blacksmokeracing.com\/fi\/wp-json\/wp\/v2\/product_cat?post=68898"},{"taxonomy":"product_tag","embeddable":true,"href":"https:\/\/www.blacksmokeracing.com\/fi\/wp-json\/wp\/v2\/product_tag?post=68898"},{"taxonomy":"product_brands","embeddable":true,"href":"https:\/\/www.blacksmokeracing.com\/fi\/wp-json\/wp\/v2\/product_brands?post=68898"}],"curies":[{"name":"wp","href":"https:\/\/api.w.org\/{rel}","templated":true}]}}