{"id":67298,"date":"2024-01-28T11:34:21","date_gmt":"2024-01-28T09:34:21","guid":{"rendered":"https:\/\/www.blacksmokeracing.com\/?post_type=product&#038;p=67298"},"modified":"2026-03-03T10:39:04","modified_gmt":"2026-03-03T08:39:04","slug":"om648-om613-450hp-turbo-bundle","status":"publish","type":"product","link":"https:\/\/www.blacksmokeracing.com\/fi\/product\/om648-om613-450hp-turbo-bundle\/","title":{"rendered":"OM648\/OM613 450hp Turbo Paketti"},"content":{"rendered":"<p>T\u00e4m\u00e4 paketti sis\u00e4lt\u00e4\u00e4 vain turboahtimen ja pakosarjan, tiivisteet ja <a href=\"https:\/\/www.blacksmokeracing.com\/fi\/product\/universal-oil-pressure-line\/\">\u00f6ljynpaineletku<\/a> ostetaan erikseen.<\/p>\n<h2>Tilaaminen ja asennus<\/h2>\n<p>Tilaa t\u00e4m\u00e4 tuote <a href=\"https:\/\/www.blacksmokeracing.com\/fi\/product\/universal-oil-pressure-line\/\">\u00f6ljynpaineletku<\/a> jotta asennus olisi helpompaa, banjop\u00e4\u00e4 menee turboahtimeen ja toinen p\u00e4\u00e4 sopii vakio turboahtimen \u00f6ljylinjaan.<\/p>\n<ul>\n<li>\u00d6ljynsy\u00f6tt\u00f6linja on t\u00e4rkein saada oikein \u2013 ilman sit\u00e4 rikot uuden turboahtimesi<\/li>\n<li>K\u00e4yt\u00e4 pakosarjaa vakio pakosarjan tiivisteen kanssa<\/li>\n<li>T\u00e4h\u00e4n pakosarjaan olemme lis\u00e4nneet pulttikiinnityksen sylinteri 1 kohdalle. K\u00e4yt\u00e4 t\u00e4t\u00e4 saadaksesi paras tiivistys ilman vuotoja<\/li>\n<li>K\u00e4yt\u00e4 meid\u00e4n <a href=\"https:\/\/www.blacksmokeracing.com\/fi\/product\/intake-silicone-hose\/\">silikoniletkua<\/a> jotta vakio ilmansuodatinkotelo sopii helposti<\/li>\n<li>T\u00e4m\u00e4 paketti ei sovi vakio v\u00e4lij\u00e4\u00e4hdyttimen kiinnityksiin<\/li>\n<li>Jotta t\u00e4t\u00e4 pakettia voidaan hy\u00f6dynt\u00e4\u00e4 t\u00e4ysin, auto t\u00e4ytyy ohjelmoida uudelleen. Tarvitset my\u00f6s <a href=\"https:\/\/www.blacksmokeracing.com\/fi\/product\/4bar-map-sensor\/\">4 bar map-anturin<\/a><\/li>\n<\/ul>\n<p>Jos sinulla on kysytt\u00e4v\u00e4\u00e4, \u00e4l\u00e4 ep\u00e4r\u00f6i ottaa meihin yhteytt\u00e4 \u2013 vastaamme s\u00e4hk\u00f6posteihin nopeasti.<\/p>","protected":false},"excerpt":{"rendered":"<p>T\u00e4ydellinen p\u00e4ivitys hybriditurbon tilalle. T\u00e4m\u00e4 vaatii hieman enemm\u00e4n ty\u00f6t\u00e4, sill\u00e4 sinun on sovitettava itse pakoputki ja ahtoputket.<\/p>\n<ul>\n<li>OM648\/OM613<\/li>\n<li>Ruostumattomasta ter\u00e4ksest\u00e4 valmistettu pakosarja<\/li>\n<li>HX35MFS Billet turbo<\/li>\n<li>Kompressori: 58mm<\/li>\n<li>Turbiini: 60mm<\/li>\n<\/ul>\n<p><strong>NIPPU<\/strong><\/p>","protected":false},"featured_media":67229,"comment_status":"open","ping_status":"closed","template":"","meta":{"inline_featured_image":false,"_kad_blocks_custom_css":"","_kad_blocks_head_custom_js":"","_kad_blocks_body_custom_js":"","_kad_blocks_footer_custom_js":"","_kad_post_transparent":"default","_kad_post_title":"","_kad_post_layout":"default","_kad_post_sidebar_id":"","_kad_post_content_style":"default","_kad_post_vertical_padding":"default","_kad_post_feature":"","_kad_post_feature_position":"","_kad_post_header":false,"_kad_post_footer":false,"_kad_post_classname":"","cybocfi_hide_featured_image":""},"product_cat":[8840,588,8752,531],"product_tag":[],"product_brands":[8870],"class_list":{"0":"post-67298","1":"product","2":"type-product","3":"status-publish","4":"has-post-thumbnail","6":"product_cat-diesel-power-bundles","7":"product_cat-engine","8":"product_cat-mercedes-turbo-upgrade-mercedes-turbodiesel-race-parts","9":"product_cat-mercedes-turbodiesel-race-parts","10":"pa_engine-om613","11":"pa_engine-om648","12":"product_brands-black-smoke-performance","14":"first","15":"instock","16":"taxable","17":"shipping-taxable","18":"purchasable","19":"product-type-woosb","20":"entry","21":"content-bg","22":"loop-entry"},"yoast_head":"<!-- This site is optimized with the Yoast SEO Premium plugin v27.3 (Yoast SEO v27.3) - https:\/\/yoast.com\/product\/yoast-seo-premium-wordpress\/ -->\n<title>OM648\/OM613 450hp Turbo Bundle - Black Smoke Ltd<\/title>\n<meta name=\"robots\" content=\"index, follow, max-snippet:-1, max-image-preview:large, max-video-preview:-1\" \/>\n<link rel=\"canonical\" href=\"https:\/\/www.blacksmokeracing.com\/fi\/product\/om648-om613-450hp-turbo-bundle\/\" \/>\n<meta property=\"og:locale\" content=\"fi_FI\" \/>\n<meta property=\"og:type\" content=\"article\" \/>\n<meta property=\"og:title\" content=\"OM648\/OM613 450hp Turbo Bundle\" \/>\n<meta property=\"og:description\" content=\"The perfect upgrade from the hybrid turbo application. This needs a little more work as you need to fit the exhaust pipe and pressure piping yourself.   OM648\/OM613  Stainless steel exhaust manifold  HX35MFS Billet turbo  Compressor: 58mm  Turbine: 60mm  BUNDLE\" \/>\n<meta property=\"og:url\" content=\"https:\/\/www.blacksmokeracing.com\/fi\/product\/om648-om613-450hp-turbo-bundle\/\" \/>\n<meta property=\"og:site_name\" content=\"Black Smoke Ltd\" \/>\n<meta property=\"article:publisher\" content=\"https:\/\/www.facebook.com\/blacksmokeracing\" \/>\n<meta property=\"article:modified_time\" content=\"2026-03-03T08:39:04+00:00\" \/>\n<meta property=\"og:image\" content=\"https:\/\/www.blacksmokeracing.com\/wp-content\/uploads\/om648-om613-exhaust-manifold-stainless-black-smoke-5.jpg\" \/>\n\t<meta property=\"og:image:width\" content=\"2500\" \/>\n\t<meta property=\"og:image:height\" content=\"1667\" \/>\n\t<meta property=\"og:image:type\" content=\"image\/jpeg\" \/>\n<meta name=\"twitter:card\" content=\"summary_large_image\" \/>\n<meta name=\"twitter:site\" content=\"@BlackSmokeMedia\" \/>\n<meta name=\"twitter:label1\" content=\"Arvioitu lukuaika\" \/>\n\t<meta name=\"twitter:data1\" content=\"1 minuutti\" \/>\n<script type=\"application\/ld+json\" class=\"yoast-schema-graph\">{\"@context\":\"https:\\\/\\\/schema.org\",\"@graph\":[{\"@type\":[\"WebPage\",\"ItemPage\"],\"@id\":\"https:\\\/\\\/www.blacksmokeracing.com\\\/product\\\/om648-om613-450hp-turbo-bundle\\\/\",\"url\":\"https:\\\/\\\/www.blacksmokeracing.com\\\/product\\\/om648-om613-450hp-turbo-bundle\\\/\",\"name\":\"OM648\\\/OM613 450hp Turbo Bundle - Black Smoke Ltd\",\"isPartOf\":{\"@id\":\"https:\\\/\\\/www.blacksmokeracing.com\\\/#website\"},\"primaryImageOfPage\":{\"@id\":\"https:\\\/\\\/www.blacksmokeracing.com\\\/product\\\/om648-om613-450hp-turbo-bundle\\\/#primaryimage\"},\"image\":{\"@id\":\"https:\\\/\\\/www.blacksmokeracing.com\\\/product\\\/om648-om613-450hp-turbo-bundle\\\/#primaryimage\"},\"thumbnailUrl\":\"https:\\\/\\\/www.blacksmokeracing.com\\\/wp-content\\\/uploads\\\/om648-om613-exhaust-manifold-stainless-black-smoke-5.jpg\",\"datePublished\":\"2024-01-28T09:34:21+00:00\",\"dateModified\":\"2026-03-03T08:39:04+00:00\",\"breadcrumb\":{\"@id\":\"https:\\\/\\\/www.blacksmokeracing.com\\\/product\\\/om648-om613-450hp-turbo-bundle\\\/#breadcrumb\"},\"inLanguage\":\"fi\",\"potentialAction\":[{\"@type\":\"ReadAction\",\"target\":[\"https:\\\/\\\/www.blacksmokeracing.com\\\/product\\\/om648-om613-450hp-turbo-bundle\\\/\"]}]},{\"@type\":\"ImageObject\",\"inLanguage\":\"fi\",\"@id\":\"https:\\\/\\\/www.blacksmokeracing.com\\\/product\\\/om648-om613-450hp-turbo-bundle\\\/#primaryimage\",\"url\":\"https:\\\/\\\/www.blacksmokeracing.com\\\/wp-content\\\/uploads\\\/om648-om613-exhaust-manifold-stainless-black-smoke-5.jpg\",\"contentUrl\":\"https:\\\/\\\/www.blacksmokeracing.com\\\/wp-content\\\/uploads\\\/om648-om613-exhaust-manifold-stainless-black-smoke-5.jpg\",\"width\":2500,\"height\":1667},{\"@type\":\"BreadcrumbList\",\"@id\":\"https:\\\/\\\/www.blacksmokeracing.com\\\/product\\\/om648-om613-450hp-turbo-bundle\\\/#breadcrumb\",\"itemListElement\":[{\"@type\":\"ListItem\",\"position\":1,\"name\":\"Home\",\"item\":\"https:\\\/\\\/www.blacksmokeracing.com\\\/\"},{\"@type\":\"ListItem\",\"position\":2,\"name\":\"Shop\",\"item\":\"https:\\\/\\\/www.blacksmokeracing.com\\\/shop\\\/\"},{\"@type\":\"ListItem\",\"position\":3,\"name\":\"OM648\\\/OM613 450hp Turbo Bundle\"}]},{\"@type\":\"WebSite\",\"@id\":\"https:\\\/\\\/www.blacksmokeracing.com\\\/#website\",\"url\":\"https:\\\/\\\/www.blacksmokeracing.com\\\/\",\"name\":\"Black Smoke Ltd\",\"description\":\"Not the most successful drifting team\",\"publisher\":{\"@id\":\"https:\\\/\\\/www.blacksmokeracing.com\\\/#organization\"},\"potentialAction\":[{\"@type\":\"SearchAction\",\"target\":{\"@type\":\"EntryPoint\",\"urlTemplate\":\"https:\\\/\\\/www.blacksmokeracing.com\\\/?s={search_term_string}\"},\"query-input\":{\"@type\":\"PropertyValueSpecification\",\"valueRequired\":true,\"valueName\":\"search_term_string\"}}],\"inLanguage\":\"fi\"},{\"@type\":\"Organization\",\"@id\":\"https:\\\/\\\/www.blacksmokeracing.com\\\/#organization\",\"name\":\"Black Smoke Oy Ltd\",\"url\":\"https:\\\/\\\/www.blacksmokeracing.com\\\/\",\"logo\":{\"@type\":\"ImageObject\",\"inLanguage\":\"fi\",\"@id\":\"https:\\\/\\\/www.blacksmokeracing.com\\\/#\\\/schema\\\/logo\\\/image\\\/\",\"url\":\"https:\\\/\\\/www.blacksmokeracing.com\\\/wp-content\\\/uploads\\\/2017\\\/11\\\/Black-Smoke-Logo.png\",\"contentUrl\":\"https:\\\/\\\/www.blacksmokeracing.com\\\/wp-content\\\/uploads\\\/2017\\\/11\\\/Black-Smoke-Logo.png\",\"width\":319,\"height\":97,\"caption\":\"Black Smoke Oy Ltd\"},\"image\":{\"@id\":\"https:\\\/\\\/www.blacksmokeracing.com\\\/#\\\/schema\\\/logo\\\/image\\\/\"},\"sameAs\":[\"https:\\\/\\\/www.facebook.com\\\/blacksmokeracing\",\"https:\\\/\\\/x.com\\\/BlackSmokeMedia\"]}]}<\/script>\n<!-- \/ Yoast SEO Premium plugin. -->","yoast_head_json":{"title":"OM648\/OM613 450hp Turbo Paketti - Black Smoke Ltd","robots":{"index":"index","follow":"follow","max-snippet":"max-snippet:-1","max-image-preview":"max-image-preview:large","max-video-preview":"max-video-preview:-1"},"canonical":"https:\/\/www.blacksmokeracing.com\/fi\/product\/om648-om613-450hp-turbo-bundle\/","og_locale":"fi_FI","og_type":"article","og_title":"OM648\/OM613 450hp Turbo Bundle","og_description":"The perfect upgrade from the hybrid turbo application. This needs a little more work as you need to fit the exhaust pipe and pressure piping yourself.   OM648\/OM613  Stainless steel exhaust manifold  HX35MFS Billet turbo  Compressor: 58mm  Turbine: 60mm  BUNDLE","og_url":"https:\/\/www.blacksmokeracing.com\/fi\/product\/om648-om613-450hp-turbo-bundle\/","og_site_name":"Black Smoke Ltd","article_publisher":"https:\/\/www.facebook.com\/blacksmokeracing","article_modified_time":"2026-03-03T08:39:04+00:00","og_image":[{"width":2500,"height":1667,"url":"https:\/\/www.blacksmokeracing.com\/wp-content\/uploads\/om648-om613-exhaust-manifold-stainless-black-smoke-5.jpg","type":"image\/jpeg"}],"twitter_card":"summary_large_image","twitter_site":"@BlackSmokeMedia","twitter_misc":{"Arvioitu lukuaika":"1 minuutti"},"schema":{"@context":"https:\/\/schema.org","@graph":[{"@type":["WebPage","ItemPage"],"@id":"https:\/\/www.blacksmokeracing.com\/product\/om648-om613-450hp-turbo-bundle\/","url":"https:\/\/www.blacksmokeracing.com\/product\/om648-om613-450hp-turbo-bundle\/","name":"OM648\/OM613 450hp Turbo Paketti - Black Smoke Ltd","isPartOf":{"@id":"https:\/\/www.blacksmokeracing.com\/#website"},"primaryImageOfPage":{"@id":"https:\/\/www.blacksmokeracing.com\/product\/om648-om613-450hp-turbo-bundle\/#primaryimage"},"image":{"@id":"https:\/\/www.blacksmokeracing.com\/product\/om648-om613-450hp-turbo-bundle\/#primaryimage"},"thumbnailUrl":"https:\/\/www.blacksmokeracing.com\/wp-content\/uploads\/om648-om613-exhaust-manifold-stainless-black-smoke-5.jpg","datePublished":"2024-01-28T09:34:21+00:00","dateModified":"2026-03-03T08:39:04+00:00","breadcrumb":{"@id":"https:\/\/www.blacksmokeracing.com\/product\/om648-om613-450hp-turbo-bundle\/#breadcrumb"},"inLanguage":"fi","potentialAction":[{"@type":"ReadAction","target":["https:\/\/www.blacksmokeracing.com\/product\/om648-om613-450hp-turbo-bundle\/"]}]},{"@type":"ImageObject","inLanguage":"fi","@id":"https:\/\/www.blacksmokeracing.com\/product\/om648-om613-450hp-turbo-bundle\/#primaryimage","url":"https:\/\/www.blacksmokeracing.com\/wp-content\/uploads\/om648-om613-exhaust-manifold-stainless-black-smoke-5.jpg","contentUrl":"https:\/\/www.blacksmokeracing.com\/wp-content\/uploads\/om648-om613-exhaust-manifold-stainless-black-smoke-5.jpg","width":2500,"height":1667},{"@type":"BreadcrumbList","@id":"https:\/\/www.blacksmokeracing.com\/product\/om648-om613-450hp-turbo-bundle\/#breadcrumb","itemListElement":[{"@type":"ListItem","position":1,"name":"Home","item":"https:\/\/www.blacksmokeracing.com\/"},{"@type":"ListItem","position":2,"name":"Shop","item":"https:\/\/www.blacksmokeracing.com\/shop\/"},{"@type":"ListItem","position":3,"name":"OM648\/OM613 450hp Turbo Bundle"}]},{"@type":"WebSite","@id":"https:\/\/www.blacksmokeracing.com\/#website","url":"https:\/\/www.blacksmokeracing.com\/","name":"Black Smoke Oy","description":"Not the most successful drifting team","publisher":{"@id":"https:\/\/www.blacksmokeracing.com\/#organization"},"potentialAction":[{"@type":"SearchAction","target":{"@type":"EntryPoint","urlTemplate":"https:\/\/www.blacksmokeracing.com\/?s={search_term_string}"},"query-input":{"@type":"PropertyValueSpecification","valueRequired":true,"valueName":"search_term_string"}}],"inLanguage":"fi"},{"@type":"Organization","@id":"https:\/\/www.blacksmokeracing.com\/#organization","name":"Black Smoke Oy","url":"https:\/\/www.blacksmokeracing.com\/","logo":{"@type":"ImageObject","inLanguage":"fi","@id":"https:\/\/www.blacksmokeracing.com\/#\/schema\/logo\/image\/","url":"https:\/\/www.blacksmokeracing.com\/wp-content\/uploads\/2017\/11\/Black-Smoke-Logo.png","contentUrl":"https:\/\/www.blacksmokeracing.com\/wp-content\/uploads\/2017\/11\/Black-Smoke-Logo.png","width":319,"height":97,"caption":"Black Smoke Oy Ltd"},"image":{"@id":"https:\/\/www.blacksmokeracing.com\/#\/schema\/logo\/image\/"},"sameAs":["https:\/\/www.facebook.com\/blacksmokeracing","https:\/\/x.com\/BlackSmokeMedia"]}]}},"taxonomy_info":{"product_cat":[{"value":8840,"label":"Diesel Power Bundles"},{"value":588,"label":"Engine"},{"value":8752,"label":"Mercedes Turbo Upgrade"},{"value":531,"label":"Turbodiesel Race parts"}],"pa_engine":[{"value":8869,"label":"om613"},{"value":8685,"label":"om648"}],"product_brands":[{"value":8870,"label":"Black Smoke Performance"}]},"featured_image_src_large":["https:\/\/www.blacksmokeracing.com\/wp-content\/uploads\/om648-om613-exhaust-manifold-stainless-black-smoke-5-1170x780.jpg",1170,780,true],"author_info":[],"comment_info":0,"_links":{"self":[{"href":"https:\/\/www.blacksmokeracing.com\/fi\/wp-json\/wp\/v2\/product\/67298","targetHints":{"allow":["GET"]}}],"collection":[{"href":"https:\/\/www.blacksmokeracing.com\/fi\/wp-json\/wp\/v2\/product"}],"about":[{"href":"https:\/\/www.blacksmokeracing.com\/fi\/wp-json\/wp\/v2\/types\/product"}],"replies":[{"embeddable":true,"href":"https:\/\/www.blacksmokeracing.com\/fi\/wp-json\/wp\/v2\/comments?post=67298"}],"wp:featuredmedia":[{"embeddable":true,"href":"https:\/\/www.blacksmokeracing.com\/fi\/wp-json\/wp\/v2\/media\/67229"}],"wp:attachment":[{"href":"https:\/\/www.blacksmokeracing.com\/fi\/wp-json\/wp\/v2\/media?parent=67298"}],"wp:term":[{"taxonomy":"product_cat","embeddable":true,"href":"https:\/\/www.blacksmokeracing.com\/fi\/wp-json\/wp\/v2\/product_cat?post=67298"},{"taxonomy":"product_tag","embeddable":true,"href":"https:\/\/www.blacksmokeracing.com\/fi\/wp-json\/wp\/v2\/product_tag?post=67298"},{"taxonomy":"product_brands","embeddable":true,"href":"https:\/\/www.blacksmokeracing.com\/fi\/wp-json\/wp\/v2\/product_brands?post=67298"}],"curies":[{"name":"wp","href":"https:\/\/api.w.org\/{rel}","templated":true}]}}