{"id":67225,"date":"2024-01-23T17:00:49","date_gmt":"2024-01-23T15:00:49","guid":{"rendered":"https:\/\/www.blacksmokeracing.com\/?post_type=product&#038;p=67225"},"modified":"2026-04-04T17:59:01","modified_gmt":"2026-04-04T14:59:01","slug":"stainless-steel-performance-exhaust-manifold-om613-om648","status":"publish","type":"product","link":"https:\/\/www.blacksmokeracing.com\/fi\/product\/stainless-steel-performance-exhaust-manifold-om613-om648\/","title":{"rendered":"OM613\/OM648 pakosarja ruostumatonta ter\u00e4st\u00e4"},"content":{"rendered":"<p>T\u00e4m\u00e4 pakosarja on huolellisesti suunniteltu ja valmistettu meill\u00e4 sopimaan kaksivaiheiseen ahtoj\u00e4rjestelm\u00e4\u00e4n W211-Mercedes-mallissa. Suunnitteluprosessissa k\u00e4ytimme 3D-skannausta, 3D-tulostusta ja tarkkaa suunnittelua. Valitsimme parhaan mahdollisen materiaalin ja muotoilimme pakosarjan optimaalisella tavalla, jotta kahden turboahtimen asennus moottoritilaan olisi mahdollista. HP-turbo (suunniteltu HX35 Billet -mallille) on sijoitettu suunnilleen samaan paikkaan kuin vakio turbo, ja LP-turbo (HX55) on asennettu hieman ylemm\u00e4s ja HP-turboahtimen taakse.<\/p>\r\n\r\n\r\n\r\n<p>T\u00e4t\u00e4 pakosarjaa voidaan tietenkin k\u00e4ytt\u00e4\u00e4 my\u00f6s yhden turbon kokoonpanolla.<\/p>","protected":false},"excerpt":{"rendered":"<p>- Pakosarja OM613\/OM648-moottorille, suunniteltu sopimaan E-sarjan W211-malliin.<\/p>\n<p>- Ruostumattomasta ter\u00e4ksest\u00e4 valettu pakosarja, Black Smoke Performance -logo.<\/p>\n<p>- Turbon laippa T3 jaettu, sopii HX35\/HX40-turboihin. Holset-turboahtimet ovat my\u00f6s saatavilla meid\u00e4n verkkokaupasta.<\/p>\n<ul>\n<li>OM648\/OM613<\/li>\n<li>Valettu ruostumattomasta ter\u00e4ksest\u00e4<\/li>\n<li>Sopii t\u00e4ydellisesti OM648 W211<\/li>\n<li>T3 laipalla<\/li>\n<\/ul>\n<p>Suunniteltu sopimaan compound asennukselle W211-mallissa. Lis\u00e4reik\u00e4 kolmannelle pultille ensimm\u00e4isen sylinteri kohdalla, joka useimmiten vuotaa.<\/p>","protected":false},"featured_media":67229,"comment_status":"open","ping_status":"closed","template":"","meta":{"inline_featured_image":false,"_kad_blocks_custom_css":"","_kad_blocks_head_custom_js":"","_kad_blocks_body_custom_js":"","_kad_blocks_footer_custom_js":"","_kad_post_transparent":"default","_kad_post_title":"","_kad_post_layout":"default","_kad_post_sidebar_id":"","_kad_post_content_style":"default","_kad_post_vertical_padding":"default","_kad_post_feature":"","_kad_post_feature_position":"","_kad_post_header":false,"_kad_post_footer":false,"_kad_post_classname":"","cybocfi_hide_featured_image":""},"product_cat":[588,531],"product_tag":[],"product_brands":[8870],"class_list":{"0":"post-67225","1":"product","2":"type-product","3":"status-publish","4":"has-post-thumbnail","6":"product_cat-engine","7":"product_cat-mercedes-turbodiesel-race-parts","8":"product_brands-black-smoke-performance","10":"first","11":"outofstock","12":"taxable","13":"shipping-taxable","14":"purchasable","15":"product-type-simple","16":"entry","17":"content-bg","18":"loop-entry"},"yoast_head":"<!-- This site is optimized with the Yoast SEO Premium plugin v27.4 (Yoast SEO v27.4) - https:\/\/yoast.com\/product\/yoast-seo-premium-wordpress\/ -->\n<title>Stainless steel performance exhaust manifold OM613\/OM648 - Black Smoke Ltd<\/title>\n<meta name=\"robots\" content=\"index, follow, max-snippet:-1, max-image-preview:large, max-video-preview:-1\" \/>\n<link rel=\"canonical\" href=\"https:\/\/www.blacksmokeracing.com\/fi\/product\/stainless-steel-performance-exhaust-manifold-om613-om648\/\" \/>\n<meta property=\"og:locale\" content=\"fi_FI\" \/>\n<meta property=\"og:type\" content=\"article\" \/>\n<meta property=\"og:title\" content=\"Stainless steel performance exhaust manifold OM613\/OM648\" \/>\n<meta property=\"og:description\" content=\"-Exhaust manifold for OM613\/OM648, made to fit E-class w211 -Stainless steel cast manifold, Black Smoke Performance logo. -Turbo flange T3 divided for hx35\/hx40. Holset Turbocharger is also available from us.  OM648\/OM613 Stainless steel Made to fit w211 Made for compound turbo setup  Designed to fit compound setup in w211. Additional hole for third bolt on cylinder 1, which most often leaks.\" \/>\n<meta property=\"og:url\" content=\"https:\/\/www.blacksmokeracing.com\/fi\/product\/stainless-steel-performance-exhaust-manifold-om613-om648\/\" \/>\n<meta property=\"og:site_name\" content=\"Black Smoke Ltd\" \/>\n<meta property=\"article:publisher\" content=\"https:\/\/www.facebook.com\/blacksmokeracing\" \/>\n<meta property=\"article:modified_time\" content=\"2026-04-04T14:59:01+00:00\" \/>\n<meta property=\"og:image\" content=\"https:\/\/www.blacksmokeracing.com\/wp-content\/uploads\/om648-om613-exhaust-manifold-stainless-black-smoke-5.jpg\" \/>\n\t<meta property=\"og:image:width\" content=\"2500\" \/>\n\t<meta property=\"og:image:height\" content=\"1667\" \/>\n\t<meta property=\"og:image:type\" content=\"image\/jpeg\" \/>\n<meta name=\"twitter:card\" content=\"summary_large_image\" \/>\n<meta name=\"twitter:site\" content=\"@BlackSmokeMedia\" \/>\n<meta name=\"twitter:label1\" content=\"Arvioitu lukuaika\" \/>\n\t<meta name=\"twitter:data1\" content=\"1 minuutti\" \/>\n<script type=\"application\/ld+json\" class=\"yoast-schema-graph\">{\"@context\":\"https:\\\/\\\/schema.org\",\"@graph\":[{\"@type\":[\"WebPage\",\"ItemPage\"],\"@id\":\"https:\\\/\\\/www.blacksmokeracing.com\\\/product\\\/stainless-steel-performance-exhaust-manifold-om613-om648\\\/\",\"url\":\"https:\\\/\\\/www.blacksmokeracing.com\\\/product\\\/stainless-steel-performance-exhaust-manifold-om613-om648\\\/\",\"name\":\"Stainless steel performance exhaust manifold OM613\\\/OM648 - Black Smoke Ltd\",\"isPartOf\":{\"@id\":\"https:\\\/\\\/www.blacksmokeracing.com\\\/#website\"},\"primaryImageOfPage\":{\"@id\":\"https:\\\/\\\/www.blacksmokeracing.com\\\/product\\\/stainless-steel-performance-exhaust-manifold-om613-om648\\\/#primaryimage\"},\"image\":{\"@id\":\"https:\\\/\\\/www.blacksmokeracing.com\\\/product\\\/stainless-steel-performance-exhaust-manifold-om613-om648\\\/#primaryimage\"},\"thumbnailUrl\":\"https:\\\/\\\/www.blacksmokeracing.com\\\/wp-content\\\/uploads\\\/om648-om613-exhaust-manifold-stainless-black-smoke-5.jpg\",\"datePublished\":\"2024-01-23T15:00:49+00:00\",\"dateModified\":\"2026-04-04T14:59:01+00:00\",\"breadcrumb\":{\"@id\":\"https:\\\/\\\/www.blacksmokeracing.com\\\/product\\\/stainless-steel-performance-exhaust-manifold-om613-om648\\\/#breadcrumb\"},\"inLanguage\":\"fi\",\"potentialAction\":[{\"@type\":\"ReadAction\",\"target\":[\"https:\\\/\\\/www.blacksmokeracing.com\\\/product\\\/stainless-steel-performance-exhaust-manifold-om613-om648\\\/\"]}]},{\"@type\":\"ImageObject\",\"inLanguage\":\"fi\",\"@id\":\"https:\\\/\\\/www.blacksmokeracing.com\\\/product\\\/stainless-steel-performance-exhaust-manifold-om613-om648\\\/#primaryimage\",\"url\":\"https:\\\/\\\/www.blacksmokeracing.com\\\/wp-content\\\/uploads\\\/om648-om613-exhaust-manifold-stainless-black-smoke-5.jpg\",\"contentUrl\":\"https:\\\/\\\/www.blacksmokeracing.com\\\/wp-content\\\/uploads\\\/om648-om613-exhaust-manifold-stainless-black-smoke-5.jpg\",\"width\":2500,\"height\":1667},{\"@type\":\"BreadcrumbList\",\"@id\":\"https:\\\/\\\/www.blacksmokeracing.com\\\/product\\\/stainless-steel-performance-exhaust-manifold-om613-om648\\\/#breadcrumb\",\"itemListElement\":[{\"@type\":\"ListItem\",\"position\":1,\"name\":\"Home\",\"item\":\"https:\\\/\\\/www.blacksmokeracing.com\\\/\"},{\"@type\":\"ListItem\",\"position\":2,\"name\":\"Shop\",\"item\":\"https:\\\/\\\/www.blacksmokeracing.com\\\/shop\\\/\"},{\"@type\":\"ListItem\",\"position\":3,\"name\":\"Stainless steel performance exhaust manifold OM613\\\/OM648\"}]},{\"@type\":\"WebSite\",\"@id\":\"https:\\\/\\\/www.blacksmokeracing.com\\\/#website\",\"url\":\"https:\\\/\\\/www.blacksmokeracing.com\\\/\",\"name\":\"Black Smoke Ltd\",\"description\":\"Not the most successful drifting team\",\"publisher\":{\"@id\":\"https:\\\/\\\/www.blacksmokeracing.com\\\/#organization\"},\"potentialAction\":[{\"@type\":\"SearchAction\",\"target\":{\"@type\":\"EntryPoint\",\"urlTemplate\":\"https:\\\/\\\/www.blacksmokeracing.com\\\/?s={search_term_string}\"},\"query-input\":{\"@type\":\"PropertyValueSpecification\",\"valueRequired\":true,\"valueName\":\"search_term_string\"}}],\"inLanguage\":\"fi\"},{\"@type\":\"Organization\",\"@id\":\"https:\\\/\\\/www.blacksmokeracing.com\\\/#organization\",\"name\":\"Black Smoke Oy Ltd\",\"url\":\"https:\\\/\\\/www.blacksmokeracing.com\\\/\",\"logo\":{\"@type\":\"ImageObject\",\"inLanguage\":\"fi\",\"@id\":\"https:\\\/\\\/www.blacksmokeracing.com\\\/#\\\/schema\\\/logo\\\/image\\\/\",\"url\":\"https:\\\/\\\/www.blacksmokeracing.com\\\/wp-content\\\/uploads\\\/2017\\\/11\\\/Black-Smoke-Logo.png\",\"contentUrl\":\"https:\\\/\\\/www.blacksmokeracing.com\\\/wp-content\\\/uploads\\\/2017\\\/11\\\/Black-Smoke-Logo.png\",\"width\":319,\"height\":97,\"caption\":\"Black Smoke Oy Ltd\"},\"image\":{\"@id\":\"https:\\\/\\\/www.blacksmokeracing.com\\\/#\\\/schema\\\/logo\\\/image\\\/\"},\"sameAs\":[\"https:\\\/\\\/www.facebook.com\\\/blacksmokeracing\",\"https:\\\/\\\/x.com\\\/BlackSmokeMedia\"]}]}<\/script>\n<!-- \/ Yoast SEO Premium plugin. -->","yoast_head_json":{"title":"Ruostumattomasta ter\u00e4ksest\u00e4 valmistettu pakosarja OM613\/OM648 - Black Smoke Ltd","robots":{"index":"index","follow":"follow","max-snippet":"max-snippet:-1","max-image-preview":"max-image-preview:large","max-video-preview":"max-video-preview:-1"},"canonical":"https:\/\/www.blacksmokeracing.com\/fi\/product\/stainless-steel-performance-exhaust-manifold-om613-om648\/","og_locale":"fi_FI","og_type":"article","og_title":"Stainless steel performance exhaust manifold OM613\/OM648","og_description":"-Exhaust manifold for OM613\/OM648, made to fit E-class w211 -Stainless steel cast manifold, Black Smoke Performance logo. -Turbo flange T3 divided for hx35\/hx40. Holset Turbocharger is also available from us.  OM648\/OM613 Stainless steel Made to fit w211 Made for compound turbo setup  Designed to fit compound setup in w211. Additional hole for third bolt on cylinder 1, which most often leaks.","og_url":"https:\/\/www.blacksmokeracing.com\/fi\/product\/stainless-steel-performance-exhaust-manifold-om613-om648\/","og_site_name":"Black Smoke Ltd","article_publisher":"https:\/\/www.facebook.com\/blacksmokeracing","article_modified_time":"2026-04-04T14:59:01+00:00","og_image":[{"width":2500,"height":1667,"url":"https:\/\/www.blacksmokeracing.com\/wp-content\/uploads\/om648-om613-exhaust-manifold-stainless-black-smoke-5.jpg","type":"image\/jpeg"}],"twitter_card":"summary_large_image","twitter_site":"@BlackSmokeMedia","twitter_misc":{"Arvioitu lukuaika":"1 minuutti"},"schema":{"@context":"https:\/\/schema.org","@graph":[{"@type":["WebPage","ItemPage"],"@id":"https:\/\/www.blacksmokeracing.com\/product\/stainless-steel-performance-exhaust-manifold-om613-om648\/","url":"https:\/\/www.blacksmokeracing.com\/product\/stainless-steel-performance-exhaust-manifold-om613-om648\/","name":"Ruostumattomasta ter\u00e4ksest\u00e4 valmistettu pakosarja OM613\/OM648 - Black Smoke Ltd","isPartOf":{"@id":"https:\/\/www.blacksmokeracing.com\/#website"},"primaryImageOfPage":{"@id":"https:\/\/www.blacksmokeracing.com\/product\/stainless-steel-performance-exhaust-manifold-om613-om648\/#primaryimage"},"image":{"@id":"https:\/\/www.blacksmokeracing.com\/product\/stainless-steel-performance-exhaust-manifold-om613-om648\/#primaryimage"},"thumbnailUrl":"https:\/\/www.blacksmokeracing.com\/wp-content\/uploads\/om648-om613-exhaust-manifold-stainless-black-smoke-5.jpg","datePublished":"2024-01-23T15:00:49+00:00","dateModified":"2026-04-04T14:59:01+00:00","breadcrumb":{"@id":"https:\/\/www.blacksmokeracing.com\/product\/stainless-steel-performance-exhaust-manifold-om613-om648\/#breadcrumb"},"inLanguage":"fi","potentialAction":[{"@type":"ReadAction","target":["https:\/\/www.blacksmokeracing.com\/product\/stainless-steel-performance-exhaust-manifold-om613-om648\/"]}]},{"@type":"ImageObject","inLanguage":"fi","@id":"https:\/\/www.blacksmokeracing.com\/product\/stainless-steel-performance-exhaust-manifold-om613-om648\/#primaryimage","url":"https:\/\/www.blacksmokeracing.com\/wp-content\/uploads\/om648-om613-exhaust-manifold-stainless-black-smoke-5.jpg","contentUrl":"https:\/\/www.blacksmokeracing.com\/wp-content\/uploads\/om648-om613-exhaust-manifold-stainless-black-smoke-5.jpg","width":2500,"height":1667},{"@type":"BreadcrumbList","@id":"https:\/\/www.blacksmokeracing.com\/product\/stainless-steel-performance-exhaust-manifold-om613-om648\/#breadcrumb","itemListElement":[{"@type":"ListItem","position":1,"name":"Home","item":"https:\/\/www.blacksmokeracing.com\/"},{"@type":"ListItem","position":2,"name":"Shop","item":"https:\/\/www.blacksmokeracing.com\/shop\/"},{"@type":"ListItem","position":3,"name":"Stainless steel performance exhaust manifold OM613\/OM648"}]},{"@type":"WebSite","@id":"https:\/\/www.blacksmokeracing.com\/#website","url":"https:\/\/www.blacksmokeracing.com\/","name":"Black Smoke Oy","description":"Not the most successful drifting team","publisher":{"@id":"https:\/\/www.blacksmokeracing.com\/#organization"},"potentialAction":[{"@type":"SearchAction","target":{"@type":"EntryPoint","urlTemplate":"https:\/\/www.blacksmokeracing.com\/?s={search_term_string}"},"query-input":{"@type":"PropertyValueSpecification","valueRequired":true,"valueName":"search_term_string"}}],"inLanguage":"fi"},{"@type":"Organization","@id":"https:\/\/www.blacksmokeracing.com\/#organization","name":"Black Smoke Oy","url":"https:\/\/www.blacksmokeracing.com\/","logo":{"@type":"ImageObject","inLanguage":"fi","@id":"https:\/\/www.blacksmokeracing.com\/#\/schema\/logo\/image\/","url":"https:\/\/www.blacksmokeracing.com\/wp-content\/uploads\/2017\/11\/Black-Smoke-Logo.png","contentUrl":"https:\/\/www.blacksmokeracing.com\/wp-content\/uploads\/2017\/11\/Black-Smoke-Logo.png","width":319,"height":97,"caption":"Black Smoke Oy Ltd"},"image":{"@id":"https:\/\/www.blacksmokeracing.com\/#\/schema\/logo\/image\/"},"sameAs":["https:\/\/www.facebook.com\/blacksmokeracing","https:\/\/x.com\/BlackSmokeMedia"]}]}},"taxonomy_info":{"product_cat":[{"value":588,"label":"Engine"},{"value":531,"label":"Turbodiesel Race parts"}],"product_brands":[{"value":8870,"label":"Black Smoke Performance"}]},"featured_image_src_large":["https:\/\/www.blacksmokeracing.com\/wp-content\/uploads\/om648-om613-exhaust-manifold-stainless-black-smoke-5-1170x780.jpg",1170,780,true],"author_info":[],"comment_info":3,"_links":{"self":[{"href":"https:\/\/www.blacksmokeracing.com\/fi\/wp-json\/wp\/v2\/product\/67225","targetHints":{"allow":["GET"]}}],"collection":[{"href":"https:\/\/www.blacksmokeracing.com\/fi\/wp-json\/wp\/v2\/product"}],"about":[{"href":"https:\/\/www.blacksmokeracing.com\/fi\/wp-json\/wp\/v2\/types\/product"}],"replies":[{"embeddable":true,"href":"https:\/\/www.blacksmokeracing.com\/fi\/wp-json\/wp\/v2\/comments?post=67225"}],"wp:featuredmedia":[{"embeddable":true,"href":"https:\/\/www.blacksmokeracing.com\/fi\/wp-json\/wp\/v2\/media\/67229"}],"wp:attachment":[{"href":"https:\/\/www.blacksmokeracing.com\/fi\/wp-json\/wp\/v2\/media?parent=67225"}],"wp:term":[{"taxonomy":"product_cat","embeddable":true,"href":"https:\/\/www.blacksmokeracing.com\/fi\/wp-json\/wp\/v2\/product_cat?post=67225"},{"taxonomy":"product_tag","embeddable":true,"href":"https:\/\/www.blacksmokeracing.com\/fi\/wp-json\/wp\/v2\/product_tag?post=67225"},{"taxonomy":"product_brands","embeddable":true,"href":"https:\/\/www.blacksmokeracing.com\/fi\/wp-json\/wp\/v2\/product_brands?post=67225"}],"curies":[{"name":"wp","href":"https:\/\/api.w.org\/{rel}","templated":true}]}}