{"id":66036,"date":"2023-08-29T15:29:45","date_gmt":"2023-08-29T12:29:45","guid":{"rendered":"https:\/\/www.blacksmokeracing.com\/?post_type=product&#038;p=66036"},"modified":"2026-03-09T08:52:48","modified_gmt":"2026-03-09T06:52:48","slug":"om648-380hp-bundle","status":"publish","type":"product","link":"https:\/\/www.blacksmokeracing.com\/fi\/product\/om648-380hp-bundle\/","title":{"rendered":"OM648 360hp Paketti"},"content":{"rendered":"<p>Olemme tehneet hyv\u00e4\u00e4 sis\u00e4lt\u00f6\u00e4 esitell\u00e4ksemme, miten tuotteet toimivat, k\u00e4yth\u00e4n katsomassa!<\/p>\r\n<p><iframe loading=\"lazy\" title=\"Hybridi TURBO -p\u00e4ivitys | Muuttaa THE 320CDI:t\u00e4\" width=\"720\" height=\"405\" src=\"https:\/\/www.youtube.com\/embed\/kPeCn96Ir_w?feature=oembed&#038;enablejsapi=1&#038;origin=https:\/\/www.blacksmokeracing.com\" frameborder=\"0\" allow=\"accelerometer; autoplay; clipboard-write; encrypted-media; gyroscope; picture-in-picture; web-share\" referrerpolicy=\"strict-origin-when-cross-origin\" allowfullscreen><\/iframe><\/p>\r\n<p><iframe loading=\"lazy\" title=\"Turbodiesel-korkeapainepumpun p\u00e4ivitys | Dynon testattu 320CDI\" width=\"720\" height=\"405\" src=\"https:\/\/www.youtube.com\/embed\/kYISnGQo-2U?feature=oembed&#038;enablejsapi=1&#038;origin=https:\/\/www.blacksmokeracing.com\" frameborder=\"0\" allow=\"accelerometer; autoplay; clipboard-write; encrypted-media; gyroscope; picture-in-picture; web-share\" referrerpolicy=\"strict-origin-when-cross-origin\" allowfullscreen><\/iframe><\/p>\r\n<p><iframe loading=\"lazy\" title=\"Kuinka paljon tehoa saat vaihtamalla turbodieselin? Ensimm\u00e4inen Dyno 20 vuoteen\" width=\"720\" height=\"405\" src=\"https:\/\/www.youtube.com\/embed\/M_JSrewj5f4?feature=oembed&#038;enablejsapi=1&#038;origin=https:\/\/www.blacksmokeracing.com\" frameborder=\"0\" allow=\"accelerometer; autoplay; clipboard-write; encrypted-media; gyroscope; picture-in-picture; web-share\" referrerpolicy=\"strict-origin-when-cross-origin\" allowfullscreen><\/iframe><\/p>\r\n<p class=\"translation-block\"><strong>Hyvit\u00e4mme 40\u20ac\/suutin. Jos haluat l\u00e4hett\u00e4\u00e4 omat suuttimesi, l\u00e4het\u00e4 ne osoitteeseen Linnusperantie 9, 67600 Kokkola, Suomi. Huomioithan, ett\u00e4 EU\nulkopuolelta emme hyv\u00e4ksy tavallisia postipaketteja, ainoastaan kuriiril\u00e4hetyksi\u00e4, kuten DHL, FedEx, DPD jne.<\/strong><\/p>","protected":false},"excerpt":{"rendered":"<p>Bundle which includes necessary parts for reaching 360hp on a om648. Other than these parts you also need to upgrade your intercooler to one with aluminium end tanks. Bundle includes software, but not installation. When buying, please make sure you know where you can get your ECU flashed. To get full horsepower from this bundle you need to also get a om628 high pressure pump.<\/p>\n<ul>\n<li>Valmis paketti<\/li>\n<li>STREET suuttimet<\/li>\n<li>Billet Railpumpun sovitin<\/li>\n<li>4bar map anturi<\/li>\n<li>320cdi Billet hybrid turbo<\/li>\n<li>Sopii vakio pakosarjaan<\/li>\n<li>Turvallinen vaihtoehto<\/li>\n<\/ul>","protected":false},"featured_media":70696,"comment_status":"open","ping_status":"closed","template":"","meta":{"inline_featured_image":false,"_kad_blocks_custom_css":"","_kad_blocks_head_custom_js":"","_kad_blocks_body_custom_js":"","_kad_blocks_footer_custom_js":"","_kad_post_transparent":"default","_kad_post_title":"","_kad_post_layout":"default","_kad_post_sidebar_id":"","_kad_post_content_style":"default","_kad_post_vertical_padding":"default","_kad_post_feature":"","_kad_post_feature_position":"","_kad_post_header":false,"_kad_post_footer":false,"_kad_post_classname":"","cybocfi_hide_featured_image":""},"product_cat":[8840,588,8752,531],"product_tag":[],"product_brands":[8870],"class_list":{"0":"post-66036","1":"product","2":"type-product","3":"status-publish","4":"has-post-thumbnail","6":"product_cat-diesel-power-bundles","7":"product_cat-engine","8":"product_cat-mercedes-turbo-upgrade-mercedes-turbodiesel-race-parts","9":"product_cat-mercedes-turbodiesel-race-parts","10":"product_brands-black-smoke-performance","12":"first","13":"instock","14":"taxable","15":"shipping-taxable","16":"purchasable","17":"product-type-woosb","18":"entry","19":"content-bg","20":"loop-entry"},"yoast_head":"<!-- This site is optimized with the Yoast SEO Premium plugin v27.6 (Yoast SEO v27.6) - https:\/\/yoast.com\/product\/yoast-seo-premium-wordpress\/ -->\n<title>OM648 360hp Bundle - Black Smoke Ltd<\/title>\n<meta name=\"robots\" content=\"index, follow, max-snippet:-1, max-image-preview:large, max-video-preview:-1\" \/>\n<link rel=\"canonical\" href=\"https:\/\/www.blacksmokeracing.com\/fi\/product\/om648-380hp-bundle\/\" \/>\n<meta property=\"og:locale\" content=\"fi_FI\" \/>\n<meta property=\"og:type\" content=\"article\" \/>\n<meta property=\"og:title\" content=\"OM648 360hp Bundle\" \/>\n<meta property=\"og:description\" content=\"Bundle which includes necessary parts for reaching 360hp on a om648. Other than these parts you also need to upgrade your intercooler to one with aluminium end tanks. Bundle includes software, but not installation. When buying, please make sure you know where you can get your ECU flashed. To get full horsepower from this bundle you need to also get a om628 high pressure pump.  Complete set STREET Injectors Rail pump coupling 4bar map sensor 320cdi Billet hybrid turbo Fits stock exhaust manifold Safe kit\" \/>\n<meta property=\"og:url\" content=\"https:\/\/www.blacksmokeracing.com\/fi\/product\/om648-380hp-bundle\/\" \/>\n<meta property=\"og:site_name\" content=\"Black Smoke Ltd\" \/>\n<meta property=\"article:publisher\" content=\"https:\/\/www.facebook.com\/blacksmokeracing\" \/>\n<meta property=\"article:modified_time\" content=\"2026-03-09T06:52:48+00:00\" \/>\n<meta property=\"og:image\" content=\"https:\/\/www.blacksmokeracing.com\/wp-content\/uploads\/om648-360hp-bundle.jpg\" \/>\n\t<meta property=\"og:image:width\" content=\"2000\" \/>\n\t<meta property=\"og:image:height\" content=\"2000\" \/>\n\t<meta property=\"og:image:type\" content=\"image\/jpeg\" \/>\n<meta name=\"twitter:card\" content=\"summary_large_image\" \/>\n<meta name=\"twitter:site\" content=\"@BlackSmokeMedia\" \/>\n<meta name=\"twitter:label1\" content=\"Arvioitu lukuaika\" \/>\n\t<meta name=\"twitter:data1\" content=\"1 minuutti\" \/>\n<script type=\"application\/ld+json\" class=\"yoast-schema-graph\">{\"@context\":\"https:\\\/\\\/schema.org\",\"@graph\":[{\"@type\":[\"WebPage\",\"ItemPage\"],\"@id\":\"https:\\\/\\\/www.blacksmokeracing.com\\\/product\\\/om648-380hp-bundle\\\/\",\"url\":\"https:\\\/\\\/www.blacksmokeracing.com\\\/product\\\/om648-380hp-bundle\\\/\",\"name\":\"OM648 360hp Bundle - Black Smoke Ltd\",\"isPartOf\":{\"@id\":\"https:\\\/\\\/www.blacksmokeracing.com\\\/#website\"},\"primaryImageOfPage\":{\"@id\":\"https:\\\/\\\/www.blacksmokeracing.com\\\/product\\\/om648-380hp-bundle\\\/#primaryimage\"},\"image\":{\"@id\":\"https:\\\/\\\/www.blacksmokeracing.com\\\/product\\\/om648-380hp-bundle\\\/#primaryimage\"},\"thumbnailUrl\":\"https:\\\/\\\/www.blacksmokeracing.com\\\/wp-content\\\/uploads\\\/om648-360hp-bundle.jpg\",\"datePublished\":\"2023-08-29T12:29:45+00:00\",\"dateModified\":\"2026-03-09T06:52:48+00:00\",\"breadcrumb\":{\"@id\":\"https:\\\/\\\/www.blacksmokeracing.com\\\/product\\\/om648-380hp-bundle\\\/#breadcrumb\"},\"inLanguage\":\"fi\",\"potentialAction\":[{\"@type\":\"ReadAction\",\"target\":[\"https:\\\/\\\/www.blacksmokeracing.com\\\/product\\\/om648-380hp-bundle\\\/\"]}]},{\"@type\":\"ImageObject\",\"inLanguage\":\"fi\",\"@id\":\"https:\\\/\\\/www.blacksmokeracing.com\\\/product\\\/om648-380hp-bundle\\\/#primaryimage\",\"url\":\"https:\\\/\\\/www.blacksmokeracing.com\\\/wp-content\\\/uploads\\\/om648-360hp-bundle.jpg\",\"contentUrl\":\"https:\\\/\\\/www.blacksmokeracing.com\\\/wp-content\\\/uploads\\\/om648-360hp-bundle.jpg\",\"width\":2000,\"height\":2000},{\"@type\":\"BreadcrumbList\",\"@id\":\"https:\\\/\\\/www.blacksmokeracing.com\\\/product\\\/om648-380hp-bundle\\\/#breadcrumb\",\"itemListElement\":[{\"@type\":\"ListItem\",\"position\":1,\"name\":\"Home\",\"item\":\"https:\\\/\\\/www.blacksmokeracing.com\\\/\"},{\"@type\":\"ListItem\",\"position\":2,\"name\":\"Shop\",\"item\":\"https:\\\/\\\/www.blacksmokeracing.com\\\/shop\\\/\"},{\"@type\":\"ListItem\",\"position\":3,\"name\":\"OM648 360hp Bundle\"}]},{\"@type\":\"WebSite\",\"@id\":\"https:\\\/\\\/www.blacksmokeracing.com\\\/#website\",\"url\":\"https:\\\/\\\/www.blacksmokeracing.com\\\/\",\"name\":\"Black Smoke Ltd\",\"description\":\"Not the most successful drifting team\",\"publisher\":{\"@id\":\"https:\\\/\\\/www.blacksmokeracing.com\\\/#organization\"},\"potentialAction\":[{\"@type\":\"SearchAction\",\"target\":{\"@type\":\"EntryPoint\",\"urlTemplate\":\"https:\\\/\\\/www.blacksmokeracing.com\\\/?s={search_term_string}\"},\"query-input\":{\"@type\":\"PropertyValueSpecification\",\"valueRequired\":true,\"valueName\":\"search_term_string\"}}],\"inLanguage\":\"fi\"},{\"@type\":\"Organization\",\"@id\":\"https:\\\/\\\/www.blacksmokeracing.com\\\/#organization\",\"name\":\"Black Smoke Oy Ltd\",\"url\":\"https:\\\/\\\/www.blacksmokeracing.com\\\/\",\"logo\":{\"@type\":\"ImageObject\",\"inLanguage\":\"fi\",\"@id\":\"https:\\\/\\\/www.blacksmokeracing.com\\\/#\\\/schema\\\/logo\\\/image\\\/\",\"url\":\"https:\\\/\\\/www.blacksmokeracing.com\\\/wp-content\\\/uploads\\\/2017\\\/11\\\/Black-Smoke-Logo.png\",\"contentUrl\":\"https:\\\/\\\/www.blacksmokeracing.com\\\/wp-content\\\/uploads\\\/2017\\\/11\\\/Black-Smoke-Logo.png\",\"width\":319,\"height\":97,\"caption\":\"Black Smoke Oy Ltd\"},\"image\":{\"@id\":\"https:\\\/\\\/www.blacksmokeracing.com\\\/#\\\/schema\\\/logo\\\/image\\\/\"},\"sameAs\":[\"https:\\\/\\\/www.facebook.com\\\/blacksmokeracing\",\"https:\\\/\\\/x.com\\\/BlackSmokeMedia\"]}]}<\/script>\n<!-- \/ Yoast SEO Premium plugin. -->","yoast_head_json":{"title":"OM648 360hp Paketti - Black Smoke Ltd","robots":{"index":"index","follow":"follow","max-snippet":"max-snippet:-1","max-image-preview":"max-image-preview:large","max-video-preview":"max-video-preview:-1"},"canonical":"https:\/\/www.blacksmokeracing.com\/fi\/product\/om648-380hp-bundle\/","og_locale":"fi_FI","og_type":"article","og_title":"OM648 360hp Bundle","og_description":"Bundle which includes necessary parts for reaching 360hp on a om648. Other than these parts you also need to upgrade your intercooler to one with aluminium end tanks. Bundle includes software, but not installation. When buying, please make sure you know where you can get your ECU flashed. To get full horsepower from this bundle you need to also get a om628 high pressure pump.  Complete set STREET Injectors Rail pump coupling 4bar map sensor 320cdi Billet hybrid turbo Fits stock exhaust manifold Safe kit","og_url":"https:\/\/www.blacksmokeracing.com\/fi\/product\/om648-380hp-bundle\/","og_site_name":"Black Smoke Ltd","article_publisher":"https:\/\/www.facebook.com\/blacksmokeracing","article_modified_time":"2026-03-09T06:52:48+00:00","og_image":[{"width":2000,"height":2000,"url":"https:\/\/www.blacksmokeracing.com\/wp-content\/uploads\/om648-360hp-bundle.jpg","type":"image\/jpeg"}],"twitter_card":"summary_large_image","twitter_site":"@BlackSmokeMedia","twitter_misc":{"Arvioitu lukuaika":"1 minuutti"},"schema":{"@context":"https:\/\/schema.org","@graph":[{"@type":["WebPage","ItemPage"],"@id":"https:\/\/www.blacksmokeracing.com\/product\/om648-380hp-bundle\/","url":"https:\/\/www.blacksmokeracing.com\/product\/om648-380hp-bundle\/","name":"OM648 360hp Paketti - Black Smoke Ltd","isPartOf":{"@id":"https:\/\/www.blacksmokeracing.com\/#website"},"primaryImageOfPage":{"@id":"https:\/\/www.blacksmokeracing.com\/product\/om648-380hp-bundle\/#primaryimage"},"image":{"@id":"https:\/\/www.blacksmokeracing.com\/product\/om648-380hp-bundle\/#primaryimage"},"thumbnailUrl":"https:\/\/www.blacksmokeracing.com\/wp-content\/uploads\/om648-360hp-bundle.jpg","datePublished":"2023-08-29T12:29:45+00:00","dateModified":"2026-03-09T06:52:48+00:00","breadcrumb":{"@id":"https:\/\/www.blacksmokeracing.com\/product\/om648-380hp-bundle\/#breadcrumb"},"inLanguage":"fi","potentialAction":[{"@type":"ReadAction","target":["https:\/\/www.blacksmokeracing.com\/product\/om648-380hp-bundle\/"]}]},{"@type":"ImageObject","inLanguage":"fi","@id":"https:\/\/www.blacksmokeracing.com\/product\/om648-380hp-bundle\/#primaryimage","url":"https:\/\/www.blacksmokeracing.com\/wp-content\/uploads\/om648-360hp-bundle.jpg","contentUrl":"https:\/\/www.blacksmokeracing.com\/wp-content\/uploads\/om648-360hp-bundle.jpg","width":2000,"height":2000},{"@type":"BreadcrumbList","@id":"https:\/\/www.blacksmokeracing.com\/product\/om648-380hp-bundle\/#breadcrumb","itemListElement":[{"@type":"ListItem","position":1,"name":"Home","item":"https:\/\/www.blacksmokeracing.com\/"},{"@type":"ListItem","position":2,"name":"Shop","item":"https:\/\/www.blacksmokeracing.com\/shop\/"},{"@type":"ListItem","position":3,"name":"OM648 360hp Bundle"}]},{"@type":"WebSite","@id":"https:\/\/www.blacksmokeracing.com\/#website","url":"https:\/\/www.blacksmokeracing.com\/","name":"Black Smoke Oy","description":"Not the most successful drifting team","publisher":{"@id":"https:\/\/www.blacksmokeracing.com\/#organization"},"potentialAction":[{"@type":"SearchAction","target":{"@type":"EntryPoint","urlTemplate":"https:\/\/www.blacksmokeracing.com\/?s={search_term_string}"},"query-input":{"@type":"PropertyValueSpecification","valueRequired":true,"valueName":"search_term_string"}}],"inLanguage":"fi"},{"@type":"Organization","@id":"https:\/\/www.blacksmokeracing.com\/#organization","name":"Black Smoke Oy","url":"https:\/\/www.blacksmokeracing.com\/","logo":{"@type":"ImageObject","inLanguage":"fi","@id":"https:\/\/www.blacksmokeracing.com\/#\/schema\/logo\/image\/","url":"https:\/\/www.blacksmokeracing.com\/wp-content\/uploads\/2017\/11\/Black-Smoke-Logo.png","contentUrl":"https:\/\/www.blacksmokeracing.com\/wp-content\/uploads\/2017\/11\/Black-Smoke-Logo.png","width":319,"height":97,"caption":"Black Smoke Oy Ltd"},"image":{"@id":"https:\/\/www.blacksmokeracing.com\/#\/schema\/logo\/image\/"},"sameAs":["https:\/\/www.facebook.com\/blacksmokeracing","https:\/\/x.com\/BlackSmokeMedia"]}]}},"taxonomy_info":{"product_cat":[{"value":8840,"label":"Diesel Power Bundles"},{"value":588,"label":"Engine"},{"value":8752,"label":"Mercedes Turbo Upgrade"},{"value":531,"label":"Turbodiesel Race parts"}],"product_brands":[{"value":8870,"label":"Black Smoke Performance"}]},"featured_image_src_large":["https:\/\/www.blacksmokeracing.com\/wp-content\/uploads\/om648-360hp-bundle-1170x1170.jpg",1170,1170,true],"author_info":[],"comment_info":0,"_links":{"self":[{"href":"https:\/\/www.blacksmokeracing.com\/fi\/wp-json\/wp\/v2\/product\/66036","targetHints":{"allow":["GET"]}}],"collection":[{"href":"https:\/\/www.blacksmokeracing.com\/fi\/wp-json\/wp\/v2\/product"}],"about":[{"href":"https:\/\/www.blacksmokeracing.com\/fi\/wp-json\/wp\/v2\/types\/product"}],"replies":[{"embeddable":true,"href":"https:\/\/www.blacksmokeracing.com\/fi\/wp-json\/wp\/v2\/comments?post=66036"}],"wp:featuredmedia":[{"embeddable":true,"href":"https:\/\/www.blacksmokeracing.com\/fi\/wp-json\/wp\/v2\/media\/70696"}],"wp:attachment":[{"href":"https:\/\/www.blacksmokeracing.com\/fi\/wp-json\/wp\/v2\/media?parent=66036"}],"wp:term":[{"taxonomy":"product_cat","embeddable":true,"href":"https:\/\/www.blacksmokeracing.com\/fi\/wp-json\/wp\/v2\/product_cat?post=66036"},{"taxonomy":"product_tag","embeddable":true,"href":"https:\/\/www.blacksmokeracing.com\/fi\/wp-json\/wp\/v2\/product_tag?post=66036"},{"taxonomy":"product_brands","embeddable":true,"href":"https:\/\/www.blacksmokeracing.com\/fi\/wp-json\/wp\/v2\/product_brands?post=66036"}],"curies":[{"name":"wp","href":"https:\/\/api.w.org\/{rel}","templated":true}]}}