{"id":62342,"date":"2023-01-26T10:02:15","date_gmt":"2023-01-26T08:02:15","guid":{"rendered":"https:\/\/www.blacksmokeracing.com\/?post_type=product&#038;p=62342"},"modified":"2026-04-07T17:51:08","modified_gmt":"2026-04-07T14:51:08","slug":"dual-hp-pump-adapters","status":"publish","type":"product","link":"https:\/\/www.blacksmokeracing.com\/fi\/product\/dual-hp-pump-adapters\/","title":{"rendered":"Tuplapumppu -adapteri"},"content":{"rendered":"<p>Osat, jotka EIV\u00c4T sis\u00e4lly:<\/p>\r\n\r\n\r\n\r\n<p>-HP -Pumput<br \/>-OM611-613 etulevy<br \/>-Polttoaineen sy\u00f6tt\u00f6putket tai laipat<\/p>\r\n\r\n\r\n\r\n<figure class=\"wp-block-embed is-type-video is-provider-youtube wp-block-embed-youtube wp-embed-aspect-16-9 wp-has-aspect-ratio\">\r\n<div class=\"wp-block-embed__wrapper\">https:\/\/youtu.be\/K0XrVSt28g8?si=Nd3hjW83_7ORrNNo<\/div>\r\n<\/figure>","protected":false},"excerpt":{"rendered":"<p>T\u00e4ll\u00e4 paketilla pystyt k\u00e4ytt\u00e4m\u00e4\u00e4n kahta korkeapainepumppua, testattu kilpa-autossamme 726whp asti. Suunniteltu niin, ett\u00e4 k\u00e4ytet\u00e4\u00e4n OM613 ja OM628 pumppuja rinnakkain. Etulevyn\u00e4 tulee k\u00e4ytt\u00e4\u00e4 vanhempaa mallia OM611\/OM612\/OM613 -moottoreista. K\u00e4yt\u00e4 my\u00f6s <a href=\"https:\/\/www.blacksmokeracing.com\/fi\/product\/billet-rail-pump-coupling\/\">billet kytkint\u00e4<\/a> p\u00e4\u00e4pumpulle. <a href=\"https:\/\/www.blacksmokeracing.com\/fi\/product\/mercedes-turbodiesel-race-parts\/engine\/billet-rail-pump-coupling\/\">aihion kytkent\u00e4<\/a> p\u00e4\u00e4pumpulle.<\/p>\n<p>Pakettiin sis\u00e4ltyv\u00e4t osat:<\/p>\n<ul>\n<li>Toisen pumpun sovitus adapteri ja pultit<\/li>\n<li>Kytkin nokkapy\u00f6r\u00e4\u00e4n<\/li>\n<li>KP -putki railtukin ja toisen pumpun v\u00e4lille<\/li>\n<li>Railtukkiin hitsattava lis\u00e4nippa toisen pumpun sy\u00f6tt\u00f6linjalle<\/li>\n<\/ul>\n<p>&nbsp;<\/p>\n<ul>\n<li>Helpoin tapa saada tarpeeksi polttoainetta yli 700hv<\/li>\n<li>Asenna toinen HP-pumppu<\/li>\n<li>OM611-613 &amp; OM646-648<\/li>\n<li>K\u00e4yt\u00e4 p\u00e4\u00e4pumppuna 400cdi pumppua<\/li>\n<li>OM61x pumppu toisena pumppuna<\/li>\n<li>k\u00e4ytett\u00e4ess\u00e4 OM64x-pumppua, pumput on hiottava sopivaksi<\/li>\n<\/ul>","protected":false},"featured_media":76199,"comment_status":"open","ping_status":"closed","template":"","meta":{"inline_featured_image":false,"_kad_blocks_custom_css":"","_kad_blocks_head_custom_js":"","_kad_blocks_body_custom_js":"","_kad_blocks_footer_custom_js":"","_kad_post_transparent":"default","_kad_post_title":"","_kad_post_layout":"default","_kad_post_sidebar_id":"","_kad_post_content_style":"default","_kad_post_vertical_padding":"default","_kad_post_feature":"","_kad_post_feature_position":"","_kad_post_header":false,"_kad_post_footer":false,"_kad_post_classname":"","cybocfi_hide_featured_image":""},"product_cat":[588,531],"product_tag":[],"product_brands":[8870],"class_list":{"0":"post-62342","1":"product","2":"type-product","3":"status-publish","4":"has-post-thumbnail","6":"product_cat-engine","7":"product_cat-mercedes-turbodiesel-race-parts","8":"product_brands-black-smoke-performance","10":"first","11":"instock","12":"taxable","13":"shipping-taxable","14":"purchasable","15":"product-type-simple","16":"entry","17":"content-bg","18":"loop-entry"},"yoast_head":"<!-- This site is optimized with the Yoast SEO Premium plugin v27.5 (Yoast SEO v27.5) - https:\/\/yoast.com\/product\/yoast-seo-premium-wordpress\/ -->\n<title>Dual HP -pump adapter - Black Smoke Ltd<\/title>\n<meta name=\"robots\" content=\"index, follow, max-snippet:-1, max-image-preview:large, max-video-preview:-1\" \/>\n<link rel=\"canonical\" href=\"https:\/\/www.blacksmokeracing.com\/fi\/product\/dual-hp-pump-adapters\/\" \/>\n<meta property=\"og:locale\" content=\"fi_FI\" \/>\n<meta property=\"og:type\" content=\"article\" \/>\n<meta property=\"og:title\" content=\"Dual HP -pump adapter\" \/>\n<meta property=\"og:description\" content=\"With this package you can run dual hp pumps on your CDI engine. This setup has been tested on the race car at 726whp. The setup is designed to be used with stock OM613 and OM628 pumps. Frontplate\/valve cover must be older model, from OM611\/OM612\/OM613. Please use the billet coupling for the main pump. Included parts  Second pump adapter and bolts coupling to cam gear high pressure pipe between 2nd pump and rail extra connector to be welded to the rail  &nbsp;  Cheap way to run over 700hp Fit another HP pump OM611-613 &amp; OM646-648 Main pump can be OM628 400cdi pump OM61x pump is bolt on in case of use OM64x pump, need to grind pumps to fit\" \/>\n<meta property=\"og:url\" content=\"https:\/\/www.blacksmokeracing.com\/fi\/product\/dual-hp-pump-adapters\/\" \/>\n<meta property=\"og:site_name\" content=\"Black Smoke Ltd\" \/>\n<meta property=\"article:publisher\" content=\"https:\/\/www.facebook.com\/blacksmokeracing\" \/>\n<meta property=\"article:modified_time\" content=\"2026-04-07T14:51:08+00:00\" \/>\n<meta property=\"og:image\" content=\"https:\/\/www.blacksmokeracing.com\/wp-content\/uploads\/DSC09186-scaled.jpg\" \/>\n\t<meta property=\"og:image:width\" content=\"1710\" \/>\n\t<meta property=\"og:image:height\" content=\"2560\" \/>\n\t<meta property=\"og:image:type\" content=\"image\/jpeg\" \/>\n<meta name=\"twitter:card\" content=\"summary_large_image\" \/>\n<meta name=\"twitter:site\" content=\"@BlackSmokeMedia\" \/>\n<meta name=\"twitter:label1\" content=\"Arvioitu lukuaika\" \/>\n\t<meta name=\"twitter:data1\" content=\"1 minuutti\" \/>\n<script type=\"application\/ld+json\" class=\"yoast-schema-graph\">{\"@context\":\"https:\\\/\\\/schema.org\",\"@graph\":[{\"@type\":[\"WebPage\",\"ItemPage\"],\"@id\":\"https:\\\/\\\/www.blacksmokeracing.com\\\/product\\\/dual-hp-pump-adapters\\\/\",\"url\":\"https:\\\/\\\/www.blacksmokeracing.com\\\/product\\\/dual-hp-pump-adapters\\\/\",\"name\":\"Dual HP -pump adapter - Black Smoke Ltd\",\"isPartOf\":{\"@id\":\"https:\\\/\\\/www.blacksmokeracing.com\\\/#website\"},\"primaryImageOfPage\":{\"@id\":\"https:\\\/\\\/www.blacksmokeracing.com\\\/product\\\/dual-hp-pump-adapters\\\/#primaryimage\"},\"image\":{\"@id\":\"https:\\\/\\\/www.blacksmokeracing.com\\\/product\\\/dual-hp-pump-adapters\\\/#primaryimage\"},\"thumbnailUrl\":\"https:\\\/\\\/www.blacksmokeracing.com\\\/wp-content\\\/uploads\\\/DSC09186-scaled.jpg\",\"datePublished\":\"2023-01-26T08:02:15+00:00\",\"dateModified\":\"2026-04-07T14:51:08+00:00\",\"breadcrumb\":{\"@id\":\"https:\\\/\\\/www.blacksmokeracing.com\\\/product\\\/dual-hp-pump-adapters\\\/#breadcrumb\"},\"inLanguage\":\"fi\",\"potentialAction\":[{\"@type\":\"ReadAction\",\"target\":[\"https:\\\/\\\/www.blacksmokeracing.com\\\/product\\\/dual-hp-pump-adapters\\\/\"]}]},{\"@type\":\"ImageObject\",\"inLanguage\":\"fi\",\"@id\":\"https:\\\/\\\/www.blacksmokeracing.com\\\/product\\\/dual-hp-pump-adapters\\\/#primaryimage\",\"url\":\"https:\\\/\\\/www.blacksmokeracing.com\\\/wp-content\\\/uploads\\\/DSC09186-scaled.jpg\",\"contentUrl\":\"https:\\\/\\\/www.blacksmokeracing.com\\\/wp-content\\\/uploads\\\/DSC09186-scaled.jpg\",\"width\":1710,\"height\":2560},{\"@type\":\"BreadcrumbList\",\"@id\":\"https:\\\/\\\/www.blacksmokeracing.com\\\/product\\\/dual-hp-pump-adapters\\\/#breadcrumb\",\"itemListElement\":[{\"@type\":\"ListItem\",\"position\":1,\"name\":\"Home\",\"item\":\"https:\\\/\\\/www.blacksmokeracing.com\\\/\"},{\"@type\":\"ListItem\",\"position\":2,\"name\":\"Shop\",\"item\":\"https:\\\/\\\/www.blacksmokeracing.com\\\/shop\\\/\"},{\"@type\":\"ListItem\",\"position\":3,\"name\":\"Dual HP -pump adapter\"}]},{\"@type\":\"WebSite\",\"@id\":\"https:\\\/\\\/www.blacksmokeracing.com\\\/#website\",\"url\":\"https:\\\/\\\/www.blacksmokeracing.com\\\/\",\"name\":\"Black Smoke Ltd\",\"description\":\"Not the most successful drifting team\",\"publisher\":{\"@id\":\"https:\\\/\\\/www.blacksmokeracing.com\\\/#organization\"},\"potentialAction\":[{\"@type\":\"SearchAction\",\"target\":{\"@type\":\"EntryPoint\",\"urlTemplate\":\"https:\\\/\\\/www.blacksmokeracing.com\\\/?s={search_term_string}\"},\"query-input\":{\"@type\":\"PropertyValueSpecification\",\"valueRequired\":true,\"valueName\":\"search_term_string\"}}],\"inLanguage\":\"fi\"},{\"@type\":\"Organization\",\"@id\":\"https:\\\/\\\/www.blacksmokeracing.com\\\/#organization\",\"name\":\"Black Smoke Oy Ltd\",\"url\":\"https:\\\/\\\/www.blacksmokeracing.com\\\/\",\"logo\":{\"@type\":\"ImageObject\",\"inLanguage\":\"fi\",\"@id\":\"https:\\\/\\\/www.blacksmokeracing.com\\\/#\\\/schema\\\/logo\\\/image\\\/\",\"url\":\"https:\\\/\\\/www.blacksmokeracing.com\\\/wp-content\\\/uploads\\\/2017\\\/11\\\/Black-Smoke-Logo.png\",\"contentUrl\":\"https:\\\/\\\/www.blacksmokeracing.com\\\/wp-content\\\/uploads\\\/2017\\\/11\\\/Black-Smoke-Logo.png\",\"width\":319,\"height\":97,\"caption\":\"Black Smoke Oy Ltd\"},\"image\":{\"@id\":\"https:\\\/\\\/www.blacksmokeracing.com\\\/#\\\/schema\\\/logo\\\/image\\\/\"},\"sameAs\":[\"https:\\\/\\\/www.facebook.com\\\/blacksmokeracing\",\"https:\\\/\\\/x.com\\\/BlackSmokeMedia\"]}]}<\/script>\n<!-- \/ Yoast SEO Premium plugin. -->","yoast_head_json":{"title":"Dual HP -pumppusovitin - Black Smoke Ltd","robots":{"index":"index","follow":"follow","max-snippet":"max-snippet:-1","max-image-preview":"max-image-preview:large","max-video-preview":"max-video-preview:-1"},"canonical":"https:\/\/www.blacksmokeracing.com\/fi\/product\/dual-hp-pump-adapters\/","og_locale":"fi_FI","og_type":"article","og_title":"Dual HP -pump adapter","og_description":"With this package you can run dual hp pumps on your CDI engine. This setup has been tested on the race car at 726whp. The setup is designed to be used with stock OM613 and OM628 pumps. Frontplate\/valve cover must be older model, from OM611\/OM612\/OM613. Please use the billet coupling for the main pump. Included parts  Second pump adapter and bolts coupling to cam gear high pressure pipe between 2nd pump and rail extra connector to be welded to the rail  &nbsp;  Cheap way to run over 700hp Fit another HP pump OM611-613 &amp; OM646-648 Main pump can be OM628 400cdi pump OM61x pump is bolt on in case of use OM64x pump, need to grind pumps to fit","og_url":"https:\/\/www.blacksmokeracing.com\/fi\/product\/dual-hp-pump-adapters\/","og_site_name":"Black Smoke Ltd","article_publisher":"https:\/\/www.facebook.com\/blacksmokeracing","article_modified_time":"2026-04-07T14:51:08+00:00","og_image":[{"width":1710,"height":2560,"url":"https:\/\/www.blacksmokeracing.com\/wp-content\/uploads\/DSC09186-scaled.jpg","type":"image\/jpeg"}],"twitter_card":"summary_large_image","twitter_site":"@BlackSmokeMedia","twitter_misc":{"Arvioitu lukuaika":"1 minuutti"},"schema":{"@context":"https:\/\/schema.org","@graph":[{"@type":["WebPage","ItemPage"],"@id":"https:\/\/www.blacksmokeracing.com\/product\/dual-hp-pump-adapters\/","url":"https:\/\/www.blacksmokeracing.com\/product\/dual-hp-pump-adapters\/","name":"Dual HP -pumppusovitin - Black Smoke Ltd","isPartOf":{"@id":"https:\/\/www.blacksmokeracing.com\/#website"},"primaryImageOfPage":{"@id":"https:\/\/www.blacksmokeracing.com\/product\/dual-hp-pump-adapters\/#primaryimage"},"image":{"@id":"https:\/\/www.blacksmokeracing.com\/product\/dual-hp-pump-adapters\/#primaryimage"},"thumbnailUrl":"https:\/\/www.blacksmokeracing.com\/wp-content\/uploads\/DSC09186-scaled.jpg","datePublished":"2023-01-26T08:02:15+00:00","dateModified":"2026-04-07T14:51:08+00:00","breadcrumb":{"@id":"https:\/\/www.blacksmokeracing.com\/product\/dual-hp-pump-adapters\/#breadcrumb"},"inLanguage":"fi","potentialAction":[{"@type":"ReadAction","target":["https:\/\/www.blacksmokeracing.com\/product\/dual-hp-pump-adapters\/"]}]},{"@type":"ImageObject","inLanguage":"fi","@id":"https:\/\/www.blacksmokeracing.com\/product\/dual-hp-pump-adapters\/#primaryimage","url":"https:\/\/www.blacksmokeracing.com\/wp-content\/uploads\/DSC09186-scaled.jpg","contentUrl":"https:\/\/www.blacksmokeracing.com\/wp-content\/uploads\/DSC09186-scaled.jpg","width":1710,"height":2560},{"@type":"BreadcrumbList","@id":"https:\/\/www.blacksmokeracing.com\/product\/dual-hp-pump-adapters\/#breadcrumb","itemListElement":[{"@type":"ListItem","position":1,"name":"Home","item":"https:\/\/www.blacksmokeracing.com\/"},{"@type":"ListItem","position":2,"name":"Shop","item":"https:\/\/www.blacksmokeracing.com\/shop\/"},{"@type":"ListItem","position":3,"name":"Dual HP -pump adapter"}]},{"@type":"WebSite","@id":"https:\/\/www.blacksmokeracing.com\/#website","url":"https:\/\/www.blacksmokeracing.com\/","name":"Black Smoke Oy","description":"Not the most successful drifting team","publisher":{"@id":"https:\/\/www.blacksmokeracing.com\/#organization"},"potentialAction":[{"@type":"SearchAction","target":{"@type":"EntryPoint","urlTemplate":"https:\/\/www.blacksmokeracing.com\/?s={search_term_string}"},"query-input":{"@type":"PropertyValueSpecification","valueRequired":true,"valueName":"search_term_string"}}],"inLanguage":"fi"},{"@type":"Organization","@id":"https:\/\/www.blacksmokeracing.com\/#organization","name":"Black Smoke Oy","url":"https:\/\/www.blacksmokeracing.com\/","logo":{"@type":"ImageObject","inLanguage":"fi","@id":"https:\/\/www.blacksmokeracing.com\/#\/schema\/logo\/image\/","url":"https:\/\/www.blacksmokeracing.com\/wp-content\/uploads\/2017\/11\/Black-Smoke-Logo.png","contentUrl":"https:\/\/www.blacksmokeracing.com\/wp-content\/uploads\/2017\/11\/Black-Smoke-Logo.png","width":319,"height":97,"caption":"Black Smoke Oy Ltd"},"image":{"@id":"https:\/\/www.blacksmokeracing.com\/#\/schema\/logo\/image\/"},"sameAs":["https:\/\/www.facebook.com\/blacksmokeracing","https:\/\/x.com\/BlackSmokeMedia"]}]}},"taxonomy_info":{"product_cat":[{"value":588,"label":"Engine"},{"value":531,"label":"Turbodiesel Race parts"}],"product_brands":[{"value":8870,"label":"Black Smoke Performance"}]},"featured_image_src_large":["https:\/\/www.blacksmokeracing.com\/wp-content\/uploads\/DSC09186-1170x1752.jpg",1170,1752,true],"author_info":[],"comment_info":0,"_links":{"self":[{"href":"https:\/\/www.blacksmokeracing.com\/fi\/wp-json\/wp\/v2\/product\/62342","targetHints":{"allow":["GET"]}}],"collection":[{"href":"https:\/\/www.blacksmokeracing.com\/fi\/wp-json\/wp\/v2\/product"}],"about":[{"href":"https:\/\/www.blacksmokeracing.com\/fi\/wp-json\/wp\/v2\/types\/product"}],"replies":[{"embeddable":true,"href":"https:\/\/www.blacksmokeracing.com\/fi\/wp-json\/wp\/v2\/comments?post=62342"}],"wp:featuredmedia":[{"embeddable":true,"href":"https:\/\/www.blacksmokeracing.com\/fi\/wp-json\/wp\/v2\/media\/76199"}],"wp:attachment":[{"href":"https:\/\/www.blacksmokeracing.com\/fi\/wp-json\/wp\/v2\/media?parent=62342"}],"wp:term":[{"taxonomy":"product_cat","embeddable":true,"href":"https:\/\/www.blacksmokeracing.com\/fi\/wp-json\/wp\/v2\/product_cat?post=62342"},{"taxonomy":"product_tag","embeddable":true,"href":"https:\/\/www.blacksmokeracing.com\/fi\/wp-json\/wp\/v2\/product_tag?post=62342"},{"taxonomy":"product_brands","embeddable":true,"href":"https:\/\/www.blacksmokeracing.com\/fi\/wp-json\/wp\/v2\/product_brands?post=62342"}],"curies":[{"name":"wp","href":"https:\/\/api.w.org\/{rel}","templated":true}]}}