{"id":57057,"date":"2022-10-20T11:50:18","date_gmt":"2022-10-20T08:50:18","guid":{"rendered":"https:\/\/www.blacksmokeracing.com\/?post_type=product&#038;p=57057"},"modified":"2026-02-10T14:50:19","modified_gmt":"2026-02-10T12:50:19","slug":"injector-service","status":"publish","type":"product","link":"https:\/\/www.blacksmokeracing.com\/fi\/product\/injector-service\/","title":{"rendered":"Suutinhuolto"},"content":{"rendered":"","protected":false},"excerpt":{"rendered":"<p>Huollamme <strong>BOSCH<\/strong> suuttimesi, vaihdamme tiivisteen ja mittaamme.<\/p>\n<p>Hinta on yhdelle suuttimelle. Valitse oikea m\u00e4\u00e4r\u00e4 huollettavia suuttimia.<\/p>\n<p>Pid\u00e4 polttoainesuuttimet puhtaina varmistaaksesi, ett\u00e4 moottorisi toimii hyvin. Puhdistamme suuttimista ajan saatossa kertyneet noet ja liat. Tarkistamme ohivuodot ja vaihdamme kuluneet tiivisteet. Huolto parantaa polttoainetaloudellisuutta, v\u00e4hent\u00e4\u00e4 p\u00e4\u00e4st\u00f6j\u00e4 ja pident\u00e4\u00e4 moottorin k\u00e4ytt\u00f6ik\u00e4\u00e4.<\/p>\n<p>K\u00e4yt\u00e4mme huoltoon Boschin testipenkki\u00e4 ja Mitutoyo-ty\u00f6kaluja. Saat my\u00f6s testiraportin suuttimista.<\/p>\n<ul>\n<li>Pystymme huoltamaan useita Bosch merkkisi\u00e4 suuttimia.<\/li>\n<\/ul>\n<p>Jos l\u00e4het\u00e4t meille l\u00e4hetyksen, l\u00e4hetysohjeet l\u00f6ytyv\u00e4t t\u00e4\u00e4lt\u00e4:<br \/>\n<a href=\"https:\/\/www.blacksmokeracing.com\/fi\/shipping\/\" target=\"_blank\" rel=\"noopener\">https:\/\/www.blacksmokeracing.com\/fi\/shipping\/<\/a><\/p>","protected":false},"featured_media":0,"comment_status":"open","ping_status":"closed","template":"","meta":{"inline_featured_image":false,"_kad_blocks_custom_css":"","_kad_blocks_head_custom_js":"","_kad_blocks_body_custom_js":"","_kad_blocks_footer_custom_js":"","_kad_post_transparent":"default","_kad_post_title":"","_kad_post_layout":"default","_kad_post_sidebar_id":"","_kad_post_content_style":"default","_kad_post_vertical_padding":"default","_kad_post_feature":"","_kad_post_feature_position":"","_kad_post_header":false,"_kad_post_footer":false,"_kad_post_classname":"","cybocfi_hide_featured_image":""},"product_cat":[586,8883,531],"product_tag":[],"product_brands":[8870],"class_list":{"0":"post-57057","1":"product","2":"type-product","3":"status-publish","5":"product_cat-fuel-system","6":"product_cat-injectors","7":"product_cat-mercedes-turbodiesel-race-parts","8":"product_brands-black-smoke-performance","10":"first","11":"instock","12":"taxable","13":"shipping-taxable","14":"purchasable","15":"product-type-simple","16":"entry","17":"content-bg","18":"loop-entry"},"yoast_head":"<!-- This site is optimized with the Yoast SEO Premium plugin v27.3 (Yoast SEO v27.3) - https:\/\/yoast.com\/product\/yoast-seo-premium-wordpress\/ -->\n<title>Injector service - Black Smoke Ltd<\/title>\n<meta name=\"robots\" content=\"index, follow, max-snippet:-1, max-image-preview:large, max-video-preview:-1\" \/>\n<link rel=\"canonical\" href=\"https:\/\/www.blacksmokeracing.com\/fi\/product\/injector-service\/\" \/>\n<meta property=\"og:locale\" content=\"fi_FI\" \/>\n<meta property=\"og:type\" content=\"article\" \/>\n<meta property=\"og:title\" content=\"Injector service\" \/>\n<meta property=\"og:description\" content=\"We service your BOSCH injector, change the gasket and measure it.  The price is for one injector. Select the correct number of serviceable injectors.  Keep your fuel injectors clean to ensure your engine runs well. We clean them to remove carbon and deposits. We check for leaks and replace worn seals. Maintenance improves fuel efficiency, reduces emissions, and extends engine life.  We use a Bosch test bench and Mitutoyo tools for maintenance. You will also receive a test report for the injectors.   We offer servicing of injectors for most of the Bosch models  If you are sending us a shipment, shipping instructions can be found here: https:\/\/www.blacksmokeracing.com\/shipping\/\" \/>\n<meta property=\"og:url\" content=\"https:\/\/www.blacksmokeracing.com\/fi\/product\/injector-service\/\" \/>\n<meta property=\"og:site_name\" content=\"Black Smoke Ltd\" \/>\n<meta property=\"article:publisher\" content=\"https:\/\/www.facebook.com\/blacksmokeracing\" \/>\n<meta property=\"article:modified_time\" content=\"2026-02-10T12:50:19+00:00\" \/>\n<meta property=\"og:image\" content=\"https:\/\/www.blacksmokeracing.com\/wp-content\/uploads\/2014\/04\/nexteventbg.png\" \/>\n<meta name=\"twitter:card\" content=\"summary_large_image\" \/>\n<meta name=\"twitter:site\" content=\"@BlackSmokeMedia\" \/>\n<script type=\"application\/ld+json\" class=\"yoast-schema-graph\">{\"@context\":\"https:\\\/\\\/schema.org\",\"@graph\":[{\"@type\":[\"WebPage\",\"ItemPage\"],\"@id\":\"https:\\\/\\\/www.blacksmokeracing.com\\\/product\\\/injector-service\\\/\",\"url\":\"https:\\\/\\\/www.blacksmokeracing.com\\\/product\\\/injector-service\\\/\",\"name\":\"Injector service - Black Smoke Ltd\",\"isPartOf\":{\"@id\":\"https:\\\/\\\/www.blacksmokeracing.com\\\/#website\"},\"datePublished\":\"2022-10-20T08:50:18+00:00\",\"dateModified\":\"2026-02-10T12:50:19+00:00\",\"breadcrumb\":{\"@id\":\"https:\\\/\\\/www.blacksmokeracing.com\\\/product\\\/injector-service\\\/#breadcrumb\"},\"inLanguage\":\"fi\",\"potentialAction\":[{\"@type\":\"ReadAction\",\"target\":[\"https:\\\/\\\/www.blacksmokeracing.com\\\/product\\\/injector-service\\\/\"]}]},{\"@type\":\"BreadcrumbList\",\"@id\":\"https:\\\/\\\/www.blacksmokeracing.com\\\/product\\\/injector-service\\\/#breadcrumb\",\"itemListElement\":[{\"@type\":\"ListItem\",\"position\":1,\"name\":\"Home\",\"item\":\"https:\\\/\\\/www.blacksmokeracing.com\\\/\"},{\"@type\":\"ListItem\",\"position\":2,\"name\":\"Shop\",\"item\":\"https:\\\/\\\/www.blacksmokeracing.com\\\/shop\\\/\"},{\"@type\":\"ListItem\",\"position\":3,\"name\":\"Injector service\"}]},{\"@type\":\"WebSite\",\"@id\":\"https:\\\/\\\/www.blacksmokeracing.com\\\/#website\",\"url\":\"https:\\\/\\\/www.blacksmokeracing.com\\\/\",\"name\":\"Black Smoke Ltd\",\"description\":\"Not the most successful drifting team\",\"publisher\":{\"@id\":\"https:\\\/\\\/www.blacksmokeracing.com\\\/#organization\"},\"potentialAction\":[{\"@type\":\"SearchAction\",\"target\":{\"@type\":\"EntryPoint\",\"urlTemplate\":\"https:\\\/\\\/www.blacksmokeracing.com\\\/?s={search_term_string}\"},\"query-input\":{\"@type\":\"PropertyValueSpecification\",\"valueRequired\":true,\"valueName\":\"search_term_string\"}}],\"inLanguage\":\"fi\"},{\"@type\":\"Organization\",\"@id\":\"https:\\\/\\\/www.blacksmokeracing.com\\\/#organization\",\"name\":\"Black Smoke Oy Ltd\",\"url\":\"https:\\\/\\\/www.blacksmokeracing.com\\\/\",\"logo\":{\"@type\":\"ImageObject\",\"inLanguage\":\"fi\",\"@id\":\"https:\\\/\\\/www.blacksmokeracing.com\\\/#\\\/schema\\\/logo\\\/image\\\/\",\"url\":\"https:\\\/\\\/www.blacksmokeracing.com\\\/wp-content\\\/uploads\\\/2017\\\/11\\\/Black-Smoke-Logo.png\",\"contentUrl\":\"https:\\\/\\\/www.blacksmokeracing.com\\\/wp-content\\\/uploads\\\/2017\\\/11\\\/Black-Smoke-Logo.png\",\"width\":319,\"height\":97,\"caption\":\"Black Smoke Oy Ltd\"},\"image\":{\"@id\":\"https:\\\/\\\/www.blacksmokeracing.com\\\/#\\\/schema\\\/logo\\\/image\\\/\"},\"sameAs\":[\"https:\\\/\\\/www.facebook.com\\\/blacksmokeracing\",\"https:\\\/\\\/x.com\\\/BlackSmokeMedia\"]}]}<\/script>\n<!-- \/ Yoast SEO Premium plugin. -->","yoast_head_json":{"title":"Suutinhuolto - Black Smoke Ltd","robots":{"index":"index","follow":"follow","max-snippet":"max-snippet:-1","max-image-preview":"max-image-preview:large","max-video-preview":"max-video-preview:-1"},"canonical":"https:\/\/www.blacksmokeracing.com\/fi\/product\/injector-service\/","og_locale":"fi_FI","og_type":"article","og_title":"Injector service","og_description":"We service your BOSCH injector, change the gasket and measure it.  The price is for one injector. Select the correct number of serviceable injectors.  Keep your fuel injectors clean to ensure your engine runs well. We clean them to remove carbon and deposits. We check for leaks and replace worn seals. Maintenance improves fuel efficiency, reduces emissions, and extends engine life.  We use a Bosch test bench and Mitutoyo tools for maintenance. You will also receive a test report for the injectors.   We offer servicing of injectors for most of the Bosch models  If you are sending us a shipment, shipping instructions can be found here: https:\/\/www.blacksmokeracing.com\/shipping\/","og_url":"https:\/\/www.blacksmokeracing.com\/fi\/product\/injector-service\/","og_site_name":"Black Smoke Ltd","article_publisher":"https:\/\/www.facebook.com\/blacksmokeracing","article_modified_time":"2026-02-10T12:50:19+00:00","og_image":[{"url":"https:\/\/www.blacksmokeracing.com\/wp-content\/uploads\/2014\/04\/nexteventbg.png","type":"","width":"","height":""}],"twitter_card":"summary_large_image","twitter_site":"@BlackSmokeMedia","schema":{"@context":"https:\/\/schema.org","@graph":[{"@type":["WebPage","ItemPage"],"@id":"https:\/\/www.blacksmokeracing.com\/product\/injector-service\/","url":"https:\/\/www.blacksmokeracing.com\/product\/injector-service\/","name":"Suutinhuolto - Black Smoke Ltd","isPartOf":{"@id":"https:\/\/www.blacksmokeracing.com\/#website"},"datePublished":"2022-10-20T08:50:18+00:00","dateModified":"2026-02-10T12:50:19+00:00","breadcrumb":{"@id":"https:\/\/www.blacksmokeracing.com\/product\/injector-service\/#breadcrumb"},"inLanguage":"fi","potentialAction":[{"@type":"ReadAction","target":["https:\/\/www.blacksmokeracing.com\/product\/injector-service\/"]}]},{"@type":"BreadcrumbList","@id":"https:\/\/www.blacksmokeracing.com\/product\/injector-service\/#breadcrumb","itemListElement":[{"@type":"ListItem","position":1,"name":"Home","item":"https:\/\/www.blacksmokeracing.com\/"},{"@type":"ListItem","position":2,"name":"Shop","item":"https:\/\/www.blacksmokeracing.com\/shop\/"},{"@type":"ListItem","position":3,"name":"Injector service"}]},{"@type":"WebSite","@id":"https:\/\/www.blacksmokeracing.com\/#website","url":"https:\/\/www.blacksmokeracing.com\/","name":"Black Smoke Oy","description":"Not the most successful drifting team","publisher":{"@id":"https:\/\/www.blacksmokeracing.com\/#organization"},"potentialAction":[{"@type":"SearchAction","target":{"@type":"EntryPoint","urlTemplate":"https:\/\/www.blacksmokeracing.com\/?s={search_term_string}"},"query-input":{"@type":"PropertyValueSpecification","valueRequired":true,"valueName":"search_term_string"}}],"inLanguage":"fi"},{"@type":"Organization","@id":"https:\/\/www.blacksmokeracing.com\/#organization","name":"Black Smoke Oy","url":"https:\/\/www.blacksmokeracing.com\/","logo":{"@type":"ImageObject","inLanguage":"fi","@id":"https:\/\/www.blacksmokeracing.com\/#\/schema\/logo\/image\/","url":"https:\/\/www.blacksmokeracing.com\/wp-content\/uploads\/2017\/11\/Black-Smoke-Logo.png","contentUrl":"https:\/\/www.blacksmokeracing.com\/wp-content\/uploads\/2017\/11\/Black-Smoke-Logo.png","width":319,"height":97,"caption":"Black Smoke Oy Ltd"},"image":{"@id":"https:\/\/www.blacksmokeracing.com\/#\/schema\/logo\/image\/"},"sameAs":["https:\/\/www.facebook.com\/blacksmokeracing","https:\/\/x.com\/BlackSmokeMedia"]}]}},"taxonomy_info":{"product_cat":[{"value":586,"label":"Fuel system"},{"value":8883,"label":"Injectors"},{"value":531,"label":"Turbodiesel Race parts"}],"product_brands":[{"value":8870,"label":"Black Smoke Performance"}]},"featured_image_src_large":false,"author_info":[],"comment_info":0,"_links":{"self":[{"href":"https:\/\/www.blacksmokeracing.com\/fi\/wp-json\/wp\/v2\/product\/57057","targetHints":{"allow":["GET"]}}],"collection":[{"href":"https:\/\/www.blacksmokeracing.com\/fi\/wp-json\/wp\/v2\/product"}],"about":[{"href":"https:\/\/www.blacksmokeracing.com\/fi\/wp-json\/wp\/v2\/types\/product"}],"replies":[{"embeddable":true,"href":"https:\/\/www.blacksmokeracing.com\/fi\/wp-json\/wp\/v2\/comments?post=57057"}],"wp:attachment":[{"href":"https:\/\/www.blacksmokeracing.com\/fi\/wp-json\/wp\/v2\/media?parent=57057"}],"wp:term":[{"taxonomy":"product_cat","embeddable":true,"href":"https:\/\/www.blacksmokeracing.com\/fi\/wp-json\/wp\/v2\/product_cat?post=57057"},{"taxonomy":"product_tag","embeddable":true,"href":"https:\/\/www.blacksmokeracing.com\/fi\/wp-json\/wp\/v2\/product_tag?post=57057"},{"taxonomy":"product_brands","embeddable":true,"href":"https:\/\/www.blacksmokeracing.com\/fi\/wp-json\/wp\/v2\/product_brands?post=57057"}],"curies":[{"name":"wp","href":"https:\/\/api.w.org\/{rel}","templated":true}]}}