{"id":56928,"date":"2022-10-07T10:39:22","date_gmt":"2022-10-07T07:39:22","guid":{"rendered":"https:\/\/www.blacksmokeracing.com\/?post_type=product&#038;p=56928"},"modified":"2026-04-18T04:20:47","modified_gmt":"2026-04-18T01:20:47","slug":"om606-h-profile-connection-rod-with-arp-bolts","status":"publish","type":"product","link":"https:\/\/www.blacksmokeracing.com\/fi\/product\/om606-h-profile-connection-rod-with-arp-bolts\/","title":{"rendered":"OM606 H-Profile connecting rod with ARP bolts"},"content":{"rendered":"","protected":false},"excerpt":{"rendered":"<p><strong>BESTSELLER - JO YLI 1000KPL MYYTY<br \/>\n<\/strong>Yhteensopiva vain turbomoottoreiden m\u00e4ntien kanssa (28mm m\u00e4nn\u00e4ntapille).<strong><br \/>\n<\/strong><\/p>\n<p>T\u00e4m\u00e4 on niputettu tuote, joka koostuu yhdest\u00e4 liitostangosta ja kahdesta ARP-liitostangon pultista. N\u00e4iss\u00e4 tangoissa k\u00e4ytetyt pultit ovat my\u00f6s isompia kuin varastossa olevat pultit. Jokainen tanko on erikseen tarkastettu Suomessa painon ja mittojen osalta, liitostanko on valmis k\u00e4ytett\u00e4v\u00e4ksi OM606 varastolaakereiden STD-koon kanssa. CDI-mallimme tangot, joka on hyvin samanlainen kuin t\u00e4m\u00e4 - on testattu 820whp:ll\u00e4 navan p\u00e4\u00e4lt\u00e4 ilman vikoja.<\/p>\n<ul>\n<li>Paino 5g sis\u00e4\u00e4n<\/li>\n<li>Sis\u00e4lt\u00e4\u00e4 pultit: ARP 3\/8\u2032- 1.600\u2032<\/li>\n<li>Sopii OM606, OM605, OM604<\/li>\n<li>K\u00e4yt\u00e4 OM606 STD -laakereita<\/li>\n<\/ul>\n<p>K\u00e4yt\u00e4 OM606 STD -laakereita vuonna 2025 ja sen j\u00e4lkeen ostetuissa sauvoissa.<\/p>","protected":false},"featured_media":49702,"comment_status":"open","ping_status":"closed","template":"","meta":{"inline_featured_image":false,"_kad_blocks_custom_css":"","_kad_blocks_head_custom_js":"","_kad_blocks_body_custom_js":"","_kad_blocks_footer_custom_js":"","_kad_post_transparent":"default","_kad_post_title":"","_kad_post_layout":"default","_kad_post_sidebar_id":"","_kad_post_content_style":"default","_kad_post_vertical_padding":"default","_kad_post_feature":"","_kad_post_feature_position":"","_kad_post_header":false,"_kad_post_footer":false,"_kad_post_classname":"","cybocfi_hide_featured_image":""},"product_cat":[588,531],"product_tag":[],"product_brands":[8870],"class_list":{"0":"post-56928","1":"product","2":"type-product","3":"status-publish","4":"has-post-thumbnail","6":"product_cat-engine","7":"product_cat-mercedes-turbodiesel-race-parts","8":"product_brands-black-smoke-performance","10":"first","11":"instock","12":"taxable","13":"shipping-taxable","14":"purchasable","15":"product-type-woosb","16":"entry","17":"content-bg","18":"loop-entry"},"yoast_head":"<!-- This site is optimized with the Yoast SEO Premium plugin v27.4 (Yoast SEO v27.4) - https:\/\/yoast.com\/product\/yoast-seo-premium-wordpress\/ -->\n<title>OM606 H-Profile connecting rod with ARP bolts - Black Smoke Ltd<\/title>\n<meta name=\"robots\" content=\"index, follow, max-snippet:-1, max-image-preview:large, max-video-preview:-1\" \/>\n<link rel=\"canonical\" href=\"https:\/\/www.blacksmokeracing.com\/fi\/product\/om606-h-profile-connection-rod-with-arp-bolts\/\" \/>\n<meta property=\"og:locale\" content=\"fi_FI\" \/>\n<meta property=\"og:type\" content=\"article\" \/>\n<meta property=\"og:title\" content=\"OM606 H-Profile connecting rod with ARP bolts\" \/>\n<meta property=\"og:description\" content=\"BESTSELLER - OVER 1000PCS ALREADY SOLD Works only with turbo engine pistons (28mm wristpin)   This is a bundled product, consisting of one connection rod and two ARP connection rod bolts. The bolts used on these rods are also bigger than the stock ones. Every rod is individually checked in Finland for weight and dimension, the connection rod is ready to be used with OM606 stock bearings STD size. The CDI model of our rods, which is very similar to this one - have been tested at 820whp from the hub without failure.   Balanced within 5g.  Bolts: ARP 3\/8\u2032- 1.600\u2032 included  Fits OM604-OM606 engines  Use OM606 STD bearings  Use OM606 STD bearings for rods purchased in 2025 and later.\" \/>\n<meta property=\"og:url\" content=\"https:\/\/www.blacksmokeracing.com\/fi\/product\/om606-h-profile-connection-rod-with-arp-bolts\/\" \/>\n<meta property=\"og:site_name\" content=\"Black Smoke Ltd\" \/>\n<meta property=\"article:publisher\" content=\"https:\/\/www.facebook.com\/blacksmokeracing\" \/>\n<meta property=\"article:modified_time\" content=\"2026-04-18T01:20:47+00:00\" \/>\n<meta property=\"og:image\" content=\"https:\/\/www.blacksmokeracing.com\/wp-content\/uploads\/JAK1980-scaled.jpg\" \/>\n\t<meta property=\"og:image:width\" content=\"2560\" \/>\n\t<meta property=\"og:image:height\" content=\"1707\" \/>\n\t<meta property=\"og:image:type\" content=\"image\/jpeg\" \/>\n<meta name=\"twitter:card\" content=\"summary_large_image\" \/>\n<meta name=\"twitter:site\" content=\"@BlackSmokeMedia\" \/>\n<meta name=\"twitter:label1\" content=\"Arvioitu lukuaika\" \/>\n\t<meta name=\"twitter:data1\" content=\"1 minuutti\" \/>\n<script type=\"application\/ld+json\" class=\"yoast-schema-graph\">{\"@context\":\"https:\\\/\\\/schema.org\",\"@graph\":[{\"@type\":[\"WebPage\",\"ItemPage\"],\"@id\":\"https:\\\/\\\/www.blacksmokeracing.com\\\/product\\\/om606-h-profile-connection-rod-with-arp-bolts\\\/\",\"url\":\"https:\\\/\\\/www.blacksmokeracing.com\\\/product\\\/om606-h-profile-connection-rod-with-arp-bolts\\\/\",\"name\":\"OM606 H-Profile connecting rod with ARP bolts - Black Smoke Ltd\",\"isPartOf\":{\"@id\":\"https:\\\/\\\/www.blacksmokeracing.com\\\/#website\"},\"primaryImageOfPage\":{\"@id\":\"https:\\\/\\\/www.blacksmokeracing.com\\\/product\\\/om606-h-profile-connection-rod-with-arp-bolts\\\/#primaryimage\"},\"image\":{\"@id\":\"https:\\\/\\\/www.blacksmokeracing.com\\\/product\\\/om606-h-profile-connection-rod-with-arp-bolts\\\/#primaryimage\"},\"thumbnailUrl\":\"https:\\\/\\\/www.blacksmokeracing.com\\\/wp-content\\\/uploads\\\/JAK1980-scaled.jpg\",\"datePublished\":\"2022-10-07T07:39:22+00:00\",\"dateModified\":\"2026-04-18T01:20:47+00:00\",\"breadcrumb\":{\"@id\":\"https:\\\/\\\/www.blacksmokeracing.com\\\/product\\\/om606-h-profile-connection-rod-with-arp-bolts\\\/#breadcrumb\"},\"inLanguage\":\"fi\",\"potentialAction\":[{\"@type\":\"ReadAction\",\"target\":[\"https:\\\/\\\/www.blacksmokeracing.com\\\/product\\\/om606-h-profile-connection-rod-with-arp-bolts\\\/\"]}]},{\"@type\":\"ImageObject\",\"inLanguage\":\"fi\",\"@id\":\"https:\\\/\\\/www.blacksmokeracing.com\\\/product\\\/om606-h-profile-connection-rod-with-arp-bolts\\\/#primaryimage\",\"url\":\"https:\\\/\\\/www.blacksmokeracing.com\\\/wp-content\\\/uploads\\\/JAK1980-scaled.jpg\",\"contentUrl\":\"https:\\\/\\\/www.blacksmokeracing.com\\\/wp-content\\\/uploads\\\/JAK1980-scaled.jpg\",\"width\":2560,\"height\":1707},{\"@type\":\"BreadcrumbList\",\"@id\":\"https:\\\/\\\/www.blacksmokeracing.com\\\/product\\\/om606-h-profile-connection-rod-with-arp-bolts\\\/#breadcrumb\",\"itemListElement\":[{\"@type\":\"ListItem\",\"position\":1,\"name\":\"Home\",\"item\":\"https:\\\/\\\/www.blacksmokeracing.com\\\/\"},{\"@type\":\"ListItem\",\"position\":2,\"name\":\"Shop\",\"item\":\"https:\\\/\\\/www.blacksmokeracing.com\\\/shop\\\/\"},{\"@type\":\"ListItem\",\"position\":3,\"name\":\"OM606 H-Profile connecting rod with ARP bolts\"}]},{\"@type\":\"WebSite\",\"@id\":\"https:\\\/\\\/www.blacksmokeracing.com\\\/#website\",\"url\":\"https:\\\/\\\/www.blacksmokeracing.com\\\/\",\"name\":\"Black Smoke Ltd\",\"description\":\"Not the most successful drifting team\",\"publisher\":{\"@id\":\"https:\\\/\\\/www.blacksmokeracing.com\\\/#organization\"},\"potentialAction\":[{\"@type\":\"SearchAction\",\"target\":{\"@type\":\"EntryPoint\",\"urlTemplate\":\"https:\\\/\\\/www.blacksmokeracing.com\\\/?s={search_term_string}\"},\"query-input\":{\"@type\":\"PropertyValueSpecification\",\"valueRequired\":true,\"valueName\":\"search_term_string\"}}],\"inLanguage\":\"fi\"},{\"@type\":\"Organization\",\"@id\":\"https:\\\/\\\/www.blacksmokeracing.com\\\/#organization\",\"name\":\"Black Smoke Oy Ltd\",\"url\":\"https:\\\/\\\/www.blacksmokeracing.com\\\/\",\"logo\":{\"@type\":\"ImageObject\",\"inLanguage\":\"fi\",\"@id\":\"https:\\\/\\\/www.blacksmokeracing.com\\\/#\\\/schema\\\/logo\\\/image\\\/\",\"url\":\"https:\\\/\\\/www.blacksmokeracing.com\\\/wp-content\\\/uploads\\\/2017\\\/11\\\/Black-Smoke-Logo.png\",\"contentUrl\":\"https:\\\/\\\/www.blacksmokeracing.com\\\/wp-content\\\/uploads\\\/2017\\\/11\\\/Black-Smoke-Logo.png\",\"width\":319,\"height\":97,\"caption\":\"Black Smoke Oy Ltd\"},\"image\":{\"@id\":\"https:\\\/\\\/www.blacksmokeracing.com\\\/#\\\/schema\\\/logo\\\/image\\\/\"},\"sameAs\":[\"https:\\\/\\\/www.facebook.com\\\/blacksmokeracing\",\"https:\\\/\\\/x.com\\\/BlackSmokeMedia\"]}]}<\/script>\n<!-- \/ Yoast SEO Premium plugin. -->","yoast_head_json":{"title":"OM606 H-Profile connecting rod with ARP bolts - Black Smoke Ltd","robots":{"index":"index","follow":"follow","max-snippet":"max-snippet:-1","max-image-preview":"max-image-preview:large","max-video-preview":"max-video-preview:-1"},"canonical":"https:\/\/www.blacksmokeracing.com\/fi\/product\/om606-h-profile-connection-rod-with-arp-bolts\/","og_locale":"fi_FI","og_type":"article","og_title":"OM606 H-Profile connecting rod with ARP bolts","og_description":"BESTSELLER - OVER 1000PCS ALREADY SOLD Works only with turbo engine pistons (28mm wristpin)   This is a bundled product, consisting of one connection rod and two ARP connection rod bolts. The bolts used on these rods are also bigger than the stock ones. Every rod is individually checked in Finland for weight and dimension, the connection rod is ready to be used with OM606 stock bearings STD size. The CDI model of our rods, which is very similar to this one - have been tested at 820whp from the hub without failure.   Balanced within 5g.  Bolts: ARP 3\/8\u2032- 1.600\u2032 included  Fits OM604-OM606 engines  Use OM606 STD bearings  Use OM606 STD bearings for rods purchased in 2025 and later.","og_url":"https:\/\/www.blacksmokeracing.com\/fi\/product\/om606-h-profile-connection-rod-with-arp-bolts\/","og_site_name":"Black Smoke Ltd","article_publisher":"https:\/\/www.facebook.com\/blacksmokeracing","article_modified_time":"2026-04-18T01:20:47+00:00","og_image":[{"width":2560,"height":1707,"url":"https:\/\/www.blacksmokeracing.com\/wp-content\/uploads\/JAK1980-scaled.jpg","type":"image\/jpeg"}],"twitter_card":"summary_large_image","twitter_site":"@BlackSmokeMedia","twitter_misc":{"Arvioitu lukuaika":"1 minuutti"},"schema":{"@context":"https:\/\/schema.org","@graph":[{"@type":["WebPage","ItemPage"],"@id":"https:\/\/www.blacksmokeracing.com\/product\/om606-h-profile-connection-rod-with-arp-bolts\/","url":"https:\/\/www.blacksmokeracing.com\/product\/om606-h-profile-connection-rod-with-arp-bolts\/","name":"OM606 H-Profile connecting rod with ARP bolts - Black Smoke Ltd","isPartOf":{"@id":"https:\/\/www.blacksmokeracing.com\/#website"},"primaryImageOfPage":{"@id":"https:\/\/www.blacksmokeracing.com\/product\/om606-h-profile-connection-rod-with-arp-bolts\/#primaryimage"},"image":{"@id":"https:\/\/www.blacksmokeracing.com\/product\/om606-h-profile-connection-rod-with-arp-bolts\/#primaryimage"},"thumbnailUrl":"https:\/\/www.blacksmokeracing.com\/wp-content\/uploads\/JAK1980-scaled.jpg","datePublished":"2022-10-07T07:39:22+00:00","dateModified":"2026-04-18T01:20:47+00:00","breadcrumb":{"@id":"https:\/\/www.blacksmokeracing.com\/product\/om606-h-profile-connection-rod-with-arp-bolts\/#breadcrumb"},"inLanguage":"fi","potentialAction":[{"@type":"ReadAction","target":["https:\/\/www.blacksmokeracing.com\/product\/om606-h-profile-connection-rod-with-arp-bolts\/"]}]},{"@type":"ImageObject","inLanguage":"fi","@id":"https:\/\/www.blacksmokeracing.com\/product\/om606-h-profile-connection-rod-with-arp-bolts\/#primaryimage","url":"https:\/\/www.blacksmokeracing.com\/wp-content\/uploads\/JAK1980-scaled.jpg","contentUrl":"https:\/\/www.blacksmokeracing.com\/wp-content\/uploads\/JAK1980-scaled.jpg","width":2560,"height":1707},{"@type":"BreadcrumbList","@id":"https:\/\/www.blacksmokeracing.com\/product\/om606-h-profile-connection-rod-with-arp-bolts\/#breadcrumb","itemListElement":[{"@type":"ListItem","position":1,"name":"Home","item":"https:\/\/www.blacksmokeracing.com\/"},{"@type":"ListItem","position":2,"name":"Shop","item":"https:\/\/www.blacksmokeracing.com\/shop\/"},{"@type":"ListItem","position":3,"name":"OM606 H-Profile connecting rod with ARP bolts"}]},{"@type":"WebSite","@id":"https:\/\/www.blacksmokeracing.com\/#website","url":"https:\/\/www.blacksmokeracing.com\/","name":"Black Smoke Oy","description":"Not the most successful drifting team","publisher":{"@id":"https:\/\/www.blacksmokeracing.com\/#organization"},"potentialAction":[{"@type":"SearchAction","target":{"@type":"EntryPoint","urlTemplate":"https:\/\/www.blacksmokeracing.com\/?s={search_term_string}"},"query-input":{"@type":"PropertyValueSpecification","valueRequired":true,"valueName":"search_term_string"}}],"inLanguage":"fi"},{"@type":"Organization","@id":"https:\/\/www.blacksmokeracing.com\/#organization","name":"Black Smoke Oy","url":"https:\/\/www.blacksmokeracing.com\/","logo":{"@type":"ImageObject","inLanguage":"fi","@id":"https:\/\/www.blacksmokeracing.com\/#\/schema\/logo\/image\/","url":"https:\/\/www.blacksmokeracing.com\/wp-content\/uploads\/2017\/11\/Black-Smoke-Logo.png","contentUrl":"https:\/\/www.blacksmokeracing.com\/wp-content\/uploads\/2017\/11\/Black-Smoke-Logo.png","width":319,"height":97,"caption":"Black Smoke Oy Ltd"},"image":{"@id":"https:\/\/www.blacksmokeracing.com\/#\/schema\/logo\/image\/"},"sameAs":["https:\/\/www.facebook.com\/blacksmokeracing","https:\/\/x.com\/BlackSmokeMedia"]}]}},"taxonomy_info":{"product_cat":[{"value":588,"label":"Engine"},{"value":531,"label":"Turbodiesel Race parts"}],"product_brands":[{"value":8870,"label":"Black Smoke Performance"}]},"featured_image_src_large":["https:\/\/www.blacksmokeracing.com\/wp-content\/uploads\/JAK1980-1170x780.jpg",1170,780,true],"author_info":[],"comment_info":1,"_links":{"self":[{"href":"https:\/\/www.blacksmokeracing.com\/fi\/wp-json\/wp\/v2\/product\/56928","targetHints":{"allow":["GET"]}}],"collection":[{"href":"https:\/\/www.blacksmokeracing.com\/fi\/wp-json\/wp\/v2\/product"}],"about":[{"href":"https:\/\/www.blacksmokeracing.com\/fi\/wp-json\/wp\/v2\/types\/product"}],"replies":[{"embeddable":true,"href":"https:\/\/www.blacksmokeracing.com\/fi\/wp-json\/wp\/v2\/comments?post=56928"}],"wp:featuredmedia":[{"embeddable":true,"href":"https:\/\/www.blacksmokeracing.com\/fi\/wp-json\/wp\/v2\/media\/49702"}],"wp:attachment":[{"href":"https:\/\/www.blacksmokeracing.com\/fi\/wp-json\/wp\/v2\/media?parent=56928"}],"wp:term":[{"taxonomy":"product_cat","embeddable":true,"href":"https:\/\/www.blacksmokeracing.com\/fi\/wp-json\/wp\/v2\/product_cat?post=56928"},{"taxonomy":"product_tag","embeddable":true,"href":"https:\/\/www.blacksmokeracing.com\/fi\/wp-json\/wp\/v2\/product_tag?post=56928"},{"taxonomy":"product_brands","embeddable":true,"href":"https:\/\/www.blacksmokeracing.com\/fi\/wp-json\/wp\/v2\/product_brands?post=56928"}],"curies":[{"name":"wp","href":"https:\/\/api.w.org\/{rel}","templated":true}]}}