{"id":56479,"date":"2022-08-30T10:51:06","date_gmt":"2022-08-30T07:51:06","guid":{"rendered":"https:\/\/www.blacksmokeracing.com\/?post_type=product&#038;p=56479"},"modified":"2026-03-17T21:15:29","modified_gmt":"2026-03-17T19:15:29","slug":"obd-ii-connector-housing","status":"publish","type":"product","link":"https:\/\/www.blacksmokeracing.com\/fi\/product\/obd-ii-connector-housing\/","title":{"rendered":"OBD II -liitin (naaras)"},"content":{"rendered":"<p>Tuotteen mukana tulee 10 kpl pin-liittimi\u00e4, liit\u00e4 seuraavasti: <br \/><br \/><strong>4,5<\/strong> maa, <br \/><strong>7<\/strong> ecu k-line<br \/><strong>8<\/strong> iqnition<br \/><strong>16<\/strong> 12V<\/p>\r\n\r\n\r\n\r\n<p><strong>S\u00e4hk\u00f6inen<\/strong><\/p>\r\n\r\n\r\n\r\n<ul class=\"wp-block-list\">\r\n<li>Max j\u00e4nnite: 30V<\/li>\r\n<li>Maksimivirta: 4.0A<\/li>\r\n<li>Kosketinvastus: 100 milliohmia max.<\/li>\r\n<li>Dielektrinen kestoj\u00e4nnite: 1000V<\/li>\r\n<li>Eristysvastus: 100 Megohm min.<\/li>\r\n<\/ul>\r\n\r\n\r\n\r\n<p><strong>Mekaaninen<\/strong><\/p>\r\n\r\n\r\n\r\n<ul class=\"wp-block-list\">\r\n<li>Kontaktin s\u00e4ilyvyys koteloon: 9,0 kg min. (51118:n kanssa)<\/li>\r\n<li>Langan ulosvetovoima: 9,0 kg min. (AVS 0.5)<\/li>\r\n<li>Yhteysvoima: 11,23 kg max. \/ 14,49 kg max. (jousen kanssa)<\/li>\r\n<li>Irrotusvoima: 8,97 kg max.<\/li>\r\n<li>Kest\u00e4vyys: 200 sykli\u00e4<\/li>\r\n<\/ul>\r\n\r\n\r\n\r\n<p><strong>Fyysinen<\/strong><\/p>\r\n\r\n\r\n\r\n<ul class=\"wp-block-list\">\r\n<li>Kotelo: Musta PBTP, UL 94V-0<\/li>\r\n<li>K\u00e4ytt\u00f6l\u00e4mp\u00f6tila: -40 - +85\u02daC<\/li>\r\n<\/ul>","protected":false},"excerpt":{"rendered":"<p>Kun haluat k\u00e4ytt\u00e4\u00e4 ECU:ta, on hyv\u00e4 p\u00e4\u00e4st\u00e4 helposti k\u00e4siksi. Helposti asennettava OBD-kotelo, mukana tulee tapit liit\u00e4nt\u00e4\u00e4 varten. (ei kaapeleita). Lue alta kuinka ECU:hun kytket\u00e4\u00e4n.\u00a0<\/p>\n<ul>\n<li>Helppo asentaa<\/li>\n<li>Pienikokoinen<\/li>\n<li>Mukana nastat<\/li>\n<li>Ei sis\u00e4ll\u00e4 johtoja<\/li>\n<\/ul>","protected":false},"featured_media":56480,"comment_status":"open","ping_status":"closed","template":"","meta":{"inline_featured_image":false,"_kad_blocks_custom_css":"","_kad_blocks_head_custom_js":"","_kad_blocks_body_custom_js":"","_kad_blocks_footer_custom_js":"","_kad_post_transparent":"default","_kad_post_title":"","_kad_post_layout":"default","_kad_post_sidebar_id":"","_kad_post_content_style":"default","_kad_post_vertical_padding":"default","_kad_post_feature":"","_kad_post_feature_position":"","_kad_post_header":false,"_kad_post_footer":false,"_kad_post_classname":"","cybocfi_hide_featured_image":""},"product_cat":[532,8926,531],"product_tag":[],"product_brands":[8880],"class_list":{"0":"post-56479","1":"product","2":"type-product","3":"status-publish","4":"has-post-thumbnail","6":"product_cat-engine-management","7":"product_cat-generic-parts","8":"product_cat-mercedes-turbodiesel-race-parts","9":"product_brands-generic-part","11":"first","12":"instock","13":"taxable","14":"shipping-taxable","15":"purchasable","16":"product-type-simple","17":"entry","18":"content-bg","19":"loop-entry"},"yoast_head":"<!-- This site is optimized with the Yoast SEO Premium plugin v27.3 (Yoast SEO v27.3) - https:\/\/yoast.com\/product\/yoast-seo-premium-wordpress\/ -->\n<title>OBD II -connector housing (female port) - Black Smoke Ltd<\/title>\n<meta name=\"robots\" content=\"index, follow, max-snippet:-1, max-image-preview:large, max-video-preview:-1\" \/>\n<link rel=\"canonical\" href=\"https:\/\/www.blacksmokeracing.com\/fi\/product\/obd-ii-connector-housing\/\" \/>\n<meta property=\"og:locale\" content=\"fi_FI\" \/>\n<meta property=\"og:type\" content=\"article\" \/>\n<meta property=\"og:title\" content=\"OBD II -connector housing (female port)\" \/>\n<meta property=\"og:description\" content=\"When you need to access the ECU it is good to have easy access. Easy to mount OBD housing, comes with pins for connecting. (no cables). Read how to connect to ECU below.\u00a0  Easy to mount Small size Comes with pins Does not include wires\" \/>\n<meta property=\"og:url\" content=\"https:\/\/www.blacksmokeracing.com\/fi\/product\/obd-ii-connector-housing\/\" \/>\n<meta property=\"og:site_name\" content=\"Black Smoke Ltd\" \/>\n<meta property=\"article:publisher\" content=\"https:\/\/www.facebook.com\/blacksmokeracing\" \/>\n<meta property=\"article:modified_time\" content=\"2026-03-17T19:15:29+00:00\" \/>\n<meta property=\"og:image\" content=\"https:\/\/www.blacksmokeracing.com\/wp-content\/uploads\/blacksmoke_obd_liitin.jpeg\" \/>\n\t<meta property=\"og:image:width\" content=\"2000\" \/>\n\t<meta property=\"og:image:height\" content=\"1441\" \/>\n\t<meta property=\"og:image:type\" content=\"image\/jpeg\" \/>\n<meta name=\"twitter:card\" content=\"summary_large_image\" \/>\n<meta name=\"twitter:site\" content=\"@BlackSmokeMedia\" \/>\n<meta name=\"twitter:label1\" content=\"Arvioitu lukuaika\" \/>\n\t<meta name=\"twitter:data1\" content=\"1 minuutti\" \/>\n<script type=\"application\/ld+json\" class=\"yoast-schema-graph\">{\"@context\":\"https:\\\/\\\/schema.org\",\"@graph\":[{\"@type\":[\"WebPage\",\"ItemPage\"],\"@id\":\"https:\\\/\\\/www.blacksmokeracing.com\\\/product\\\/obd-ii-connector-housing\\\/\",\"url\":\"https:\\\/\\\/www.blacksmokeracing.com\\\/product\\\/obd-ii-connector-housing\\\/\",\"name\":\"OBD II -connector housing (female port) - Black Smoke Ltd\",\"isPartOf\":{\"@id\":\"https:\\\/\\\/www.blacksmokeracing.com\\\/#website\"},\"primaryImageOfPage\":{\"@id\":\"https:\\\/\\\/www.blacksmokeracing.com\\\/product\\\/obd-ii-connector-housing\\\/#primaryimage\"},\"image\":{\"@id\":\"https:\\\/\\\/www.blacksmokeracing.com\\\/product\\\/obd-ii-connector-housing\\\/#primaryimage\"},\"thumbnailUrl\":\"https:\\\/\\\/www.blacksmokeracing.com\\\/wp-content\\\/uploads\\\/blacksmoke_obd_liitin.jpeg\",\"datePublished\":\"2022-08-30T07:51:06+00:00\",\"dateModified\":\"2026-03-17T19:15:29+00:00\",\"breadcrumb\":{\"@id\":\"https:\\\/\\\/www.blacksmokeracing.com\\\/product\\\/obd-ii-connector-housing\\\/#breadcrumb\"},\"inLanguage\":\"fi\",\"potentialAction\":[{\"@type\":\"ReadAction\",\"target\":[\"https:\\\/\\\/www.blacksmokeracing.com\\\/product\\\/obd-ii-connector-housing\\\/\"]}]},{\"@type\":\"ImageObject\",\"inLanguage\":\"fi\",\"@id\":\"https:\\\/\\\/www.blacksmokeracing.com\\\/product\\\/obd-ii-connector-housing\\\/#primaryimage\",\"url\":\"https:\\\/\\\/www.blacksmokeracing.com\\\/wp-content\\\/uploads\\\/blacksmoke_obd_liitin.jpeg\",\"contentUrl\":\"https:\\\/\\\/www.blacksmokeracing.com\\\/wp-content\\\/uploads\\\/blacksmoke_obd_liitin.jpeg\",\"width\":2000,\"height\":1441},{\"@type\":\"BreadcrumbList\",\"@id\":\"https:\\\/\\\/www.blacksmokeracing.com\\\/product\\\/obd-ii-connector-housing\\\/#breadcrumb\",\"itemListElement\":[{\"@type\":\"ListItem\",\"position\":1,\"name\":\"Home\",\"item\":\"https:\\\/\\\/www.blacksmokeracing.com\\\/\"},{\"@type\":\"ListItem\",\"position\":2,\"name\":\"Shop\",\"item\":\"https:\\\/\\\/www.blacksmokeracing.com\\\/shop\\\/\"},{\"@type\":\"ListItem\",\"position\":3,\"name\":\"OBD II -connector housing (female port)\"}]},{\"@type\":\"WebSite\",\"@id\":\"https:\\\/\\\/www.blacksmokeracing.com\\\/#website\",\"url\":\"https:\\\/\\\/www.blacksmokeracing.com\\\/\",\"name\":\"Black Smoke Ltd\",\"description\":\"Not the most successful drifting team\",\"publisher\":{\"@id\":\"https:\\\/\\\/www.blacksmokeracing.com\\\/#organization\"},\"potentialAction\":[{\"@type\":\"SearchAction\",\"target\":{\"@type\":\"EntryPoint\",\"urlTemplate\":\"https:\\\/\\\/www.blacksmokeracing.com\\\/?s={search_term_string}\"},\"query-input\":{\"@type\":\"PropertyValueSpecification\",\"valueRequired\":true,\"valueName\":\"search_term_string\"}}],\"inLanguage\":\"fi\"},{\"@type\":\"Organization\",\"@id\":\"https:\\\/\\\/www.blacksmokeracing.com\\\/#organization\",\"name\":\"Black Smoke Oy Ltd\",\"url\":\"https:\\\/\\\/www.blacksmokeracing.com\\\/\",\"logo\":{\"@type\":\"ImageObject\",\"inLanguage\":\"fi\",\"@id\":\"https:\\\/\\\/www.blacksmokeracing.com\\\/#\\\/schema\\\/logo\\\/image\\\/\",\"url\":\"https:\\\/\\\/www.blacksmokeracing.com\\\/wp-content\\\/uploads\\\/2017\\\/11\\\/Black-Smoke-Logo.png\",\"contentUrl\":\"https:\\\/\\\/www.blacksmokeracing.com\\\/wp-content\\\/uploads\\\/2017\\\/11\\\/Black-Smoke-Logo.png\",\"width\":319,\"height\":97,\"caption\":\"Black Smoke Oy Ltd\"},\"image\":{\"@id\":\"https:\\\/\\\/www.blacksmokeracing.com\\\/#\\\/schema\\\/logo\\\/image\\\/\"},\"sameAs\":[\"https:\\\/\\\/www.facebook.com\\\/blacksmokeracing\",\"https:\\\/\\\/x.com\\\/BlackSmokeMedia\"]}]}<\/script>\n<!-- \/ Yoast SEO Premium plugin. -->","yoast_head_json":{"title":"OBD II -liitinkotelo (naarasportti) - Black Smoke Ltd","robots":{"index":"index","follow":"follow","max-snippet":"max-snippet:-1","max-image-preview":"max-image-preview:large","max-video-preview":"max-video-preview:-1"},"canonical":"https:\/\/www.blacksmokeracing.com\/fi\/product\/obd-ii-connector-housing\/","og_locale":"fi_FI","og_type":"article","og_title":"OBD II -connector housing (female port)","og_description":"When you need to access the ECU it is good to have easy access. Easy to mount OBD housing, comes with pins for connecting. (no cables). Read how to connect to ECU below.\u00a0  Easy to mount Small size Comes with pins Does not include wires","og_url":"https:\/\/www.blacksmokeracing.com\/fi\/product\/obd-ii-connector-housing\/","og_site_name":"Black Smoke Ltd","article_publisher":"https:\/\/www.facebook.com\/blacksmokeracing","article_modified_time":"2026-03-17T19:15:29+00:00","og_image":[{"width":2000,"height":1441,"url":"https:\/\/www.blacksmokeracing.com\/wp-content\/uploads\/blacksmoke_obd_liitin.jpeg","type":"image\/jpeg"}],"twitter_card":"summary_large_image","twitter_site":"@BlackSmokeMedia","twitter_misc":{"Arvioitu lukuaika":"1 minuutti"},"schema":{"@context":"https:\/\/schema.org","@graph":[{"@type":["WebPage","ItemPage"],"@id":"https:\/\/www.blacksmokeracing.com\/product\/obd-ii-connector-housing\/","url":"https:\/\/www.blacksmokeracing.com\/product\/obd-ii-connector-housing\/","name":"OBD II -liitinkotelo (naarasportti) - Black Smoke Ltd","isPartOf":{"@id":"https:\/\/www.blacksmokeracing.com\/#website"},"primaryImageOfPage":{"@id":"https:\/\/www.blacksmokeracing.com\/product\/obd-ii-connector-housing\/#primaryimage"},"image":{"@id":"https:\/\/www.blacksmokeracing.com\/product\/obd-ii-connector-housing\/#primaryimage"},"thumbnailUrl":"https:\/\/www.blacksmokeracing.com\/wp-content\/uploads\/blacksmoke_obd_liitin.jpeg","datePublished":"2022-08-30T07:51:06+00:00","dateModified":"2026-03-17T19:15:29+00:00","breadcrumb":{"@id":"https:\/\/www.blacksmokeracing.com\/product\/obd-ii-connector-housing\/#breadcrumb"},"inLanguage":"fi","potentialAction":[{"@type":"ReadAction","target":["https:\/\/www.blacksmokeracing.com\/product\/obd-ii-connector-housing\/"]}]},{"@type":"ImageObject","inLanguage":"fi","@id":"https:\/\/www.blacksmokeracing.com\/product\/obd-ii-connector-housing\/#primaryimage","url":"https:\/\/www.blacksmokeracing.com\/wp-content\/uploads\/blacksmoke_obd_liitin.jpeg","contentUrl":"https:\/\/www.blacksmokeracing.com\/wp-content\/uploads\/blacksmoke_obd_liitin.jpeg","width":2000,"height":1441},{"@type":"BreadcrumbList","@id":"https:\/\/www.blacksmokeracing.com\/product\/obd-ii-connector-housing\/#breadcrumb","itemListElement":[{"@type":"ListItem","position":1,"name":"Home","item":"https:\/\/www.blacksmokeracing.com\/"},{"@type":"ListItem","position":2,"name":"Shop","item":"https:\/\/www.blacksmokeracing.com\/shop\/"},{"@type":"ListItem","position":3,"name":"OBD II -connector housing (female port)"}]},{"@type":"WebSite","@id":"https:\/\/www.blacksmokeracing.com\/#website","url":"https:\/\/www.blacksmokeracing.com\/","name":"Black Smoke Oy","description":"Not the most successful drifting team","publisher":{"@id":"https:\/\/www.blacksmokeracing.com\/#organization"},"potentialAction":[{"@type":"SearchAction","target":{"@type":"EntryPoint","urlTemplate":"https:\/\/www.blacksmokeracing.com\/?s={search_term_string}"},"query-input":{"@type":"PropertyValueSpecification","valueRequired":true,"valueName":"search_term_string"}}],"inLanguage":"fi"},{"@type":"Organization","@id":"https:\/\/www.blacksmokeracing.com\/#organization","name":"Black Smoke Oy","url":"https:\/\/www.blacksmokeracing.com\/","logo":{"@type":"ImageObject","inLanguage":"fi","@id":"https:\/\/www.blacksmokeracing.com\/#\/schema\/logo\/image\/","url":"https:\/\/www.blacksmokeracing.com\/wp-content\/uploads\/2017\/11\/Black-Smoke-Logo.png","contentUrl":"https:\/\/www.blacksmokeracing.com\/wp-content\/uploads\/2017\/11\/Black-Smoke-Logo.png","width":319,"height":97,"caption":"Black Smoke Oy Ltd"},"image":{"@id":"https:\/\/www.blacksmokeracing.com\/#\/schema\/logo\/image\/"},"sameAs":["https:\/\/www.facebook.com\/blacksmokeracing","https:\/\/x.com\/BlackSmokeMedia"]}]}},"taxonomy_info":{"product_cat":[{"value":532,"label":"Engine management"},{"value":8926,"label":"Generic parts"},{"value":531,"label":"Turbodiesel Race parts"}],"product_brands":[{"value":8880,"label":"Generic - Products"}]},"featured_image_src_large":["https:\/\/www.blacksmokeracing.com\/wp-content\/uploads\/blacksmoke_obd_liitin-1170x843.jpeg",1170,843,true],"author_info":[],"comment_info":0,"_links":{"self":[{"href":"https:\/\/www.blacksmokeracing.com\/fi\/wp-json\/wp\/v2\/product\/56479","targetHints":{"allow":["GET"]}}],"collection":[{"href":"https:\/\/www.blacksmokeracing.com\/fi\/wp-json\/wp\/v2\/product"}],"about":[{"href":"https:\/\/www.blacksmokeracing.com\/fi\/wp-json\/wp\/v2\/types\/product"}],"replies":[{"embeddable":true,"href":"https:\/\/www.blacksmokeracing.com\/fi\/wp-json\/wp\/v2\/comments?post=56479"}],"wp:featuredmedia":[{"embeddable":true,"href":"https:\/\/www.blacksmokeracing.com\/fi\/wp-json\/wp\/v2\/media\/56480"}],"wp:attachment":[{"href":"https:\/\/www.blacksmokeracing.com\/fi\/wp-json\/wp\/v2\/media?parent=56479"}],"wp:term":[{"taxonomy":"product_cat","embeddable":true,"href":"https:\/\/www.blacksmokeracing.com\/fi\/wp-json\/wp\/v2\/product_cat?post=56479"},{"taxonomy":"product_tag","embeddable":true,"href":"https:\/\/www.blacksmokeracing.com\/fi\/wp-json\/wp\/v2\/product_tag?post=56479"},{"taxonomy":"product_brands","embeddable":true,"href":"https:\/\/www.blacksmokeracing.com\/fi\/wp-json\/wp\/v2\/product_brands?post=56479"}],"curies":[{"name":"wp","href":"https:\/\/api.w.org\/{rel}","templated":true}]}}