{"id":53983,"date":"2022-05-02T16:06:07","date_gmt":"2022-05-02T13:06:07","guid":{"rendered":"https:\/\/www.blacksmokeracing.com\/?post_type=product&#038;p=53983"},"modified":"2026-05-05T18:34:21","modified_gmt":"2026-05-05T15:34:21","slug":"service-trousers-4-way-stretch","status":"publish","type":"product","link":"https:\/\/www.blacksmokeracing.com\/fi\/product\/service-trousers-4-way-stretch\/","title":{"rendered":"Bl\u00e5kl\u00e4der Service trousers 4-way stretch"},"content":{"rendered":"<p><strong>Uudet Bl\u00e5kl\u00e4derXBlackSmoke ty\u00f6vaatteet<\/strong><\/p>\r\n\r\n\r\n\r\n<p>Naarmuuntumattomat palveluhousut, jotka on valmistettu mukavasta 4-suuntaisesta joustavasta kuidusta, joita voidaan k\u00e4ytt\u00e4\u00e4 sek\u00e4 t\u00f6iss\u00e4 ett\u00e4 arkiel\u00e4m\u00e4ss\u00e4. Housuissa on ohuempi istuvuus ja tiukempi ulkon\u00e4k\u00f6, mik\u00e4 on suosittu monien k\u00e4ytt\u00e4jien keskuudessa. Joustava vy\u00f6t\u00e4r\u00f6nauha lis\u00e4\u00e4 mukavuutta. Helmi\u00e4 voidaan s\u00e4\u00e4t\u00e4\u00e4 ja polvien takana oleva verkkopanos lis\u00e4\u00e4 ilmanvaihtoa. Ep\u00e4mukavat ty\u00f6p\u00e4iv\u00e4t ovat kaukainen muisto.<\/p>\r\n\r\n\r\n\r\n<div class=\"wp-block-columns is-layout-flex wp-container-core-columns-is-layout-9d6595d7 wp-block-columns-is-layout-flex\">\r\n<div class=\"wp-block-column is-layout-flow wp-block-column-is-layout-flow\">\r\n<h3 id=\"h-main-material\" class=\"wp-block-heading\">P\u00c4\u00c4MATERIAALI<\/h3>\r\n\r\n\r\n\r\n<p>92% polyamidi, 8% elastaani, kaksinkertainen kudos, 4-suuntainen jousto 230 g\/m\u00b2<\/p>\r\n<\/div>\r\n\r\n\r\n\r\n<div class=\"wp-block-column is-layout-flow wp-block-column-is-layout-flow\">\r\n<h3 id=\"h-functionality\" class=\"wp-block-heading\">FUNCTIONALITY<\/h3>\r\n\r\n\r\n\r\n<p>4-suuntainen jousto, naarmuuntumaton, verkkopaneeli takana polvessa<br \/>Pre-bent knees<\/p>\r\n<\/div>\r\n<\/div>\r\n\r\n\r\n\r\n<div class=\"wp-block-columns is-layout-flex wp-container-core-columns-is-layout-9d6595d7 wp-block-columns-is-layout-flex\">\r\n<div class=\"wp-block-column is-layout-flow wp-block-column-is-layout-flow\">\r\n<h3 id=\"h-reinforcement\" class=\"wp-block-heading\">REINFORCEMENT<\/h3>\r\n\r\n\r\n\r\n<p>CORDURA\u00ae-vahvistetut taskut, CORDURA\u00ae-vahvistettu lahkeensuu<\/p>\r\n<\/div>\r\n\r\n\r\n\r\n<div class=\"wp-block-column is-layout-flow wp-block-column-is-layout-flow\">\r\n<h3 id=\"h-details\" class=\"wp-block-heading\">DETAILS<\/h3>\r\n\r\n\r\n\r\n<p>Plastic zipper fly<br \/>Metallipainikkeet, piilotetut napit<br \/>Vy\u00f6t\u00e4r\u00f6ll\u00e4 resori, vy\u00f6t\u00e4r\u00f6ll\u00e4 D-rengas<br \/>Hyv\u00e4 pinta siirtoon<\/p>\r\n<\/div>\r\n<\/div>\r\n\r\n\r\n\r\n<div class=\"wp-block-columns is-layout-flex wp-container-core-columns-is-layout-9d6595d7 wp-block-columns-is-layout-flex\">\r\n<div class=\"wp-block-column is-layout-flow wp-block-column-is-layout-flow\">\r\n<h3 id=\"h-pockets\" class=\"wp-block-heading\">POCKETS<\/h3>\r\n\r\n\r\n\r\n<p>Reisitasku vetoketjulla, reisitasku vasemmalla l\u00e4p\u00e4ll\u00e4 ja piilotettu magneettipainike sek\u00e4 sis\u00e4inen puhelintasku verkkokankaalla<br \/>Sis\u00e4tasku, jossa piilotettu vetoketjutasku<br \/>Viivaintasku veitsi- ja kyn\u00e4taskulla<\/p>\r\n<\/div>\r\n\r\n\r\n\r\n<div class=\"wp-block-column is-layout-flow wp-block-column-is-layout-flow\">\r\n<h3 id=\"h-finish\" class=\"wp-block-heading\">FINISH<\/h3>\r\n\r\n\r\n\r\n<p>S\u00e4\u00e4dett\u00e4v\u00e4 lahkeensu napeilla, resori housujen alaosassa<\/p>\r\n<\/div>\r\n<\/div>\r\n\r\n\r\n\r\n<div class=\"wp-block-columns is-layout-flex wp-container-core-columns-is-layout-9d6595d7 wp-block-columns-is-layout-flex\">\r\n<div class=\"wp-block-column is-layout-flow wp-block-column-is-layout-flow\">\r\n<h3 id=\"h-reflex\" class=\"wp-block-heading\">REFLEKSI<\/h3>\r\n\r\n\r\n\r\n<p>Mustat heijastavat yksityiskohdat<\/p>\r\n<\/div>\r\n\r\n\r\n\r\n<div class=\"wp-block-column is-layout-flow wp-block-column-is-layout-flow\">\r\n<h3 class=\"wp-block-heading\">LAATU &amp; PESUHOIDOT<\/h3>\r\n\r\n\r\n\r\n<p>92% polyamidi, 8% elastaani, kaksinkertainen kudos, 4-suuntainen jousto 230 g\/m\u00b2 Kevyt 4-suuntainen jousto, joka on sek\u00e4 mukava ett\u00e4 kest\u00e4v\u00e4. Kangas on \u00d6ko-tex 100 -sertifioitu.<\/p>\r\n\r\n\r\n\r\n<div class=\"wp-block-columns is-layout-flex wp-container-core-columns-is-layout-9d6595d7 wp-block-columns-is-layout-flex\">\r\n<div class=\"wp-block-column is-layout-flow wp-block-column-is-layout-flow\">\r\n<figure class=\"wp-block-image is-resized\"><img loading=\"lazy\" decoding=\"async\" style=\"width: 30px; height: 30px;\" src=\"https:\/\/blkcdn.azureedge.net\/c3f9a7c9-0d07-4699-bc0d-c43dfa3968e1.jpg?preset=54\" alt=\"40 \u00b0C\" width=\"30\" height=\"30\" \/><\/figure>\r\n<\/div>\r\n\r\n\r\n\r\n<div class=\"wp-block-column is-layout-flow wp-block-column-is-layout-flow\">\r\n<figure class=\"wp-block-image\"><img decoding=\"async\" src=\"https:\/\/blkcdn.azureedge.net\/9e2e58a5-1831-4f37-ac72-e75a26c8a5f6.jpg?preset=54\" alt=\"Ei silityst\u00e4\" \/><\/figure>\r\n<\/div>\r\n\r\n\r\n\r\n<div class=\"wp-block-column is-layout-flow wp-block-column-is-layout-flow\">\r\n<figure class=\"wp-block-image\"><img decoding=\"async\" src=\"https:\/\/blkcdn.azureedge.net\/e4a0afac-95ca-4786-81ab-97ad43affd48.jpg?preset=54\" alt=\"No bleaching\" \/><\/figure>\r\n<\/div>\r\n<\/div>\r\n\r\n\r\n\r\n<div class=\"wp-block-columns is-layout-flex wp-container-core-columns-is-layout-9d6595d7 wp-block-columns-is-layout-flex\">\r\n<div class=\"wp-block-column is-layout-flow wp-block-column-is-layout-flow\">\r\n<figure class=\"wp-block-image\"><img decoding=\"async\" src=\"https:\/\/blkcdn.azureedge.net\/6e950a77-90ae-482e-a079-c15933c48d01.jpg?preset=54\" alt=\"No tumble-drying\" \/><\/figure>\r\n<\/div>\r\n\r\n\r\n\r\n<div class=\"wp-block-column is-layout-flow wp-block-column-is-layout-flow\">\r\n<figure class=\"wp-block-image\"><img decoding=\"async\" src=\"https:\/\/blkcdn.azureedge.net\/7abd337b-a2ca-400c-a32a-684cb0eec2e4.jpg?preset=54\" alt=\"No dry-cleaning\" \/><\/figure>\r\n<\/div>\r\n\r\n\r\n\r\n<div class=\"wp-block-column is-layout-flow wp-block-column-is-layout-flow\">\u00a0<\/div>\r\n<\/div>\r\n<\/div>\r\n<\/div>\r\n\r\n\r\n<div class=\"wp-block-image\">\r\n<figure class=\"aligncenter\"><img loading=\"lazy\" decoding=\"async\" width=\"1772\" height=\"2237\" class=\"wp-image-10576\" src=\"https:\/\/www.blacksmokeracing.com\/wp-content\/uploads\/2016\/11\/sizing-EN_Page_2.jpg\" alt=\"sizing-en_page_2\" srcset=\"https:\/\/www.blacksmokeracing.com\/wp-content\/uploads\/2016\/11\/sizing-EN_Page_2.jpg 1772w, https:\/\/www.blacksmokeracing.com\/wp-content\/uploads\/2016\/11\/sizing-EN_Page_2-64x81.jpg 64w, https:\/\/www.blacksmokeracing.com\/wp-content\/uploads\/2016\/11\/sizing-EN_Page_2-585x739.jpg 585w, https:\/\/www.blacksmokeracing.com\/wp-content\/uploads\/2016\/11\/sizing-EN_Page_2-768x970.jpg 768w, https:\/\/www.blacksmokeracing.com\/wp-content\/uploads\/2016\/11\/sizing-EN_Page_2-1170x1477.jpg 1170w, https:\/\/www.blacksmokeracing.com\/wp-content\/uploads\/2016\/11\/sizing-EN_Page_2-116x145.jpg 116w\" sizes=\"auto, (max-width: 1772px) 100vw, 1772px\" \/><\/figure>\r\n<\/div>","protected":false},"excerpt":{"rendered":"<p><strong>BL\u00c5KL\u00c4DER LAATU!<br \/><\/strong>Teemun suosikkihousut, jotka sopivat useimmille ja ovat eritt\u00e4in mukavat ja joustavat jalassa.<\/p>\n<p><span style=\"color: #ff0000;\">Black Smoke merkki vaihtuu vanhan er\u00e4n myynnin j\u00e4lkeen. Merkki on erilainen kuin kuvissa.<\/span><\/p>\n<p><strong>Kun tuote on saatavilla j\u00e4lkitoimituksella, toimitusaika on 2-3 viikkoa.<\/strong><\/p>\n<ul>\n<li>Teemun lempihousut<\/li>\n<li>Yht\u00e4 mukavat kuin pitk\u00e4t kalsarit<\/li>\n<li>Arkeen ja pyh\u00e4\u00e4n<\/li>\n<\/ul>","protected":false},"featured_media":71110,"comment_status":"open","ping_status":"closed","template":"","meta":{"inline_featured_image":false,"_kad_blocks_custom_css":"","_kad_blocks_head_custom_js":"","_kad_blocks_body_custom_js":"","_kad_blocks_footer_custom_js":"","_kad_post_transparent":"default","_kad_post_title":"","_kad_post_layout":"default","_kad_post_sidebar_id":"","_kad_post_content_style":"default","_kad_post_vertical_padding":"default","_kad_post_feature":"","_kad_post_feature_position":"","_kad_post_header":false,"_kad_post_footer":false,"_kad_post_classname":"","cybocfi_hide_featured_image":""},"product_cat":[335,541,316],"product_tag":[],"product_brands":[8875],"class_list":{"0":"post-53983","1":"product","2":"type-product","3":"status-publish","4":"has-post-thumbnail","6":"product_cat-blaklader-trousers","7":"product_cat-merchandise","8":"product_cat-workwear","9":"product_brands-blaklader","11":"first","12":"instock","13":"sale","14":"taxable","15":"shipping-taxable","16":"purchasable","17":"product-type-variable","18":"entry","19":"content-bg","20":"loop-entry"},"yoast_head":"<!-- This site is optimized with the Yoast SEO Premium plugin v27.5 (Yoast SEO v27.5) - https:\/\/yoast.com\/product\/yoast-seo-premium-wordpress\/ -->\n<title>Bl\u00e5kl\u00e4der Service trousers 4-way stretch - Black Smoke Ltd<\/title>\n<meta name=\"robots\" content=\"index, follow, max-snippet:-1, max-image-preview:large, max-video-preview:-1\" \/>\n<link rel=\"canonical\" href=\"https:\/\/www.blacksmokeracing.com\/fi\/product\/service-trousers-4-way-stretch\/\" \/>\n<meta property=\"og:locale\" content=\"fi_FI\" \/>\n<meta property=\"og:type\" content=\"article\" \/>\n<meta property=\"og:title\" content=\"Bl\u00e5kl\u00e4der Service trousers 4-way stretch\" \/>\n<meta property=\"og:description\" content=\"BL\u00c5KL\u00c4DER QUALITY!Teemu&#039;s favorite pants, which fit most people and are extremely comfortable and flexible to wear. The Black Smoke badge is changed after the sale of the old lot. The badge is different from the pictures. When available on backorder, delivery time is 2-3 weeks.  Teemus favourite pants Fits like long johns For work&amp;pleasure\" \/>\n<meta property=\"og:url\" content=\"https:\/\/www.blacksmokeracing.com\/fi\/product\/service-trousers-4-way-stretch\/\" \/>\n<meta property=\"og:site_name\" content=\"Black Smoke Ltd\" \/>\n<meta property=\"article:publisher\" content=\"https:\/\/www.facebook.com\/blacksmokeracing\" \/>\n<meta property=\"article:modified_time\" content=\"2026-05-05T15:34:21+00:00\" \/>\n<meta property=\"og:image\" content=\"https:\/\/www.blacksmokeracing.com\/wp-content\/uploads\/blaklader_HOUSUT_4_WAY-STRETCH_42216459998-3-2.jpg\" \/>\n\t<meta property=\"og:image:width\" content=\"1000\" \/>\n\t<meta property=\"og:image:height\" content=\"1250\" \/>\n\t<meta property=\"og:image:type\" content=\"image\/jpeg\" \/>\n<meta name=\"twitter:card\" content=\"summary_large_image\" \/>\n<meta name=\"twitter:site\" content=\"@BlackSmokeMedia\" \/>\n<meta name=\"twitter:label1\" content=\"Arvioitu lukuaika\" \/>\n\t<meta name=\"twitter:data1\" content=\"3 minuuttia\" \/>\n<script type=\"application\/ld+json\" class=\"yoast-schema-graph\">{\"@context\":\"https:\\\/\\\/schema.org\",\"@graph\":[{\"@type\":[\"WebPage\",\"ItemPage\"],\"@id\":\"https:\\\/\\\/www.blacksmokeracing.com\\\/product\\\/service-trousers-4-way-stretch\\\/\",\"url\":\"https:\\\/\\\/www.blacksmokeracing.com\\\/product\\\/service-trousers-4-way-stretch\\\/\",\"name\":\"Bl\u00e5kl\u00e4der Service trousers 4-way stretch - Black Smoke Ltd\",\"isPartOf\":{\"@id\":\"https:\\\/\\\/www.blacksmokeracing.com\\\/#website\"},\"primaryImageOfPage\":{\"@id\":\"https:\\\/\\\/www.blacksmokeracing.com\\\/product\\\/service-trousers-4-way-stretch\\\/#primaryimage\"},\"image\":{\"@id\":\"https:\\\/\\\/www.blacksmokeracing.com\\\/product\\\/service-trousers-4-way-stretch\\\/#primaryimage\"},\"thumbnailUrl\":\"https:\\\/\\\/www.blacksmokeracing.com\\\/wp-content\\\/uploads\\\/blaklader_HOUSUT_4_WAY-STRETCH_42216459998-3-2.jpg\",\"datePublished\":\"2022-05-02T13:06:07+00:00\",\"dateModified\":\"2026-05-05T15:34:21+00:00\",\"breadcrumb\":{\"@id\":\"https:\\\/\\\/www.blacksmokeracing.com\\\/product\\\/service-trousers-4-way-stretch\\\/#breadcrumb\"},\"inLanguage\":\"fi\",\"potentialAction\":[{\"@type\":\"ReadAction\",\"target\":[\"https:\\\/\\\/www.blacksmokeracing.com\\\/product\\\/service-trousers-4-way-stretch\\\/\"]}]},{\"@type\":\"ImageObject\",\"inLanguage\":\"fi\",\"@id\":\"https:\\\/\\\/www.blacksmokeracing.com\\\/product\\\/service-trousers-4-way-stretch\\\/#primaryimage\",\"url\":\"https:\\\/\\\/www.blacksmokeracing.com\\\/wp-content\\\/uploads\\\/blaklader_HOUSUT_4_WAY-STRETCH_42216459998-3-2.jpg\",\"contentUrl\":\"https:\\\/\\\/www.blacksmokeracing.com\\\/wp-content\\\/uploads\\\/blaklader_HOUSUT_4_WAY-STRETCH_42216459998-3-2.jpg\",\"width\":1000,\"height\":1250},{\"@type\":\"BreadcrumbList\",\"@id\":\"https:\\\/\\\/www.blacksmokeracing.com\\\/product\\\/service-trousers-4-way-stretch\\\/#breadcrumb\",\"itemListElement\":[{\"@type\":\"ListItem\",\"position\":1,\"name\":\"Home\",\"item\":\"https:\\\/\\\/www.blacksmokeracing.com\\\/\"},{\"@type\":\"ListItem\",\"position\":2,\"name\":\"Shop\",\"item\":\"https:\\\/\\\/www.blacksmokeracing.com\\\/shop\\\/\"},{\"@type\":\"ListItem\",\"position\":3,\"name\":\"Bl\u00e5kl\u00e4der Service trousers 4-way stretch\"}]},{\"@type\":\"WebSite\",\"@id\":\"https:\\\/\\\/www.blacksmokeracing.com\\\/#website\",\"url\":\"https:\\\/\\\/www.blacksmokeracing.com\\\/\",\"name\":\"Black Smoke Ltd\",\"description\":\"Not the most successful drifting team\",\"publisher\":{\"@id\":\"https:\\\/\\\/www.blacksmokeracing.com\\\/#organization\"},\"potentialAction\":[{\"@type\":\"SearchAction\",\"target\":{\"@type\":\"EntryPoint\",\"urlTemplate\":\"https:\\\/\\\/www.blacksmokeracing.com\\\/?s={search_term_string}\"},\"query-input\":{\"@type\":\"PropertyValueSpecification\",\"valueRequired\":true,\"valueName\":\"search_term_string\"}}],\"inLanguage\":\"fi\"},{\"@type\":\"Organization\",\"@id\":\"https:\\\/\\\/www.blacksmokeracing.com\\\/#organization\",\"name\":\"Black Smoke Oy Ltd\",\"url\":\"https:\\\/\\\/www.blacksmokeracing.com\\\/\",\"logo\":{\"@type\":\"ImageObject\",\"inLanguage\":\"fi\",\"@id\":\"https:\\\/\\\/www.blacksmokeracing.com\\\/#\\\/schema\\\/logo\\\/image\\\/\",\"url\":\"https:\\\/\\\/www.blacksmokeracing.com\\\/wp-content\\\/uploads\\\/2017\\\/11\\\/Black-Smoke-Logo.png\",\"contentUrl\":\"https:\\\/\\\/www.blacksmokeracing.com\\\/wp-content\\\/uploads\\\/2017\\\/11\\\/Black-Smoke-Logo.png\",\"width\":319,\"height\":97,\"caption\":\"Black Smoke Oy Ltd\"},\"image\":{\"@id\":\"https:\\\/\\\/www.blacksmokeracing.com\\\/#\\\/schema\\\/logo\\\/image\\\/\"},\"sameAs\":[\"https:\\\/\\\/www.facebook.com\\\/blacksmokeracing\",\"https:\\\/\\\/x.com\\\/BlackSmokeMedia\"]}]}<\/script>\n<!-- \/ Yoast SEO Premium plugin. -->","yoast_head_json":{"title":"Bl\u00e5kl\u00e4der Service trousers 4-way stretch - Black Smoke Ltd","robots":{"index":"index","follow":"follow","max-snippet":"max-snippet:-1","max-image-preview":"max-image-preview:large","max-video-preview":"max-video-preview:-1"},"canonical":"https:\/\/www.blacksmokeracing.com\/fi\/product\/service-trousers-4-way-stretch\/","og_locale":"fi_FI","og_type":"article","og_title":"Bl\u00e5kl\u00e4der Service trousers 4-way stretch","og_description":"BL\u00c5KL\u00c4DER QUALITY!Teemu's favorite pants, which fit most people and are extremely comfortable and flexible to wear. The Black Smoke badge is changed after the sale of the old lot. The badge is different from the pictures. When available on backorder, delivery time is 2-3 weeks.  Teemus favourite pants Fits like long johns For work&amp;pleasure","og_url":"https:\/\/www.blacksmokeracing.com\/fi\/product\/service-trousers-4-way-stretch\/","og_site_name":"Black Smoke Ltd","article_publisher":"https:\/\/www.facebook.com\/blacksmokeracing","article_modified_time":"2026-05-05T15:34:21+00:00","og_image":[{"width":1000,"height":1250,"url":"https:\/\/www.blacksmokeracing.com\/wp-content\/uploads\/blaklader_HOUSUT_4_WAY-STRETCH_42216459998-3-2.jpg","type":"image\/jpeg"}],"twitter_card":"summary_large_image","twitter_site":"@BlackSmokeMedia","twitter_misc":{"Arvioitu lukuaika":"3 minuuttia"},"schema":{"@context":"https:\/\/schema.org","@graph":[{"@type":["WebPage","ItemPage"],"@id":"https:\/\/www.blacksmokeracing.com\/product\/service-trousers-4-way-stretch\/","url":"https:\/\/www.blacksmokeracing.com\/product\/service-trousers-4-way-stretch\/","name":"Bl\u00e5kl\u00e4der Service trousers 4-way stretch - Black Smoke Ltd","isPartOf":{"@id":"https:\/\/www.blacksmokeracing.com\/#website"},"primaryImageOfPage":{"@id":"https:\/\/www.blacksmokeracing.com\/product\/service-trousers-4-way-stretch\/#primaryimage"},"image":{"@id":"https:\/\/www.blacksmokeracing.com\/product\/service-trousers-4-way-stretch\/#primaryimage"},"thumbnailUrl":"https:\/\/www.blacksmokeracing.com\/wp-content\/uploads\/blaklader_HOUSUT_4_WAY-STRETCH_42216459998-3-2.jpg","datePublished":"2022-05-02T13:06:07+00:00","dateModified":"2026-05-05T15:34:21+00:00","breadcrumb":{"@id":"https:\/\/www.blacksmokeracing.com\/product\/service-trousers-4-way-stretch\/#breadcrumb"},"inLanguage":"fi","potentialAction":[{"@type":"ReadAction","target":["https:\/\/www.blacksmokeracing.com\/product\/service-trousers-4-way-stretch\/"]}]},{"@type":"ImageObject","inLanguage":"fi","@id":"https:\/\/www.blacksmokeracing.com\/product\/service-trousers-4-way-stretch\/#primaryimage","url":"https:\/\/www.blacksmokeracing.com\/wp-content\/uploads\/blaklader_HOUSUT_4_WAY-STRETCH_42216459998-3-2.jpg","contentUrl":"https:\/\/www.blacksmokeracing.com\/wp-content\/uploads\/blaklader_HOUSUT_4_WAY-STRETCH_42216459998-3-2.jpg","width":1000,"height":1250},{"@type":"BreadcrumbList","@id":"https:\/\/www.blacksmokeracing.com\/product\/service-trousers-4-way-stretch\/#breadcrumb","itemListElement":[{"@type":"ListItem","position":1,"name":"Home","item":"https:\/\/www.blacksmokeracing.com\/"},{"@type":"ListItem","position":2,"name":"Shop","item":"https:\/\/www.blacksmokeracing.com\/shop\/"},{"@type":"ListItem","position":3,"name":"Bl\u00e5kl\u00e4der Service trousers 4-way stretch"}]},{"@type":"WebSite","@id":"https:\/\/www.blacksmokeracing.com\/#website","url":"https:\/\/www.blacksmokeracing.com\/","name":"Black Smoke Oy","description":"Not the most successful drifting team","publisher":{"@id":"https:\/\/www.blacksmokeracing.com\/#organization"},"potentialAction":[{"@type":"SearchAction","target":{"@type":"EntryPoint","urlTemplate":"https:\/\/www.blacksmokeracing.com\/?s={search_term_string}"},"query-input":{"@type":"PropertyValueSpecification","valueRequired":true,"valueName":"search_term_string"}}],"inLanguage":"fi"},{"@type":"Organization","@id":"https:\/\/www.blacksmokeracing.com\/#organization","name":"Black Smoke Oy","url":"https:\/\/www.blacksmokeracing.com\/","logo":{"@type":"ImageObject","inLanguage":"fi","@id":"https:\/\/www.blacksmokeracing.com\/#\/schema\/logo\/image\/","url":"https:\/\/www.blacksmokeracing.com\/wp-content\/uploads\/2017\/11\/Black-Smoke-Logo.png","contentUrl":"https:\/\/www.blacksmokeracing.com\/wp-content\/uploads\/2017\/11\/Black-Smoke-Logo.png","width":319,"height":97,"caption":"Black Smoke Oy Ltd"},"image":{"@id":"https:\/\/www.blacksmokeracing.com\/#\/schema\/logo\/image\/"},"sameAs":["https:\/\/www.facebook.com\/blacksmokeracing","https:\/\/x.com\/BlackSmokeMedia"]}]}},"taxonomy_info":{"product_cat":[{"value":335,"label":"Bl\u00e5kl\u00e4der Trousers"},{"value":541,"label":"Merchandise"},{"value":316,"label":"Workwear from Blaklader &amp; Black Smoke Collaboration"}],"product_brands":[{"value":8875,"label":"Bl\u00e5kl\u00e4der Workwear"}]},"featured_image_src_large":["https:\/\/www.blacksmokeracing.com\/wp-content\/uploads\/blaklader_HOUSUT_4_WAY-STRETCH_42216459998-3-2.jpg",1000,1250,false],"author_info":[],"comment_info":0,"_links":{"self":[{"href":"https:\/\/www.blacksmokeracing.com\/fi\/wp-json\/wp\/v2\/product\/53983","targetHints":{"allow":["GET"]}}],"collection":[{"href":"https:\/\/www.blacksmokeracing.com\/fi\/wp-json\/wp\/v2\/product"}],"about":[{"href":"https:\/\/www.blacksmokeracing.com\/fi\/wp-json\/wp\/v2\/types\/product"}],"replies":[{"embeddable":true,"href":"https:\/\/www.blacksmokeracing.com\/fi\/wp-json\/wp\/v2\/comments?post=53983"}],"wp:featuredmedia":[{"embeddable":true,"href":"https:\/\/www.blacksmokeracing.com\/fi\/wp-json\/wp\/v2\/media\/71110"}],"wp:attachment":[{"href":"https:\/\/www.blacksmokeracing.com\/fi\/wp-json\/wp\/v2\/media?parent=53983"}],"wp:term":[{"taxonomy":"product_cat","embeddable":true,"href":"https:\/\/www.blacksmokeracing.com\/fi\/wp-json\/wp\/v2\/product_cat?post=53983"},{"taxonomy":"product_tag","embeddable":true,"href":"https:\/\/www.blacksmokeracing.com\/fi\/wp-json\/wp\/v2\/product_tag?post=53983"},{"taxonomy":"product_brands","embeddable":true,"href":"https:\/\/www.blacksmokeracing.com\/fi\/wp-json\/wp\/v2\/product_brands?post=53983"}],"curies":[{"name":"wp","href":"https:\/\/api.w.org\/{rel}","templated":true}]}}