{"id":53073,"date":"2022-03-07T19:30:48","date_gmt":"2022-03-07T17:30:48","guid":{"rendered":"https:\/\/www.blacksmokeracing.com\/?post_type=product&#038;p=53073"},"modified":"2026-05-05T11:00:29","modified_gmt":"2026-05-05T08:00:29","slug":"mercedes-diesel-performance-street-injectors","status":"publish","type":"product","link":"https:\/\/www.blacksmokeracing.com\/fi\/product\/mercedes-diesel-performance-street-injectors\/","title":{"rendered":"Mercedes diesel performance STREET suutin"},"content":{"rendered":"<p>Mercedeksen turbodiesel om646-647-648 -moottorisi yksi t\u00e4rkeimmist\u00e4 parannuksista tehon lis\u00e4\u00e4miseksi ovat ruiskut. N\u00e4m\u00e4 ruiskut on tehty toimimaan varastom\u00e4nn\u00e4n kanssa, joten niit\u00e4 on helppo k\u00e4ytt\u00e4\u00e4 monissa eri vaiheissa. Jos etsit lis\u00e4\u00e4 hevosvoimia, katso meid\u00e4n <a href=\"https:\/\/www.blacksmokeracing.com\/fi\/product\/mercedes-diesel-performance-race-injectors\/\">kilpasuuttimet.<\/a> Ostaessasi n\u00e4m\u00e4 suuttimet tarjoamme ohjelmointia reilusti normaalia halvempaan hintaan (vain 200\u20ac!). <strong>Ohjelmointi tehd\u00e4\u00e4n asiakkaan haluamille spekseille!<\/strong><\/p>\r\n\r\n\r\n\r\n\r\n\r\n<h2>Tilaaminen ja asennus<\/h2>\r\n<p>Tuote sis\u00e4lt\u00e4\u00e4 vain ruiskut, tiivisteet ja paluulinjat jne. on ostettava erikseen.<\/p>\r\n<ul>\r\n<li>Varmista, ett\u00e4 injektorin kiinnityspinta on puhdas, k\u00e4yt\u00e4 tarvittaessa ter\u00e4sharjaa poran kanssa.<\/li>\r\n<li>Varmista, ett\u00e4 ruiskun tiiviste on oikean speksin mukainen. Meill\u00e4 on parhaat kokemukset varastotiivisteist\u00e4 (1,3 mm).<\/li>\r\n<li>\u00c4l\u00e4 kirist\u00e4 ruiskutussuuttimia liikaa, varastospesifikaatio on 7Nm +90deg +90deg.<\/li>\r\n<li>K\u00e4yt\u00e4 aina uusia pultteja ja uusia tiivisteit\u00e4\/aluslaattoja.<\/li>\r\n<li>Jotta n\u00e4it\u00e4 ruiskutussuuttimia voidaan hy\u00f6dynt\u00e4\u00e4 t\u00e4ysim\u00e4\u00e4r\u00e4isesti, auto on kartoitettava uudelleen, t\u00e4m\u00e4 voi tapahtua kahdella tavalla: l\u00e4het\u00e4mme sinulle uudelleen kartoitustiedoston s\u00e4hk\u00f6postitse tai l\u00e4het\u00e4t ecu:n meille uudelleen kartoitusta varten.<\/li>\r\n<\/ul>\r\n<p>Jos sinulla on kysytt\u00e4v\u00e4\u00e4, \u00e4l\u00e4 ep\u00e4r\u00f6i ottaa meihin yhteytt\u00e4 \u2013 vastaamme s\u00e4hk\u00f6posteihin nopeasti.\u00a0<\/p>\r\n\r\n\r\n\r\n<figure class=\"wp-block-embed is-type-video is-provider-youtube wp-block-embed-youtube wp-embed-aspect-16-9 wp-has-aspect-ratio\">\r\n<div class=\"wp-block-embed__wrapper\">\r\n<p><iframe loading=\"lazy\" title=\"VALMISTIMME K\u00c4SINT\u00d6\u00d6N suuttimet 320CDI Turbo Dieselimme\" width=\"720\" height=\"405\" src=\"https:\/\/www.youtube.com\/embed\/0yJrYjxfwJc?feature=oembed\" frameborder=\"0\" allow=\"accelerometer; autoplay; clipboard-write; encrypted-media; gyroscope; picture-in-picture; web-share\" referrerpolicy=\"strict-origin-when-cross-origin\" allowfullscreen><\/iframe><\/p>\r\n<\/div>\r\n<\/figure>","protected":false},"excerpt":{"rendered":"<div class=\"\" data-block=\"true\" data-editor=\"4hnh2\" data-offset-key=\"eii0n-0-0\">\n<div class=\"_1mf _1mj\" data-offset-key=\"eii0n-0-0\"><span data-offset-key=\"eii0n-0-0\">T\u00e4m\u00e4 injektori on suunniteltu erityisesti p\u00e4ivitt\u00e4isajoneuvoihin, ja ne voivat tuottaa jopa 85 hv\/ruisku. Se w<\/span><span style=\"font-family: var(--global-body-font-family);\">toimii eritt\u00e4in hyvin tyhj\u00e4k\u00e4ynnill\u00e4 ja pienemmill\u00e4 ruiskutusm\u00e4\u00e4rill\u00e4 eli normaalissa moottorin k\u00e4yt\u00f6ss\u00e4 \ud83d\ude04<br \/><\/span><\/div>\n<div data-offset-key=\"eii0n-0-0\">\u00a0<\/div>\n<\/div>\n<ul>\n<li><span data-offset-key=\"563uj-0-0\">Suunniteltu toimimaan alkuper\u00e4isen m\u00e4nn\u00e4n kanssa.<\/span><\/li>\n<li>Jopa 85hv per sylinteri<\/li>\n<li>Jokainen setti on tarkistettu ja s\u00e4\u00e4detty<\/li>\n<li>Tarvittaessa saat meilt\u00e4 suutinkartan mit\u00e4 k\u00e4ytt\u00e4\u00e4 autosi moottorinohjaimen ohjelmassa<\/li>\n<li class=\"ac-designer-copy\"><span class=\"ac-designer-marked-selection ac-designer-copy\">OM64X &amp; OM61X<\/span><\/li>\n<\/ul>\n<p><!-- wp:paragraph --><\/p>\n<p>Ostaessasi n\u00e4m\u00e4 suuttimet tarjoamme ohjelmointia reilusti normaalia halvempaan hintaan (vain 200\u20ac!). <strong>Ohjelmointi tehd\u00e4\u00e4n asiakkaan haluamille spekseille!<\/strong><\/p>\n<p><!-- \/wp:paragraph --><\/p>\n<p><!-- wp:paragraph --><\/p>\n<p>Olemme my\u00f6s kiinnostuneita varastossa olevista OM64x-suuttimista, hyvit\u00e4mme 20\u20ac\/suutin.<!-- \/wp:paragraph --><\/p>\n<p>Jos l\u00e4het\u00e4t meille l\u00e4hetyksen, l\u00e4hetysohjeet l\u00f6ytyv\u00e4t t\u00e4\u00e4lt\u00e4:<br \/><a href=\"https:\/\/www.blacksmokeracing.com\/fi\/shipping\/\" target=\"_blank\" rel=\"noopener\">https:\/\/www.blacksmokeracing.com\/fi\/shipping\/<\/a><\/p>\n<p>&nbsp;<\/p>","protected":false},"featured_media":50992,"comment_status":"open","ping_status":"closed","template":"","meta":{"inline_featured_image":false,"_kad_blocks_custom_css":"","_kad_blocks_head_custom_js":"","_kad_blocks_body_custom_js":"","_kad_blocks_footer_custom_js":"","_kad_post_transparent":"default","_kad_post_title":"","_kad_post_layout":"default","_kad_post_sidebar_id":"","_kad_post_content_style":"default","_kad_post_vertical_padding":"default","_kad_post_feature":"","_kad_post_feature_position":"","_kad_post_header":false,"_kad_post_footer":false,"_kad_post_classname":"","cybocfi_hide_featured_image":""},"product_cat":[586,8883,531],"product_tag":[],"product_brands":[8870],"class_list":{"0":"post-53073","1":"product","2":"type-product","3":"status-publish","4":"has-post-thumbnail","6":"product_cat-fuel-system","7":"product_cat-injectors","8":"product_cat-mercedes-turbodiesel-race-parts","9":"product_brands-black-smoke-performance","11":"first","12":"instock","13":"taxable","14":"shipping-taxable","15":"purchasable","16":"product-type-variable","17":"has-default-attributes","18":"entry","19":"content-bg","20":"loop-entry"},"yoast_head":"<!-- This site is optimized with the Yoast SEO Premium plugin v27.6 (Yoast SEO v27.6) - https:\/\/yoast.com\/product\/yoast-seo-premium-wordpress\/ -->\n<title>Mercedes diesel performance STREET injectors - Black Smoke Ltd<\/title>\n<meta name=\"robots\" content=\"index, follow, max-snippet:-1, max-image-preview:large, max-video-preview:-1\" \/>\n<link rel=\"canonical\" href=\"https:\/\/www.blacksmokeracing.com\/fi\/product\/mercedes-diesel-performance-street-injectors\/\" \/>\n<meta property=\"og:locale\" content=\"fi_FI\" \/>\n<meta property=\"og:type\" content=\"article\" \/>\n<meta property=\"og:title\" content=\"Mercedes diesel performance STREET injectors\" \/>\n<meta property=\"og:description\" content=\"This injector is specifically designed to work in daily drivers and they can deliver up to 85 hp\/injector. It works very well on idle and lower injection amounts in other words normal engine usage \ud83d\ude04 \u00a0   Design to work optimally with original pistons. Up to 85hp per cylinder Every set is individually tested and balanced Injector map provided if needed OM64X &amp; OM61X   When buying these injectors, we give you the option of getting software that works too at a very much reduced price (only 200\u20ac!). This software is custom made for your specific injectors and you can be sure that it will delivered the right amount of fuel, at the right time, every time.    We are also interested in your stock OM64x injectors, we refund 20\u20ac\/injector. If you are sending us a shipment, shipping instructions can be found here:https:\/\/www.blacksmokeracing.com\/shipping\/ &nbsp;\" \/>\n<meta property=\"og:url\" content=\"https:\/\/www.blacksmokeracing.com\/fi\/product\/mercedes-diesel-performance-street-injectors\/\" \/>\n<meta property=\"og:site_name\" content=\"Black Smoke Ltd\" \/>\n<meta property=\"article:publisher\" content=\"https:\/\/www.facebook.com\/blacksmokeracing\" \/>\n<meta property=\"article:modified_time\" content=\"2026-05-05T08:00:29+00:00\" \/>\n<meta property=\"og:image\" content=\"https:\/\/www.blacksmokeracing.com\/wp-content\/uploads\/blacksmoke_parts-04290.jpg\" \/>\n\t<meta property=\"og:image:width\" content=\"1920\" \/>\n\t<meta property=\"og:image:height\" content=\"1271\" \/>\n\t<meta property=\"og:image:type\" content=\"image\/jpeg\" \/>\n<meta name=\"twitter:card\" content=\"summary_large_image\" \/>\n<meta name=\"twitter:site\" content=\"@BlackSmokeMedia\" \/>\n<meta name=\"twitter:label1\" content=\"Arvioitu lukuaika\" \/>\n\t<meta name=\"twitter:data1\" content=\"2 minuuttia\" \/>\n<script type=\"application\/ld+json\" class=\"yoast-schema-graph\">{\"@context\":\"https:\\\/\\\/schema.org\",\"@graph\":[{\"@type\":[\"WebPage\",\"ItemPage\"],\"@id\":\"https:\\\/\\\/www.blacksmokeracing.com\\\/product\\\/mercedes-diesel-performance-street-injectors\\\/\",\"url\":\"https:\\\/\\\/www.blacksmokeracing.com\\\/product\\\/mercedes-diesel-performance-street-injectors\\\/\",\"name\":\"Mercedes diesel performance STREET injectors - Black Smoke Ltd\",\"isPartOf\":{\"@id\":\"https:\\\/\\\/www.blacksmokeracing.com\\\/#website\"},\"primaryImageOfPage\":{\"@id\":\"https:\\\/\\\/www.blacksmokeracing.com\\\/product\\\/mercedes-diesel-performance-street-injectors\\\/#primaryimage\"},\"image\":{\"@id\":\"https:\\\/\\\/www.blacksmokeracing.com\\\/product\\\/mercedes-diesel-performance-street-injectors\\\/#primaryimage\"},\"thumbnailUrl\":\"https:\\\/\\\/www.blacksmokeracing.com\\\/wp-content\\\/uploads\\\/blacksmoke_parts-04290.jpg\",\"datePublished\":\"2022-03-07T17:30:48+00:00\",\"dateModified\":\"2026-05-05T08:00:29+00:00\",\"breadcrumb\":{\"@id\":\"https:\\\/\\\/www.blacksmokeracing.com\\\/product\\\/mercedes-diesel-performance-street-injectors\\\/#breadcrumb\"},\"inLanguage\":\"fi\",\"potentialAction\":[{\"@type\":\"ReadAction\",\"target\":[\"https:\\\/\\\/www.blacksmokeracing.com\\\/product\\\/mercedes-diesel-performance-street-injectors\\\/\"]}]},{\"@type\":\"ImageObject\",\"inLanguage\":\"fi\",\"@id\":\"https:\\\/\\\/www.blacksmokeracing.com\\\/product\\\/mercedes-diesel-performance-street-injectors\\\/#primaryimage\",\"url\":\"https:\\\/\\\/www.blacksmokeracing.com\\\/wp-content\\\/uploads\\\/blacksmoke_parts-04290.jpg\",\"contentUrl\":\"https:\\\/\\\/www.blacksmokeracing.com\\\/wp-content\\\/uploads\\\/blacksmoke_parts-04290.jpg\",\"width\":1920,\"height\":1271},{\"@type\":\"BreadcrumbList\",\"@id\":\"https:\\\/\\\/www.blacksmokeracing.com\\\/product\\\/mercedes-diesel-performance-street-injectors\\\/#breadcrumb\",\"itemListElement\":[{\"@type\":\"ListItem\",\"position\":1,\"name\":\"Home\",\"item\":\"https:\\\/\\\/www.blacksmokeracing.com\\\/\"},{\"@type\":\"ListItem\",\"position\":2,\"name\":\"Shop\",\"item\":\"https:\\\/\\\/www.blacksmokeracing.com\\\/shop\\\/\"},{\"@type\":\"ListItem\",\"position\":3,\"name\":\"Mercedes diesel performance STREET injectors\"}]},{\"@type\":\"WebSite\",\"@id\":\"https:\\\/\\\/www.blacksmokeracing.com\\\/#website\",\"url\":\"https:\\\/\\\/www.blacksmokeracing.com\\\/\",\"name\":\"Black Smoke Ltd\",\"description\":\"Not the most successful drifting team\",\"publisher\":{\"@id\":\"https:\\\/\\\/www.blacksmokeracing.com\\\/#organization\"},\"potentialAction\":[{\"@type\":\"SearchAction\",\"target\":{\"@type\":\"EntryPoint\",\"urlTemplate\":\"https:\\\/\\\/www.blacksmokeracing.com\\\/?s={search_term_string}\"},\"query-input\":{\"@type\":\"PropertyValueSpecification\",\"valueRequired\":true,\"valueName\":\"search_term_string\"}}],\"inLanguage\":\"fi\"},{\"@type\":\"Organization\",\"@id\":\"https:\\\/\\\/www.blacksmokeracing.com\\\/#organization\",\"name\":\"Black Smoke Oy Ltd\",\"url\":\"https:\\\/\\\/www.blacksmokeracing.com\\\/\",\"logo\":{\"@type\":\"ImageObject\",\"inLanguage\":\"fi\",\"@id\":\"https:\\\/\\\/www.blacksmokeracing.com\\\/#\\\/schema\\\/logo\\\/image\\\/\",\"url\":\"https:\\\/\\\/www.blacksmokeracing.com\\\/wp-content\\\/uploads\\\/2017\\\/11\\\/Black-Smoke-Logo.png\",\"contentUrl\":\"https:\\\/\\\/www.blacksmokeracing.com\\\/wp-content\\\/uploads\\\/2017\\\/11\\\/Black-Smoke-Logo.png\",\"width\":319,\"height\":97,\"caption\":\"Black Smoke Oy Ltd\"},\"image\":{\"@id\":\"https:\\\/\\\/www.blacksmokeracing.com\\\/#\\\/schema\\\/logo\\\/image\\\/\"},\"sameAs\":[\"https:\\\/\\\/www.facebook.com\\\/blacksmokeracing\",\"https:\\\/\\\/x.com\\\/BlackSmokeMedia\"]}]}<\/script>\n<!-- \/ Yoast SEO Premium plugin. -->","yoast_head_json":{"title":"Mercedes diesel performance STREET-suuttimet - Black Smoke Ltd","robots":{"index":"index","follow":"follow","max-snippet":"max-snippet:-1","max-image-preview":"max-image-preview:large","max-video-preview":"max-video-preview:-1"},"canonical":"https:\/\/www.blacksmokeracing.com\/fi\/product\/mercedes-diesel-performance-street-injectors\/","og_locale":"fi_FI","og_type":"article","og_title":"Mercedes diesel performance STREET injectors","og_description":"This injector is specifically designed to work in daily drivers and they can deliver up to 85 hp\/injector. It works very well on idle and lower injection amounts in other words normal engine usage \ud83d\ude04 \u00a0   Design to work optimally with original pistons. Up to 85hp per cylinder Every set is individually tested and balanced Injector map provided if needed OM64X &amp; OM61X   When buying these injectors, we give you the option of getting software that works too at a very much reduced price (only 200\u20ac!). This software is custom made for your specific injectors and you can be sure that it will delivered the right amount of fuel, at the right time, every time.    We are also interested in your stock OM64x injectors, we refund 20\u20ac\/injector. If you are sending us a shipment, shipping instructions can be found here:https:\/\/www.blacksmokeracing.com\/shipping\/ &nbsp;","og_url":"https:\/\/www.blacksmokeracing.com\/fi\/product\/mercedes-diesel-performance-street-injectors\/","og_site_name":"Black Smoke Ltd","article_publisher":"https:\/\/www.facebook.com\/blacksmokeracing","article_modified_time":"2026-05-05T08:00:29+00:00","og_image":[{"width":1920,"height":1271,"url":"https:\/\/www.blacksmokeracing.com\/wp-content\/uploads\/blacksmoke_parts-04290.jpg","type":"image\/jpeg"}],"twitter_card":"summary_large_image","twitter_site":"@BlackSmokeMedia","twitter_misc":{"Arvioitu lukuaika":"2 minuuttia"},"schema":{"@context":"https:\/\/schema.org","@graph":[{"@type":["WebPage","ItemPage"],"@id":"https:\/\/www.blacksmokeracing.com\/product\/mercedes-diesel-performance-street-injectors\/","url":"https:\/\/www.blacksmokeracing.com\/product\/mercedes-diesel-performance-street-injectors\/","name":"Mercedes diesel performance STREET-suuttimet - Black Smoke Ltd","isPartOf":{"@id":"https:\/\/www.blacksmokeracing.com\/#website"},"primaryImageOfPage":{"@id":"https:\/\/www.blacksmokeracing.com\/product\/mercedes-diesel-performance-street-injectors\/#primaryimage"},"image":{"@id":"https:\/\/www.blacksmokeracing.com\/product\/mercedes-diesel-performance-street-injectors\/#primaryimage"},"thumbnailUrl":"https:\/\/www.blacksmokeracing.com\/wp-content\/uploads\/blacksmoke_parts-04290.jpg","datePublished":"2022-03-07T17:30:48+00:00","dateModified":"2026-05-05T08:00:29+00:00","breadcrumb":{"@id":"https:\/\/www.blacksmokeracing.com\/product\/mercedes-diesel-performance-street-injectors\/#breadcrumb"},"inLanguage":"fi","potentialAction":[{"@type":"ReadAction","target":["https:\/\/www.blacksmokeracing.com\/product\/mercedes-diesel-performance-street-injectors\/"]}]},{"@type":"ImageObject","inLanguage":"fi","@id":"https:\/\/www.blacksmokeracing.com\/product\/mercedes-diesel-performance-street-injectors\/#primaryimage","url":"https:\/\/www.blacksmokeracing.com\/wp-content\/uploads\/blacksmoke_parts-04290.jpg","contentUrl":"https:\/\/www.blacksmokeracing.com\/wp-content\/uploads\/blacksmoke_parts-04290.jpg","width":1920,"height":1271},{"@type":"BreadcrumbList","@id":"https:\/\/www.blacksmokeracing.com\/product\/mercedes-diesel-performance-street-injectors\/#breadcrumb","itemListElement":[{"@type":"ListItem","position":1,"name":"Home","item":"https:\/\/www.blacksmokeracing.com\/"},{"@type":"ListItem","position":2,"name":"Shop","item":"https:\/\/www.blacksmokeracing.com\/shop\/"},{"@type":"ListItem","position":3,"name":"Mercedes diesel performance STREET injectors"}]},{"@type":"WebSite","@id":"https:\/\/www.blacksmokeracing.com\/#website","url":"https:\/\/www.blacksmokeracing.com\/","name":"Black Smoke Oy","description":"Not the most successful drifting team","publisher":{"@id":"https:\/\/www.blacksmokeracing.com\/#organization"},"potentialAction":[{"@type":"SearchAction","target":{"@type":"EntryPoint","urlTemplate":"https:\/\/www.blacksmokeracing.com\/?s={search_term_string}"},"query-input":{"@type":"PropertyValueSpecification","valueRequired":true,"valueName":"search_term_string"}}],"inLanguage":"fi"},{"@type":"Organization","@id":"https:\/\/www.blacksmokeracing.com\/#organization","name":"Black Smoke Oy","url":"https:\/\/www.blacksmokeracing.com\/","logo":{"@type":"ImageObject","inLanguage":"fi","@id":"https:\/\/www.blacksmokeracing.com\/#\/schema\/logo\/image\/","url":"https:\/\/www.blacksmokeracing.com\/wp-content\/uploads\/2017\/11\/Black-Smoke-Logo.png","contentUrl":"https:\/\/www.blacksmokeracing.com\/wp-content\/uploads\/2017\/11\/Black-Smoke-Logo.png","width":319,"height":97,"caption":"Black Smoke Oy Ltd"},"image":{"@id":"https:\/\/www.blacksmokeracing.com\/#\/schema\/logo\/image\/"},"sameAs":["https:\/\/www.facebook.com\/blacksmokeracing","https:\/\/x.com\/BlackSmokeMedia"]}]}},"taxonomy_info":{"product_cat":[{"value":586,"label":"Fuel system"},{"value":8883,"label":"Injectors"},{"value":531,"label":"Turbodiesel Race parts"}],"product_brands":[{"value":8870,"label":"Black Smoke Performance"}]},"featured_image_src_large":["https:\/\/www.blacksmokeracing.com\/wp-content\/uploads\/blacksmoke_parts-04290-1170x775.jpg",1170,775,true],"author_info":[],"comment_info":2,"_links":{"self":[{"href":"https:\/\/www.blacksmokeracing.com\/fi\/wp-json\/wp\/v2\/product\/53073","targetHints":{"allow":["GET"]}}],"collection":[{"href":"https:\/\/www.blacksmokeracing.com\/fi\/wp-json\/wp\/v2\/product"}],"about":[{"href":"https:\/\/www.blacksmokeracing.com\/fi\/wp-json\/wp\/v2\/types\/product"}],"replies":[{"embeddable":true,"href":"https:\/\/www.blacksmokeracing.com\/fi\/wp-json\/wp\/v2\/comments?post=53073"}],"wp:featuredmedia":[{"embeddable":true,"href":"https:\/\/www.blacksmokeracing.com\/fi\/wp-json\/wp\/v2\/media\/50992"}],"wp:attachment":[{"href":"https:\/\/www.blacksmokeracing.com\/fi\/wp-json\/wp\/v2\/media?parent=53073"}],"wp:term":[{"taxonomy":"product_cat","embeddable":true,"href":"https:\/\/www.blacksmokeracing.com\/fi\/wp-json\/wp\/v2\/product_cat?post=53073"},{"taxonomy":"product_tag","embeddable":true,"href":"https:\/\/www.blacksmokeracing.com\/fi\/wp-json\/wp\/v2\/product_tag?post=53073"},{"taxonomy":"product_brands","embeddable":true,"href":"https:\/\/www.blacksmokeracing.com\/fi\/wp-json\/wp\/v2\/product_brands?post=53073"}],"curies":[{"name":"wp","href":"https:\/\/api.w.org\/{rel}","templated":true}]}}