{"id":52629,"date":"2022-02-10T22:48:47","date_gmt":"2022-02-10T20:48:47","guid":{"rendered":"https:\/\/www.blacksmokeracing.com\/?post_type=product&#038;p=52629"},"modified":"2026-05-05T11:00:29","modified_gmt":"2026-05-05T08:00:29","slug":"722-6-transmission-controller-of-gear","status":"publish","type":"product","link":"https:\/\/www.blacksmokeracing.com\/fi\/product\/722-6-transmission-controller-of-gear\/","title":{"rendered":"722.6 Vaihdelaatikon ohjain OF Gear"},"content":{"rendered":"<p>Kaikissa uusissa versioissa on 5 baarin karttaanturi.<\/p>\n<p>Sis\u00e4lt\u00e4\u00e4 pistokkeen (vaihdelaatikko, vaihdevipu, TPS-anturi) se EI sis\u00e4ll\u00e4 TPS-anturia ja vaihdevipua<\/p>\n<p>Sis\u00e4lt\u00e4\u00e4 langanleveysvastukset siipivaihteille.<\/p>\n<p>Sis\u00e4lt\u00e4\u00e4 uuden kotelon n\u00e4yt\u00f6lle ja joystickille<\/p>\n<p>(Yhdysvaltain tariffi 8543.70.9960)<\/p>","protected":false},"excerpt":{"rendered":"<p>This is a standalone transmission controller for the 722.6 5 speed transmission, with this you can control the automatic transmission without the stock TCU. The complete kit has all you need for a turbo car. It has the 2,4\u2033 OLED display in a housing, that works as both Gear Indicator, and for navigating the menus. A perfect solution for engine swaps.<\/p>\n<p><strong>Tuote toimitetaan p\u00e4\u00e4s\u00e4\u00e4nt\u00f6isesti omasta varastostamme!<\/strong><br \/>\nJos tuote on loppunut, toimitusaika on 1 viikko.<\/p>\n<ul>\n<li>T\u00e4ydellinen setti<\/li>\n<li>2,4\u2033 OLED display<\/li>\n<li>Sis\u00e4lt\u00e4\u00e4 5 baarin paineanturin<\/li>\n<li>T\u00e4ydellinen ratkaisu moottoriswappeihin<\/li>\n<\/ul>","protected":false},"featured_media":76550,"comment_status":"open","ping_status":"closed","template":"","meta":{"inline_featured_image":false,"_kad_blocks_custom_css":"","_kad_blocks_head_custom_js":"","_kad_blocks_body_custom_js":"","_kad_blocks_footer_custom_js":"","_kad_post_transparent":"default","_kad_post_title":"","_kad_post_layout":"default","_kad_post_sidebar_id":"","_kad_post_content_style":"default","_kad_post_vertical_padding":"default","_kad_post_feature":"","_kad_post_feature_position":"","_kad_post_header":false,"_kad_post_footer":false,"_kad_post_classname":"","cybocfi_hide_featured_image":""},"product_cat":[587,531],"product_tag":[],"product_brands":[8878],"class_list":{"0":"post-52629","1":"product","2":"type-product","3":"status-publish","4":"has-post-thumbnail","6":"product_cat-drivetrain","7":"product_cat-mercedes-turbodiesel-race-parts","8":"product_brands-performance-part","10":"first","11":"instock","12":"taxable","13":"shipping-taxable","14":"purchasable","15":"product-type-simple","16":"entry","17":"content-bg","18":"loop-entry"},"yoast_head":"<!-- This site is optimized with the Yoast SEO Premium plugin v27.5 (Yoast SEO v27.5) - https:\/\/yoast.com\/product\/yoast-seo-premium-wordpress\/ -->\n<title>722.6 Transmission controller OF Gear - Black Smoke Ltd<\/title>\n<meta name=\"robots\" content=\"index, follow, max-snippet:-1, max-image-preview:large, max-video-preview:-1\" \/>\n<link rel=\"canonical\" href=\"https:\/\/www.blacksmokeracing.com\/fi\/product\/722-6-transmission-controller-of-gear\/\" \/>\n<meta property=\"og:locale\" content=\"fi_FI\" \/>\n<meta property=\"og:type\" content=\"article\" \/>\n<meta property=\"og:title\" content=\"722.6 Transmission controller OF Gear\" \/>\n<meta property=\"og:description\" content=\"This is a standalone transmission controller for the 722.6 5 speed transmission, with this you can control the automatic transmission without the stock TCU. The complete kit has all you need for a turbo car. It has the 2,4\u2033 OLED display in a housing, that works as both Gear Indicator, and for navigating the menus. A perfect solution for engine swaps.  Product is usually delivered from our own stock! If product is out of stock, delivery time is 1 week.   Complete kit  2,4\u2033 OLED display  Includes 5 Bar boost sensor  Perfect for engine swaps\" \/>\n<meta property=\"og:url\" content=\"https:\/\/www.blacksmokeracing.com\/fi\/product\/722-6-transmission-controller-of-gear\/\" \/>\n<meta property=\"og:site_name\" content=\"Black Smoke Ltd\" \/>\n<meta property=\"article:publisher\" content=\"https:\/\/www.facebook.com\/blacksmokeracing\" \/>\n<meta property=\"article:modified_time\" content=\"2026-05-05T08:00:29+00:00\" \/>\n<meta property=\"og:image\" content=\"https:\/\/www.blacksmokeracing.com\/wp-content\/uploads\/DSC09251-scaled.jpg\" \/>\n\t<meta property=\"og:image:width\" content=\"2560\" \/>\n\t<meta property=\"og:image:height\" content=\"1710\" \/>\n\t<meta property=\"og:image:type\" content=\"image\/jpeg\" \/>\n<meta name=\"twitter:card\" content=\"summary_large_image\" \/>\n<meta name=\"twitter:site\" content=\"@BlackSmokeMedia\" \/>\n<meta name=\"twitter:label1\" content=\"Arvioitu lukuaika\" \/>\n\t<meta name=\"twitter:data1\" content=\"1 minuutti\" \/>\n<script type=\"application\/ld+json\" class=\"yoast-schema-graph\">{\"@context\":\"https:\\\/\\\/schema.org\",\"@graph\":[{\"@type\":[\"WebPage\",\"ItemPage\"],\"@id\":\"https:\\\/\\\/www.blacksmokeracing.com\\\/product\\\/722-6-transmission-controller-of-gear\\\/\",\"url\":\"https:\\\/\\\/www.blacksmokeracing.com\\\/product\\\/722-6-transmission-controller-of-gear\\\/\",\"name\":\"722.6 Transmission controller OF Gear - Black Smoke Ltd\",\"isPartOf\":{\"@id\":\"https:\\\/\\\/www.blacksmokeracing.com\\\/#website\"},\"primaryImageOfPage\":{\"@id\":\"https:\\\/\\\/www.blacksmokeracing.com\\\/product\\\/722-6-transmission-controller-of-gear\\\/#primaryimage\"},\"image\":{\"@id\":\"https:\\\/\\\/www.blacksmokeracing.com\\\/product\\\/722-6-transmission-controller-of-gear\\\/#primaryimage\"},\"thumbnailUrl\":\"https:\\\/\\\/www.blacksmokeracing.com\\\/wp-content\\\/uploads\\\/DSC09251-scaled.jpg\",\"datePublished\":\"2022-02-10T20:48:47+00:00\",\"dateModified\":\"2026-05-05T08:00:29+00:00\",\"breadcrumb\":{\"@id\":\"https:\\\/\\\/www.blacksmokeracing.com\\\/product\\\/722-6-transmission-controller-of-gear\\\/#breadcrumb\"},\"inLanguage\":\"fi\",\"potentialAction\":[{\"@type\":\"ReadAction\",\"target\":[\"https:\\\/\\\/www.blacksmokeracing.com\\\/product\\\/722-6-transmission-controller-of-gear\\\/\"]}]},{\"@type\":\"ImageObject\",\"inLanguage\":\"fi\",\"@id\":\"https:\\\/\\\/www.blacksmokeracing.com\\\/product\\\/722-6-transmission-controller-of-gear\\\/#primaryimage\",\"url\":\"https:\\\/\\\/www.blacksmokeracing.com\\\/wp-content\\\/uploads\\\/DSC09251-scaled.jpg\",\"contentUrl\":\"https:\\\/\\\/www.blacksmokeracing.com\\\/wp-content\\\/uploads\\\/DSC09251-scaled.jpg\",\"width\":2560,\"height\":1710},{\"@type\":\"BreadcrumbList\",\"@id\":\"https:\\\/\\\/www.blacksmokeracing.com\\\/product\\\/722-6-transmission-controller-of-gear\\\/#breadcrumb\",\"itemListElement\":[{\"@type\":\"ListItem\",\"position\":1,\"name\":\"Home\",\"item\":\"https:\\\/\\\/www.blacksmokeracing.com\\\/\"},{\"@type\":\"ListItem\",\"position\":2,\"name\":\"Shop\",\"item\":\"https:\\\/\\\/www.blacksmokeracing.com\\\/shop\\\/\"},{\"@type\":\"ListItem\",\"position\":3,\"name\":\"722.6 Transmission controller OF Gear\"}]},{\"@type\":\"WebSite\",\"@id\":\"https:\\\/\\\/www.blacksmokeracing.com\\\/#website\",\"url\":\"https:\\\/\\\/www.blacksmokeracing.com\\\/\",\"name\":\"Black Smoke Ltd\",\"description\":\"Not the most successful drifting team\",\"publisher\":{\"@id\":\"https:\\\/\\\/www.blacksmokeracing.com\\\/#organization\"},\"potentialAction\":[{\"@type\":\"SearchAction\",\"target\":{\"@type\":\"EntryPoint\",\"urlTemplate\":\"https:\\\/\\\/www.blacksmokeracing.com\\\/?s={search_term_string}\"},\"query-input\":{\"@type\":\"PropertyValueSpecification\",\"valueRequired\":true,\"valueName\":\"search_term_string\"}}],\"inLanguage\":\"fi\"},{\"@type\":\"Organization\",\"@id\":\"https:\\\/\\\/www.blacksmokeracing.com\\\/#organization\",\"name\":\"Black Smoke Oy Ltd\",\"url\":\"https:\\\/\\\/www.blacksmokeracing.com\\\/\",\"logo\":{\"@type\":\"ImageObject\",\"inLanguage\":\"fi\",\"@id\":\"https:\\\/\\\/www.blacksmokeracing.com\\\/#\\\/schema\\\/logo\\\/image\\\/\",\"url\":\"https:\\\/\\\/www.blacksmokeracing.com\\\/wp-content\\\/uploads\\\/2017\\\/11\\\/Black-Smoke-Logo.png\",\"contentUrl\":\"https:\\\/\\\/www.blacksmokeracing.com\\\/wp-content\\\/uploads\\\/2017\\\/11\\\/Black-Smoke-Logo.png\",\"width\":319,\"height\":97,\"caption\":\"Black Smoke Oy Ltd\"},\"image\":{\"@id\":\"https:\\\/\\\/www.blacksmokeracing.com\\\/#\\\/schema\\\/logo\\\/image\\\/\"},\"sameAs\":[\"https:\\\/\\\/www.facebook.com\\\/blacksmokeracing\",\"https:\\\/\\\/x.com\\\/BlackSmokeMedia\"]}]}<\/script>\n<!-- \/ Yoast SEO Premium plugin. -->","yoast_head_json":{"title":"722.6 Gear-vaihteiston ohjain - Black Smoke Ltd","robots":{"index":"index","follow":"follow","max-snippet":"max-snippet:-1","max-image-preview":"max-image-preview:large","max-video-preview":"max-video-preview:-1"},"canonical":"https:\/\/www.blacksmokeracing.com\/fi\/product\/722-6-transmission-controller-of-gear\/","og_locale":"fi_FI","og_type":"article","og_title":"722.6 Transmission controller OF Gear","og_description":"This is a standalone transmission controller for the 722.6 5 speed transmission, with this you can control the automatic transmission without the stock TCU. The complete kit has all you need for a turbo car. It has the 2,4\u2033 OLED display in a housing, that works as both Gear Indicator, and for navigating the menus. A perfect solution for engine swaps.  Product is usually delivered from our own stock! If product is out of stock, delivery time is 1 week.   Complete kit  2,4\u2033 OLED display  Includes 5 Bar boost sensor  Perfect for engine swaps","og_url":"https:\/\/www.blacksmokeracing.com\/fi\/product\/722-6-transmission-controller-of-gear\/","og_site_name":"Black Smoke Ltd","article_publisher":"https:\/\/www.facebook.com\/blacksmokeracing","article_modified_time":"2026-05-05T08:00:29+00:00","og_image":[{"width":2560,"height":1710,"url":"https:\/\/www.blacksmokeracing.com\/wp-content\/uploads\/DSC09251-scaled.jpg","type":"image\/jpeg"}],"twitter_card":"summary_large_image","twitter_site":"@BlackSmokeMedia","twitter_misc":{"Arvioitu lukuaika":"1 minuutti"},"schema":{"@context":"https:\/\/schema.org","@graph":[{"@type":["WebPage","ItemPage"],"@id":"https:\/\/www.blacksmokeracing.com\/product\/722-6-transmission-controller-of-gear\/","url":"https:\/\/www.blacksmokeracing.com\/product\/722-6-transmission-controller-of-gear\/","name":"722.6 Gear-vaihteiston ohjain - Black Smoke Ltd","isPartOf":{"@id":"https:\/\/www.blacksmokeracing.com\/#website"},"primaryImageOfPage":{"@id":"https:\/\/www.blacksmokeracing.com\/product\/722-6-transmission-controller-of-gear\/#primaryimage"},"image":{"@id":"https:\/\/www.blacksmokeracing.com\/product\/722-6-transmission-controller-of-gear\/#primaryimage"},"thumbnailUrl":"https:\/\/www.blacksmokeracing.com\/wp-content\/uploads\/DSC09251-scaled.jpg","datePublished":"2022-02-10T20:48:47+00:00","dateModified":"2026-05-05T08:00:29+00:00","breadcrumb":{"@id":"https:\/\/www.blacksmokeracing.com\/product\/722-6-transmission-controller-of-gear\/#breadcrumb"},"inLanguage":"fi","potentialAction":[{"@type":"ReadAction","target":["https:\/\/www.blacksmokeracing.com\/product\/722-6-transmission-controller-of-gear\/"]}]},{"@type":"ImageObject","inLanguage":"fi","@id":"https:\/\/www.blacksmokeracing.com\/product\/722-6-transmission-controller-of-gear\/#primaryimage","url":"https:\/\/www.blacksmokeracing.com\/wp-content\/uploads\/DSC09251-scaled.jpg","contentUrl":"https:\/\/www.blacksmokeracing.com\/wp-content\/uploads\/DSC09251-scaled.jpg","width":2560,"height":1710},{"@type":"BreadcrumbList","@id":"https:\/\/www.blacksmokeracing.com\/product\/722-6-transmission-controller-of-gear\/#breadcrumb","itemListElement":[{"@type":"ListItem","position":1,"name":"Home","item":"https:\/\/www.blacksmokeracing.com\/"},{"@type":"ListItem","position":2,"name":"Shop","item":"https:\/\/www.blacksmokeracing.com\/shop\/"},{"@type":"ListItem","position":3,"name":"722.6 Transmission controller OF Gear"}]},{"@type":"WebSite","@id":"https:\/\/www.blacksmokeracing.com\/#website","url":"https:\/\/www.blacksmokeracing.com\/","name":"Black Smoke Oy","description":"Not the most successful drifting team","publisher":{"@id":"https:\/\/www.blacksmokeracing.com\/#organization"},"potentialAction":[{"@type":"SearchAction","target":{"@type":"EntryPoint","urlTemplate":"https:\/\/www.blacksmokeracing.com\/?s={search_term_string}"},"query-input":{"@type":"PropertyValueSpecification","valueRequired":true,"valueName":"search_term_string"}}],"inLanguage":"fi"},{"@type":"Organization","@id":"https:\/\/www.blacksmokeracing.com\/#organization","name":"Black Smoke Oy","url":"https:\/\/www.blacksmokeracing.com\/","logo":{"@type":"ImageObject","inLanguage":"fi","@id":"https:\/\/www.blacksmokeracing.com\/#\/schema\/logo\/image\/","url":"https:\/\/www.blacksmokeracing.com\/wp-content\/uploads\/2017\/11\/Black-Smoke-Logo.png","contentUrl":"https:\/\/www.blacksmokeracing.com\/wp-content\/uploads\/2017\/11\/Black-Smoke-Logo.png","width":319,"height":97,"caption":"Black Smoke Oy Ltd"},"image":{"@id":"https:\/\/www.blacksmokeracing.com\/#\/schema\/logo\/image\/"},"sameAs":["https:\/\/www.facebook.com\/blacksmokeracing","https:\/\/x.com\/BlackSmokeMedia"]}]}},"taxonomy_info":{"product_cat":[{"value":587,"label":"Drivetrain"},{"value":531,"label":"Turbodiesel Race parts"}],"product_brands":[{"value":8878,"label":"Generic - Performance"}]},"featured_image_src_large":["https:\/\/www.blacksmokeracing.com\/wp-content\/uploads\/DSC09251-1170x781.jpg",1170,781,true],"author_info":[],"comment_info":3,"_links":{"self":[{"href":"https:\/\/www.blacksmokeracing.com\/fi\/wp-json\/wp\/v2\/product\/52629","targetHints":{"allow":["GET"]}}],"collection":[{"href":"https:\/\/www.blacksmokeracing.com\/fi\/wp-json\/wp\/v2\/product"}],"about":[{"href":"https:\/\/www.blacksmokeracing.com\/fi\/wp-json\/wp\/v2\/types\/product"}],"replies":[{"embeddable":true,"href":"https:\/\/www.blacksmokeracing.com\/fi\/wp-json\/wp\/v2\/comments?post=52629"}],"wp:featuredmedia":[{"embeddable":true,"href":"https:\/\/www.blacksmokeracing.com\/fi\/wp-json\/wp\/v2\/media\/76550"}],"wp:attachment":[{"href":"https:\/\/www.blacksmokeracing.com\/fi\/wp-json\/wp\/v2\/media?parent=52629"}],"wp:term":[{"taxonomy":"product_cat","embeddable":true,"href":"https:\/\/www.blacksmokeracing.com\/fi\/wp-json\/wp\/v2\/product_cat?post=52629"},{"taxonomy":"product_tag","embeddable":true,"href":"https:\/\/www.blacksmokeracing.com\/fi\/wp-json\/wp\/v2\/product_tag?post=52629"},{"taxonomy":"product_brands","embeddable":true,"href":"https:\/\/www.blacksmokeracing.com\/fi\/wp-json\/wp\/v2\/product_brands?post=52629"}],"curies":[{"name":"wp","href":"https:\/\/api.w.org\/{rel}","templated":true}]}}