{"id":52329,"date":"2022-02-05T09:07:53","date_gmt":"2022-02-05T07:07:53","guid":{"rendered":"https:\/\/www.blacksmokeracing.com\/?post_type=product&#038;p=52329"},"modified":"2026-05-05T11:00:29","modified_gmt":"2026-05-05T08:00:29","slug":"hybrid-softshell-jacket","status":"publish","type":"product","link":"https:\/\/www.blacksmokeracing.com\/fi\/product\/hybrid-softshell-jacket\/","title":{"rendered":"Bl\u00e5kl\u00e4der Hybrid softshell jacket"},"content":{"rendered":"","protected":false},"excerpt":{"rendered":"<p><strong>BL\u00c5KL\u00c4DER LAATU!<br \/>\n<\/strong>Ommeltu joustava ja l\u00e4mmin softshell-huppari t\u00f6ihin tai vapaa-aikaan. T\u00e4m\u00e4 uudenlainen materiaali n\u00e4ytt\u00e4\u00e4 ja tuntuu hyv\u00e4lt\u00e4 ja on paljon hengitt\u00e4v\u00e4mpi kuin vastaavat tuotteet. Kainalot eiv\u00e4t ole softshelli\u00e4, joten se ei kuumene liikaa, softshell-materiaali alasel\u00e4ss\u00e4 ja k\u00e4sivarsissa antaa takille lis\u00e4\u00e4 kest\u00e4vyytt\u00e4. Erinomaisen hengitt\u00e4vyytens\u00e4 ansiosta takki toimii erinomaisesti my\u00f6s v\u00e4likerroksena kylmempin\u00e4 p\u00e4ivin\u00e4.<\/p>\n<p><span style=\"color: #ff0000;\">Black Smoke merkki vaihtuu vanhan er\u00e4n myynnin j\u00e4lkeen. Merkki on erilainen kuin kuvissa.<\/span><\/p>\n<p><strong>Kun tuote on saatavilla j\u00e4lkitoimituksella, toimitusaika on 2-3 viikkoa.<\/strong><\/p>\n<ul>\n<li>Joustava, l\u00e4mmin, hengitt\u00e4v\u00e4<\/li>\n<li>Toimii my\u00f6s v\u00e4likerroksena<\/li>\n<li>Bl\u00e5kl\u00e4der laatu<\/li>\n<\/ul>","protected":false},"featured_media":52403,"comment_status":"open","ping_status":"closed","template":"","meta":{"inline_featured_image":false,"_kad_blocks_custom_css":"","_kad_blocks_head_custom_js":"","_kad_blocks_body_custom_js":"","_kad_blocks_footer_custom_js":"","_kad_post_transparent":"default","_kad_post_title":"","_kad_post_layout":"default","_kad_post_sidebar_id":"","_kad_post_content_style":"default","_kad_post_vertical_padding":"default","_kad_post_feature":"","_kad_post_feature_position":"","_kad_post_header":false,"_kad_post_footer":false,"_kad_post_classname":"","cybocfi_hide_featured_image":""},"product_cat":[8839,279,429,541,316],"product_tag":[],"product_brands":[8875],"class_list":{"0":"post-52329","1":"product","2":"type-product","3":"status-publish","4":"has-post-thumbnail","6":"product_cat-blaklader-jackets","7":"product_cat-hoodies","8":"product_cat-jackets","9":"product_cat-merchandise","10":"product_cat-workwear","11":"product_brands-blaklader","13":"first","14":"instock","15":"sale","16":"taxable","17":"shipping-taxable","18":"purchasable","19":"product-type-variable","20":"entry","21":"content-bg","22":"loop-entry"},"yoast_head":"<!-- This site is optimized with the Yoast SEO Premium plugin v27.5 (Yoast SEO v27.5) - https:\/\/yoast.com\/product\/yoast-seo-premium-wordpress\/ -->\n<title>Bl\u00e5kl\u00e4der Hybrid softshell jacket - Black Smoke Ltd<\/title>\n<meta name=\"robots\" content=\"index, follow, max-snippet:-1, max-image-preview:large, max-video-preview:-1\" \/>\n<link rel=\"canonical\" href=\"https:\/\/www.blacksmokeracing.com\/fi\/product\/hybrid-softshell-jacket\/\" \/>\n<meta property=\"og:locale\" content=\"fi_FI\" \/>\n<meta property=\"og:type\" content=\"article\" \/>\n<meta property=\"og:title\" content=\"Bl\u00e5kl\u00e4der Hybrid softshell jacket\" \/>\n<meta property=\"og:description\" content=\"BL\u00c5KL\u00c4DER QUALITY! Stitched stretchy and warm softshell hoodie, for work or leisure. This new kind material looks and feels great and is far more breathable than similar products. The armpits are not softshell so it does not get too hot, softshell material on lower back and arms gives the jacket more durability. Because of its great breathability the jacket also works great as a midlayer on colder days.  The Black Smoke badge is changed after the sale of the old lot. The badge is different from the pictures.  When available on backorder, delivery time is 2-3 weeks.   Stretchy, warm, breathable  Also works as midlayer  Bl\u00e5kl\u00e4der quality\" \/>\n<meta property=\"og:url\" content=\"https:\/\/www.blacksmokeracing.com\/fi\/product\/hybrid-softshell-jacket\/\" \/>\n<meta property=\"og:site_name\" content=\"Black Smoke Ltd\" \/>\n<meta property=\"article:publisher\" content=\"https:\/\/www.facebook.com\/blacksmokeracing\" \/>\n<meta property=\"article:modified_time\" content=\"2026-05-05T08:00:29+00:00\" \/>\n<meta property=\"og:image\" content=\"https:\/\/www.blacksmokeracing.com\/wp-content\/uploads\/blacksmoke-2022-web-.jpg\" \/>\n\t<meta property=\"og:image:width\" content=\"1280\" \/>\n\t<meta property=\"og:image:height\" content=\"1920\" \/>\n\t<meta property=\"og:image:type\" content=\"image\/jpeg\" \/>\n<meta name=\"twitter:card\" content=\"summary_large_image\" \/>\n<meta name=\"twitter:site\" content=\"@BlackSmokeMedia\" \/>\n<meta name=\"twitter:label1\" content=\"Arvioitu lukuaika\" \/>\n\t<meta name=\"twitter:data1\" content=\"1 minuutti\" \/>\n<script type=\"application\/ld+json\" class=\"yoast-schema-graph\">{\"@context\":\"https:\\\/\\\/schema.org\",\"@graph\":[{\"@type\":[\"WebPage\",\"ItemPage\"],\"@id\":\"https:\\\/\\\/www.blacksmokeracing.com\\\/product\\\/hybrid-softshell-jacket\\\/\",\"url\":\"https:\\\/\\\/www.blacksmokeracing.com\\\/product\\\/hybrid-softshell-jacket\\\/\",\"name\":\"Bl\u00e5kl\u00e4der Hybrid softshell jacket - Black Smoke Ltd\",\"isPartOf\":{\"@id\":\"https:\\\/\\\/www.blacksmokeracing.com\\\/#website\"},\"primaryImageOfPage\":{\"@id\":\"https:\\\/\\\/www.blacksmokeracing.com\\\/product\\\/hybrid-softshell-jacket\\\/#primaryimage\"},\"image\":{\"@id\":\"https:\\\/\\\/www.blacksmokeracing.com\\\/product\\\/hybrid-softshell-jacket\\\/#primaryimage\"},\"thumbnailUrl\":\"https:\\\/\\\/www.blacksmokeracing.com\\\/wp-content\\\/uploads\\\/blacksmoke-2022-web-.jpg\",\"datePublished\":\"2022-02-05T07:07:53+00:00\",\"dateModified\":\"2026-05-05T08:00:29+00:00\",\"breadcrumb\":{\"@id\":\"https:\\\/\\\/www.blacksmokeracing.com\\\/product\\\/hybrid-softshell-jacket\\\/#breadcrumb\"},\"inLanguage\":\"fi\",\"potentialAction\":[{\"@type\":\"ReadAction\",\"target\":[\"https:\\\/\\\/www.blacksmokeracing.com\\\/product\\\/hybrid-softshell-jacket\\\/\"]}]},{\"@type\":\"ImageObject\",\"inLanguage\":\"fi\",\"@id\":\"https:\\\/\\\/www.blacksmokeracing.com\\\/product\\\/hybrid-softshell-jacket\\\/#primaryimage\",\"url\":\"https:\\\/\\\/www.blacksmokeracing.com\\\/wp-content\\\/uploads\\\/blacksmoke-2022-web-.jpg\",\"contentUrl\":\"https:\\\/\\\/www.blacksmokeracing.com\\\/wp-content\\\/uploads\\\/blacksmoke-2022-web-.jpg\",\"width\":1280,\"height\":1920},{\"@type\":\"BreadcrumbList\",\"@id\":\"https:\\\/\\\/www.blacksmokeracing.com\\\/product\\\/hybrid-softshell-jacket\\\/#breadcrumb\",\"itemListElement\":[{\"@type\":\"ListItem\",\"position\":1,\"name\":\"Home\",\"item\":\"https:\\\/\\\/www.blacksmokeracing.com\\\/\"},{\"@type\":\"ListItem\",\"position\":2,\"name\":\"Shop\",\"item\":\"https:\\\/\\\/www.blacksmokeracing.com\\\/shop\\\/\"},{\"@type\":\"ListItem\",\"position\":3,\"name\":\"Bl\u00e5kl\u00e4der Hybrid softshell jacket\"}]},{\"@type\":\"WebSite\",\"@id\":\"https:\\\/\\\/www.blacksmokeracing.com\\\/#website\",\"url\":\"https:\\\/\\\/www.blacksmokeracing.com\\\/\",\"name\":\"Black Smoke Ltd\",\"description\":\"Not the most successful drifting team\",\"publisher\":{\"@id\":\"https:\\\/\\\/www.blacksmokeracing.com\\\/#organization\"},\"potentialAction\":[{\"@type\":\"SearchAction\",\"target\":{\"@type\":\"EntryPoint\",\"urlTemplate\":\"https:\\\/\\\/www.blacksmokeracing.com\\\/?s={search_term_string}\"},\"query-input\":{\"@type\":\"PropertyValueSpecification\",\"valueRequired\":true,\"valueName\":\"search_term_string\"}}],\"inLanguage\":\"fi\"},{\"@type\":\"Organization\",\"@id\":\"https:\\\/\\\/www.blacksmokeracing.com\\\/#organization\",\"name\":\"Black Smoke Oy Ltd\",\"url\":\"https:\\\/\\\/www.blacksmokeracing.com\\\/\",\"logo\":{\"@type\":\"ImageObject\",\"inLanguage\":\"fi\",\"@id\":\"https:\\\/\\\/www.blacksmokeracing.com\\\/#\\\/schema\\\/logo\\\/image\\\/\",\"url\":\"https:\\\/\\\/www.blacksmokeracing.com\\\/wp-content\\\/uploads\\\/2017\\\/11\\\/Black-Smoke-Logo.png\",\"contentUrl\":\"https:\\\/\\\/www.blacksmokeracing.com\\\/wp-content\\\/uploads\\\/2017\\\/11\\\/Black-Smoke-Logo.png\",\"width\":319,\"height\":97,\"caption\":\"Black Smoke Oy Ltd\"},\"image\":{\"@id\":\"https:\\\/\\\/www.blacksmokeracing.com\\\/#\\\/schema\\\/logo\\\/image\\\/\"},\"sameAs\":[\"https:\\\/\\\/www.facebook.com\\\/blacksmokeracing\",\"https:\\\/\\\/x.com\\\/BlackSmokeMedia\"]}]}<\/script>\n<!-- \/ Yoast SEO Premium plugin. -->","yoast_head_json":{"title":"Bl\u00e5kl\u00e4der Hybrid softshell jacket - Black Smoke Ltd","robots":{"index":"index","follow":"follow","max-snippet":"max-snippet:-1","max-image-preview":"max-image-preview:large","max-video-preview":"max-video-preview:-1"},"canonical":"https:\/\/www.blacksmokeracing.com\/fi\/product\/hybrid-softshell-jacket\/","og_locale":"fi_FI","og_type":"article","og_title":"Bl\u00e5kl\u00e4der Hybrid softshell jacket","og_description":"BL\u00c5KL\u00c4DER QUALITY! Stitched stretchy and warm softshell hoodie, for work or leisure. This new kind material looks and feels great and is far more breathable than similar products. The armpits are not softshell so it does not get too hot, softshell material on lower back and arms gives the jacket more durability. Because of its great breathability the jacket also works great as a midlayer on colder days.  The Black Smoke badge is changed after the sale of the old lot. The badge is different from the pictures.  When available on backorder, delivery time is 2-3 weeks.   Stretchy, warm, breathable  Also works as midlayer  Bl\u00e5kl\u00e4der quality","og_url":"https:\/\/www.blacksmokeracing.com\/fi\/product\/hybrid-softshell-jacket\/","og_site_name":"Black Smoke Ltd","article_publisher":"https:\/\/www.facebook.com\/blacksmokeracing","article_modified_time":"2026-05-05T08:00:29+00:00","og_image":[{"width":1280,"height":1920,"url":"https:\/\/www.blacksmokeracing.com\/wp-content\/uploads\/blacksmoke-2022-web-.jpg","type":"image\/jpeg"}],"twitter_card":"summary_large_image","twitter_site":"@BlackSmokeMedia","twitter_misc":{"Arvioitu lukuaika":"1 minuutti"},"schema":{"@context":"https:\/\/schema.org","@graph":[{"@type":["WebPage","ItemPage"],"@id":"https:\/\/www.blacksmokeracing.com\/product\/hybrid-softshell-jacket\/","url":"https:\/\/www.blacksmokeracing.com\/product\/hybrid-softshell-jacket\/","name":"Bl\u00e5kl\u00e4der Hybrid softshell jacket - Black Smoke Ltd","isPartOf":{"@id":"https:\/\/www.blacksmokeracing.com\/#website"},"primaryImageOfPage":{"@id":"https:\/\/www.blacksmokeracing.com\/product\/hybrid-softshell-jacket\/#primaryimage"},"image":{"@id":"https:\/\/www.blacksmokeracing.com\/product\/hybrid-softshell-jacket\/#primaryimage"},"thumbnailUrl":"https:\/\/www.blacksmokeracing.com\/wp-content\/uploads\/blacksmoke-2022-web-.jpg","datePublished":"2022-02-05T07:07:53+00:00","dateModified":"2026-05-05T08:00:29+00:00","breadcrumb":{"@id":"https:\/\/www.blacksmokeracing.com\/product\/hybrid-softshell-jacket\/#breadcrumb"},"inLanguage":"fi","potentialAction":[{"@type":"ReadAction","target":["https:\/\/www.blacksmokeracing.com\/product\/hybrid-softshell-jacket\/"]}]},{"@type":"ImageObject","inLanguage":"fi","@id":"https:\/\/www.blacksmokeracing.com\/product\/hybrid-softshell-jacket\/#primaryimage","url":"https:\/\/www.blacksmokeracing.com\/wp-content\/uploads\/blacksmoke-2022-web-.jpg","contentUrl":"https:\/\/www.blacksmokeracing.com\/wp-content\/uploads\/blacksmoke-2022-web-.jpg","width":1280,"height":1920},{"@type":"BreadcrumbList","@id":"https:\/\/www.blacksmokeracing.com\/product\/hybrid-softshell-jacket\/#breadcrumb","itemListElement":[{"@type":"ListItem","position":1,"name":"Home","item":"https:\/\/www.blacksmokeracing.com\/"},{"@type":"ListItem","position":2,"name":"Shop","item":"https:\/\/www.blacksmokeracing.com\/shop\/"},{"@type":"ListItem","position":3,"name":"Bl\u00e5kl\u00e4der Hybrid softshell jacket"}]},{"@type":"WebSite","@id":"https:\/\/www.blacksmokeracing.com\/#website","url":"https:\/\/www.blacksmokeracing.com\/","name":"Black Smoke Oy","description":"Not the most successful drifting team","publisher":{"@id":"https:\/\/www.blacksmokeracing.com\/#organization"},"potentialAction":[{"@type":"SearchAction","target":{"@type":"EntryPoint","urlTemplate":"https:\/\/www.blacksmokeracing.com\/?s={search_term_string}"},"query-input":{"@type":"PropertyValueSpecification","valueRequired":true,"valueName":"search_term_string"}}],"inLanguage":"fi"},{"@type":"Organization","@id":"https:\/\/www.blacksmokeracing.com\/#organization","name":"Black Smoke Oy","url":"https:\/\/www.blacksmokeracing.com\/","logo":{"@type":"ImageObject","inLanguage":"fi","@id":"https:\/\/www.blacksmokeracing.com\/#\/schema\/logo\/image\/","url":"https:\/\/www.blacksmokeracing.com\/wp-content\/uploads\/2017\/11\/Black-Smoke-Logo.png","contentUrl":"https:\/\/www.blacksmokeracing.com\/wp-content\/uploads\/2017\/11\/Black-Smoke-Logo.png","width":319,"height":97,"caption":"Black Smoke Oy Ltd"},"image":{"@id":"https:\/\/www.blacksmokeracing.com\/#\/schema\/logo\/image\/"},"sameAs":["https:\/\/www.facebook.com\/blacksmokeracing","https:\/\/x.com\/BlackSmokeMedia"]}]}},"taxonomy_info":{"product_cat":[{"value":8839,"label":"Bl\u00e5kl\u00e4der Jackets &amp; Shirts"},{"value":279,"label":"Hoodies"},{"value":429,"label":"Jackets"},{"value":541,"label":"Merchandise"},{"value":316,"label":"Workwear from Blaklader &amp; Black Smoke Collaboration"}],"product_brands":[{"value":8875,"label":"Bl\u00e5kl\u00e4der Workwear"}]},"featured_image_src_large":["https:\/\/www.blacksmokeracing.com\/wp-content\/uploads\/blacksmoke-2022-web--1170x1755.jpg",1170,1755,true],"author_info":[],"comment_info":0,"_links":{"self":[{"href":"https:\/\/www.blacksmokeracing.com\/fi\/wp-json\/wp\/v2\/product\/52329","targetHints":{"allow":["GET"]}}],"collection":[{"href":"https:\/\/www.blacksmokeracing.com\/fi\/wp-json\/wp\/v2\/product"}],"about":[{"href":"https:\/\/www.blacksmokeracing.com\/fi\/wp-json\/wp\/v2\/types\/product"}],"replies":[{"embeddable":true,"href":"https:\/\/www.blacksmokeracing.com\/fi\/wp-json\/wp\/v2\/comments?post=52329"}],"wp:featuredmedia":[{"embeddable":true,"href":"https:\/\/www.blacksmokeracing.com\/fi\/wp-json\/wp\/v2\/media\/52403"}],"wp:attachment":[{"href":"https:\/\/www.blacksmokeracing.com\/fi\/wp-json\/wp\/v2\/media?parent=52329"}],"wp:term":[{"taxonomy":"product_cat","embeddable":true,"href":"https:\/\/www.blacksmokeracing.com\/fi\/wp-json\/wp\/v2\/product_cat?post=52329"},{"taxonomy":"product_tag","embeddable":true,"href":"https:\/\/www.blacksmokeracing.com\/fi\/wp-json\/wp\/v2\/product_tag?post=52329"},{"taxonomy":"product_brands","embeddable":true,"href":"https:\/\/www.blacksmokeracing.com\/fi\/wp-json\/wp\/v2\/product_brands?post=52329"}],"curies":[{"name":"wp","href":"https:\/\/api.w.org\/{rel}","templated":true}]}}