{"id":51960,"date":"2022-01-13T09:53:49","date_gmt":"2022-01-13T07:53:49","guid":{"rendered":"https:\/\/www.blacksmokeracing.com\/?post_type=product&#038;p=51960"},"modified":"2026-04-27T16:57:27","modified_gmt":"2026-04-27T13:57:27","slug":"gridle-plate-set-for-om613-om648-m104","status":"publish","type":"product","link":"https:\/\/www.blacksmokeracing.com\/fi\/product\/gridle-plate-set-for-om613-om648-m104\/","title":{"rendered":"Stressilevy setti M104\/OM606\/OM613\/OM648"},"content":{"rendered":"<p>Pulttien v\u00e4\u00e4nt\u00f6momentti 90 Nm.<\/p>\n<h2>Tilaaminen ja asennus<\/h2>\n<ul>\n<li>K\u00e4yt\u00e4 rasvaa kirist\u00e4ess\u00e4si pultteja<\/li>\n<li>K\u00e4yt\u00e4 sylinterin 1 p\u00e4\u00e4kannen varastopultteja<\/li>\n<li>K\u00e4yt\u00e4 kahta kpl \u00f6ljypohjan tiivisteit\u00e4<\/li>\n<li>Huomaa, ett\u00e4 t\u00e4m\u00e4 sarja laskee \u00f6ljypumppua 10 mm alemmaksi, mik\u00e4 tarkoittaa, ett\u00e4 sinun on pidennett\u00e4v\u00e4 \u00f6ljypumpun ketjua.<\/li>\n<\/ul>","protected":false},"excerpt":{"rendered":"<p>Kaikki tarvittavat osat paitsi pidempi ketju \u00f6ljypumpulle. Huomioithan, ett\u00e4 t\u00e4m\u00e4 laskee \u00f6ljypohjan alemmas. T\u00e4t\u00e4 samaa sarjaa on k\u00e4ytetty paljon kilpa-autossamme, mutta nykyisin k\u00e4yt\u00e4mme billetosia. T\u00e4m\u00e4 on kuitenkin hyv\u00e4 (ja huomattavasti edullisempi) vaihtoehto.<\/p>\n<p><strong>VALMIS PAKETTI!<\/strong><\/p>\n<ul>\n<li>Pultit ja mutterit<\/li>\n<li>Holkit<\/li>\n<li>Stressilevy<\/li>\n<\/ul>","protected":false},"featured_media":55717,"comment_status":"open","ping_status":"closed","template":"","meta":{"inline_featured_image":false,"_kad_blocks_custom_css":"","_kad_blocks_head_custom_js":"","_kad_blocks_body_custom_js":"","_kad_blocks_footer_custom_js":"","_kad_post_transparent":"default","_kad_post_title":"","_kad_post_layout":"default","_kad_post_sidebar_id":"","_kad_post_content_style":"default","_kad_post_vertical_padding":"default","_kad_post_feature":"","_kad_post_feature_position":"","_kad_post_header":false,"_kad_post_footer":false,"_kad_post_classname":"","cybocfi_hide_featured_image":""},"product_cat":[588,531],"product_tag":[],"product_brands":[8870],"class_list":{"0":"post-51960","1":"product","2":"type-product","3":"status-publish","4":"has-post-thumbnail","6":"product_cat-engine","7":"product_cat-mercedes-turbodiesel-race-parts","8":"pa_engine-m104","9":"pa_engine-om606","10":"pa_engine-om613","11":"pa_engine-om648","12":"product_brands-black-smoke-performance","14":"first","15":"instock","16":"taxable","17":"shipping-taxable","18":"purchasable","19":"product-type-woosb","20":"entry","21":"content-bg","22":"loop-entry"},"yoast_head":"<!-- This site is optimized with the Yoast SEO Premium plugin v27.5 (Yoast SEO v27.5) - https:\/\/yoast.com\/product\/yoast-seo-premium-wordpress\/ -->\n<title>Girdle plate set for M104\/OM606\/OM613\/OM648 - Black Smoke Ltd<\/title>\n<meta name=\"robots\" content=\"index, follow, max-snippet:-1, max-image-preview:large, max-video-preview:-1\" \/>\n<link rel=\"canonical\" href=\"https:\/\/www.blacksmokeracing.com\/fi\/product\/gridle-plate-set-for-om613-om648-m104\/\" \/>\n<meta property=\"og:locale\" content=\"fi_FI\" \/>\n<meta property=\"og:type\" content=\"article\" \/>\n<meta property=\"og:title\" content=\"Girdle plate set for M104\/OM606\/OM613\/OM648\" \/>\n<meta property=\"og:description\" content=\"All parts needed except a longer chain for the oilpump. Please note that this brings the oilpan lower. This same set has been driven with a lot in our racecar, currently we use billet main caps and billet girdle plate but this is a good (and much cheaper) alternative.  COMPLETE SET   Studs &amp; Nuts  Spacers  Girdle plate\" \/>\n<meta property=\"og:url\" content=\"https:\/\/www.blacksmokeracing.com\/fi\/product\/gridle-plate-set-for-om613-om648-m104\/\" \/>\n<meta property=\"og:site_name\" content=\"Black Smoke Ltd\" \/>\n<meta property=\"article:publisher\" content=\"https:\/\/www.facebook.com\/blacksmokeracing\" \/>\n<meta property=\"article:modified_time\" content=\"2026-04-27T13:57:27+00:00\" \/>\n<meta property=\"og:image\" content=\"https:\/\/www.blacksmokeracing.com\/wp-content\/uploads\/caps_2022_black_smoke-8730.jpg\" \/>\n\t<meta property=\"og:image:width\" content=\"1920\" \/>\n\t<meta property=\"og:image:height\" content=\"1280\" \/>\n\t<meta property=\"og:image:type\" content=\"image\/jpeg\" \/>\n<meta name=\"twitter:card\" content=\"summary_large_image\" \/>\n<meta name=\"twitter:site\" content=\"@BlackSmokeMedia\" \/>\n<meta name=\"twitter:label1\" content=\"Arvioitu lukuaika\" \/>\n\t<meta name=\"twitter:data1\" content=\"1 minuutti\" \/>\n<script type=\"application\/ld+json\" class=\"yoast-schema-graph\">{\"@context\":\"https:\\\/\\\/schema.org\",\"@graph\":[{\"@type\":[\"WebPage\",\"ItemPage\"],\"@id\":\"https:\\\/\\\/www.blacksmokeracing.com\\\/product\\\/gridle-plate-set-for-om613-om648-m104\\\/\",\"url\":\"https:\\\/\\\/www.blacksmokeracing.com\\\/product\\\/gridle-plate-set-for-om613-om648-m104\\\/\",\"name\":\"Girdle plate set for M104\\\/OM606\\\/OM613\\\/OM648 - Black Smoke Ltd\",\"isPartOf\":{\"@id\":\"https:\\\/\\\/www.blacksmokeracing.com\\\/#website\"},\"primaryImageOfPage\":{\"@id\":\"https:\\\/\\\/www.blacksmokeracing.com\\\/product\\\/gridle-plate-set-for-om613-om648-m104\\\/#primaryimage\"},\"image\":{\"@id\":\"https:\\\/\\\/www.blacksmokeracing.com\\\/product\\\/gridle-plate-set-for-om613-om648-m104\\\/#primaryimage\"},\"thumbnailUrl\":\"https:\\\/\\\/www.blacksmokeracing.com\\\/wp-content\\\/uploads\\\/caps_2022_black_smoke-8730.jpg\",\"datePublished\":\"2022-01-13T07:53:49+00:00\",\"dateModified\":\"2026-04-27T13:57:27+00:00\",\"breadcrumb\":{\"@id\":\"https:\\\/\\\/www.blacksmokeracing.com\\\/product\\\/gridle-plate-set-for-om613-om648-m104\\\/#breadcrumb\"},\"inLanguage\":\"fi\",\"potentialAction\":[{\"@type\":\"ReadAction\",\"target\":[\"https:\\\/\\\/www.blacksmokeracing.com\\\/product\\\/gridle-plate-set-for-om613-om648-m104\\\/\"]}]},{\"@type\":\"ImageObject\",\"inLanguage\":\"fi\",\"@id\":\"https:\\\/\\\/www.blacksmokeracing.com\\\/product\\\/gridle-plate-set-for-om613-om648-m104\\\/#primaryimage\",\"url\":\"https:\\\/\\\/www.blacksmokeracing.com\\\/wp-content\\\/uploads\\\/caps_2022_black_smoke-8730.jpg\",\"contentUrl\":\"https:\\\/\\\/www.blacksmokeracing.com\\\/wp-content\\\/uploads\\\/caps_2022_black_smoke-8730.jpg\",\"width\":1920,\"height\":1280},{\"@type\":\"BreadcrumbList\",\"@id\":\"https:\\\/\\\/www.blacksmokeracing.com\\\/product\\\/gridle-plate-set-for-om613-om648-m104\\\/#breadcrumb\",\"itemListElement\":[{\"@type\":\"ListItem\",\"position\":1,\"name\":\"Home\",\"item\":\"https:\\\/\\\/www.blacksmokeracing.com\\\/\"},{\"@type\":\"ListItem\",\"position\":2,\"name\":\"Shop\",\"item\":\"https:\\\/\\\/www.blacksmokeracing.com\\\/shop\\\/\"},{\"@type\":\"ListItem\",\"position\":3,\"name\":\"Girdle plate set for M104\\\/OM606\\\/OM613\\\/OM648\"}]},{\"@type\":\"WebSite\",\"@id\":\"https:\\\/\\\/www.blacksmokeracing.com\\\/#website\",\"url\":\"https:\\\/\\\/www.blacksmokeracing.com\\\/\",\"name\":\"Black Smoke Ltd\",\"description\":\"Not the most successful drifting team\",\"publisher\":{\"@id\":\"https:\\\/\\\/www.blacksmokeracing.com\\\/#organization\"},\"potentialAction\":[{\"@type\":\"SearchAction\",\"target\":{\"@type\":\"EntryPoint\",\"urlTemplate\":\"https:\\\/\\\/www.blacksmokeracing.com\\\/?s={search_term_string}\"},\"query-input\":{\"@type\":\"PropertyValueSpecification\",\"valueRequired\":true,\"valueName\":\"search_term_string\"}}],\"inLanguage\":\"fi\"},{\"@type\":\"Organization\",\"@id\":\"https:\\\/\\\/www.blacksmokeracing.com\\\/#organization\",\"name\":\"Black Smoke Oy Ltd\",\"url\":\"https:\\\/\\\/www.blacksmokeracing.com\\\/\",\"logo\":{\"@type\":\"ImageObject\",\"inLanguage\":\"fi\",\"@id\":\"https:\\\/\\\/www.blacksmokeracing.com\\\/#\\\/schema\\\/logo\\\/image\\\/\",\"url\":\"https:\\\/\\\/www.blacksmokeracing.com\\\/wp-content\\\/uploads\\\/2017\\\/11\\\/Black-Smoke-Logo.png\",\"contentUrl\":\"https:\\\/\\\/www.blacksmokeracing.com\\\/wp-content\\\/uploads\\\/2017\\\/11\\\/Black-Smoke-Logo.png\",\"width\":319,\"height\":97,\"caption\":\"Black Smoke Oy Ltd\"},\"image\":{\"@id\":\"https:\\\/\\\/www.blacksmokeracing.com\\\/#\\\/schema\\\/logo\\\/image\\\/\"},\"sameAs\":[\"https:\\\/\\\/www.facebook.com\\\/blacksmokeracing\",\"https:\\\/\\\/x.com\\\/BlackSmokeMedia\"]}]}<\/script>\n<!-- \/ Yoast SEO Premium plugin. -->","yoast_head_json":{"title":"Vy\u00f6levysarja M104\/OM606\/OM613\/OM648 - Black Smoke Ltd","robots":{"index":"index","follow":"follow","max-snippet":"max-snippet:-1","max-image-preview":"max-image-preview:large","max-video-preview":"max-video-preview:-1"},"canonical":"https:\/\/www.blacksmokeracing.com\/fi\/product\/gridle-plate-set-for-om613-om648-m104\/","og_locale":"fi_FI","og_type":"article","og_title":"Girdle plate set for M104\/OM606\/OM613\/OM648","og_description":"All parts needed except a longer chain for the oilpump. Please note that this brings the oilpan lower. This same set has been driven with a lot in our racecar, currently we use billet main caps and billet girdle plate but this is a good (and much cheaper) alternative.  COMPLETE SET   Studs &amp; Nuts  Spacers  Girdle plate","og_url":"https:\/\/www.blacksmokeracing.com\/fi\/product\/gridle-plate-set-for-om613-om648-m104\/","og_site_name":"Black Smoke Ltd","article_publisher":"https:\/\/www.facebook.com\/blacksmokeracing","article_modified_time":"2026-04-27T13:57:27+00:00","og_image":[{"width":1920,"height":1280,"url":"https:\/\/www.blacksmokeracing.com\/wp-content\/uploads\/caps_2022_black_smoke-8730.jpg","type":"image\/jpeg"}],"twitter_card":"summary_large_image","twitter_site":"@BlackSmokeMedia","twitter_misc":{"Arvioitu lukuaika":"1 minuutti"},"schema":{"@context":"https:\/\/schema.org","@graph":[{"@type":["WebPage","ItemPage"],"@id":"https:\/\/www.blacksmokeracing.com\/product\/gridle-plate-set-for-om613-om648-m104\/","url":"https:\/\/www.blacksmokeracing.com\/product\/gridle-plate-set-for-om613-om648-m104\/","name":"Vy\u00f6levysarja M104\/OM606\/OM613\/OM648 - Black Smoke Ltd","isPartOf":{"@id":"https:\/\/www.blacksmokeracing.com\/#website"},"primaryImageOfPage":{"@id":"https:\/\/www.blacksmokeracing.com\/product\/gridle-plate-set-for-om613-om648-m104\/#primaryimage"},"image":{"@id":"https:\/\/www.blacksmokeracing.com\/product\/gridle-plate-set-for-om613-om648-m104\/#primaryimage"},"thumbnailUrl":"https:\/\/www.blacksmokeracing.com\/wp-content\/uploads\/caps_2022_black_smoke-8730.jpg","datePublished":"2022-01-13T07:53:49+00:00","dateModified":"2026-04-27T13:57:27+00:00","breadcrumb":{"@id":"https:\/\/www.blacksmokeracing.com\/product\/gridle-plate-set-for-om613-om648-m104\/#breadcrumb"},"inLanguage":"fi","potentialAction":[{"@type":"ReadAction","target":["https:\/\/www.blacksmokeracing.com\/product\/gridle-plate-set-for-om613-om648-m104\/"]}]},{"@type":"ImageObject","inLanguage":"fi","@id":"https:\/\/www.blacksmokeracing.com\/product\/gridle-plate-set-for-om613-om648-m104\/#primaryimage","url":"https:\/\/www.blacksmokeracing.com\/wp-content\/uploads\/caps_2022_black_smoke-8730.jpg","contentUrl":"https:\/\/www.blacksmokeracing.com\/wp-content\/uploads\/caps_2022_black_smoke-8730.jpg","width":1920,"height":1280},{"@type":"BreadcrumbList","@id":"https:\/\/www.blacksmokeracing.com\/product\/gridle-plate-set-for-om613-om648-m104\/#breadcrumb","itemListElement":[{"@type":"ListItem","position":1,"name":"Home","item":"https:\/\/www.blacksmokeracing.com\/"},{"@type":"ListItem","position":2,"name":"Shop","item":"https:\/\/www.blacksmokeracing.com\/shop\/"},{"@type":"ListItem","position":3,"name":"Girdle plate set for M104\/OM606\/OM613\/OM648"}]},{"@type":"WebSite","@id":"https:\/\/www.blacksmokeracing.com\/#website","url":"https:\/\/www.blacksmokeracing.com\/","name":"Black Smoke Oy","description":"Not the most successful drifting team","publisher":{"@id":"https:\/\/www.blacksmokeracing.com\/#organization"},"potentialAction":[{"@type":"SearchAction","target":{"@type":"EntryPoint","urlTemplate":"https:\/\/www.blacksmokeracing.com\/?s={search_term_string}"},"query-input":{"@type":"PropertyValueSpecification","valueRequired":true,"valueName":"search_term_string"}}],"inLanguage":"fi"},{"@type":"Organization","@id":"https:\/\/www.blacksmokeracing.com\/#organization","name":"Black Smoke Oy","url":"https:\/\/www.blacksmokeracing.com\/","logo":{"@type":"ImageObject","inLanguage":"fi","@id":"https:\/\/www.blacksmokeracing.com\/#\/schema\/logo\/image\/","url":"https:\/\/www.blacksmokeracing.com\/wp-content\/uploads\/2017\/11\/Black-Smoke-Logo.png","contentUrl":"https:\/\/www.blacksmokeracing.com\/wp-content\/uploads\/2017\/11\/Black-Smoke-Logo.png","width":319,"height":97,"caption":"Black Smoke Oy Ltd"},"image":{"@id":"https:\/\/www.blacksmokeracing.com\/#\/schema\/logo\/image\/"},"sameAs":["https:\/\/www.facebook.com\/blacksmokeracing","https:\/\/x.com\/BlackSmokeMedia"]}]}},"taxonomy_info":{"product_cat":[{"value":588,"label":"Engine"},{"value":531,"label":"Turbodiesel Race parts"}],"pa_engine":[{"value":8898,"label":"m104"},{"value":8897,"label":"om606"},{"value":8869,"label":"om613"},{"value":8685,"label":"om648"}],"product_brands":[{"value":8870,"label":"Black Smoke Performance"}]},"featured_image_src_large":["https:\/\/www.blacksmokeracing.com\/wp-content\/uploads\/caps_2022_black_smoke-8730-1170x780.jpg",1170,780,true],"author_info":[],"comment_info":0,"_links":{"self":[{"href":"https:\/\/www.blacksmokeracing.com\/fi\/wp-json\/wp\/v2\/product\/51960","targetHints":{"allow":["GET"]}}],"collection":[{"href":"https:\/\/www.blacksmokeracing.com\/fi\/wp-json\/wp\/v2\/product"}],"about":[{"href":"https:\/\/www.blacksmokeracing.com\/fi\/wp-json\/wp\/v2\/types\/product"}],"replies":[{"embeddable":true,"href":"https:\/\/www.blacksmokeracing.com\/fi\/wp-json\/wp\/v2\/comments?post=51960"}],"wp:featuredmedia":[{"embeddable":true,"href":"https:\/\/www.blacksmokeracing.com\/fi\/wp-json\/wp\/v2\/media\/55717"}],"wp:attachment":[{"href":"https:\/\/www.blacksmokeracing.com\/fi\/wp-json\/wp\/v2\/media?parent=51960"}],"wp:term":[{"taxonomy":"product_cat","embeddable":true,"href":"https:\/\/www.blacksmokeracing.com\/fi\/wp-json\/wp\/v2\/product_cat?post=51960"},{"taxonomy":"product_tag","embeddable":true,"href":"https:\/\/www.blacksmokeracing.com\/fi\/wp-json\/wp\/v2\/product_tag?post=51960"},{"taxonomy":"product_brands","embeddable":true,"href":"https:\/\/www.blacksmokeracing.com\/fi\/wp-json\/wp\/v2\/product_brands?post=51960"}],"curies":[{"name":"wp","href":"https:\/\/api.w.org\/{rel}","templated":true}]}}