{"id":49460,"date":"2021-09-30T22:01:56","date_gmt":"2021-09-30T19:01:56","guid":{"rendered":"https:\/\/www.blacksmokeracing.com\/?post_type=product&#038;p=49460"},"modified":"2026-03-03T10:58:07","modified_gmt":"2026-03-03T08:58:07","slug":"mercedes-diesel-performance-race-injectors","status":"publish","type":"product","link":"https:\/\/www.blacksmokeracing.com\/fi\/product\/mercedes-diesel-performance-race-injectors\/","title":{"rendered":"Mercedes diesel performance RACE suutin"},"content":{"rendered":"<p>Ostaessasi n\u00e4m\u00e4 suuttimet tarjoamme ohjelmointia reilusti normaalia halvempaan hintaan (vain 200\u20ac!). <strong>Ohjelmointi tehd\u00e4\u00e4n asiakkaan haluamille spekseille!<\/strong><\/p>\r\n\r\n\r\n\r\n<p>Olemme my\u00f6s kiinnostuneita varastossa olevista OM64x-suuttimistasi. Ota yhteytt\u00e4 osoitteeseen parts@blacksmokeracing.com, jos haluat l\u00e4hett\u00e4\u00e4 ne meille vaihdossa.<\/p>","protected":false},"excerpt":{"rendered":"<p>Polttoaineputki on yksi arvokas j\u00e4rjestelm\u00e4 ja sen huippu ovat suuttimet. Tarvitset kunnolliset suuttimet saadaksesi todellista tehoa OM61x- ja OM64x-moottoreista. Kilpailusuuttimillamme saat yli 120 hv per sylinteri.<\/p>\n<ul>\n<li>Jopa 120hv per sylinteri!<\/li>\n<li>Jokainen setti on tarkistettu ja s\u00e4\u00e4detty<\/li>\n<li>Tarvittaessa saat meilt\u00e4 suutinkartan mit\u00e4 k\u00e4ytt\u00e4\u00e4 autosi moottorinohjaimen ohjelmassa<\/li>\n<li>OM64X &amp; OM61X<\/li>\n<li>Meill\u00e4 on n\u00e4m\u00e4 k\u00e4yt\u00f6ss\u00e4 kilpa-autossa!<\/li>\n<\/ul>\n<p>Olemme my\u00f6s kiinnostuneita varastossa olevista OM64x-suuttimista, hyvit\u00e4mme 20\u20ac\/suutin.<\/p>\n<p>Jos l\u00e4het\u00e4t meille l\u00e4hetyksen, l\u00e4hetysohjeet l\u00f6ytyv\u00e4t t\u00e4\u00e4lt\u00e4:<br \/><a href=\"https:\/\/www.blacksmokeracing.com\/fi\/shipping\/\" target=\"_blank\" rel=\"noopener\">https:\/\/www.blacksmokeracing.com\/fi\/shipping\/<\/a><\/p>","protected":false},"featured_media":50990,"comment_status":"open","ping_status":"closed","template":"","meta":{"inline_featured_image":false,"_kad_blocks_custom_css":"","_kad_blocks_head_custom_js":"","_kad_blocks_body_custom_js":"","_kad_blocks_footer_custom_js":"","_kad_post_transparent":"default","_kad_post_title":"","_kad_post_layout":"default","_kad_post_sidebar_id":"","_kad_post_content_style":"default","_kad_post_vertical_padding":"default","_kad_post_feature":"","_kad_post_feature_position":"","_kad_post_header":false,"_kad_post_footer":false,"_kad_post_classname":"","cybocfi_hide_featured_image":""},"product_cat":[586,8883,531],"product_tag":[],"product_brands":[8870],"class_list":{"0":"post-49460","1":"product","2":"type-product","3":"status-publish","4":"has-post-thumbnail","6":"product_cat-fuel-system","7":"product_cat-injectors","8":"product_cat-mercedes-turbodiesel-race-parts","9":"pa_engine-om646","10":"pa_engine-om647","11":"pa_engine-om648","12":"product_brands-black-smoke-performance","14":"first","15":"instock","16":"taxable","17":"shipping-taxable","18":"purchasable","19":"product-type-variable","20":"entry","21":"content-bg","22":"loop-entry"},"yoast_head":"<!-- This site is optimized with the Yoast SEO Premium plugin v27.4 (Yoast SEO v27.4) - https:\/\/yoast.com\/product\/yoast-seo-premium-wordpress\/ -->\n<title>Mercedes diesel performance RACE injectors - Black Smoke Ltd<\/title>\n<meta name=\"robots\" content=\"index, follow, max-snippet:-1, max-image-preview:large, max-video-preview:-1\" \/>\n<link rel=\"canonical\" href=\"https:\/\/www.blacksmokeracing.com\/fi\/product\/mercedes-diesel-performance-race-injectors\/\" \/>\n<meta property=\"og:locale\" content=\"fi_FI\" \/>\n<meta property=\"og:type\" content=\"article\" \/>\n<meta property=\"og:title\" content=\"Mercedes diesel performance RACE injectors\" \/>\n<meta property=\"og:description\" content=\"The fuel line is one precious system and the pinnacle of it are the injectors. To get any real power out of the OM61x and OM64x engine you need proper injectors. With our race injectors you can get more than 120hp per cylinder.  Up to 120hp per cylinder Every set is individually tested and balanced Injector map provided if needed OM64X &amp; OM61X We use these in our race car  We are also interested in your stock OM64x injectors, we refund 20\u20ac\/injector. If you are sending us a shipment, shipping instructions can be found here:https:\/\/www.blacksmokeracing.com\/shipping\/\" \/>\n<meta property=\"og:url\" content=\"https:\/\/www.blacksmokeracing.com\/fi\/product\/mercedes-diesel-performance-race-injectors\/\" \/>\n<meta property=\"og:site_name\" content=\"Black Smoke Ltd\" \/>\n<meta property=\"article:publisher\" content=\"https:\/\/www.facebook.com\/blacksmokeracing\" \/>\n<meta property=\"article:modified_time\" content=\"2026-03-03T08:58:07+00:00\" \/>\n<meta property=\"og:image\" content=\"https:\/\/www.blacksmokeracing.com\/wp-content\/uploads\/blacksmoke_parts-04288.jpg\" \/>\n\t<meta property=\"og:image:width\" content=\"1920\" \/>\n\t<meta property=\"og:image:height\" content=\"1280\" \/>\n\t<meta property=\"og:image:type\" content=\"image\/jpeg\" \/>\n<meta name=\"twitter:card\" content=\"summary_large_image\" \/>\n<meta name=\"twitter:site\" content=\"@BlackSmokeMedia\" \/>\n<meta name=\"twitter:label1\" content=\"Arvioitu lukuaika\" \/>\n\t<meta name=\"twitter:data1\" content=\"1 minuutti\" \/>\n<script type=\"application\/ld+json\" class=\"yoast-schema-graph\">{\"@context\":\"https:\\\/\\\/schema.org\",\"@graph\":[{\"@type\":[\"WebPage\",\"ItemPage\"],\"@id\":\"https:\\\/\\\/www.blacksmokeracing.com\\\/product\\\/mercedes-diesel-performance-race-injectors\\\/\",\"url\":\"https:\\\/\\\/www.blacksmokeracing.com\\\/product\\\/mercedes-diesel-performance-race-injectors\\\/\",\"name\":\"Mercedes diesel performance RACE injectors - Black Smoke Ltd\",\"isPartOf\":{\"@id\":\"https:\\\/\\\/www.blacksmokeracing.com\\\/#website\"},\"primaryImageOfPage\":{\"@id\":\"https:\\\/\\\/www.blacksmokeracing.com\\\/product\\\/mercedes-diesel-performance-race-injectors\\\/#primaryimage\"},\"image\":{\"@id\":\"https:\\\/\\\/www.blacksmokeracing.com\\\/product\\\/mercedes-diesel-performance-race-injectors\\\/#primaryimage\"},\"thumbnailUrl\":\"https:\\\/\\\/www.blacksmokeracing.com\\\/wp-content\\\/uploads\\\/blacksmoke_parts-04288.jpg\",\"datePublished\":\"2021-09-30T19:01:56+00:00\",\"dateModified\":\"2026-03-03T08:58:07+00:00\",\"breadcrumb\":{\"@id\":\"https:\\\/\\\/www.blacksmokeracing.com\\\/product\\\/mercedes-diesel-performance-race-injectors\\\/#breadcrumb\"},\"inLanguage\":\"fi\",\"potentialAction\":[{\"@type\":\"ReadAction\",\"target\":[\"https:\\\/\\\/www.blacksmokeracing.com\\\/product\\\/mercedes-diesel-performance-race-injectors\\\/\"]}]},{\"@type\":\"ImageObject\",\"inLanguage\":\"fi\",\"@id\":\"https:\\\/\\\/www.blacksmokeracing.com\\\/product\\\/mercedes-diesel-performance-race-injectors\\\/#primaryimage\",\"url\":\"https:\\\/\\\/www.blacksmokeracing.com\\\/wp-content\\\/uploads\\\/blacksmoke_parts-04288.jpg\",\"contentUrl\":\"https:\\\/\\\/www.blacksmokeracing.com\\\/wp-content\\\/uploads\\\/blacksmoke_parts-04288.jpg\",\"width\":1920,\"height\":1280},{\"@type\":\"BreadcrumbList\",\"@id\":\"https:\\\/\\\/www.blacksmokeracing.com\\\/product\\\/mercedes-diesel-performance-race-injectors\\\/#breadcrumb\",\"itemListElement\":[{\"@type\":\"ListItem\",\"position\":1,\"name\":\"Home\",\"item\":\"https:\\\/\\\/www.blacksmokeracing.com\\\/\"},{\"@type\":\"ListItem\",\"position\":2,\"name\":\"Shop\",\"item\":\"https:\\\/\\\/www.blacksmokeracing.com\\\/shop\\\/\"},{\"@type\":\"ListItem\",\"position\":3,\"name\":\"Mercedes diesel performance RACE injectors\"}]},{\"@type\":\"WebSite\",\"@id\":\"https:\\\/\\\/www.blacksmokeracing.com\\\/#website\",\"url\":\"https:\\\/\\\/www.blacksmokeracing.com\\\/\",\"name\":\"Black Smoke Ltd\",\"description\":\"Not the most successful drifting team\",\"publisher\":{\"@id\":\"https:\\\/\\\/www.blacksmokeracing.com\\\/#organization\"},\"potentialAction\":[{\"@type\":\"SearchAction\",\"target\":{\"@type\":\"EntryPoint\",\"urlTemplate\":\"https:\\\/\\\/www.blacksmokeracing.com\\\/?s={search_term_string}\"},\"query-input\":{\"@type\":\"PropertyValueSpecification\",\"valueRequired\":true,\"valueName\":\"search_term_string\"}}],\"inLanguage\":\"fi\"},{\"@type\":\"Organization\",\"@id\":\"https:\\\/\\\/www.blacksmokeracing.com\\\/#organization\",\"name\":\"Black Smoke Oy Ltd\",\"url\":\"https:\\\/\\\/www.blacksmokeracing.com\\\/\",\"logo\":{\"@type\":\"ImageObject\",\"inLanguage\":\"fi\",\"@id\":\"https:\\\/\\\/www.blacksmokeracing.com\\\/#\\\/schema\\\/logo\\\/image\\\/\",\"url\":\"https:\\\/\\\/www.blacksmokeracing.com\\\/wp-content\\\/uploads\\\/2017\\\/11\\\/Black-Smoke-Logo.png\",\"contentUrl\":\"https:\\\/\\\/www.blacksmokeracing.com\\\/wp-content\\\/uploads\\\/2017\\\/11\\\/Black-Smoke-Logo.png\",\"width\":319,\"height\":97,\"caption\":\"Black Smoke Oy Ltd\"},\"image\":{\"@id\":\"https:\\\/\\\/www.blacksmokeracing.com\\\/#\\\/schema\\\/logo\\\/image\\\/\"},\"sameAs\":[\"https:\\\/\\\/www.facebook.com\\\/blacksmokeracing\",\"https:\\\/\\\/x.com\\\/BlackSmokeMedia\"]}]}<\/script>\n<!-- \/ Yoast SEO Premium plugin. -->","yoast_head_json":{"title":"Mercedes diesel suorituskykyiset RACE-suuttimet - Black Smoke Ltd","robots":{"index":"index","follow":"follow","max-snippet":"max-snippet:-1","max-image-preview":"max-image-preview:large","max-video-preview":"max-video-preview:-1"},"canonical":"https:\/\/www.blacksmokeracing.com\/fi\/product\/mercedes-diesel-performance-race-injectors\/","og_locale":"fi_FI","og_type":"article","og_title":"Mercedes diesel performance RACE injectors","og_description":"The fuel line is one precious system and the pinnacle of it are the injectors. To get any real power out of the OM61x and OM64x engine you need proper injectors. With our race injectors you can get more than 120hp per cylinder.  Up to 120hp per cylinder Every set is individually tested and balanced Injector map provided if needed OM64X &amp; OM61X We use these in our race car  We are also interested in your stock OM64x injectors, we refund 20\u20ac\/injector. If you are sending us a shipment, shipping instructions can be found here:https:\/\/www.blacksmokeracing.com\/shipping\/","og_url":"https:\/\/www.blacksmokeracing.com\/fi\/product\/mercedes-diesel-performance-race-injectors\/","og_site_name":"Black Smoke Ltd","article_publisher":"https:\/\/www.facebook.com\/blacksmokeracing","article_modified_time":"2026-03-03T08:58:07+00:00","og_image":[{"width":1920,"height":1280,"url":"https:\/\/www.blacksmokeracing.com\/wp-content\/uploads\/blacksmoke_parts-04288.jpg","type":"image\/jpeg"}],"twitter_card":"summary_large_image","twitter_site":"@BlackSmokeMedia","twitter_misc":{"Arvioitu lukuaika":"1 minuutti"},"schema":{"@context":"https:\/\/schema.org","@graph":[{"@type":["WebPage","ItemPage"],"@id":"https:\/\/www.blacksmokeracing.com\/product\/mercedes-diesel-performance-race-injectors\/","url":"https:\/\/www.blacksmokeracing.com\/product\/mercedes-diesel-performance-race-injectors\/","name":"Mercedes diesel suorituskykyiset RACE-suuttimet - Black Smoke Ltd","isPartOf":{"@id":"https:\/\/www.blacksmokeracing.com\/#website"},"primaryImageOfPage":{"@id":"https:\/\/www.blacksmokeracing.com\/product\/mercedes-diesel-performance-race-injectors\/#primaryimage"},"image":{"@id":"https:\/\/www.blacksmokeracing.com\/product\/mercedes-diesel-performance-race-injectors\/#primaryimage"},"thumbnailUrl":"https:\/\/www.blacksmokeracing.com\/wp-content\/uploads\/blacksmoke_parts-04288.jpg","datePublished":"2021-09-30T19:01:56+00:00","dateModified":"2026-03-03T08:58:07+00:00","breadcrumb":{"@id":"https:\/\/www.blacksmokeracing.com\/product\/mercedes-diesel-performance-race-injectors\/#breadcrumb"},"inLanguage":"fi","potentialAction":[{"@type":"ReadAction","target":["https:\/\/www.blacksmokeracing.com\/product\/mercedes-diesel-performance-race-injectors\/"]}]},{"@type":"ImageObject","inLanguage":"fi","@id":"https:\/\/www.blacksmokeracing.com\/product\/mercedes-diesel-performance-race-injectors\/#primaryimage","url":"https:\/\/www.blacksmokeracing.com\/wp-content\/uploads\/blacksmoke_parts-04288.jpg","contentUrl":"https:\/\/www.blacksmokeracing.com\/wp-content\/uploads\/blacksmoke_parts-04288.jpg","width":1920,"height":1280},{"@type":"BreadcrumbList","@id":"https:\/\/www.blacksmokeracing.com\/product\/mercedes-diesel-performance-race-injectors\/#breadcrumb","itemListElement":[{"@type":"ListItem","position":1,"name":"Home","item":"https:\/\/www.blacksmokeracing.com\/"},{"@type":"ListItem","position":2,"name":"Shop","item":"https:\/\/www.blacksmokeracing.com\/shop\/"},{"@type":"ListItem","position":3,"name":"Mercedes diesel performance RACE injectors"}]},{"@type":"WebSite","@id":"https:\/\/www.blacksmokeracing.com\/#website","url":"https:\/\/www.blacksmokeracing.com\/","name":"Black Smoke Oy","description":"Not the most successful drifting team","publisher":{"@id":"https:\/\/www.blacksmokeracing.com\/#organization"},"potentialAction":[{"@type":"SearchAction","target":{"@type":"EntryPoint","urlTemplate":"https:\/\/www.blacksmokeracing.com\/?s={search_term_string}"},"query-input":{"@type":"PropertyValueSpecification","valueRequired":true,"valueName":"search_term_string"}}],"inLanguage":"fi"},{"@type":"Organization","@id":"https:\/\/www.blacksmokeracing.com\/#organization","name":"Black Smoke Oy","url":"https:\/\/www.blacksmokeracing.com\/","logo":{"@type":"ImageObject","inLanguage":"fi","@id":"https:\/\/www.blacksmokeracing.com\/#\/schema\/logo\/image\/","url":"https:\/\/www.blacksmokeracing.com\/wp-content\/uploads\/2017\/11\/Black-Smoke-Logo.png","contentUrl":"https:\/\/www.blacksmokeracing.com\/wp-content\/uploads\/2017\/11\/Black-Smoke-Logo.png","width":319,"height":97,"caption":"Black Smoke Oy Ltd"},"image":{"@id":"https:\/\/www.blacksmokeracing.com\/#\/schema\/logo\/image\/"},"sameAs":["https:\/\/www.facebook.com\/blacksmokeracing","https:\/\/x.com\/BlackSmokeMedia"]}]}},"taxonomy_info":{"product_cat":[{"value":586,"label":"Fuel system"},{"value":8883,"label":"Injectors"},{"value":531,"label":"Turbodiesel Race parts"}],"pa_engine":[{"value":8681,"label":"om646"},{"value":8683,"label":"om647"},{"value":8685,"label":"om648"}],"product_brands":[{"value":8870,"label":"Black Smoke Performance"}]},"featured_image_src_large":["https:\/\/www.blacksmokeracing.com\/wp-content\/uploads\/blacksmoke_parts-04288-1170x780.jpg",1170,780,true],"author_info":[],"comment_info":1,"_links":{"self":[{"href":"https:\/\/www.blacksmokeracing.com\/fi\/wp-json\/wp\/v2\/product\/49460","targetHints":{"allow":["GET"]}}],"collection":[{"href":"https:\/\/www.blacksmokeracing.com\/fi\/wp-json\/wp\/v2\/product"}],"about":[{"href":"https:\/\/www.blacksmokeracing.com\/fi\/wp-json\/wp\/v2\/types\/product"}],"replies":[{"embeddable":true,"href":"https:\/\/www.blacksmokeracing.com\/fi\/wp-json\/wp\/v2\/comments?post=49460"}],"wp:featuredmedia":[{"embeddable":true,"href":"https:\/\/www.blacksmokeracing.com\/fi\/wp-json\/wp\/v2\/media\/50990"}],"wp:attachment":[{"href":"https:\/\/www.blacksmokeracing.com\/fi\/wp-json\/wp\/v2\/media?parent=49460"}],"wp:term":[{"taxonomy":"product_cat","embeddable":true,"href":"https:\/\/www.blacksmokeracing.com\/fi\/wp-json\/wp\/v2\/product_cat?post=49460"},{"taxonomy":"product_tag","embeddable":true,"href":"https:\/\/www.blacksmokeracing.com\/fi\/wp-json\/wp\/v2\/product_tag?post=49460"},{"taxonomy":"product_brands","embeddable":true,"href":"https:\/\/www.blacksmokeracing.com\/fi\/wp-json\/wp\/v2\/product_brands?post=49460"}],"curies":[{"name":"wp","href":"https:\/\/api.w.org\/{rel}","templated":true}]}}