{"id":47624,"date":"2021-10-28T11:34:10","date_gmt":"2021-10-28T08:34:10","guid":{"rendered":"https:\/\/www.blacksmokeracing.com\/?post_type=product&#038;p=47624"},"modified":"2026-02-10T14:49:44","modified_gmt":"2026-02-10T12:49:44","slug":"transmission-control-unit-update-w210-w211-w220","status":"publish","type":"product","link":"https:\/\/www.blacksmokeracing.com\/fi\/product\/transmission-control-unit-update-w210-w211-w220\/","title":{"rendered":"Vaihdelaatikon ohjaimen p\u00e4ivitys EGS52\/EGS53"},"content":{"rendered":"","protected":false},"excerpt":{"rendered":"<ul>\n<li>Nopeammat vaihdot<\/li>\n<li>Manuaalitila<\/li>\n<li>Agility-tila<\/li>\n<li>V\u00e4hemm\u00e4n luistoa<\/li>\n<li>W210, W211, W203, W220, W208 jne.<\/li>\n<\/ul>\n<p>Toimii kaikkien egs52 boksien kanssa ja my\u00f6s osan egs53. L\u00e4het\u00e4 meille tcu-boksin kyljess\u00e4 olevasta tarrasta kuva, jos sinulla on egs53, niin voidaan tarkistaa onnistuuko.<\/p>\n<p>Voit l\u00e4hett\u00e4\u00e4 laitteesi meille muutost\u00f6it\u00e4 varten, ohjelmoida sen itse tai ostaa sen meilt\u00e4. Jos haluat ostaa laitteemme, sinun tarvitsee vain kertoa meille autosi VIN-numero.<\/p>\n<p>T\u00e4m\u00e4n p\u00e4ivityksen kanssa 722.6 kest\u00e4\u00e4 isommatkin tehot. Testattu W5A580 version kanssa yli 900Nm v\u00e4\u00e4nn\u00f6ill\u00e4 ilman ongelmia!<\/p>\n<p>Muista aina vaihtaa vaihdelaatikon \u00f6ljyt ajoissa. N\u00e4in v\u00e4ltyt isommilta remonteilta tulevaisuudessa.<\/p>\n<p><strong>CDI swap<\/strong> versiossa on mahdollisuus lukea ulkoista nopeusanturia. T\u00e4t\u00e4 k\u00e4ytet\u00e4\u00e4n yhdess\u00e4 meid\u00e4n <a href=\"https:\/\/www.blacksmokeracing.com\/fi\/product\/trigger-kit-for-722-6-transmission\/\"><span style=\"color: #ff0000;\"><strong>trigger kitin kanssa<\/strong><\/span><\/a>. Se pystyy lukemaan my\u00f6s esimerkiksi W124- ja W201-mallien tasauspy\u00f6r\u00e4st\u00f6n ABS-anturin. Et voi l\u00e4hett\u00e4\u00e4 omaa yksikk\u00f6\u00e4si meille. Vain ajoneuvoille, joissa on <strong>ECU<\/strong>.<\/p>\n<p>Jos l\u00e4het\u00e4t meille l\u00e4hetyksen, l\u00e4hetysohjeet l\u00f6ytyv\u00e4t t\u00e4\u00e4lt\u00e4:<br \/>\n<a href=\"https:\/\/www.blacksmokeracing.com\/fi\/shipping\/\" target=\"_blank\" rel=\"noopener\">https:\/\/www.blacksmokeracing.com\/fi\/shipping\/<\/a><\/p>","protected":false},"featured_media":0,"comment_status":"open","ping_status":"closed","template":"","meta":{"inline_featured_image":false,"_kad_blocks_custom_css":"","_kad_blocks_head_custom_js":"","_kad_blocks_body_custom_js":"","_kad_blocks_footer_custom_js":"","_kad_post_transparent":"default","_kad_post_title":"","_kad_post_layout":"default","_kad_post_sidebar_id":"","_kad_post_content_style":"default","_kad_post_vertical_padding":"default","_kad_post_feature":"","_kad_post_feature_position":"","_kad_post_header":false,"_kad_post_footer":false,"_kad_post_classname":"","cybocfi_hide_featured_image":""},"product_cat":[8801,532,531],"product_tag":[],"product_brands":[8870],"class_list":{"0":"post-47624","1":"product","2":"type-product","3":"status-publish","5":"product_cat-custom-ecu","6":"product_cat-engine-management","7":"product_cat-mercedes-turbodiesel-race-parts","8":"product_brands-black-smoke-performance","10":"first","11":"instock","12":"taxable","13":"shipping-taxable","14":"purchasable","15":"product-type-variable","16":"entry","17":"content-bg","18":"loop-entry"},"yoast_head":"<!-- This site is optimized with the Yoast SEO Premium plugin v27.3 (Yoast SEO v27.3) - https:\/\/yoast.com\/product\/yoast-seo-premium-wordpress\/ -->\n<title>Transmission Control Unit update EGS52\/EGS53 - Black Smoke Ltd<\/title>\n<meta name=\"robots\" content=\"index, follow, max-snippet:-1, max-image-preview:large, max-video-preview:-1\" \/>\n<link rel=\"canonical\" href=\"https:\/\/www.blacksmokeracing.com\/fi\/product\/transmission-control-unit-update-w210-w211-w220\/\" \/>\n<meta property=\"og:locale\" content=\"fi_FI\" \/>\n<meta property=\"og:type\" content=\"article\" \/>\n<meta property=\"og:title\" content=\"Transmission Control Unit update EGS52\/EGS53\" \/>\n<meta property=\"og:description\" content=\"Faster shifts  True Manual-mode  Agility-mode  Less slipping  W210, W211, W203, W220, W208 etc.  Works with all of the egs52 units and some egs53, please send us picture of the units label if you have the egs53.  You can send your unit to us for modifications, program it your self or buy one from us. If you want to buy our unit you just have to tell us\u00a0 the VIN-number of your car.  Helps 722.6 to withstand higher power levels, tested with W5A580 version up to 900Nm.  Always remember to change your transmission oil on time.  The CDI swap version has the ability to read an external speed sensor. This is used with our trigger kit. It can also read, for example, the W124 \/ W201 differential ABS sensor. You cannot send your own unit to us. For cars with an ECU only.  If you are sending us a shipment, shipping instructions can be found here: https:\/\/www.blacksmokeracing.com\/shipping\/\" \/>\n<meta property=\"og:url\" content=\"https:\/\/www.blacksmokeracing.com\/fi\/product\/transmission-control-unit-update-w210-w211-w220\/\" \/>\n<meta property=\"og:site_name\" content=\"Black Smoke Ltd\" \/>\n<meta property=\"article:publisher\" content=\"https:\/\/www.facebook.com\/blacksmokeracing\" \/>\n<meta property=\"article:modified_time\" content=\"2026-02-10T12:49:44+00:00\" \/>\n<meta property=\"og:image\" content=\"https:\/\/www.blacksmokeracing.com\/wp-content\/uploads\/2014\/04\/nexteventbg.png\" \/>\n<meta name=\"twitter:card\" content=\"summary_large_image\" \/>\n<meta name=\"twitter:site\" content=\"@BlackSmokeMedia\" \/>\n<script type=\"application\/ld+json\" class=\"yoast-schema-graph\">{\"@context\":\"https:\\\/\\\/schema.org\",\"@graph\":[{\"@type\":[\"WebPage\",\"ItemPage\"],\"@id\":\"https:\\\/\\\/www.blacksmokeracing.com\\\/product\\\/transmission-control-unit-update-w210-w211-w220\\\/\",\"url\":\"https:\\\/\\\/www.blacksmokeracing.com\\\/product\\\/transmission-control-unit-update-w210-w211-w220\\\/\",\"name\":\"Transmission Control Unit update EGS52\\\/EGS53 - Black Smoke Ltd\",\"isPartOf\":{\"@id\":\"https:\\\/\\\/www.blacksmokeracing.com\\\/#website\"},\"datePublished\":\"2021-10-28T08:34:10+00:00\",\"dateModified\":\"2026-02-10T12:49:44+00:00\",\"breadcrumb\":{\"@id\":\"https:\\\/\\\/www.blacksmokeracing.com\\\/product\\\/transmission-control-unit-update-w210-w211-w220\\\/#breadcrumb\"},\"inLanguage\":\"fi\",\"potentialAction\":[{\"@type\":\"ReadAction\",\"target\":[\"https:\\\/\\\/www.blacksmokeracing.com\\\/product\\\/transmission-control-unit-update-w210-w211-w220\\\/\"]}]},{\"@type\":\"BreadcrumbList\",\"@id\":\"https:\\\/\\\/www.blacksmokeracing.com\\\/product\\\/transmission-control-unit-update-w210-w211-w220\\\/#breadcrumb\",\"itemListElement\":[{\"@type\":\"ListItem\",\"position\":1,\"name\":\"Home\",\"item\":\"https:\\\/\\\/www.blacksmokeracing.com\\\/\"},{\"@type\":\"ListItem\",\"position\":2,\"name\":\"Shop\",\"item\":\"https:\\\/\\\/www.blacksmokeracing.com\\\/shop\\\/\"},{\"@type\":\"ListItem\",\"position\":3,\"name\":\"Transmission Control Unit update EGS52\\\/EGS53\"}]},{\"@type\":\"WebSite\",\"@id\":\"https:\\\/\\\/www.blacksmokeracing.com\\\/#website\",\"url\":\"https:\\\/\\\/www.blacksmokeracing.com\\\/\",\"name\":\"Black Smoke Ltd\",\"description\":\"Not the most successful drifting team\",\"publisher\":{\"@id\":\"https:\\\/\\\/www.blacksmokeracing.com\\\/#organization\"},\"potentialAction\":[{\"@type\":\"SearchAction\",\"target\":{\"@type\":\"EntryPoint\",\"urlTemplate\":\"https:\\\/\\\/www.blacksmokeracing.com\\\/?s={search_term_string}\"},\"query-input\":{\"@type\":\"PropertyValueSpecification\",\"valueRequired\":true,\"valueName\":\"search_term_string\"}}],\"inLanguage\":\"fi\"},{\"@type\":\"Organization\",\"@id\":\"https:\\\/\\\/www.blacksmokeracing.com\\\/#organization\",\"name\":\"Black Smoke Oy Ltd\",\"url\":\"https:\\\/\\\/www.blacksmokeracing.com\\\/\",\"logo\":{\"@type\":\"ImageObject\",\"inLanguage\":\"fi\",\"@id\":\"https:\\\/\\\/www.blacksmokeracing.com\\\/#\\\/schema\\\/logo\\\/image\\\/\",\"url\":\"https:\\\/\\\/www.blacksmokeracing.com\\\/wp-content\\\/uploads\\\/2017\\\/11\\\/Black-Smoke-Logo.png\",\"contentUrl\":\"https:\\\/\\\/www.blacksmokeracing.com\\\/wp-content\\\/uploads\\\/2017\\\/11\\\/Black-Smoke-Logo.png\",\"width\":319,\"height\":97,\"caption\":\"Black Smoke Oy Ltd\"},\"image\":{\"@id\":\"https:\\\/\\\/www.blacksmokeracing.com\\\/#\\\/schema\\\/logo\\\/image\\\/\"},\"sameAs\":[\"https:\\\/\\\/www.facebook.com\\\/blacksmokeracing\",\"https:\\\/\\\/x.com\\\/BlackSmokeMedia\"]}]}<\/script>\n<!-- \/ Yoast SEO Premium plugin. -->","yoast_head_json":{"title":"Vaihteiston ohjausyksik\u00f6n p\u00e4ivitys EGS52\/EGS53 - Black Smoke Ltd.","robots":{"index":"index","follow":"follow","max-snippet":"max-snippet:-1","max-image-preview":"max-image-preview:large","max-video-preview":"max-video-preview:-1"},"canonical":"https:\/\/www.blacksmokeracing.com\/fi\/product\/transmission-control-unit-update-w210-w211-w220\/","og_locale":"fi_FI","og_type":"article","og_title":"Transmission Control Unit update EGS52\/EGS53","og_description":"Faster shifts  True Manual-mode  Agility-mode  Less slipping  W210, W211, W203, W220, W208 etc.  Works with all of the egs52 units and some egs53, please send us picture of the units label if you have the egs53.  You can send your unit to us for modifications, program it your self or buy one from us. If you want to buy our unit you just have to tell us\u00a0 the VIN-number of your car.  Helps 722.6 to withstand higher power levels, tested with W5A580 version up to 900Nm.  Always remember to change your transmission oil on time.  The CDI swap version has the ability to read an external speed sensor. This is used with our trigger kit. It can also read, for example, the W124 \/ W201 differential ABS sensor. You cannot send your own unit to us. For cars with an ECU only.  If you are sending us a shipment, shipping instructions can be found here: https:\/\/www.blacksmokeracing.com\/shipping\/","og_url":"https:\/\/www.blacksmokeracing.com\/fi\/product\/transmission-control-unit-update-w210-w211-w220\/","og_site_name":"Black Smoke Ltd","article_publisher":"https:\/\/www.facebook.com\/blacksmokeracing","article_modified_time":"2026-02-10T12:49:44+00:00","og_image":[{"url":"https:\/\/www.blacksmokeracing.com\/wp-content\/uploads\/2014\/04\/nexteventbg.png","type":"","width":"","height":""}],"twitter_card":"summary_large_image","twitter_site":"@BlackSmokeMedia","schema":{"@context":"https:\/\/schema.org","@graph":[{"@type":["WebPage","ItemPage"],"@id":"https:\/\/www.blacksmokeracing.com\/product\/transmission-control-unit-update-w210-w211-w220\/","url":"https:\/\/www.blacksmokeracing.com\/product\/transmission-control-unit-update-w210-w211-w220\/","name":"Vaihteiston ohjausyksik\u00f6n p\u00e4ivitys EGS52\/EGS53 - Black Smoke Ltd.","isPartOf":{"@id":"https:\/\/www.blacksmokeracing.com\/#website"},"datePublished":"2021-10-28T08:34:10+00:00","dateModified":"2026-02-10T12:49:44+00:00","breadcrumb":{"@id":"https:\/\/www.blacksmokeracing.com\/product\/transmission-control-unit-update-w210-w211-w220\/#breadcrumb"},"inLanguage":"fi","potentialAction":[{"@type":"ReadAction","target":["https:\/\/www.blacksmokeracing.com\/product\/transmission-control-unit-update-w210-w211-w220\/"]}]},{"@type":"BreadcrumbList","@id":"https:\/\/www.blacksmokeracing.com\/product\/transmission-control-unit-update-w210-w211-w220\/#breadcrumb","itemListElement":[{"@type":"ListItem","position":1,"name":"Home","item":"https:\/\/www.blacksmokeracing.com\/"},{"@type":"ListItem","position":2,"name":"Shop","item":"https:\/\/www.blacksmokeracing.com\/shop\/"},{"@type":"ListItem","position":3,"name":"Transmission Control Unit update EGS52\/EGS53"}]},{"@type":"WebSite","@id":"https:\/\/www.blacksmokeracing.com\/#website","url":"https:\/\/www.blacksmokeracing.com\/","name":"Black Smoke Oy","description":"Not the most successful drifting team","publisher":{"@id":"https:\/\/www.blacksmokeracing.com\/#organization"},"potentialAction":[{"@type":"SearchAction","target":{"@type":"EntryPoint","urlTemplate":"https:\/\/www.blacksmokeracing.com\/?s={search_term_string}"},"query-input":{"@type":"PropertyValueSpecification","valueRequired":true,"valueName":"search_term_string"}}],"inLanguage":"fi"},{"@type":"Organization","@id":"https:\/\/www.blacksmokeracing.com\/#organization","name":"Black Smoke Oy","url":"https:\/\/www.blacksmokeracing.com\/","logo":{"@type":"ImageObject","inLanguage":"fi","@id":"https:\/\/www.blacksmokeracing.com\/#\/schema\/logo\/image\/","url":"https:\/\/www.blacksmokeracing.com\/wp-content\/uploads\/2017\/11\/Black-Smoke-Logo.png","contentUrl":"https:\/\/www.blacksmokeracing.com\/wp-content\/uploads\/2017\/11\/Black-Smoke-Logo.png","width":319,"height":97,"caption":"Black Smoke Oy Ltd"},"image":{"@id":"https:\/\/www.blacksmokeracing.com\/#\/schema\/logo\/image\/"},"sameAs":["https:\/\/www.facebook.com\/blacksmokeracing","https:\/\/x.com\/BlackSmokeMedia"]}]}},"taxonomy_info":{"product_cat":[{"value":8801,"label":"Custom ECU"},{"value":532,"label":"Engine management"},{"value":531,"label":"Turbodiesel Race parts"}],"product_brands":[{"value":8870,"label":"Black Smoke Performance"}]},"featured_image_src_large":false,"author_info":[],"comment_info":4,"_links":{"self":[{"href":"https:\/\/www.blacksmokeracing.com\/fi\/wp-json\/wp\/v2\/product\/47624","targetHints":{"allow":["GET"]}}],"collection":[{"href":"https:\/\/www.blacksmokeracing.com\/fi\/wp-json\/wp\/v2\/product"}],"about":[{"href":"https:\/\/www.blacksmokeracing.com\/fi\/wp-json\/wp\/v2\/types\/product"}],"replies":[{"embeddable":true,"href":"https:\/\/www.blacksmokeracing.com\/fi\/wp-json\/wp\/v2\/comments?post=47624"}],"wp:attachment":[{"href":"https:\/\/www.blacksmokeracing.com\/fi\/wp-json\/wp\/v2\/media?parent=47624"}],"wp:term":[{"taxonomy":"product_cat","embeddable":true,"href":"https:\/\/www.blacksmokeracing.com\/fi\/wp-json\/wp\/v2\/product_cat?post=47624"},{"taxonomy":"product_tag","embeddable":true,"href":"https:\/\/www.blacksmokeracing.com\/fi\/wp-json\/wp\/v2\/product_tag?post=47624"},{"taxonomy":"product_brands","embeddable":true,"href":"https:\/\/www.blacksmokeracing.com\/fi\/wp-json\/wp\/v2\/product_brands?post=47624"}],"curies":[{"name":"wp","href":"https:\/\/api.w.org\/{rel}","templated":true}]}}