{"id":41235,"date":"2020-10-19T17:43:46","date_gmt":"2020-10-19T14:43:46","guid":{"rendered":"https:\/\/www.blacksmokeracing.com\/?post_type=product&#038;p=41235"},"modified":"2026-04-14T20:51:32","modified_gmt":"2026-04-14T17:51:32","slug":"om648-om613-griddle-plate","status":"publish","type":"product","link":"https:\/\/www.blacksmokeracing.com\/fi\/product\/om648-om613-griddle-plate\/","title":{"rendered":"M104\/OM606\/OM613\/OM648 Stressilevy"},"content":{"rendered":"<p>Sopii seuraavien laitteistojen kanssa:<\/p>\n<p><a href=\"https:\/\/www.blacksmokeracing.com\/fi\/product\/mercedes-turbodiesel-race-parts\/arp-studs-set-for-girdle-plate-pair\/\">P\u00e4\u00e4laakeripultti<\/a>, <strong>12 kpl<\/strong><\/p>\n<p>Varastoi pultit ensimm\u00e4isiin reikiin.<\/p>\n<p>Huomioithan, ett\u00e4 ensimm\u00e4iset kaksi kiinnityspistett\u00e4 k\u00e4ytt\u00e4v\u00e4t vakiopulttien mittoja.<\/p>","protected":false},"excerpt":{"rendered":"<p><span style=\"font-weight: 400\">OM648\/OM613 tarvitsee hieman enemm\u00e4n vakautta, t\u00e4m\u00e4 tarjoaa juuri sen. \u00d6ljypumpun ketjua on pidennett\u00e4v\u00e4. Ole erityisen varovainen liimaaessasi \u00f6ljypumpun osaa.<\/span><\/p>\n<ul>\n<li>Sopii my\u00f6s OM606<\/li>\n<li>Meill\u00e4 on n\u00e4m\u00e4 k\u00e4yt\u00f6ss\u00e4 kilpa-autossa!<\/li>\n<li>10mm paksu<\/li>\n<\/ul>","protected":false},"featured_media":55717,"comment_status":"open","ping_status":"closed","template":"","meta":{"inline_featured_image":false,"_kad_blocks_custom_css":"","_kad_blocks_head_custom_js":"","_kad_blocks_body_custom_js":"","_kad_blocks_footer_custom_js":"","_kad_post_transparent":"default","_kad_post_title":"","_kad_post_layout":"default","_kad_post_sidebar_id":"","_kad_post_content_style":"default","_kad_post_vertical_padding":"default","_kad_post_feature":"","_kad_post_feature_position":"","_kad_post_header":false,"_kad_post_footer":false,"_kad_post_classname":"","cybocfi_hide_featured_image":""},"product_cat":[588,531],"product_tag":[],"product_brands":[8870],"class_list":{"0":"post-41235","1":"product","2":"type-product","3":"status-publish","4":"has-post-thumbnail","6":"product_cat-engine","7":"product_cat-mercedes-turbodiesel-race-parts","8":"product_brands-black-smoke-performance","10":"first","11":"instock","12":"taxable","13":"shipping-taxable","14":"purchasable","15":"product-type-simple","16":"entry","17":"content-bg","18":"loop-entry"},"yoast_head":"<!-- This site is optimized with the Yoast SEO Premium plugin v27.4 (Yoast SEO v27.4) - https:\/\/yoast.com\/product\/yoast-seo-premium-wordpress\/ -->\n<title>M104\/OM606\/Om613\/OM648 Girdle plate - Black Smoke Ltd<\/title>\n<meta name=\"robots\" content=\"index, follow, max-snippet:-1, max-image-preview:large, max-video-preview:-1\" \/>\n<link rel=\"canonical\" href=\"https:\/\/www.blacksmokeracing.com\/fi\/product\/om648-om613-griddle-plate\/\" \/>\n<meta property=\"og:locale\" content=\"fi_FI\" \/>\n<meta property=\"og:type\" content=\"article\" \/>\n<meta property=\"og:title\" content=\"M104\/OM606\/Om613\/OM648 Girdle plate\" \/>\n<meta property=\"og:description\" content=\"The OM648\/OM613 needs a little more stability, this provides exactly that. The oil pump chain needs to be extended. Please be extra careful when glueing oil pump part.   Also for om606  We use this in the race car  10mm thick\" \/>\n<meta property=\"og:url\" content=\"https:\/\/www.blacksmokeracing.com\/fi\/product\/om648-om613-griddle-plate\/\" \/>\n<meta property=\"og:site_name\" content=\"Black Smoke Ltd\" \/>\n<meta property=\"article:publisher\" content=\"https:\/\/www.facebook.com\/blacksmokeracing\" \/>\n<meta property=\"article:modified_time\" content=\"2026-04-14T17:51:32+00:00\" \/>\n<meta property=\"og:image\" content=\"https:\/\/www.blacksmokeracing.com\/wp-content\/uploads\/caps_2022_black_smoke-8730.jpg\" \/>\n\t<meta property=\"og:image:width\" content=\"1920\" \/>\n\t<meta property=\"og:image:height\" content=\"1280\" \/>\n\t<meta property=\"og:image:type\" content=\"image\/jpeg\" \/>\n<meta name=\"twitter:card\" content=\"summary_large_image\" \/>\n<meta name=\"twitter:site\" content=\"@BlackSmokeMedia\" \/>\n<meta name=\"twitter:label1\" content=\"Arvioitu lukuaika\" \/>\n\t<meta name=\"twitter:data1\" content=\"1 minuutti\" \/>\n<script type=\"application\/ld+json\" class=\"yoast-schema-graph\">{\"@context\":\"https:\\\/\\\/schema.org\",\"@graph\":[{\"@type\":[\"WebPage\",\"ItemPage\"],\"@id\":\"https:\\\/\\\/www.blacksmokeracing.com\\\/product\\\/om648-om613-griddle-plate\\\/\",\"url\":\"https:\\\/\\\/www.blacksmokeracing.com\\\/product\\\/om648-om613-griddle-plate\\\/\",\"name\":\"M104\\\/OM606\\\/Om613\\\/OM648 Girdle plate - Black Smoke Ltd\",\"isPartOf\":{\"@id\":\"https:\\\/\\\/www.blacksmokeracing.com\\\/#website\"},\"primaryImageOfPage\":{\"@id\":\"https:\\\/\\\/www.blacksmokeracing.com\\\/product\\\/om648-om613-griddle-plate\\\/#primaryimage\"},\"image\":{\"@id\":\"https:\\\/\\\/www.blacksmokeracing.com\\\/product\\\/om648-om613-griddle-plate\\\/#primaryimage\"},\"thumbnailUrl\":\"https:\\\/\\\/www.blacksmokeracing.com\\\/wp-content\\\/uploads\\\/caps_2022_black_smoke-8730.jpg\",\"datePublished\":\"2020-10-19T14:43:46+00:00\",\"dateModified\":\"2026-04-14T17:51:32+00:00\",\"breadcrumb\":{\"@id\":\"https:\\\/\\\/www.blacksmokeracing.com\\\/product\\\/om648-om613-griddle-plate\\\/#breadcrumb\"},\"inLanguage\":\"fi\",\"potentialAction\":[{\"@type\":\"ReadAction\",\"target\":[\"https:\\\/\\\/www.blacksmokeracing.com\\\/product\\\/om648-om613-griddle-plate\\\/\"]}]},{\"@type\":\"ImageObject\",\"inLanguage\":\"fi\",\"@id\":\"https:\\\/\\\/www.blacksmokeracing.com\\\/product\\\/om648-om613-griddle-plate\\\/#primaryimage\",\"url\":\"https:\\\/\\\/www.blacksmokeracing.com\\\/wp-content\\\/uploads\\\/caps_2022_black_smoke-8730.jpg\",\"contentUrl\":\"https:\\\/\\\/www.blacksmokeracing.com\\\/wp-content\\\/uploads\\\/caps_2022_black_smoke-8730.jpg\",\"width\":1920,\"height\":1280},{\"@type\":\"BreadcrumbList\",\"@id\":\"https:\\\/\\\/www.blacksmokeracing.com\\\/product\\\/om648-om613-griddle-plate\\\/#breadcrumb\",\"itemListElement\":[{\"@type\":\"ListItem\",\"position\":1,\"name\":\"Home\",\"item\":\"https:\\\/\\\/www.blacksmokeracing.com\\\/\"},{\"@type\":\"ListItem\",\"position\":2,\"name\":\"Shop\",\"item\":\"https:\\\/\\\/www.blacksmokeracing.com\\\/shop\\\/\"},{\"@type\":\"ListItem\",\"position\":3,\"name\":\"M104\\\/OM606\\\/Om613\\\/OM648 Girdle plate\"}]},{\"@type\":\"WebSite\",\"@id\":\"https:\\\/\\\/www.blacksmokeracing.com\\\/#website\",\"url\":\"https:\\\/\\\/www.blacksmokeracing.com\\\/\",\"name\":\"Black Smoke Ltd\",\"description\":\"Not the most successful drifting team\",\"publisher\":{\"@id\":\"https:\\\/\\\/www.blacksmokeracing.com\\\/#organization\"},\"potentialAction\":[{\"@type\":\"SearchAction\",\"target\":{\"@type\":\"EntryPoint\",\"urlTemplate\":\"https:\\\/\\\/www.blacksmokeracing.com\\\/?s={search_term_string}\"},\"query-input\":{\"@type\":\"PropertyValueSpecification\",\"valueRequired\":true,\"valueName\":\"search_term_string\"}}],\"inLanguage\":\"fi\"},{\"@type\":\"Organization\",\"@id\":\"https:\\\/\\\/www.blacksmokeracing.com\\\/#organization\",\"name\":\"Black Smoke Oy Ltd\",\"url\":\"https:\\\/\\\/www.blacksmokeracing.com\\\/\",\"logo\":{\"@type\":\"ImageObject\",\"inLanguage\":\"fi\",\"@id\":\"https:\\\/\\\/www.blacksmokeracing.com\\\/#\\\/schema\\\/logo\\\/image\\\/\",\"url\":\"https:\\\/\\\/www.blacksmokeracing.com\\\/wp-content\\\/uploads\\\/2017\\\/11\\\/Black-Smoke-Logo.png\",\"contentUrl\":\"https:\\\/\\\/www.blacksmokeracing.com\\\/wp-content\\\/uploads\\\/2017\\\/11\\\/Black-Smoke-Logo.png\",\"width\":319,\"height\":97,\"caption\":\"Black Smoke Oy Ltd\"},\"image\":{\"@id\":\"https:\\\/\\\/www.blacksmokeracing.com\\\/#\\\/schema\\\/logo\\\/image\\\/\"},\"sameAs\":[\"https:\\\/\\\/www.facebook.com\\\/blacksmokeracing\",\"https:\\\/\\\/x.com\\\/BlackSmokeMedia\"]}]}<\/script>\n<!-- \/ Yoast SEO Premium plugin. -->","yoast_head_json":{"title":"M104\/OM606\/Om613\/OM648 Vy\u00f6levy - Black Smoke Ltd","robots":{"index":"index","follow":"follow","max-snippet":"max-snippet:-1","max-image-preview":"max-image-preview:large","max-video-preview":"max-video-preview:-1"},"canonical":"https:\/\/www.blacksmokeracing.com\/fi\/product\/om648-om613-griddle-plate\/","og_locale":"fi_FI","og_type":"article","og_title":"M104\/OM606\/Om613\/OM648 Girdle plate","og_description":"The OM648\/OM613 needs a little more stability, this provides exactly that. The oil pump chain needs to be extended. Please be extra careful when glueing oil pump part.   Also for om606  We use this in the race car  10mm thick","og_url":"https:\/\/www.blacksmokeracing.com\/fi\/product\/om648-om613-griddle-plate\/","og_site_name":"Black Smoke Ltd","article_publisher":"https:\/\/www.facebook.com\/blacksmokeracing","article_modified_time":"2026-04-14T17:51:32+00:00","og_image":[{"width":1920,"height":1280,"url":"https:\/\/www.blacksmokeracing.com\/wp-content\/uploads\/caps_2022_black_smoke-8730.jpg","type":"image\/jpeg"}],"twitter_card":"summary_large_image","twitter_site":"@BlackSmokeMedia","twitter_misc":{"Arvioitu lukuaika":"1 minuutti"},"schema":{"@context":"https:\/\/schema.org","@graph":[{"@type":["WebPage","ItemPage"],"@id":"https:\/\/www.blacksmokeracing.com\/product\/om648-om613-griddle-plate\/","url":"https:\/\/www.blacksmokeracing.com\/product\/om648-om613-griddle-plate\/","name":"M104\/OM606\/Om613\/OM648 Vy\u00f6levy - Black Smoke Ltd","isPartOf":{"@id":"https:\/\/www.blacksmokeracing.com\/#website"},"primaryImageOfPage":{"@id":"https:\/\/www.blacksmokeracing.com\/product\/om648-om613-griddle-plate\/#primaryimage"},"image":{"@id":"https:\/\/www.blacksmokeracing.com\/product\/om648-om613-griddle-plate\/#primaryimage"},"thumbnailUrl":"https:\/\/www.blacksmokeracing.com\/wp-content\/uploads\/caps_2022_black_smoke-8730.jpg","datePublished":"2020-10-19T14:43:46+00:00","dateModified":"2026-04-14T17:51:32+00:00","breadcrumb":{"@id":"https:\/\/www.blacksmokeracing.com\/product\/om648-om613-griddle-plate\/#breadcrumb"},"inLanguage":"fi","potentialAction":[{"@type":"ReadAction","target":["https:\/\/www.blacksmokeracing.com\/product\/om648-om613-griddle-plate\/"]}]},{"@type":"ImageObject","inLanguage":"fi","@id":"https:\/\/www.blacksmokeracing.com\/product\/om648-om613-griddle-plate\/#primaryimage","url":"https:\/\/www.blacksmokeracing.com\/wp-content\/uploads\/caps_2022_black_smoke-8730.jpg","contentUrl":"https:\/\/www.blacksmokeracing.com\/wp-content\/uploads\/caps_2022_black_smoke-8730.jpg","width":1920,"height":1280},{"@type":"BreadcrumbList","@id":"https:\/\/www.blacksmokeracing.com\/product\/om648-om613-griddle-plate\/#breadcrumb","itemListElement":[{"@type":"ListItem","position":1,"name":"Home","item":"https:\/\/www.blacksmokeracing.com\/"},{"@type":"ListItem","position":2,"name":"Shop","item":"https:\/\/www.blacksmokeracing.com\/shop\/"},{"@type":"ListItem","position":3,"name":"M104\/OM606\/Om613\/OM648 Girdle plate"}]},{"@type":"WebSite","@id":"https:\/\/www.blacksmokeracing.com\/#website","url":"https:\/\/www.blacksmokeracing.com\/","name":"Black Smoke Oy","description":"Not the most successful drifting team","publisher":{"@id":"https:\/\/www.blacksmokeracing.com\/#organization"},"potentialAction":[{"@type":"SearchAction","target":{"@type":"EntryPoint","urlTemplate":"https:\/\/www.blacksmokeracing.com\/?s={search_term_string}"},"query-input":{"@type":"PropertyValueSpecification","valueRequired":true,"valueName":"search_term_string"}}],"inLanguage":"fi"},{"@type":"Organization","@id":"https:\/\/www.blacksmokeracing.com\/#organization","name":"Black Smoke Oy","url":"https:\/\/www.blacksmokeracing.com\/","logo":{"@type":"ImageObject","inLanguage":"fi","@id":"https:\/\/www.blacksmokeracing.com\/#\/schema\/logo\/image\/","url":"https:\/\/www.blacksmokeracing.com\/wp-content\/uploads\/2017\/11\/Black-Smoke-Logo.png","contentUrl":"https:\/\/www.blacksmokeracing.com\/wp-content\/uploads\/2017\/11\/Black-Smoke-Logo.png","width":319,"height":97,"caption":"Black Smoke Oy Ltd"},"image":{"@id":"https:\/\/www.blacksmokeracing.com\/#\/schema\/logo\/image\/"},"sameAs":["https:\/\/www.facebook.com\/blacksmokeracing","https:\/\/x.com\/BlackSmokeMedia"]}]}},"taxonomy_info":{"product_cat":[{"value":588,"label":"Engine"},{"value":531,"label":"Turbodiesel Race parts"}],"product_brands":[{"value":8870,"label":"Black Smoke Performance"}]},"featured_image_src_large":["https:\/\/www.blacksmokeracing.com\/wp-content\/uploads\/caps_2022_black_smoke-8730-1170x780.jpg",1170,780,true],"author_info":[],"comment_info":2,"_links":{"self":[{"href":"https:\/\/www.blacksmokeracing.com\/fi\/wp-json\/wp\/v2\/product\/41235","targetHints":{"allow":["GET"]}}],"collection":[{"href":"https:\/\/www.blacksmokeracing.com\/fi\/wp-json\/wp\/v2\/product"}],"about":[{"href":"https:\/\/www.blacksmokeracing.com\/fi\/wp-json\/wp\/v2\/types\/product"}],"replies":[{"embeddable":true,"href":"https:\/\/www.blacksmokeracing.com\/fi\/wp-json\/wp\/v2\/comments?post=41235"}],"wp:featuredmedia":[{"embeddable":true,"href":"https:\/\/www.blacksmokeracing.com\/fi\/wp-json\/wp\/v2\/media\/55717"}],"wp:attachment":[{"href":"https:\/\/www.blacksmokeracing.com\/fi\/wp-json\/wp\/v2\/media?parent=41235"}],"wp:term":[{"taxonomy":"product_cat","embeddable":true,"href":"https:\/\/www.blacksmokeracing.com\/fi\/wp-json\/wp\/v2\/product_cat?post=41235"},{"taxonomy":"product_tag","embeddable":true,"href":"https:\/\/www.blacksmokeracing.com\/fi\/wp-json\/wp\/v2\/product_tag?post=41235"},{"taxonomy":"product_brands","embeddable":true,"href":"https:\/\/www.blacksmokeracing.com\/fi\/wp-json\/wp\/v2\/product_brands?post=41235"}],"curies":[{"name":"wp","href":"https:\/\/api.w.org\/{rel}","templated":true}]}}