{"id":10574,"date":"2016-11-22T21:34:27","date_gmt":"2016-11-22T19:34:27","guid":{"rendered":"https:\/\/www.blacksmokeracing.com\/?post_type=product&#038;p=10574"},"modified":"2026-05-05T11:03:11","modified_gmt":"2026-05-05T08:03:11","slug":"craftsman-trousers-stretch","status":"publish","type":"product","link":"https:\/\/www.blacksmokeracing.com\/fi\/product\/craftsman-trousers-stretch\/","title":{"rendered":"Bl\u00e5kl\u00e4der Riipputaskuhousut Farkkukangas Stretch \u2013 Craftsman Denim Stretch"},"content":{"rendered":"<p>Be first with the latest! Durable craftsman trousers with low crotch and tapered legs. The model has regular fit and is referred to as low crotch or drop crotch, with tapered legs in the denim industry. The trousers are made of Cordura\u00ae Denim with stretch function and designed to hang comfortably on the hip. For optimal ability to move and great comfort, the trousers have stretch panels in the crotch and on the calves. The knees and the functional pockets are Cordura\u00ae 1000-reinforced and the nail pockets have zippers, which allows loose or fixed nail pockets.<\/p>\n<h3>FABRIC<\/h3>\n<p>55% cotton, 15% polyamide, 30% polyester, denim, coated, CORDURA\u00ae Denim, 340 g\/m\u00b2<\/p>\n<h3>FUNCTIONALITY<\/h3>\n<p>Stretch panels, Stretch panel in the crotch and on the calf, Dropped crotch, Designed to be worn low on the waist<\/p>\n<h3>REINFORCEMENT<\/h3>\n<p>CORDURA\u00ae 1000 reinforced nail pockets, back pockets, ruler pocket, leg pockets and knees<\/p>\n<h3>DETAILS<\/h3>\n<p>Button fly<br \/>\nWide loops at back and sides, Two loops with velcro on sides for hammer holder<br \/>\nMetal buttons<br \/>\nKnife holder with button<br \/>\nD ring in waistline<\/p>\n<h3>POCKETS<\/h3>\n<p>Back pocket with bellow<br \/>\nLeg pocket with zipper<br \/>\nFront pockets with zipper<br \/>\nKnee protection pockets with two placement level options, Kneepockets adapted for article 4027<br \/>\nNail pockets \u2013 extra wide, fitted with tool holders and additional tool compartments<br \/>\nReinforced ruler pocket with knife holder and pen pocket<\/p>\n<h3>QUALITY &amp; WASHING<\/h3>\n<p>55% cotton, 15% polyamide, 30% polyester, denim, coated, CORDURA\u00ae Denim, 340 g\/m\u00b2<\/p>\n<p>Extremely durable Denim fabric with stretch. The mix of CORDURA\u00ae and cotton provides high abrasion resistance and the stretch provides great comfort.\u00a0\u00d6ko-Tex 100-certified.<\/p>\n<div class=\"product-page-tabs-content-washing-instruction\"><img decoding=\"async\" src=\"https:\/\/services.enferno.se\/image\/c3f9a7c9-0d07-4699-bc0d-c43dfa3968e1.jpg?preset=54\" alt=\"40 \u00b0C\" \/> <img decoding=\"async\" src=\"https:\/\/services.enferno.se\/image\/e4a0afac-95ca-4786-81ab-97ad43affd48.jpg?preset=54\" alt=\"No bleaching\" \/> <img decoding=\"async\" src=\"https:\/\/services.enferno.se\/image\/82f2d61f-34bb-4088-aab3-a2db435fd22c.jpg?preset=54\" alt=\"Tumble-dry - low\" \/> <img decoding=\"async\" src=\"https:\/\/services.enferno.se\/image\/1221de50-1fe0-4d9a-99fd-d9d3da46a020.jpg?preset=54\" alt=\"Ironing - low\" \/> <img decoding=\"async\" src=\"https:\/\/services.enferno.se\/image\/7abd337b-a2ca-400c-a32a-684cb0eec2e4.jpg?preset=54\" alt=\"No dry-cleaning\" \/><\/div>\n<h3 class=\"product-page-tabs-content-washing-instruction\">SIZE CHART<\/h3>\n<div class=\"product-page-tabs-content-washing-instruction\"><img loading=\"lazy\" decoding=\"async\" class=\"aligncenter wp-image-10576 size-full\" src=\"https:\/\/www.blacksmokeracing.com\/wp-content\/uploads\/2016\/11\/sizing-EN_Page_2.jpg\" alt=\"sizing-en_page_2\" width=\"1772\" height=\"2237\" srcset=\"https:\/\/www.blacksmokeracing.com\/wp-content\/uploads\/2016\/11\/sizing-EN_Page_2.jpg 1772w, https:\/\/www.blacksmokeracing.com\/wp-content\/uploads\/2016\/11\/sizing-EN_Page_2-64x81.jpg 64w, https:\/\/www.blacksmokeracing.com\/wp-content\/uploads\/2016\/11\/sizing-EN_Page_2-585x739.jpg 585w, https:\/\/www.blacksmokeracing.com\/wp-content\/uploads\/2016\/11\/sizing-EN_Page_2-768x970.jpg 768w, https:\/\/www.blacksmokeracing.com\/wp-content\/uploads\/2016\/11\/sizing-EN_Page_2-1170x1477.jpg 1170w, https:\/\/www.blacksmokeracing.com\/wp-content\/uploads\/2016\/11\/sizing-EN_Page_2-116x145.jpg 116w\" sizes=\"auto, (max-width: 1772px) 100vw, 1772px\" \/><\/div>","protected":false},"excerpt":{"rendered":"<p><strong>BL\u00c5KL\u00c4DER LAATU!<\/strong><br \/>\nEsittelemme ylpe\u00e4n\u00e4 Black Smoke x Bl\u00e5kl\u00e4der Collab -vaatteet, t\u00e4ydelliset k\u00e4sity\u00f6l\u00e4ishousut. Ne ovat \u00e4\u00e4rimm\u00e4isen laadukkaat, poikkeuksellisen hyv\u00e4nn\u00e4k\u00f6iset ja uskomattoman mukavat (tietysti, onhan kyseess\u00e4 kuitenkin Bl\u00e5kl\u00e4der...).<\/p>\n<p><span style=\"color: #ff0000;\">Black Smoke merkki vaihtuu vanhan er\u00e4n myynnin j\u00e4lkeen. Merkki on erilainen kuin kuvissa.<\/span><\/p>\n<p><strong>Kun tuote on saatavilla j\u00e4lkitoimituksella, toimitusaika on 2-3 viikkoa.<\/strong><\/p>\n<ul>\n<li>Very nice tapered fit<\/li>\n<li>Stretchy in the right places<\/li>\n<li>Best looking craftsman pants ever<\/li>\n<li>Paras hinta meilt\u00e4!<\/li>\n<\/ul>","protected":false},"featured_media":71122,"comment_status":"open","ping_status":"closed","template":"","meta":{"inline_featured_image":false,"_kad_blocks_custom_css":"","_kad_blocks_head_custom_js":"","_kad_blocks_body_custom_js":"","_kad_blocks_footer_custom_js":"","_kad_post_transparent":"default","_kad_post_title":"","_kad_post_layout":"default","_kad_post_sidebar_id":"","_kad_post_content_style":"default","_kad_post_vertical_padding":"default","_kad_post_feature":"","_kad_post_feature_position":"","_kad_post_header":false,"_kad_post_footer":false,"_kad_post_classname":"","cybocfi_hide_featured_image":""},"product_cat":[335,541,316],"product_tag":[],"product_brands":[8875],"class_list":{"0":"post-10574","1":"product","2":"type-product","3":"status-publish","4":"has-post-thumbnail","6":"product_cat-blaklader-trousers","7":"product_cat-merchandise","8":"product_cat-workwear","9":"product_brands-blaklader","11":"first","12":"instock","13":"sale","14":"taxable","15":"shipping-taxable","16":"purchasable","17":"product-type-variable","18":"entry","19":"content-bg","20":"loop-entry"},"yoast_head":"<!-- This site is optimized with the Yoast SEO Premium plugin v27.5 (Yoast SEO v27.5) - https:\/\/yoast.com\/product\/yoast-seo-premium-wordpress\/ -->\n<title>Bl\u00e5kl\u00e4der Craftsman Trousers Stretch - Black Smoke Ltd<\/title>\n<meta name=\"robots\" content=\"index, follow, max-snippet:-1, max-image-preview:large, max-video-preview:-1\" \/>\n<link rel=\"canonical\" href=\"https:\/\/www.blacksmokeracing.com\/fi\/product\/craftsman-trousers-stretch\/\" \/>\n<meta property=\"og:locale\" content=\"fi_FI\" \/>\n<meta property=\"og:type\" content=\"article\" \/>\n<meta property=\"og:title\" content=\"Bl\u00e5kl\u00e4der Craftsman Trousers Stretch\" \/>\n<meta property=\"og:description\" content=\"BL\u00c5KL\u00c4DER QUALITY! We proudly present, from Black Smoke x Bl\u00e5kl\u00e4der Collab clothing, the ultimate craftsman trousers. They are extremely good quality, extraordinary good looking and unbelievably comfortable (of course, it&#039;s bl\u00e5kl\u00e4der after all...).  The Black Smoke badge is changed after the sale of the old lot. The badge is different from the pictures.  When available on backorder, delivery time is 2-3 weeks.   Very nice tapered fit  Stretchy in the right places  Best looking craftsman pants ever  Best price online!\" \/>\n<meta property=\"og:url\" content=\"https:\/\/www.blacksmokeracing.com\/fi\/product\/craftsman-trousers-stretch\/\" \/>\n<meta property=\"og:site_name\" content=\"Black Smoke Ltd\" \/>\n<meta property=\"article:publisher\" content=\"https:\/\/www.facebook.com\/blacksmokeracing\" \/>\n<meta property=\"article:modified_time\" content=\"2026-05-05T08:03:11+00:00\" \/>\n<meta property=\"og:image\" content=\"https:\/\/www.blacksmokeracing.com\/wp-content\/uploads\/blaklader_199911418999_black_smoke_denim_craftsman-5.jpg\" \/>\n\t<meta property=\"og:image:width\" content=\"1000\" \/>\n\t<meta property=\"og:image:height\" content=\"1250\" \/>\n\t<meta property=\"og:image:type\" content=\"image\/jpeg\" \/>\n<meta name=\"twitter:card\" content=\"summary_large_image\" \/>\n<meta name=\"twitter:site\" content=\"@BlackSmokeMedia\" \/>\n<meta name=\"twitter:label1\" content=\"Arvioitu lukuaika\" \/>\n\t<meta name=\"twitter:data1\" content=\"3 minuuttia\" \/>\n<script type=\"application\/ld+json\" class=\"yoast-schema-graph\">{\"@context\":\"https:\\\/\\\/schema.org\",\"@graph\":[{\"@type\":[\"WebPage\",\"ItemPage\"],\"@id\":\"https:\\\/\\\/www.blacksmokeracing.com\\\/product\\\/craftsman-trousers-stretch\\\/\",\"url\":\"https:\\\/\\\/www.blacksmokeracing.com\\\/product\\\/craftsman-trousers-stretch\\\/\",\"name\":\"Bl\u00e5kl\u00e4der Craftsman Trousers Stretch - Black Smoke Ltd\",\"isPartOf\":{\"@id\":\"https:\\\/\\\/www.blacksmokeracing.com\\\/#website\"},\"primaryImageOfPage\":{\"@id\":\"https:\\\/\\\/www.blacksmokeracing.com\\\/product\\\/craftsman-trousers-stretch\\\/#primaryimage\"},\"image\":{\"@id\":\"https:\\\/\\\/www.blacksmokeracing.com\\\/product\\\/craftsman-trousers-stretch\\\/#primaryimage\"},\"thumbnailUrl\":\"https:\\\/\\\/www.blacksmokeracing.com\\\/wp-content\\\/uploads\\\/blaklader_199911418999_black_smoke_denim_craftsman-5.jpg\",\"datePublished\":\"2016-11-22T19:34:27+00:00\",\"dateModified\":\"2026-05-05T08:03:11+00:00\",\"breadcrumb\":{\"@id\":\"https:\\\/\\\/www.blacksmokeracing.com\\\/product\\\/craftsman-trousers-stretch\\\/#breadcrumb\"},\"inLanguage\":\"fi\",\"potentialAction\":[{\"@type\":\"ReadAction\",\"target\":[\"https:\\\/\\\/www.blacksmokeracing.com\\\/product\\\/craftsman-trousers-stretch\\\/\"]}]},{\"@type\":\"ImageObject\",\"inLanguage\":\"fi\",\"@id\":\"https:\\\/\\\/www.blacksmokeracing.com\\\/product\\\/craftsman-trousers-stretch\\\/#primaryimage\",\"url\":\"https:\\\/\\\/www.blacksmokeracing.com\\\/wp-content\\\/uploads\\\/blaklader_199911418999_black_smoke_denim_craftsman-5.jpg\",\"contentUrl\":\"https:\\\/\\\/www.blacksmokeracing.com\\\/wp-content\\\/uploads\\\/blaklader_199911418999_black_smoke_denim_craftsman-5.jpg\",\"width\":1000,\"height\":1250},{\"@type\":\"BreadcrumbList\",\"@id\":\"https:\\\/\\\/www.blacksmokeracing.com\\\/product\\\/craftsman-trousers-stretch\\\/#breadcrumb\",\"itemListElement\":[{\"@type\":\"ListItem\",\"position\":1,\"name\":\"Home\",\"item\":\"https:\\\/\\\/www.blacksmokeracing.com\\\/\"},{\"@type\":\"ListItem\",\"position\":2,\"name\":\"Shop\",\"item\":\"https:\\\/\\\/www.blacksmokeracing.com\\\/shop\\\/\"},{\"@type\":\"ListItem\",\"position\":3,\"name\":\"Bl\u00e5kl\u00e4der Craftsman Trousers Stretch\"}]},{\"@type\":\"WebSite\",\"@id\":\"https:\\\/\\\/www.blacksmokeracing.com\\\/#website\",\"url\":\"https:\\\/\\\/www.blacksmokeracing.com\\\/\",\"name\":\"Black Smoke Ltd\",\"description\":\"Not the most successful drifting team\",\"publisher\":{\"@id\":\"https:\\\/\\\/www.blacksmokeracing.com\\\/#organization\"},\"potentialAction\":[{\"@type\":\"SearchAction\",\"target\":{\"@type\":\"EntryPoint\",\"urlTemplate\":\"https:\\\/\\\/www.blacksmokeracing.com\\\/?s={search_term_string}\"},\"query-input\":{\"@type\":\"PropertyValueSpecification\",\"valueRequired\":true,\"valueName\":\"search_term_string\"}}],\"inLanguage\":\"fi\"},{\"@type\":\"Organization\",\"@id\":\"https:\\\/\\\/www.blacksmokeracing.com\\\/#organization\",\"name\":\"Black Smoke Oy Ltd\",\"url\":\"https:\\\/\\\/www.blacksmokeracing.com\\\/\",\"logo\":{\"@type\":\"ImageObject\",\"inLanguage\":\"fi\",\"@id\":\"https:\\\/\\\/www.blacksmokeracing.com\\\/#\\\/schema\\\/logo\\\/image\\\/\",\"url\":\"https:\\\/\\\/www.blacksmokeracing.com\\\/wp-content\\\/uploads\\\/2017\\\/11\\\/Black-Smoke-Logo.png\",\"contentUrl\":\"https:\\\/\\\/www.blacksmokeracing.com\\\/wp-content\\\/uploads\\\/2017\\\/11\\\/Black-Smoke-Logo.png\",\"width\":319,\"height\":97,\"caption\":\"Black Smoke Oy Ltd\"},\"image\":{\"@id\":\"https:\\\/\\\/www.blacksmokeracing.com\\\/#\\\/schema\\\/logo\\\/image\\\/\"},\"sameAs\":[\"https:\\\/\\\/www.facebook.com\\\/blacksmokeracing\",\"https:\\\/\\\/x.com\\\/BlackSmokeMedia\"]}]}<\/script>\n<!-- \/ Yoast SEO Premium plugin. -->","yoast_head_json":{"title":"Bl\u00e5kl\u00e4der Craftsman Trousers Stretch - Black Smoke Ltd","robots":{"index":"index","follow":"follow","max-snippet":"max-snippet:-1","max-image-preview":"max-image-preview:large","max-video-preview":"max-video-preview:-1"},"canonical":"https:\/\/www.blacksmokeracing.com\/fi\/product\/craftsman-trousers-stretch\/","og_locale":"fi_FI","og_type":"article","og_title":"Bl\u00e5kl\u00e4der Craftsman Trousers Stretch","og_description":"BL\u00c5KL\u00c4DER QUALITY! We proudly present, from Black Smoke x Bl\u00e5kl\u00e4der Collab clothing, the ultimate craftsman trousers. They are extremely good quality, extraordinary good looking and unbelievably comfortable (of course, it's bl\u00e5kl\u00e4der after all...).  The Black Smoke badge is changed after the sale of the old lot. The badge is different from the pictures.  When available on backorder, delivery time is 2-3 weeks.   Very nice tapered fit  Stretchy in the right places  Best looking craftsman pants ever  Best price online!","og_url":"https:\/\/www.blacksmokeracing.com\/fi\/product\/craftsman-trousers-stretch\/","og_site_name":"Black Smoke Ltd","article_publisher":"https:\/\/www.facebook.com\/blacksmokeracing","article_modified_time":"2026-05-05T08:03:11+00:00","og_image":[{"width":1000,"height":1250,"url":"https:\/\/www.blacksmokeracing.com\/wp-content\/uploads\/blaklader_199911418999_black_smoke_denim_craftsman-5.jpg","type":"image\/jpeg"}],"twitter_card":"summary_large_image","twitter_site":"@BlackSmokeMedia","twitter_misc":{"Arvioitu lukuaika":"3 minuuttia"},"schema":{"@context":"https:\/\/schema.org","@graph":[{"@type":["WebPage","ItemPage"],"@id":"https:\/\/www.blacksmokeracing.com\/product\/craftsman-trousers-stretch\/","url":"https:\/\/www.blacksmokeracing.com\/product\/craftsman-trousers-stretch\/","name":"Bl\u00e5kl\u00e4der Craftsman Trousers Stretch - Black Smoke Ltd","isPartOf":{"@id":"https:\/\/www.blacksmokeracing.com\/#website"},"primaryImageOfPage":{"@id":"https:\/\/www.blacksmokeracing.com\/product\/craftsman-trousers-stretch\/#primaryimage"},"image":{"@id":"https:\/\/www.blacksmokeracing.com\/product\/craftsman-trousers-stretch\/#primaryimage"},"thumbnailUrl":"https:\/\/www.blacksmokeracing.com\/wp-content\/uploads\/blaklader_199911418999_black_smoke_denim_craftsman-5.jpg","datePublished":"2016-11-22T19:34:27+00:00","dateModified":"2026-05-05T08:03:11+00:00","breadcrumb":{"@id":"https:\/\/www.blacksmokeracing.com\/product\/craftsman-trousers-stretch\/#breadcrumb"},"inLanguage":"fi","potentialAction":[{"@type":"ReadAction","target":["https:\/\/www.blacksmokeracing.com\/product\/craftsman-trousers-stretch\/"]}]},{"@type":"ImageObject","inLanguage":"fi","@id":"https:\/\/www.blacksmokeracing.com\/product\/craftsman-trousers-stretch\/#primaryimage","url":"https:\/\/www.blacksmokeracing.com\/wp-content\/uploads\/blaklader_199911418999_black_smoke_denim_craftsman-5.jpg","contentUrl":"https:\/\/www.blacksmokeracing.com\/wp-content\/uploads\/blaklader_199911418999_black_smoke_denim_craftsman-5.jpg","width":1000,"height":1250},{"@type":"BreadcrumbList","@id":"https:\/\/www.blacksmokeracing.com\/product\/craftsman-trousers-stretch\/#breadcrumb","itemListElement":[{"@type":"ListItem","position":1,"name":"Home","item":"https:\/\/www.blacksmokeracing.com\/"},{"@type":"ListItem","position":2,"name":"Shop","item":"https:\/\/www.blacksmokeracing.com\/shop\/"},{"@type":"ListItem","position":3,"name":"Bl\u00e5kl\u00e4der Craftsman Trousers Stretch"}]},{"@type":"WebSite","@id":"https:\/\/www.blacksmokeracing.com\/#website","url":"https:\/\/www.blacksmokeracing.com\/","name":"Black Smoke Oy","description":"Not the most successful drifting team","publisher":{"@id":"https:\/\/www.blacksmokeracing.com\/#organization"},"potentialAction":[{"@type":"SearchAction","target":{"@type":"EntryPoint","urlTemplate":"https:\/\/www.blacksmokeracing.com\/?s={search_term_string}"},"query-input":{"@type":"PropertyValueSpecification","valueRequired":true,"valueName":"search_term_string"}}],"inLanguage":"fi"},{"@type":"Organization","@id":"https:\/\/www.blacksmokeracing.com\/#organization","name":"Black Smoke Oy","url":"https:\/\/www.blacksmokeracing.com\/","logo":{"@type":"ImageObject","inLanguage":"fi","@id":"https:\/\/www.blacksmokeracing.com\/#\/schema\/logo\/image\/","url":"https:\/\/www.blacksmokeracing.com\/wp-content\/uploads\/2017\/11\/Black-Smoke-Logo.png","contentUrl":"https:\/\/www.blacksmokeracing.com\/wp-content\/uploads\/2017\/11\/Black-Smoke-Logo.png","width":319,"height":97,"caption":"Black Smoke Oy Ltd"},"image":{"@id":"https:\/\/www.blacksmokeracing.com\/#\/schema\/logo\/image\/"},"sameAs":["https:\/\/www.facebook.com\/blacksmokeracing","https:\/\/x.com\/BlackSmokeMedia"]}]}},"taxonomy_info":{"product_cat":[{"value":335,"label":"Bl\u00e5kl\u00e4der Trousers"},{"value":541,"label":"Merchandise"},{"value":316,"label":"Workwear from Blaklader &amp; Black Smoke Collaboration"}],"product_brands":[{"value":8875,"label":"Bl\u00e5kl\u00e4der Workwear"}]},"featured_image_src_large":["https:\/\/www.blacksmokeracing.com\/wp-content\/uploads\/blaklader_199911418999_black_smoke_denim_craftsman-5.jpg",1000,1250,false],"author_info":[],"comment_info":0,"_links":{"self":[{"href":"https:\/\/www.blacksmokeracing.com\/fi\/wp-json\/wp\/v2\/product\/10574","targetHints":{"allow":["GET"]}}],"collection":[{"href":"https:\/\/www.blacksmokeracing.com\/fi\/wp-json\/wp\/v2\/product"}],"about":[{"href":"https:\/\/www.blacksmokeracing.com\/fi\/wp-json\/wp\/v2\/types\/product"}],"replies":[{"embeddable":true,"href":"https:\/\/www.blacksmokeracing.com\/fi\/wp-json\/wp\/v2\/comments?post=10574"}],"wp:featuredmedia":[{"embeddable":true,"href":"https:\/\/www.blacksmokeracing.com\/fi\/wp-json\/wp\/v2\/media\/71122"}],"wp:attachment":[{"href":"https:\/\/www.blacksmokeracing.com\/fi\/wp-json\/wp\/v2\/media?parent=10574"}],"wp:term":[{"taxonomy":"product_cat","embeddable":true,"href":"https:\/\/www.blacksmokeracing.com\/fi\/wp-json\/wp\/v2\/product_cat?post=10574"},{"taxonomy":"product_tag","embeddable":true,"href":"https:\/\/www.blacksmokeracing.com\/fi\/wp-json\/wp\/v2\/product_tag?post=10574"},{"taxonomy":"product_brands","embeddable":true,"href":"https:\/\/www.blacksmokeracing.com\/fi\/wp-json\/wp\/v2\/product_brands?post=10574"}],"curies":[{"name":"wp","href":"https:\/\/api.w.org\/{rel}","templated":true}]}}