{"id":81487,"date":"2025-11-04T08:00:31","date_gmt":"2025-11-04T06:00:31","guid":{"rendered":"https:\/\/www.blacksmokeracing.com\/?page_id=81487"},"modified":"2025-12-10T13:24:01","modified_gmt":"2025-12-10T11:24:01","slug":"mercedes-ecu-wiring-diagrams","status":"publish","type":"page","link":"https:\/\/www.blacksmokeracing.com\/fi\/mercedes-ecu-wiring-diagrams\/","title":{"rendered":"Mercedes-Benz ECU johtokaaviot"},"content":{"rendered":"<h2 class=\"wp-block-heading has-text-align-left\" id=\"h-mercedes-benz-ecu-wiring-diagrams\">Mercedes-Benz ECU johtokaaviot<\/h2>\n\n\n\n<p><meta charset=\"utf-8\"><\/meta><meta charset=\"utf-8\"><\/meta>T\u00e4ss\u00e4 osiossa on yksityiskohtaiset pinnitiedot ja  kytkent\u00e4kaaviot Mercedes-Benzin EDC15- ja EDC16 moottorinohjausyksik\u00f6ille (ECU). Dokumentaatio on tarkoitettu tukemaan diagnostiikkat\u00f6it\u00e4, ECU-korjauksia ja swappiprojektien johdotuksia.<\/p>\n\n\n\n<ul class=\"wp-block-list\">\n<li><a href=\"https:\/\/www.blacksmokeracing.com\/wp-content\/uploads\/BlackSmoke-EDC15C6-OM611_612_613-Pinout-v2.pdf\" target=\"_blank\" rel=\"noreferrer noopener\">BlackSmoke EDC15C6 OM611 \/ OM612 \/ OM613 Pinout 2025<\/a><\/li>\n\n\n\n<li><a href=\"https:\/\/www.blacksmokeracing.com\/wp-content\/uploads\/BlackSmoke-EDC16-OM646_647_648-Pinout-2025.pdf\" target=\"_blank\" rel=\"noreferrer noopener\">BlackSmoke EDC16 OM646 \/ OM647 \/ OM648 Pinout 2025<\/a><\/li>\n\n\n\n<li><a href=\"https:\/\/www.blacksmokeracing.com\/wp-content\/uploads\/BlackSmoke-EDC16CP31-OM642-Pinout-2025.pdf\" target=\"_blank\" rel=\"noreferrer noopener\">BlackSmoke EDC16CP31 OM642 Pinout 2025<\/a><\/li>\n\n\n\n<li><a href=\"https:\/\/www.blacksmokeracing.com\/wp-content\/uploads\/BlackSmoke-EDC16CP36-OM629-Pinout-2025.pdf\" target=\"_blank\" rel=\"noreferrer noopener\">BlackSmoke EDC16CP36 OM629 Pinout 2025<\/a><\/li>\n\n\n\n<li><a href=\"https:\/\/www.blacksmokeracing.com\/wp-content\/uploads\/BlackSmoke-EGS52-Pinout-2025.pdf\" target=\"_blank\" rel=\"noreferrer noopener\">BlackSmoke EGS52 Pinout 2025<\/a><\/li>\n\n\n\n<li><a href=\"https:\/\/www.blacksmokeracing.com\/wp-content\/uploads\/BlackSmoke-ME2.8-M112_M113-Pinout-2025.pdf\" target=\"_blank\" rel=\"noreferrer noopener\">BlackSmoke ME2.8 M112 \/ M113 Pinout 2025<\/a><\/li>\n\n\n\n<li><a href=\"https:\/\/www.blacksmokeracing.com\/wp-content\/uploads\/BlackSmoke-Temic-CRV1-OM628-Pinout-2025.pdf\" target=\"_blank\" rel=\"noreferrer noopener\">BlackSmoke Temic CRV1 OM628 Pinout 2025<\/a><\/li>\n<\/ul>\n\n\n\n<p><\/p>","protected":false},"excerpt":{"rendered":"<p>Mercedes-Benz ECU Wiring Diagrams This section provides detailed pinout information and complete wiring diagrams for Mercedes-Benz engine control units (ECUs) equipped with EDC15 and EDC16 systems. The documentation is intended to support diagnostic work, ECU repairs, and custom wiring projects.<\/p>","protected":false},"author":184176,"featured_media":76710,"parent":0,"menu_order":0,"comment_status":"closed","ping_status":"closed","template":"","meta":{"inline_featured_image":false,"_kad_blocks_custom_css":"","_kad_blocks_head_custom_js":"","_kad_blocks_body_custom_js":"","_kad_blocks_footer_custom_js":"","_kad_post_transparent":"","_kad_post_title":"","_kad_post_layout":"","_kad_post_sidebar_id":"","_kad_post_content_style":"","_kad_post_vertical_padding":"","_kad_post_feature":"","_kad_post_feature_position":"","_kad_post_header":false,"_kad_post_footer":false,"_kad_post_classname":"","cybocfi_hide_featured_image":"yes","footnotes":""},"class_list":["post-81487","page","type-page","status-publish","has-post-thumbnail","hentry"],"yoast_head":"<!-- This site is optimized with the Yoast SEO Premium plugin v27.3 (Yoast SEO v27.3) - https:\/\/yoast.com\/product\/yoast-seo-premium-wordpress\/ -->\n<title>Mercedes-Benz ECU Wiring Diagrams - Black Smoke Ltd<\/title>\n<meta name=\"robots\" content=\"index, follow, max-snippet:-1, max-image-preview:large, max-video-preview:-1\" \/>\n<link rel=\"canonical\" href=\"https:\/\/www.blacksmokeracing.com\/fi\/mercedes-ecu-wiring-diagrams\/\" \/>\n<meta property=\"og:locale\" content=\"fi_FI\" \/>\n<meta property=\"og:type\" content=\"article\" \/>\n<meta property=\"og:title\" content=\"Mercedes-Benz ECU Wiring Diagrams\" \/>\n<meta property=\"og:description\" content=\"Mercedes-Benz ECU Wiring Diagrams This section provides detailed pinout information and complete wiring diagrams for Mercedes-Benz engine control units (ECUs) equipped with EDC15 and EDC16 systems. The documentation is intended to support diagnostic work, ECU repairs, and custom wiring projects.\" \/>\n<meta property=\"og:url\" content=\"https:\/\/www.blacksmokeracing.com\/fi\/mercedes-ecu-wiring-diagrams\/\" \/>\n<meta property=\"og:site_name\" content=\"Black Smoke Ltd\" \/>\n<meta property=\"article:publisher\" content=\"https:\/\/www.facebook.com\/blacksmokeracing\" \/>\n<meta property=\"article:modified_time\" content=\"2025-12-10T11:24:01+00:00\" \/>\n<meta property=\"og:image\" content=\"https:\/\/www.blacksmokeracing.com\/wp-content\/uploads\/DSC09458-scaled.jpg\" \/>\n\t<meta property=\"og:image:width\" content=\"1710\" \/>\n\t<meta property=\"og:image:height\" content=\"2560\" \/>\n\t<meta property=\"og:image:type\" content=\"image\/jpeg\" \/>\n<meta name=\"twitter:card\" content=\"summary_large_image\" \/>\n<meta name=\"twitter:site\" content=\"@BlackSmokeMedia\" \/>\n<meta name=\"twitter:label1\" content=\"Arvioitu lukuaika\" \/>\n\t<meta name=\"twitter:data1\" content=\"1 minuutti\" \/>\n<script type=\"application\/ld+json\" class=\"yoast-schema-graph\">{\"@context\":\"https:\\\/\\\/schema.org\",\"@graph\":[{\"@type\":\"WebPage\",\"@id\":\"https:\\\/\\\/www.blacksmokeracing.com\\\/mercedes-ecu-wiring-diagrams\\\/\",\"url\":\"https:\\\/\\\/www.blacksmokeracing.com\\\/mercedes-ecu-wiring-diagrams\\\/\",\"name\":\"Mercedes-Benz ECU Wiring Diagrams - Black Smoke Ltd\",\"isPartOf\":{\"@id\":\"https:\\\/\\\/www.blacksmokeracing.com\\\/#website\"},\"primaryImageOfPage\":{\"@id\":\"https:\\\/\\\/www.blacksmokeracing.com\\\/mercedes-ecu-wiring-diagrams\\\/#primaryimage\"},\"image\":{\"@id\":\"https:\\\/\\\/www.blacksmokeracing.com\\\/mercedes-ecu-wiring-diagrams\\\/#primaryimage\"},\"thumbnailUrl\":\"https:\\\/\\\/www.blacksmokeracing.com\\\/wp-content\\\/uploads\\\/DSC09458-scaled.jpg\",\"datePublished\":\"2025-11-04T06:00:31+00:00\",\"dateModified\":\"2025-12-10T11:24:01+00:00\",\"breadcrumb\":{\"@id\":\"https:\\\/\\\/www.blacksmokeracing.com\\\/mercedes-ecu-wiring-diagrams\\\/#breadcrumb\"},\"inLanguage\":\"fi\",\"potentialAction\":[{\"@type\":\"ReadAction\",\"target\":[\"https:\\\/\\\/www.blacksmokeracing.com\\\/mercedes-ecu-wiring-diagrams\\\/\"]}]},{\"@type\":\"BreadcrumbList\",\"@id\":\"https:\\\/\\\/www.blacksmokeracing.com\\\/mercedes-ecu-wiring-diagrams\\\/#breadcrumb\",\"itemListElement\":[{\"@type\":\"ListItem\",\"position\":1,\"name\":\"Home\",\"item\":\"https:\\\/\\\/www.blacksmokeracing.com\\\/\"},{\"@type\":\"ListItem\",\"position\":2,\"name\":\"Mercedes-Benz ECU Wiring Diagrams\"}]},{\"@type\":\"WebSite\",\"@id\":\"https:\\\/\\\/www.blacksmokeracing.com\\\/#website\",\"url\":\"https:\\\/\\\/www.blacksmokeracing.com\\\/\",\"name\":\"Black Smoke Ltd\",\"description\":\"Not the most successful drifting team\",\"publisher\":{\"@id\":\"https:\\\/\\\/www.blacksmokeracing.com\\\/#organization\"},\"potentialAction\":[{\"@type\":\"SearchAction\",\"target\":{\"@type\":\"EntryPoint\",\"urlTemplate\":\"https:\\\/\\\/www.blacksmokeracing.com\\\/?s={search_term_string}\"},\"query-input\":{\"@type\":\"PropertyValueSpecification\",\"valueRequired\":true,\"valueName\":\"search_term_string\"}}],\"inLanguage\":\"fi\"},{\"@type\":\"Organization\",\"@id\":\"https:\\\/\\\/www.blacksmokeracing.com\\\/#organization\",\"name\":\"Black Smoke Oy Ltd\",\"url\":\"https:\\\/\\\/www.blacksmokeracing.com\\\/\",\"logo\":{\"@type\":\"ImageObject\",\"inLanguage\":\"fi\",\"@id\":\"https:\\\/\\\/www.blacksmokeracing.com\\\/#\\\/schema\\\/logo\\\/image\\\/\",\"url\":\"https:\\\/\\\/www.blacksmokeracing.com\\\/wp-content\\\/uploads\\\/2017\\\/11\\\/Black-Smoke-Logo.png\",\"contentUrl\":\"https:\\\/\\\/www.blacksmokeracing.com\\\/wp-content\\\/uploads\\\/2017\\\/11\\\/Black-Smoke-Logo.png\",\"width\":319,\"height\":97,\"caption\":\"Black Smoke Oy Ltd\"},\"image\":{\"@id\":\"https:\\\/\\\/www.blacksmokeracing.com\\\/#\\\/schema\\\/logo\\\/image\\\/\"},\"sameAs\":[\"https:\\\/\\\/www.facebook.com\\\/blacksmokeracing\",\"https:\\\/\\\/x.com\\\/BlackSmokeMedia\"]}]}<\/script>\n<!-- \/ Yoast SEO Premium plugin. -->","yoast_head_json":{"title":"Mercedes-Benz ECU Wiring Diagrams - Black Smoke Ltd","robots":{"index":"index","follow":"follow","max-snippet":"max-snippet:-1","max-image-preview":"max-image-preview:large","max-video-preview":"max-video-preview:-1"},"canonical":"https:\/\/www.blacksmokeracing.com\/fi\/mercedes-ecu-wiring-diagrams\/","og_locale":"fi_FI","og_type":"article","og_title":"Mercedes-Benz ECU Wiring Diagrams","og_description":"Mercedes-Benz ECU Wiring Diagrams This section provides detailed pinout information and complete wiring diagrams for Mercedes-Benz engine control units (ECUs) equipped with EDC15 and EDC16 systems. The documentation is intended to support diagnostic work, ECU repairs, and custom wiring projects.","og_url":"https:\/\/www.blacksmokeracing.com\/fi\/mercedes-ecu-wiring-diagrams\/","og_site_name":"Black Smoke Ltd","article_publisher":"https:\/\/www.facebook.com\/blacksmokeracing","article_modified_time":"2025-12-10T11:24:01+00:00","og_image":[{"width":1710,"height":2560,"url":"https:\/\/www.blacksmokeracing.com\/wp-content\/uploads\/DSC09458-scaled.jpg","type":"image\/jpeg"}],"twitter_card":"summary_large_image","twitter_site":"@BlackSmokeMedia","twitter_misc":{"Arvioitu lukuaika":"1 minuutti"},"schema":{"@context":"https:\/\/schema.org","@graph":[{"@type":"WebPage","@id":"https:\/\/www.blacksmokeracing.com\/mercedes-ecu-wiring-diagrams\/","url":"https:\/\/www.blacksmokeracing.com\/mercedes-ecu-wiring-diagrams\/","name":"Mercedes-Benz ECU Wiring Diagrams - Black Smoke Ltd","isPartOf":{"@id":"https:\/\/www.blacksmokeracing.com\/#website"},"primaryImageOfPage":{"@id":"https:\/\/www.blacksmokeracing.com\/mercedes-ecu-wiring-diagrams\/#primaryimage"},"image":{"@id":"https:\/\/www.blacksmokeracing.com\/mercedes-ecu-wiring-diagrams\/#primaryimage"},"thumbnailUrl":"https:\/\/www.blacksmokeracing.com\/wp-content\/uploads\/DSC09458-scaled.jpg","datePublished":"2025-11-04T06:00:31+00:00","dateModified":"2025-12-10T11:24:01+00:00","breadcrumb":{"@id":"https:\/\/www.blacksmokeracing.com\/mercedes-ecu-wiring-diagrams\/#breadcrumb"},"inLanguage":"fi","potentialAction":[{"@type":"ReadAction","target":["https:\/\/www.blacksmokeracing.com\/mercedes-ecu-wiring-diagrams\/"]}]},{"@type":"BreadcrumbList","@id":"https:\/\/www.blacksmokeracing.com\/mercedes-ecu-wiring-diagrams\/#breadcrumb","itemListElement":[{"@type":"ListItem","position":1,"name":"Home","item":"https:\/\/www.blacksmokeracing.com\/"},{"@type":"ListItem","position":2,"name":"Mercedes-Benz ECU Wiring Diagrams"}]},{"@type":"WebSite","@id":"https:\/\/www.blacksmokeracing.com\/#website","url":"https:\/\/www.blacksmokeracing.com\/","name":"Black Smoke Oy","description":"Not the most successful drifting team","publisher":{"@id":"https:\/\/www.blacksmokeracing.com\/#organization"},"potentialAction":[{"@type":"SearchAction","target":{"@type":"EntryPoint","urlTemplate":"https:\/\/www.blacksmokeracing.com\/?s={search_term_string}"},"query-input":{"@type":"PropertyValueSpecification","valueRequired":true,"valueName":"search_term_string"}}],"inLanguage":"fi"},{"@type":"Organization","@id":"https:\/\/www.blacksmokeracing.com\/#organization","name":"Black Smoke Oy","url":"https:\/\/www.blacksmokeracing.com\/","logo":{"@type":"ImageObject","inLanguage":"fi","@id":"https:\/\/www.blacksmokeracing.com\/#\/schema\/logo\/image\/","url":"https:\/\/www.blacksmokeracing.com\/wp-content\/uploads\/2017\/11\/Black-Smoke-Logo.png","contentUrl":"https:\/\/www.blacksmokeracing.com\/wp-content\/uploads\/2017\/11\/Black-Smoke-Logo.png","width":319,"height":97,"caption":"Black Smoke Oy Ltd"},"image":{"@id":"https:\/\/www.blacksmokeracing.com\/#\/schema\/logo\/image\/"},"sameAs":["https:\/\/www.facebook.com\/blacksmokeracing","https:\/\/x.com\/BlackSmokeMedia"]}]}},"taxonomy_info":[],"featured_image_src_large":["https:\/\/www.blacksmokeracing.com\/wp-content\/uploads\/DSC09458-1170x1752.jpg",1170,1752,true],"author_info":{"display_name":"Jyrki M\u00e4\u00e4tt\u00e4","author_link":"https:\/\/www.blacksmokeracing.com\/fi\/posts\/author\/jyrki\/"},"comment_info":"","_links":{"self":[{"href":"https:\/\/www.blacksmokeracing.com\/fi\/wp-json\/wp\/v2\/pages\/81487","targetHints":{"allow":["GET"]}}],"collection":[{"href":"https:\/\/www.blacksmokeracing.com\/fi\/wp-json\/wp\/v2\/pages"}],"about":[{"href":"https:\/\/www.blacksmokeracing.com\/fi\/wp-json\/wp\/v2\/types\/page"}],"author":[{"embeddable":true,"href":"https:\/\/www.blacksmokeracing.com\/fi\/wp-json\/wp\/v2\/users\/184176"}],"replies":[{"embeddable":true,"href":"https:\/\/www.blacksmokeracing.com\/fi\/wp-json\/wp\/v2\/comments?post=81487"}],"version-history":[{"count":0,"href":"https:\/\/www.blacksmokeracing.com\/fi\/wp-json\/wp\/v2\/pages\/81487\/revisions"}],"wp:featuredmedia":[{"embeddable":true,"href":"https:\/\/www.blacksmokeracing.com\/fi\/wp-json\/wp\/v2\/media\/76710"}],"wp:attachment":[{"href":"https:\/\/www.blacksmokeracing.com\/fi\/wp-json\/wp\/v2\/media?parent=81487"}],"curies":[{"name":"wp","href":"https:\/\/api.w.org\/{rel}","templated":true}]}}