{"id":49039,"date":"2021-09-01T17:38:54","date_gmt":"2021-09-01T14:38:54","guid":{"rendered":"https:\/\/www.blacksmokeracing.com\/refund_returns\/"},"modified":"2021-09-01T17:38:54","modified_gmt":"2021-09-01T14:38:54","slug":"refund_returns","status":"publish","type":"page","link":"https:\/\/www.blacksmokeracing.com\/fi\/refund_returns\/","title":{"rendered":"Hyvitys- ja palautusk\u00e4yt\u00e4nt\u00f6"},"content":{"rendered":"<p><b>T\u00e4m\u00e4 on esimerkkisivu.<\/b><\/p>\n\n\n\n<h3>Yleiskatsaus<\/h3>\n\n\n\n<p>Palautus- ja palautusk\u00e4yt\u00e4nt\u00f6mme on voimassa 30 p\u00e4iv\u00e4\u00e4. Jos ostoksestasi on kulunut 30 p\u00e4iv\u00e4\u00e4, emme voi tarjota sinulle t\u00e4ytt\u00e4 hyvityst\u00e4 tai vaihtoa.<\/p>\n\n\n\n<p>Jotta tuotteesi voidaan palauttaa, sen on oltava k\u00e4ytt\u00e4m\u00e4t\u00f6n ja samassa kunnossa kuin sen vastaanotit. Sen tulee olla my\u00f6s alkuper\u00e4isess\u00e4 pakkauksessa.<\/p>\n\n\n\n<p>Useat tavarat on vapautettu palautuksesta. Helposti pilaantuvia tavaroita, kuten ruokaa, kukkia, sanoma- tai aikakauslehti\u00e4 ei voi palauttaa. Emme my\u00f6sk\u00e4\u00e4n hyv\u00e4ksy tuotteita, jotka ovat intiimi- tai hygieniatuotteita, vaarallisia aineita tai syttyvi\u00e4 nesteit\u00e4 tai kaasuja.<\/p>\n\n\n\n<p>Muita ei-palauttavia tuotteita:<\/p>\n\n\n\n<ul class=\"wp-block-list\">\n<li>Lahjakortit<\/li>\n<li>Ladattavat ohjelmistotuotteet<\/li>\n<li>Jotkut terveys- ja henkil\u00f6kohtaiset hygieniatuotteet<\/li>\n<\/ul>\n\n\n\n<p>Palautuksen viimeistelemiseksi tarvitsemme kuitin tai ostokuitin.<\/p>\n\n\n\n<p>\u00c4l\u00e4 l\u00e4het\u00e4 ostostasi takaisin valmistajalle.<\/p>\n\n\n\n<p>On tiettyj\u00e4 tilanteita, joissa vain osittainen palautus my\u00f6nnet\u00e4\u00e4n:<\/p>\n\n\n\n<ul class=\"wp-block-list\">\n<li>Selkeit\u00e4 k\u00e4yt\u00f6n j\u00e4lki\u00e4 sis\u00e4lt\u00e4v\u00e4 kirja<\/li>\n<li>CD, DVD, VHS-nauha, ohjelmisto, videopeli, kasettinauha tai vinyylilevy, joka on avattu.<\/li>\n<li>Mik\u00e4 tahansa esine, joka ei ole alkuper\u00e4isess\u00e4 kunnossa, on vaurioitunut tai puuttuu osia syist\u00e4, jotka eiv\u00e4t johdu meid\u00e4n virheest\u00e4mme.<\/li>\n<li>Kaikki tuotteet, jotka palautetaan yli 30 p\u00e4iv\u00e4\u00e4 toimituksen j\u00e4lkeen<\/li>\n<\/ul>\n\n\n\n<h2>Hyvitykset<\/h2>\n\n\n\n<p>Kun palautuksesi on vastaanotettu ja tarkastettu, l\u00e4het\u00e4mme sinulle s\u00e4hk\u00f6postin, jossa ilmoitamme, ett\u00e4 olemme vastaanottaneet palautetun tuotteen. Ilmoitamme sinulle my\u00f6s hyvityksen hyv\u00e4ksymisest\u00e4 tai hylk\u00e4\u00e4misest\u00e4.<\/p>\n\n\n\n<p>Jos sinut hyv\u00e4ksyt\u00e4\u00e4n, hyvityksesi k\u00e4sitell\u00e4\u00e4n ja luottokorttiisi tai alkuper\u00e4iseen maksutapaasi lis\u00e4t\u00e4\u00e4n automaattisesti hyvitys tietyn p\u00e4iv\u00e4n kuluessa.<\/p>\n\n\n\n<b>My\u00f6h\u00e4styneet tai puuttuvat palautukset<\/b>\n\n\n\n<p>Jos et ole viel\u00e4 saanut hyvityst\u00e4, tarkista ensin pankkitilisi uudelleen.<\/p>\n\n\n\n<p>Ota sitten yhteytt\u00e4 luottokorttiyhti\u00f6\u00f6si. Voi kest\u00e4\u00e4 jonkin aikaa, ennen kuin hyvityksesi on virallisesti l\u00e4hetetty.<\/p>\n\n\n\n<p>Ota seuraavaksi yhteytt\u00e4 pankkiisi. K\u00e4sittelyyn kuluu usein jonkin verran aikaa ennen kuin hyvitys l\u00e4hetet\u00e4\u00e4n.<\/p>\n\n\n\n<p>Jos olet tehnyt kaiken t\u00e4m\u00e4n etk\u00e4 ole viel\u00e4k\u00e4\u00e4n saanut hyvityst\u00e4si, ota meihin yhteytt\u00e4 osoitteeseen {email address}.<\/p>\n\n\n\n<b>Myyt\u00e4v\u00e4t kohteet<\/b>\n\n\n\n<p>Vain normaalihintaiset tuotteet voidaan palauttaa. Myynniss\u00e4 olevia tuotteita ei voi palauttaa.<\/p>\n\n\n\n<h2>Vaihdot<\/h2>\n\n\n\n<p>Vaihdamme tuotteet vain, jos ne ovat viallisia tai vaurioituneet. Jos sinun on vaihdettava se samaan tuotteeseen, l\u00e4het\u00e4 meille s\u00e4hk\u00f6posti osoitteeseen {email address} ja l\u00e4het\u00e4 tuotteesi osoitteeseen: {fyysinen osoite}.<\/p>\n\n\n\n<h2>Lahjat<\/h2>\n\n\n\n<p>Jos tuote merkittiin lahjaksi ostohetkell\u00e4 ja l\u00e4hetettiin suoraan sinulle, saat palautuksesi arvon vastaavan lahjahyvityksen. Kun palautettu tuote on vastaanotettu, sinulle l\u00e4hetet\u00e4\u00e4n lahjakortti.<\/p>\n\n\n\n<p>Jos tuotetta ei ostettaessa merkitty lahjaksi tai lahjan antaja oli l\u00e4hett\u00e4nyt tilauksen itselleen antaakseen sinulle my\u00f6hemmin, l\u00e4het\u00e4mme lahjan antajalle hyvityksen ja h\u00e4n selvitt\u00e4\u00e4 palautuksesi.<\/p>\n\n\n\n<h2>Toimituksen palautukset<\/h2>\n\n\n\n<p>Jos haluat palauttaa tuotteesi, l\u00e4het\u00e4 tuote osoitteeseen: {fyysinen osoite}.<\/p>\n\n\n\n<p>Olet itse vastuussa tuotteen palautuksesta aiheutuneiden toimituskulujen maksamisesta. Toimituskuluja ei palauteta. Jos saat hyvityksen, palautuksen toimituskulut v\u00e4hennet\u00e4\u00e4n hyvityksest\u00e4si.<\/p>\n\n\n\n<p>Vaihdetun tuotteen saapumisaika saattaa vaihdella asuinpaikastasi riippuen.<\/p>\n\n\n\n<p>Jos palautat kalliimpia tuotteita, voit harkita j\u00e4ljitett\u00e4v\u00e4n toimituspalvelun k\u00e4ytt\u00f6\u00e4 tai kuljetusvakuutuksen ostamista. Emme takaa, ett\u00e4 saamme palautettua tuotetta.<\/p>\n\n\n\n<h2>Tarvitsetko apua?<\/h2>\n\n\n\n<p>Ota meihin yhteytt\u00e4 osoitteessa {email}, jos sinulla on kysytt\u00e4v\u00e4\u00e4 hyvityksist\u00e4 ja palautuksista.<\/p>","protected":false},"excerpt":{"rendered":"<p>This is a sample page. Overview Our refund and returns policy lasts 30 days. If 30 days have passed since your purchase, we can\u2019t offer you a full refund or exchange. To be eligible for a return, your item must be unused and in the same condition that you received it. It must also be&#8230;<\/p>","protected":false},"author":1,"featured_media":0,"parent":0,"menu_order":0,"comment_status":"closed","ping_status":"closed","template":"","meta":{"inline_featured_image":false,"_kad_blocks_custom_css":"","_kad_blocks_head_custom_js":"","_kad_blocks_body_custom_js":"","_kad_blocks_footer_custom_js":"","_kad_post_transparent":"","_kad_post_title":"","_kad_post_layout":"","_kad_post_sidebar_id":"","_kad_post_content_style":"","_kad_post_vertical_padding":"","_kad_post_feature":"","_kad_post_feature_position":"","_kad_post_header":false,"_kad_post_footer":false,"_kad_post_classname":"","cybocfi_hide_featured_image":"","footnotes":""},"class_list":["post-49039","page","type-page","status-publish","hentry"],"yoast_head":"<!-- This site is optimized with the Yoast SEO Premium plugin v27.4 (Yoast SEO v27.4) - https:\/\/yoast.com\/product\/yoast-seo-premium-wordpress\/ -->\n<title>Refund and Returns Policy - Black Smoke Ltd<\/title>\n<meta name=\"robots\" content=\"index, follow, max-snippet:-1, max-image-preview:large, max-video-preview:-1\" \/>\n<link rel=\"canonical\" href=\"https:\/\/www.blacksmokeracing.com\/fi\/refund_returns\/\" \/>\n<meta property=\"og:locale\" content=\"fi_FI\" \/>\n<meta property=\"og:type\" content=\"article\" \/>\n<meta property=\"og:title\" content=\"Refund and Returns Policy\" \/>\n<meta property=\"og:description\" content=\"This is a sample page. Overview Our refund and returns policy lasts 30 days. If 30 days have passed since your purchase, we can\u2019t offer you a full refund or exchange. To be eligible for a return, your item must be unused and in the same condition that you received it. It must also be...\" \/>\n<meta property=\"og:url\" content=\"https:\/\/www.blacksmokeracing.com\/fi\/refund_returns\/\" \/>\n<meta property=\"og:site_name\" content=\"Black Smoke Ltd\" \/>\n<meta property=\"article:publisher\" content=\"https:\/\/www.facebook.com\/blacksmokeracing\" \/>\n<meta property=\"og:image\" content=\"https:\/\/www.blacksmokeracing.com\/wp-content\/uploads\/2014\/04\/nexteventbg.png\" \/>\n<meta name=\"twitter:card\" content=\"summary_large_image\" \/>\n<meta name=\"twitter:site\" content=\"@BlackSmokeMedia\" \/>\n<meta name=\"twitter:label1\" content=\"Arvioitu lukuaika\" \/>\n\t<meta name=\"twitter:data1\" content=\"3 minuuttia\" \/>\n<script type=\"application\/ld+json\" class=\"yoast-schema-graph\">{\"@context\":\"https:\\\/\\\/schema.org\",\"@graph\":[{\"@type\":\"WebPage\",\"@id\":\"https:\\\/\\\/www.blacksmokeracing.com\\\/refund_returns\\\/\",\"url\":\"https:\\\/\\\/www.blacksmokeracing.com\\\/refund_returns\\\/\",\"name\":\"Refund and Returns Policy - Black Smoke Ltd\",\"isPartOf\":{\"@id\":\"https:\\\/\\\/www.blacksmokeracing.com\\\/#website\"},\"datePublished\":\"2021-09-01T14:38:54+00:00\",\"breadcrumb\":{\"@id\":\"https:\\\/\\\/www.blacksmokeracing.com\\\/refund_returns\\\/#breadcrumb\"},\"inLanguage\":\"fi\",\"potentialAction\":[{\"@type\":\"ReadAction\",\"target\":[\"https:\\\/\\\/www.blacksmokeracing.com\\\/refund_returns\\\/\"]}]},{\"@type\":\"BreadcrumbList\",\"@id\":\"https:\\\/\\\/www.blacksmokeracing.com\\\/refund_returns\\\/#breadcrumb\",\"itemListElement\":[{\"@type\":\"ListItem\",\"position\":1,\"name\":\"Home\",\"item\":\"https:\\\/\\\/www.blacksmokeracing.com\\\/\"},{\"@type\":\"ListItem\",\"position\":2,\"name\":\"Refund and Returns Policy\"}]},{\"@type\":\"WebSite\",\"@id\":\"https:\\\/\\\/www.blacksmokeracing.com\\\/#website\",\"url\":\"https:\\\/\\\/www.blacksmokeracing.com\\\/\",\"name\":\"Black Smoke Ltd\",\"description\":\"Not the most successful drifting team\",\"publisher\":{\"@id\":\"https:\\\/\\\/www.blacksmokeracing.com\\\/#organization\"},\"potentialAction\":[{\"@type\":\"SearchAction\",\"target\":{\"@type\":\"EntryPoint\",\"urlTemplate\":\"https:\\\/\\\/www.blacksmokeracing.com\\\/?s={search_term_string}\"},\"query-input\":{\"@type\":\"PropertyValueSpecification\",\"valueRequired\":true,\"valueName\":\"search_term_string\"}}],\"inLanguage\":\"fi\"},{\"@type\":\"Organization\",\"@id\":\"https:\\\/\\\/www.blacksmokeracing.com\\\/#organization\",\"name\":\"Black Smoke Oy Ltd\",\"url\":\"https:\\\/\\\/www.blacksmokeracing.com\\\/\",\"logo\":{\"@type\":\"ImageObject\",\"inLanguage\":\"fi\",\"@id\":\"https:\\\/\\\/www.blacksmokeracing.com\\\/#\\\/schema\\\/logo\\\/image\\\/\",\"url\":\"https:\\\/\\\/www.blacksmokeracing.com\\\/wp-content\\\/uploads\\\/2017\\\/11\\\/Black-Smoke-Logo.png\",\"contentUrl\":\"https:\\\/\\\/www.blacksmokeracing.com\\\/wp-content\\\/uploads\\\/2017\\\/11\\\/Black-Smoke-Logo.png\",\"width\":319,\"height\":97,\"caption\":\"Black Smoke Oy Ltd\"},\"image\":{\"@id\":\"https:\\\/\\\/www.blacksmokeracing.com\\\/#\\\/schema\\\/logo\\\/image\\\/\"},\"sameAs\":[\"https:\\\/\\\/www.facebook.com\\\/blacksmokeracing\",\"https:\\\/\\\/x.com\\\/BlackSmokeMedia\"]}]}<\/script>\n<!-- \/ Yoast SEO Premium plugin. -->","yoast_head_json":{"title":"Hyvitys- ja palautusk\u00e4yt\u00e4nt\u00f6 - Black Smoke Ltd","robots":{"index":"index","follow":"follow","max-snippet":"max-snippet:-1","max-image-preview":"max-image-preview:large","max-video-preview":"max-video-preview:-1"},"canonical":"https:\/\/www.blacksmokeracing.com\/fi\/refund_returns\/","og_locale":"fi_FI","og_type":"article","og_title":"Refund and Returns Policy","og_description":"This is a sample page. Overview Our refund and returns policy lasts 30 days. If 30 days have passed since your purchase, we can\u2019t offer you a full refund or exchange. To be eligible for a return, your item must be unused and in the same condition that you received it. It must also be...","og_url":"https:\/\/www.blacksmokeracing.com\/fi\/refund_returns\/","og_site_name":"Black Smoke Ltd","article_publisher":"https:\/\/www.facebook.com\/blacksmokeracing","og_image":[{"url":"https:\/\/www.blacksmokeracing.com\/wp-content\/uploads\/2014\/04\/nexteventbg.png","type":"","width":"","height":""}],"twitter_card":"summary_large_image","twitter_site":"@BlackSmokeMedia","twitter_misc":{"Arvioitu lukuaika":"3 minuuttia"},"schema":{"@context":"https:\/\/schema.org","@graph":[{"@type":"WebPage","@id":"https:\/\/www.blacksmokeracing.com\/refund_returns\/","url":"https:\/\/www.blacksmokeracing.com\/refund_returns\/","name":"Hyvitys- ja palautusk\u00e4yt\u00e4nt\u00f6 - Black Smoke Ltd","isPartOf":{"@id":"https:\/\/www.blacksmokeracing.com\/#website"},"datePublished":"2021-09-01T14:38:54+00:00","breadcrumb":{"@id":"https:\/\/www.blacksmokeracing.com\/refund_returns\/#breadcrumb"},"inLanguage":"fi","potentialAction":[{"@type":"ReadAction","target":["https:\/\/www.blacksmokeracing.com\/refund_returns\/"]}]},{"@type":"BreadcrumbList","@id":"https:\/\/www.blacksmokeracing.com\/refund_returns\/#breadcrumb","itemListElement":[{"@type":"ListItem","position":1,"name":"Home","item":"https:\/\/www.blacksmokeracing.com\/"},{"@type":"ListItem","position":2,"name":"Refund and Returns Policy"}]},{"@type":"WebSite","@id":"https:\/\/www.blacksmokeracing.com\/#website","url":"https:\/\/www.blacksmokeracing.com\/","name":"Black Smoke Oy","description":"Not the most successful drifting team","publisher":{"@id":"https:\/\/www.blacksmokeracing.com\/#organization"},"potentialAction":[{"@type":"SearchAction","target":{"@type":"EntryPoint","urlTemplate":"https:\/\/www.blacksmokeracing.com\/?s={search_term_string}"},"query-input":{"@type":"PropertyValueSpecification","valueRequired":true,"valueName":"search_term_string"}}],"inLanguage":"fi"},{"@type":"Organization","@id":"https:\/\/www.blacksmokeracing.com\/#organization","name":"Black Smoke Oy","url":"https:\/\/www.blacksmokeracing.com\/","logo":{"@type":"ImageObject","inLanguage":"fi","@id":"https:\/\/www.blacksmokeracing.com\/#\/schema\/logo\/image\/","url":"https:\/\/www.blacksmokeracing.com\/wp-content\/uploads\/2017\/11\/Black-Smoke-Logo.png","contentUrl":"https:\/\/www.blacksmokeracing.com\/wp-content\/uploads\/2017\/11\/Black-Smoke-Logo.png","width":319,"height":97,"caption":"Black Smoke Oy Ltd"},"image":{"@id":"https:\/\/www.blacksmokeracing.com\/#\/schema\/logo\/image\/"},"sameAs":["https:\/\/www.facebook.com\/blacksmokeracing","https:\/\/x.com\/BlackSmokeMedia"]}]}},"taxonomy_info":[],"featured_image_src_large":false,"author_info":{"display_name":"","author_link":"https:\/\/www.blacksmokeracing.com\/fi\/posts\/author\/"},"comment_info":"","_links":{"self":[{"href":"https:\/\/www.blacksmokeracing.com\/fi\/wp-json\/wp\/v2\/pages\/49039","targetHints":{"allow":["GET"]}}],"collection":[{"href":"https:\/\/www.blacksmokeracing.com\/fi\/wp-json\/wp\/v2\/pages"}],"about":[{"href":"https:\/\/www.blacksmokeracing.com\/fi\/wp-json\/wp\/v2\/types\/page"}],"author":[{"embeddable":true,"href":"https:\/\/www.blacksmokeracing.com\/fi\/wp-json\/wp\/v2\/users\/1"}],"replies":[{"embeddable":true,"href":"https:\/\/www.blacksmokeracing.com\/fi\/wp-json\/wp\/v2\/comments?post=49039"}],"version-history":[{"count":0,"href":"https:\/\/www.blacksmokeracing.com\/fi\/wp-json\/wp\/v2\/pages\/49039\/revisions"}],"wp:attachment":[{"href":"https:\/\/www.blacksmokeracing.com\/fi\/wp-json\/wp\/v2\/media?parent=49039"}],"curies":[{"name":"wp","href":"https:\/\/api.w.org\/{rel}","templated":true}]}}