{"id":2,"date":"2010-09-26T11:05:48","date_gmt":"2010-09-26T11:05:48","guid":{"rendered":"https:\/\/www.blacksmokeracing.com\/?page_id=2"},"modified":"2018-02-01T14:44:46","modified_gmt":"2018-02-01T12:44:46","slug":"about","status":"publish","type":"page","link":"https:\/\/www.blacksmokeracing.com\/fi\/about\/","title":{"rendered":"Noin"},"content":{"rendered":"<p>Black Smoke Racing perustettiin vuonna 2009, kun Teemu Peltola kokeili ensimm\u00e4ist\u00e4 kertaa drifti\u00e4, ensimm\u00e4inen kausi ajettiin vain Suomessa ja X-treme drift haasteessa. Aluksi oli tarkoitus todistaa muille kilpailijoille, ett\u00e4 voit todella menesty\u00e4 dieselautolla ajamisessa. Idea menestyi v\u00e4litt\u00f6m\u00e4sti. Teemu osoittautui erinomaiseksi kuljettajaksi ja voitti ensimm\u00e4isen mestaruuden, johon osallistui. H\u00e4nen kova ajotyylins\u00e4 kiinnitti muiden kilpailijoiden huomion. Valitettavasti Teemu kaatui MB 190D:n (w201) finaalissa.<\/p>\n\n\n<figure id=\"attachment_1110\" aria-describedby=\"caption-attachment-1110\" style=\"width: 852px\" class=\"wp-caption aligncenter\"><a href=\"https:\/\/www.blacksmokeracing.com\/fi\/about\/6128_100394008546_624653546_2212710_5572021_n\/\" rel=\"attachment wp-att-1110\"><img loading=\"lazy\" decoding=\"async\" class=\"size-full wp-image-1110\" title=\"190D\" src=\"https:\/\/www.blacksmokeracing.com\/wp-content\/uploads\/2010\/09\/6128_100394008546_624653546_2212710_5572021_n.jpg\" alt=\"\" width=\"852\" height=\"550\" \/><\/a><figcaption id=\"caption-attachment-1110\" class=\"wp-caption-text\">Ensimm\u00e4inen auto<\/figcaption><\/figure>\n\n\n<p>Kausi 2010 oli viel\u00e4kin suurempi menestys uudella autolla. Ulkomailla osallistuttiin useisiin suuriin tapahtumiin (esimerkiksi Virossa, Ruotsissa, Norjassa, Latviassa ja niin edelleen). Vuosi 2010 oli my\u00f6s vuosi, jolloin aloimme kuvata n\u00e4it\u00e4 tapahtumia ja julkaista videoita Youtubessa. Videot saivat paljon huomiota ja julkaistiin useilla eritt\u00e4in suurilla verkkosivustoilla maailmanlaajuisesti (topgear.com, Autoblog.com, driftworks.com ja niin edelleen). Katsojam\u00e4\u00e4r\u00e4t kasvoivat t\u00e4n\u00e4 vuonna nopeasti ja vuoden 2010 loppuun menness\u00e4 meill\u00e4 oli 200 000 katselukertaa pelk\u00e4st\u00e4\u00e4n omilla videoillamme. Teemu sijoittui t\u00e4n\u00e4 vuonna x\u2010treme pro sarjan mestaruussarjassa 2010 kolmanneksi. T\u00e4n\u00e4 vuonna lanseerattiin my\u00f6s Facebook-\u2010ryhm\u00e4 ja nettisivut, joilla on nyt paljon faneja.<img decoding=\"async\" class=\"aligncenter\" src=\"https:\/\/www.blacksmokeracing.com\/wp-content\/uploads\/2010\/09\/40788_146624882031661_118071674886982_366266_3916526_n.jpg\" alt=\"\" \/><\/p>\n\n\n<p>Toinen auto<\/p>\n\n\n\n<p>Yll\u00e4 olevan kuvan auto (w123) valmistettiin ensimm\u00e4isen kerran vuonna 2010 ja sit\u00e4 on k\u00e4ytetty uudelleen sek\u00e4 2011 ett\u00e4 2012.<\/p>\n\n\n<div class=\"wp-block-image\">\n<figure class=\"aligncenter\"><img decoding=\"async\" src=\"https:\/\/www.blacksmokeracing.com\/wp-content\/uploads\/2010\/09\/40788_146624882031661_118071674886982_366266_3916526_n.jpg\" alt=\"\" \/><\/figure>\n<\/div>\n\n\n<p>2012 oli legendaarinen, tapasimme paljon mielenkiintoisia ihmisi\u00e4 ja t\u00e4m\u00e4 oli my\u00f6s ensimm\u00e4inen vuosi Monster Energyn kanssa. L\u00e4hes jokaisesta tapahtumasta l\u00f6ytyy videoita, katso ne blacksmoketubesta.<\/p>\n\n\n\n<p>Osallistunut tapahtumiin ja joitakin tuloksia vuodesta 2012;<\/p>\n\n\n\n<ul class=\"wp-block-list\">\n    <li>DHB \u2013 Tanska 1.\u20133. kes\u00e4kuuta \u2013 toinen sija<\/li>\n    <li>NEZ:n kierros 1 \u2013 Gardermoen, Norja 8.-10. kes\u00e4kuuta<\/li>\n    <li>Gatebil \u2013 Mantorp 15. \u2013 17. kes\u00e4kuuta \u2013 7. sija<\/li>\n    <li>G\u00f6teborg \u2013 Tie gatebiliin, City Ring \u2013 hein\u00e4kuu<\/li>\n    <li>Gatebil \u2013 Rudskogen \u2013 hein\u00e4kuu<\/li>\n    <li>Bilsport Action Meet \u2013 elokuu<\/li>\n    <li>Epua Drift \u2013 Sein\u00e4joki, Suomi 25.8 \u2013 VOITO<\/li>\n    <li>NEZ:n kierros 2 \u2013 Riika, Latvia, 16 parasta<\/li>\n<\/ul>\n\n\n\n<h4 class=\"wp-block-heading\"><a href=\"https:\/\/www.blacksmokeracing.com\/wp-content\/uploads\/dynoday-1.jpg\"><\/a> <a href=\"https:\/\/www.blacksmokeracing.com\/wp-content\/uploads\/dynoday-1-2.jpg\"><\/a> <a href=\"https:\/\/www.blacksmokeracing.com\/wp-content\/uploads\/dynoday-1-3.jpg\"><\/a>2013 \u2013 Uusi auto \u2013 Uusi kulkuneuvo \u2013 Uusia mahdollisuuksia!<\/h4>\n\n\n\n<p>Lyhyt yhteenveto vuodesta 2013.<\/p>\n\n\n\n<p>Vuonna 2013 aloitimme Kemorassa testaamalla uutta autoa, vaihteistoongelmia ja rikkin\u00e4ist\u00e4 vetoakselia Teemu kilpaili Time attackissa :D. Kemoran j\u00e4lkeen teimme eeppisen matkan aina Walesiin ja takaisin. Ensin Tanska ja DHB, jotka Teemu onnistui voittamaan! T\u00e4m\u00e4n j\u00e4lkeen suuntasimme Walesiin BDC rd:lle. 1, j\u00e4lleen siirtoongelmia. Teemu putosi 8 parhaan joukkoon, kun auto ei vaihtanut yl\u00f6s. Seuraavana oli Gatebil, Mantorp Ruotsissa. Emme saaneet paljoa j\u00e4ljitysaikaa, moottori ei toiminut hyvin\u2026<\/p>\n\n\n\n<p>Seuraa meit\u00e4 Facebookissa, Twitteriss\u00e4, Instagramissa ja verkkosivuillamme saadaksesi p\u00e4ivityksi\u00e4!<\/p>\n\n\n\n<h2 class=\"wp-block-heading\">2015 \u2013 OM648 ja CDI!<\/h2>\n\n\n\n<p>\u00a0 Lue lis\u00e4\u00e4 blogista!<\/p>","protected":false},"excerpt":{"rendered":"<p>Black Smoke Racing was founded in 2009 when Teemu Peltola for the first time tried out drifting, the first season was driven only in Finland and in X-treme drift challenge. At first it was all about proving the other competitors that you really can succeed driving a diesel car. The idea was an immediate success&#8230;.<\/p>","protected":false},"author":2,"featured_media":0,"parent":0,"menu_order":23,"comment_status":"closed","ping_status":"closed","template":"","meta":{"inline_featured_image":false,"_kad_blocks_custom_css":"","_kad_blocks_head_custom_js":"","_kad_blocks_body_custom_js":"","_kad_blocks_footer_custom_js":"","_kad_post_transparent":"","_kad_post_title":"","_kad_post_layout":"","_kad_post_sidebar_id":"","_kad_post_content_style":"","_kad_post_vertical_padding":"","_kad_post_feature":"","_kad_post_feature_position":"","_kad_post_header":false,"_kad_post_footer":false,"_kad_post_classname":"","cybocfi_hide_featured_image":"","footnotes":""},"class_list":["post-2","page","type-page","status-publish","hentry"],"yoast_head":"<!-- This site is optimized with the Yoast SEO Premium plugin v27.3 (Yoast SEO v27.3) - https:\/\/yoast.com\/product\/yoast-seo-premium-wordpress\/ -->\n<title>About - Black Smoke Ltd<\/title>\n<meta name=\"robots\" content=\"index, follow, max-snippet:-1, max-image-preview:large, max-video-preview:-1\" \/>\n<link rel=\"canonical\" href=\"https:\/\/www.blacksmokeracing.com\/fi\/about\/\" \/>\n<meta property=\"og:locale\" content=\"fi_FI\" \/>\n<meta property=\"og:type\" content=\"article\" \/>\n<meta property=\"og:title\" content=\"About\" \/>\n<meta property=\"og:description\" content=\"Black Smoke Racing was founded in 2009 when Teemu Peltola for the first time tried out drifting, the first season was driven only in Finland and in X-treme drift challenge. At first it was all about proving the other competitors that you really can succeed driving a diesel car. The idea was an immediate success....\" \/>\n<meta property=\"og:url\" content=\"https:\/\/www.blacksmokeracing.com\/fi\/about\/\" \/>\n<meta property=\"og:site_name\" content=\"Black Smoke Ltd\" \/>\n<meta property=\"article:publisher\" content=\"https:\/\/www.facebook.com\/blacksmokeracing\" \/>\n<meta property=\"article:modified_time\" content=\"2018-02-01T12:44:46+00:00\" \/>\n<meta property=\"og:image\" content=\"https:\/\/www.blacksmokeracing.com\/wp-content\/uploads\/2010\/09\/6128_100394008546_624653546_2212710_5572021_n.jpg\" \/>\n<meta name=\"twitter:card\" content=\"summary_large_image\" \/>\n<meta name=\"twitter:site\" content=\"@BlackSmokeMedia\" \/>\n<meta name=\"twitter:label1\" content=\"Arvioitu lukuaika\" \/>\n\t<meta name=\"twitter:data1\" content=\"2 minuuttia\" \/>\n<script type=\"application\/ld+json\" class=\"yoast-schema-graph\">{\"@context\":\"https:\\\/\\\/schema.org\",\"@graph\":[{\"@type\":\"WebPage\",\"@id\":\"https:\\\/\\\/www.blacksmokeracing.com\\\/about\\\/\",\"url\":\"https:\\\/\\\/www.blacksmokeracing.com\\\/about\\\/\",\"name\":\"About - Black Smoke Ltd\",\"isPartOf\":{\"@id\":\"https:\\\/\\\/www.blacksmokeracing.com\\\/#website\"},\"primaryImageOfPage\":{\"@id\":\"https:\\\/\\\/www.blacksmokeracing.com\\\/about\\\/#primaryimage\"},\"image\":{\"@id\":\"https:\\\/\\\/www.blacksmokeracing.com\\\/about\\\/#primaryimage\"},\"thumbnailUrl\":\"https:\\\/\\\/www.blacksmokeracing.com\\\/wp-content\\\/uploads\\\/2010\\\/09\\\/6128_100394008546_624653546_2212710_5572021_n.jpg\",\"datePublished\":\"2010-09-26T11:05:48+00:00\",\"dateModified\":\"2018-02-01T12:44:46+00:00\",\"breadcrumb\":{\"@id\":\"https:\\\/\\\/www.blacksmokeracing.com\\\/about\\\/#breadcrumb\"},\"inLanguage\":\"fi\",\"potentialAction\":[{\"@type\":\"ReadAction\",\"target\":[\"https:\\\/\\\/www.blacksmokeracing.com\\\/about\\\/\"]}]},{\"@type\":\"ImageObject\",\"inLanguage\":\"fi\",\"@id\":\"https:\\\/\\\/www.blacksmokeracing.com\\\/about\\\/#primaryimage\",\"url\":\"https:\\\/\\\/www.blacksmokeracing.com\\\/wp-content\\\/uploads\\\/2010\\\/09\\\/6128_100394008546_624653546_2212710_5572021_n.jpg\",\"contentUrl\":\"https:\\\/\\\/www.blacksmokeracing.com\\\/wp-content\\\/uploads\\\/2010\\\/09\\\/6128_100394008546_624653546_2212710_5572021_n.jpg\"},{\"@type\":\"BreadcrumbList\",\"@id\":\"https:\\\/\\\/www.blacksmokeracing.com\\\/about\\\/#breadcrumb\",\"itemListElement\":[{\"@type\":\"ListItem\",\"position\":1,\"name\":\"Home\",\"item\":\"https:\\\/\\\/www.blacksmokeracing.com\\\/\"},{\"@type\":\"ListItem\",\"position\":2,\"name\":\"About\"}]},{\"@type\":\"WebSite\",\"@id\":\"https:\\\/\\\/www.blacksmokeracing.com\\\/#website\",\"url\":\"https:\\\/\\\/www.blacksmokeracing.com\\\/\",\"name\":\"Black Smoke Ltd\",\"description\":\"Not the most successful drifting team\",\"publisher\":{\"@id\":\"https:\\\/\\\/www.blacksmokeracing.com\\\/#organization\"},\"potentialAction\":[{\"@type\":\"SearchAction\",\"target\":{\"@type\":\"EntryPoint\",\"urlTemplate\":\"https:\\\/\\\/www.blacksmokeracing.com\\\/?s={search_term_string}\"},\"query-input\":{\"@type\":\"PropertyValueSpecification\",\"valueRequired\":true,\"valueName\":\"search_term_string\"}}],\"inLanguage\":\"fi\"},{\"@type\":\"Organization\",\"@id\":\"https:\\\/\\\/www.blacksmokeracing.com\\\/#organization\",\"name\":\"Black Smoke Oy Ltd\",\"url\":\"https:\\\/\\\/www.blacksmokeracing.com\\\/\",\"logo\":{\"@type\":\"ImageObject\",\"inLanguage\":\"fi\",\"@id\":\"https:\\\/\\\/www.blacksmokeracing.com\\\/#\\\/schema\\\/logo\\\/image\\\/\",\"url\":\"https:\\\/\\\/www.blacksmokeracing.com\\\/wp-content\\\/uploads\\\/2017\\\/11\\\/Black-Smoke-Logo.png\",\"contentUrl\":\"https:\\\/\\\/www.blacksmokeracing.com\\\/wp-content\\\/uploads\\\/2017\\\/11\\\/Black-Smoke-Logo.png\",\"width\":319,\"height\":97,\"caption\":\"Black Smoke Oy Ltd\"},\"image\":{\"@id\":\"https:\\\/\\\/www.blacksmokeracing.com\\\/#\\\/schema\\\/logo\\\/image\\\/\"},\"sameAs\":[\"https:\\\/\\\/www.facebook.com\\\/blacksmokeracing\",\"https:\\\/\\\/x.com\\\/BlackSmokeMedia\"]}]}<\/script>\n<!-- \/ Yoast SEO Premium plugin. -->","yoast_head_json":{"title":"Tietoja - Black Smoke Ltd","robots":{"index":"index","follow":"follow","max-snippet":"max-snippet:-1","max-image-preview":"max-image-preview:large","max-video-preview":"max-video-preview:-1"},"canonical":"https:\/\/www.blacksmokeracing.com\/fi\/about\/","og_locale":"fi_FI","og_type":"article","og_title":"About","og_description":"Black Smoke Racing was founded in 2009 when Teemu Peltola for the first time tried out drifting, the first season was driven only in Finland and in X-treme drift challenge. At first it was all about proving the other competitors that you really can succeed driving a diesel car. The idea was an immediate success....","og_url":"https:\/\/www.blacksmokeracing.com\/fi\/about\/","og_site_name":"Black Smoke Ltd","article_publisher":"https:\/\/www.facebook.com\/blacksmokeracing","article_modified_time":"2018-02-01T12:44:46+00:00","og_image":[{"url":"https:\/\/www.blacksmokeracing.com\/wp-content\/uploads\/2010\/09\/6128_100394008546_624653546_2212710_5572021_n.jpg","type":"","width":"","height":""}],"twitter_card":"summary_large_image","twitter_site":"@BlackSmokeMedia","twitter_misc":{"Arvioitu lukuaika":"2 minuuttia"},"schema":{"@context":"https:\/\/schema.org","@graph":[{"@type":"WebPage","@id":"https:\/\/www.blacksmokeracing.com\/about\/","url":"https:\/\/www.blacksmokeracing.com\/about\/","name":"Tietoja - Black Smoke Ltd","isPartOf":{"@id":"https:\/\/www.blacksmokeracing.com\/#website"},"primaryImageOfPage":{"@id":"https:\/\/www.blacksmokeracing.com\/about\/#primaryimage"},"image":{"@id":"https:\/\/www.blacksmokeracing.com\/about\/#primaryimage"},"thumbnailUrl":"https:\/\/www.blacksmokeracing.com\/wp-content\/uploads\/2010\/09\/6128_100394008546_624653546_2212710_5572021_n.jpg","datePublished":"2010-09-26T11:05:48+00:00","dateModified":"2018-02-01T12:44:46+00:00","breadcrumb":{"@id":"https:\/\/www.blacksmokeracing.com\/about\/#breadcrumb"},"inLanguage":"fi","potentialAction":[{"@type":"ReadAction","target":["https:\/\/www.blacksmokeracing.com\/about\/"]}]},{"@type":"ImageObject","inLanguage":"fi","@id":"https:\/\/www.blacksmokeracing.com\/about\/#primaryimage","url":"https:\/\/www.blacksmokeracing.com\/wp-content\/uploads\/2010\/09\/6128_100394008546_624653546_2212710_5572021_n.jpg","contentUrl":"https:\/\/www.blacksmokeracing.com\/wp-content\/uploads\/2010\/09\/6128_100394008546_624653546_2212710_5572021_n.jpg"},{"@type":"BreadcrumbList","@id":"https:\/\/www.blacksmokeracing.com\/about\/#breadcrumb","itemListElement":[{"@type":"ListItem","position":1,"name":"Home","item":"https:\/\/www.blacksmokeracing.com\/"},{"@type":"ListItem","position":2,"name":"About"}]},{"@type":"WebSite","@id":"https:\/\/www.blacksmokeracing.com\/#website","url":"https:\/\/www.blacksmokeracing.com\/","name":"Black Smoke Oy","description":"Not the most successful drifting team","publisher":{"@id":"https:\/\/www.blacksmokeracing.com\/#organization"},"potentialAction":[{"@type":"SearchAction","target":{"@type":"EntryPoint","urlTemplate":"https:\/\/www.blacksmokeracing.com\/?s={search_term_string}"},"query-input":{"@type":"PropertyValueSpecification","valueRequired":true,"valueName":"search_term_string"}}],"inLanguage":"fi"},{"@type":"Organization","@id":"https:\/\/www.blacksmokeracing.com\/#organization","name":"Black Smoke Oy","url":"https:\/\/www.blacksmokeracing.com\/","logo":{"@type":"ImageObject","inLanguage":"fi","@id":"https:\/\/www.blacksmokeracing.com\/#\/schema\/logo\/image\/","url":"https:\/\/www.blacksmokeracing.com\/wp-content\/uploads\/2017\/11\/Black-Smoke-Logo.png","contentUrl":"https:\/\/www.blacksmokeracing.com\/wp-content\/uploads\/2017\/11\/Black-Smoke-Logo.png","width":319,"height":97,"caption":"Black Smoke Oy Ltd"},"image":{"@id":"https:\/\/www.blacksmokeracing.com\/#\/schema\/logo\/image\/"},"sameAs":["https:\/\/www.facebook.com\/blacksmokeracing","https:\/\/x.com\/BlackSmokeMedia"]}]}},"taxonomy_info":[],"featured_image_src_large":false,"author_info":{"display_name":"Joni Uunila","author_link":"https:\/\/www.blacksmokeracing.com\/fi\/posts\/author\/joni\/"},"comment_info":"","_links":{"self":[{"href":"https:\/\/www.blacksmokeracing.com\/fi\/wp-json\/wp\/v2\/pages\/2","targetHints":{"allow":["GET"]}}],"collection":[{"href":"https:\/\/www.blacksmokeracing.com\/fi\/wp-json\/wp\/v2\/pages"}],"about":[{"href":"https:\/\/www.blacksmokeracing.com\/fi\/wp-json\/wp\/v2\/types\/page"}],"author":[{"embeddable":true,"href":"https:\/\/www.blacksmokeracing.com\/fi\/wp-json\/wp\/v2\/users\/2"}],"replies":[{"embeddable":true,"href":"https:\/\/www.blacksmokeracing.com\/fi\/wp-json\/wp\/v2\/comments?post=2"}],"version-history":[{"count":0,"href":"https:\/\/www.blacksmokeracing.com\/fi\/wp-json\/wp\/v2\/pages\/2\/revisions"}],"wp:attachment":[{"href":"https:\/\/www.blacksmokeracing.com\/fi\/wp-json\/wp\/v2\/media?parent=2"}],"curies":[{"name":"wp","href":"https:\/\/api.w.org\/{rel}","templated":true}]}}