{"id":1378,"date":"2012-04-03T14:22:56","date_gmt":"2012-04-03T14:22:56","guid":{"rendered":"https:\/\/www.blacksmokeracing.com\/?page_id=1378"},"modified":"2015-11-26T12:40:14","modified_gmt":"2015-11-26T10:40:14","slug":"the-diesel-drifter-2012-setup","status":"publish","type":"page","link":"https:\/\/www.blacksmokeracing.com\/fi\/about\/the-diesel-drifter-2012-setup\/","title":{"rendered":"Diesel Drifter, viimeinen 2012 asennus"},"content":{"rendered":"<h2><span style=\"color: #333333;\"><strong>Mercedes W123 Wagon -81 2012 asennus. Noin 600 hv &amp; 1000 Nm ilman NO - Nyt el\u00e4kkeell\u00e4.<\/strong><\/span><\/h2>\n<p><span style=\"color: #333333;\"><a href=\"https:\/\/www.blacksmokeracing.com\/wp-content\/uploads\/2012\/04\/MG_0517.png\"><span style=\"color: #333333;\"><img loading=\"lazy\" decoding=\"async\" class=\"wp-image-1965 size-full aligncenter\" src=\"https:\/\/www.blacksmokeracing.com\/wp-content\/uploads\/2012\/04\/MG_0517.png\" alt=\"\" width=\"940\" height=\"285\" srcset=\"https:\/\/www.blacksmokeracing.com\/wp-content\/uploads\/2012\/04\/MG_0517.png 940w, https:\/\/www.blacksmokeracing.com\/wp-content\/uploads\/2012\/04\/MG_0517-64x19.png 64w, https:\/\/www.blacksmokeracing.com\/wp-content\/uploads\/2012\/04\/MG_0517-585x177.png 585w\" sizes=\"auto, (max-width: 940px) 100vw, 940px\" \/><\/span><\/a><\/span><\/p>\n<p><span style=\"color: #333333;\"><strong>Chassi<\/strong><\/span><\/p>\n<p><span style=\"color: #333333;\"><em>Runko on periaatteessa sama kuin vuonna 2011, se on suoristettu ja olemme vaihtaneet pari ruumiinosia. Auto my\u00f6s maalataan ennen kauden alkua. Suurimmat muutokset ovat uusi ohjaus ja mukautettu alusta. Uusi alusta ja ohjaus antavat meille tasapainoisemman auton ja helpottavat huomattavasti ajamista.<\/em><\/span><\/p>\n<p><span style=\"color: #333333;\">BIGEM mukautetut alustasarjat.<\/span><\/p>\n<p><span style=\"color: #333333;\">TS-mekanin turvah\u00e4kki<\/span><\/p>\n<p><span style=\"color: #333333;\">Taka- ja etuakselit Toyota Aristolta<\/span><\/p>\n<p><span style=\"color: #333333;\">Mittatilausty\u00f6n\u00e4 valmistettu ohjaus, joka on valmistettu Mercedes-, Volvo-, Toyota- ja r\u00e4\u00e4t\u00e4l\u00f6idyist\u00e4 osista, mik\u00e4 antaa 62 asteen ohjauskulman.<\/span><\/p>\n<p><span style=\"color: #333333;\"><a href=\"https:\/\/www.blacksmokeracing.com\/fi\/working-on-the-engine\/blockostaka\/\" rel=\"attachment wp-att-1219\"><span style=\"color: #333333;\"><img loading=\"lazy\" decoding=\"async\" class=\"wp-image-1219 size-full aligncenter\" title=\"moottori\" src=\"https:\/\/www.blacksmokeracing.com\/wp-content\/uploads\/2012\/03\/blockostaka.jpg\" alt=\"\" width=\"4548\" height=\"2706\" srcset=\"https:\/\/www.blacksmokeracing.com\/wp-content\/uploads\/2012\/03\/blockostaka.jpg 2560w, https:\/\/www.blacksmokeracing.com\/wp-content\/uploads\/2012\/03\/blockostaka-64x38.jpg 64w, https:\/\/www.blacksmokeracing.com\/wp-content\/uploads\/2012\/03\/blockostaka-585x348.jpg 585w, https:\/\/www.blacksmokeracing.com\/wp-content\/uploads\/2012\/03\/blockostaka-1170x696.jpg 1170w\" sizes=\"auto, (max-width: 4548px) 100vw, 4548px\" \/><\/span><\/a><\/span><\/p>\n<p><span style=\"color: #333333;\"><strong>Moottori<\/strong><\/span><\/p>\n<p><span style=\"color: #333333;\">3,0 litraa, 24 venttiili\u00e4, OM606 -98 Mercedes-turbodieselmoottori.<\/span><\/p>\n<p><span style=\"color: #333333;\"><em>Talven aikana koko moottori on uusittu uusilla osilla. Ville Herlevi vastaa lohkosta ja kokoonpanosta uusilla nuolesta ja modifioiduilla m\u00e4nnill\u00e4.<\/em><\/span><\/p>\n<p><span style=\"color: #333333;\">Mukautettu pakosarja<\/span><\/p>\n<p><span style=\"color: #333333;\">Kompressori \u2013 Eaton MP90.<\/span><\/p>\n<p><span style=\"color: #333333;\">Holset HX52 modifioitu LSD-turbolla.<\/span><\/p>\n<p><span style=\"color: #333333;\">Myn\u00e4dieselin dieselpumppu (kuva alla)<\/span><\/p>\n<p><span style=\"color: #333333;\">Itse tehty v\u00e4lij\u00e4\u00e4hdytin \u2013 Suuri malli<\/span><\/p>\n<p><span style=\"color: #333333;\">\u00d6ljyj\u00e4\u00e4hdytin<\/span><\/p>\n<p><span style=\"color: #333333;\">Veden ruiskutus \u2013 DevilsOwn alkoholiruiskutussarja<\/span><\/p>\n<p><span style=\"color: #333333;\">J\u00e4\u00e4hdytin siirretty takakonttiin.<\/span><\/p>\n<p><span style=\"color: #333333;\">\u00a0<\/span><\/p>\n<p><span style=\"color: #333333;\">\u00a0<\/span><\/p>\n<p><span style=\"color: #333333;\"><a href=\"https:\/\/www.blacksmokeracing.com\/wp-content\/uploads\/2012\/04\/About-mynadiesel-pumppu.jpg\"><span style=\"color: #333333;\"><img loading=\"lazy\" decoding=\"async\" class=\"aligncenter wp-image-2380 size-full\" src=\"https:\/\/www.blacksmokeracing.com\/wp-content\/uploads\/2012\/04\/About-mynadiesel-pumppu.jpg\" alt=\"\" width=\"1000\" height=\"575\" srcset=\"https:\/\/www.blacksmokeracing.com\/wp-content\/uploads\/2012\/04\/About-mynadiesel-pumppu.jpg 1000w, https:\/\/www.blacksmokeracing.com\/wp-content\/uploads\/2012\/04\/About-mynadiesel-pumppu-64x37.jpg 64w, https:\/\/www.blacksmokeracing.com\/wp-content\/uploads\/2012\/04\/About-mynadiesel-pumppu-585x336.jpg 585w\" sizes=\"auto, (max-width: 1000px) 100vw, 1000px\" \/><\/span><\/a><img loading=\"lazy\" decoding=\"async\" class=\"wp-image-452 size-large aligncenter\" title=\"vaihdelaatikko 1\" src=\"https:\/\/www.blacksmokeracing.com\/wp-content\/uploads\/2010\/12\/gearbox1-1053x621.jpg\" alt=\"\" width=\"1053\" height=\"621\" \/><\/span><\/p>\n<p><span style=\"color: #333333;\"><strong>Voimansiirto<\/strong><\/span><\/p>\n<p><span style=\"color: #333333;\">Vaihteisto, Modifioitu Automaattinen Mercedes AMG E55 Vaihteisto<\/span><\/p>\n<p><span style=\"color: #333333;\">Taka- ja etuakselit Toyota Aristolta<\/span><\/p>\n<p><span style=\"color: #333333;\"><a href=\"https:\/\/www.blacksmokeracing.com\/fi\/about\/gear\/25254_103291839701452_100000619087186_88578_3324787_n\/\" rel=\"attachment wp-att-103\"><span style=\"color: #333333;\"><img loading=\"lazy\" decoding=\"async\" class=\"aligncenter wp-image-103 size-full\" title=\"25254_103291839701452_100000619087186_88578_3324787_n\" src=\"https:\/\/www.blacksmokeracing.com\/wp-content\/uploads\/2010\/10\/25254_103291839701452_100000619087186_88578_3324787_n.jpg\" alt=\"\" width=\"720\" height=\"478\" srcset=\"https:\/\/www.blacksmokeracing.com\/wp-content\/uploads\/2010\/10\/25254_103291839701452_100000619087186_88578_3324787_n.jpg 720w, https:\/\/www.blacksmokeracing.com\/wp-content\/uploads\/2010\/10\/25254_103291839701452_100000619087186_88578_3324787_n-64x42.jpg 64w, https:\/\/www.blacksmokeracing.com\/wp-content\/uploads\/2010\/10\/25254_103291839701452_100000619087186_88578_3324787_n-585x388.jpg 585w\" sizes=\"auto, (max-width: 720px) 100vw, 720px\" \/><\/span><\/a><\/span><\/p>\n<p>&nbsp;<\/p>\n<p><span style=\"color: #333333;\"><strong>Sisustus<\/strong><\/span><\/p>\n<p><span style=\"color: #333333;\">Varastossa oleva kojelauta \u00f6ljynpainemittarilla jne.<\/span><\/p>\n<p><span style=\"color: #333333;\">Hydraulinen k\u00e4sijarru<\/span><\/p>\n<p><span style=\"color: #333333;\">Alumiininen polttoaines\u00e4ili\u00f6<\/span><\/p>\n<p><span style=\"color: #333333;\">Alumiininen ilmanotto ja j\u00e4\u00e4hdytyslaatikko<\/span><\/p>\n<p><span style=\"color: #333333;\">Vesis\u00e4ili\u00f6!<\/span><\/p>","protected":false},"excerpt":{"rendered":"<p>Mercedes W123 wagon -81 2012 setup. Approx 600hp &amp; 1000Nm with NO &#8211; Now retired. Chassi The\u00a0body\u00a0i basically the same as in 2011, it is\u00a0straightened and we have\u00a0changed\u00a0a couple of body parts. The car will also be repainted before the season starts. Biggest changes are the new\u00a0steering\u00a0and custom adjusted chassis. The new\u00a0chassis\u00a0and\u00a0steering\u00a0will give us a&#8230;<\/p>","protected":false},"author":2,"featured_media":1334,"parent":2,"menu_order":19,"comment_status":"open","ping_status":"open","template":"","meta":{"inline_featured_image":false,"_kad_blocks_custom_css":"","_kad_blocks_head_custom_js":"","_kad_blocks_body_custom_js":"","_kad_blocks_footer_custom_js":"","_kad_post_transparent":"","_kad_post_title":"","_kad_post_layout":"","_kad_post_sidebar_id":"","_kad_post_content_style":"","_kad_post_vertical_padding":"","_kad_post_feature":"","_kad_post_feature_position":"","_kad_post_header":false,"_kad_post_footer":false,"_kad_post_classname":"","cybocfi_hide_featured_image":"","footnotes":""},"class_list":["post-1378","page","type-page","status-publish","has-post-thumbnail","hentry"],"yoast_head":"<!-- This site is optimized with the Yoast SEO Premium plugin v27.5 (Yoast SEO v27.5) - https:\/\/yoast.com\/product\/yoast-seo-premium-wordpress\/ -->\n<title>The diesel drifter, final 2012 setup - Black Smoke Ltd<\/title>\n<meta name=\"robots\" content=\"index, follow, max-snippet:-1, max-image-preview:large, max-video-preview:-1\" \/>\n<link rel=\"canonical\" href=\"https:\/\/www.blacksmokeracing.com\/fi\/about\/the-diesel-drifter-2012-setup\/\" \/>\n<meta property=\"og:locale\" content=\"fi_FI\" \/>\n<meta property=\"og:type\" content=\"article\" \/>\n<meta property=\"og:title\" content=\"The diesel drifter, final 2012 setup\" \/>\n<meta property=\"og:description\" content=\"Mercedes W123 wagon -81 2012 setup. Approx 600hp &amp; 1000Nm with NO &#8211; Now retired. Chassi The\u00a0body\u00a0i basically the same as in 2011, it is\u00a0straightened and we have\u00a0changed\u00a0a couple of body parts. The car will also be repainted before the season starts. Biggest changes are the new\u00a0steering\u00a0and custom adjusted chassis. The new\u00a0chassis\u00a0and\u00a0steering\u00a0will give us a...\" \/>\n<meta property=\"og:url\" content=\"https:\/\/www.blacksmokeracing.com\/fi\/about\/the-diesel-drifter-2012-setup\/\" \/>\n<meta property=\"og:site_name\" content=\"Black Smoke Ltd\" \/>\n<meta property=\"article:publisher\" content=\"https:\/\/www.facebook.com\/blacksmokeracing\" \/>\n<meta property=\"article:modified_time\" content=\"2015-11-26T10:40:14+00:00\" \/>\n<meta property=\"og:image\" content=\"https:\/\/www.blacksmokeracing.com\/wp-content\/uploads\/2012\/03\/2012-03-22-18.46.221.jpg\" \/>\n\t<meta property=\"og:image:width\" content=\"2048\" \/>\n\t<meta property=\"og:image:height\" content=\"1536\" \/>\n\t<meta property=\"og:image:type\" content=\"image\/jpeg\" \/>\n<meta name=\"twitter:card\" content=\"summary_large_image\" \/>\n<meta name=\"twitter:site\" content=\"@BlackSmokeMedia\" \/>\n<meta name=\"twitter:label1\" content=\"Arvioitu lukuaika\" \/>\n\t<meta name=\"twitter:data1\" content=\"1 minuutti\" \/>\n<script type=\"application\/ld+json\" class=\"yoast-schema-graph\">{\"@context\":\"https:\\\/\\\/schema.org\",\"@graph\":[{\"@type\":\"WebPage\",\"@id\":\"https:\\\/\\\/www.blacksmokeracing.com\\\/about\\\/the-diesel-drifter-2012-setup\\\/\",\"url\":\"https:\\\/\\\/www.blacksmokeracing.com\\\/about\\\/the-diesel-drifter-2012-setup\\\/\",\"name\":\"The diesel drifter, final 2012 setup - Black Smoke Ltd\",\"isPartOf\":{\"@id\":\"https:\\\/\\\/www.blacksmokeracing.com\\\/#website\"},\"primaryImageOfPage\":{\"@id\":\"https:\\\/\\\/www.blacksmokeracing.com\\\/about\\\/the-diesel-drifter-2012-setup\\\/#primaryimage\"},\"image\":{\"@id\":\"https:\\\/\\\/www.blacksmokeracing.com\\\/about\\\/the-diesel-drifter-2012-setup\\\/#primaryimage\"},\"thumbnailUrl\":\"https:\\\/\\\/www.blacksmokeracing.com\\\/wp-content\\\/uploads\\\/2012\\\/03\\\/2012-03-22-18.46.221.jpg\",\"datePublished\":\"2012-04-03T14:22:56+00:00\",\"dateModified\":\"2015-11-26T10:40:14+00:00\",\"breadcrumb\":{\"@id\":\"https:\\\/\\\/www.blacksmokeracing.com\\\/about\\\/the-diesel-drifter-2012-setup\\\/#breadcrumb\"},\"inLanguage\":\"fi\",\"potentialAction\":[{\"@type\":\"ReadAction\",\"target\":[\"https:\\\/\\\/www.blacksmokeracing.com\\\/about\\\/the-diesel-drifter-2012-setup\\\/\"]}]},{\"@type\":\"ImageObject\",\"inLanguage\":\"fi\",\"@id\":\"https:\\\/\\\/www.blacksmokeracing.com\\\/about\\\/the-diesel-drifter-2012-setup\\\/#primaryimage\",\"url\":\"https:\\\/\\\/www.blacksmokeracing.com\\\/wp-content\\\/uploads\\\/2012\\\/03\\\/2012-03-22-18.46.221.jpg\",\"contentUrl\":\"https:\\\/\\\/www.blacksmokeracing.com\\\/wp-content\\\/uploads\\\/2012\\\/03\\\/2012-03-22-18.46.221.jpg\",\"width\":2048,\"height\":1536,\"caption\":\"Closeup OM606 Valve seatings\"},{\"@type\":\"BreadcrumbList\",\"@id\":\"https:\\\/\\\/www.blacksmokeracing.com\\\/about\\\/the-diesel-drifter-2012-setup\\\/#breadcrumb\",\"itemListElement\":[{\"@type\":\"ListItem\",\"position\":1,\"name\":\"Home\",\"item\":\"https:\\\/\\\/www.blacksmokeracing.com\\\/\"},{\"@type\":\"ListItem\",\"position\":2,\"name\":\"About\",\"item\":\"https:\\\/\\\/www.blacksmokeracing.com\\\/about\\\/\"},{\"@type\":\"ListItem\",\"position\":3,\"name\":\"The diesel drifter, final 2012 setup\"}]},{\"@type\":\"WebSite\",\"@id\":\"https:\\\/\\\/www.blacksmokeracing.com\\\/#website\",\"url\":\"https:\\\/\\\/www.blacksmokeracing.com\\\/\",\"name\":\"Black Smoke Ltd\",\"description\":\"Not the most successful drifting team\",\"publisher\":{\"@id\":\"https:\\\/\\\/www.blacksmokeracing.com\\\/#organization\"},\"potentialAction\":[{\"@type\":\"SearchAction\",\"target\":{\"@type\":\"EntryPoint\",\"urlTemplate\":\"https:\\\/\\\/www.blacksmokeracing.com\\\/?s={search_term_string}\"},\"query-input\":{\"@type\":\"PropertyValueSpecification\",\"valueRequired\":true,\"valueName\":\"search_term_string\"}}],\"inLanguage\":\"fi\"},{\"@type\":\"Organization\",\"@id\":\"https:\\\/\\\/www.blacksmokeracing.com\\\/#organization\",\"name\":\"Black Smoke Oy Ltd\",\"url\":\"https:\\\/\\\/www.blacksmokeracing.com\\\/\",\"logo\":{\"@type\":\"ImageObject\",\"inLanguage\":\"fi\",\"@id\":\"https:\\\/\\\/www.blacksmokeracing.com\\\/#\\\/schema\\\/logo\\\/image\\\/\",\"url\":\"https:\\\/\\\/www.blacksmokeracing.com\\\/wp-content\\\/uploads\\\/2017\\\/11\\\/Black-Smoke-Logo.png\",\"contentUrl\":\"https:\\\/\\\/www.blacksmokeracing.com\\\/wp-content\\\/uploads\\\/2017\\\/11\\\/Black-Smoke-Logo.png\",\"width\":319,\"height\":97,\"caption\":\"Black Smoke Oy Ltd\"},\"image\":{\"@id\":\"https:\\\/\\\/www.blacksmokeracing.com\\\/#\\\/schema\\\/logo\\\/image\\\/\"},\"sameAs\":[\"https:\\\/\\\/www.facebook.com\\\/blacksmokeracing\",\"https:\\\/\\\/x.com\\\/BlackSmokeMedia\"]}]}<\/script>\n<!-- \/ Yoast SEO Premium plugin. -->","yoast_head_json":{"title":"Diesel Drifter, lopullinen 2012 asennus - Black Smoke Ltd","robots":{"index":"index","follow":"follow","max-snippet":"max-snippet:-1","max-image-preview":"max-image-preview:large","max-video-preview":"max-video-preview:-1"},"canonical":"https:\/\/www.blacksmokeracing.com\/fi\/about\/the-diesel-drifter-2012-setup\/","og_locale":"fi_FI","og_type":"article","og_title":"The diesel drifter, final 2012 setup","og_description":"Mercedes W123 wagon -81 2012 setup. Approx 600hp &amp; 1000Nm with NO &#8211; Now retired. Chassi The\u00a0body\u00a0i basically the same as in 2011, it is\u00a0straightened and we have\u00a0changed\u00a0a couple of body parts. The car will also be repainted before the season starts. Biggest changes are the new\u00a0steering\u00a0and custom adjusted chassis. The new\u00a0chassis\u00a0and\u00a0steering\u00a0will give us a...","og_url":"https:\/\/www.blacksmokeracing.com\/fi\/about\/the-diesel-drifter-2012-setup\/","og_site_name":"Black Smoke Ltd","article_publisher":"https:\/\/www.facebook.com\/blacksmokeracing","article_modified_time":"2015-11-26T10:40:14+00:00","og_image":[{"width":2048,"height":1536,"url":"https:\/\/www.blacksmokeracing.com\/wp-content\/uploads\/2012\/03\/2012-03-22-18.46.221.jpg","type":"image\/jpeg"}],"twitter_card":"summary_large_image","twitter_site":"@BlackSmokeMedia","twitter_misc":{"Arvioitu lukuaika":"1 minuutti"},"schema":{"@context":"https:\/\/schema.org","@graph":[{"@type":"WebPage","@id":"https:\/\/www.blacksmokeracing.com\/about\/the-diesel-drifter-2012-setup\/","url":"https:\/\/www.blacksmokeracing.com\/about\/the-diesel-drifter-2012-setup\/","name":"Diesel Drifter, lopullinen 2012 asennus - Black Smoke Ltd","isPartOf":{"@id":"https:\/\/www.blacksmokeracing.com\/#website"},"primaryImageOfPage":{"@id":"https:\/\/www.blacksmokeracing.com\/about\/the-diesel-drifter-2012-setup\/#primaryimage"},"image":{"@id":"https:\/\/www.blacksmokeracing.com\/about\/the-diesel-drifter-2012-setup\/#primaryimage"},"thumbnailUrl":"https:\/\/www.blacksmokeracing.com\/wp-content\/uploads\/2012\/03\/2012-03-22-18.46.221.jpg","datePublished":"2012-04-03T14:22:56+00:00","dateModified":"2015-11-26T10:40:14+00:00","breadcrumb":{"@id":"https:\/\/www.blacksmokeracing.com\/about\/the-diesel-drifter-2012-setup\/#breadcrumb"},"inLanguage":"fi","potentialAction":[{"@type":"ReadAction","target":["https:\/\/www.blacksmokeracing.com\/about\/the-diesel-drifter-2012-setup\/"]}]},{"@type":"ImageObject","inLanguage":"fi","@id":"https:\/\/www.blacksmokeracing.com\/about\/the-diesel-drifter-2012-setup\/#primaryimage","url":"https:\/\/www.blacksmokeracing.com\/wp-content\/uploads\/2012\/03\/2012-03-22-18.46.221.jpg","contentUrl":"https:\/\/www.blacksmokeracing.com\/wp-content\/uploads\/2012\/03\/2012-03-22-18.46.221.jpg","width":2048,"height":1536,"caption":"Closeup OM606 Valve seatings"},{"@type":"BreadcrumbList","@id":"https:\/\/www.blacksmokeracing.com\/about\/the-diesel-drifter-2012-setup\/#breadcrumb","itemListElement":[{"@type":"ListItem","position":1,"name":"Home","item":"https:\/\/www.blacksmokeracing.com\/"},{"@type":"ListItem","position":2,"name":"About","item":"https:\/\/www.blacksmokeracing.com\/about\/"},{"@type":"ListItem","position":3,"name":"The diesel drifter, final 2012 setup"}]},{"@type":"WebSite","@id":"https:\/\/www.blacksmokeracing.com\/#website","url":"https:\/\/www.blacksmokeracing.com\/","name":"Black Smoke Oy","description":"Not the most successful drifting team","publisher":{"@id":"https:\/\/www.blacksmokeracing.com\/#organization"},"potentialAction":[{"@type":"SearchAction","target":{"@type":"EntryPoint","urlTemplate":"https:\/\/www.blacksmokeracing.com\/?s={search_term_string}"},"query-input":{"@type":"PropertyValueSpecification","valueRequired":true,"valueName":"search_term_string"}}],"inLanguage":"fi"},{"@type":"Organization","@id":"https:\/\/www.blacksmokeracing.com\/#organization","name":"Black Smoke Oy","url":"https:\/\/www.blacksmokeracing.com\/","logo":{"@type":"ImageObject","inLanguage":"fi","@id":"https:\/\/www.blacksmokeracing.com\/#\/schema\/logo\/image\/","url":"https:\/\/www.blacksmokeracing.com\/wp-content\/uploads\/2017\/11\/Black-Smoke-Logo.png","contentUrl":"https:\/\/www.blacksmokeracing.com\/wp-content\/uploads\/2017\/11\/Black-Smoke-Logo.png","width":319,"height":97,"caption":"Black Smoke Oy Ltd"},"image":{"@id":"https:\/\/www.blacksmokeracing.com\/#\/schema\/logo\/image\/"},"sameAs":["https:\/\/www.facebook.com\/blacksmokeracing","https:\/\/x.com\/BlackSmokeMedia"]}]}},"taxonomy_info":[],"featured_image_src_large":["https:\/\/www.blacksmokeracing.com\/wp-content\/uploads\/2012\/03\/2012-03-22-18.46.221-1170x878.jpg",1170,878,true],"author_info":{"display_name":"Joni Uunila","author_link":"https:\/\/www.blacksmokeracing.com\/fi\/posts\/author\/joni\/"},"comment_info":"","_links":{"self":[{"href":"https:\/\/www.blacksmokeracing.com\/fi\/wp-json\/wp\/v2\/pages\/1378","targetHints":{"allow":["GET"]}}],"collection":[{"href":"https:\/\/www.blacksmokeracing.com\/fi\/wp-json\/wp\/v2\/pages"}],"about":[{"href":"https:\/\/www.blacksmokeracing.com\/fi\/wp-json\/wp\/v2\/types\/page"}],"author":[{"embeddable":true,"href":"https:\/\/www.blacksmokeracing.com\/fi\/wp-json\/wp\/v2\/users\/2"}],"replies":[{"embeddable":true,"href":"https:\/\/www.blacksmokeracing.com\/fi\/wp-json\/wp\/v2\/comments?post=1378"}],"version-history":[{"count":0,"href":"https:\/\/www.blacksmokeracing.com\/fi\/wp-json\/wp\/v2\/pages\/1378\/revisions"}],"up":[{"embeddable":true,"href":"https:\/\/www.blacksmokeracing.com\/fi\/wp-json\/wp\/v2\/pages\/2"}],"wp:featuredmedia":[{"embeddable":true,"href":"https:\/\/www.blacksmokeracing.com\/fi\/wp-json\/wp\/v2\/media\/1334"}],"wp:attachment":[{"href":"https:\/\/www.blacksmokeracing.com\/fi\/wp-json\/wp\/v2\/media?parent=1378"}],"curies":[{"name":"wp","href":"https:\/\/api.w.org\/{rel}","templated":true}]}}